{"id":9222,"date":"2025-10-06T14:45:07","date_gmt":"2025-10-06T14:45:07","guid":{"rendered":"https:\/\/btmtelectric.com\/?post_type=product&#038;p=9222"},"modified":"2026-04-02T11:36:26","modified_gmt":"2026-04-02T11:36:26","slug":"onduleur-east-on-line-triphase-ea9920-20-kva","status":"publish","type":"product","link":"https:\/\/btmtelectric.com\/index.php\/product\/onduleur-east-on-line-triphase-ea9920-20-kva\/","title":{"rendered":"ONDULEUR EAST On Line Triphas\u00e9 EA9920 20 KVA"},"content":{"rendered":"<h3>Onduleur triphas\u00e9 20 kVA EAST EA9920<\/h3>\n<p data-start=\"175\" data-end=\"541\">L\u2019Onduleur triphas\u00e9 20 kVA EAST EA9920 est une solution professionnelle hautement fiable pour la protection de vos syst\u00e8mes critiques. Gr\u00e2ce \u00e0 sa technologie <strong data-start=\"343\" data-end=\"372\">On-Line Double Conversion<\/strong> triphas\u00e9e, il garantit une alimentation \u00e9lectrique <strong data-start=\"424\" data-end=\"454\">continue, stable et propre<\/strong>, m\u00eame dans les environnements les plus exigeants.<br data-start=\"504\" data-end=\"507\" \/>Il est particuli\u00e8rement adapt\u00e9 aux <strong data-start=\"542\" data-end=\"564\">centres de donn\u00e9es<\/strong>, <strong data-start=\"566\" data-end=\"599\">infrastructures industrielles<\/strong>, <strong data-start=\"601\" data-end=\"627\" data-is-only-node=\"\">applications m\u00e9dicales<\/strong>, <strong data-start=\"629\" data-end=\"654\">installations t\u00e9l\u00e9com<\/strong> et <strong data-start=\"658\" data-end=\"682\">syst\u00e8mes de s\u00e9curit\u00e9<\/strong>, o\u00f9 la continuit\u00e9 de service est primordiale.<\/p>\n<p data-start=\"730\" data-end=\"1044\">Con\u00e7u pour assurer une protection optimale contre les coupures et les perturbations du r\u00e9seau \u00e9lectrique, l\u2019EA9920 assure un <strong data-start=\"855\" data-end=\"874\">rendement \u00e9lev\u00e9<\/strong>, une <strong data-start=\"880\" data-end=\"918\">gestion intelligente des batteries<\/strong> et une <strong data-start=\"926\" data-end=\"959\">interface de contr\u00f4le avanc\u00e9e<\/strong> pour une supervision efficace locale et \u00e0 distance (SNMP \/ RS232 \/ RS485 en option).<\/p>\n<h3 data-start=\"738\" data-end=\"786\">Avantages de l\u2019onduleur triphas\u00e9 EAST EA9920<\/h3>\n<p data-start=\"788\" data-end=\"1065\">Cet onduleur offre une protection compl\u00e8te contre les anomalies du r\u00e9seau \u00e9lectrique telles que les coupures, surtensions, surcharges et courts-circuits. Sa conception triphas\u00e9e permet une distribution \u00e9quilibr\u00e9e de l\u2019\u00e9nergie et am\u00e9liore la stabilit\u00e9 des \u00e9quipements connect\u00e9s.<\/p>\n<p data-start=\"1067\" data-end=\"1289\">Il int\u00e8gre un processeur DSP assurant un contr\u00f4le num\u00e9rique pr\u00e9cis et une excellente r\u00e9activit\u00e9 face aux variations de tension. Son facteur de puissance \u00e9lev\u00e9 optimise les performances globales et l\u2019efficacit\u00e9 \u00e9nerg\u00e9tique.<\/p>\n<h3 data-start=\"1296\" data-end=\"1369\">Caract\u00e9ristiques techniques de l\u2019Onduleur triphas\u00e9 20 kVA EAST EA9920<\/h3>\n<ul data-start=\"1371\" data-end=\"1799\">\n<li><strong>Technologie On-Line Double Conversion<\/strong> : garantit une alimentation 100 % r\u00e9gul\u00e9e, sans aucune interruption.<\/li>\n<li data-start=\"1224\" data-end=\"1326\"><strong data-start=\"1227\" data-end=\"1256\">Entr\u00e9e \/ Sortie Triphas\u00e9e<\/strong> : parfaite stabilit\u00e9 pour les \u00e9quipements sensibles et industriels.<\/li>\n<li data-start=\"1329\" data-end=\"1458\"><strong data-start=\"1332\" data-end=\"1366\">DSP (Digital Signal Processor)<\/strong> : contr\u00f4le num\u00e9rique intelligent assurant des performances fiables et une r\u00e9ponse rapide.<\/li>\n<li data-start=\"1461\" data-end=\"1572\"><strong data-start=\"1464\" data-end=\"1503\">Facteur de puissance \u00e9lev\u00e9 (PF 0.9)<\/strong> : plus d\u2019\u00e9nergie r\u00e9ellement disponible pour les charges critiques.<\/li>\n<li data-start=\"1575\" data-end=\"1714\"><strong data-start=\"1578\" data-end=\"1629\">Large plage de tension d\u2019entr\u00e9e (110 V ~ 300 V)<\/strong> et fr\u00e9quence (40 Hz ~ 70 Hz) avec correction active du facteur de puissance (PFC).<\/li>\n<li data-start=\"1717\" data-end=\"1846\"><strong data-start=\"1721\" data-end=\"1749\">Ventilation intelligente<\/strong> et conception robuste assurant une meilleure dissipation thermique et une longue dur\u00e9e de vie.<\/li>\n<li data-start=\"1849\" data-end=\"1957\"><strong data-start=\"1852\" data-end=\"1891\">Gestion avanc\u00e9e des batteries (ABM)<\/strong> : prolonge la dur\u00e9e de vie, recharge rapide \u00e0 90 % en 3 heures.<\/li>\n<li data-start=\"1960\" data-end=\"2068\"><strong data-start=\"1963\" data-end=\"1996\">\u00c9cran LCD multifonction + LED<\/strong> : affichage en temps r\u00e9el des param\u00e8tres r\u00e9seau, batterie et alarmes.<\/li>\n<li data-start=\"2071\" data-end=\"2164\"><strong data-start=\"2074\" data-end=\"2100\">Communication multiple<\/strong> : RS232 standard, options USB, RS485, SNMP, relais secs, etc.<\/li>\n<li data-start=\"2167\" data-end=\"2284\"><strong data-start=\"2170\" data-end=\"2209\">Nombreuses protections automatiques<\/strong> : surcharge, court-circuit, surchauffe, batterie basse, surtension, etc.<\/li>\n<li data-start=\"2287\" data-end=\"2333\"><strong data-start=\"2290\" data-end=\"2314\">Faible niveau sonore<\/strong> : \u2264 55 dB \u00e0 1 m.<\/li>\n<\/ul>\n<h3 data-start=\"1806\" data-end=\"1831\">Applications Typiques<\/h3>\n<p data-start=\"1833\" data-end=\"1900\">Cette solution est id\u00e9ale pour plusieurs environnements critiques :<\/p>\n<ul data-start=\"1902\" data-end=\"2102\">\n<li>Centres de donn\u00e9es et serveurs critiques<\/li>\n<li data-start=\"3994\" data-end=\"4029\">Syst\u00e8mes industriels et automates<\/li>\n<li data-start=\"4032\" data-end=\"4070\">\u00c9quipements m\u00e9dicaux et laboratoires<\/li>\n<li data-start=\"4073\" data-end=\"4119\">R\u00e9seaux t\u00e9l\u00e9com et installations de s\u00e9curit\u00e9<\/li>\n<li data-start=\"4122\" data-end=\"4169\">Syst\u00e8mes de vid\u00e9osurveillance et data centers<\/li>\n<\/ul>\n<h3 data-start=\"2109\" data-end=\"2158\">Pourquoi choisir cet onduleur professionnel ?<\/h3>\n<p data-start=\"2160\" data-end=\"2470\">L\u2019Onduleur triphas\u00e9 20 kVA EAST EA9920 se distingue par sa fiabilit\u00e9, sa robustesse et sa capacit\u00e9 \u00e0 maintenir une alimentation stable dans toutes les situations. Il repr\u00e9sente un choix strat\u00e9gique pour toute entreprise souhaitant prot\u00e9ger ses \u00e9quipements sensibles et garantir la continuit\u00e9 de ses op\u00e9rations.<\/p>\n<p data-start=\"2472\" data-end=\"2687\">De plus, sa conception moderne et ses options de communication avanc\u00e9es permettent une int\u00e9gration facile dans les infrastructures existantes, tout en assurant une supervision efficace et une maintenance simplifi\u00e9e.<\/p>\n","protected":false},"excerpt":{"rendered":"<p>L\u2019onduleur EAST EA9920 20 kVA On-Line triphas\u00e9 assure une alimentation \u00e9lectrique stable et sans interruption gr\u00e2ce \u00e0 sa technologie double conversion. Id\u00e9al pour les data centers, infrastructures industrielles et \u00e9quipements critiques, il garantit performance, s\u00e9curit\u00e9 et fiabilit\u00e9 optimale.<\/p>\n","protected":false},"featured_media":9223,"comment_status":"open","ping_status":"closed","template":"","meta":{"_acf_changed":false,"content-type":""},"product_brand":[390],"product_cat":[345],"product_tag":[],"class_list":{"0":"post-9222","1":"product","2":"type-product","3":"status-publish","4":"has-post-thumbnail","6":"product_brand-east","7":"product_cat-onduleurs","9":"first","10":"instock","11":"shipping-taxable","12":"purchasable","13":"product-type-simple"},"acf":[],"yoast_head":"<!-- This site is optimized with the Yoast SEO plugin v27.3 - https:\/\/yoast.com\/product\/yoast-seo-wordpress\/ -->\n<title>Onduleur Triphas\u00e9 20 kVA EAST EA9920<\/title>\n<meta name=\"description\" content=\"Onduleur EAST EA9920 20 kVA On-Line triphas\u00e9 avec double conversion. Protection fiable pour data centers, industrie et \u00e9quipements critiques.\" \/>\n<meta name=\"robots\" content=\"index, follow, max-snippet:-1, max-image-preview:large, max-video-preview:-1\" \/>\n<link rel=\"canonical\" href=\"https:\/\/btmtelectric.com\/index.php\/product\/onduleur-east-on-line-triphase-ea9920-20-kva\/\" \/>\n<meta property=\"og:locale\" content=\"fr_FR\" \/>\n<meta property=\"og:type\" content=\"article\" \/>\n<meta property=\"og:title\" content=\"Onduleur Triphas\u00e9 20 kVA EAST EA9920\" \/>\n<meta property=\"og:description\" content=\"Onduleur EAST EA9920 20 kVA On-Line triphas\u00e9 avec double conversion. Protection fiable pour data centers, industrie et \u00e9quipements critiques.\" \/>\n<meta property=\"og:url\" content=\"https:\/\/btmtelectric.com\/index.php\/product\/onduleur-east-on-line-triphase-ea9920-20-kva\/\" \/>\n<meta property=\"og:site_name\" content=\"BTMT ELECTRIC \u2013 Solutions \u00c9lectriques Fiables et Innovantes\" \/>\n<meta property=\"article:publisher\" content=\"https:\/\/www.facebook.com\/profile.php?id=61578000361796\" \/>\n<meta property=\"article:modified_time\" content=\"2026-04-02T11:36:26+00:00\" \/>\n<meta property=\"og:image\" content=\"http:\/\/btmtelectric.com\/wp-content\/uploads\/2025\/10\/ChatGPT-Image-6-oct.-2025-15_37_04.png\" \/>\n\t<meta property=\"og:image:width\" content=\"1024\" \/>\n\t<meta property=\"og:image:height\" content=\"1024\" \/>\n\t<meta property=\"og:image:type\" content=\"image\/png\" \/>\n<meta name=\"twitter:card\" content=\"summary_large_image\" \/>\n<meta name=\"twitter:label1\" content=\"Dur\u00e9e de lecture estim\u00e9e\" \/>\n\t<meta name=\"twitter:data1\" content=\"3 minutes\" \/>\n<script type=\"application\/ld+json\" class=\"yoast-schema-graph\">{\"@context\":\"https:\\\/\\\/schema.org\",\"@graph\":[{\"@type\":\"WebPage\",\"@id\":\"https:\\\/\\\/btmtelectric.com\\\/index.php\\\/product\\\/onduleur-east-on-line-triphase-ea9920-20-kva\\\/\",\"url\":\"https:\\\/\\\/btmtelectric.com\\\/index.php\\\/product\\\/onduleur-east-on-line-triphase-ea9920-20-kva\\\/\",\"name\":\"Onduleur Triphas\u00e9 20 kVA EAST EA9920\",\"isPartOf\":{\"@id\":\"https:\\\/\\\/btmtelectric.com\\\/#website\"},\"primaryImageOfPage\":{\"@id\":\"https:\\\/\\\/btmtelectric.com\\\/index.php\\\/product\\\/onduleur-east-on-line-triphase-ea9920-20-kva\\\/#primaryimage\"},\"image\":{\"@id\":\"https:\\\/\\\/btmtelectric.com\\\/index.php\\\/product\\\/onduleur-east-on-line-triphase-ea9920-20-kva\\\/#primaryimage\"},\"thumbnailUrl\":\"https:\\\/\\\/btmtelectric.com\\\/wp-content\\\/uploads\\\/2025\\\/10\\\/ChatGPT-Image-6-oct.-2025-15_37_04.png\",\"datePublished\":\"2025-10-06T14:45:07+00:00\",\"dateModified\":\"2026-04-02T11:36:26+00:00\",\"description\":\"Onduleur EAST EA9920 20 kVA On-Line triphas\u00e9 avec double conversion. Protection fiable pour data centers, industrie et \u00e9quipements critiques.\",\"breadcrumb\":{\"@id\":\"https:\\\/\\\/btmtelectric.com\\\/index.php\\\/product\\\/onduleur-east-on-line-triphase-ea9920-20-kva\\\/#breadcrumb\"},\"inLanguage\":\"fr-FR\",\"potentialAction\":[{\"@type\":\"ReadAction\",\"target\":[\"https:\\\/\\\/btmtelectric.com\\\/index.php\\\/product\\\/onduleur-east-on-line-triphase-ea9920-20-kva\\\/\"]}]},{\"@type\":\"ImageObject\",\"inLanguage\":\"fr-FR\",\"@id\":\"https:\\\/\\\/btmtelectric.com\\\/index.php\\\/product\\\/onduleur-east-on-line-triphase-ea9920-20-kva\\\/#primaryimage\",\"url\":\"https:\\\/\\\/btmtelectric.com\\\/wp-content\\\/uploads\\\/2025\\\/10\\\/ChatGPT-Image-6-oct.-2025-15_37_04.png\",\"contentUrl\":\"https:\\\/\\\/btmtelectric.com\\\/wp-content\\\/uploads\\\/2025\\\/10\\\/ChatGPT-Image-6-oct.-2025-15_37_04.png\",\"width\":1024,\"height\":1024,\"caption\":\"Onduleur EAST EA9920 20 kVA triphas\u00e9 On-Line double conversion pour syst\u00e8mes critiques\"},{\"@type\":\"BreadcrumbList\",\"@id\":\"https:\\\/\\\/btmtelectric.com\\\/index.php\\\/product\\\/onduleur-east-on-line-triphase-ea9920-20-kva\\\/#breadcrumb\",\"itemListElement\":[{\"@type\":\"ListItem\",\"position\":1,\"name\":\"Accueil\",\"item\":\"https:\\\/\\\/btmtelectric.com\\\/\"},{\"@type\":\"ListItem\",\"position\":2,\"name\":\"Boutique\",\"item\":\"https:\\\/\\\/btmtelectric.com\\\/index.php\\\/boutique\\\/\"},{\"@type\":\"ListItem\",\"position\":3,\"name\":\"ONDULEUR EAST On Line Triphas\u00e9 EA9920 20 KVA\"}]},{\"@type\":\"WebSite\",\"@id\":\"https:\\\/\\\/btmtelectric.com\\\/#website\",\"url\":\"https:\\\/\\\/btmtelectric.com\\\/\",\"name\":\"BTMT ELECTRIC \u2013 Solutions \u00c9lectriques Fiables et Innovantes\",\"description\":\"\",\"publisher\":{\"@id\":\"https:\\\/\\\/btmtelectric.com\\\/#organization\"},\"potentialAction\":[{\"@type\":\"SearchAction\",\"target\":{\"@type\":\"EntryPoint\",\"urlTemplate\":\"https:\\\/\\\/btmtelectric.com\\\/?s={search_term_string}\"},\"query-input\":{\"@type\":\"PropertyValueSpecification\",\"valueRequired\":true,\"valueName\":\"search_term_string\"}}],\"inLanguage\":\"fr-FR\"},{\"@type\":\"Organization\",\"@id\":\"https:\\\/\\\/btmtelectric.com\\\/#organization\",\"name\":\"BTMT ELECTRIC \u2013 Solutions \u00c9lectriques Fiables et Innovantes\",\"url\":\"https:\\\/\\\/btmtelectric.com\\\/\",\"logo\":{\"@type\":\"ImageObject\",\"inLanguage\":\"fr-FR\",\"@id\":\"https:\\\/\\\/btmtelectric.com\\\/#\\\/schema\\\/logo\\\/image\\\/\",\"url\":\"https:\\\/\\\/btmtelectric.com\\\/wp-content\\\/uploads\\\/2025\\\/07\\\/WhatsApp_Image_2025-07-09_at_11.45.18_AM-removebg-preview-1.png\",\"contentUrl\":\"https:\\\/\\\/btmtelectric.com\\\/wp-content\\\/uploads\\\/2025\\\/07\\\/WhatsApp_Image_2025-07-09_at_11.45.18_AM-removebg-preview-1.png\",\"width\":175,\"height\":42,\"caption\":\"BTMT ELECTRIC \u2013 Solutions \u00c9lectriques Fiables et Innovantes\"},\"image\":{\"@id\":\"https:\\\/\\\/btmtelectric.com\\\/#\\\/schema\\\/logo\\\/image\\\/\"},\"sameAs\":[\"https:\\\/\\\/www.facebook.com\\\/profile.php?id=61578000361796\",\"https:\\\/\\\/www.instagram.com\\\/btmtelectric\\\/\"]}]}<\/script>\n<!-- \/ Yoast SEO plugin. -->","yoast_head_json":{"title":"Onduleur Triphas\u00e9 20 kVA EAST EA9920","description":"Onduleur EAST EA9920 20 kVA On-Line triphas\u00e9 avec double conversion. Protection fiable pour data centers, industrie et \u00e9quipements critiques.","robots":{"index":"index","follow":"follow","max-snippet":"max-snippet:-1","max-image-preview":"max-image-preview:large","max-video-preview":"max-video-preview:-1"},"canonical":"https:\/\/btmtelectric.com\/index.php\/product\/onduleur-east-on-line-triphase-ea9920-20-kva\/","og_locale":"fr_FR","og_type":"article","og_title":"Onduleur Triphas\u00e9 20 kVA EAST EA9920","og_description":"Onduleur EAST EA9920 20 kVA On-Line triphas\u00e9 avec double conversion. Protection fiable pour data centers, industrie et \u00e9quipements critiques.","og_url":"https:\/\/btmtelectric.com\/index.php\/product\/onduleur-east-on-line-triphase-ea9920-20-kva\/","og_site_name":"BTMT ELECTRIC \u2013 Solutions \u00c9lectriques Fiables et Innovantes","article_publisher":"https:\/\/www.facebook.com\/profile.php?id=61578000361796","article_modified_time":"2026-04-02T11:36:26+00:00","og_image":[{"width":1024,"height":1024,"url":"http:\/\/btmtelectric.com\/wp-content\/uploads\/2025\/10\/ChatGPT-Image-6-oct.-2025-15_37_04.png","type":"image\/png"}],"twitter_card":"summary_large_image","twitter_misc":{"Dur\u00e9e de lecture estim\u00e9e":"3 minutes"},"schema":{"@context":"https:\/\/schema.org","@graph":[{"@type":"WebPage","@id":"https:\/\/btmtelectric.com\/index.php\/product\/onduleur-east-on-line-triphase-ea9920-20-kva\/","url":"https:\/\/btmtelectric.com\/index.php\/product\/onduleur-east-on-line-triphase-ea9920-20-kva\/","name":"Onduleur Triphas\u00e9 20 kVA EAST EA9920","isPartOf":{"@id":"https:\/\/btmtelectric.com\/#website"},"primaryImageOfPage":{"@id":"https:\/\/btmtelectric.com\/index.php\/product\/onduleur-east-on-line-triphase-ea9920-20-kva\/#primaryimage"},"image":{"@id":"https:\/\/btmtelectric.com\/index.php\/product\/onduleur-east-on-line-triphase-ea9920-20-kva\/#primaryimage"},"thumbnailUrl":"https:\/\/btmtelectric.com\/wp-content\/uploads\/2025\/10\/ChatGPT-Image-6-oct.-2025-15_37_04.png","datePublished":"2025-10-06T14:45:07+00:00","dateModified":"2026-04-02T11:36:26+00:00","description":"Onduleur EAST EA9920 20 kVA On-Line triphas\u00e9 avec double conversion. Protection fiable pour data centers, industrie et \u00e9quipements critiques.","breadcrumb":{"@id":"https:\/\/btmtelectric.com\/index.php\/product\/onduleur-east-on-line-triphase-ea9920-20-kva\/#breadcrumb"},"inLanguage":"fr-FR","potentialAction":[{"@type":"ReadAction","target":["https:\/\/btmtelectric.com\/index.php\/product\/onduleur-east-on-line-triphase-ea9920-20-kva\/"]}]},{"@type":"ImageObject","inLanguage":"fr-FR","@id":"https:\/\/btmtelectric.com\/index.php\/product\/onduleur-east-on-line-triphase-ea9920-20-kva\/#primaryimage","url":"https:\/\/btmtelectric.com\/wp-content\/uploads\/2025\/10\/ChatGPT-Image-6-oct.-2025-15_37_04.png","contentUrl":"https:\/\/btmtelectric.com\/wp-content\/uploads\/2025\/10\/ChatGPT-Image-6-oct.-2025-15_37_04.png","width":1024,"height":1024,"caption":"Onduleur EAST EA9920 20 kVA triphas\u00e9 On-Line double conversion pour syst\u00e8mes critiques"},{"@type":"BreadcrumbList","@id":"https:\/\/btmtelectric.com\/index.php\/product\/onduleur-east-on-line-triphase-ea9920-20-kva\/#breadcrumb","itemListElement":[{"@type":"ListItem","position":1,"name":"Accueil","item":"https:\/\/btmtelectric.com\/"},{"@type":"ListItem","position":2,"name":"Boutique","item":"https:\/\/btmtelectric.com\/index.php\/boutique\/"},{"@type":"ListItem","position":3,"name":"ONDULEUR EAST On Line Triphas\u00e9 EA9920 20 KVA"}]},{"@type":"WebSite","@id":"https:\/\/btmtelectric.com\/#website","url":"https:\/\/btmtelectric.com\/","name":"BTMT ELECTRIC \u2013 Solutions \u00c9lectriques Fiables et Innovantes","description":"","publisher":{"@id":"https:\/\/btmtelectric.com\/#organization"},"potentialAction":[{"@type":"SearchAction","target":{"@type":"EntryPoint","urlTemplate":"https:\/\/btmtelectric.com\/?s={search_term_string}"},"query-input":{"@type":"PropertyValueSpecification","valueRequired":true,"valueName":"search_term_string"}}],"inLanguage":"fr-FR"},{"@type":"Organization","@id":"https:\/\/btmtelectric.com\/#organization","name":"BTMT ELECTRIC \u2013 Solutions \u00c9lectriques Fiables et Innovantes","url":"https:\/\/btmtelectric.com\/","logo":{"@type":"ImageObject","inLanguage":"fr-FR","@id":"https:\/\/btmtelectric.com\/#\/schema\/logo\/image\/","url":"https:\/\/btmtelectric.com\/wp-content\/uploads\/2025\/07\/WhatsApp_Image_2025-07-09_at_11.45.18_AM-removebg-preview-1.png","contentUrl":"https:\/\/btmtelectric.com\/wp-content\/uploads\/2025\/07\/WhatsApp_Image_2025-07-09_at_11.45.18_AM-removebg-preview-1.png","width":175,"height":42,"caption":"BTMT ELECTRIC \u2013 Solutions \u00c9lectriques Fiables et Innovantes"},"image":{"@id":"https:\/\/btmtelectric.com\/#\/schema\/logo\/image\/"},"sameAs":["https:\/\/www.facebook.com\/profile.php?id=61578000361796","https:\/\/www.instagram.com\/btmtelectric\/"]}]}},"_links":{"self":[{"href":"https:\/\/btmtelectric.com\/index.php\/wp-json\/wp\/v2\/product\/9222","targetHints":{"allow":["GET"]}}],"collection":[{"href":"https:\/\/btmtelectric.com\/index.php\/wp-json\/wp\/v2\/product"}],"about":[{"href":"https:\/\/btmtelectric.com\/index.php\/wp-json\/wp\/v2\/types\/product"}],"replies":[{"embeddable":true,"href":"https:\/\/btmtelectric.com\/index.php\/wp-json\/wp\/v2\/comments?post=9222"}],"wp:featuredmedia":[{"embeddable":true,"href":"https:\/\/btmtelectric.com\/index.php\/wp-json\/wp\/v2\/media\/9223"}],"wp:attachment":[{"href":"https:\/\/btmtelectric.com\/index.php\/wp-json\/wp\/v2\/media?parent=9222"}],"wp:term":[{"taxonomy":"product_brand","embeddable":true,"href":"https:\/\/btmtelectric.com\/index.php\/wp-json\/wp\/v2\/product_brand?post=9222"},{"taxonomy":"product_cat","embeddable":true,"href":"https:\/\/btmtelectric.com\/index.php\/wp-json\/wp\/v2\/product_cat?post=9222"},{"taxonomy":"product_tag","embeddable":true,"href":"https:\/\/btmtelectric.com\/index.php\/wp-json\/wp\/v2\/product_tag?post=9222"}],"curies":[{"name":"wp","href":"https:\/\/api.w.org\/{rel}","templated":true}]}}