{"id":9211,"date":"2025-10-06T12:58:52","date_gmt":"2025-10-06T12:58:52","guid":{"rendered":"https:\/\/btmtelectric.com\/?post_type=product&#038;p=9211"},"modified":"2025-10-06T14:20:29","modified_gmt":"2025-10-06T14:20:29","slug":"onduleur-on-line-monophase-rackable-ea901-rt-1-kva","status":"publish","type":"product","link":"https:\/\/btmtelectric.com\/index.php\/product\/onduleur-on-line-monophase-rackable-ea901-rt-1-kva\/","title":{"rendered":"Onduleur EAST On Line Monophas\u00e9 Rackable EA901 RT 1 KVA"},"content":{"rendered":"<p>L\u2019<strong data-start=\"348\" data-end=\"360\">EA901 RT<\/strong> EAST est un <strong data-start=\"368\" data-end=\"422\">onduleur On-Line double conversion haute fr\u00e9quence<\/strong> de <strong data-start=\"426\" data-end=\"443\">1 kVA \/ 900 W<\/strong>, con\u00e7u pour offrir une <strong data-start=\"467\" data-end=\"527\">alimentation \u00e9lectrique stable, filtr\u00e9e et ininterrompue<\/strong> aux \u00e9quipements sensibles.<\/p>\n<p>Gr\u00e2ce \u00e0 sa technologie avanc\u00e9e, il fournit une onde de sortie <strong data-start=\"617\" data-end=\"645\">parfaitement sinuso\u00efdale<\/strong>, garantissant une protection maximale contre les surtensions, microcoupures, parasites et variations de fr\u00e9quence.<\/p>\n<p>Sa conception <strong data-start=\"776\" data-end=\"791\">rackable 2U<\/strong> lui permet une <strong data-start=\"807\" data-end=\"856\">int\u00e9gration facile dans les armoires serveurs<\/strong> ou une <strong data-start=\"864\" data-end=\"896\">utilisation en position tour<\/strong> gr\u00e2ce \u00e0 ses supports de montage inclus. C\u2019est une solution id\u00e9ale pour les <strong data-start=\"972\" data-end=\"994\">infrastructures IT<\/strong>, les <strong data-start=\"1000\" data-end=\"1024\">syst\u00e8mes de s\u00e9curit\u00e9<\/strong>, les <strong data-start=\"1030\" data-end=\"1042\">t\u00e9l\u00e9coms<\/strong>, les <strong data-start=\"1048\" data-end=\"1086\">applications industrielles l\u00e9g\u00e8res<\/strong> ou tout environnement n\u00e9cessitant une alimentation fiable et continue.<\/p>\n<h3 data-start=\"1164\" data-end=\"1233\"><strong data-start=\"1171\" data-end=\"1233\">Caract\u00e9ristiques fonctionnelles \u2013 EA901 RT (1 kVA \/ 900 W)<\/strong><\/h3>\n<h4 data-start=\"1235\" data-end=\"1253\"><strong data-start=\"1243\" data-end=\"1253\">Entr\u00e9e<\/strong><\/h4>\n<ul data-start=\"1254\" data-end=\"1626\">\n<li data-start=\"1254\" data-end=\"1306\">\n<p data-start=\"1256\" data-end=\"1306\"><strong data-start=\"1256\" data-end=\"1276\">Tension nominale<\/strong> : 208 \/ 220 \/ 230 \/ 240 VAC<\/p>\n<\/li>\n<li data-start=\"1307\" data-end=\"1491\">\n<p data-start=\"1309\" data-end=\"1333\"><strong data-start=\"1309\" data-end=\"1329\">Plage de tension<\/strong> :<\/p>\n<ul data-start=\"1336\" data-end=\"1491\">\n<li data-start=\"1336\" data-end=\"1394\">\n<p data-start=\"1338\" data-end=\"1394\">110 \u2013 176 VAC (lin\u00e9aire entre 50 % et 100 % de charge)<\/p>\n<\/li>\n<li data-start=\"1397\" data-end=\"1449\">\n<p data-start=\"1399\" data-end=\"1449\">176 \u2013 280 VAC (fonctionnement sans d\u00e9classement)<\/p>\n<\/li>\n<li data-start=\"1452\" data-end=\"1491\">\n<p data-start=\"1454\" data-end=\"1491\">280 \u2013 300 VAC (d\u00e9classement \u00e0 50 %)<\/p>\n<\/li>\n<\/ul>\n<\/li>\n<li data-start=\"1492\" data-end=\"1539\">\n<p data-start=\"1494\" data-end=\"1539\"><strong data-start=\"1494\" data-end=\"1507\">Fr\u00e9quence<\/strong> : 40 \u2013 70 Hz (auto-d\u00e9tection)<\/p>\n<\/li>\n<li data-start=\"1540\" data-end=\"1577\">\n<p data-start=\"1542\" data-end=\"1577\"><strong data-start=\"1542\" data-end=\"1566\">Facteur de puissance<\/strong> : \u2265 0,99<\/p>\n<\/li>\n<li data-start=\"1578\" data-end=\"1626\">\n<p data-start=\"1580\" data-end=\"1626\"><strong data-start=\"1580\" data-end=\"1599\">Plage de bypass<\/strong> : \u221225 % \u00e0 +15 % (r\u00e9glable)<\/p>\n<\/li>\n<\/ul>\n<h4 data-start=\"1633\" data-end=\"1651\"><strong data-start=\"1641\" data-end=\"1651\">Sortie<\/strong><\/h4>\n<ul data-start=\"1652\" data-end=\"2327\">\n<li data-start=\"1652\" data-end=\"1689\">\n<p data-start=\"1654\" data-end=\"1689\"><strong data-start=\"1654\" data-end=\"1677\">Puissance apparente<\/strong> : 1000 VA<\/p>\n<\/li>\n<li data-start=\"1690\" data-end=\"1722\">\n<p data-start=\"1692\" data-end=\"1722\"><strong data-start=\"1692\" data-end=\"1712\">Puissance active<\/strong> : 900 W<\/p>\n<\/li>\n<li data-start=\"1723\" data-end=\"1795\">\n<p data-start=\"1725\" data-end=\"1795\"><strong data-start=\"1725\" data-end=\"1746\">Tension de sortie<\/strong> : 208 \/ 220 \/ 230 \/ 240 VAC (r\u00e9glable via LCD)<\/p>\n<\/li>\n<li data-start=\"1796\" data-end=\"1833\">\n<p data-start=\"1798\" data-end=\"1833\"><strong data-start=\"1798\" data-end=\"1823\">R\u00e9gulation de tension<\/strong> : \u00b1 1 %<\/p>\n<\/li>\n<li data-start=\"1834\" data-end=\"1956\">\n<p data-start=\"1836\" data-end=\"1853\"><strong data-start=\"1836\" data-end=\"1849\">Fr\u00e9quence<\/strong> :<\/p>\n<ul data-start=\"1856\" data-end=\"1956\">\n<li data-start=\"1856\" data-end=\"1914\">\n<p data-start=\"1858\" data-end=\"1914\">45 \u2013 55 Hz ou 55 \u2013 65 Hz (synchronis\u00e9e avec le r\u00e9seau)<\/p>\n<\/li>\n<li data-start=\"1917\" data-end=\"1956\">\n<p data-start=\"1919\" data-end=\"1956\">50 \/ 60 Hz \u00b1 0,1 Hz (mode batterie)<\/p>\n<\/li>\n<\/ul>\n<\/li>\n<li data-start=\"1957\" data-end=\"1996\">\n<p data-start=\"1959\" data-end=\"1996\"><strong data-start=\"1959\" data-end=\"1975\">Forme d\u2019onde<\/strong> : Sinuso\u00efdale pure<\/p>\n<\/li>\n<li data-start=\"1997\" data-end=\"2031\">\n<p data-start=\"1999\" data-end=\"2031\"><strong data-start=\"1999\" data-end=\"2023\">Facteur de puissance<\/strong> : 0,9<\/p>\n<\/li>\n<li data-start=\"2032\" data-end=\"2093\">\n<p data-start=\"2034\" data-end=\"2093\"><strong data-start=\"2034\" data-end=\"2042\">THDv<\/strong> : \u2264 2 % (charge lin\u00e9aire) \/ \u2264 5 % (non lin\u00e9aire)<\/p>\n<\/li>\n<li data-start=\"2094\" data-end=\"2120\">\n<p data-start=\"2096\" data-end=\"2120\"><strong data-start=\"2096\" data-end=\"2112\">Crest Factor<\/strong> : 3:1<\/p>\n<\/li>\n<li data-start=\"2121\" data-end=\"2239\">\n<p data-start=\"2123\" data-end=\"2140\"><strong data-start=\"2123\" data-end=\"2136\">Surcharge<\/strong> :<\/p>\n<ul data-start=\"2143\" data-end=\"2239\">\n<li data-start=\"2143\" data-end=\"2177\">\n<p data-start=\"2145\" data-end=\"2177\">105 % \u2013 125 % pendant 1 minute<\/p>\n<\/li>\n<li data-start=\"2180\" data-end=\"2210\">\n<p data-start=\"2182\" data-end=\"2210\">125 % \u2013 150 % pendant 30 s<\/p>\n<\/li>\n<li data-start=\"2213\" data-end=\"2239\">\n<blockquote data-start=\"2215\" data-end=\"2239\">\n<p data-start=\"2217\" data-end=\"2239\">150 % pendant 300 ms<\/p>\n<\/blockquote>\n<\/li>\n<\/ul>\n<\/li>\n<li data-start=\"2240\" data-end=\"2327\">\n<p data-start=\"2242\" data-end=\"2327\"><strong data-start=\"2242\" data-end=\"2264\">Temps de transfert<\/strong> : 0 ms (secteur \u2192 batterie) \/ 4 ms typique (batterie \u2192 bypass)<\/p>\n<\/li>\n<\/ul>\n<h4 data-start=\"2334\" data-end=\"2354\"><strong data-start=\"2342\" data-end=\"2354\">Batterie<\/strong><\/h4>\n<ul data-start=\"2355\" data-end=\"2652\">\n<li data-start=\"2355\" data-end=\"2403\">\n<p data-start=\"2357\" data-end=\"2403\"><strong data-start=\"2357\" data-end=\"2371\">Tension DC<\/strong> : 24 V (2 batteries en s\u00e9rie)<\/p>\n<\/li>\n<li data-start=\"2404\" data-end=\"2459\">\n<p data-start=\"2406\" data-end=\"2459\"><strong data-start=\"2406\" data-end=\"2414\">Type<\/strong> : Batteries scell\u00e9es sans entretien (VRLA)<\/p>\n<\/li>\n<li data-start=\"2460\" data-end=\"2496\">\n<p data-start=\"2462\" data-end=\"2496\"><strong data-start=\"2462\" data-end=\"2488\">Courant de charge max.<\/strong> : 1 A<\/p>\n<\/li>\n<li data-start=\"2497\" data-end=\"2572\">\n<p data-start=\"2499\" data-end=\"2572\"><strong data-start=\"2499\" data-end=\"2520\">Temps de recharge<\/strong> : 6 \u2013 8 heures pour atteindre 90 % de la capacit\u00e9<\/p>\n<\/li>\n<li data-start=\"2573\" data-end=\"2652\">\n<p data-start=\"2575\" data-end=\"2652\"><strong data-start=\"2575\" data-end=\"2603\">Gestion intelligente ABM<\/strong> : prolonge la dur\u00e9e de vie et optimise la charge<\/p>\n<\/li>\n<\/ul>\n<h4 data-start=\"2659\" data-end=\"2678\"><strong data-start=\"2667\" data-end=\"2678\">Syst\u00e8me<\/strong><\/h4>\n<ul data-start=\"2679\" data-end=\"3131\">\n<li data-start=\"2679\" data-end=\"2783\">\n<p data-start=\"2681\" data-end=\"2699\"><strong data-start=\"2681\" data-end=\"2695\">Efficacit\u00e9<\/strong> :<\/p>\n<ul data-start=\"2702\" data-end=\"2783\">\n<li data-start=\"2702\" data-end=\"2728\">\n<p data-start=\"2704\" data-end=\"2728\">\u2265 90 % en mode secteur<\/p>\n<\/li>\n<li data-start=\"2731\" data-end=\"2758\">\n<p data-start=\"2733\" data-end=\"2758\">\u2265 85 % en mode batterie<\/p>\n<\/li>\n<li data-start=\"2761\" data-end=\"2783\">\n<p data-start=\"2763\" data-end=\"2783\">\u2265 95 % en mode ECO<\/p>\n<\/li>\n<\/ul>\n<\/li>\n<li data-start=\"2784\" data-end=\"2909\">\n<p data-start=\"2786\" data-end=\"2805\"><strong data-start=\"2786\" data-end=\"2801\">Protections<\/strong> :<\/p>\n<ul data-start=\"2808\" data-end=\"2909\">\n<li data-start=\"2808\" data-end=\"2825\">\n<p data-start=\"2810\" data-end=\"2825\">Court-circuit<\/p>\n<\/li>\n<li data-start=\"2828\" data-end=\"2841\">\n<p data-start=\"2830\" data-end=\"2841\">Surcharge<\/p>\n<\/li>\n<li data-start=\"2844\" data-end=\"2865\">\n<p data-start=\"2846\" data-end=\"2865\">D\u00e9charge batterie<\/p>\n<\/li>\n<li data-start=\"2868\" data-end=\"2882\">\n<p data-start=\"2870\" data-end=\"2882\">Surtension<\/p>\n<\/li>\n<li data-start=\"2885\" data-end=\"2909\">\n<p data-start=\"2887\" data-end=\"2909\">Protection thermique<\/p>\n<\/li>\n<\/ul>\n<\/li>\n<li data-start=\"2910\" data-end=\"3005\">\n<p data-start=\"2912\" data-end=\"2933\"><strong data-start=\"2912\" data-end=\"2929\">Communication<\/strong> :<\/p>\n<ul data-start=\"2936\" data-end=\"3005\">\n<li data-start=\"2936\" data-end=\"2954\">\n<p data-start=\"2938\" data-end=\"2954\">RS232 standard<\/p>\n<\/li>\n<li data-start=\"2957\" data-end=\"3005\">\n<p data-start=\"2959\" data-end=\"3005\">USB \/ SNMP \/ RS485 \/ contacts secs en option<\/p>\n<\/li>\n<\/ul>\n<\/li>\n<li data-start=\"3006\" data-end=\"3063\">\n<p data-start=\"3008\" data-end=\"3063\"><strong data-start=\"3008\" data-end=\"3021\">Affichage<\/strong> : \u00c9cran LCD r\u00e9tro-\u00e9clair\u00e9 + voyants LED<\/p>\n<\/li>\n<li data-start=\"3064\" data-end=\"3131\">\n<p data-start=\"3066\" data-end=\"3131\"><strong data-start=\"3066\" data-end=\"3076\">Normes<\/strong> : EN 62040-1 \/ 2 \/ 3, IEC 61000-4 series, IEC 62040-3\u2026<\/p>\n<\/li>\n<\/ul>\n<h3 data-start=\"3138\" data-end=\"3161\"><strong data-start=\"3145\" data-end=\"3161\">Points forts<\/strong><\/h3>\n<ul data-start=\"3162\" data-end=\"3642\">\n<li data-start=\"3162\" data-end=\"3257\">\n<p data-start=\"3164\" data-end=\"3257\">\u00a0Technologie <strong data-start=\"3178\" data-end=\"3207\">On-Line double conversion<\/strong> : protection maximale et onde sinuso\u00efdale pure.<\/p>\n<\/li>\n<li data-start=\"3258\" data-end=\"3343\">\n<p data-start=\"3260\" data-end=\"3343\"><strong data-start=\"3263\" data-end=\"3281\">Format rack 2U<\/strong> polyvalent : installation simple dans les baies ou en tour.<\/p>\n<\/li>\n<li data-start=\"3344\" data-end=\"3435\">\n<p data-start=\"3346\" data-end=\"3435\"><strong data-start=\"3349\" data-end=\"3386\">Options de communication avanc\u00e9es<\/strong> : compatible SNMP pour supervision \u00e0 distance.<\/p>\n<\/li>\n<li data-start=\"3436\" data-end=\"3505\">\n<p data-start=\"3438\" data-end=\"3505\"><strong data-start=\"3441\" data-end=\"3477\">Gestion intelligente de batterie<\/strong> (ABM) et recharge rapide.<\/p>\n<\/li>\n<li data-start=\"3506\" data-end=\"3561\">\n<p data-start=\"3508\" data-end=\"3561\"><strong data-start=\"3511\" data-end=\"3532\">D\u00e9marrage \u00e0 froid<\/strong> en cas de coupure secteur.<\/p>\n<\/li>\n<li data-start=\"3562\" data-end=\"3642\">\n<p data-start=\"3564\" data-end=\"3642\">\u00a0Param\u00e9trage complet via l\u2019\u00e9cran LCD : tension, fr\u00e9quence, bypass, mode ECO\u2026<\/p>\n<\/li>\n<\/ul>\n","protected":false},"excerpt":{"rendered":"<p>L\u2019EA901 RT EAST est un onduleur On-Line double conversion haute fr\u00e9quence de 1 kVA \/ 900 W, con\u00e7u pour offrir une alimentation \u00e9lectrique stable, filtr\u00e9e et ininterrompue aux \u00e9quipements sensibles.<\/p>\n","protected":false},"featured_media":9212,"comment_status":"open","ping_status":"closed","template":"","meta":{"_acf_changed":false,"content-type":""},"product_brand":[390],"product_cat":[345],"product_tag":[],"class_list":{"0":"post-9211","1":"product","2":"type-product","3":"status-publish","4":"has-post-thumbnail","6":"product_brand-east","7":"product_cat-onduleurs","9":"first","10":"instock","11":"shipping-taxable","12":"purchasable","13":"product-type-simple"},"acf":[],"yoast_head":"<!-- This site is optimized with the Yoast SEO plugin v27.3 - https:\/\/yoast.com\/product\/yoast-seo-wordpress\/ -->\n<title>Onduleur EAST On Line Monophas\u00e9 Rackable EA901 RT 1 KVA - BTMT ELECTRIC \u2013 Solutions \u00c9lectriques Fiables et Innovantes<\/title>\n<meta name=\"robots\" content=\"index, follow, max-snippet:-1, max-image-preview:large, max-video-preview:-1\" \/>\n<link rel=\"canonical\" href=\"https:\/\/btmtelectric.com\/index.php\/product\/onduleur-on-line-monophase-rackable-ea901-rt-1-kva\/\" \/>\n<meta property=\"og:locale\" content=\"fr_FR\" \/>\n<meta property=\"og:type\" content=\"article\" \/>\n<meta property=\"og:title\" content=\"Onduleur EAST On Line Monophas\u00e9 Rackable EA901 RT 1 KVA - BTMT ELECTRIC \u2013 Solutions \u00c9lectriques Fiables et Innovantes\" \/>\n<meta property=\"og:description\" content=\"L\u2019EA901 RT EAST est un onduleur On-Line double conversion haute fr\u00e9quence de 1 kVA \/ 900 W, con\u00e7u pour offrir une alimentation \u00e9lectrique stable, filtr\u00e9e et ininterrompue aux \u00e9quipements sensibles.\" \/>\n<meta property=\"og:url\" content=\"https:\/\/btmtelectric.com\/index.php\/product\/onduleur-on-line-monophase-rackable-ea901-rt-1-kva\/\" \/>\n<meta property=\"og:site_name\" content=\"BTMT ELECTRIC \u2013 Solutions \u00c9lectriques Fiables et Innovantes\" \/>\n<meta property=\"article:publisher\" content=\"https:\/\/www.facebook.com\/profile.php?id=61578000361796\" \/>\n<meta property=\"article:modified_time\" content=\"2025-10-06T14:20:29+00:00\" \/>\n<meta property=\"og:image\" content=\"https:\/\/btmtelectric.com\/wp-content\/uploads\/2025\/10\/ChatGPT-Image-6-oct.-2025-13_56_35.png\" \/>\n\t<meta property=\"og:image:width\" content=\"1024\" \/>\n\t<meta property=\"og:image:height\" content=\"1024\" \/>\n\t<meta property=\"og:image:type\" content=\"image\/png\" \/>\n<meta name=\"twitter:card\" content=\"summary_large_image\" \/>\n<meta name=\"twitter:label1\" content=\"Dur\u00e9e de lecture estim\u00e9e\" \/>\n\t<meta name=\"twitter:data1\" content=\"2 minutes\" \/>\n<script type=\"application\/ld+json\" class=\"yoast-schema-graph\">{\"@context\":\"https:\\\/\\\/schema.org\",\"@graph\":[{\"@type\":\"WebPage\",\"@id\":\"https:\\\/\\\/btmtelectric.com\\\/index.php\\\/product\\\/onduleur-on-line-monophase-rackable-ea901-rt-1-kva\\\/\",\"url\":\"https:\\\/\\\/btmtelectric.com\\\/index.php\\\/product\\\/onduleur-on-line-monophase-rackable-ea901-rt-1-kva\\\/\",\"name\":\"Onduleur EAST On Line Monophas\u00e9 Rackable EA901 RT 1 KVA - BTMT ELECTRIC \u2013 Solutions \u00c9lectriques Fiables et Innovantes\",\"isPartOf\":{\"@id\":\"https:\\\/\\\/btmtelectric.com\\\/#website\"},\"primaryImageOfPage\":{\"@id\":\"https:\\\/\\\/btmtelectric.com\\\/index.php\\\/product\\\/onduleur-on-line-monophase-rackable-ea901-rt-1-kva\\\/#primaryimage\"},\"image\":{\"@id\":\"https:\\\/\\\/btmtelectric.com\\\/index.php\\\/product\\\/onduleur-on-line-monophase-rackable-ea901-rt-1-kva\\\/#primaryimage\"},\"thumbnailUrl\":\"https:\\\/\\\/btmtelectric.com\\\/wp-content\\\/uploads\\\/2025\\\/10\\\/ChatGPT-Image-6-oct.-2025-13_56_35.png\",\"datePublished\":\"2025-10-06T12:58:52+00:00\",\"dateModified\":\"2025-10-06T14:20:29+00:00\",\"breadcrumb\":{\"@id\":\"https:\\\/\\\/btmtelectric.com\\\/index.php\\\/product\\\/onduleur-on-line-monophase-rackable-ea901-rt-1-kva\\\/#breadcrumb\"},\"inLanguage\":\"fr-FR\",\"potentialAction\":[{\"@type\":\"ReadAction\",\"target\":[\"https:\\\/\\\/btmtelectric.com\\\/index.php\\\/product\\\/onduleur-on-line-monophase-rackable-ea901-rt-1-kva\\\/\"]}]},{\"@type\":\"ImageObject\",\"inLanguage\":\"fr-FR\",\"@id\":\"https:\\\/\\\/btmtelectric.com\\\/index.php\\\/product\\\/onduleur-on-line-monophase-rackable-ea901-rt-1-kva\\\/#primaryimage\",\"url\":\"https:\\\/\\\/btmtelectric.com\\\/wp-content\\\/uploads\\\/2025\\\/10\\\/ChatGPT-Image-6-oct.-2025-13_56_35.png\",\"contentUrl\":\"https:\\\/\\\/btmtelectric.com\\\/wp-content\\\/uploads\\\/2025\\\/10\\\/ChatGPT-Image-6-oct.-2025-13_56_35.png\",\"width\":1024,\"height\":1024,\"caption\":\"Onduleur EAST EA901 RT 1KVA rackable 2U On-Line double conversion sinuso\u00efdale pure\"},{\"@type\":\"BreadcrumbList\",\"@id\":\"https:\\\/\\\/btmtelectric.com\\\/index.php\\\/product\\\/onduleur-on-line-monophase-rackable-ea901-rt-1-kva\\\/#breadcrumb\",\"itemListElement\":[{\"@type\":\"ListItem\",\"position\":1,\"name\":\"Accueil\",\"item\":\"https:\\\/\\\/btmtelectric.com\\\/\"},{\"@type\":\"ListItem\",\"position\":2,\"name\":\"Boutique\",\"item\":\"https:\\\/\\\/btmtelectric.com\\\/index.php\\\/boutique\\\/\"},{\"@type\":\"ListItem\",\"position\":3,\"name\":\"Onduleur EAST On Line Monophas\u00e9 Rackable EA901 RT 1 KVA\"}]},{\"@type\":\"WebSite\",\"@id\":\"https:\\\/\\\/btmtelectric.com\\\/#website\",\"url\":\"https:\\\/\\\/btmtelectric.com\\\/\",\"name\":\"BTMT ELECTRIC \u2013 Solutions \u00c9lectriques Fiables et Innovantes\",\"description\":\"\",\"publisher\":{\"@id\":\"https:\\\/\\\/btmtelectric.com\\\/#organization\"},\"potentialAction\":[{\"@type\":\"SearchAction\",\"target\":{\"@type\":\"EntryPoint\",\"urlTemplate\":\"https:\\\/\\\/btmtelectric.com\\\/?s={search_term_string}\"},\"query-input\":{\"@type\":\"PropertyValueSpecification\",\"valueRequired\":true,\"valueName\":\"search_term_string\"}}],\"inLanguage\":\"fr-FR\"},{\"@type\":\"Organization\",\"@id\":\"https:\\\/\\\/btmtelectric.com\\\/#organization\",\"name\":\"BTMT ELECTRIC \u2013 Solutions \u00c9lectriques Fiables et Innovantes\",\"url\":\"https:\\\/\\\/btmtelectric.com\\\/\",\"logo\":{\"@type\":\"ImageObject\",\"inLanguage\":\"fr-FR\",\"@id\":\"https:\\\/\\\/btmtelectric.com\\\/#\\\/schema\\\/logo\\\/image\\\/\",\"url\":\"https:\\\/\\\/btmtelectric.com\\\/wp-content\\\/uploads\\\/2025\\\/07\\\/WhatsApp_Image_2025-07-09_at_11.45.18_AM-removebg-preview-1.png\",\"contentUrl\":\"https:\\\/\\\/btmtelectric.com\\\/wp-content\\\/uploads\\\/2025\\\/07\\\/WhatsApp_Image_2025-07-09_at_11.45.18_AM-removebg-preview-1.png\",\"width\":175,\"height\":42,\"caption\":\"BTMT ELECTRIC \u2013 Solutions \u00c9lectriques Fiables et Innovantes\"},\"image\":{\"@id\":\"https:\\\/\\\/btmtelectric.com\\\/#\\\/schema\\\/logo\\\/image\\\/\"},\"sameAs\":[\"https:\\\/\\\/www.facebook.com\\\/profile.php?id=61578000361796\",\"https:\\\/\\\/www.instagram.com\\\/btmtelectric\\\/\"]}]}<\/script>\n<!-- \/ Yoast SEO plugin. -->","yoast_head_json":{"title":"Onduleur EAST On Line Monophas\u00e9 Rackable EA901 RT 1 KVA - BTMT ELECTRIC \u2013 Solutions \u00c9lectriques Fiables et Innovantes","robots":{"index":"index","follow":"follow","max-snippet":"max-snippet:-1","max-image-preview":"max-image-preview:large","max-video-preview":"max-video-preview:-1"},"canonical":"https:\/\/btmtelectric.com\/index.php\/product\/onduleur-on-line-monophase-rackable-ea901-rt-1-kva\/","og_locale":"fr_FR","og_type":"article","og_title":"Onduleur EAST On Line Monophas\u00e9 Rackable EA901 RT 1 KVA - BTMT ELECTRIC \u2013 Solutions \u00c9lectriques Fiables et Innovantes","og_description":"L\u2019EA901 RT EAST est un onduleur On-Line double conversion haute fr\u00e9quence de 1 kVA \/ 900 W, con\u00e7u pour offrir une alimentation \u00e9lectrique stable, filtr\u00e9e et ininterrompue aux \u00e9quipements sensibles.","og_url":"https:\/\/btmtelectric.com\/index.php\/product\/onduleur-on-line-monophase-rackable-ea901-rt-1-kva\/","og_site_name":"BTMT ELECTRIC \u2013 Solutions \u00c9lectriques Fiables et Innovantes","article_publisher":"https:\/\/www.facebook.com\/profile.php?id=61578000361796","article_modified_time":"2025-10-06T14:20:29+00:00","og_image":[{"width":1024,"height":1024,"url":"https:\/\/btmtelectric.com\/wp-content\/uploads\/2025\/10\/ChatGPT-Image-6-oct.-2025-13_56_35.png","type":"image\/png"}],"twitter_card":"summary_large_image","twitter_misc":{"Dur\u00e9e de lecture estim\u00e9e":"2 minutes"},"schema":{"@context":"https:\/\/schema.org","@graph":[{"@type":"WebPage","@id":"https:\/\/btmtelectric.com\/index.php\/product\/onduleur-on-line-monophase-rackable-ea901-rt-1-kva\/","url":"https:\/\/btmtelectric.com\/index.php\/product\/onduleur-on-line-monophase-rackable-ea901-rt-1-kva\/","name":"Onduleur EAST On Line Monophas\u00e9 Rackable EA901 RT 1 KVA - BTMT ELECTRIC \u2013 Solutions \u00c9lectriques Fiables et Innovantes","isPartOf":{"@id":"https:\/\/btmtelectric.com\/#website"},"primaryImageOfPage":{"@id":"https:\/\/btmtelectric.com\/index.php\/product\/onduleur-on-line-monophase-rackable-ea901-rt-1-kva\/#primaryimage"},"image":{"@id":"https:\/\/btmtelectric.com\/index.php\/product\/onduleur-on-line-monophase-rackable-ea901-rt-1-kva\/#primaryimage"},"thumbnailUrl":"https:\/\/btmtelectric.com\/wp-content\/uploads\/2025\/10\/ChatGPT-Image-6-oct.-2025-13_56_35.png","datePublished":"2025-10-06T12:58:52+00:00","dateModified":"2025-10-06T14:20:29+00:00","breadcrumb":{"@id":"https:\/\/btmtelectric.com\/index.php\/product\/onduleur-on-line-monophase-rackable-ea901-rt-1-kva\/#breadcrumb"},"inLanguage":"fr-FR","potentialAction":[{"@type":"ReadAction","target":["https:\/\/btmtelectric.com\/index.php\/product\/onduleur-on-line-monophase-rackable-ea901-rt-1-kva\/"]}]},{"@type":"ImageObject","inLanguage":"fr-FR","@id":"https:\/\/btmtelectric.com\/index.php\/product\/onduleur-on-line-monophase-rackable-ea901-rt-1-kva\/#primaryimage","url":"https:\/\/btmtelectric.com\/wp-content\/uploads\/2025\/10\/ChatGPT-Image-6-oct.-2025-13_56_35.png","contentUrl":"https:\/\/btmtelectric.com\/wp-content\/uploads\/2025\/10\/ChatGPT-Image-6-oct.-2025-13_56_35.png","width":1024,"height":1024,"caption":"Onduleur EAST EA901 RT 1KVA rackable 2U On-Line double conversion sinuso\u00efdale pure"},{"@type":"BreadcrumbList","@id":"https:\/\/btmtelectric.com\/index.php\/product\/onduleur-on-line-monophase-rackable-ea901-rt-1-kva\/#breadcrumb","itemListElement":[{"@type":"ListItem","position":1,"name":"Accueil","item":"https:\/\/btmtelectric.com\/"},{"@type":"ListItem","position":2,"name":"Boutique","item":"https:\/\/btmtelectric.com\/index.php\/boutique\/"},{"@type":"ListItem","position":3,"name":"Onduleur EAST On Line Monophas\u00e9 Rackable EA901 RT 1 KVA"}]},{"@type":"WebSite","@id":"https:\/\/btmtelectric.com\/#website","url":"https:\/\/btmtelectric.com\/","name":"BTMT ELECTRIC \u2013 Solutions \u00c9lectriques Fiables et Innovantes","description":"","publisher":{"@id":"https:\/\/btmtelectric.com\/#organization"},"potentialAction":[{"@type":"SearchAction","target":{"@type":"EntryPoint","urlTemplate":"https:\/\/btmtelectric.com\/?s={search_term_string}"},"query-input":{"@type":"PropertyValueSpecification","valueRequired":true,"valueName":"search_term_string"}}],"inLanguage":"fr-FR"},{"@type":"Organization","@id":"https:\/\/btmtelectric.com\/#organization","name":"BTMT ELECTRIC \u2013 Solutions \u00c9lectriques Fiables et Innovantes","url":"https:\/\/btmtelectric.com\/","logo":{"@type":"ImageObject","inLanguage":"fr-FR","@id":"https:\/\/btmtelectric.com\/#\/schema\/logo\/image\/","url":"https:\/\/btmtelectric.com\/wp-content\/uploads\/2025\/07\/WhatsApp_Image_2025-07-09_at_11.45.18_AM-removebg-preview-1.png","contentUrl":"https:\/\/btmtelectric.com\/wp-content\/uploads\/2025\/07\/WhatsApp_Image_2025-07-09_at_11.45.18_AM-removebg-preview-1.png","width":175,"height":42,"caption":"BTMT ELECTRIC \u2013 Solutions \u00c9lectriques Fiables et Innovantes"},"image":{"@id":"https:\/\/btmtelectric.com\/#\/schema\/logo\/image\/"},"sameAs":["https:\/\/www.facebook.com\/profile.php?id=61578000361796","https:\/\/www.instagram.com\/btmtelectric\/"]}]}},"_links":{"self":[{"href":"https:\/\/btmtelectric.com\/index.php\/wp-json\/wp\/v2\/product\/9211","targetHints":{"allow":["GET"]}}],"collection":[{"href":"https:\/\/btmtelectric.com\/index.php\/wp-json\/wp\/v2\/product"}],"about":[{"href":"https:\/\/btmtelectric.com\/index.php\/wp-json\/wp\/v2\/types\/product"}],"replies":[{"embeddable":true,"href":"https:\/\/btmtelectric.com\/index.php\/wp-json\/wp\/v2\/comments?post=9211"}],"wp:featuredmedia":[{"embeddable":true,"href":"https:\/\/btmtelectric.com\/index.php\/wp-json\/wp\/v2\/media\/9212"}],"wp:attachment":[{"href":"https:\/\/btmtelectric.com\/index.php\/wp-json\/wp\/v2\/media?parent=9211"}],"wp:term":[{"taxonomy":"product_brand","embeddable":true,"href":"https:\/\/btmtelectric.com\/index.php\/wp-json\/wp\/v2\/product_brand?post=9211"},{"taxonomy":"product_cat","embeddable":true,"href":"https:\/\/btmtelectric.com\/index.php\/wp-json\/wp\/v2\/product_cat?post=9211"},{"taxonomy":"product_tag","embeddable":true,"href":"https:\/\/btmtelectric.com\/index.php\/wp-json\/wp\/v2\/product_tag?post=9211"}],"curies":[{"name":"wp","href":"https:\/\/api.w.org\/{rel}","templated":true}]}}