{"id":9208,"date":"2025-10-06T11:22:52","date_gmt":"2025-10-06T11:22:52","guid":{"rendered":"https:\/\/btmtelectric.com\/?post_type=product&#038;p=9208"},"modified":"2025-10-06T14:21:24","modified_gmt":"2025-10-06T14:21:24","slug":"onduleur-on-line-monophase-tour-ea910-10-kva-9000-w-avec-snmp","status":"publish","type":"product","link":"https:\/\/btmtelectric.com\/index.php\/product\/onduleur-on-line-monophase-tour-ea910-10-kva-9000-w-avec-snmp\/","title":{"rendered":"Onduleur EAST On-Line Monophas\u00e9 Tour EA910 \u2013 10 kVA \/ 9000 W avec SNMP"},"content":{"rendered":"<p>L\u2019onduleur <strong data-start=\"391\" data-end=\"414\">EAST EA910 \u2013 10 kVA<\/strong> est une solution <strong data-start=\"432\" data-end=\"481\">de protection \u00e9nerg\u00e9tique hautes performances<\/strong>, con\u00e7ue pour garantir une alimentation <strong data-start=\"521\" data-end=\"560\">fiable, stable et sans interruption<\/strong> pour les infrastructures critiques.<\/p>\n<p>Gr\u00e2ce \u00e0 sa <strong data-start=\"608\" data-end=\"651\">technologie On-Line \u00e0 double conversion<\/strong>, il assure une qualit\u00e9 d\u2019\u00e9nergie optimale, indispensable pour les environnements sensibles tels que les <strong data-start=\"756\" data-end=\"778\">centres de donn\u00e9es<\/strong>, les <strong data-start=\"784\" data-end=\"814\">applications industrielles<\/strong>, les <strong data-start=\"820\" data-end=\"845\">r\u00e9seaux informatiques<\/strong>, la <strong data-start=\"850\" data-end=\"871\">vid\u00e9osurveillance<\/strong> et les <strong data-start=\"879\" data-end=\"903\">\u00e9quipements m\u00e9dicaux<\/strong>.<\/p>\n<p>\u00c9quip\u00e9 d\u2019une <strong data-start=\"919\" data-end=\"942\">carte SNMP int\u00e9gr\u00e9e<\/strong>, il permet une <strong data-start=\"958\" data-end=\"1024\">supervision \u00e0 distance via un navigateur web ou un syst\u00e8me NMS<\/strong>, avec notifications automatiques en cas d\u2019anomalies. Cela facilite la maintenance pr\u00e9ventive et assure une meilleure continuit\u00e9 de service.<\/p>\n<h3 data-start=\"1171\" data-end=\"1239\"><strong data-start=\"1178\" data-end=\"1239\">Caract\u00e9ristiques fonctionnelles \u2013 EA910 (10 kVA \/ 9000 W)<\/strong><\/h3>\n<h4 data-start=\"1241\" data-end=\"1259\"><strong data-start=\"1249\" data-end=\"1259\">Entr\u00e9e<\/strong><\/h4>\n<ul data-start=\"1260\" data-end=\"1643\">\n<li data-start=\"1260\" data-end=\"1312\">\n<p data-start=\"1262\" data-end=\"1312\"><strong data-start=\"1262\" data-end=\"1282\">Tension nominale<\/strong> : 208 \/ 220 \/ 230 \/ 240 VAC<\/p>\n<\/li>\n<li data-start=\"1313\" data-end=\"1508\">\n<p data-start=\"1315\" data-end=\"1339\"><strong data-start=\"1315\" data-end=\"1335\">Plage de tension<\/strong> :<\/p>\n<ul data-start=\"1342\" data-end=\"1508\">\n<li data-start=\"1342\" data-end=\"1411\">\n<p data-start=\"1344\" data-end=\"1411\">110 \u2013 176 VAC (r\u00e9gulation lin\u00e9aire entre 50 % et 100 % de charge)<\/p>\n<\/li>\n<li data-start=\"1414\" data-end=\"1466\">\n<p data-start=\"1416\" data-end=\"1466\">176 \u2013 280 VAC (fonctionnement sans d\u00e9classement)<\/p>\n<\/li>\n<li data-start=\"1469\" data-end=\"1508\">\n<p data-start=\"1471\" data-end=\"1508\">280 \u2013 300 VAC (d\u00e9classement \u00e0 50 %)<\/p>\n<\/li>\n<\/ul>\n<\/li>\n<li data-start=\"1509\" data-end=\"1556\">\n<p data-start=\"1511\" data-end=\"1556\"><strong data-start=\"1511\" data-end=\"1524\">Fr\u00e9quence<\/strong> : 40 \u2013 70 Hz (auto-d\u00e9tection)<\/p>\n<\/li>\n<li data-start=\"1557\" data-end=\"1594\">\n<p data-start=\"1559\" data-end=\"1594\"><strong data-start=\"1559\" data-end=\"1583\">Facteur de puissance<\/strong> : \u2265 0,99<\/p>\n<\/li>\n<li data-start=\"1595\" data-end=\"1643\">\n<p data-start=\"1597\" data-end=\"1643\"><strong data-start=\"1597\" data-end=\"1616\">Plage de bypass<\/strong> : \u221225 % \u00e0 +15 % (r\u00e9glable)<\/p>\n<\/li>\n<\/ul>\n<h4 data-start=\"1650\" data-end=\"1668\"><strong data-start=\"1658\" data-end=\"1668\">Sortie<\/strong><\/h4>\n<ul data-start=\"1669\" data-end=\"2373\">\n<li data-start=\"1669\" data-end=\"1708\">\n<p data-start=\"1671\" data-end=\"1708\"><strong data-start=\"1671\" data-end=\"1694\">Puissance apparente<\/strong> : 10 000 VA<\/p>\n<\/li>\n<li data-start=\"1709\" data-end=\"1743\">\n<p data-start=\"1711\" data-end=\"1743\"><strong data-start=\"1711\" data-end=\"1731\">Puissance active<\/strong> : 9 000 W<\/p>\n<\/li>\n<li data-start=\"1744\" data-end=\"1816\">\n<p data-start=\"1746\" data-end=\"1816\"><strong data-start=\"1746\" data-end=\"1767\">Tension de sortie<\/strong> : 208 \/ 220 \/ 230 \/ 240 VAC (r\u00e9glable via LCD)<\/p>\n<\/li>\n<li data-start=\"1817\" data-end=\"1854\">\n<p data-start=\"1819\" data-end=\"1854\"><strong data-start=\"1819\" data-end=\"1844\">R\u00e9gulation de tension<\/strong> : \u00b1 1 %<\/p>\n<\/li>\n<li data-start=\"1855\" data-end=\"1959\">\n<p data-start=\"1857\" data-end=\"1874\"><strong data-start=\"1857\" data-end=\"1870\">Fr\u00e9quence<\/strong> :<\/p>\n<ul data-start=\"1877\" data-end=\"1959\">\n<li data-start=\"1877\" data-end=\"1919\">\n<p data-start=\"1879\" data-end=\"1919\">45\u201355 Hz ou 55\u201365 Hz (synchro secteur)<\/p>\n<\/li>\n<li data-start=\"1922\" data-end=\"1959\">\n<p data-start=\"1924\" data-end=\"1959\">50\/60 Hz \u00b1 0,1 Hz (mode batterie)<\/p>\n<\/li>\n<\/ul>\n<\/li>\n<li data-start=\"1960\" data-end=\"1999\">\n<p data-start=\"1962\" data-end=\"1999\"><strong data-start=\"1962\" data-end=\"1978\">Forme d\u2019onde<\/strong> : Sinuso\u00efdale pure<\/p>\n<\/li>\n<li data-start=\"2000\" data-end=\"2034\">\n<p data-start=\"2002\" data-end=\"2034\"><strong data-start=\"2002\" data-end=\"2026\">Facteur de puissance<\/strong> : 0,9<\/p>\n<\/li>\n<li data-start=\"2035\" data-end=\"2120\">\n<p data-start=\"2037\" data-end=\"2120\"><strong data-start=\"2037\" data-end=\"2069\">Distorsion harmonique (THDv)<\/strong> : \u2264 2 % (charge lin\u00e9aire) \/ \u2264 5 % (non lin\u00e9aire)<\/p>\n<\/li>\n<li data-start=\"2121\" data-end=\"2147\">\n<p data-start=\"2123\" data-end=\"2147\"><strong data-start=\"2123\" data-end=\"2139\">Crest Factor<\/strong> : 3:1<\/p>\n<\/li>\n<li data-start=\"2148\" data-end=\"2285\">\n<p data-start=\"2150\" data-end=\"2179\"><strong data-start=\"2150\" data-end=\"2175\">Capacit\u00e9 de surcharge<\/strong> :<\/p>\n<ul data-start=\"2182\" data-end=\"2285\">\n<li data-start=\"2182\" data-end=\"2216\">\n<p data-start=\"2184\" data-end=\"2216\">105 % \u2013 125 % pendant 1 minute<\/p>\n<\/li>\n<li data-start=\"2219\" data-end=\"2256\">\n<p data-start=\"2221\" data-end=\"2256\">125 % \u2013 150 % pendant 30 secondes<\/p>\n<\/li>\n<li data-start=\"2259\" data-end=\"2285\">\n<blockquote data-start=\"2261\" data-end=\"2285\">\n<p data-start=\"2263\" data-end=\"2285\">150 % pendant 300 ms<\/p>\n<\/blockquote>\n<\/li>\n<\/ul>\n<\/li>\n<li data-start=\"2286\" data-end=\"2373\">\n<p data-start=\"2288\" data-end=\"2373\"><strong data-start=\"2288\" data-end=\"2310\">Temps de transfert<\/strong> : 0 ms (secteur \u2192 batterie) \/ 4 ms typique (batterie \u2192 bypass)<\/p>\n<\/li>\n<\/ul>\n<h4 data-start=\"2380\" data-end=\"2400\"><strong data-start=\"2388\" data-end=\"2400\">Batterie<\/strong><\/h4>\n<ul data-start=\"2401\" data-end=\"2727\">\n<li data-start=\"2401\" data-end=\"2463\">\n<p data-start=\"2403\" data-end=\"2463\"><strong data-start=\"2403\" data-end=\"2417\">Tension DC<\/strong> : 240 V (20 batteries en s\u00e9rie typiquement)<\/p>\n<\/li>\n<li data-start=\"2464\" data-end=\"2519\">\n<p data-start=\"2466\" data-end=\"2519\"><strong data-start=\"2466\" data-end=\"2474\">Type<\/strong> : Batteries scell\u00e9es sans entretien (VRLA)<\/p>\n<\/li>\n<li data-start=\"2520\" data-end=\"2556\">\n<p data-start=\"2522\" data-end=\"2556\"><strong data-start=\"2522\" data-end=\"2548\">Courant de charge max.<\/strong> : 6 A<\/p>\n<\/li>\n<li data-start=\"2557\" data-end=\"2636\">\n<p data-start=\"2559\" data-end=\"2636\"><strong data-start=\"2559\" data-end=\"2580\">Temps de recharge<\/strong> : environ 3 heures pour atteindre 90 % de la capacit\u00e9<\/p>\n<\/li>\n<li data-start=\"2637\" data-end=\"2727\">\n<p data-start=\"2639\" data-end=\"2727\"><strong data-start=\"2639\" data-end=\"2667\">Gestion intelligente ABM<\/strong> : prolonge la dur\u00e9e de vie et optimise les cycles de charge<\/p>\n<\/li>\n<\/ul>\n<h3 data-start=\"4205\" data-end=\"4236\"><strong data-start=\"4212\" data-end=\"4236\">Fonctionnalit\u00e9s cl\u00e9s<\/strong><\/h3>\n<ul data-start=\"4237\" data-end=\"4709\">\n<li data-start=\"4237\" data-end=\"4300\">\n<p data-start=\"4239\" data-end=\"4300\">\u00a0Technologie <strong data-start=\"4253\" data-end=\"4282\">On-Line Double Conversion<\/strong> haute fr\u00e9quence<\/p>\n<\/li>\n<li data-start=\"4301\" data-end=\"4353\">\n<p data-start=\"4303\" data-end=\"4353\"><strong data-start=\"4306\" data-end=\"4313\">DSP<\/strong> pour une r\u00e9gulation num\u00e9rique pr\u00e9cise<\/p>\n<\/li>\n<li data-start=\"4354\" data-end=\"4431\">\n<p data-start=\"4356\" data-end=\"4431\"><strong data-start=\"4358\" data-end=\"4388\">Facteur de puissance \u00e9lev\u00e9<\/strong> (0,9) = meilleure efficacit\u00e9 \u00e9nerg\u00e9tique<\/p>\n<\/li>\n<li data-start=\"4432\" data-end=\"4507\">\n<p data-start=\"4434\" data-end=\"4507\"><strong data-start=\"4437\" data-end=\"4453\">SNMP int\u00e9gr\u00e9<\/strong> pour une supervision r\u00e9seau efficace et centralis\u00e9e<\/p>\n<\/li>\n<li data-start=\"4508\" data-end=\"4572\">\n<p data-start=\"4510\" data-end=\"4572\"><strong data-start=\"4513\" data-end=\"4532\">Recharge rapide<\/strong> et gestion intelligente des batteries<\/p>\n<\/li>\n<li data-start=\"4573\" data-end=\"4628\">\n<p data-start=\"4575\" data-end=\"4628\"><strong data-start=\"4578\" data-end=\"4599\">D\u00e9marrage \u00e0 froid<\/strong> et red\u00e9marrage automatique<\/p>\n<\/li>\n<li data-start=\"4629\" data-end=\"4709\">\n<p data-start=\"4631\" data-end=\"4709\">\u00a0Param\u00e9trage complet via l\u2019\u00e9cran LCD : mode ECO, bypass, tension, fr\u00e9quence\u2026<\/p>\n<\/li>\n<\/ul>\n","protected":false},"excerpt":{"rendered":"<p>L\u2019onduleur EAST EA910 \u2013 10 kVA est une solution de protection \u00e9nerg\u00e9tique hautes performances, con\u00e7ue pour garantir une alimentation fiable, stable et sans interruption pour les infrastructures critiques. Gr\u00e2ce \u00e0<\/p>\n","protected":false},"featured_media":9210,"comment_status":"open","ping_status":"closed","template":"","meta":{"_acf_changed":false,"content-type":""},"product_brand":[390],"product_cat":[345],"product_tag":[],"class_list":{"0":"post-9208","1":"product","2":"type-product","3":"status-publish","4":"has-post-thumbnail","6":"product_brand-east","7":"product_cat-onduleurs","9":"first","10":"instock","11":"shipping-taxable","12":"purchasable","13":"product-type-simple"},"acf":[],"yoast_head":"<!-- This site is optimized with the Yoast SEO plugin v27.3 - https:\/\/yoast.com\/product\/yoast-seo-wordpress\/ -->\n<title>Onduleur EAST On-Line Monophas\u00e9 Tour EA910 \u2013 10 kVA \/ 9000 W avec SNMP - BTMT ELECTRIC \u2013 Solutions \u00c9lectriques Fiables et Innovantes<\/title>\n<meta name=\"robots\" content=\"index, follow, max-snippet:-1, max-image-preview:large, max-video-preview:-1\" \/>\n<link rel=\"canonical\" href=\"https:\/\/btmtelectric.com\/index.php\/product\/onduleur-on-line-monophase-tour-ea910-10-kva-9000-w-avec-snmp\/\" \/>\n<meta property=\"og:locale\" content=\"fr_FR\" \/>\n<meta property=\"og:type\" content=\"article\" \/>\n<meta property=\"og:title\" content=\"Onduleur EAST On-Line Monophas\u00e9 Tour EA910 \u2013 10 kVA \/ 9000 W avec SNMP - BTMT ELECTRIC \u2013 Solutions \u00c9lectriques Fiables et Innovantes\" \/>\n<meta property=\"og:description\" content=\"L\u2019onduleur EAST EA910 \u2013 10 kVA est une solution de protection \u00e9nerg\u00e9tique hautes performances, con\u00e7ue pour garantir une alimentation fiable, stable et sans interruption pour les infrastructures critiques. Gr\u00e2ce \u00e0\" \/>\n<meta property=\"og:url\" content=\"https:\/\/btmtelectric.com\/index.php\/product\/onduleur-on-line-monophase-tour-ea910-10-kva-9000-w-avec-snmp\/\" \/>\n<meta property=\"og:site_name\" content=\"BTMT ELECTRIC \u2013 Solutions \u00c9lectriques Fiables et Innovantes\" \/>\n<meta property=\"article:publisher\" content=\"https:\/\/www.facebook.com\/profile.php?id=61578000361796\" \/>\n<meta property=\"article:modified_time\" content=\"2025-10-06T14:21:24+00:00\" \/>\n<meta property=\"og:image\" content=\"https:\/\/btmtelectric.com\/wp-content\/uploads\/2025\/10\/ChatGPT-Image-4-oct.-2025-13_10_38-1.png\" \/>\n\t<meta property=\"og:image:width\" content=\"1024\" \/>\n\t<meta property=\"og:image:height\" content=\"1024\" \/>\n\t<meta property=\"og:image:type\" content=\"image\/png\" \/>\n<meta name=\"twitter:card\" content=\"summary_large_image\" \/>\n<meta name=\"twitter:label1\" content=\"Dur\u00e9e de lecture estim\u00e9e\" \/>\n\t<meta name=\"twitter:data1\" content=\"2 minutes\" \/>\n<script type=\"application\/ld+json\" class=\"yoast-schema-graph\">{\"@context\":\"https:\\\/\\\/schema.org\",\"@graph\":[{\"@type\":\"WebPage\",\"@id\":\"https:\\\/\\\/btmtelectric.com\\\/index.php\\\/product\\\/onduleur-on-line-monophase-tour-ea910-10-kva-9000-w-avec-snmp\\\/\",\"url\":\"https:\\\/\\\/btmtelectric.com\\\/index.php\\\/product\\\/onduleur-on-line-monophase-tour-ea910-10-kva-9000-w-avec-snmp\\\/\",\"name\":\"Onduleur EAST On-Line Monophas\u00e9 Tour EA910 \u2013 10 kVA \\\/ 9000 W avec SNMP - BTMT ELECTRIC \u2013 Solutions \u00c9lectriques Fiables et Innovantes\",\"isPartOf\":{\"@id\":\"https:\\\/\\\/btmtelectric.com\\\/#website\"},\"primaryImageOfPage\":{\"@id\":\"https:\\\/\\\/btmtelectric.com\\\/index.php\\\/product\\\/onduleur-on-line-monophase-tour-ea910-10-kva-9000-w-avec-snmp\\\/#primaryimage\"},\"image\":{\"@id\":\"https:\\\/\\\/btmtelectric.com\\\/index.php\\\/product\\\/onduleur-on-line-monophase-tour-ea910-10-kva-9000-w-avec-snmp\\\/#primaryimage\"},\"thumbnailUrl\":\"https:\\\/\\\/btmtelectric.com\\\/wp-content\\\/uploads\\\/2025\\\/10\\\/ChatGPT-Image-4-oct.-2025-13_10_38-1.png\",\"datePublished\":\"2025-10-06T11:22:52+00:00\",\"dateModified\":\"2025-10-06T14:21:24+00:00\",\"breadcrumb\":{\"@id\":\"https:\\\/\\\/btmtelectric.com\\\/index.php\\\/product\\\/onduleur-on-line-monophase-tour-ea910-10-kva-9000-w-avec-snmp\\\/#breadcrumb\"},\"inLanguage\":\"fr-FR\",\"potentialAction\":[{\"@type\":\"ReadAction\",\"target\":[\"https:\\\/\\\/btmtelectric.com\\\/index.php\\\/product\\\/onduleur-on-line-monophase-tour-ea910-10-kva-9000-w-avec-snmp\\\/\"]}]},{\"@type\":\"ImageObject\",\"inLanguage\":\"fr-FR\",\"@id\":\"https:\\\/\\\/btmtelectric.com\\\/index.php\\\/product\\\/onduleur-on-line-monophase-tour-ea910-10-kva-9000-w-avec-snmp\\\/#primaryimage\",\"url\":\"https:\\\/\\\/btmtelectric.com\\\/wp-content\\\/uploads\\\/2025\\\/10\\\/ChatGPT-Image-4-oct.-2025-13_10_38-1.png\",\"contentUrl\":\"https:\\\/\\\/btmtelectric.com\\\/wp-content\\\/uploads\\\/2025\\\/10\\\/ChatGPT-Image-4-oct.-2025-13_10_38-1.png\",\"width\":1024,\"height\":1024,\"caption\":\"onduleur tour EA910 EAST 10 kVA on-line SNMP\"},{\"@type\":\"BreadcrumbList\",\"@id\":\"https:\\\/\\\/btmtelectric.com\\\/index.php\\\/product\\\/onduleur-on-line-monophase-tour-ea910-10-kva-9000-w-avec-snmp\\\/#breadcrumb\",\"itemListElement\":[{\"@type\":\"ListItem\",\"position\":1,\"name\":\"Accueil\",\"item\":\"https:\\\/\\\/btmtelectric.com\\\/\"},{\"@type\":\"ListItem\",\"position\":2,\"name\":\"Boutique\",\"item\":\"https:\\\/\\\/btmtelectric.com\\\/index.php\\\/boutique\\\/\"},{\"@type\":\"ListItem\",\"position\":3,\"name\":\"Onduleur EAST On-Line Monophas\u00e9 Tour EA910 \u2013 10 kVA \\\/ 9000 W avec SNMP\"}]},{\"@type\":\"WebSite\",\"@id\":\"https:\\\/\\\/btmtelectric.com\\\/#website\",\"url\":\"https:\\\/\\\/btmtelectric.com\\\/\",\"name\":\"BTMT ELECTRIC \u2013 Solutions \u00c9lectriques Fiables et Innovantes\",\"description\":\"\",\"publisher\":{\"@id\":\"https:\\\/\\\/btmtelectric.com\\\/#organization\"},\"potentialAction\":[{\"@type\":\"SearchAction\",\"target\":{\"@type\":\"EntryPoint\",\"urlTemplate\":\"https:\\\/\\\/btmtelectric.com\\\/?s={search_term_string}\"},\"query-input\":{\"@type\":\"PropertyValueSpecification\",\"valueRequired\":true,\"valueName\":\"search_term_string\"}}],\"inLanguage\":\"fr-FR\"},{\"@type\":\"Organization\",\"@id\":\"https:\\\/\\\/btmtelectric.com\\\/#organization\",\"name\":\"BTMT ELECTRIC \u2013 Solutions \u00c9lectriques Fiables et Innovantes\",\"url\":\"https:\\\/\\\/btmtelectric.com\\\/\",\"logo\":{\"@type\":\"ImageObject\",\"inLanguage\":\"fr-FR\",\"@id\":\"https:\\\/\\\/btmtelectric.com\\\/#\\\/schema\\\/logo\\\/image\\\/\",\"url\":\"https:\\\/\\\/btmtelectric.com\\\/wp-content\\\/uploads\\\/2025\\\/07\\\/WhatsApp_Image_2025-07-09_at_11.45.18_AM-removebg-preview-1.png\",\"contentUrl\":\"https:\\\/\\\/btmtelectric.com\\\/wp-content\\\/uploads\\\/2025\\\/07\\\/WhatsApp_Image_2025-07-09_at_11.45.18_AM-removebg-preview-1.png\",\"width\":175,\"height\":42,\"caption\":\"BTMT ELECTRIC \u2013 Solutions \u00c9lectriques Fiables et Innovantes\"},\"image\":{\"@id\":\"https:\\\/\\\/btmtelectric.com\\\/#\\\/schema\\\/logo\\\/image\\\/\"},\"sameAs\":[\"https:\\\/\\\/www.facebook.com\\\/profile.php?id=61578000361796\",\"https:\\\/\\\/www.instagram.com\\\/btmtelectric\\\/\"]}]}<\/script>\n<!-- \/ Yoast SEO plugin. -->","yoast_head_json":{"title":"Onduleur EAST On-Line Monophas\u00e9 Tour EA910 \u2013 10 kVA \/ 9000 W avec SNMP - BTMT ELECTRIC \u2013 Solutions \u00c9lectriques Fiables et Innovantes","robots":{"index":"index","follow":"follow","max-snippet":"max-snippet:-1","max-image-preview":"max-image-preview:large","max-video-preview":"max-video-preview:-1"},"canonical":"https:\/\/btmtelectric.com\/index.php\/product\/onduleur-on-line-monophase-tour-ea910-10-kva-9000-w-avec-snmp\/","og_locale":"fr_FR","og_type":"article","og_title":"Onduleur EAST On-Line Monophas\u00e9 Tour EA910 \u2013 10 kVA \/ 9000 W avec SNMP - BTMT ELECTRIC \u2013 Solutions \u00c9lectriques Fiables et Innovantes","og_description":"L\u2019onduleur EAST EA910 \u2013 10 kVA est une solution de protection \u00e9nerg\u00e9tique hautes performances, con\u00e7ue pour garantir une alimentation fiable, stable et sans interruption pour les infrastructures critiques. Gr\u00e2ce \u00e0","og_url":"https:\/\/btmtelectric.com\/index.php\/product\/onduleur-on-line-monophase-tour-ea910-10-kva-9000-w-avec-snmp\/","og_site_name":"BTMT ELECTRIC \u2013 Solutions \u00c9lectriques Fiables et Innovantes","article_publisher":"https:\/\/www.facebook.com\/profile.php?id=61578000361796","article_modified_time":"2025-10-06T14:21:24+00:00","og_image":[{"width":1024,"height":1024,"url":"https:\/\/btmtelectric.com\/wp-content\/uploads\/2025\/10\/ChatGPT-Image-4-oct.-2025-13_10_38-1.png","type":"image\/png"}],"twitter_card":"summary_large_image","twitter_misc":{"Dur\u00e9e de lecture estim\u00e9e":"2 minutes"},"schema":{"@context":"https:\/\/schema.org","@graph":[{"@type":"WebPage","@id":"https:\/\/btmtelectric.com\/index.php\/product\/onduleur-on-line-monophase-tour-ea910-10-kva-9000-w-avec-snmp\/","url":"https:\/\/btmtelectric.com\/index.php\/product\/onduleur-on-line-monophase-tour-ea910-10-kva-9000-w-avec-snmp\/","name":"Onduleur EAST On-Line Monophas\u00e9 Tour EA910 \u2013 10 kVA \/ 9000 W avec SNMP - BTMT ELECTRIC \u2013 Solutions \u00c9lectriques Fiables et Innovantes","isPartOf":{"@id":"https:\/\/btmtelectric.com\/#website"},"primaryImageOfPage":{"@id":"https:\/\/btmtelectric.com\/index.php\/product\/onduleur-on-line-monophase-tour-ea910-10-kva-9000-w-avec-snmp\/#primaryimage"},"image":{"@id":"https:\/\/btmtelectric.com\/index.php\/product\/onduleur-on-line-monophase-tour-ea910-10-kva-9000-w-avec-snmp\/#primaryimage"},"thumbnailUrl":"https:\/\/btmtelectric.com\/wp-content\/uploads\/2025\/10\/ChatGPT-Image-4-oct.-2025-13_10_38-1.png","datePublished":"2025-10-06T11:22:52+00:00","dateModified":"2025-10-06T14:21:24+00:00","breadcrumb":{"@id":"https:\/\/btmtelectric.com\/index.php\/product\/onduleur-on-line-monophase-tour-ea910-10-kva-9000-w-avec-snmp\/#breadcrumb"},"inLanguage":"fr-FR","potentialAction":[{"@type":"ReadAction","target":["https:\/\/btmtelectric.com\/index.php\/product\/onduleur-on-line-monophase-tour-ea910-10-kva-9000-w-avec-snmp\/"]}]},{"@type":"ImageObject","inLanguage":"fr-FR","@id":"https:\/\/btmtelectric.com\/index.php\/product\/onduleur-on-line-monophase-tour-ea910-10-kva-9000-w-avec-snmp\/#primaryimage","url":"https:\/\/btmtelectric.com\/wp-content\/uploads\/2025\/10\/ChatGPT-Image-4-oct.-2025-13_10_38-1.png","contentUrl":"https:\/\/btmtelectric.com\/wp-content\/uploads\/2025\/10\/ChatGPT-Image-4-oct.-2025-13_10_38-1.png","width":1024,"height":1024,"caption":"onduleur tour EA910 EAST 10 kVA on-line SNMP"},{"@type":"BreadcrumbList","@id":"https:\/\/btmtelectric.com\/index.php\/product\/onduleur-on-line-monophase-tour-ea910-10-kva-9000-w-avec-snmp\/#breadcrumb","itemListElement":[{"@type":"ListItem","position":1,"name":"Accueil","item":"https:\/\/btmtelectric.com\/"},{"@type":"ListItem","position":2,"name":"Boutique","item":"https:\/\/btmtelectric.com\/index.php\/boutique\/"},{"@type":"ListItem","position":3,"name":"Onduleur EAST On-Line Monophas\u00e9 Tour EA910 \u2013 10 kVA \/ 9000 W avec SNMP"}]},{"@type":"WebSite","@id":"https:\/\/btmtelectric.com\/#website","url":"https:\/\/btmtelectric.com\/","name":"BTMT ELECTRIC \u2013 Solutions \u00c9lectriques Fiables et Innovantes","description":"","publisher":{"@id":"https:\/\/btmtelectric.com\/#organization"},"potentialAction":[{"@type":"SearchAction","target":{"@type":"EntryPoint","urlTemplate":"https:\/\/btmtelectric.com\/?s={search_term_string}"},"query-input":{"@type":"PropertyValueSpecification","valueRequired":true,"valueName":"search_term_string"}}],"inLanguage":"fr-FR"},{"@type":"Organization","@id":"https:\/\/btmtelectric.com\/#organization","name":"BTMT ELECTRIC \u2013 Solutions \u00c9lectriques Fiables et Innovantes","url":"https:\/\/btmtelectric.com\/","logo":{"@type":"ImageObject","inLanguage":"fr-FR","@id":"https:\/\/btmtelectric.com\/#\/schema\/logo\/image\/","url":"https:\/\/btmtelectric.com\/wp-content\/uploads\/2025\/07\/WhatsApp_Image_2025-07-09_at_11.45.18_AM-removebg-preview-1.png","contentUrl":"https:\/\/btmtelectric.com\/wp-content\/uploads\/2025\/07\/WhatsApp_Image_2025-07-09_at_11.45.18_AM-removebg-preview-1.png","width":175,"height":42,"caption":"BTMT ELECTRIC \u2013 Solutions \u00c9lectriques Fiables et Innovantes"},"image":{"@id":"https:\/\/btmtelectric.com\/#\/schema\/logo\/image\/"},"sameAs":["https:\/\/www.facebook.com\/profile.php?id=61578000361796","https:\/\/www.instagram.com\/btmtelectric\/"]}]}},"_links":{"self":[{"href":"https:\/\/btmtelectric.com\/index.php\/wp-json\/wp\/v2\/product\/9208","targetHints":{"allow":["GET"]}}],"collection":[{"href":"https:\/\/btmtelectric.com\/index.php\/wp-json\/wp\/v2\/product"}],"about":[{"href":"https:\/\/btmtelectric.com\/index.php\/wp-json\/wp\/v2\/types\/product"}],"replies":[{"embeddable":true,"href":"https:\/\/btmtelectric.com\/index.php\/wp-json\/wp\/v2\/comments?post=9208"}],"wp:featuredmedia":[{"embeddable":true,"href":"https:\/\/btmtelectric.com\/index.php\/wp-json\/wp\/v2\/media\/9210"}],"wp:attachment":[{"href":"https:\/\/btmtelectric.com\/index.php\/wp-json\/wp\/v2\/media?parent=9208"}],"wp:term":[{"taxonomy":"product_brand","embeddable":true,"href":"https:\/\/btmtelectric.com\/index.php\/wp-json\/wp\/v2\/product_brand?post=9208"},{"taxonomy":"product_cat","embeddable":true,"href":"https:\/\/btmtelectric.com\/index.php\/wp-json\/wp\/v2\/product_cat?post=9208"},{"taxonomy":"product_tag","embeddable":true,"href":"https:\/\/btmtelectric.com\/index.php\/wp-json\/wp\/v2\/product_tag?post=9208"}],"curies":[{"name":"wp","href":"https:\/\/api.w.org\/{rel}","templated":true}]}}