{"id":9206,"date":"2025-10-04T12:12:02","date_gmt":"2025-10-04T12:12:02","guid":{"rendered":"https:\/\/btmtelectric.com\/?post_type=product&#038;p=9206"},"modified":"2025-10-06T14:22:06","modified_gmt":"2025-10-06T14:22:06","slug":"onduleur-on-line-monophase-tour-ea906-6-kva-5400-w-avec-snmp","status":"publish","type":"product","link":"https:\/\/btmtelectric.com\/index.php\/product\/onduleur-on-line-monophase-tour-ea906-6-kva-5400-w-avec-snmp\/","title":{"rendered":"Onduleur EAST On-Line Monophas\u00e9 Tour EA906 \u2013 6 kVA \/ 5400 W avec SNMP"},"content":{"rendered":"<p data-start=\"332\" data-end=\"662\">L\u2019<strong data-start=\"334\" data-end=\"351\">EA906 \u2013 6 kVA<\/strong> est un <strong data-start=\"359\" data-end=\"413\">onduleur On-Line double conversion haute fr\u00e9quence<\/strong> con\u00e7u pour assurer une <strong data-start=\"437\" data-end=\"488\">alimentation \u00e9lectrique stable et ininterrompue<\/strong> aux syst\u00e8mes critiques tels que les centres de donn\u00e9es, les \u00e9quipements industriels l\u00e9gers, les syst\u00e8mes de s\u00e9curit\u00e9 et les infrastructures informatiques professionnelles.<\/p>\n<p data-start=\"664\" data-end=\"912\">\u00c9quip\u00e9 d\u2019une <strong data-start=\"677\" data-end=\"691\">carte SNMP<\/strong>, cet onduleur permet une <strong data-start=\"717\" data-end=\"773\">surveillance et une gestion \u00e0 distance en temps r\u00e9el<\/strong> via le r\u00e9seau, offrant ainsi une solution fiable et intelligente pour la continuit\u00e9 de service et la s\u00e9curit\u00e9 des installations sensibles.<\/p>\n<h3 data-start=\"919\" data-end=\"986\"><strong data-start=\"926\" data-end=\"986\">Caract\u00e9ristiques fonctionnelles \u2013 EA906 (6 kVA \/ 5400 W)<\/strong><\/h3>\n<h4 data-start=\"988\" data-end=\"1006\"><strong data-start=\"996\" data-end=\"1006\">Entr\u00e9e<\/strong><\/h4>\n<ul data-start=\"1007\" data-end=\"1359\">\n<li data-start=\"1007\" data-end=\"1059\">\n<p data-start=\"1009\" data-end=\"1059\"><strong data-start=\"1009\" data-end=\"1029\">Tension nominale<\/strong> : 208 \/ 220 \/ 230 \/ 240 VAC<\/p>\n<\/li>\n<li data-start=\"1060\" data-end=\"1227\">\n<p data-start=\"1062\" data-end=\"1086\"><strong data-start=\"1062\" data-end=\"1082\">Plage de tension<\/strong> :<\/p>\n<ul data-start=\"1089\" data-end=\"1227\">\n<li data-start=\"1089\" data-end=\"1147\">\n<p data-start=\"1091\" data-end=\"1147\">110 \u2013 176 VAC (lin\u00e9aire entre 50 % et 100 % de charge)<\/p>\n<\/li>\n<li data-start=\"1150\" data-end=\"1187\">\n<p data-start=\"1152\" data-end=\"1187\">176 \u2013 280 VAC (sans d\u00e9classement)<\/p>\n<\/li>\n<li data-start=\"1190\" data-end=\"1227\">\n<p data-start=\"1192\" data-end=\"1227\">280 \u2013 300 VAC (d\u00e9classement 50 %)<\/p>\n<\/li>\n<\/ul>\n<\/li>\n<li data-start=\"1228\" data-end=\"1275\">\n<p data-start=\"1230\" data-end=\"1275\"><strong data-start=\"1230\" data-end=\"1243\">Fr\u00e9quence<\/strong> : 40 \u2013 70 Hz (auto-d\u00e9tection)<\/p>\n<\/li>\n<li data-start=\"1276\" data-end=\"1313\">\n<p data-start=\"1278\" data-end=\"1313\"><strong data-start=\"1278\" data-end=\"1302\">Facteur de puissance<\/strong> : \u2265 0,99<\/p>\n<\/li>\n<li data-start=\"1314\" data-end=\"1359\">\n<p data-start=\"1316\" data-end=\"1359\"><strong data-start=\"1316\" data-end=\"1332\">Plage bypass<\/strong> : \u221225 % \u00e0 +15 % (r\u00e9glable)<\/p>\n<\/li>\n<\/ul>\n<h4 data-start=\"1366\" data-end=\"1384\"><strong data-start=\"1374\" data-end=\"1384\">Sortie<\/strong><\/h4>\n<ul data-start=\"1385\" data-end=\"2031\">\n<li data-start=\"1385\" data-end=\"1421\">\n<p data-start=\"1387\" data-end=\"1421\"><strong data-start=\"1387\" data-end=\"1400\">Puissance<\/strong> : 6000 VA \/ 5400 W<\/p>\n<\/li>\n<li data-start=\"1422\" data-end=\"1502\">\n<p data-start=\"1424\" data-end=\"1502\"><strong data-start=\"1424\" data-end=\"1445\">Tension de sortie<\/strong> : 208 \/ 220 \/ 230 \/ 240 VAC (r\u00e9glable via l\u2019\u00e9cran LCD)<\/p>\n<\/li>\n<li data-start=\"1503\" data-end=\"1529\">\n<p data-start=\"1505\" data-end=\"1529\"><strong data-start=\"1505\" data-end=\"1519\">R\u00e9gulation<\/strong> : \u00b1 1 %<\/p>\n<\/li>\n<li data-start=\"1530\" data-end=\"1635\">\n<p data-start=\"1532\" data-end=\"1549\"><strong data-start=\"1532\" data-end=\"1545\">Fr\u00e9quence<\/strong> :<\/p>\n<ul data-start=\"1552\" data-end=\"1635\">\n<li data-start=\"1552\" data-end=\"1593\">\n<p data-start=\"1554\" data-end=\"1593\">45\u201355 Hz ou 55\u201365 Hz (synchro r\u00e9seau)<\/p>\n<\/li>\n<li data-start=\"1596\" data-end=\"1635\">\n<p data-start=\"1598\" data-end=\"1635\">50 \/ 60 Hz \u00b1 0,1 Hz (mode batterie)<\/p>\n<\/li>\n<\/ul>\n<\/li>\n<li data-start=\"1636\" data-end=\"1675\">\n<p data-start=\"1638\" data-end=\"1675\"><strong data-start=\"1638\" data-end=\"1654\">Forme d\u2019onde<\/strong> : Sinuso\u00efdale pure<\/p>\n<\/li>\n<li data-start=\"1676\" data-end=\"1710\">\n<p data-start=\"1678\" data-end=\"1710\"><strong data-start=\"1678\" data-end=\"1702\">Facteur de puissance<\/strong> : 0,9<\/p>\n<\/li>\n<li data-start=\"1711\" data-end=\"1778\">\n<p data-start=\"1713\" data-end=\"1778\"><strong data-start=\"1713\" data-end=\"1721\">THDv<\/strong> : \u2264 2 % (charge lin\u00e9aire), \u2264 5 % (charge non lin\u00e9aire)<\/p>\n<\/li>\n<li data-start=\"1779\" data-end=\"1805\">\n<p data-start=\"1781\" data-end=\"1805\"><strong data-start=\"1781\" data-end=\"1797\">Crest Factor<\/strong> : 3:1<\/p>\n<\/li>\n<li data-start=\"1806\" data-end=\"1943\">\n<p data-start=\"1808\" data-end=\"1837\"><strong data-start=\"1808\" data-end=\"1833\">Capacit\u00e9 de surcharge<\/strong> :<\/p>\n<ul data-start=\"1840\" data-end=\"1943\">\n<li data-start=\"1840\" data-end=\"1874\">\n<p data-start=\"1842\" data-end=\"1874\">105 % \u2013 125 % pendant 1 minute<\/p>\n<\/li>\n<li data-start=\"1877\" data-end=\"1914\">\n<p data-start=\"1879\" data-end=\"1914\">125 % \u2013 150 % pendant 30 secondes<\/p>\n<\/li>\n<li data-start=\"1917\" data-end=\"1943\">\n<blockquote data-start=\"1919\" data-end=\"1943\">\n<p data-start=\"1921\" data-end=\"1943\">150 % pendant 300 ms<\/p>\n<\/blockquote>\n<\/li>\n<\/ul>\n<\/li>\n<li data-start=\"1944\" data-end=\"2031\">\n<p data-start=\"1946\" data-end=\"2031\"><strong data-start=\"1946\" data-end=\"1968\">Temps de transfert<\/strong> : 0 ms (secteur \u2192 batterie) \/ 4 ms typique (batterie \u2192 bypass)<\/p>\n<\/li>\n<\/ul>\n<h4 data-start=\"2038\" data-end=\"2058\"><strong data-start=\"2046\" data-end=\"2058\">Batterie<\/strong><\/h4>\n<ul data-start=\"2059\" data-end=\"2359\">\n<li data-start=\"2059\" data-end=\"2109\">\n<p data-start=\"2061\" data-end=\"2109\"><strong data-start=\"2061\" data-end=\"2075\">Tension DC<\/strong> : 192 V (16 batteries en s\u00e9rie)<\/p>\n<\/li>\n<li data-start=\"2110\" data-end=\"2165\">\n<p data-start=\"2112\" data-end=\"2165\"><strong data-start=\"2112\" data-end=\"2120\">Type<\/strong> : Batteries scell\u00e9es sans entretien (VRLA)<\/p>\n<\/li>\n<li data-start=\"2166\" data-end=\"2217\">\n<p data-start=\"2168\" data-end=\"2217\"><strong data-start=\"2168\" data-end=\"2194\">Courant de charge max.<\/strong> : 6 A (configurable)<\/p>\n<\/li>\n<li data-start=\"2218\" data-end=\"2295\">\n<p data-start=\"2220\" data-end=\"2295\"><strong data-start=\"2220\" data-end=\"2241\">Temps de recharge<\/strong> : env. 3 h pour 90 % de la capacit\u00e9 (mode standard)<\/p>\n<\/li>\n<li data-start=\"2296\" data-end=\"2359\">\n<p data-start=\"2298\" data-end=\"2359\"><strong data-start=\"2298\" data-end=\"2326\">Gestion intelligente ABM<\/strong> : pour optimiser la dur\u00e9e de vie<\/p>\n<\/li>\n<\/ul>\n<h3 data-start=\"3213\" data-end=\"3249\"><strong data-start=\"3220\" data-end=\"3249\">Fonction SNMP \u2013 Avantages<\/strong><\/h3>\n<p data-start=\"3250\" data-end=\"3327\">L\u2019ajout de la carte <strong data-start=\"3270\" data-end=\"3315\">SNMP (Simple Network Management Protocol)<\/strong> permet de :<\/p>\n<ul data-start=\"3328\" data-end=\"3725\">\n<li data-start=\"3328\" data-end=\"3442\">\n<p data-start=\"3330\" data-end=\"3442\"><strong data-start=\"3333\" data-end=\"3358\">Surveiller \u00e0 distance<\/strong> l\u2019\u00e9tat de l\u2019onduleur (tension, charge, autonomie, alarmes) via un navigateur web.<\/p>\n<\/li>\n<li data-start=\"3443\" data-end=\"3518\">\n<p data-start=\"3445\" data-end=\"3518\">\u00a0Recevoir des <strong data-start=\"3461\" data-end=\"3496\">alertes automatiques par e-mail<\/strong> en cas d\u2019\u00e9v\u00e9nement.<\/p>\n<\/li>\n<li data-start=\"3519\" data-end=\"3590\">\n<p data-start=\"3521\" data-end=\"3590\">\u00a0Int\u00e9grer l\u2019onduleur dans un syst\u00e8me de supervision r\u00e9seau (NMS).<\/p>\n<\/li>\n<li data-start=\"3591\" data-end=\"3649\">\n<p data-start=\"3593\" data-end=\"3649\">\u00a0Programmer des arr\u00eats et red\u00e9marrages automatiques.<\/p>\n<\/li>\n<li data-start=\"3650\" data-end=\"3725\">\n<p data-start=\"3652\" data-end=\"3725\">\u00a0G\u00e9rer plusieurs onduleurs \u00e0 distance \u00e0 partir d\u2019une seule interface.<\/p>\n<\/li>\n<\/ul>\n","protected":false},"excerpt":{"rendered":"<p>L\u2019EA906 \u2013 6 kVA est un onduleur On-Line double conversion haute fr\u00e9quence con\u00e7u pour assurer une alimentation \u00e9lectrique stable et ininterrompue aux syst\u00e8mes critiques tels que les centres de donn\u00e9es,<\/p>\n","protected":false},"featured_media":9207,"comment_status":"open","ping_status":"closed","template":"","meta":{"_acf_changed":false,"content-type":""},"product_brand":[390],"product_cat":[345],"product_tag":[],"class_list":{"0":"post-9206","1":"product","2":"type-product","3":"status-publish","4":"has-post-thumbnail","6":"product_brand-east","7":"product_cat-onduleurs","9":"first","10":"instock","11":"shipping-taxable","12":"purchasable","13":"product-type-simple"},"acf":[],"yoast_head":"<!-- This site is optimized with the Yoast SEO plugin v27.3 - https:\/\/yoast.com\/product\/yoast-seo-wordpress\/ -->\n<title>Onduleur EAST On-Line Monophas\u00e9 Tour EA906 \u2013 6 kVA \/ 5400 W avec SNMP - BTMT ELECTRIC \u2013 Solutions \u00c9lectriques Fiables et Innovantes<\/title>\n<meta name=\"robots\" content=\"index, follow, max-snippet:-1, max-image-preview:large, max-video-preview:-1\" \/>\n<link rel=\"canonical\" href=\"https:\/\/btmtelectric.com\/index.php\/product\/onduleur-on-line-monophase-tour-ea906-6-kva-5400-w-avec-snmp\/\" \/>\n<meta property=\"og:locale\" content=\"fr_FR\" \/>\n<meta property=\"og:type\" content=\"article\" \/>\n<meta property=\"og:title\" content=\"Onduleur EAST On-Line Monophas\u00e9 Tour EA906 \u2013 6 kVA \/ 5400 W avec SNMP - BTMT ELECTRIC \u2013 Solutions \u00c9lectriques Fiables et Innovantes\" \/>\n<meta property=\"og:description\" content=\"L\u2019EA906 \u2013 6 kVA est un onduleur On-Line double conversion haute fr\u00e9quence con\u00e7u pour assurer une alimentation \u00e9lectrique stable et ininterrompue aux syst\u00e8mes critiques tels que les centres de donn\u00e9es,\" \/>\n<meta property=\"og:url\" content=\"https:\/\/btmtelectric.com\/index.php\/product\/onduleur-on-line-monophase-tour-ea906-6-kva-5400-w-avec-snmp\/\" \/>\n<meta property=\"og:site_name\" content=\"BTMT ELECTRIC \u2013 Solutions \u00c9lectriques Fiables et Innovantes\" \/>\n<meta property=\"article:publisher\" content=\"https:\/\/www.facebook.com\/profile.php?id=61578000361796\" \/>\n<meta property=\"article:modified_time\" content=\"2025-10-06T14:22:06+00:00\" \/>\n<meta property=\"og:image\" content=\"https:\/\/btmtelectric.com\/wp-content\/uploads\/2025\/10\/ChatGPT-Image-4-oct.-2025-13_10_38.png\" \/>\n\t<meta property=\"og:image:width\" content=\"1024\" \/>\n\t<meta property=\"og:image:height\" content=\"1024\" \/>\n\t<meta property=\"og:image:type\" content=\"image\/png\" \/>\n<meta name=\"twitter:card\" content=\"summary_large_image\" \/>\n<meta name=\"twitter:label1\" content=\"Dur\u00e9e de lecture estim\u00e9e\" \/>\n\t<meta name=\"twitter:data1\" content=\"2 minutes\" \/>\n<script type=\"application\/ld+json\" class=\"yoast-schema-graph\">{\"@context\":\"https:\\\/\\\/schema.org\",\"@graph\":[{\"@type\":\"WebPage\",\"@id\":\"https:\\\/\\\/btmtelectric.com\\\/index.php\\\/product\\\/onduleur-on-line-monophase-tour-ea906-6-kva-5400-w-avec-snmp\\\/\",\"url\":\"https:\\\/\\\/btmtelectric.com\\\/index.php\\\/product\\\/onduleur-on-line-monophase-tour-ea906-6-kva-5400-w-avec-snmp\\\/\",\"name\":\"Onduleur EAST On-Line Monophas\u00e9 Tour EA906 \u2013 6 kVA \\\/ 5400 W avec SNMP - BTMT ELECTRIC \u2013 Solutions \u00c9lectriques Fiables et Innovantes\",\"isPartOf\":{\"@id\":\"https:\\\/\\\/btmtelectric.com\\\/#website\"},\"primaryImageOfPage\":{\"@id\":\"https:\\\/\\\/btmtelectric.com\\\/index.php\\\/product\\\/onduleur-on-line-monophase-tour-ea906-6-kva-5400-w-avec-snmp\\\/#primaryimage\"},\"image\":{\"@id\":\"https:\\\/\\\/btmtelectric.com\\\/index.php\\\/product\\\/onduleur-on-line-monophase-tour-ea906-6-kva-5400-w-avec-snmp\\\/#primaryimage\"},\"thumbnailUrl\":\"https:\\\/\\\/btmtelectric.com\\\/wp-content\\\/uploads\\\/2025\\\/10\\\/ChatGPT-Image-4-oct.-2025-13_10_38.png\",\"datePublished\":\"2025-10-04T12:12:02+00:00\",\"dateModified\":\"2025-10-06T14:22:06+00:00\",\"breadcrumb\":{\"@id\":\"https:\\\/\\\/btmtelectric.com\\\/index.php\\\/product\\\/onduleur-on-line-monophase-tour-ea906-6-kva-5400-w-avec-snmp\\\/#breadcrumb\"},\"inLanguage\":\"fr-FR\",\"potentialAction\":[{\"@type\":\"ReadAction\",\"target\":[\"https:\\\/\\\/btmtelectric.com\\\/index.php\\\/product\\\/onduleur-on-line-monophase-tour-ea906-6-kva-5400-w-avec-snmp\\\/\"]}]},{\"@type\":\"ImageObject\",\"inLanguage\":\"fr-FR\",\"@id\":\"https:\\\/\\\/btmtelectric.com\\\/index.php\\\/product\\\/onduleur-on-line-monophase-tour-ea906-6-kva-5400-w-avec-snmp\\\/#primaryimage\",\"url\":\"https:\\\/\\\/btmtelectric.com\\\/wp-content\\\/uploads\\\/2025\\\/10\\\/ChatGPT-Image-4-oct.-2025-13_10_38.png\",\"contentUrl\":\"https:\\\/\\\/btmtelectric.com\\\/wp-content\\\/uploads\\\/2025\\\/10\\\/ChatGPT-Image-4-oct.-2025-13_10_38.png\",\"width\":1024,\"height\":1024},{\"@type\":\"BreadcrumbList\",\"@id\":\"https:\\\/\\\/btmtelectric.com\\\/index.php\\\/product\\\/onduleur-on-line-monophase-tour-ea906-6-kva-5400-w-avec-snmp\\\/#breadcrumb\",\"itemListElement\":[{\"@type\":\"ListItem\",\"position\":1,\"name\":\"Accueil\",\"item\":\"https:\\\/\\\/btmtelectric.com\\\/\"},{\"@type\":\"ListItem\",\"position\":2,\"name\":\"Boutique\",\"item\":\"https:\\\/\\\/btmtelectric.com\\\/index.php\\\/boutique\\\/\"},{\"@type\":\"ListItem\",\"position\":3,\"name\":\"Onduleur EAST On-Line Monophas\u00e9 Tour EA906 \u2013 6 kVA \\\/ 5400 W avec SNMP\"}]},{\"@type\":\"WebSite\",\"@id\":\"https:\\\/\\\/btmtelectric.com\\\/#website\",\"url\":\"https:\\\/\\\/btmtelectric.com\\\/\",\"name\":\"BTMT ELECTRIC \u2013 Solutions \u00c9lectriques Fiables et Innovantes\",\"description\":\"\",\"publisher\":{\"@id\":\"https:\\\/\\\/btmtelectric.com\\\/#organization\"},\"potentialAction\":[{\"@type\":\"SearchAction\",\"target\":{\"@type\":\"EntryPoint\",\"urlTemplate\":\"https:\\\/\\\/btmtelectric.com\\\/?s={search_term_string}\"},\"query-input\":{\"@type\":\"PropertyValueSpecification\",\"valueRequired\":true,\"valueName\":\"search_term_string\"}}],\"inLanguage\":\"fr-FR\"},{\"@type\":\"Organization\",\"@id\":\"https:\\\/\\\/btmtelectric.com\\\/#organization\",\"name\":\"BTMT ELECTRIC \u2013 Solutions \u00c9lectriques Fiables et Innovantes\",\"url\":\"https:\\\/\\\/btmtelectric.com\\\/\",\"logo\":{\"@type\":\"ImageObject\",\"inLanguage\":\"fr-FR\",\"@id\":\"https:\\\/\\\/btmtelectric.com\\\/#\\\/schema\\\/logo\\\/image\\\/\",\"url\":\"https:\\\/\\\/btmtelectric.com\\\/wp-content\\\/uploads\\\/2025\\\/07\\\/WhatsApp_Image_2025-07-09_at_11.45.18_AM-removebg-preview-1.png\",\"contentUrl\":\"https:\\\/\\\/btmtelectric.com\\\/wp-content\\\/uploads\\\/2025\\\/07\\\/WhatsApp_Image_2025-07-09_at_11.45.18_AM-removebg-preview-1.png\",\"width\":175,\"height\":42,\"caption\":\"BTMT ELECTRIC \u2013 Solutions \u00c9lectriques Fiables et Innovantes\"},\"image\":{\"@id\":\"https:\\\/\\\/btmtelectric.com\\\/#\\\/schema\\\/logo\\\/image\\\/\"},\"sameAs\":[\"https:\\\/\\\/www.facebook.com\\\/profile.php?id=61578000361796\",\"https:\\\/\\\/www.instagram.com\\\/btmtelectric\\\/\"]}]}<\/script>\n<!-- \/ Yoast SEO plugin. -->","yoast_head_json":{"title":"Onduleur EAST On-Line Monophas\u00e9 Tour EA906 \u2013 6 kVA \/ 5400 W avec SNMP - BTMT ELECTRIC \u2013 Solutions \u00c9lectriques Fiables et Innovantes","robots":{"index":"index","follow":"follow","max-snippet":"max-snippet:-1","max-image-preview":"max-image-preview:large","max-video-preview":"max-video-preview:-1"},"canonical":"https:\/\/btmtelectric.com\/index.php\/product\/onduleur-on-line-monophase-tour-ea906-6-kva-5400-w-avec-snmp\/","og_locale":"fr_FR","og_type":"article","og_title":"Onduleur EAST On-Line Monophas\u00e9 Tour EA906 \u2013 6 kVA \/ 5400 W avec SNMP - BTMT ELECTRIC \u2013 Solutions \u00c9lectriques Fiables et Innovantes","og_description":"L\u2019EA906 \u2013 6 kVA est un onduleur On-Line double conversion haute fr\u00e9quence con\u00e7u pour assurer une alimentation \u00e9lectrique stable et ininterrompue aux syst\u00e8mes critiques tels que les centres de donn\u00e9es,","og_url":"https:\/\/btmtelectric.com\/index.php\/product\/onduleur-on-line-monophase-tour-ea906-6-kva-5400-w-avec-snmp\/","og_site_name":"BTMT ELECTRIC \u2013 Solutions \u00c9lectriques Fiables et Innovantes","article_publisher":"https:\/\/www.facebook.com\/profile.php?id=61578000361796","article_modified_time":"2025-10-06T14:22:06+00:00","og_image":[{"width":1024,"height":1024,"url":"https:\/\/btmtelectric.com\/wp-content\/uploads\/2025\/10\/ChatGPT-Image-4-oct.-2025-13_10_38.png","type":"image\/png"}],"twitter_card":"summary_large_image","twitter_misc":{"Dur\u00e9e de lecture estim\u00e9e":"2 minutes"},"schema":{"@context":"https:\/\/schema.org","@graph":[{"@type":"WebPage","@id":"https:\/\/btmtelectric.com\/index.php\/product\/onduleur-on-line-monophase-tour-ea906-6-kva-5400-w-avec-snmp\/","url":"https:\/\/btmtelectric.com\/index.php\/product\/onduleur-on-line-monophase-tour-ea906-6-kva-5400-w-avec-snmp\/","name":"Onduleur EAST On-Line Monophas\u00e9 Tour EA906 \u2013 6 kVA \/ 5400 W avec SNMP - BTMT ELECTRIC \u2013 Solutions \u00c9lectriques Fiables et Innovantes","isPartOf":{"@id":"https:\/\/btmtelectric.com\/#website"},"primaryImageOfPage":{"@id":"https:\/\/btmtelectric.com\/index.php\/product\/onduleur-on-line-monophase-tour-ea906-6-kva-5400-w-avec-snmp\/#primaryimage"},"image":{"@id":"https:\/\/btmtelectric.com\/index.php\/product\/onduleur-on-line-monophase-tour-ea906-6-kva-5400-w-avec-snmp\/#primaryimage"},"thumbnailUrl":"https:\/\/btmtelectric.com\/wp-content\/uploads\/2025\/10\/ChatGPT-Image-4-oct.-2025-13_10_38.png","datePublished":"2025-10-04T12:12:02+00:00","dateModified":"2025-10-06T14:22:06+00:00","breadcrumb":{"@id":"https:\/\/btmtelectric.com\/index.php\/product\/onduleur-on-line-monophase-tour-ea906-6-kva-5400-w-avec-snmp\/#breadcrumb"},"inLanguage":"fr-FR","potentialAction":[{"@type":"ReadAction","target":["https:\/\/btmtelectric.com\/index.php\/product\/onduleur-on-line-monophase-tour-ea906-6-kva-5400-w-avec-snmp\/"]}]},{"@type":"ImageObject","inLanguage":"fr-FR","@id":"https:\/\/btmtelectric.com\/index.php\/product\/onduleur-on-line-monophase-tour-ea906-6-kva-5400-w-avec-snmp\/#primaryimage","url":"https:\/\/btmtelectric.com\/wp-content\/uploads\/2025\/10\/ChatGPT-Image-4-oct.-2025-13_10_38.png","contentUrl":"https:\/\/btmtelectric.com\/wp-content\/uploads\/2025\/10\/ChatGPT-Image-4-oct.-2025-13_10_38.png","width":1024,"height":1024},{"@type":"BreadcrumbList","@id":"https:\/\/btmtelectric.com\/index.php\/product\/onduleur-on-line-monophase-tour-ea906-6-kva-5400-w-avec-snmp\/#breadcrumb","itemListElement":[{"@type":"ListItem","position":1,"name":"Accueil","item":"https:\/\/btmtelectric.com\/"},{"@type":"ListItem","position":2,"name":"Boutique","item":"https:\/\/btmtelectric.com\/index.php\/boutique\/"},{"@type":"ListItem","position":3,"name":"Onduleur EAST On-Line Monophas\u00e9 Tour EA906 \u2013 6 kVA \/ 5400 W avec SNMP"}]},{"@type":"WebSite","@id":"https:\/\/btmtelectric.com\/#website","url":"https:\/\/btmtelectric.com\/","name":"BTMT ELECTRIC \u2013 Solutions \u00c9lectriques Fiables et Innovantes","description":"","publisher":{"@id":"https:\/\/btmtelectric.com\/#organization"},"potentialAction":[{"@type":"SearchAction","target":{"@type":"EntryPoint","urlTemplate":"https:\/\/btmtelectric.com\/?s={search_term_string}"},"query-input":{"@type":"PropertyValueSpecification","valueRequired":true,"valueName":"search_term_string"}}],"inLanguage":"fr-FR"},{"@type":"Organization","@id":"https:\/\/btmtelectric.com\/#organization","name":"BTMT ELECTRIC \u2013 Solutions \u00c9lectriques Fiables et Innovantes","url":"https:\/\/btmtelectric.com\/","logo":{"@type":"ImageObject","inLanguage":"fr-FR","@id":"https:\/\/btmtelectric.com\/#\/schema\/logo\/image\/","url":"https:\/\/btmtelectric.com\/wp-content\/uploads\/2025\/07\/WhatsApp_Image_2025-07-09_at_11.45.18_AM-removebg-preview-1.png","contentUrl":"https:\/\/btmtelectric.com\/wp-content\/uploads\/2025\/07\/WhatsApp_Image_2025-07-09_at_11.45.18_AM-removebg-preview-1.png","width":175,"height":42,"caption":"BTMT ELECTRIC \u2013 Solutions \u00c9lectriques Fiables et Innovantes"},"image":{"@id":"https:\/\/btmtelectric.com\/#\/schema\/logo\/image\/"},"sameAs":["https:\/\/www.facebook.com\/profile.php?id=61578000361796","https:\/\/www.instagram.com\/btmtelectric\/"]}]}},"_links":{"self":[{"href":"https:\/\/btmtelectric.com\/index.php\/wp-json\/wp\/v2\/product\/9206","targetHints":{"allow":["GET"]}}],"collection":[{"href":"https:\/\/btmtelectric.com\/index.php\/wp-json\/wp\/v2\/product"}],"about":[{"href":"https:\/\/btmtelectric.com\/index.php\/wp-json\/wp\/v2\/types\/product"}],"replies":[{"embeddable":true,"href":"https:\/\/btmtelectric.com\/index.php\/wp-json\/wp\/v2\/comments?post=9206"}],"wp:featuredmedia":[{"embeddable":true,"href":"https:\/\/btmtelectric.com\/index.php\/wp-json\/wp\/v2\/media\/9207"}],"wp:attachment":[{"href":"https:\/\/btmtelectric.com\/index.php\/wp-json\/wp\/v2\/media?parent=9206"}],"wp:term":[{"taxonomy":"product_brand","embeddable":true,"href":"https:\/\/btmtelectric.com\/index.php\/wp-json\/wp\/v2\/product_brand?post=9206"},{"taxonomy":"product_cat","embeddable":true,"href":"https:\/\/btmtelectric.com\/index.php\/wp-json\/wp\/v2\/product_cat?post=9206"},{"taxonomy":"product_tag","embeddable":true,"href":"https:\/\/btmtelectric.com\/index.php\/wp-json\/wp\/v2\/product_tag?post=9206"}],"curies":[{"name":"wp","href":"https:\/\/api.w.org\/{rel}","templated":true}]}}