{"id":9202,"date":"2025-10-04T11:45:20","date_gmt":"2025-10-04T11:45:20","guid":{"rendered":"https:\/\/btmtelectric.com\/?post_type=product&#038;p=9202"},"modified":"2025-10-06T14:23:23","modified_gmt":"2025-10-06T14:23:23","slug":"onduleur-on-line-monophase-tour-ea906-6-kva-5400-w","status":"publish","type":"product","link":"https:\/\/btmtelectric.com\/index.php\/product\/onduleur-on-line-monophase-tour-ea906-6-kva-5400-w\/","title":{"rendered":"Onduleur EAST On-Line Monophas\u00e9 Tour EA906 \u2013 6 kVA \/ 5400 W"},"content":{"rendered":"<p data-start=\"341\" data-end=\"676\">L\u2019<strong data-start=\"343\" data-end=\"360\">EA906 \u2013 6 kVA<\/strong> est un <strong data-start=\"368\" data-end=\"424\">onduleur On-Line \u00e0 double conversion haute fr\u00e9quence<\/strong>, con\u00e7u pour offrir une <strong data-start=\"448\" data-end=\"502\">alimentation \u00e9lectrique stable, propre et continue<\/strong> \u00e0 des installations professionnelles exigeantes : <strong data-start=\"553\" data-end=\"575\">centres de donn\u00e9es<\/strong>, serveurs, \u00e9quipements de s\u00e9curit\u00e9, syst\u00e8mes industriels l\u00e9gers et dispositifs m\u00e9dicaux sensibles.<\/p>\n<p data-start=\"678\" data-end=\"1021\">Gr\u00e2ce \u00e0 sa <strong data-start=\"689\" data-end=\"735\">technologie DSP (Digital Signal Processor)<\/strong> et \u00e0 la <strong data-start=\"744\" data-end=\"796\">correction active du facteur de puissance (APFC)<\/strong>, il assure une alimentation de qualit\u00e9 sup\u00e9rieure avec un facteur de puissance en entr\u00e9e \u00e9lev\u00e9 (jusqu\u2019\u00e0 0,99) et une <strong data-start=\"914\" data-end=\"949\">onde de sortie sinuso\u00efdale pure<\/strong>, adapt\u00e9e aux charges informatiques et \u00e9lectroniques les plus sensibles.<\/p>\n<p data-start=\"1023\" data-end=\"1361\">Sa <strong data-start=\"1026\" data-end=\"1077\">large plage de tension d\u2019entr\u00e9e (110 V \u2013 300 V)<\/strong> et sa r\u00e9gulation automatique permettent de <strong data-start=\"1121\" data-end=\"1165\">r\u00e9duire les sollicitations des batteries<\/strong>, optimisant ainsi leur dur\u00e9e de vie. L\u2019affichage <strong data-start=\"1215\" data-end=\"1237\">LCD + LED intuitif<\/strong> donne une visibilit\u00e9 instantan\u00e9e sur les tensions d\u2019entr\u00e9e et de sortie, la fr\u00e9quence, la charge et l\u2019autonomie restante.<\/p>\n<h3 data-start=\"1368\" data-end=\"1435\"><strong data-start=\"1375\" data-end=\"1435\">Caract\u00e9ristiques fonctionnelles \u2013 EA906 (6 kVA \/ 5400 W)<\/strong><\/h3>\n<h4 data-start=\"1437\" data-end=\"1455\">\ud83d\udd38 <strong data-start=\"1445\" data-end=\"1455\">Entr\u00e9e<\/strong><\/h4>\n<ul data-start=\"1456\" data-end=\"1811\">\n<li data-start=\"1456\" data-end=\"1508\">\n<p data-start=\"1458\" data-end=\"1508\"><strong data-start=\"1458\" data-end=\"1478\">Tension nominale<\/strong> : 208 \/ 220 \/ 230 \/ 240 VAC<\/p>\n<\/li>\n<li data-start=\"1509\" data-end=\"1676\">\n<p data-start=\"1511\" data-end=\"1535\"><strong data-start=\"1511\" data-end=\"1531\">Plage de tension<\/strong> :<\/p>\n<ul data-start=\"1538\" data-end=\"1676\">\n<li data-start=\"1538\" data-end=\"1596\">\n<p data-start=\"1540\" data-end=\"1596\">110 \u2013 176 VAC (lin\u00e9aire entre 50 % et 100 % de charge)<\/p>\n<\/li>\n<li data-start=\"1599\" data-end=\"1636\">\n<p data-start=\"1601\" data-end=\"1636\">176 \u2013 280 VAC (sans d\u00e9classement)<\/p>\n<\/li>\n<li data-start=\"1639\" data-end=\"1676\">\n<p data-start=\"1641\" data-end=\"1676\">280 \u2013 300 VAC (d\u00e9classement 50 %)<\/p>\n<\/li>\n<\/ul>\n<\/li>\n<li data-start=\"1677\" data-end=\"1724\">\n<p data-start=\"1679\" data-end=\"1724\"><strong data-start=\"1679\" data-end=\"1692\">Fr\u00e9quence<\/strong> : 40 \u2013 70 Hz (auto-d\u00e9tection)<\/p>\n<\/li>\n<li data-start=\"1725\" data-end=\"1762\">\n<p data-start=\"1727\" data-end=\"1762\"><strong data-start=\"1727\" data-end=\"1751\">Facteur de puissance<\/strong> : \u2265 0,99<\/p>\n<\/li>\n<li data-start=\"1763\" data-end=\"1811\">\n<p data-start=\"1765\" data-end=\"1811\"><strong data-start=\"1765\" data-end=\"1784\">Plage de bypass<\/strong> : \u221225 % \u00e0 +15 % (r\u00e9glable)<\/p>\n<\/li>\n<\/ul>\n<h4 data-start=\"1818\" data-end=\"1836\"><strong data-start=\"1826\" data-end=\"1836\">Sortie<\/strong><\/h4>\n<ul data-start=\"1837\" data-end=\"2511\">\n<li data-start=\"1837\" data-end=\"1873\">\n<p data-start=\"1839\" data-end=\"1873\"><strong data-start=\"1839\" data-end=\"1852\">Puissance<\/strong> : 6000 VA \/ 5400 W<\/p>\n<\/li>\n<li data-start=\"1874\" data-end=\"1946\">\n<p data-start=\"1876\" data-end=\"1946\"><strong data-start=\"1876\" data-end=\"1897\">Tension de sortie<\/strong> : 208 \/ 220 \/ 230 \/ 240 VAC (r\u00e9glable via LCD)<\/p>\n<\/li>\n<li data-start=\"1947\" data-end=\"1984\">\n<p data-start=\"1949\" data-end=\"1984\"><strong data-start=\"1949\" data-end=\"1974\">R\u00e9gulation de tension<\/strong> : \u00b1 1 %<\/p>\n<\/li>\n<li data-start=\"1985\" data-end=\"2098\">\n<p data-start=\"1987\" data-end=\"2014\"><strong data-start=\"1987\" data-end=\"2010\">Fr\u00e9quence de sortie<\/strong> :<\/p>\n<ul data-start=\"2017\" data-end=\"2098\">\n<li data-start=\"2017\" data-end=\"2058\">\n<p data-start=\"2019\" data-end=\"2058\">45\u201355 Hz ou 55\u201365 Hz (synchro r\u00e9seau)<\/p>\n<\/li>\n<li data-start=\"2061\" data-end=\"2098\">\n<p data-start=\"2063\" data-end=\"2098\">50\/60 Hz \u00b1 0,1 Hz (mode batterie)<\/p>\n<\/li>\n<\/ul>\n<\/li>\n<li data-start=\"2099\" data-end=\"2138\">\n<p data-start=\"2101\" data-end=\"2138\"><strong data-start=\"2101\" data-end=\"2117\">Forme d\u2019onde<\/strong> : Sinuso\u00efdale pure<\/p>\n<\/li>\n<li data-start=\"2139\" data-end=\"2173\">\n<p data-start=\"2141\" data-end=\"2173\"><strong data-start=\"2141\" data-end=\"2165\">Facteur de puissance<\/strong> : 0,9<\/p>\n<\/li>\n<li data-start=\"2174\" data-end=\"2258\">\n<p data-start=\"2176\" data-end=\"2258\"><strong data-start=\"2176\" data-end=\"2208\">Distorsion harmonique (THDv)<\/strong> : \u2264 2 % (charge lin\u00e9aire), \u2264 5 % (non lin\u00e9aire)<\/p>\n<\/li>\n<li data-start=\"2259\" data-end=\"2285\">\n<p data-start=\"2261\" data-end=\"2285\"><strong data-start=\"2261\" data-end=\"2277\">Crest Factor<\/strong> : 3:1<\/p>\n<\/li>\n<li data-start=\"2286\" data-end=\"2423\">\n<p data-start=\"2288\" data-end=\"2317\"><strong data-start=\"2288\" data-end=\"2313\">Capacit\u00e9 de surcharge<\/strong> :<\/p>\n<ul data-start=\"2320\" data-end=\"2423\">\n<li data-start=\"2320\" data-end=\"2354\">\n<p data-start=\"2322\" data-end=\"2354\">105 % \u2013 125 % pendant 1 minute<\/p>\n<\/li>\n<li data-start=\"2357\" data-end=\"2394\">\n<p data-start=\"2359\" data-end=\"2394\">125 % \u2013 150 % pendant 30 secondes<\/p>\n<\/li>\n<li data-start=\"2397\" data-end=\"2423\">\n<blockquote data-start=\"2399\" data-end=\"2423\">\n<p data-start=\"2401\" data-end=\"2423\">150 % pendant 300 ms<\/p>\n<\/blockquote>\n<\/li>\n<\/ul>\n<\/li>\n<li data-start=\"2424\" data-end=\"2511\">\n<p data-start=\"2426\" data-end=\"2511\"><strong data-start=\"2426\" data-end=\"2448\">Temps de transfert<\/strong> : 0 ms (secteur \u2192 batterie) \/ 4 ms typique (batterie \u2192 bypass)<\/p>\n<h4 data-start=\"2518\" data-end=\"2538\"><strong data-start=\"2526\" data-end=\"2538\">Batterie<\/strong><\/h4>\n<ul data-start=\"2539\" data-end=\"2874\">\n<li data-start=\"2539\" data-end=\"2580\">\n<p data-start=\"2541\" data-end=\"2580\"><strong data-start=\"2541\" data-end=\"2555\">Tension DC<\/strong> : 192 V (16 batteries)<\/p>\n<\/li>\n<li data-start=\"2581\" data-end=\"2629\">\n<p data-start=\"2583\" data-end=\"2629\"><strong data-start=\"2583\" data-end=\"2591\">Type<\/strong> : batteries scell\u00e9es sans entretien<\/p>\n<\/li>\n<li data-start=\"2630\" data-end=\"2688\">\n<p data-start=\"2632\" data-end=\"2688\"><strong data-start=\"2632\" data-end=\"2658\">Courant de charge max.<\/strong> : 6 A (selon configuration)<\/p>\n<\/li>\n<li data-start=\"2689\" data-end=\"2774\">\n<p data-start=\"2691\" data-end=\"2774\"><strong data-start=\"2691\" data-end=\"2712\">Temps de recharge<\/strong> : environ 3 heures pour 90 % de la capacit\u00e9 (mode standard)<\/p>\n<\/li>\n<li data-start=\"2775\" data-end=\"2874\">\n<p data-start=\"2777\" data-end=\"2874\"><strong data-start=\"2777\" data-end=\"2800\">Gestion avanc\u00e9e ABM<\/strong> : prolonge la dur\u00e9e de vie des batteries et optimise les cycles de charge<\/p>\n<\/li>\n<\/ul>\n<\/li>\n<li>\n<h4 data-start=\"2881\" data-end=\"2900\"><strong data-start=\"2889\" data-end=\"2900\">Syst\u00e8me<\/strong><\/h4>\n<ul data-start=\"2901\" data-end=\"3354\">\n<li data-start=\"2901\" data-end=\"3005\">\n<p data-start=\"2903\" data-end=\"2921\"><strong data-start=\"2903\" data-end=\"2917\">Efficacit\u00e9<\/strong> :<\/p>\n<ul data-start=\"2924\" data-end=\"3005\">\n<li data-start=\"2924\" data-end=\"2950\">\n<p data-start=\"2926\" data-end=\"2950\">\u2265 94 % en mode secteur<\/p>\n<\/li>\n<li data-start=\"2953\" data-end=\"2980\">\n<p data-start=\"2955\" data-end=\"2980\">\u2265 89 % en mode batterie<\/p>\n<\/li>\n<li data-start=\"2983\" data-end=\"3005\">\n<p data-start=\"2985\" data-end=\"3005\">\u2265 98 % en mode ECO<\/p>\n<\/li>\n<\/ul>\n<\/li>\n<li data-start=\"3006\" data-end=\"3128\">\n<p data-start=\"3008\" data-end=\"3027\"><strong data-start=\"3008\" data-end=\"3023\">Protections<\/strong> :<\/p>\n<ul data-start=\"3030\" data-end=\"3128\">\n<li data-start=\"3030\" data-end=\"3047\">\n<p data-start=\"3032\" data-end=\"3047\">Court-circuit<\/p>\n<\/li>\n<li data-start=\"3050\" data-end=\"3063\">\n<p data-start=\"3052\" data-end=\"3063\">Surcharge<\/p>\n<\/li>\n<li data-start=\"3066\" data-end=\"3087\">\n<p data-start=\"3068\" data-end=\"3087\">D\u00e9charge batterie<\/p>\n<\/li>\n<li data-start=\"3090\" data-end=\"3128\">\n<p data-start=\"3092\" data-end=\"3128\">Surtension et protection thermique<\/p>\n<\/li>\n<\/ul>\n<\/li>\n<li data-start=\"3129\" data-end=\"3226\">\n<p data-start=\"3131\" data-end=\"3152\"><strong data-start=\"3131\" data-end=\"3148\">Communication<\/strong> :<\/p>\n<ul data-start=\"3155\" data-end=\"3226\">\n<li data-start=\"3155\" data-end=\"3173\">\n<p data-start=\"3157\" data-end=\"3173\">RS232 standard<\/p>\n<\/li>\n<li data-start=\"3176\" data-end=\"3226\">\n<p data-start=\"3178\" data-end=\"3226\">USB \/ RS485 \/ SNMP \/ contacts secs (en option)<\/p>\n<\/li>\n<\/ul>\n<\/li>\n<li data-start=\"3227\" data-end=\"3286\">\n<p data-start=\"3229\" data-end=\"3286\"><strong data-start=\"3229\" data-end=\"3242\">Affichage<\/strong> : LCD + LED pour une supervision compl\u00e8te<\/p>\n<\/li>\n<li data-start=\"3287\" data-end=\"3354\">\n<p data-start=\"3289\" data-end=\"3354\"><strong data-start=\"3289\" data-end=\"3299\">Normes<\/strong> : EN 62040-1 \/ 2 \/ 3, IEC 61000-4 series, IEC 62040-3\u2026<\/p>\n<\/li>\n<\/ul>\n<\/li>\n<\/ul>\n<p>&nbsp;<\/p>\n","protected":false},"excerpt":{"rendered":"<p>L\u2019EA906 \u2013 6 kVA est un onduleur On-Line \u00e0 double conversion haute fr\u00e9quence, con\u00e7u pour offrir une alimentation \u00e9lectrique stable, propre et continue \u00e0 des installations professionnelles exigeantes : centres<\/p>\n","protected":false},"featured_media":9203,"comment_status":"open","ping_status":"closed","template":"","meta":{"_acf_changed":false,"content-type":""},"product_brand":[390],"product_cat":[345],"product_tag":[],"class_list":{"0":"post-9202","1":"product","2":"type-product","3":"status-publish","4":"has-post-thumbnail","6":"product_brand-east","7":"product_cat-onduleurs","9":"first","10":"instock","11":"shipping-taxable","12":"purchasable","13":"product-type-simple"},"acf":[],"yoast_head":"<!-- This site is optimized with the Yoast SEO plugin v27.3 - https:\/\/yoast.com\/product\/yoast-seo-wordpress\/ -->\n<title>Onduleur EAST On-Line Monophas\u00e9 Tour EA906 \u2013 6 kVA \/ 5400 W - BTMT ELECTRIC \u2013 Solutions \u00c9lectriques Fiables et Innovantes<\/title>\n<meta name=\"robots\" content=\"index, follow, max-snippet:-1, max-image-preview:large, max-video-preview:-1\" \/>\n<link rel=\"canonical\" href=\"https:\/\/btmtelectric.com\/index.php\/product\/onduleur-on-line-monophase-tour-ea906-6-kva-5400-w\/\" \/>\n<meta property=\"og:locale\" content=\"fr_FR\" \/>\n<meta property=\"og:type\" content=\"article\" \/>\n<meta property=\"og:title\" content=\"Onduleur EAST On-Line Monophas\u00e9 Tour EA906 \u2013 6 kVA \/ 5400 W - BTMT ELECTRIC \u2013 Solutions \u00c9lectriques Fiables et Innovantes\" \/>\n<meta property=\"og:description\" content=\"L\u2019EA906 \u2013 6 kVA est un onduleur On-Line \u00e0 double conversion haute fr\u00e9quence, con\u00e7u pour offrir une alimentation \u00e9lectrique stable, propre et continue \u00e0 des installations professionnelles exigeantes : centres\" \/>\n<meta property=\"og:url\" content=\"https:\/\/btmtelectric.com\/index.php\/product\/onduleur-on-line-monophase-tour-ea906-6-kva-5400-w\/\" \/>\n<meta property=\"og:site_name\" content=\"BTMT ELECTRIC \u2013 Solutions \u00c9lectriques Fiables et Innovantes\" \/>\n<meta property=\"article:publisher\" content=\"https:\/\/www.facebook.com\/profile.php?id=61578000361796\" \/>\n<meta property=\"article:modified_time\" content=\"2025-10-06T14:23:23+00:00\" \/>\n<meta property=\"og:image\" content=\"https:\/\/btmtelectric.com\/wp-content\/uploads\/2025\/10\/ChatGPT-Image-4-oct.-2025-12_44_30.png\" \/>\n\t<meta property=\"og:image:width\" content=\"1024\" \/>\n\t<meta property=\"og:image:height\" content=\"1024\" \/>\n\t<meta property=\"og:image:type\" content=\"image\/png\" \/>\n<meta name=\"twitter:card\" content=\"summary_large_image\" \/>\n<meta name=\"twitter:label1\" content=\"Dur\u00e9e de lecture estim\u00e9e\" \/>\n\t<meta name=\"twitter:data1\" content=\"2 minutes\" \/>\n<script type=\"application\/ld+json\" class=\"yoast-schema-graph\">{\"@context\":\"https:\\\/\\\/schema.org\",\"@graph\":[{\"@type\":\"WebPage\",\"@id\":\"https:\\\/\\\/btmtelectric.com\\\/index.php\\\/product\\\/onduleur-on-line-monophase-tour-ea906-6-kva-5400-w\\\/\",\"url\":\"https:\\\/\\\/btmtelectric.com\\\/index.php\\\/product\\\/onduleur-on-line-monophase-tour-ea906-6-kva-5400-w\\\/\",\"name\":\"Onduleur EAST On-Line Monophas\u00e9 Tour EA906 \u2013 6 kVA \\\/ 5400 W - BTMT ELECTRIC \u2013 Solutions \u00c9lectriques Fiables et Innovantes\",\"isPartOf\":{\"@id\":\"https:\\\/\\\/btmtelectric.com\\\/#website\"},\"primaryImageOfPage\":{\"@id\":\"https:\\\/\\\/btmtelectric.com\\\/index.php\\\/product\\\/onduleur-on-line-monophase-tour-ea906-6-kva-5400-w\\\/#primaryimage\"},\"image\":{\"@id\":\"https:\\\/\\\/btmtelectric.com\\\/index.php\\\/product\\\/onduleur-on-line-monophase-tour-ea906-6-kva-5400-w\\\/#primaryimage\"},\"thumbnailUrl\":\"https:\\\/\\\/btmtelectric.com\\\/wp-content\\\/uploads\\\/2025\\\/10\\\/ChatGPT-Image-4-oct.-2025-12_44_30.png\",\"datePublished\":\"2025-10-04T11:45:20+00:00\",\"dateModified\":\"2025-10-06T14:23:23+00:00\",\"breadcrumb\":{\"@id\":\"https:\\\/\\\/btmtelectric.com\\\/index.php\\\/product\\\/onduleur-on-line-monophase-tour-ea906-6-kva-5400-w\\\/#breadcrumb\"},\"inLanguage\":\"fr-FR\",\"potentialAction\":[{\"@type\":\"ReadAction\",\"target\":[\"https:\\\/\\\/btmtelectric.com\\\/index.php\\\/product\\\/onduleur-on-line-monophase-tour-ea906-6-kva-5400-w\\\/\"]}]},{\"@type\":\"ImageObject\",\"inLanguage\":\"fr-FR\",\"@id\":\"https:\\\/\\\/btmtelectric.com\\\/index.php\\\/product\\\/onduleur-on-line-monophase-tour-ea906-6-kva-5400-w\\\/#primaryimage\",\"url\":\"https:\\\/\\\/btmtelectric.com\\\/wp-content\\\/uploads\\\/2025\\\/10\\\/ChatGPT-Image-4-oct.-2025-12_44_30.png\",\"contentUrl\":\"https:\\\/\\\/btmtelectric.com\\\/wp-content\\\/uploads\\\/2025\\\/10\\\/ChatGPT-Image-4-oct.-2025-12_44_30.png\",\"width\":1024,\"height\":1024},{\"@type\":\"BreadcrumbList\",\"@id\":\"https:\\\/\\\/btmtelectric.com\\\/index.php\\\/product\\\/onduleur-on-line-monophase-tour-ea906-6-kva-5400-w\\\/#breadcrumb\",\"itemListElement\":[{\"@type\":\"ListItem\",\"position\":1,\"name\":\"Accueil\",\"item\":\"https:\\\/\\\/btmtelectric.com\\\/\"},{\"@type\":\"ListItem\",\"position\":2,\"name\":\"Boutique\",\"item\":\"https:\\\/\\\/btmtelectric.com\\\/index.php\\\/boutique\\\/\"},{\"@type\":\"ListItem\",\"position\":3,\"name\":\"Onduleur EAST On-Line Monophas\u00e9 Tour EA906 \u2013 6 kVA \\\/ 5400 W\"}]},{\"@type\":\"WebSite\",\"@id\":\"https:\\\/\\\/btmtelectric.com\\\/#website\",\"url\":\"https:\\\/\\\/btmtelectric.com\\\/\",\"name\":\"BTMT ELECTRIC \u2013 Solutions \u00c9lectriques Fiables et Innovantes\",\"description\":\"\",\"publisher\":{\"@id\":\"https:\\\/\\\/btmtelectric.com\\\/#organization\"},\"potentialAction\":[{\"@type\":\"SearchAction\",\"target\":{\"@type\":\"EntryPoint\",\"urlTemplate\":\"https:\\\/\\\/btmtelectric.com\\\/?s={search_term_string}\"},\"query-input\":{\"@type\":\"PropertyValueSpecification\",\"valueRequired\":true,\"valueName\":\"search_term_string\"}}],\"inLanguage\":\"fr-FR\"},{\"@type\":\"Organization\",\"@id\":\"https:\\\/\\\/btmtelectric.com\\\/#organization\",\"name\":\"BTMT ELECTRIC \u2013 Solutions \u00c9lectriques Fiables et Innovantes\",\"url\":\"https:\\\/\\\/btmtelectric.com\\\/\",\"logo\":{\"@type\":\"ImageObject\",\"inLanguage\":\"fr-FR\",\"@id\":\"https:\\\/\\\/btmtelectric.com\\\/#\\\/schema\\\/logo\\\/image\\\/\",\"url\":\"https:\\\/\\\/btmtelectric.com\\\/wp-content\\\/uploads\\\/2025\\\/07\\\/WhatsApp_Image_2025-07-09_at_11.45.18_AM-removebg-preview-1.png\",\"contentUrl\":\"https:\\\/\\\/btmtelectric.com\\\/wp-content\\\/uploads\\\/2025\\\/07\\\/WhatsApp_Image_2025-07-09_at_11.45.18_AM-removebg-preview-1.png\",\"width\":175,\"height\":42,\"caption\":\"BTMT ELECTRIC \u2013 Solutions \u00c9lectriques Fiables et Innovantes\"},\"image\":{\"@id\":\"https:\\\/\\\/btmtelectric.com\\\/#\\\/schema\\\/logo\\\/image\\\/\"},\"sameAs\":[\"https:\\\/\\\/www.facebook.com\\\/profile.php?id=61578000361796\",\"https:\\\/\\\/www.instagram.com\\\/btmtelectric\\\/\"]}]}<\/script>\n<!-- \/ Yoast SEO plugin. -->","yoast_head_json":{"title":"Onduleur EAST On-Line Monophas\u00e9 Tour EA906 \u2013 6 kVA \/ 5400 W - BTMT ELECTRIC \u2013 Solutions \u00c9lectriques Fiables et Innovantes","robots":{"index":"index","follow":"follow","max-snippet":"max-snippet:-1","max-image-preview":"max-image-preview:large","max-video-preview":"max-video-preview:-1"},"canonical":"https:\/\/btmtelectric.com\/index.php\/product\/onduleur-on-line-monophase-tour-ea906-6-kva-5400-w\/","og_locale":"fr_FR","og_type":"article","og_title":"Onduleur EAST On-Line Monophas\u00e9 Tour EA906 \u2013 6 kVA \/ 5400 W - BTMT ELECTRIC \u2013 Solutions \u00c9lectriques Fiables et Innovantes","og_description":"L\u2019EA906 \u2013 6 kVA est un onduleur On-Line \u00e0 double conversion haute fr\u00e9quence, con\u00e7u pour offrir une alimentation \u00e9lectrique stable, propre et continue \u00e0 des installations professionnelles exigeantes : centres","og_url":"https:\/\/btmtelectric.com\/index.php\/product\/onduleur-on-line-monophase-tour-ea906-6-kva-5400-w\/","og_site_name":"BTMT ELECTRIC \u2013 Solutions \u00c9lectriques Fiables et Innovantes","article_publisher":"https:\/\/www.facebook.com\/profile.php?id=61578000361796","article_modified_time":"2025-10-06T14:23:23+00:00","og_image":[{"width":1024,"height":1024,"url":"https:\/\/btmtelectric.com\/wp-content\/uploads\/2025\/10\/ChatGPT-Image-4-oct.-2025-12_44_30.png","type":"image\/png"}],"twitter_card":"summary_large_image","twitter_misc":{"Dur\u00e9e de lecture estim\u00e9e":"2 minutes"},"schema":{"@context":"https:\/\/schema.org","@graph":[{"@type":"WebPage","@id":"https:\/\/btmtelectric.com\/index.php\/product\/onduleur-on-line-monophase-tour-ea906-6-kva-5400-w\/","url":"https:\/\/btmtelectric.com\/index.php\/product\/onduleur-on-line-monophase-tour-ea906-6-kva-5400-w\/","name":"Onduleur EAST On-Line Monophas\u00e9 Tour EA906 \u2013 6 kVA \/ 5400 W - BTMT ELECTRIC \u2013 Solutions \u00c9lectriques Fiables et Innovantes","isPartOf":{"@id":"https:\/\/btmtelectric.com\/#website"},"primaryImageOfPage":{"@id":"https:\/\/btmtelectric.com\/index.php\/product\/onduleur-on-line-monophase-tour-ea906-6-kva-5400-w\/#primaryimage"},"image":{"@id":"https:\/\/btmtelectric.com\/index.php\/product\/onduleur-on-line-monophase-tour-ea906-6-kva-5400-w\/#primaryimage"},"thumbnailUrl":"https:\/\/btmtelectric.com\/wp-content\/uploads\/2025\/10\/ChatGPT-Image-4-oct.-2025-12_44_30.png","datePublished":"2025-10-04T11:45:20+00:00","dateModified":"2025-10-06T14:23:23+00:00","breadcrumb":{"@id":"https:\/\/btmtelectric.com\/index.php\/product\/onduleur-on-line-monophase-tour-ea906-6-kva-5400-w\/#breadcrumb"},"inLanguage":"fr-FR","potentialAction":[{"@type":"ReadAction","target":["https:\/\/btmtelectric.com\/index.php\/product\/onduleur-on-line-monophase-tour-ea906-6-kva-5400-w\/"]}]},{"@type":"ImageObject","inLanguage":"fr-FR","@id":"https:\/\/btmtelectric.com\/index.php\/product\/onduleur-on-line-monophase-tour-ea906-6-kva-5400-w\/#primaryimage","url":"https:\/\/btmtelectric.com\/wp-content\/uploads\/2025\/10\/ChatGPT-Image-4-oct.-2025-12_44_30.png","contentUrl":"https:\/\/btmtelectric.com\/wp-content\/uploads\/2025\/10\/ChatGPT-Image-4-oct.-2025-12_44_30.png","width":1024,"height":1024},{"@type":"BreadcrumbList","@id":"https:\/\/btmtelectric.com\/index.php\/product\/onduleur-on-line-monophase-tour-ea906-6-kva-5400-w\/#breadcrumb","itemListElement":[{"@type":"ListItem","position":1,"name":"Accueil","item":"https:\/\/btmtelectric.com\/"},{"@type":"ListItem","position":2,"name":"Boutique","item":"https:\/\/btmtelectric.com\/index.php\/boutique\/"},{"@type":"ListItem","position":3,"name":"Onduleur EAST On-Line Monophas\u00e9 Tour EA906 \u2013 6 kVA \/ 5400 W"}]},{"@type":"WebSite","@id":"https:\/\/btmtelectric.com\/#website","url":"https:\/\/btmtelectric.com\/","name":"BTMT ELECTRIC \u2013 Solutions \u00c9lectriques Fiables et Innovantes","description":"","publisher":{"@id":"https:\/\/btmtelectric.com\/#organization"},"potentialAction":[{"@type":"SearchAction","target":{"@type":"EntryPoint","urlTemplate":"https:\/\/btmtelectric.com\/?s={search_term_string}"},"query-input":{"@type":"PropertyValueSpecification","valueRequired":true,"valueName":"search_term_string"}}],"inLanguage":"fr-FR"},{"@type":"Organization","@id":"https:\/\/btmtelectric.com\/#organization","name":"BTMT ELECTRIC \u2013 Solutions \u00c9lectriques Fiables et Innovantes","url":"https:\/\/btmtelectric.com\/","logo":{"@type":"ImageObject","inLanguage":"fr-FR","@id":"https:\/\/btmtelectric.com\/#\/schema\/logo\/image\/","url":"https:\/\/btmtelectric.com\/wp-content\/uploads\/2025\/07\/WhatsApp_Image_2025-07-09_at_11.45.18_AM-removebg-preview-1.png","contentUrl":"https:\/\/btmtelectric.com\/wp-content\/uploads\/2025\/07\/WhatsApp_Image_2025-07-09_at_11.45.18_AM-removebg-preview-1.png","width":175,"height":42,"caption":"BTMT ELECTRIC \u2013 Solutions \u00c9lectriques Fiables et Innovantes"},"image":{"@id":"https:\/\/btmtelectric.com\/#\/schema\/logo\/image\/"},"sameAs":["https:\/\/www.facebook.com\/profile.php?id=61578000361796","https:\/\/www.instagram.com\/btmtelectric\/"]}]}},"_links":{"self":[{"href":"https:\/\/btmtelectric.com\/index.php\/wp-json\/wp\/v2\/product\/9202","targetHints":{"allow":["GET"]}}],"collection":[{"href":"https:\/\/btmtelectric.com\/index.php\/wp-json\/wp\/v2\/product"}],"about":[{"href":"https:\/\/btmtelectric.com\/index.php\/wp-json\/wp\/v2\/types\/product"}],"replies":[{"embeddable":true,"href":"https:\/\/btmtelectric.com\/index.php\/wp-json\/wp\/v2\/comments?post=9202"}],"wp:featuredmedia":[{"embeddable":true,"href":"https:\/\/btmtelectric.com\/index.php\/wp-json\/wp\/v2\/media\/9203"}],"wp:attachment":[{"href":"https:\/\/btmtelectric.com\/index.php\/wp-json\/wp\/v2\/media?parent=9202"}],"wp:term":[{"taxonomy":"product_brand","embeddable":true,"href":"https:\/\/btmtelectric.com\/index.php\/wp-json\/wp\/v2\/product_brand?post=9202"},{"taxonomy":"product_cat","embeddable":true,"href":"https:\/\/btmtelectric.com\/index.php\/wp-json\/wp\/v2\/product_cat?post=9202"},{"taxonomy":"product_tag","embeddable":true,"href":"https:\/\/btmtelectric.com\/index.php\/wp-json\/wp\/v2\/product_tag?post=9202"}],"curies":[{"name":"wp","href":"https:\/\/api.w.org\/{rel}","templated":true}]}}