{"id":9188,"date":"2025-10-04T10:08:00","date_gmt":"2025-10-04T10:08:00","guid":{"rendered":"https:\/\/btmtelectric.com\/?post_type=product&#038;p=9188"},"modified":"2025-10-06T14:27:52","modified_gmt":"2025-10-06T14:27:52","slug":"onduleur-in-line-ea-2120-1200-va-720-w","status":"publish","type":"product","link":"https:\/\/btmtelectric.com\/index.php\/product\/onduleur-in-line-ea-2120-1200-va-720-w\/","title":{"rendered":"Onduleur EAST In Line EA 2120 \u2013 1200 VA \/ 720 W"},"content":{"rendered":"<p>L\u2019<strong data-start=\"206\" data-end=\"226\">onduleur EA 2120<\/strong> est une solution performante et fiable con\u00e7ue pour assurer la <strong data-start=\"289\" data-end=\"370\">protection continue de vos \u00e9quipements informatiques, \u00e9lectroniques et r\u00e9seau<\/strong> contre les coupures de courant, les surtensions et les fluctuations de tension.<\/p>\n<p>Dot\u00e9 d\u2019une <strong data-start=\"462\" data-end=\"530\">technologie In Line avec r\u00e9gulation automatique de tension (AVR)<\/strong>, il garantit une alimentation stable et une autonomie suffisante pour permettre la sauvegarde des donn\u00e9es et la poursuite des activit\u00e9s sans interruption.<\/p>\n<p>Compact et robuste, il s\u2019int\u00e8gre facilement dans tout environnement professionnel ou domestique. Gr\u00e2ce \u00e0 ses fonctions avanc\u00e9es de <strong data-start=\"817\" data-end=\"863\">d\u00e9marrage \u00e0 froid, red\u00e9marrage automatique<\/strong>, et <strong data-start=\"868\" data-end=\"907\">gestion intelligente de la batterie<\/strong><\/p>\n<h3 data-start=\"187\" data-end=\"247\"><strong data-start=\"194\" data-end=\"247\">Caract\u00e9ristiques techniques principales \u2013 EA 2120<\/strong><\/h3>\n<ul data-start=\"249\" data-end=\"1504\">\n<li data-start=\"249\" data-end=\"284\">\n<p data-start=\"251\" data-end=\"284\"><strong data-start=\"251\" data-end=\"264\">Puissance<\/strong> : 1200 VA \/ 720 W<\/p>\n<\/li>\n<li data-start=\"285\" data-end=\"359\">\n<p data-start=\"287\" data-end=\"359\"><strong data-start=\"287\" data-end=\"302\">Technologie<\/strong> : In Line avec AVR (r\u00e9gulation automatique de tension)<\/p>\n<\/li>\n<li data-start=\"360\" data-end=\"435\">\n<p data-start=\"362\" data-end=\"435\"><strong data-start=\"362\" data-end=\"382\">Tension d\u2019entr\u00e9e<\/strong> : 100\/110\/120 VAC \u00b1 25 % ou 220\/230\/240 VAC \u00b1 25 %<\/p>\n<\/li>\n<li data-start=\"436\" data-end=\"504\">\n<p data-start=\"438\" data-end=\"504\"><strong data-start=\"438\" data-end=\"460\">Fr\u00e9quence d\u2019entr\u00e9e<\/strong> : 50\/60 Hz \u00b1 10 % (d\u00e9tection automatique)<\/p>\n<\/li>\n<li data-start=\"505\" data-end=\"581\">\n<p data-start=\"507\" data-end=\"581\"><strong data-start=\"507\" data-end=\"528\">Tension de sortie<\/strong> : 100\/110\/120 VAC \u00b1 10 % ou 220\/230\/240 VAC \u00b1 10 %<\/p>\n<\/li>\n<li data-start=\"582\" data-end=\"626\">\n<p data-start=\"584\" data-end=\"626\"><strong data-start=\"584\" data-end=\"607\">Fr\u00e9quence de sortie<\/strong> : 50\/60 Hz \u00b1 1 %<\/p>\n<\/li>\n<li data-start=\"627\" data-end=\"731\">\n<p data-start=\"629\" data-end=\"731\"><strong data-start=\"629\" data-end=\"645\">Forme d\u2019onde<\/strong> : onde sinuso\u00efdale pure en mode secteur \/ onde sinuso\u00efdale simul\u00e9e en mode batterie<\/p>\n<\/li>\n<li data-start=\"732\" data-end=\"758\">\n<p data-start=\"734\" data-end=\"758\"><strong data-start=\"734\" data-end=\"750\">Crest Factor<\/strong> : 3:1<\/p>\n<\/li>\n<li data-start=\"759\" data-end=\"817\">\n<p data-start=\"761\" data-end=\"817\"><strong data-start=\"761\" data-end=\"783\">Temps de transfert<\/strong> : typique 2\u20137 ms, maximum 10 ms<\/p>\n<\/li>\n<li data-start=\"818\" data-end=\"859\">\n<p data-start=\"820\" data-end=\"859\"><strong data-start=\"820\" data-end=\"832\">Batterie<\/strong> : 2 \u00d7 12 V \/ 7 Ah (24 V)<\/p>\n<\/li>\n<li data-start=\"860\" data-end=\"932\">\n<p data-start=\"862\" data-end=\"932\"><strong data-start=\"862\" data-end=\"883\">Temps de recharge<\/strong> : 6 \u00e0 8 heures pour atteindre 90 % de capacit\u00e9<\/p>\n<\/li>\n<li data-start=\"933\" data-end=\"1013\">\n<p data-start=\"935\" data-end=\"1013\"><strong data-start=\"935\" data-end=\"956\">Autonomie estim\u00e9e<\/strong> : en moyenne 10 \u00e0 20 minutes selon la charge connect\u00e9e<\/p>\n<\/li>\n<li data-start=\"1014\" data-end=\"1140\">\n<p data-start=\"1016\" data-end=\"1034\"><strong data-start=\"1016\" data-end=\"1030\">Protection<\/strong> :<\/p>\n<ul data-start=\"1037\" data-end=\"1140\">\n<li data-start=\"1037\" data-end=\"1054\">\n<p data-start=\"1039\" data-end=\"1054\">Court-circuit<\/p>\n<\/li>\n<li data-start=\"1057\" data-end=\"1070\">\n<p data-start=\"1059\" data-end=\"1070\">Surcharge<\/p>\n<\/li>\n<li data-start=\"1073\" data-end=\"1140\">\n<p data-start=\"1075\" data-end=\"1140\">Protection contre la d\u00e9charge profonde et la surcharge batterie<\/p>\n<\/li>\n<\/ul>\n<\/li>\n<li data-start=\"1141\" data-end=\"1298\">\n<p data-start=\"1143\" data-end=\"1164\"><strong data-start=\"1143\" data-end=\"1160\">Environnement<\/strong> :<\/p>\n<ul data-start=\"1167\" data-end=\"1298\">\n<li data-start=\"1167\" data-end=\"1212\">\n<p data-start=\"1169\" data-end=\"1212\">Temp\u00e9rature de fonctionnement : 0 \u2013 40 \u00b0C<\/p>\n<\/li>\n<li data-start=\"1215\" data-end=\"1262\">\n<p data-start=\"1217\" data-end=\"1262\">Humidit\u00e9 : 20 \u00e0 90 % RH (sans condensation)<\/p>\n<\/li>\n<li data-start=\"1265\" data-end=\"1298\">\n<p data-start=\"1267\" data-end=\"1298\">Niveau sonore : \u2264 45 dB \u00e0 1 m<\/p>\n<\/li>\n<\/ul>\n<\/li>\n<li data-start=\"1299\" data-end=\"1413\">\n<p data-start=\"1301\" data-end=\"1413\"><strong data-start=\"1301\" data-end=\"1333\">Connectique de communication<\/strong> : USB \/ RS232 \/ SNMP en option \u2013 compatible Windows 98\/2000\/XP\/Vista\/2008\/7\/8<\/p>\n<\/li>\n<li data-start=\"1414\" data-end=\"1458\">\n<p data-start=\"1416\" data-end=\"1458\"><strong data-start=\"1416\" data-end=\"1429\">Affichage<\/strong> : LED ou LCD selon version<\/p>\n<\/li>\n<li data-start=\"1459\" data-end=\"1504\">\n<p data-start=\"1461\" data-end=\"1504\"><strong data-start=\"1461\" data-end=\"1471\">Format<\/strong> : tour compacte, bo\u00eetier robuste<\/p>\n<\/li>\n<\/ul>\n","protected":false},"excerpt":{"rendered":"<p>L\u2019onduleur EA 2120 est une solution performante et fiable con\u00e7ue pour assurer la protection continue de vos \u00e9quipements informatiques, \u00e9lectroniques et r\u00e9seau contre les coupures de courant, les surtensions et<\/p>\n","protected":false},"featured_media":9192,"comment_status":"open","ping_status":"closed","template":"","meta":{"_acf_changed":false,"content-type":""},"product_brand":[390],"product_cat":[345],"product_tag":[],"class_list":{"0":"post-9188","1":"product","2":"type-product","3":"status-publish","4":"has-post-thumbnail","6":"product_brand-east","7":"product_cat-onduleurs","9":"first","10":"instock","11":"shipping-taxable","12":"purchasable","13":"product-type-simple"},"acf":[],"yoast_head":"<!-- This site is optimized with the Yoast SEO plugin v27.3 - https:\/\/yoast.com\/product\/yoast-seo-wordpress\/ -->\n<title>Onduleur EAST In Line EA 2120 \u2013 1200 VA \/ 720 W - BTMT ELECTRIC \u2013 Solutions \u00c9lectriques Fiables et Innovantes<\/title>\n<meta name=\"robots\" content=\"index, follow, max-snippet:-1, max-image-preview:large, max-video-preview:-1\" \/>\n<link rel=\"canonical\" href=\"https:\/\/btmtelectric.com\/index.php\/product\/onduleur-in-line-ea-2120-1200-va-720-w\/\" \/>\n<meta property=\"og:locale\" content=\"fr_FR\" \/>\n<meta property=\"og:type\" content=\"article\" \/>\n<meta property=\"og:title\" content=\"Onduleur EAST In Line EA 2120 \u2013 1200 VA \/ 720 W - BTMT ELECTRIC \u2013 Solutions \u00c9lectriques Fiables et Innovantes\" \/>\n<meta property=\"og:description\" content=\"L\u2019onduleur EA 2120 est une solution performante et fiable con\u00e7ue pour assurer la protection continue de vos \u00e9quipements informatiques, \u00e9lectroniques et r\u00e9seau contre les coupures de courant, les surtensions et\" \/>\n<meta property=\"og:url\" content=\"https:\/\/btmtelectric.com\/index.php\/product\/onduleur-in-line-ea-2120-1200-va-720-w\/\" \/>\n<meta property=\"og:site_name\" content=\"BTMT ELECTRIC \u2013 Solutions \u00c9lectriques Fiables et Innovantes\" \/>\n<meta property=\"article:publisher\" content=\"https:\/\/www.facebook.com\/profile.php?id=61578000361796\" \/>\n<meta property=\"article:modified_time\" content=\"2025-10-06T14:27:52+00:00\" \/>\n<meta property=\"og:image\" content=\"https:\/\/btmtelectric.com\/wp-content\/uploads\/2025\/10\/ChatGPT-Image-4-oct.-2025-11_07_18-1.png\" \/>\n\t<meta property=\"og:image:width\" content=\"1024\" \/>\n\t<meta property=\"og:image:height\" content=\"1024\" \/>\n\t<meta property=\"og:image:type\" content=\"image\/png\" \/>\n<meta name=\"twitter:card\" content=\"summary_large_image\" \/>\n<meta name=\"twitter:label1\" content=\"Dur\u00e9e de lecture estim\u00e9e\" \/>\n\t<meta name=\"twitter:data1\" content=\"1 minute\" \/>\n<script type=\"application\/ld+json\" class=\"yoast-schema-graph\">{\"@context\":\"https:\\\/\\\/schema.org\",\"@graph\":[{\"@type\":\"WebPage\",\"@id\":\"https:\\\/\\\/btmtelectric.com\\\/index.php\\\/product\\\/onduleur-in-line-ea-2120-1200-va-720-w\\\/\",\"url\":\"https:\\\/\\\/btmtelectric.com\\\/index.php\\\/product\\\/onduleur-in-line-ea-2120-1200-va-720-w\\\/\",\"name\":\"Onduleur EAST In Line EA 2120 \u2013 1200 VA \\\/ 720 W - BTMT ELECTRIC \u2013 Solutions \u00c9lectriques Fiables et Innovantes\",\"isPartOf\":{\"@id\":\"https:\\\/\\\/btmtelectric.com\\\/#website\"},\"primaryImageOfPage\":{\"@id\":\"https:\\\/\\\/btmtelectric.com\\\/index.php\\\/product\\\/onduleur-in-line-ea-2120-1200-va-720-w\\\/#primaryimage\"},\"image\":{\"@id\":\"https:\\\/\\\/btmtelectric.com\\\/index.php\\\/product\\\/onduleur-in-line-ea-2120-1200-va-720-w\\\/#primaryimage\"},\"thumbnailUrl\":\"https:\\\/\\\/btmtelectric.com\\\/wp-content\\\/uploads\\\/2025\\\/10\\\/ChatGPT-Image-4-oct.-2025-11_07_18-1.png\",\"datePublished\":\"2025-10-04T10:08:00+00:00\",\"dateModified\":\"2025-10-06T14:27:52+00:00\",\"breadcrumb\":{\"@id\":\"https:\\\/\\\/btmtelectric.com\\\/index.php\\\/product\\\/onduleur-in-line-ea-2120-1200-va-720-w\\\/#breadcrumb\"},\"inLanguage\":\"fr-FR\",\"potentialAction\":[{\"@type\":\"ReadAction\",\"target\":[\"https:\\\/\\\/btmtelectric.com\\\/index.php\\\/product\\\/onduleur-in-line-ea-2120-1200-va-720-w\\\/\"]}]},{\"@type\":\"ImageObject\",\"inLanguage\":\"fr-FR\",\"@id\":\"https:\\\/\\\/btmtelectric.com\\\/index.php\\\/product\\\/onduleur-in-line-ea-2120-1200-va-720-w\\\/#primaryimage\",\"url\":\"https:\\\/\\\/btmtelectric.com\\\/wp-content\\\/uploads\\\/2025\\\/10\\\/ChatGPT-Image-4-oct.-2025-11_07_18-1.png\",\"contentUrl\":\"https:\\\/\\\/btmtelectric.com\\\/wp-content\\\/uploads\\\/2025\\\/10\\\/ChatGPT-Image-4-oct.-2025-11_07_18-1.png\",\"width\":1024,\"height\":1024},{\"@type\":\"BreadcrumbList\",\"@id\":\"https:\\\/\\\/btmtelectric.com\\\/index.php\\\/product\\\/onduleur-in-line-ea-2120-1200-va-720-w\\\/#breadcrumb\",\"itemListElement\":[{\"@type\":\"ListItem\",\"position\":1,\"name\":\"Accueil\",\"item\":\"https:\\\/\\\/btmtelectric.com\\\/\"},{\"@type\":\"ListItem\",\"position\":2,\"name\":\"Boutique\",\"item\":\"https:\\\/\\\/btmtelectric.com\\\/index.php\\\/boutique\\\/\"},{\"@type\":\"ListItem\",\"position\":3,\"name\":\"Onduleur EAST In Line EA 2120 \u2013 1200 VA \\\/ 720 W\"}]},{\"@type\":\"WebSite\",\"@id\":\"https:\\\/\\\/btmtelectric.com\\\/#website\",\"url\":\"https:\\\/\\\/btmtelectric.com\\\/\",\"name\":\"BTMT ELECTRIC \u2013 Solutions \u00c9lectriques Fiables et Innovantes\",\"description\":\"\",\"publisher\":{\"@id\":\"https:\\\/\\\/btmtelectric.com\\\/#organization\"},\"potentialAction\":[{\"@type\":\"SearchAction\",\"target\":{\"@type\":\"EntryPoint\",\"urlTemplate\":\"https:\\\/\\\/btmtelectric.com\\\/?s={search_term_string}\"},\"query-input\":{\"@type\":\"PropertyValueSpecification\",\"valueRequired\":true,\"valueName\":\"search_term_string\"}}],\"inLanguage\":\"fr-FR\"},{\"@type\":\"Organization\",\"@id\":\"https:\\\/\\\/btmtelectric.com\\\/#organization\",\"name\":\"BTMT ELECTRIC \u2013 Solutions \u00c9lectriques Fiables et Innovantes\",\"url\":\"https:\\\/\\\/btmtelectric.com\\\/\",\"logo\":{\"@type\":\"ImageObject\",\"inLanguage\":\"fr-FR\",\"@id\":\"https:\\\/\\\/btmtelectric.com\\\/#\\\/schema\\\/logo\\\/image\\\/\",\"url\":\"https:\\\/\\\/btmtelectric.com\\\/wp-content\\\/uploads\\\/2025\\\/07\\\/WhatsApp_Image_2025-07-09_at_11.45.18_AM-removebg-preview-1.png\",\"contentUrl\":\"https:\\\/\\\/btmtelectric.com\\\/wp-content\\\/uploads\\\/2025\\\/07\\\/WhatsApp_Image_2025-07-09_at_11.45.18_AM-removebg-preview-1.png\",\"width\":175,\"height\":42,\"caption\":\"BTMT ELECTRIC \u2013 Solutions \u00c9lectriques Fiables et Innovantes\"},\"image\":{\"@id\":\"https:\\\/\\\/btmtelectric.com\\\/#\\\/schema\\\/logo\\\/image\\\/\"},\"sameAs\":[\"https:\\\/\\\/www.facebook.com\\\/profile.php?id=61578000361796\",\"https:\\\/\\\/www.instagram.com\\\/btmtelectric\\\/\"]}]}<\/script>\n<!-- \/ Yoast SEO plugin. -->","yoast_head_json":{"title":"Onduleur EAST In Line EA 2120 \u2013 1200 VA \/ 720 W - BTMT ELECTRIC \u2013 Solutions \u00c9lectriques Fiables et Innovantes","robots":{"index":"index","follow":"follow","max-snippet":"max-snippet:-1","max-image-preview":"max-image-preview:large","max-video-preview":"max-video-preview:-1"},"canonical":"https:\/\/btmtelectric.com\/index.php\/product\/onduleur-in-line-ea-2120-1200-va-720-w\/","og_locale":"fr_FR","og_type":"article","og_title":"Onduleur EAST In Line EA 2120 \u2013 1200 VA \/ 720 W - BTMT ELECTRIC \u2013 Solutions \u00c9lectriques Fiables et Innovantes","og_description":"L\u2019onduleur EA 2120 est une solution performante et fiable con\u00e7ue pour assurer la protection continue de vos \u00e9quipements informatiques, \u00e9lectroniques et r\u00e9seau contre les coupures de courant, les surtensions et","og_url":"https:\/\/btmtelectric.com\/index.php\/product\/onduleur-in-line-ea-2120-1200-va-720-w\/","og_site_name":"BTMT ELECTRIC \u2013 Solutions \u00c9lectriques Fiables et Innovantes","article_publisher":"https:\/\/www.facebook.com\/profile.php?id=61578000361796","article_modified_time":"2025-10-06T14:27:52+00:00","og_image":[{"width":1024,"height":1024,"url":"https:\/\/btmtelectric.com\/wp-content\/uploads\/2025\/10\/ChatGPT-Image-4-oct.-2025-11_07_18-1.png","type":"image\/png"}],"twitter_card":"summary_large_image","twitter_misc":{"Dur\u00e9e de lecture estim\u00e9e":"1 minute"},"schema":{"@context":"https:\/\/schema.org","@graph":[{"@type":"WebPage","@id":"https:\/\/btmtelectric.com\/index.php\/product\/onduleur-in-line-ea-2120-1200-va-720-w\/","url":"https:\/\/btmtelectric.com\/index.php\/product\/onduleur-in-line-ea-2120-1200-va-720-w\/","name":"Onduleur EAST In Line EA 2120 \u2013 1200 VA \/ 720 W - BTMT ELECTRIC \u2013 Solutions \u00c9lectriques Fiables et Innovantes","isPartOf":{"@id":"https:\/\/btmtelectric.com\/#website"},"primaryImageOfPage":{"@id":"https:\/\/btmtelectric.com\/index.php\/product\/onduleur-in-line-ea-2120-1200-va-720-w\/#primaryimage"},"image":{"@id":"https:\/\/btmtelectric.com\/index.php\/product\/onduleur-in-line-ea-2120-1200-va-720-w\/#primaryimage"},"thumbnailUrl":"https:\/\/btmtelectric.com\/wp-content\/uploads\/2025\/10\/ChatGPT-Image-4-oct.-2025-11_07_18-1.png","datePublished":"2025-10-04T10:08:00+00:00","dateModified":"2025-10-06T14:27:52+00:00","breadcrumb":{"@id":"https:\/\/btmtelectric.com\/index.php\/product\/onduleur-in-line-ea-2120-1200-va-720-w\/#breadcrumb"},"inLanguage":"fr-FR","potentialAction":[{"@type":"ReadAction","target":["https:\/\/btmtelectric.com\/index.php\/product\/onduleur-in-line-ea-2120-1200-va-720-w\/"]}]},{"@type":"ImageObject","inLanguage":"fr-FR","@id":"https:\/\/btmtelectric.com\/index.php\/product\/onduleur-in-line-ea-2120-1200-va-720-w\/#primaryimage","url":"https:\/\/btmtelectric.com\/wp-content\/uploads\/2025\/10\/ChatGPT-Image-4-oct.-2025-11_07_18-1.png","contentUrl":"https:\/\/btmtelectric.com\/wp-content\/uploads\/2025\/10\/ChatGPT-Image-4-oct.-2025-11_07_18-1.png","width":1024,"height":1024},{"@type":"BreadcrumbList","@id":"https:\/\/btmtelectric.com\/index.php\/product\/onduleur-in-line-ea-2120-1200-va-720-w\/#breadcrumb","itemListElement":[{"@type":"ListItem","position":1,"name":"Accueil","item":"https:\/\/btmtelectric.com\/"},{"@type":"ListItem","position":2,"name":"Boutique","item":"https:\/\/btmtelectric.com\/index.php\/boutique\/"},{"@type":"ListItem","position":3,"name":"Onduleur EAST In Line EA 2120 \u2013 1200 VA \/ 720 W"}]},{"@type":"WebSite","@id":"https:\/\/btmtelectric.com\/#website","url":"https:\/\/btmtelectric.com\/","name":"BTMT ELECTRIC \u2013 Solutions \u00c9lectriques Fiables et Innovantes","description":"","publisher":{"@id":"https:\/\/btmtelectric.com\/#organization"},"potentialAction":[{"@type":"SearchAction","target":{"@type":"EntryPoint","urlTemplate":"https:\/\/btmtelectric.com\/?s={search_term_string}"},"query-input":{"@type":"PropertyValueSpecification","valueRequired":true,"valueName":"search_term_string"}}],"inLanguage":"fr-FR"},{"@type":"Organization","@id":"https:\/\/btmtelectric.com\/#organization","name":"BTMT ELECTRIC \u2013 Solutions \u00c9lectriques Fiables et Innovantes","url":"https:\/\/btmtelectric.com\/","logo":{"@type":"ImageObject","inLanguage":"fr-FR","@id":"https:\/\/btmtelectric.com\/#\/schema\/logo\/image\/","url":"https:\/\/btmtelectric.com\/wp-content\/uploads\/2025\/07\/WhatsApp_Image_2025-07-09_at_11.45.18_AM-removebg-preview-1.png","contentUrl":"https:\/\/btmtelectric.com\/wp-content\/uploads\/2025\/07\/WhatsApp_Image_2025-07-09_at_11.45.18_AM-removebg-preview-1.png","width":175,"height":42,"caption":"BTMT ELECTRIC \u2013 Solutions \u00c9lectriques Fiables et Innovantes"},"image":{"@id":"https:\/\/btmtelectric.com\/#\/schema\/logo\/image\/"},"sameAs":["https:\/\/www.facebook.com\/profile.php?id=61578000361796","https:\/\/www.instagram.com\/btmtelectric\/"]}]}},"_links":{"self":[{"href":"https:\/\/btmtelectric.com\/index.php\/wp-json\/wp\/v2\/product\/9188","targetHints":{"allow":["GET"]}}],"collection":[{"href":"https:\/\/btmtelectric.com\/index.php\/wp-json\/wp\/v2\/product"}],"about":[{"href":"https:\/\/btmtelectric.com\/index.php\/wp-json\/wp\/v2\/types\/product"}],"replies":[{"embeddable":true,"href":"https:\/\/btmtelectric.com\/index.php\/wp-json\/wp\/v2\/comments?post=9188"}],"wp:featuredmedia":[{"embeddable":true,"href":"https:\/\/btmtelectric.com\/index.php\/wp-json\/wp\/v2\/media\/9192"}],"wp:attachment":[{"href":"https:\/\/btmtelectric.com\/index.php\/wp-json\/wp\/v2\/media?parent=9188"}],"wp:term":[{"taxonomy":"product_brand","embeddable":true,"href":"https:\/\/btmtelectric.com\/index.php\/wp-json\/wp\/v2\/product_brand?post=9188"},{"taxonomy":"product_cat","embeddable":true,"href":"https:\/\/btmtelectric.com\/index.php\/wp-json\/wp\/v2\/product_cat?post=9188"},{"taxonomy":"product_tag","embeddable":true,"href":"https:\/\/btmtelectric.com\/index.php\/wp-json\/wp\/v2\/product_tag?post=9188"}],"curies":[{"name":"wp","href":"https:\/\/api.w.org\/{rel}","templated":true}]}}