{"id":9183,"date":"2025-10-04T09:30:42","date_gmt":"2025-10-04T09:30:42","guid":{"rendered":"https:\/\/btmtelectric.com\/?post_type=product&#038;p=9183"},"modified":"2025-10-06T14:28:48","modified_gmt":"2025-10-06T14:28:48","slug":"onduleur-ea-265-650-va-360-w","status":"publish","type":"product","link":"https:\/\/btmtelectric.com\/index.php\/product\/onduleur-ea-265-650-va-360-w\/","title":{"rendered":"Onduleur EAST EA 265 (650 VA \/ 360 W)"},"content":{"rendered":"<h3 data-start=\"153\" data-end=\"203\"><strong data-start=\"159\" data-end=\"203\">Onduleur In Line EA 265 \u2013 650 VA \/ 360 W<\/strong><\/h3>\n<p data-start=\"205\" data-end=\"642\">L\u2019<strong data-start=\"207\" data-end=\"226\">onduleur EA 265<\/strong> est une solution fiable et performante con\u00e7ue pour <strong data-start=\"278\" data-end=\"337\">prot\u00e9ger les \u00e9quipements informatiques et \u00e9lectroniques<\/strong> contre les coupures de courant, les surtensions et les variations de tension. Gr\u00e2ce \u00e0 sa technologie <strong data-start=\"439\" data-end=\"450\">In Line<\/strong> avec r\u00e9gulation automatique de tension (AVR), il garantit une <strong data-start=\"513\" data-end=\"548\">alimentation stable et continue<\/strong>, id\u00e9ale pour les PME, les bureaux, les postes de travail et les \u00e9quipements r\u00e9seau sensibles.<\/p>\n<h3 data-start=\"159\" data-end=\"231\"><strong data-start=\"165\" data-end=\"231\">Caract\u00e9ristiques techniques \u2013 Onduleur EA 265 (650 VA \/ 360 W)<\/strong><\/h3>\n<ul data-start=\"233\" data-end=\"1465\">\n<li data-start=\"233\" data-end=\"267\">\n<p data-start=\"235\" data-end=\"267\"><strong data-start=\"235\" data-end=\"248\">Puissance<\/strong> : 650 VA \/ 360 W<\/p>\n<\/li>\n<li data-start=\"268\" data-end=\"343\">\n<p data-start=\"270\" data-end=\"343\"><strong data-start=\"270\" data-end=\"290\">Tension d\u2019entr\u00e9e<\/strong> : 100\/110\/120 VAC \u00b1 25 % ou 220\/230\/240 VAC \u00b1 25 %<\/p>\n<\/li>\n<li data-start=\"344\" data-end=\"412\">\n<p data-start=\"346\" data-end=\"412\"><strong data-start=\"346\" data-end=\"368\">Fr\u00e9quence d\u2019entr\u00e9e<\/strong> : 50\/60 Hz \u00b1 10 % (d\u00e9tection automatique)<\/p>\n<\/li>\n<li data-start=\"413\" data-end=\"489\">\n<p data-start=\"415\" data-end=\"489\"><strong data-start=\"415\" data-end=\"436\">Tension de sortie<\/strong> : 100\/110\/120 VAC \u00b1 10 % ou 220\/230\/240 VAC \u00b1 10 %<\/p>\n<\/li>\n<li data-start=\"490\" data-end=\"549\">\n<p data-start=\"492\" data-end=\"549\"><strong data-start=\"492\" data-end=\"515\">Fr\u00e9quence de sortie<\/strong> : 50\/60 Hz \u00b1 1 %<\/p>\n<\/li>\n<li data-start=\"550\" data-end=\"654\">\n<p data-start=\"552\" data-end=\"654\"><strong data-start=\"552\" data-end=\"568\">Forme d\u2019onde<\/strong> : onde sinuso\u00efdale pure en mode secteur \/ onde sinuso\u00efdale simul\u00e9e en mode batterie<\/p>\n<\/li>\n<li data-start=\"655\" data-end=\"681\">\n<p data-start=\"657\" data-end=\"681\"><strong data-start=\"657\" data-end=\"673\">Crest Factor<\/strong> : 3:1<\/p>\n<\/li>\n<li data-start=\"682\" data-end=\"740\">\n<p data-start=\"684\" data-end=\"740\"><strong data-start=\"684\" data-end=\"706\">Temps de transfert<\/strong> : typique 2\u20137 ms, maximum 10 ms<\/p>\n<\/li>\n<li data-start=\"741\" data-end=\"775\">\n<p data-start=\"743\" data-end=\"775\"><strong data-start=\"743\" data-end=\"755\">Batterie<\/strong> : 1 \u00d7 12 V \/ 7 Ah<\/p>\n<\/li>\n<li data-start=\"776\" data-end=\"807\">\n<p data-start=\"778\" data-end=\"807\"><strong data-start=\"778\" data-end=\"798\">Tension batterie<\/strong> : 12 V<\/p>\n<\/li>\n<li data-start=\"808\" data-end=\"880\">\n<p data-start=\"810\" data-end=\"880\"><strong data-start=\"810\" data-end=\"831\">Temps de recharge<\/strong> : 6 \u00e0 8 heures pour atteindre 90 % de capacit\u00e9<\/p>\n<\/li>\n<li data-start=\"881\" data-end=\"1007\">\n<p data-start=\"883\" data-end=\"901\"><strong data-start=\"883\" data-end=\"897\">Protection<\/strong> :<\/p>\n<ul data-start=\"904\" data-end=\"1007\">\n<li data-start=\"904\" data-end=\"921\">\n<p data-start=\"906\" data-end=\"921\">Court-circuit<\/p>\n<\/li>\n<li data-start=\"924\" data-end=\"937\">\n<p data-start=\"926\" data-end=\"937\">Surcharge<\/p>\n<\/li>\n<li data-start=\"940\" data-end=\"1007\">\n<p data-start=\"942\" data-end=\"1007\">Protection contre la d\u00e9charge profonde et la surcharge batterie<\/p>\n<\/li>\n<\/ul>\n<\/li>\n<li data-start=\"1008\" data-end=\"1128\">\n<p data-start=\"1010\" data-end=\"1031\"><strong data-start=\"1010\" data-end=\"1027\">Environnement<\/strong> :<\/p>\n<ul data-start=\"1034\" data-end=\"1128\">\n<li data-start=\"1034\" data-end=\"1092\">\n<p data-start=\"1036\" data-end=\"1092\">Humidit\u00e9 : 20 \u00e0 90 % RH (0 \u00e0 40 \u00b0C, sans condensation)<\/p>\n<\/li>\n<li data-start=\"1095\" data-end=\"1128\">\n<p data-start=\"1097\" data-end=\"1128\">Niveau sonore : \u2264 45 dB \u00e0 1 m<\/p>\n<\/li>\n<\/ul>\n<\/li>\n<li data-start=\"1129\" data-end=\"1227\">\n<p data-start=\"1131\" data-end=\"1227\"><strong data-start=\"1131\" data-end=\"1142\">Gestion<\/strong> : Port USB \/ RS232 \/ SNMP en option \u2013 compatible Windows 98\/2000\/XP\/Vista\/2008\/7\/8<\/p>\n<\/li>\n<li data-start=\"1228\" data-end=\"1343\">\n<p data-start=\"1230\" data-end=\"1255\"><strong data-start=\"1230\" data-end=\"1251\">Bo\u00eetier plastique<\/strong> :<\/p>\n<ul data-start=\"1258\" data-end=\"1343\">\n<li data-start=\"1258\" data-end=\"1305\">\n<p data-start=\"1260\" data-end=\"1305\">Dimensions (L \u00d7 l \u00d7 H) : 100 \u00d7 280 \u00d7 140 mm<\/p>\n<\/li>\n<li data-start=\"1308\" data-end=\"1343\">\n<p data-start=\"1310\" data-end=\"1343\">Poids net \/ brut : 4,3 \/ 4,8 kg<\/p>\n<\/li>\n<\/ul>\n<\/li>\n<li data-start=\"1344\" data-end=\"1418\">\n<p data-start=\"1346\" data-end=\"1418\"><strong data-start=\"1346\" data-end=\"1361\">Technologie<\/strong> : In Line avec AVR (r\u00e9gulation automatique de tension)<\/p>\n<\/li>\n<li data-start=\"1419\" data-end=\"1465\">\n<p data-start=\"1421\" data-end=\"1465\"><strong data-start=\"1421\" data-end=\"1434\">Affichage<\/strong> : \u00c9cran LED ou LCD (en option)<\/p>\n<\/li>\n<\/ul>\n<h3 data-start=\"1487\" data-end=\"1522\"><strong data-start=\"1494\" data-end=\"1522\">Fonctionnalit\u00e9s avanc\u00e9es<\/strong><\/h3>\n<ul data-start=\"1523\" data-end=\"2157\">\n<li data-start=\"1523\" data-end=\"1586\">\n<p data-start=\"1525\" data-end=\"1586\">\u00c9cran LED ou LCD (en option) pour une visualisation claire.<\/p>\n<\/li>\n<li data-start=\"1587\" data-end=\"1663\">\n<p data-start=\"1589\" data-end=\"1663\"><strong data-start=\"1589\" data-end=\"1631\">Contr\u00f4le num\u00e9rique par microprocesseur<\/strong> pour une meilleure pr\u00e9cision.<\/p>\n<\/li>\n<li data-start=\"1664\" data-end=\"1746\">\n<p data-start=\"1666\" data-end=\"1746\">Technologie <strong data-start=\"1678\" data-end=\"1700\">Boost and Buck AVR<\/strong> pour stabiliser automatiquement la tension.<\/p>\n<\/li>\n<li data-start=\"1747\" data-end=\"1802\">\n<p data-start=\"1749\" data-end=\"1802\">D\u00e9marrage \u00e0 froid possible en l\u2019absence de secteur.<\/p>\n<\/li>\n<li data-start=\"1803\" data-end=\"1856\">\n<p data-start=\"1805\" data-end=\"1856\">Red\u00e9marrage automatique d\u00e8s le retour du courant.<\/p>\n<\/li>\n<li data-start=\"1857\" data-end=\"1932\">\n<p data-start=\"1859\" data-end=\"1932\"><strong data-start=\"1859\" data-end=\"1898\">Gestion intelligente de la batterie<\/strong> pour prolonger sa dur\u00e9e de vie.<\/p>\n<\/li>\n<li data-start=\"1933\" data-end=\"1991\">\n<p data-start=\"1935\" data-end=\"1991\">Protection contre court-circuit et d\u00e9charge excessive.<\/p>\n<\/li>\n<li data-start=\"1992\" data-end=\"2068\">\n<p data-start=\"1994\" data-end=\"2068\">Charge automatique de la batterie m\u00eame lorsque l\u2019onduleur est \u00e0 l\u2019arr\u00eat.<\/p>\n<\/li>\n<li data-start=\"2069\" data-end=\"2157\">\n<p data-start=\"2071\" data-end=\"2157\"><strong data-start=\"2071\" data-end=\"2092\">Ports USB \/ RS232<\/strong> en option pour la supervision, ainsi que protection RJ11 \/ RJ45.<\/p>\n<\/li>\n<\/ul>\n","protected":false},"excerpt":{"rendered":"<p>Onduleur In Line EA 265 \u2013 650 VA \/ 360 W L\u2019onduleur EA 265 est une solution fiable et performante con\u00e7ue pour prot\u00e9ger les \u00e9quipements informatiques et \u00e9lectroniques contre les<\/p>\n","protected":false},"featured_media":9184,"comment_status":"open","ping_status":"closed","template":"","meta":{"_acf_changed":false,"content-type":""},"product_brand":[390],"product_cat":[345],"product_tag":[],"class_list":{"0":"post-9183","1":"product","2":"type-product","3":"status-publish","4":"has-post-thumbnail","6":"product_brand-east","7":"product_cat-onduleurs","9":"first","10":"instock","11":"shipping-taxable","12":"purchasable","13":"product-type-simple"},"acf":[],"yoast_head":"<!-- This site is optimized with the Yoast SEO plugin v27.3 - https:\/\/yoast.com\/product\/yoast-seo-wordpress\/ -->\n<title>Onduleur EAST EA 265 (650 VA \/ 360 W) - BTMT ELECTRIC \u2013 Solutions \u00c9lectriques Fiables et Innovantes<\/title>\n<meta name=\"robots\" content=\"index, follow, max-snippet:-1, max-image-preview:large, max-video-preview:-1\" \/>\n<link rel=\"canonical\" href=\"https:\/\/btmtelectric.com\/index.php\/product\/onduleur-ea-265-650-va-360-w\/\" \/>\n<meta property=\"og:locale\" content=\"fr_FR\" \/>\n<meta property=\"og:type\" content=\"article\" \/>\n<meta property=\"og:title\" content=\"Onduleur EAST EA 265 (650 VA \/ 360 W) - BTMT ELECTRIC \u2013 Solutions \u00c9lectriques Fiables et Innovantes\" \/>\n<meta property=\"og:description\" content=\"Onduleur In Line EA 265 \u2013 650 VA \/ 360 W L\u2019onduleur EA 265 est une solution fiable et performante con\u00e7ue pour prot\u00e9ger les \u00e9quipements informatiques et \u00e9lectroniques contre les\" \/>\n<meta property=\"og:url\" content=\"https:\/\/btmtelectric.com\/index.php\/product\/onduleur-ea-265-650-va-360-w\/\" \/>\n<meta property=\"og:site_name\" content=\"BTMT ELECTRIC \u2013 Solutions \u00c9lectriques Fiables et Innovantes\" \/>\n<meta property=\"article:publisher\" content=\"https:\/\/www.facebook.com\/profile.php?id=61578000361796\" \/>\n<meta property=\"article:modified_time\" content=\"2025-10-06T14:28:48+00:00\" \/>\n<meta property=\"og:image\" content=\"https:\/\/btmtelectric.com\/wp-content\/uploads\/2025\/10\/ChatGPT-Image-4-oct.-2025-10_28_41.png\" \/>\n\t<meta property=\"og:image:width\" content=\"1024\" \/>\n\t<meta property=\"og:image:height\" content=\"1024\" \/>\n\t<meta property=\"og:image:type\" content=\"image\/png\" \/>\n<meta name=\"twitter:card\" content=\"summary_large_image\" \/>\n<meta name=\"twitter:label1\" content=\"Dur\u00e9e de lecture estim\u00e9e\" \/>\n\t<meta name=\"twitter:data1\" content=\"2 minutes\" \/>\n<script type=\"application\/ld+json\" class=\"yoast-schema-graph\">{\"@context\":\"https:\\\/\\\/schema.org\",\"@graph\":[{\"@type\":\"WebPage\",\"@id\":\"https:\\\/\\\/btmtelectric.com\\\/index.php\\\/product\\\/onduleur-ea-265-650-va-360-w\\\/\",\"url\":\"https:\\\/\\\/btmtelectric.com\\\/index.php\\\/product\\\/onduleur-ea-265-650-va-360-w\\\/\",\"name\":\"Onduleur EAST EA 265 (650 VA \\\/ 360 W) - BTMT ELECTRIC \u2013 Solutions \u00c9lectriques Fiables et Innovantes\",\"isPartOf\":{\"@id\":\"https:\\\/\\\/btmtelectric.com\\\/#website\"},\"primaryImageOfPage\":{\"@id\":\"https:\\\/\\\/btmtelectric.com\\\/index.php\\\/product\\\/onduleur-ea-265-650-va-360-w\\\/#primaryimage\"},\"image\":{\"@id\":\"https:\\\/\\\/btmtelectric.com\\\/index.php\\\/product\\\/onduleur-ea-265-650-va-360-w\\\/#primaryimage\"},\"thumbnailUrl\":\"https:\\\/\\\/btmtelectric.com\\\/wp-content\\\/uploads\\\/2025\\\/10\\\/ChatGPT-Image-4-oct.-2025-10_28_41.png\",\"datePublished\":\"2025-10-04T09:30:42+00:00\",\"dateModified\":\"2025-10-06T14:28:48+00:00\",\"breadcrumb\":{\"@id\":\"https:\\\/\\\/btmtelectric.com\\\/index.php\\\/product\\\/onduleur-ea-265-650-va-360-w\\\/#breadcrumb\"},\"inLanguage\":\"fr-FR\",\"potentialAction\":[{\"@type\":\"ReadAction\",\"target\":[\"https:\\\/\\\/btmtelectric.com\\\/index.php\\\/product\\\/onduleur-ea-265-650-va-360-w\\\/\"]}]},{\"@type\":\"ImageObject\",\"inLanguage\":\"fr-FR\",\"@id\":\"https:\\\/\\\/btmtelectric.com\\\/index.php\\\/product\\\/onduleur-ea-265-650-va-360-w\\\/#primaryimage\",\"url\":\"https:\\\/\\\/btmtelectric.com\\\/wp-content\\\/uploads\\\/2025\\\/10\\\/ChatGPT-Image-4-oct.-2025-10_28_41.png\",\"contentUrl\":\"https:\\\/\\\/btmtelectric.com\\\/wp-content\\\/uploads\\\/2025\\\/10\\\/ChatGPT-Image-4-oct.-2025-10_28_41.png\",\"width\":1024,\"height\":1024},{\"@type\":\"BreadcrumbList\",\"@id\":\"https:\\\/\\\/btmtelectric.com\\\/index.php\\\/product\\\/onduleur-ea-265-650-va-360-w\\\/#breadcrumb\",\"itemListElement\":[{\"@type\":\"ListItem\",\"position\":1,\"name\":\"Accueil\",\"item\":\"https:\\\/\\\/btmtelectric.com\\\/\"},{\"@type\":\"ListItem\",\"position\":2,\"name\":\"Boutique\",\"item\":\"https:\\\/\\\/btmtelectric.com\\\/index.php\\\/boutique\\\/\"},{\"@type\":\"ListItem\",\"position\":3,\"name\":\"Onduleur EAST EA 265 (650 VA \\\/ 360 W)\"}]},{\"@type\":\"WebSite\",\"@id\":\"https:\\\/\\\/btmtelectric.com\\\/#website\",\"url\":\"https:\\\/\\\/btmtelectric.com\\\/\",\"name\":\"BTMT ELECTRIC \u2013 Solutions \u00c9lectriques Fiables et Innovantes\",\"description\":\"\",\"publisher\":{\"@id\":\"https:\\\/\\\/btmtelectric.com\\\/#organization\"},\"potentialAction\":[{\"@type\":\"SearchAction\",\"target\":{\"@type\":\"EntryPoint\",\"urlTemplate\":\"https:\\\/\\\/btmtelectric.com\\\/?s={search_term_string}\"},\"query-input\":{\"@type\":\"PropertyValueSpecification\",\"valueRequired\":true,\"valueName\":\"search_term_string\"}}],\"inLanguage\":\"fr-FR\"},{\"@type\":\"Organization\",\"@id\":\"https:\\\/\\\/btmtelectric.com\\\/#organization\",\"name\":\"BTMT ELECTRIC \u2013 Solutions \u00c9lectriques Fiables et Innovantes\",\"url\":\"https:\\\/\\\/btmtelectric.com\\\/\",\"logo\":{\"@type\":\"ImageObject\",\"inLanguage\":\"fr-FR\",\"@id\":\"https:\\\/\\\/btmtelectric.com\\\/#\\\/schema\\\/logo\\\/image\\\/\",\"url\":\"https:\\\/\\\/btmtelectric.com\\\/wp-content\\\/uploads\\\/2025\\\/07\\\/WhatsApp_Image_2025-07-09_at_11.45.18_AM-removebg-preview-1.png\",\"contentUrl\":\"https:\\\/\\\/btmtelectric.com\\\/wp-content\\\/uploads\\\/2025\\\/07\\\/WhatsApp_Image_2025-07-09_at_11.45.18_AM-removebg-preview-1.png\",\"width\":175,\"height\":42,\"caption\":\"BTMT ELECTRIC \u2013 Solutions \u00c9lectriques Fiables et Innovantes\"},\"image\":{\"@id\":\"https:\\\/\\\/btmtelectric.com\\\/#\\\/schema\\\/logo\\\/image\\\/\"},\"sameAs\":[\"https:\\\/\\\/www.facebook.com\\\/profile.php?id=61578000361796\",\"https:\\\/\\\/www.instagram.com\\\/btmtelectric\\\/\"]}]}<\/script>\n<!-- \/ Yoast SEO plugin. -->","yoast_head_json":{"title":"Onduleur EAST EA 265 (650 VA \/ 360 W) - BTMT ELECTRIC \u2013 Solutions \u00c9lectriques Fiables et Innovantes","robots":{"index":"index","follow":"follow","max-snippet":"max-snippet:-1","max-image-preview":"max-image-preview:large","max-video-preview":"max-video-preview:-1"},"canonical":"https:\/\/btmtelectric.com\/index.php\/product\/onduleur-ea-265-650-va-360-w\/","og_locale":"fr_FR","og_type":"article","og_title":"Onduleur EAST EA 265 (650 VA \/ 360 W) - BTMT ELECTRIC \u2013 Solutions \u00c9lectriques Fiables et Innovantes","og_description":"Onduleur In Line EA 265 \u2013 650 VA \/ 360 W L\u2019onduleur EA 265 est une solution fiable et performante con\u00e7ue pour prot\u00e9ger les \u00e9quipements informatiques et \u00e9lectroniques contre les","og_url":"https:\/\/btmtelectric.com\/index.php\/product\/onduleur-ea-265-650-va-360-w\/","og_site_name":"BTMT ELECTRIC \u2013 Solutions \u00c9lectriques Fiables et Innovantes","article_publisher":"https:\/\/www.facebook.com\/profile.php?id=61578000361796","article_modified_time":"2025-10-06T14:28:48+00:00","og_image":[{"width":1024,"height":1024,"url":"https:\/\/btmtelectric.com\/wp-content\/uploads\/2025\/10\/ChatGPT-Image-4-oct.-2025-10_28_41.png","type":"image\/png"}],"twitter_card":"summary_large_image","twitter_misc":{"Dur\u00e9e de lecture estim\u00e9e":"2 minutes"},"schema":{"@context":"https:\/\/schema.org","@graph":[{"@type":"WebPage","@id":"https:\/\/btmtelectric.com\/index.php\/product\/onduleur-ea-265-650-va-360-w\/","url":"https:\/\/btmtelectric.com\/index.php\/product\/onduleur-ea-265-650-va-360-w\/","name":"Onduleur EAST EA 265 (650 VA \/ 360 W) - BTMT ELECTRIC \u2013 Solutions \u00c9lectriques Fiables et Innovantes","isPartOf":{"@id":"https:\/\/btmtelectric.com\/#website"},"primaryImageOfPage":{"@id":"https:\/\/btmtelectric.com\/index.php\/product\/onduleur-ea-265-650-va-360-w\/#primaryimage"},"image":{"@id":"https:\/\/btmtelectric.com\/index.php\/product\/onduleur-ea-265-650-va-360-w\/#primaryimage"},"thumbnailUrl":"https:\/\/btmtelectric.com\/wp-content\/uploads\/2025\/10\/ChatGPT-Image-4-oct.-2025-10_28_41.png","datePublished":"2025-10-04T09:30:42+00:00","dateModified":"2025-10-06T14:28:48+00:00","breadcrumb":{"@id":"https:\/\/btmtelectric.com\/index.php\/product\/onduleur-ea-265-650-va-360-w\/#breadcrumb"},"inLanguage":"fr-FR","potentialAction":[{"@type":"ReadAction","target":["https:\/\/btmtelectric.com\/index.php\/product\/onduleur-ea-265-650-va-360-w\/"]}]},{"@type":"ImageObject","inLanguage":"fr-FR","@id":"https:\/\/btmtelectric.com\/index.php\/product\/onduleur-ea-265-650-va-360-w\/#primaryimage","url":"https:\/\/btmtelectric.com\/wp-content\/uploads\/2025\/10\/ChatGPT-Image-4-oct.-2025-10_28_41.png","contentUrl":"https:\/\/btmtelectric.com\/wp-content\/uploads\/2025\/10\/ChatGPT-Image-4-oct.-2025-10_28_41.png","width":1024,"height":1024},{"@type":"BreadcrumbList","@id":"https:\/\/btmtelectric.com\/index.php\/product\/onduleur-ea-265-650-va-360-w\/#breadcrumb","itemListElement":[{"@type":"ListItem","position":1,"name":"Accueil","item":"https:\/\/btmtelectric.com\/"},{"@type":"ListItem","position":2,"name":"Boutique","item":"https:\/\/btmtelectric.com\/index.php\/boutique\/"},{"@type":"ListItem","position":3,"name":"Onduleur EAST EA 265 (650 VA \/ 360 W)"}]},{"@type":"WebSite","@id":"https:\/\/btmtelectric.com\/#website","url":"https:\/\/btmtelectric.com\/","name":"BTMT ELECTRIC \u2013 Solutions \u00c9lectriques Fiables et Innovantes","description":"","publisher":{"@id":"https:\/\/btmtelectric.com\/#organization"},"potentialAction":[{"@type":"SearchAction","target":{"@type":"EntryPoint","urlTemplate":"https:\/\/btmtelectric.com\/?s={search_term_string}"},"query-input":{"@type":"PropertyValueSpecification","valueRequired":true,"valueName":"search_term_string"}}],"inLanguage":"fr-FR"},{"@type":"Organization","@id":"https:\/\/btmtelectric.com\/#organization","name":"BTMT ELECTRIC \u2013 Solutions \u00c9lectriques Fiables et Innovantes","url":"https:\/\/btmtelectric.com\/","logo":{"@type":"ImageObject","inLanguage":"fr-FR","@id":"https:\/\/btmtelectric.com\/#\/schema\/logo\/image\/","url":"https:\/\/btmtelectric.com\/wp-content\/uploads\/2025\/07\/WhatsApp_Image_2025-07-09_at_11.45.18_AM-removebg-preview-1.png","contentUrl":"https:\/\/btmtelectric.com\/wp-content\/uploads\/2025\/07\/WhatsApp_Image_2025-07-09_at_11.45.18_AM-removebg-preview-1.png","width":175,"height":42,"caption":"BTMT ELECTRIC \u2013 Solutions \u00c9lectriques Fiables et Innovantes"},"image":{"@id":"https:\/\/btmtelectric.com\/#\/schema\/logo\/image\/"},"sameAs":["https:\/\/www.facebook.com\/profile.php?id=61578000361796","https:\/\/www.instagram.com\/btmtelectric\/"]}]}},"_links":{"self":[{"href":"https:\/\/btmtelectric.com\/index.php\/wp-json\/wp\/v2\/product\/9183","targetHints":{"allow":["GET"]}}],"collection":[{"href":"https:\/\/btmtelectric.com\/index.php\/wp-json\/wp\/v2\/product"}],"about":[{"href":"https:\/\/btmtelectric.com\/index.php\/wp-json\/wp\/v2\/types\/product"}],"replies":[{"embeddable":true,"href":"https:\/\/btmtelectric.com\/index.php\/wp-json\/wp\/v2\/comments?post=9183"}],"wp:featuredmedia":[{"embeddable":true,"href":"https:\/\/btmtelectric.com\/index.php\/wp-json\/wp\/v2\/media\/9184"}],"wp:attachment":[{"href":"https:\/\/btmtelectric.com\/index.php\/wp-json\/wp\/v2\/media?parent=9183"}],"wp:term":[{"taxonomy":"product_brand","embeddable":true,"href":"https:\/\/btmtelectric.com\/index.php\/wp-json\/wp\/v2\/product_brand?post=9183"},{"taxonomy":"product_cat","embeddable":true,"href":"https:\/\/btmtelectric.com\/index.php\/wp-json\/wp\/v2\/product_cat?post=9183"},{"taxonomy":"product_tag","embeddable":true,"href":"https:\/\/btmtelectric.com\/index.php\/wp-json\/wp\/v2\/product_tag?post=9183"}],"curies":[{"name":"wp","href":"https:\/\/api.w.org\/{rel}","templated":true}]}}