{"id":9147,"date":"2025-09-08T13:29:07","date_gmt":"2025-09-08T13:29:07","guid":{"rendered":"https:\/\/btmtelectric.com\/?post_type=product&#038;p=9147"},"modified":"2025-09-08T15:55:53","modified_gmt":"2025-09-08T15:55:53","slug":"ferme-porte-85kg-gt-m61","status":"publish","type":"product","link":"https:\/\/btmtelectric.com\/index.php\/product\/ferme-porte-85kg-gt-m61\/","title":{"rendered":"FERME PORTE 85KG GT-M61"},"content":{"rendered":"<h3 data-start=\"555\" data-end=\"590\">Caract\u00e9ristiques techniques :<\/h3>\n<ul data-start=\"591\" data-end=\"1657\">\n<li data-start=\"591\" data-end=\"639\">\n<p data-start=\"593\" data-end=\"639\"><strong data-start=\"593\" data-end=\"613\">Nom du produit :<\/strong> Ferme-porte automatique<\/p>\n<\/li>\n<li data-start=\"640\" data-end=\"703\">\n<p data-start=\"642\" data-end=\"703\"><strong data-start=\"642\" data-end=\"656\">Mat\u00e9riau :<\/strong> Alliage d\u2019aluminium r\u00e9sistant \u00e0 la corrosion<\/p>\n<\/li>\n<li data-start=\"704\" data-end=\"741\">\n<p data-start=\"706\" data-end=\"741\"><strong data-start=\"706\" data-end=\"731\">Taille de puissance :<\/strong> EN3\/EN4<\/p>\n<\/li>\n<li data-start=\"797\" data-end=\"837\">\n<p data-start=\"799\" data-end=\"837\"><strong data-start=\"799\" data-end=\"821\">Largeur de porte :<\/strong> 600 \u2013 1200 mm<\/p>\n<\/li>\n<li data-start=\"838\" data-end=\"886\">\n<p data-start=\"840\" data-end=\"886\"><strong data-start=\"840\" data-end=\"865\">Dimensions du corps :<\/strong> 206 \u00d7 40 \u00d7 54,5 mm<\/p>\n<\/li>\n<li data-start=\"887\" data-end=\"948\">\n<p data-start=\"889\" data-end=\"948\"><strong data-start=\"889\" data-end=\"903\">Fixation :<\/strong> 6 points de montage (distance de maintien)<\/p>\n<\/li>\n<li data-start=\"949\" data-end=\"1009\">\n<p data-start=\"951\" data-end=\"1009\"><strong data-start=\"951\" data-end=\"965\">Finition :<\/strong> peinture \u00e9lectrostatique de haute qualit\u00e9<\/p>\n<\/li>\n<li data-start=\"1010\" data-end=\"1123\">\n<p data-start=\"1012\" data-end=\"1123\"><strong data-start=\"1012\" data-end=\"1038\">Couleurs disponibles :<\/strong> argent, blanc, noir, marron, bronze (autres couleurs personnalisables sur demande)<\/p>\n<\/li>\n<li data-start=\"1124\" data-end=\"1225\">\n<p data-start=\"1126\" data-end=\"1225\"><strong data-start=\"1126\" data-end=\"1152\">Vitesse de fermeture :<\/strong> double r\u00e9glage (vitesse de fermeture et vitesse de verrouillage final)<\/p>\n<\/li>\n<li data-start=\"1226\" data-end=\"1272\">\n<p data-start=\"1228\" data-end=\"1272\"><strong data-start=\"1228\" data-end=\"1254\">Plage de temp\u00e9rature :<\/strong> -40 \u00b0C \u00e0 +60 \u00b0C<\/p>\n<\/li>\n<\/ul>\n","protected":false},"excerpt":{"rendered":"<p>Caract\u00e9ristiques techniques : Nom du produit : Ferme-porte automatique Mat\u00e9riau : Alliage d\u2019aluminium r\u00e9sistant \u00e0 la corrosion Taille de puissance : EN3\/EN4 Largeur de porte : 600 \u2013 1200 mm<\/p>\n","protected":false},"featured_media":9148,"comment_status":"open","ping_status":"closed","template":"","meta":{"_acf_changed":false,"content-type":""},"product_brand":[],"product_cat":[363,336],"product_tag":[],"class_list":{"0":"post-9147","1":"product","2":"type-product","3":"status-publish","4":"has-post-thumbnail","6":"product_cat-accesoirs-portes-automatiques-moteurs","7":"product_cat-portes-automatiques-moteurs","9":"first","10":"instock","11":"shipping-taxable","12":"purchasable","13":"product-type-simple"},"acf":[],"yoast_head":"<!-- This site is optimized with the Yoast SEO plugin v27.3 - https:\/\/yoast.com\/product\/yoast-seo-wordpress\/ -->\n<title>FERME PORTE 85KG GT-M61 - BTMT ELECTRIC \u2013 Solutions \u00c9lectriques Fiables et Innovantes<\/title>\n<meta name=\"robots\" content=\"index, follow, max-snippet:-1, max-image-preview:large, max-video-preview:-1\" \/>\n<link rel=\"canonical\" href=\"https:\/\/btmtelectric.com\/index.php\/product\/ferme-porte-85kg-gt-m61\/\" \/>\n<meta property=\"og:locale\" content=\"fr_FR\" \/>\n<meta property=\"og:type\" content=\"article\" \/>\n<meta property=\"og:title\" content=\"FERME PORTE 85KG GT-M61 - BTMT ELECTRIC \u2013 Solutions \u00c9lectriques Fiables et Innovantes\" \/>\n<meta property=\"og:description\" content=\"Caract\u00e9ristiques techniques : Nom du produit : Ferme-porte automatique Mat\u00e9riau : Alliage d\u2019aluminium r\u00e9sistant \u00e0 la corrosion Taille de puissance : EN3\/EN4 Largeur de porte : 600 \u2013 1200 mm\" \/>\n<meta property=\"og:url\" content=\"https:\/\/btmtelectric.com\/index.php\/product\/ferme-porte-85kg-gt-m61\/\" \/>\n<meta property=\"og:site_name\" content=\"BTMT ELECTRIC \u2013 Solutions \u00c9lectriques Fiables et Innovantes\" \/>\n<meta property=\"article:publisher\" content=\"https:\/\/www.facebook.com\/profile.php?id=61578000361796\" \/>\n<meta property=\"article:modified_time\" content=\"2025-09-08T15:55:53+00:00\" \/>\n<meta property=\"og:image\" content=\"https:\/\/btmtelectric.com\/wp-content\/uploads\/2025\/09\/ferme-porte.jpeg\" \/>\n\t<meta property=\"og:image:width\" content=\"224\" \/>\n\t<meta property=\"og:image:height\" content=\"224\" \/>\n\t<meta property=\"og:image:type\" content=\"image\/jpeg\" \/>\n<meta name=\"twitter:card\" content=\"summary_large_image\" \/>\n<script type=\"application\/ld+json\" class=\"yoast-schema-graph\">{\"@context\":\"https:\\\/\\\/schema.org\",\"@graph\":[{\"@type\":\"WebPage\",\"@id\":\"https:\\\/\\\/btmtelectric.com\\\/index.php\\\/product\\\/ferme-porte-85kg-gt-m61\\\/\",\"url\":\"https:\\\/\\\/btmtelectric.com\\\/index.php\\\/product\\\/ferme-porte-85kg-gt-m61\\\/\",\"name\":\"FERME PORTE 85KG GT-M61 - BTMT ELECTRIC \u2013 Solutions \u00c9lectriques Fiables et Innovantes\",\"isPartOf\":{\"@id\":\"https:\\\/\\\/btmtelectric.com\\\/#website\"},\"primaryImageOfPage\":{\"@id\":\"https:\\\/\\\/btmtelectric.com\\\/index.php\\\/product\\\/ferme-porte-85kg-gt-m61\\\/#primaryimage\"},\"image\":{\"@id\":\"https:\\\/\\\/btmtelectric.com\\\/index.php\\\/product\\\/ferme-porte-85kg-gt-m61\\\/#primaryimage\"},\"thumbnailUrl\":\"https:\\\/\\\/btmtelectric.com\\\/wp-content\\\/uploads\\\/2025\\\/09\\\/ferme-porte.jpeg\",\"datePublished\":\"2025-09-08T13:29:07+00:00\",\"dateModified\":\"2025-09-08T15:55:53+00:00\",\"breadcrumb\":{\"@id\":\"https:\\\/\\\/btmtelectric.com\\\/index.php\\\/product\\\/ferme-porte-85kg-gt-m61\\\/#breadcrumb\"},\"inLanguage\":\"fr-FR\",\"potentialAction\":[{\"@type\":\"ReadAction\",\"target\":[\"https:\\\/\\\/btmtelectric.com\\\/index.php\\\/product\\\/ferme-porte-85kg-gt-m61\\\/\"]}]},{\"@type\":\"ImageObject\",\"inLanguage\":\"fr-FR\",\"@id\":\"https:\\\/\\\/btmtelectric.com\\\/index.php\\\/product\\\/ferme-porte-85kg-gt-m61\\\/#primaryimage\",\"url\":\"https:\\\/\\\/btmtelectric.com\\\/wp-content\\\/uploads\\\/2025\\\/09\\\/ferme-porte.jpeg\",\"contentUrl\":\"https:\\\/\\\/btmtelectric.com\\\/wp-content\\\/uploads\\\/2025\\\/09\\\/ferme-porte.jpeg\",\"width\":224,\"height\":224},{\"@type\":\"BreadcrumbList\",\"@id\":\"https:\\\/\\\/btmtelectric.com\\\/index.php\\\/product\\\/ferme-porte-85kg-gt-m61\\\/#breadcrumb\",\"itemListElement\":[{\"@type\":\"ListItem\",\"position\":1,\"name\":\"Accueil\",\"item\":\"https:\\\/\\\/btmtelectric.com\\\/\"},{\"@type\":\"ListItem\",\"position\":2,\"name\":\"Boutique\",\"item\":\"https:\\\/\\\/btmtelectric.com\\\/index.php\\\/boutique\\\/\"},{\"@type\":\"ListItem\",\"position\":3,\"name\":\"FERME PORTE 85KG GT-M61\"}]},{\"@type\":\"WebSite\",\"@id\":\"https:\\\/\\\/btmtelectric.com\\\/#website\",\"url\":\"https:\\\/\\\/btmtelectric.com\\\/\",\"name\":\"BTMT ELECTRIC \u2013 Solutions \u00c9lectriques Fiables et Innovantes\",\"description\":\"\",\"publisher\":{\"@id\":\"https:\\\/\\\/btmtelectric.com\\\/#organization\"},\"potentialAction\":[{\"@type\":\"SearchAction\",\"target\":{\"@type\":\"EntryPoint\",\"urlTemplate\":\"https:\\\/\\\/btmtelectric.com\\\/?s={search_term_string}\"},\"query-input\":{\"@type\":\"PropertyValueSpecification\",\"valueRequired\":true,\"valueName\":\"search_term_string\"}}],\"inLanguage\":\"fr-FR\"},{\"@type\":\"Organization\",\"@id\":\"https:\\\/\\\/btmtelectric.com\\\/#organization\",\"name\":\"BTMT ELECTRIC \u2013 Solutions \u00c9lectriques Fiables et Innovantes\",\"url\":\"https:\\\/\\\/btmtelectric.com\\\/\",\"logo\":{\"@type\":\"ImageObject\",\"inLanguage\":\"fr-FR\",\"@id\":\"https:\\\/\\\/btmtelectric.com\\\/#\\\/schema\\\/logo\\\/image\\\/\",\"url\":\"https:\\\/\\\/btmtelectric.com\\\/wp-content\\\/uploads\\\/2025\\\/07\\\/WhatsApp_Image_2025-07-09_at_11.45.18_AM-removebg-preview-1.png\",\"contentUrl\":\"https:\\\/\\\/btmtelectric.com\\\/wp-content\\\/uploads\\\/2025\\\/07\\\/WhatsApp_Image_2025-07-09_at_11.45.18_AM-removebg-preview-1.png\",\"width\":175,\"height\":42,\"caption\":\"BTMT ELECTRIC \u2013 Solutions \u00c9lectriques Fiables et Innovantes\"},\"image\":{\"@id\":\"https:\\\/\\\/btmtelectric.com\\\/#\\\/schema\\\/logo\\\/image\\\/\"},\"sameAs\":[\"https:\\\/\\\/www.facebook.com\\\/profile.php?id=61578000361796\",\"https:\\\/\\\/www.instagram.com\\\/btmtelectric\\\/\"]}]}<\/script>\n<!-- \/ Yoast SEO plugin. -->","yoast_head_json":{"title":"FERME PORTE 85KG GT-M61 - BTMT ELECTRIC \u2013 Solutions \u00c9lectriques Fiables et Innovantes","robots":{"index":"index","follow":"follow","max-snippet":"max-snippet:-1","max-image-preview":"max-image-preview:large","max-video-preview":"max-video-preview:-1"},"canonical":"https:\/\/btmtelectric.com\/index.php\/product\/ferme-porte-85kg-gt-m61\/","og_locale":"fr_FR","og_type":"article","og_title":"FERME PORTE 85KG GT-M61 - BTMT ELECTRIC \u2013 Solutions \u00c9lectriques Fiables et Innovantes","og_description":"Caract\u00e9ristiques techniques : Nom du produit : Ferme-porte automatique Mat\u00e9riau : Alliage d\u2019aluminium r\u00e9sistant \u00e0 la corrosion Taille de puissance : EN3\/EN4 Largeur de porte : 600 \u2013 1200 mm","og_url":"https:\/\/btmtelectric.com\/index.php\/product\/ferme-porte-85kg-gt-m61\/","og_site_name":"BTMT ELECTRIC \u2013 Solutions \u00c9lectriques Fiables et Innovantes","article_publisher":"https:\/\/www.facebook.com\/profile.php?id=61578000361796","article_modified_time":"2025-09-08T15:55:53+00:00","og_image":[{"width":224,"height":224,"url":"https:\/\/btmtelectric.com\/wp-content\/uploads\/2025\/09\/ferme-porte.jpeg","type":"image\/jpeg"}],"twitter_card":"summary_large_image","schema":{"@context":"https:\/\/schema.org","@graph":[{"@type":"WebPage","@id":"https:\/\/btmtelectric.com\/index.php\/product\/ferme-porte-85kg-gt-m61\/","url":"https:\/\/btmtelectric.com\/index.php\/product\/ferme-porte-85kg-gt-m61\/","name":"FERME PORTE 85KG GT-M61 - BTMT ELECTRIC \u2013 Solutions \u00c9lectriques Fiables et Innovantes","isPartOf":{"@id":"https:\/\/btmtelectric.com\/#website"},"primaryImageOfPage":{"@id":"https:\/\/btmtelectric.com\/index.php\/product\/ferme-porte-85kg-gt-m61\/#primaryimage"},"image":{"@id":"https:\/\/btmtelectric.com\/index.php\/product\/ferme-porte-85kg-gt-m61\/#primaryimage"},"thumbnailUrl":"https:\/\/btmtelectric.com\/wp-content\/uploads\/2025\/09\/ferme-porte.jpeg","datePublished":"2025-09-08T13:29:07+00:00","dateModified":"2025-09-08T15:55:53+00:00","breadcrumb":{"@id":"https:\/\/btmtelectric.com\/index.php\/product\/ferme-porte-85kg-gt-m61\/#breadcrumb"},"inLanguage":"fr-FR","potentialAction":[{"@type":"ReadAction","target":["https:\/\/btmtelectric.com\/index.php\/product\/ferme-porte-85kg-gt-m61\/"]}]},{"@type":"ImageObject","inLanguage":"fr-FR","@id":"https:\/\/btmtelectric.com\/index.php\/product\/ferme-porte-85kg-gt-m61\/#primaryimage","url":"https:\/\/btmtelectric.com\/wp-content\/uploads\/2025\/09\/ferme-porte.jpeg","contentUrl":"https:\/\/btmtelectric.com\/wp-content\/uploads\/2025\/09\/ferme-porte.jpeg","width":224,"height":224},{"@type":"BreadcrumbList","@id":"https:\/\/btmtelectric.com\/index.php\/product\/ferme-porte-85kg-gt-m61\/#breadcrumb","itemListElement":[{"@type":"ListItem","position":1,"name":"Accueil","item":"https:\/\/btmtelectric.com\/"},{"@type":"ListItem","position":2,"name":"Boutique","item":"https:\/\/btmtelectric.com\/index.php\/boutique\/"},{"@type":"ListItem","position":3,"name":"FERME PORTE 85KG GT-M61"}]},{"@type":"WebSite","@id":"https:\/\/btmtelectric.com\/#website","url":"https:\/\/btmtelectric.com\/","name":"BTMT ELECTRIC \u2013 Solutions \u00c9lectriques Fiables et Innovantes","description":"","publisher":{"@id":"https:\/\/btmtelectric.com\/#organization"},"potentialAction":[{"@type":"SearchAction","target":{"@type":"EntryPoint","urlTemplate":"https:\/\/btmtelectric.com\/?s={search_term_string}"},"query-input":{"@type":"PropertyValueSpecification","valueRequired":true,"valueName":"search_term_string"}}],"inLanguage":"fr-FR"},{"@type":"Organization","@id":"https:\/\/btmtelectric.com\/#organization","name":"BTMT ELECTRIC \u2013 Solutions \u00c9lectriques Fiables et Innovantes","url":"https:\/\/btmtelectric.com\/","logo":{"@type":"ImageObject","inLanguage":"fr-FR","@id":"https:\/\/btmtelectric.com\/#\/schema\/logo\/image\/","url":"https:\/\/btmtelectric.com\/wp-content\/uploads\/2025\/07\/WhatsApp_Image_2025-07-09_at_11.45.18_AM-removebg-preview-1.png","contentUrl":"https:\/\/btmtelectric.com\/wp-content\/uploads\/2025\/07\/WhatsApp_Image_2025-07-09_at_11.45.18_AM-removebg-preview-1.png","width":175,"height":42,"caption":"BTMT ELECTRIC \u2013 Solutions \u00c9lectriques Fiables et Innovantes"},"image":{"@id":"https:\/\/btmtelectric.com\/#\/schema\/logo\/image\/"},"sameAs":["https:\/\/www.facebook.com\/profile.php?id=61578000361796","https:\/\/www.instagram.com\/btmtelectric\/"]}]}},"_links":{"self":[{"href":"https:\/\/btmtelectric.com\/index.php\/wp-json\/wp\/v2\/product\/9147","targetHints":{"allow":["GET"]}}],"collection":[{"href":"https:\/\/btmtelectric.com\/index.php\/wp-json\/wp\/v2\/product"}],"about":[{"href":"https:\/\/btmtelectric.com\/index.php\/wp-json\/wp\/v2\/types\/product"}],"replies":[{"embeddable":true,"href":"https:\/\/btmtelectric.com\/index.php\/wp-json\/wp\/v2\/comments?post=9147"}],"wp:featuredmedia":[{"embeddable":true,"href":"https:\/\/btmtelectric.com\/index.php\/wp-json\/wp\/v2\/media\/9148"}],"wp:attachment":[{"href":"https:\/\/btmtelectric.com\/index.php\/wp-json\/wp\/v2\/media?parent=9147"}],"wp:term":[{"taxonomy":"product_brand","embeddable":true,"href":"https:\/\/btmtelectric.com\/index.php\/wp-json\/wp\/v2\/product_brand?post=9147"},{"taxonomy":"product_cat","embeddable":true,"href":"https:\/\/btmtelectric.com\/index.php\/wp-json\/wp\/v2\/product_cat?post=9147"},{"taxonomy":"product_tag","embeddable":true,"href":"https:\/\/btmtelectric.com\/index.php\/wp-json\/wp\/v2\/product_tag?post=9147"}],"curies":[{"name":"wp","href":"https:\/\/api.w.org\/{rel}","templated":true}]}}