{"id":9140,"date":"2025-09-08T12:54:25","date_gmt":"2025-09-08T12:54:25","guid":{"rendered":"https:\/\/btmtelectric.com\/?post_type=product&#038;p=9140"},"modified":"2025-09-08T12:54:25","modified_gmt":"2025-09-08T12:54:25","slug":"outdoor-waterproof-access-controller-touch-screen","status":"publish","type":"product","link":"https:\/\/btmtelectric.com\/index.php\/product\/outdoor-waterproof-access-controller-touch-screen\/","title":{"rendered":"OUTDOOR WATERPROOF ACCESS CONTROLLER TOUCH SCREEN"},"content":{"rendered":"<h3 data-start=\"232\" data-end=\"267\">Caract\u00e9ristiques techniques :<\/h3>\n<ul data-start=\"268\" data-end=\"1463\">\n<li data-start=\"268\" data-end=\"340\">\n<p data-start=\"270\" data-end=\"340\"><strong data-start=\"270\" data-end=\"291\">Type de produit :<\/strong> Contr\u00f4leur d\u2019acc\u00e8s autonome avec \u00e9cran tactile<\/p>\n<\/li>\n<li data-start=\"341\" data-end=\"373\">\n<p data-start=\"343\" data-end=\"373\"><strong data-start=\"343\" data-end=\"355\">Mod\u00e8le :<\/strong> GT-311A-OUTDOOR<\/p>\n<\/li>\n<li data-start=\"374\" data-end=\"440\">\n<p data-start=\"376\" data-end=\"440\"><strong data-start=\"376\" data-end=\"394\">Installation :<\/strong> usage ext\u00e9rieur, bo\u00eetier robuste et \u00e9tanche<\/p>\n<\/li>\n<li data-start=\"441\" data-end=\"514\">\n<p data-start=\"443\" data-end=\"514\"><strong data-start=\"443\" data-end=\"469\">Indice de protection :<\/strong> IP65 \u2013 r\u00e9sistant \u00e0 l\u2019eau et \u00e0 la poussi\u00e8re<\/p>\n<\/li>\n<li data-start=\"515\" data-end=\"618\">\n<p data-start=\"517\" data-end=\"618\"><strong data-start=\"517\" data-end=\"544\">Interface utilisateur :<\/strong> clavier tactile r\u00e9tro\u00e9clair\u00e9 pour une utilisation de jour comme de nuit<\/p>\n<\/li>\n<li data-start=\"619\" data-end=\"726\">\n<p data-start=\"621\" data-end=\"642\"><strong data-start=\"621\" data-end=\"640\">Modes d\u2019acc\u00e8s :<\/strong><\/p>\n<ul data-start=\"645\" data-end=\"726\">\n<li data-start=\"645\" data-end=\"672\">\n<p data-start=\"647\" data-end=\"672\">Carte RFID 125 kHz (EM)<\/p>\n<\/li>\n<li data-start=\"675\" data-end=\"687\">\n<p data-start=\"677\" data-end=\"687\">Code PIN<\/p>\n<\/li>\n<li data-start=\"690\" data-end=\"726\">\n<p data-start=\"692\" data-end=\"726\">Carte + PIN pour double s\u00e9curit\u00e9<\/p>\n<\/li>\n<\/ul>\n<\/li>\n<li data-start=\"727\" data-end=\"801\">\n<p data-start=\"729\" data-end=\"801\"><strong data-start=\"729\" data-end=\"743\">Capacit\u00e9 :<\/strong> jusqu\u2019\u00e0 2000 utilisateurs enregistr\u00e9s (cartes ou codes)<\/p>\n<\/li>\n<li data-start=\"802\" data-end=\"843\">\n<p data-start=\"804\" data-end=\"843\"><strong data-start=\"804\" data-end=\"825\">Format de carte :<\/strong> EM ID (125 kHz)<\/p>\n<\/li>\n<\/ul>\n","protected":false},"excerpt":{"rendered":"<p>Caract\u00e9ristiques techniques : Type de produit : Contr\u00f4leur d\u2019acc\u00e8s autonome avec \u00e9cran tactile Mod\u00e8le : GT-311A-OUTDOOR Installation : usage ext\u00e9rieur, bo\u00eetier robuste et \u00e9tanche Indice de protection : IP65 \u2013<\/p>\n","protected":false},"featured_media":9141,"comment_status":"open","ping_status":"closed","template":"","meta":{"_acf_changed":false,"content-type":""},"product_brand":[],"product_cat":[350],"product_tag":[],"class_list":{"0":"post-9140","1":"product","2":"type-product","3":"status-publish","4":"has-post-thumbnail","6":"product_cat-controle-dacces","8":"first","9":"instock","10":"shipping-taxable","11":"purchasable","12":"product-type-simple"},"acf":[],"yoast_head":"<!-- This site is optimized with the Yoast SEO plugin v27.3 - https:\/\/yoast.com\/product\/yoast-seo-wordpress\/ -->\n<title>OUTDOOR WATERPROOF ACCESS CONTROLLER TOUCH SCREEN - BTMT ELECTRIC \u2013 Solutions \u00c9lectriques Fiables et Innovantes<\/title>\n<meta name=\"robots\" content=\"index, follow, max-snippet:-1, max-image-preview:large, max-video-preview:-1\" \/>\n<link rel=\"canonical\" href=\"https:\/\/btmtelectric.com\/index.php\/product\/outdoor-waterproof-access-controller-touch-screen\/\" \/>\n<meta property=\"og:locale\" content=\"fr_FR\" \/>\n<meta property=\"og:type\" content=\"article\" \/>\n<meta property=\"og:title\" content=\"OUTDOOR WATERPROOF ACCESS CONTROLLER TOUCH SCREEN - BTMT ELECTRIC \u2013 Solutions \u00c9lectriques Fiables et Innovantes\" \/>\n<meta property=\"og:description\" content=\"Caract\u00e9ristiques techniques : Type de produit : Contr\u00f4leur d\u2019acc\u00e8s autonome avec \u00e9cran tactile Mod\u00e8le : GT-311A-OUTDOOR Installation : usage ext\u00e9rieur, bo\u00eetier robuste et \u00e9tanche Indice de protection : IP65 \u2013\" \/>\n<meta property=\"og:url\" content=\"https:\/\/btmtelectric.com\/index.php\/product\/outdoor-waterproof-access-controller-touch-screen\/\" \/>\n<meta property=\"og:site_name\" content=\"BTMT ELECTRIC \u2013 Solutions \u00c9lectriques Fiables et Innovantes\" \/>\n<meta property=\"article:publisher\" content=\"https:\/\/www.facebook.com\/profile.php?id=61578000361796\" \/>\n<meta property=\"og:image\" content=\"https:\/\/btmtelectric.com\/wp-content\/uploads\/2025\/09\/outdoor.jpg\" \/>\n\t<meta property=\"og:image:width\" content=\"600\" \/>\n\t<meta property=\"og:image:height\" content=\"600\" \/>\n\t<meta property=\"og:image:type\" content=\"image\/jpeg\" \/>\n<meta name=\"twitter:card\" content=\"summary_large_image\" \/>\n<script type=\"application\/ld+json\" class=\"yoast-schema-graph\">{\"@context\":\"https:\\\/\\\/schema.org\",\"@graph\":[{\"@type\":\"WebPage\",\"@id\":\"https:\\\/\\\/btmtelectric.com\\\/index.php\\\/product\\\/outdoor-waterproof-access-controller-touch-screen\\\/\",\"url\":\"https:\\\/\\\/btmtelectric.com\\\/index.php\\\/product\\\/outdoor-waterproof-access-controller-touch-screen\\\/\",\"name\":\"OUTDOOR WATERPROOF ACCESS CONTROLLER TOUCH SCREEN - BTMT ELECTRIC \u2013 Solutions \u00c9lectriques Fiables et Innovantes\",\"isPartOf\":{\"@id\":\"https:\\\/\\\/btmtelectric.com\\\/#website\"},\"primaryImageOfPage\":{\"@id\":\"https:\\\/\\\/btmtelectric.com\\\/index.php\\\/product\\\/outdoor-waterproof-access-controller-touch-screen\\\/#primaryimage\"},\"image\":{\"@id\":\"https:\\\/\\\/btmtelectric.com\\\/index.php\\\/product\\\/outdoor-waterproof-access-controller-touch-screen\\\/#primaryimage\"},\"thumbnailUrl\":\"https:\\\/\\\/btmtelectric.com\\\/wp-content\\\/uploads\\\/2025\\\/09\\\/outdoor.jpg\",\"datePublished\":\"2025-09-08T12:54:25+00:00\",\"breadcrumb\":{\"@id\":\"https:\\\/\\\/btmtelectric.com\\\/index.php\\\/product\\\/outdoor-waterproof-access-controller-touch-screen\\\/#breadcrumb\"},\"inLanguage\":\"fr-FR\",\"potentialAction\":[{\"@type\":\"ReadAction\",\"target\":[\"https:\\\/\\\/btmtelectric.com\\\/index.php\\\/product\\\/outdoor-waterproof-access-controller-touch-screen\\\/\"]}]},{\"@type\":\"ImageObject\",\"inLanguage\":\"fr-FR\",\"@id\":\"https:\\\/\\\/btmtelectric.com\\\/index.php\\\/product\\\/outdoor-waterproof-access-controller-touch-screen\\\/#primaryimage\",\"url\":\"https:\\\/\\\/btmtelectric.com\\\/wp-content\\\/uploads\\\/2025\\\/09\\\/outdoor.jpg\",\"contentUrl\":\"https:\\\/\\\/btmtelectric.com\\\/wp-content\\\/uploads\\\/2025\\\/09\\\/outdoor.jpg\",\"width\":600,\"height\":600},{\"@type\":\"BreadcrumbList\",\"@id\":\"https:\\\/\\\/btmtelectric.com\\\/index.php\\\/product\\\/outdoor-waterproof-access-controller-touch-screen\\\/#breadcrumb\",\"itemListElement\":[{\"@type\":\"ListItem\",\"position\":1,\"name\":\"Accueil\",\"item\":\"https:\\\/\\\/btmtelectric.com\\\/\"},{\"@type\":\"ListItem\",\"position\":2,\"name\":\"Boutique\",\"item\":\"https:\\\/\\\/btmtelectric.com\\\/index.php\\\/boutique\\\/\"},{\"@type\":\"ListItem\",\"position\":3,\"name\":\"OUTDOOR WATERPROOF ACCESS CONTROLLER TOUCH SCREEN\"}]},{\"@type\":\"WebSite\",\"@id\":\"https:\\\/\\\/btmtelectric.com\\\/#website\",\"url\":\"https:\\\/\\\/btmtelectric.com\\\/\",\"name\":\"BTMT ELECTRIC \u2013 Solutions \u00c9lectriques Fiables et Innovantes\",\"description\":\"\",\"publisher\":{\"@id\":\"https:\\\/\\\/btmtelectric.com\\\/#organization\"},\"potentialAction\":[{\"@type\":\"SearchAction\",\"target\":{\"@type\":\"EntryPoint\",\"urlTemplate\":\"https:\\\/\\\/btmtelectric.com\\\/?s={search_term_string}\"},\"query-input\":{\"@type\":\"PropertyValueSpecification\",\"valueRequired\":true,\"valueName\":\"search_term_string\"}}],\"inLanguage\":\"fr-FR\"},{\"@type\":\"Organization\",\"@id\":\"https:\\\/\\\/btmtelectric.com\\\/#organization\",\"name\":\"BTMT ELECTRIC \u2013 Solutions \u00c9lectriques Fiables et Innovantes\",\"url\":\"https:\\\/\\\/btmtelectric.com\\\/\",\"logo\":{\"@type\":\"ImageObject\",\"inLanguage\":\"fr-FR\",\"@id\":\"https:\\\/\\\/btmtelectric.com\\\/#\\\/schema\\\/logo\\\/image\\\/\",\"url\":\"https:\\\/\\\/btmtelectric.com\\\/wp-content\\\/uploads\\\/2025\\\/07\\\/WhatsApp_Image_2025-07-09_at_11.45.18_AM-removebg-preview-1.png\",\"contentUrl\":\"https:\\\/\\\/btmtelectric.com\\\/wp-content\\\/uploads\\\/2025\\\/07\\\/WhatsApp_Image_2025-07-09_at_11.45.18_AM-removebg-preview-1.png\",\"width\":175,\"height\":42,\"caption\":\"BTMT ELECTRIC \u2013 Solutions \u00c9lectriques Fiables et Innovantes\"},\"image\":{\"@id\":\"https:\\\/\\\/btmtelectric.com\\\/#\\\/schema\\\/logo\\\/image\\\/\"},\"sameAs\":[\"https:\\\/\\\/www.facebook.com\\\/profile.php?id=61578000361796\",\"https:\\\/\\\/www.instagram.com\\\/btmtelectric\\\/\"]}]}<\/script>\n<!-- \/ Yoast SEO plugin. -->","yoast_head_json":{"title":"OUTDOOR WATERPROOF ACCESS CONTROLLER TOUCH SCREEN - BTMT ELECTRIC \u2013 Solutions \u00c9lectriques Fiables et Innovantes","robots":{"index":"index","follow":"follow","max-snippet":"max-snippet:-1","max-image-preview":"max-image-preview:large","max-video-preview":"max-video-preview:-1"},"canonical":"https:\/\/btmtelectric.com\/index.php\/product\/outdoor-waterproof-access-controller-touch-screen\/","og_locale":"fr_FR","og_type":"article","og_title":"OUTDOOR WATERPROOF ACCESS CONTROLLER TOUCH SCREEN - BTMT ELECTRIC \u2013 Solutions \u00c9lectriques Fiables et Innovantes","og_description":"Caract\u00e9ristiques techniques : Type de produit : Contr\u00f4leur d\u2019acc\u00e8s autonome avec \u00e9cran tactile Mod\u00e8le : GT-311A-OUTDOOR Installation : usage ext\u00e9rieur, bo\u00eetier robuste et \u00e9tanche Indice de protection : IP65 \u2013","og_url":"https:\/\/btmtelectric.com\/index.php\/product\/outdoor-waterproof-access-controller-touch-screen\/","og_site_name":"BTMT ELECTRIC \u2013 Solutions \u00c9lectriques Fiables et Innovantes","article_publisher":"https:\/\/www.facebook.com\/profile.php?id=61578000361796","og_image":[{"width":600,"height":600,"url":"https:\/\/btmtelectric.com\/wp-content\/uploads\/2025\/09\/outdoor.jpg","type":"image\/jpeg"}],"twitter_card":"summary_large_image","schema":{"@context":"https:\/\/schema.org","@graph":[{"@type":"WebPage","@id":"https:\/\/btmtelectric.com\/index.php\/product\/outdoor-waterproof-access-controller-touch-screen\/","url":"https:\/\/btmtelectric.com\/index.php\/product\/outdoor-waterproof-access-controller-touch-screen\/","name":"OUTDOOR WATERPROOF ACCESS CONTROLLER TOUCH SCREEN - BTMT ELECTRIC \u2013 Solutions \u00c9lectriques Fiables et Innovantes","isPartOf":{"@id":"https:\/\/btmtelectric.com\/#website"},"primaryImageOfPage":{"@id":"https:\/\/btmtelectric.com\/index.php\/product\/outdoor-waterproof-access-controller-touch-screen\/#primaryimage"},"image":{"@id":"https:\/\/btmtelectric.com\/index.php\/product\/outdoor-waterproof-access-controller-touch-screen\/#primaryimage"},"thumbnailUrl":"https:\/\/btmtelectric.com\/wp-content\/uploads\/2025\/09\/outdoor.jpg","datePublished":"2025-09-08T12:54:25+00:00","breadcrumb":{"@id":"https:\/\/btmtelectric.com\/index.php\/product\/outdoor-waterproof-access-controller-touch-screen\/#breadcrumb"},"inLanguage":"fr-FR","potentialAction":[{"@type":"ReadAction","target":["https:\/\/btmtelectric.com\/index.php\/product\/outdoor-waterproof-access-controller-touch-screen\/"]}]},{"@type":"ImageObject","inLanguage":"fr-FR","@id":"https:\/\/btmtelectric.com\/index.php\/product\/outdoor-waterproof-access-controller-touch-screen\/#primaryimage","url":"https:\/\/btmtelectric.com\/wp-content\/uploads\/2025\/09\/outdoor.jpg","contentUrl":"https:\/\/btmtelectric.com\/wp-content\/uploads\/2025\/09\/outdoor.jpg","width":600,"height":600},{"@type":"BreadcrumbList","@id":"https:\/\/btmtelectric.com\/index.php\/product\/outdoor-waterproof-access-controller-touch-screen\/#breadcrumb","itemListElement":[{"@type":"ListItem","position":1,"name":"Accueil","item":"https:\/\/btmtelectric.com\/"},{"@type":"ListItem","position":2,"name":"Boutique","item":"https:\/\/btmtelectric.com\/index.php\/boutique\/"},{"@type":"ListItem","position":3,"name":"OUTDOOR WATERPROOF ACCESS CONTROLLER TOUCH SCREEN"}]},{"@type":"WebSite","@id":"https:\/\/btmtelectric.com\/#website","url":"https:\/\/btmtelectric.com\/","name":"BTMT ELECTRIC \u2013 Solutions \u00c9lectriques Fiables et Innovantes","description":"","publisher":{"@id":"https:\/\/btmtelectric.com\/#organization"},"potentialAction":[{"@type":"SearchAction","target":{"@type":"EntryPoint","urlTemplate":"https:\/\/btmtelectric.com\/?s={search_term_string}"},"query-input":{"@type":"PropertyValueSpecification","valueRequired":true,"valueName":"search_term_string"}}],"inLanguage":"fr-FR"},{"@type":"Organization","@id":"https:\/\/btmtelectric.com\/#organization","name":"BTMT ELECTRIC \u2013 Solutions \u00c9lectriques Fiables et Innovantes","url":"https:\/\/btmtelectric.com\/","logo":{"@type":"ImageObject","inLanguage":"fr-FR","@id":"https:\/\/btmtelectric.com\/#\/schema\/logo\/image\/","url":"https:\/\/btmtelectric.com\/wp-content\/uploads\/2025\/07\/WhatsApp_Image_2025-07-09_at_11.45.18_AM-removebg-preview-1.png","contentUrl":"https:\/\/btmtelectric.com\/wp-content\/uploads\/2025\/07\/WhatsApp_Image_2025-07-09_at_11.45.18_AM-removebg-preview-1.png","width":175,"height":42,"caption":"BTMT ELECTRIC \u2013 Solutions \u00c9lectriques Fiables et Innovantes"},"image":{"@id":"https:\/\/btmtelectric.com\/#\/schema\/logo\/image\/"},"sameAs":["https:\/\/www.facebook.com\/profile.php?id=61578000361796","https:\/\/www.instagram.com\/btmtelectric\/"]}]}},"_links":{"self":[{"href":"https:\/\/btmtelectric.com\/index.php\/wp-json\/wp\/v2\/product\/9140","targetHints":{"allow":["GET"]}}],"collection":[{"href":"https:\/\/btmtelectric.com\/index.php\/wp-json\/wp\/v2\/product"}],"about":[{"href":"https:\/\/btmtelectric.com\/index.php\/wp-json\/wp\/v2\/types\/product"}],"replies":[{"embeddable":true,"href":"https:\/\/btmtelectric.com\/index.php\/wp-json\/wp\/v2\/comments?post=9140"}],"wp:featuredmedia":[{"embeddable":true,"href":"https:\/\/btmtelectric.com\/index.php\/wp-json\/wp\/v2\/media\/9141"}],"wp:attachment":[{"href":"https:\/\/btmtelectric.com\/index.php\/wp-json\/wp\/v2\/media?parent=9140"}],"wp:term":[{"taxonomy":"product_brand","embeddable":true,"href":"https:\/\/btmtelectric.com\/index.php\/wp-json\/wp\/v2\/product_brand?post=9140"},{"taxonomy":"product_cat","embeddable":true,"href":"https:\/\/btmtelectric.com\/index.php\/wp-json\/wp\/v2\/product_cat?post=9140"},{"taxonomy":"product_tag","embeddable":true,"href":"https:\/\/btmtelectric.com\/index.php\/wp-json\/wp\/v2\/product_tag?post=9140"}],"curies":[{"name":"wp","href":"https:\/\/api.w.org\/{rel}","templated":true}]}}