{"id":9126,"date":"2025-09-08T09:58:17","date_gmt":"2025-09-08T09:58:17","guid":{"rendered":"https:\/\/btmtelectric.com\/?post_type=product&#038;p=9126"},"modified":"2025-09-08T09:58:18","modified_gmt":"2025-09-08T09:58:18","slug":"carte-de-proximite-mifare-13-56-mhz","status":"publish","type":"product","link":"https:\/\/btmtelectric.com\/index.php\/product\/carte-de-proximite-mifare-13-56-mhz\/","title":{"rendered":"carte de proximit\u00e9 mifare 13.56 mhz"},"content":{"rendered":"<p data-start=\"108\" data-end=\"458\">La <strong data-start=\"111\" data-end=\"150\">carte de proximit\u00e9 MIFARE 13,56 MHz<\/strong> est une solution moderne et s\u00e9curis\u00e9e pour l\u2019<strong data-start=\"196\" data-end=\"227\">identification sans contact<\/strong>. Reconnue mondialement pour sa fiabilit\u00e9, elle est largement utilis\u00e9e dans les syst\u00e8mes de <strong data-start=\"319\" data-end=\"339\">contr\u00f4le d\u2019acc\u00e8s<\/strong>, la <strong data-start=\"344\" data-end=\"364\">gestion du temps<\/strong>, les <strong data-start=\"370\" data-end=\"392\">transports publics<\/strong>, les <strong data-start=\"398\" data-end=\"425\">paiements \u00e9lectroniques<\/strong> et bien d\u2019autres applications.<\/p>\n<h3 data-start=\"460\" data-end=\"495\">Caract\u00e9ristiques techniques :<\/h3>\n<ul data-start=\"496\" data-end=\"1011\">\n<li data-start=\"496\" data-end=\"544\">\n<p data-start=\"498\" data-end=\"544\"><strong data-start=\"498\" data-end=\"515\">Technologie :<\/strong> RFID sans contact \u2013 MIFARE<\/p>\n<\/li>\n<li data-start=\"545\" data-end=\"574\">\n<p data-start=\"547\" data-end=\"574\"><strong data-start=\"547\" data-end=\"562\">Fr\u00e9quence :<\/strong> 13,56 MHz<\/p>\n<\/li>\n<li data-start=\"575\" data-end=\"648\">\n<p data-start=\"577\" data-end=\"648\"><strong data-start=\"577\" data-end=\"589\">Format :<\/strong> carte ISO standard (85,5 \u00d7 54 mm, format carte bancaire)<\/p>\n<\/li>\n<li data-start=\"649\" data-end=\"753\">\n<p data-start=\"651\" data-end=\"753\"><strong data-start=\"651\" data-end=\"665\">Mat\u00e9riau :<\/strong> PVC\/ABS durable, personnalisable (impression logo, photo, code-barres, QR code, etc.)<\/p>\n<\/li>\n<li data-start=\"754\" data-end=\"813\">\n<p data-start=\"756\" data-end=\"813\"><strong data-start=\"756\" data-end=\"769\">M\u00e9moire :<\/strong> selon mod\u00e8le (ex. MIFARE Classic 1K, 4K\u2026)<\/p>\n<\/li>\n<li data-start=\"814\" data-end=\"880\">\n<p data-start=\"816\" data-end=\"880\"><strong data-start=\"816\" data-end=\"841\">Distance de lecture :<\/strong> 2 \u00e0 10 cm (selon le lecteur utilis\u00e9)<\/p>\n<\/li>\n<li data-start=\"881\" data-end=\"946\">\n<p data-start=\"883\" data-end=\"946\"><strong data-start=\"883\" data-end=\"901\">Dur\u00e9e de vie :<\/strong> plus de 100 000 cycles de lecture\/\u00e9criture<\/p>\n<\/li>\n<li data-start=\"947\" data-end=\"1011\">\n<p data-start=\"949\" data-end=\"1011\"><strong data-start=\"949\" data-end=\"968\">Compatibilit\u00e9 :<\/strong> conforme \u00e0 la norme ISO\/IEC 14443 Type A<\/p>\n<\/li>\n<\/ul>\n","protected":false},"excerpt":{"rendered":"<p>La carte de proximit\u00e9 MIFARE 13,56 MHz est une solution moderne et s\u00e9curis\u00e9e pour l\u2019identification sans contact. Reconnue mondialement pour sa fiabilit\u00e9, elle est largement utilis\u00e9e dans les syst\u00e8mes de<\/p>\n","protected":false},"featured_media":9127,"comment_status":"open","ping_status":"closed","template":"","meta":{"_acf_changed":false,"content-type":""},"product_brand":[],"product_cat":[350],"product_tag":[],"class_list":{"0":"post-9126","1":"product","2":"type-product","3":"status-publish","4":"has-post-thumbnail","6":"product_cat-controle-dacces","8":"first","9":"instock","10":"shipping-taxable","11":"purchasable","12":"product-type-simple"},"acf":[],"yoast_head":"<!-- This site is optimized with the Yoast SEO plugin v27.3 - https:\/\/yoast.com\/product\/yoast-seo-wordpress\/ -->\n<title>carte de proximit\u00e9 mifare 13.56 mhz - BTMT ELECTRIC \u2013 Solutions \u00c9lectriques Fiables et Innovantes<\/title>\n<meta name=\"robots\" content=\"index, follow, max-snippet:-1, max-image-preview:large, max-video-preview:-1\" \/>\n<link rel=\"canonical\" href=\"https:\/\/btmtelectric.com\/index.php\/product\/carte-de-proximite-mifare-13-56-mhz\/\" \/>\n<meta property=\"og:locale\" content=\"fr_FR\" \/>\n<meta property=\"og:type\" content=\"article\" \/>\n<meta property=\"og:title\" content=\"carte de proximit\u00e9 mifare 13.56 mhz - BTMT ELECTRIC \u2013 Solutions \u00c9lectriques Fiables et Innovantes\" \/>\n<meta property=\"og:description\" content=\"La carte de proximit\u00e9 MIFARE 13,56 MHz est une solution moderne et s\u00e9curis\u00e9e pour l\u2019identification sans contact. Reconnue mondialement pour sa fiabilit\u00e9, elle est largement utilis\u00e9e dans les syst\u00e8mes de\" \/>\n<meta property=\"og:url\" content=\"https:\/\/btmtelectric.com\/index.php\/product\/carte-de-proximite-mifare-13-56-mhz\/\" \/>\n<meta property=\"og:site_name\" content=\"BTMT ELECTRIC \u2013 Solutions \u00c9lectriques Fiables et Innovantes\" \/>\n<meta property=\"article:publisher\" content=\"https:\/\/www.facebook.com\/profile.php?id=61578000361796\" \/>\n<meta property=\"article:modified_time\" content=\"2025-09-08T09:58:18+00:00\" \/>\n<meta property=\"og:image\" content=\"https:\/\/btmtelectric.com\/wp-content\/uploads\/2025\/09\/CARTE-RFID-1.webp\" \/>\n\t<meta property=\"og:image:width\" content=\"671\" \/>\n\t<meta property=\"og:image:height\" content=\"485\" \/>\n\t<meta property=\"og:image:type\" content=\"image\/webp\" \/>\n<meta name=\"twitter:card\" content=\"summary_large_image\" \/>\n<meta name=\"twitter:label1\" content=\"Dur\u00e9e de lecture estim\u00e9e\" \/>\n\t<meta name=\"twitter:data1\" content=\"1 minute\" \/>\n<script type=\"application\/ld+json\" class=\"yoast-schema-graph\">{\"@context\":\"https:\\\/\\\/schema.org\",\"@graph\":[{\"@type\":\"WebPage\",\"@id\":\"https:\\\/\\\/btmtelectric.com\\\/index.php\\\/product\\\/carte-de-proximite-mifare-13-56-mhz\\\/\",\"url\":\"https:\\\/\\\/btmtelectric.com\\\/index.php\\\/product\\\/carte-de-proximite-mifare-13-56-mhz\\\/\",\"name\":\"carte de proximit\u00e9 mifare 13.56 mhz - BTMT ELECTRIC \u2013 Solutions \u00c9lectriques Fiables et Innovantes\",\"isPartOf\":{\"@id\":\"https:\\\/\\\/btmtelectric.com\\\/#website\"},\"primaryImageOfPage\":{\"@id\":\"https:\\\/\\\/btmtelectric.com\\\/index.php\\\/product\\\/carte-de-proximite-mifare-13-56-mhz\\\/#primaryimage\"},\"image\":{\"@id\":\"https:\\\/\\\/btmtelectric.com\\\/index.php\\\/product\\\/carte-de-proximite-mifare-13-56-mhz\\\/#primaryimage\"},\"thumbnailUrl\":\"https:\\\/\\\/btmtelectric.com\\\/wp-content\\\/uploads\\\/2025\\\/09\\\/CARTE-RFID-1.webp\",\"datePublished\":\"2025-09-08T09:58:17+00:00\",\"dateModified\":\"2025-09-08T09:58:18+00:00\",\"breadcrumb\":{\"@id\":\"https:\\\/\\\/btmtelectric.com\\\/index.php\\\/product\\\/carte-de-proximite-mifare-13-56-mhz\\\/#breadcrumb\"},\"inLanguage\":\"fr-FR\",\"potentialAction\":[{\"@type\":\"ReadAction\",\"target\":[\"https:\\\/\\\/btmtelectric.com\\\/index.php\\\/product\\\/carte-de-proximite-mifare-13-56-mhz\\\/\"]}]},{\"@type\":\"ImageObject\",\"inLanguage\":\"fr-FR\",\"@id\":\"https:\\\/\\\/btmtelectric.com\\\/index.php\\\/product\\\/carte-de-proximite-mifare-13-56-mhz\\\/#primaryimage\",\"url\":\"https:\\\/\\\/btmtelectric.com\\\/wp-content\\\/uploads\\\/2025\\\/09\\\/CARTE-RFID-1.webp\",\"contentUrl\":\"https:\\\/\\\/btmtelectric.com\\\/wp-content\\\/uploads\\\/2025\\\/09\\\/CARTE-RFID-1.webp\",\"width\":671,\"height\":485},{\"@type\":\"BreadcrumbList\",\"@id\":\"https:\\\/\\\/btmtelectric.com\\\/index.php\\\/product\\\/carte-de-proximite-mifare-13-56-mhz\\\/#breadcrumb\",\"itemListElement\":[{\"@type\":\"ListItem\",\"position\":1,\"name\":\"Accueil\",\"item\":\"https:\\\/\\\/btmtelectric.com\\\/\"},{\"@type\":\"ListItem\",\"position\":2,\"name\":\"Boutique\",\"item\":\"https:\\\/\\\/btmtelectric.com\\\/index.php\\\/boutique\\\/\"},{\"@type\":\"ListItem\",\"position\":3,\"name\":\"carte de proximit\u00e9 mifare 13.56 mhz\"}]},{\"@type\":\"WebSite\",\"@id\":\"https:\\\/\\\/btmtelectric.com\\\/#website\",\"url\":\"https:\\\/\\\/btmtelectric.com\\\/\",\"name\":\"BTMT ELECTRIC \u2013 Solutions \u00c9lectriques Fiables et Innovantes\",\"description\":\"\",\"publisher\":{\"@id\":\"https:\\\/\\\/btmtelectric.com\\\/#organization\"},\"potentialAction\":[{\"@type\":\"SearchAction\",\"target\":{\"@type\":\"EntryPoint\",\"urlTemplate\":\"https:\\\/\\\/btmtelectric.com\\\/?s={search_term_string}\"},\"query-input\":{\"@type\":\"PropertyValueSpecification\",\"valueRequired\":true,\"valueName\":\"search_term_string\"}}],\"inLanguage\":\"fr-FR\"},{\"@type\":\"Organization\",\"@id\":\"https:\\\/\\\/btmtelectric.com\\\/#organization\",\"name\":\"BTMT ELECTRIC \u2013 Solutions \u00c9lectriques Fiables et Innovantes\",\"url\":\"https:\\\/\\\/btmtelectric.com\\\/\",\"logo\":{\"@type\":\"ImageObject\",\"inLanguage\":\"fr-FR\",\"@id\":\"https:\\\/\\\/btmtelectric.com\\\/#\\\/schema\\\/logo\\\/image\\\/\",\"url\":\"https:\\\/\\\/btmtelectric.com\\\/wp-content\\\/uploads\\\/2025\\\/07\\\/WhatsApp_Image_2025-07-09_at_11.45.18_AM-removebg-preview-1.png\",\"contentUrl\":\"https:\\\/\\\/btmtelectric.com\\\/wp-content\\\/uploads\\\/2025\\\/07\\\/WhatsApp_Image_2025-07-09_at_11.45.18_AM-removebg-preview-1.png\",\"width\":175,\"height\":42,\"caption\":\"BTMT ELECTRIC \u2013 Solutions \u00c9lectriques Fiables et Innovantes\"},\"image\":{\"@id\":\"https:\\\/\\\/btmtelectric.com\\\/#\\\/schema\\\/logo\\\/image\\\/\"},\"sameAs\":[\"https:\\\/\\\/www.facebook.com\\\/profile.php?id=61578000361796\",\"https:\\\/\\\/www.instagram.com\\\/btmtelectric\\\/\"]}]}<\/script>\n<!-- \/ Yoast SEO plugin. -->","yoast_head_json":{"title":"carte de proximit\u00e9 mifare 13.56 mhz - BTMT ELECTRIC \u2013 Solutions \u00c9lectriques Fiables et Innovantes","robots":{"index":"index","follow":"follow","max-snippet":"max-snippet:-1","max-image-preview":"max-image-preview:large","max-video-preview":"max-video-preview:-1"},"canonical":"https:\/\/btmtelectric.com\/index.php\/product\/carte-de-proximite-mifare-13-56-mhz\/","og_locale":"fr_FR","og_type":"article","og_title":"carte de proximit\u00e9 mifare 13.56 mhz - BTMT ELECTRIC \u2013 Solutions \u00c9lectriques Fiables et Innovantes","og_description":"La carte de proximit\u00e9 MIFARE 13,56 MHz est une solution moderne et s\u00e9curis\u00e9e pour l\u2019identification sans contact. Reconnue mondialement pour sa fiabilit\u00e9, elle est largement utilis\u00e9e dans les syst\u00e8mes de","og_url":"https:\/\/btmtelectric.com\/index.php\/product\/carte-de-proximite-mifare-13-56-mhz\/","og_site_name":"BTMT ELECTRIC \u2013 Solutions \u00c9lectriques Fiables et Innovantes","article_publisher":"https:\/\/www.facebook.com\/profile.php?id=61578000361796","article_modified_time":"2025-09-08T09:58:18+00:00","og_image":[{"width":671,"height":485,"url":"https:\/\/btmtelectric.com\/wp-content\/uploads\/2025\/09\/CARTE-RFID-1.webp","type":"image\/webp"}],"twitter_card":"summary_large_image","twitter_misc":{"Dur\u00e9e de lecture estim\u00e9e":"1 minute"},"schema":{"@context":"https:\/\/schema.org","@graph":[{"@type":"WebPage","@id":"https:\/\/btmtelectric.com\/index.php\/product\/carte-de-proximite-mifare-13-56-mhz\/","url":"https:\/\/btmtelectric.com\/index.php\/product\/carte-de-proximite-mifare-13-56-mhz\/","name":"carte de proximit\u00e9 mifare 13.56 mhz - BTMT ELECTRIC \u2013 Solutions \u00c9lectriques Fiables et Innovantes","isPartOf":{"@id":"https:\/\/btmtelectric.com\/#website"},"primaryImageOfPage":{"@id":"https:\/\/btmtelectric.com\/index.php\/product\/carte-de-proximite-mifare-13-56-mhz\/#primaryimage"},"image":{"@id":"https:\/\/btmtelectric.com\/index.php\/product\/carte-de-proximite-mifare-13-56-mhz\/#primaryimage"},"thumbnailUrl":"https:\/\/btmtelectric.com\/wp-content\/uploads\/2025\/09\/CARTE-RFID-1.webp","datePublished":"2025-09-08T09:58:17+00:00","dateModified":"2025-09-08T09:58:18+00:00","breadcrumb":{"@id":"https:\/\/btmtelectric.com\/index.php\/product\/carte-de-proximite-mifare-13-56-mhz\/#breadcrumb"},"inLanguage":"fr-FR","potentialAction":[{"@type":"ReadAction","target":["https:\/\/btmtelectric.com\/index.php\/product\/carte-de-proximite-mifare-13-56-mhz\/"]}]},{"@type":"ImageObject","inLanguage":"fr-FR","@id":"https:\/\/btmtelectric.com\/index.php\/product\/carte-de-proximite-mifare-13-56-mhz\/#primaryimage","url":"https:\/\/btmtelectric.com\/wp-content\/uploads\/2025\/09\/CARTE-RFID-1.webp","contentUrl":"https:\/\/btmtelectric.com\/wp-content\/uploads\/2025\/09\/CARTE-RFID-1.webp","width":671,"height":485},{"@type":"BreadcrumbList","@id":"https:\/\/btmtelectric.com\/index.php\/product\/carte-de-proximite-mifare-13-56-mhz\/#breadcrumb","itemListElement":[{"@type":"ListItem","position":1,"name":"Accueil","item":"https:\/\/btmtelectric.com\/"},{"@type":"ListItem","position":2,"name":"Boutique","item":"https:\/\/btmtelectric.com\/index.php\/boutique\/"},{"@type":"ListItem","position":3,"name":"carte de proximit\u00e9 mifare 13.56 mhz"}]},{"@type":"WebSite","@id":"https:\/\/btmtelectric.com\/#website","url":"https:\/\/btmtelectric.com\/","name":"BTMT ELECTRIC \u2013 Solutions \u00c9lectriques Fiables et Innovantes","description":"","publisher":{"@id":"https:\/\/btmtelectric.com\/#organization"},"potentialAction":[{"@type":"SearchAction","target":{"@type":"EntryPoint","urlTemplate":"https:\/\/btmtelectric.com\/?s={search_term_string}"},"query-input":{"@type":"PropertyValueSpecification","valueRequired":true,"valueName":"search_term_string"}}],"inLanguage":"fr-FR"},{"@type":"Organization","@id":"https:\/\/btmtelectric.com\/#organization","name":"BTMT ELECTRIC \u2013 Solutions \u00c9lectriques Fiables et Innovantes","url":"https:\/\/btmtelectric.com\/","logo":{"@type":"ImageObject","inLanguage":"fr-FR","@id":"https:\/\/btmtelectric.com\/#\/schema\/logo\/image\/","url":"https:\/\/btmtelectric.com\/wp-content\/uploads\/2025\/07\/WhatsApp_Image_2025-07-09_at_11.45.18_AM-removebg-preview-1.png","contentUrl":"https:\/\/btmtelectric.com\/wp-content\/uploads\/2025\/07\/WhatsApp_Image_2025-07-09_at_11.45.18_AM-removebg-preview-1.png","width":175,"height":42,"caption":"BTMT ELECTRIC \u2013 Solutions \u00c9lectriques Fiables et Innovantes"},"image":{"@id":"https:\/\/btmtelectric.com\/#\/schema\/logo\/image\/"},"sameAs":["https:\/\/www.facebook.com\/profile.php?id=61578000361796","https:\/\/www.instagram.com\/btmtelectric\/"]}]}},"_links":{"self":[{"href":"https:\/\/btmtelectric.com\/index.php\/wp-json\/wp\/v2\/product\/9126","targetHints":{"allow":["GET"]}}],"collection":[{"href":"https:\/\/btmtelectric.com\/index.php\/wp-json\/wp\/v2\/product"}],"about":[{"href":"https:\/\/btmtelectric.com\/index.php\/wp-json\/wp\/v2\/types\/product"}],"replies":[{"embeddable":true,"href":"https:\/\/btmtelectric.com\/index.php\/wp-json\/wp\/v2\/comments?post=9126"}],"wp:featuredmedia":[{"embeddable":true,"href":"https:\/\/btmtelectric.com\/index.php\/wp-json\/wp\/v2\/media\/9127"}],"wp:attachment":[{"href":"https:\/\/btmtelectric.com\/index.php\/wp-json\/wp\/v2\/media?parent=9126"}],"wp:term":[{"taxonomy":"product_brand","embeddable":true,"href":"https:\/\/btmtelectric.com\/index.php\/wp-json\/wp\/v2\/product_brand?post=9126"},{"taxonomy":"product_cat","embeddable":true,"href":"https:\/\/btmtelectric.com\/index.php\/wp-json\/wp\/v2\/product_cat?post=9126"},{"taxonomy":"product_tag","embeddable":true,"href":"https:\/\/btmtelectric.com\/index.php\/wp-json\/wp\/v2\/product_tag?post=9126"}],"curies":[{"name":"wp","href":"https:\/\/api.w.org\/{rel}","templated":true}]}}