{"id":9121,"date":"2025-09-08T09:44:28","date_gmt":"2025-09-08T09:44:28","guid":{"rendered":"https:\/\/btmtelectric.com\/?post_type=product&#038;p=9121"},"modified":"2025-09-08T09:44:28","modified_gmt":"2025-09-08T09:44:28","slug":"bouton-poussoir-metallique-gt-k15b","status":"publish","type":"product","link":"https:\/\/btmtelectric.com\/index.php\/product\/bouton-poussoir-metallique-gt-k15b\/","title":{"rendered":"Bouton Poussoir M\u00e9tallique GT-K15B"},"content":{"rendered":"<p data-start=\"139\" data-end=\"464\">Cette <strong data-start=\"145\" data-end=\"179\">serrure \u00e9lectrique \u00e0 encastrer<\/strong> est id\u00e9ale pour les syst\u00e8mes de <strong data-start=\"212\" data-end=\"247\">contr\u00f4le d\u2019acc\u00e8s et de s\u00e9curit\u00e9<\/strong>. Son <strong data-start=\"253\" data-end=\"270\">p\u00eane r\u00e9glable<\/strong> permet une adaptation facile \u00e0 diff\u00e9rents types de portes. Elle se d\u00e9bloque automatiquement lors de la r\u00e9ception d\u2019une <strong data-start=\"390\" data-end=\"414\">impulsion \u00e9lectrique<\/strong>, assurant ainsi une ouverture rapide et fiable.<\/p>\n<p data-start=\"466\" data-end=\"740\">En plus de son fonctionnement \u00e9lectrique, elle est \u00e9quip\u00e9e d\u2019un <strong data-start=\"530\" data-end=\"560\">levier de d\u00e9blocage manuel<\/strong> pour garantir une sortie s\u00e9curis\u00e9e en cas de besoin. Elle convient aussi bien aux portes \u00e0 <strong data-start=\"652\" data-end=\"684\">main droite qu\u2019\u00e0 main gauche<\/strong>, gr\u00e2ce au <strong data-start=\"695\" data-end=\"737\">changement simple de position du front<\/strong>.<\/p>\n<h3 data-start=\"742\" data-end=\"775\">Sp\u00e9cifications techniques :<\/h3>\n<ul data-start=\"776\" data-end=\"1085\">\n<li data-start=\"776\" data-end=\"810\">\n<p data-start=\"778\" data-end=\"810\"><strong data-start=\"778\" data-end=\"796\">Alimentation :<\/strong> 8 \u2013 12 V AC<\/p>\n<\/li>\n<li data-start=\"811\" data-end=\"839\">\n<p data-start=\"813\" data-end=\"839\"><strong data-start=\"813\" data-end=\"831\">Consommation :<\/strong> 0,8 A<\/p>\n<\/li>\n<li data-start=\"840\" data-end=\"906\">\n<p data-start=\"842\" data-end=\"906\"><strong data-start=\"842\" data-end=\"861\">Serrure\/front :<\/strong> r\u00e9glable pour une installation polyvalente<\/p>\n<\/li>\n<li data-start=\"907\" data-end=\"985\">\n<p data-start=\"909\" data-end=\"985\"><strong data-start=\"909\" data-end=\"937\">Mode de d\u00e9verrouillage :<\/strong> \u00e9lectrique par impulsion ou manuel par levier<\/p>\n<\/li>\n<li data-start=\"986\" data-end=\"1085\">\n<p data-start=\"988\" data-end=\"1085\"><strong data-start=\"988\" data-end=\"1007\">Compatibilit\u00e9 :<\/strong> portes int\u00e9rieures et ext\u00e9rieures \u00e9quip\u00e9es d\u2019un syst\u00e8me de contr\u00f4le d\u2019acc\u00e8s<\/p>\n<\/li>\n<\/ul>\n","protected":false},"excerpt":{"rendered":"<p>Cette serrure \u00e9lectrique \u00e0 encastrer est id\u00e9ale pour les syst\u00e8mes de contr\u00f4le d\u2019acc\u00e8s et de s\u00e9curit\u00e9. Son p\u00eane r\u00e9glable permet une adaptation facile \u00e0 diff\u00e9rents types de portes. Elle se<\/p>\n","protected":false},"featured_media":9122,"comment_status":"open","ping_status":"closed","template":"","meta":{"_acf_changed":false,"content-type":""},"product_brand":[],"product_cat":[350],"product_tag":[],"class_list":{"0":"post-9121","1":"product","2":"type-product","3":"status-publish","4":"has-post-thumbnail","6":"product_cat-controle-dacces","8":"first","9":"instock","10":"shipping-taxable","11":"purchasable","12":"product-type-simple"},"acf":[],"yoast_head":"<!-- This site is optimized with the Yoast SEO plugin v27.3 - https:\/\/yoast.com\/product\/yoast-seo-wordpress\/ -->\n<title>Bouton Poussoir M\u00e9tallique GT-K15B - BTMT ELECTRIC \u2013 Solutions \u00c9lectriques Fiables et Innovantes<\/title>\n<meta name=\"robots\" content=\"index, follow, max-snippet:-1, max-image-preview:large, max-video-preview:-1\" \/>\n<link rel=\"canonical\" href=\"https:\/\/btmtelectric.com\/index.php\/product\/bouton-poussoir-metallique-gt-k15b\/\" \/>\n<meta property=\"og:locale\" content=\"fr_FR\" \/>\n<meta property=\"og:type\" content=\"article\" \/>\n<meta property=\"og:title\" content=\"Bouton Poussoir M\u00e9tallique GT-K15B - BTMT ELECTRIC \u2013 Solutions \u00c9lectriques Fiables et Innovantes\" \/>\n<meta property=\"og:description\" content=\"Cette serrure \u00e9lectrique \u00e0 encastrer est id\u00e9ale pour les syst\u00e8mes de contr\u00f4le d\u2019acc\u00e8s et de s\u00e9curit\u00e9. Son p\u00eane r\u00e9glable permet une adaptation facile \u00e0 diff\u00e9rents types de portes. Elle se\" \/>\n<meta property=\"og:url\" content=\"https:\/\/btmtelectric.com\/index.php\/product\/bouton-poussoir-metallique-gt-k15b\/\" \/>\n<meta property=\"og:site_name\" content=\"BTMT ELECTRIC \u2013 Solutions \u00c9lectriques Fiables et Innovantes\" \/>\n<meta property=\"article:publisher\" content=\"https:\/\/www.facebook.com\/profile.php?id=61578000361796\" \/>\n<meta property=\"og:image\" content=\"https:\/\/btmtelectric.com\/wp-content\/uploads\/2025\/09\/gache-electrique-symetrique-612v-jis-1720-900x.jpg\" \/>\n\t<meta property=\"og:image:width\" content=\"485\" \/>\n\t<meta property=\"og:image:height\" content=\"485\" \/>\n\t<meta property=\"og:image:type\" content=\"image\/jpeg\" \/>\n<meta name=\"twitter:card\" content=\"summary_large_image\" \/>\n<meta name=\"twitter:label1\" content=\"Dur\u00e9e de lecture estim\u00e9e\" \/>\n\t<meta name=\"twitter:data1\" content=\"1 minute\" \/>\n<script type=\"application\/ld+json\" class=\"yoast-schema-graph\">{\"@context\":\"https:\\\/\\\/schema.org\",\"@graph\":[{\"@type\":\"WebPage\",\"@id\":\"https:\\\/\\\/btmtelectric.com\\\/index.php\\\/product\\\/bouton-poussoir-metallique-gt-k15b\\\/\",\"url\":\"https:\\\/\\\/btmtelectric.com\\\/index.php\\\/product\\\/bouton-poussoir-metallique-gt-k15b\\\/\",\"name\":\"Bouton Poussoir M\u00e9tallique GT-K15B - BTMT ELECTRIC \u2013 Solutions \u00c9lectriques Fiables et Innovantes\",\"isPartOf\":{\"@id\":\"https:\\\/\\\/btmtelectric.com\\\/#website\"},\"primaryImageOfPage\":{\"@id\":\"https:\\\/\\\/btmtelectric.com\\\/index.php\\\/product\\\/bouton-poussoir-metallique-gt-k15b\\\/#primaryimage\"},\"image\":{\"@id\":\"https:\\\/\\\/btmtelectric.com\\\/index.php\\\/product\\\/bouton-poussoir-metallique-gt-k15b\\\/#primaryimage\"},\"thumbnailUrl\":\"https:\\\/\\\/btmtelectric.com\\\/wp-content\\\/uploads\\\/2025\\\/09\\\/gache-electrique-symetrique-612v-jis-1720-900x.jpg\",\"datePublished\":\"2025-09-08T09:44:28+00:00\",\"breadcrumb\":{\"@id\":\"https:\\\/\\\/btmtelectric.com\\\/index.php\\\/product\\\/bouton-poussoir-metallique-gt-k15b\\\/#breadcrumb\"},\"inLanguage\":\"fr-FR\",\"potentialAction\":[{\"@type\":\"ReadAction\",\"target\":[\"https:\\\/\\\/btmtelectric.com\\\/index.php\\\/product\\\/bouton-poussoir-metallique-gt-k15b\\\/\"]}]},{\"@type\":\"ImageObject\",\"inLanguage\":\"fr-FR\",\"@id\":\"https:\\\/\\\/btmtelectric.com\\\/index.php\\\/product\\\/bouton-poussoir-metallique-gt-k15b\\\/#primaryimage\",\"url\":\"https:\\\/\\\/btmtelectric.com\\\/wp-content\\\/uploads\\\/2025\\\/09\\\/gache-electrique-symetrique-612v-jis-1720-900x.jpg\",\"contentUrl\":\"https:\\\/\\\/btmtelectric.com\\\/wp-content\\\/uploads\\\/2025\\\/09\\\/gache-electrique-symetrique-612v-jis-1720-900x.jpg\",\"width\":485,\"height\":485},{\"@type\":\"BreadcrumbList\",\"@id\":\"https:\\\/\\\/btmtelectric.com\\\/index.php\\\/product\\\/bouton-poussoir-metallique-gt-k15b\\\/#breadcrumb\",\"itemListElement\":[{\"@type\":\"ListItem\",\"position\":1,\"name\":\"Accueil\",\"item\":\"https:\\\/\\\/btmtelectric.com\\\/\"},{\"@type\":\"ListItem\",\"position\":2,\"name\":\"Boutique\",\"item\":\"https:\\\/\\\/btmtelectric.com\\\/index.php\\\/boutique\\\/\"},{\"@type\":\"ListItem\",\"position\":3,\"name\":\"Bouton Poussoir M\u00e9tallique GT-K15B\"}]},{\"@type\":\"WebSite\",\"@id\":\"https:\\\/\\\/btmtelectric.com\\\/#website\",\"url\":\"https:\\\/\\\/btmtelectric.com\\\/\",\"name\":\"BTMT ELECTRIC \u2013 Solutions \u00c9lectriques Fiables et Innovantes\",\"description\":\"\",\"publisher\":{\"@id\":\"https:\\\/\\\/btmtelectric.com\\\/#organization\"},\"potentialAction\":[{\"@type\":\"SearchAction\",\"target\":{\"@type\":\"EntryPoint\",\"urlTemplate\":\"https:\\\/\\\/btmtelectric.com\\\/?s={search_term_string}\"},\"query-input\":{\"@type\":\"PropertyValueSpecification\",\"valueRequired\":true,\"valueName\":\"search_term_string\"}}],\"inLanguage\":\"fr-FR\"},{\"@type\":\"Organization\",\"@id\":\"https:\\\/\\\/btmtelectric.com\\\/#organization\",\"name\":\"BTMT ELECTRIC \u2013 Solutions \u00c9lectriques Fiables et Innovantes\",\"url\":\"https:\\\/\\\/btmtelectric.com\\\/\",\"logo\":{\"@type\":\"ImageObject\",\"inLanguage\":\"fr-FR\",\"@id\":\"https:\\\/\\\/btmtelectric.com\\\/#\\\/schema\\\/logo\\\/image\\\/\",\"url\":\"https:\\\/\\\/btmtelectric.com\\\/wp-content\\\/uploads\\\/2025\\\/07\\\/WhatsApp_Image_2025-07-09_at_11.45.18_AM-removebg-preview-1.png\",\"contentUrl\":\"https:\\\/\\\/btmtelectric.com\\\/wp-content\\\/uploads\\\/2025\\\/07\\\/WhatsApp_Image_2025-07-09_at_11.45.18_AM-removebg-preview-1.png\",\"width\":175,\"height\":42,\"caption\":\"BTMT ELECTRIC \u2013 Solutions \u00c9lectriques Fiables et Innovantes\"},\"image\":{\"@id\":\"https:\\\/\\\/btmtelectric.com\\\/#\\\/schema\\\/logo\\\/image\\\/\"},\"sameAs\":[\"https:\\\/\\\/www.facebook.com\\\/profile.php?id=61578000361796\",\"https:\\\/\\\/www.instagram.com\\\/btmtelectric\\\/\"]}]}<\/script>\n<!-- \/ Yoast SEO plugin. -->","yoast_head_json":{"title":"Bouton Poussoir M\u00e9tallique GT-K15B - BTMT ELECTRIC \u2013 Solutions \u00c9lectriques Fiables et Innovantes","robots":{"index":"index","follow":"follow","max-snippet":"max-snippet:-1","max-image-preview":"max-image-preview:large","max-video-preview":"max-video-preview:-1"},"canonical":"https:\/\/btmtelectric.com\/index.php\/product\/bouton-poussoir-metallique-gt-k15b\/","og_locale":"fr_FR","og_type":"article","og_title":"Bouton Poussoir M\u00e9tallique GT-K15B - BTMT ELECTRIC \u2013 Solutions \u00c9lectriques Fiables et Innovantes","og_description":"Cette serrure \u00e9lectrique \u00e0 encastrer est id\u00e9ale pour les syst\u00e8mes de contr\u00f4le d\u2019acc\u00e8s et de s\u00e9curit\u00e9. Son p\u00eane r\u00e9glable permet une adaptation facile \u00e0 diff\u00e9rents types de portes. Elle se","og_url":"https:\/\/btmtelectric.com\/index.php\/product\/bouton-poussoir-metallique-gt-k15b\/","og_site_name":"BTMT ELECTRIC \u2013 Solutions \u00c9lectriques Fiables et Innovantes","article_publisher":"https:\/\/www.facebook.com\/profile.php?id=61578000361796","og_image":[{"width":485,"height":485,"url":"https:\/\/btmtelectric.com\/wp-content\/uploads\/2025\/09\/gache-electrique-symetrique-612v-jis-1720-900x.jpg","type":"image\/jpeg"}],"twitter_card":"summary_large_image","twitter_misc":{"Dur\u00e9e de lecture estim\u00e9e":"1 minute"},"schema":{"@context":"https:\/\/schema.org","@graph":[{"@type":"WebPage","@id":"https:\/\/btmtelectric.com\/index.php\/product\/bouton-poussoir-metallique-gt-k15b\/","url":"https:\/\/btmtelectric.com\/index.php\/product\/bouton-poussoir-metallique-gt-k15b\/","name":"Bouton Poussoir M\u00e9tallique GT-K15B - BTMT ELECTRIC \u2013 Solutions \u00c9lectriques Fiables et Innovantes","isPartOf":{"@id":"https:\/\/btmtelectric.com\/#website"},"primaryImageOfPage":{"@id":"https:\/\/btmtelectric.com\/index.php\/product\/bouton-poussoir-metallique-gt-k15b\/#primaryimage"},"image":{"@id":"https:\/\/btmtelectric.com\/index.php\/product\/bouton-poussoir-metallique-gt-k15b\/#primaryimage"},"thumbnailUrl":"https:\/\/btmtelectric.com\/wp-content\/uploads\/2025\/09\/gache-electrique-symetrique-612v-jis-1720-900x.jpg","datePublished":"2025-09-08T09:44:28+00:00","breadcrumb":{"@id":"https:\/\/btmtelectric.com\/index.php\/product\/bouton-poussoir-metallique-gt-k15b\/#breadcrumb"},"inLanguage":"fr-FR","potentialAction":[{"@type":"ReadAction","target":["https:\/\/btmtelectric.com\/index.php\/product\/bouton-poussoir-metallique-gt-k15b\/"]}]},{"@type":"ImageObject","inLanguage":"fr-FR","@id":"https:\/\/btmtelectric.com\/index.php\/product\/bouton-poussoir-metallique-gt-k15b\/#primaryimage","url":"https:\/\/btmtelectric.com\/wp-content\/uploads\/2025\/09\/gache-electrique-symetrique-612v-jis-1720-900x.jpg","contentUrl":"https:\/\/btmtelectric.com\/wp-content\/uploads\/2025\/09\/gache-electrique-symetrique-612v-jis-1720-900x.jpg","width":485,"height":485},{"@type":"BreadcrumbList","@id":"https:\/\/btmtelectric.com\/index.php\/product\/bouton-poussoir-metallique-gt-k15b\/#breadcrumb","itemListElement":[{"@type":"ListItem","position":1,"name":"Accueil","item":"https:\/\/btmtelectric.com\/"},{"@type":"ListItem","position":2,"name":"Boutique","item":"https:\/\/btmtelectric.com\/index.php\/boutique\/"},{"@type":"ListItem","position":3,"name":"Bouton Poussoir M\u00e9tallique GT-K15B"}]},{"@type":"WebSite","@id":"https:\/\/btmtelectric.com\/#website","url":"https:\/\/btmtelectric.com\/","name":"BTMT ELECTRIC \u2013 Solutions \u00c9lectriques Fiables et Innovantes","description":"","publisher":{"@id":"https:\/\/btmtelectric.com\/#organization"},"potentialAction":[{"@type":"SearchAction","target":{"@type":"EntryPoint","urlTemplate":"https:\/\/btmtelectric.com\/?s={search_term_string}"},"query-input":{"@type":"PropertyValueSpecification","valueRequired":true,"valueName":"search_term_string"}}],"inLanguage":"fr-FR"},{"@type":"Organization","@id":"https:\/\/btmtelectric.com\/#organization","name":"BTMT ELECTRIC \u2013 Solutions \u00c9lectriques Fiables et Innovantes","url":"https:\/\/btmtelectric.com\/","logo":{"@type":"ImageObject","inLanguage":"fr-FR","@id":"https:\/\/btmtelectric.com\/#\/schema\/logo\/image\/","url":"https:\/\/btmtelectric.com\/wp-content\/uploads\/2025\/07\/WhatsApp_Image_2025-07-09_at_11.45.18_AM-removebg-preview-1.png","contentUrl":"https:\/\/btmtelectric.com\/wp-content\/uploads\/2025\/07\/WhatsApp_Image_2025-07-09_at_11.45.18_AM-removebg-preview-1.png","width":175,"height":42,"caption":"BTMT ELECTRIC \u2013 Solutions \u00c9lectriques Fiables et Innovantes"},"image":{"@id":"https:\/\/btmtelectric.com\/#\/schema\/logo\/image\/"},"sameAs":["https:\/\/www.facebook.com\/profile.php?id=61578000361796","https:\/\/www.instagram.com\/btmtelectric\/"]}]}},"_links":{"self":[{"href":"https:\/\/btmtelectric.com\/index.php\/wp-json\/wp\/v2\/product\/9121","targetHints":{"allow":["GET"]}}],"collection":[{"href":"https:\/\/btmtelectric.com\/index.php\/wp-json\/wp\/v2\/product"}],"about":[{"href":"https:\/\/btmtelectric.com\/index.php\/wp-json\/wp\/v2\/types\/product"}],"replies":[{"embeddable":true,"href":"https:\/\/btmtelectric.com\/index.php\/wp-json\/wp\/v2\/comments?post=9121"}],"wp:featuredmedia":[{"embeddable":true,"href":"https:\/\/btmtelectric.com\/index.php\/wp-json\/wp\/v2\/media\/9122"}],"wp:attachment":[{"href":"https:\/\/btmtelectric.com\/index.php\/wp-json\/wp\/v2\/media?parent=9121"}],"wp:term":[{"taxonomy":"product_brand","embeddable":true,"href":"https:\/\/btmtelectric.com\/index.php\/wp-json\/wp\/v2\/product_brand?post=9121"},{"taxonomy":"product_cat","embeddable":true,"href":"https:\/\/btmtelectric.com\/index.php\/wp-json\/wp\/v2\/product_cat?post=9121"},{"taxonomy":"product_tag","embeddable":true,"href":"https:\/\/btmtelectric.com\/index.php\/wp-json\/wp\/v2\/product_tag?post=9121"}],"curies":[{"name":"wp","href":"https:\/\/api.w.org\/{rel}","templated":true}]}}