{"id":9118,"date":"2025-09-08T09:36:00","date_gmt":"2025-09-08T09:36:00","guid":{"rendered":"https:\/\/btmtelectric.com\/?post_type=product&#038;p=9118"},"modified":"2025-09-08T09:37:52","modified_gmt":"2025-09-08T09:37:52","slug":"9118","status":"publish","type":"product","link":"https:\/\/btmtelectric.com\/index.php\/product\/9118\/","title":{"rendered":"Bouton Poussoir M\u00e9tallique GT-K15B"},"content":{"rendered":"<h2 data-start=\"66\" data-end=\"105\">Bouton Poussoir M\u00e9tallique GT-K15B<\/h2>\n<p data-start=\"107\" data-end=\"411\">Le <strong data-start=\"110\" data-end=\"121\">GT-K15B<\/strong> est un <strong data-start=\"129\" data-end=\"167\">bouton poussoir de sortie en m\u00e9tal<\/strong> sp\u00e9cialement con\u00e7u pour les syst\u00e8mes de <strong data-start=\"208\" data-end=\"228\">contr\u00f4le d\u2019acc\u00e8s<\/strong>. Robuste, fiable et \u00e9l\u00e9gant, il offre une solution durable pour le d\u00e9verrouillage des portes \u00e9quip\u00e9es de g\u00e2ches \u00e9lectriques, ventouses \u00e9lectromagn\u00e9tiques ou serrures \u00e9lectroniques.<\/p>\n<h3 data-start=\"413\" data-end=\"448\">Caract\u00e9ristiques techniques :<\/h3>\n<ul data-start=\"449\" data-end=\"1094\">\n<li data-start=\"449\" data-end=\"508\">\n<p data-start=\"451\" data-end=\"508\"><strong data-start=\"451\" data-end=\"471\">Nom du produit :<\/strong> Bouton poussoir m\u00e9tallique GT-K15B<\/p>\n<\/li>\n<li data-start=\"509\" data-end=\"585\">\n<p data-start=\"511\" data-end=\"585\"><strong data-start=\"511\" data-end=\"525\">Mat\u00e9riau :<\/strong> Acier inoxydable bross\u00e9, r\u00e9sistant aux chocs et \u00e0 l\u2019usure<\/p>\n<\/li>\n<li data-start=\"586\" data-end=\"675\">\n<p data-start=\"588\" data-end=\"675\"><strong data-start=\"588\" data-end=\"613\">Type d\u2019installation :<\/strong> Montage mural (encastr\u00e9 ou en applique selon configuration)<\/p>\n<\/li>\n<li data-start=\"676\" data-end=\"744\">\n<p data-start=\"678\" data-end=\"744\"><strong data-start=\"678\" data-end=\"704\">Dimensions standards :<\/strong> format adapt\u00e9 aux bo\u00eetiers universels<\/p>\n<\/li>\n<li data-start=\"745\" data-end=\"816\">\n<p data-start=\"747\" data-end=\"816\"><strong data-start=\"747\" data-end=\"767\">Fonctionnement :<\/strong> simple pression pour activer le d\u00e9verrouillage<\/p>\n<\/li>\n<\/ul>\n<h3 data-start=\"1096\" data-end=\"1116\">Points forts :<\/h3>\n<ul data-start=\"1117\" data-end=\"1613\">\n<li data-start=\"1117\" data-end=\"1226\">\n<p data-start=\"1119\" data-end=\"1226\"><strong data-start=\"1122\" data-end=\"1147\">S\u00e9curit\u00e9 et fiabilit\u00e9<\/strong> : garantit un fonctionnement stable avec tous types de serrures \u00e9lectriques.<\/p>\n<\/li>\n<li data-start=\"1227\" data-end=\"1320\">\n<p data-start=\"1229\" data-end=\"1320\"><strong data-start=\"1233\" data-end=\"1247\">Robustesse<\/strong> : bo\u00eetier m\u00e9tallique en inox, id\u00e9al pour les environnements intensifs.<\/p>\n<\/li>\n<li data-start=\"1321\" data-end=\"1405\">\n<p data-start=\"1323\" data-end=\"1405\"><strong data-start=\"1326\" data-end=\"1354\">Simplicit\u00e9 d\u2019utilisation<\/strong> : large surface d\u2019appui et signalisation claire.<\/p>\n<\/li>\n<li data-start=\"1406\" data-end=\"1508\">\n<p data-start=\"1408\" data-end=\"1508\">\u00a0<strong data-start=\"1411\" data-end=\"1426\">Polyvalence<\/strong> : adapt\u00e9 aux bureaux, immeubles, h\u00f4tels, \u00e9coles, h\u00f4pitaux et sites industriels.<\/p>\n<\/li>\n<\/ul>\n","protected":false},"excerpt":{"rendered":"<p>Bouton Poussoir M\u00e9tallique GT-K15B Le GT-K15B est un bouton poussoir de sortie en m\u00e9tal sp\u00e9cialement con\u00e7u pour les syst\u00e8mes de contr\u00f4le d\u2019acc\u00e8s. Robuste, fiable et \u00e9l\u00e9gant, il offre une solution<\/p>\n","protected":false},"featured_media":9119,"comment_status":"open","ping_status":"closed","template":"","meta":{"_acf_changed":false,"content-type":""},"product_brand":[],"product_cat":[350],"product_tag":[],"class_list":{"0":"post-9118","1":"product","2":"type-product","3":"status-publish","4":"has-post-thumbnail","6":"product_cat-controle-dacces","8":"first","9":"instock","10":"shipping-taxable","11":"purchasable","12":"product-type-simple"},"acf":[],"yoast_head":"<!-- This site is optimized with the Yoast SEO plugin v27.3 - https:\/\/yoast.com\/product\/yoast-seo-wordpress\/ -->\n<title>Bouton Poussoir M\u00e9tallique GT-K15B - BTMT ELECTRIC \u2013 Solutions \u00c9lectriques Fiables et Innovantes<\/title>\n<meta name=\"robots\" content=\"index, follow, max-snippet:-1, max-image-preview:large, max-video-preview:-1\" \/>\n<link rel=\"canonical\" href=\"https:\/\/btmtelectric.com\/index.php\/product\/9118\/\" \/>\n<meta property=\"og:locale\" content=\"fr_FR\" \/>\n<meta property=\"og:type\" content=\"article\" \/>\n<meta property=\"og:title\" content=\"Bouton Poussoir M\u00e9tallique GT-K15B - BTMT ELECTRIC \u2013 Solutions \u00c9lectriques Fiables et Innovantes\" \/>\n<meta property=\"og:description\" content=\"Bouton Poussoir M\u00e9tallique GT-K15B Le GT-K15B est un bouton poussoir de sortie en m\u00e9tal sp\u00e9cialement con\u00e7u pour les syst\u00e8mes de contr\u00f4le d\u2019acc\u00e8s. Robuste, fiable et \u00e9l\u00e9gant, il offre une solution\" \/>\n<meta property=\"og:url\" content=\"https:\/\/btmtelectric.com\/index.php\/product\/9118\/\" \/>\n<meta property=\"og:site_name\" content=\"BTMT ELECTRIC \u2013 Solutions \u00c9lectriques Fiables et Innovantes\" \/>\n<meta property=\"article:publisher\" content=\"https:\/\/www.facebook.com\/profile.php?id=61578000361796\" \/>\n<meta property=\"article:modified_time\" content=\"2025-09-08T09:37:52+00:00\" \/>\n<meta property=\"og:image\" content=\"https:\/\/btmtelectric.com\/wp-content\/uploads\/2025\/09\/BOUTON-POUSSOIR.jpeg\" \/>\n\t<meta property=\"og:image:width\" content=\"225\" \/>\n\t<meta property=\"og:image:height\" content=\"225\" \/>\n\t<meta property=\"og:image:type\" content=\"image\/jpeg\" \/>\n<meta name=\"twitter:card\" content=\"summary_large_image\" \/>\n<meta name=\"twitter:label1\" content=\"Dur\u00e9e de lecture estim\u00e9e\" \/>\n\t<meta name=\"twitter:data1\" content=\"1 minute\" \/>\n<script type=\"application\/ld+json\" class=\"yoast-schema-graph\">{\"@context\":\"https:\\\/\\\/schema.org\",\"@graph\":[{\"@type\":\"WebPage\",\"@id\":\"https:\\\/\\\/btmtelectric.com\\\/index.php\\\/product\\\/9118\\\/\",\"url\":\"https:\\\/\\\/btmtelectric.com\\\/index.php\\\/product\\\/9118\\\/\",\"name\":\"Bouton Poussoir M\u00e9tallique GT-K15B - BTMT ELECTRIC \u2013 Solutions \u00c9lectriques Fiables et Innovantes\",\"isPartOf\":{\"@id\":\"https:\\\/\\\/btmtelectric.com\\\/#website\"},\"primaryImageOfPage\":{\"@id\":\"https:\\\/\\\/btmtelectric.com\\\/index.php\\\/product\\\/9118\\\/#primaryimage\"},\"image\":{\"@id\":\"https:\\\/\\\/btmtelectric.com\\\/index.php\\\/product\\\/9118\\\/#primaryimage\"},\"thumbnailUrl\":\"https:\\\/\\\/btmtelectric.com\\\/wp-content\\\/uploads\\\/2025\\\/09\\\/BOUTON-POUSSOIR.jpeg\",\"datePublished\":\"2025-09-08T09:36:00+00:00\",\"dateModified\":\"2025-09-08T09:37:52+00:00\",\"breadcrumb\":{\"@id\":\"https:\\\/\\\/btmtelectric.com\\\/index.php\\\/product\\\/9118\\\/#breadcrumb\"},\"inLanguage\":\"fr-FR\",\"potentialAction\":[{\"@type\":\"ReadAction\",\"target\":[\"https:\\\/\\\/btmtelectric.com\\\/index.php\\\/product\\\/9118\\\/\"]}]},{\"@type\":\"ImageObject\",\"inLanguage\":\"fr-FR\",\"@id\":\"https:\\\/\\\/btmtelectric.com\\\/index.php\\\/product\\\/9118\\\/#primaryimage\",\"url\":\"https:\\\/\\\/btmtelectric.com\\\/wp-content\\\/uploads\\\/2025\\\/09\\\/BOUTON-POUSSOIR.jpeg\",\"contentUrl\":\"https:\\\/\\\/btmtelectric.com\\\/wp-content\\\/uploads\\\/2025\\\/09\\\/BOUTON-POUSSOIR.jpeg\",\"width\":225,\"height\":225},{\"@type\":\"BreadcrumbList\",\"@id\":\"https:\\\/\\\/btmtelectric.com\\\/index.php\\\/product\\\/9118\\\/#breadcrumb\",\"itemListElement\":[{\"@type\":\"ListItem\",\"position\":1,\"name\":\"Accueil\",\"item\":\"https:\\\/\\\/btmtelectric.com\\\/\"},{\"@type\":\"ListItem\",\"position\":2,\"name\":\"Boutique\",\"item\":\"https:\\\/\\\/btmtelectric.com\\\/index.php\\\/boutique\\\/\"},{\"@type\":\"ListItem\",\"position\":3,\"name\":\"Bouton Poussoir M\u00e9tallique GT-K15B\"}]},{\"@type\":\"WebSite\",\"@id\":\"https:\\\/\\\/btmtelectric.com\\\/#website\",\"url\":\"https:\\\/\\\/btmtelectric.com\\\/\",\"name\":\"BTMT ELECTRIC \u2013 Solutions \u00c9lectriques Fiables et Innovantes\",\"description\":\"\",\"publisher\":{\"@id\":\"https:\\\/\\\/btmtelectric.com\\\/#organization\"},\"potentialAction\":[{\"@type\":\"SearchAction\",\"target\":{\"@type\":\"EntryPoint\",\"urlTemplate\":\"https:\\\/\\\/btmtelectric.com\\\/?s={search_term_string}\"},\"query-input\":{\"@type\":\"PropertyValueSpecification\",\"valueRequired\":true,\"valueName\":\"search_term_string\"}}],\"inLanguage\":\"fr-FR\"},{\"@type\":\"Organization\",\"@id\":\"https:\\\/\\\/btmtelectric.com\\\/#organization\",\"name\":\"BTMT ELECTRIC \u2013 Solutions \u00c9lectriques Fiables et Innovantes\",\"url\":\"https:\\\/\\\/btmtelectric.com\\\/\",\"logo\":{\"@type\":\"ImageObject\",\"inLanguage\":\"fr-FR\",\"@id\":\"https:\\\/\\\/btmtelectric.com\\\/#\\\/schema\\\/logo\\\/image\\\/\",\"url\":\"https:\\\/\\\/btmtelectric.com\\\/wp-content\\\/uploads\\\/2025\\\/07\\\/WhatsApp_Image_2025-07-09_at_11.45.18_AM-removebg-preview-1.png\",\"contentUrl\":\"https:\\\/\\\/btmtelectric.com\\\/wp-content\\\/uploads\\\/2025\\\/07\\\/WhatsApp_Image_2025-07-09_at_11.45.18_AM-removebg-preview-1.png\",\"width\":175,\"height\":42,\"caption\":\"BTMT ELECTRIC \u2013 Solutions \u00c9lectriques Fiables et Innovantes\"},\"image\":{\"@id\":\"https:\\\/\\\/btmtelectric.com\\\/#\\\/schema\\\/logo\\\/image\\\/\"},\"sameAs\":[\"https:\\\/\\\/www.facebook.com\\\/profile.php?id=61578000361796\",\"https:\\\/\\\/www.instagram.com\\\/btmtelectric\\\/\"]}]}<\/script>\n<!-- \/ Yoast SEO plugin. -->","yoast_head_json":{"title":"Bouton Poussoir M\u00e9tallique GT-K15B - BTMT ELECTRIC \u2013 Solutions \u00c9lectriques Fiables et Innovantes","robots":{"index":"index","follow":"follow","max-snippet":"max-snippet:-1","max-image-preview":"max-image-preview:large","max-video-preview":"max-video-preview:-1"},"canonical":"https:\/\/btmtelectric.com\/index.php\/product\/9118\/","og_locale":"fr_FR","og_type":"article","og_title":"Bouton Poussoir M\u00e9tallique GT-K15B - BTMT ELECTRIC \u2013 Solutions \u00c9lectriques Fiables et Innovantes","og_description":"Bouton Poussoir M\u00e9tallique GT-K15B Le GT-K15B est un bouton poussoir de sortie en m\u00e9tal sp\u00e9cialement con\u00e7u pour les syst\u00e8mes de contr\u00f4le d\u2019acc\u00e8s. Robuste, fiable et \u00e9l\u00e9gant, il offre une solution","og_url":"https:\/\/btmtelectric.com\/index.php\/product\/9118\/","og_site_name":"BTMT ELECTRIC \u2013 Solutions \u00c9lectriques Fiables et Innovantes","article_publisher":"https:\/\/www.facebook.com\/profile.php?id=61578000361796","article_modified_time":"2025-09-08T09:37:52+00:00","og_image":[{"width":225,"height":225,"url":"https:\/\/btmtelectric.com\/wp-content\/uploads\/2025\/09\/BOUTON-POUSSOIR.jpeg","type":"image\/jpeg"}],"twitter_card":"summary_large_image","twitter_misc":{"Dur\u00e9e de lecture estim\u00e9e":"1 minute"},"schema":{"@context":"https:\/\/schema.org","@graph":[{"@type":"WebPage","@id":"https:\/\/btmtelectric.com\/index.php\/product\/9118\/","url":"https:\/\/btmtelectric.com\/index.php\/product\/9118\/","name":"Bouton Poussoir M\u00e9tallique GT-K15B - BTMT ELECTRIC \u2013 Solutions \u00c9lectriques Fiables et Innovantes","isPartOf":{"@id":"https:\/\/btmtelectric.com\/#website"},"primaryImageOfPage":{"@id":"https:\/\/btmtelectric.com\/index.php\/product\/9118\/#primaryimage"},"image":{"@id":"https:\/\/btmtelectric.com\/index.php\/product\/9118\/#primaryimage"},"thumbnailUrl":"https:\/\/btmtelectric.com\/wp-content\/uploads\/2025\/09\/BOUTON-POUSSOIR.jpeg","datePublished":"2025-09-08T09:36:00+00:00","dateModified":"2025-09-08T09:37:52+00:00","breadcrumb":{"@id":"https:\/\/btmtelectric.com\/index.php\/product\/9118\/#breadcrumb"},"inLanguage":"fr-FR","potentialAction":[{"@type":"ReadAction","target":["https:\/\/btmtelectric.com\/index.php\/product\/9118\/"]}]},{"@type":"ImageObject","inLanguage":"fr-FR","@id":"https:\/\/btmtelectric.com\/index.php\/product\/9118\/#primaryimage","url":"https:\/\/btmtelectric.com\/wp-content\/uploads\/2025\/09\/BOUTON-POUSSOIR.jpeg","contentUrl":"https:\/\/btmtelectric.com\/wp-content\/uploads\/2025\/09\/BOUTON-POUSSOIR.jpeg","width":225,"height":225},{"@type":"BreadcrumbList","@id":"https:\/\/btmtelectric.com\/index.php\/product\/9118\/#breadcrumb","itemListElement":[{"@type":"ListItem","position":1,"name":"Accueil","item":"https:\/\/btmtelectric.com\/"},{"@type":"ListItem","position":2,"name":"Boutique","item":"https:\/\/btmtelectric.com\/index.php\/boutique\/"},{"@type":"ListItem","position":3,"name":"Bouton Poussoir M\u00e9tallique GT-K15B"}]},{"@type":"WebSite","@id":"https:\/\/btmtelectric.com\/#website","url":"https:\/\/btmtelectric.com\/","name":"BTMT ELECTRIC \u2013 Solutions \u00c9lectriques Fiables et Innovantes","description":"","publisher":{"@id":"https:\/\/btmtelectric.com\/#organization"},"potentialAction":[{"@type":"SearchAction","target":{"@type":"EntryPoint","urlTemplate":"https:\/\/btmtelectric.com\/?s={search_term_string}"},"query-input":{"@type":"PropertyValueSpecification","valueRequired":true,"valueName":"search_term_string"}}],"inLanguage":"fr-FR"},{"@type":"Organization","@id":"https:\/\/btmtelectric.com\/#organization","name":"BTMT ELECTRIC \u2013 Solutions \u00c9lectriques Fiables et Innovantes","url":"https:\/\/btmtelectric.com\/","logo":{"@type":"ImageObject","inLanguage":"fr-FR","@id":"https:\/\/btmtelectric.com\/#\/schema\/logo\/image\/","url":"https:\/\/btmtelectric.com\/wp-content\/uploads\/2025\/07\/WhatsApp_Image_2025-07-09_at_11.45.18_AM-removebg-preview-1.png","contentUrl":"https:\/\/btmtelectric.com\/wp-content\/uploads\/2025\/07\/WhatsApp_Image_2025-07-09_at_11.45.18_AM-removebg-preview-1.png","width":175,"height":42,"caption":"BTMT ELECTRIC \u2013 Solutions \u00c9lectriques Fiables et Innovantes"},"image":{"@id":"https:\/\/btmtelectric.com\/#\/schema\/logo\/image\/"},"sameAs":["https:\/\/www.facebook.com\/profile.php?id=61578000361796","https:\/\/www.instagram.com\/btmtelectric\/"]}]}},"_links":{"self":[{"href":"https:\/\/btmtelectric.com\/index.php\/wp-json\/wp\/v2\/product\/9118","targetHints":{"allow":["GET"]}}],"collection":[{"href":"https:\/\/btmtelectric.com\/index.php\/wp-json\/wp\/v2\/product"}],"about":[{"href":"https:\/\/btmtelectric.com\/index.php\/wp-json\/wp\/v2\/types\/product"}],"replies":[{"embeddable":true,"href":"https:\/\/btmtelectric.com\/index.php\/wp-json\/wp\/v2\/comments?post=9118"}],"wp:featuredmedia":[{"embeddable":true,"href":"https:\/\/btmtelectric.com\/index.php\/wp-json\/wp\/v2\/media\/9119"}],"wp:attachment":[{"href":"https:\/\/btmtelectric.com\/index.php\/wp-json\/wp\/v2\/media?parent=9118"}],"wp:term":[{"taxonomy":"product_brand","embeddable":true,"href":"https:\/\/btmtelectric.com\/index.php\/wp-json\/wp\/v2\/product_brand?post=9118"},{"taxonomy":"product_cat","embeddable":true,"href":"https:\/\/btmtelectric.com\/index.php\/wp-json\/wp\/v2\/product_cat?post=9118"},{"taxonomy":"product_tag","embeddable":true,"href":"https:\/\/btmtelectric.com\/index.php\/wp-json\/wp\/v2\/product_tag?post=9118"}],"curies":[{"name":"wp","href":"https:\/\/api.w.org\/{rel}","templated":true}]}}