{"id":9115,"date":"2025-09-08T09:24:42","date_gmt":"2025-09-08T09:24:42","guid":{"rendered":"https:\/\/btmtelectric.com\/?post_type=product&#038;p=9115"},"modified":"2025-09-08T12:35:34","modified_gmt":"2025-09-08T12:35:34","slug":"contact-metallique-size-3214-58mm","status":"publish","type":"product","link":"https:\/\/btmtelectric.com\/index.php\/product\/contact-metallique-size-3214-58mm\/","title":{"rendered":"CONTACT METALLIQUE SIZE :32*14.5*8mm"},"content":{"rendered":"<p data-start=\"130\" data-end=\"427\">Le <strong data-start=\"133\" data-end=\"185\">contact m\u00e9tallique<\/strong>\u00a0est sp\u00e9cialement con\u00e7u pour les applications de <strong data-start=\"234\" data-end=\"286\">s\u00e9curit\u00e9 \u00e9lectronique et de d\u00e9tection int\u00e9rieure<\/strong>. Robuste et fiable, il constitue une solution id\u00e9ale pour prot\u00e9ger efficacement vos installations, m\u00eame dans des environnements exigeants.<\/p>\n<h3 data-start=\"429\" data-end=\"465\">Caract\u00e9ristiques principales :<\/h3>\n<ul data-start=\"466\" data-end=\"1267\">\n<li data-start=\"466\" data-end=\"590\">\n<p data-start=\"468\" data-end=\"590\"><strong data-start=\"472\" data-end=\"495\">Protection optimale<\/strong> : con\u00e7u pour la s\u00e9curit\u00e9 des installations et la d\u00e9tection de toute ouverture non autoris\u00e9e.<\/p>\n<\/li>\n<li data-start=\"591\" data-end=\"745\">\n<p data-start=\"593\" data-end=\"745\"><strong data-start=\"597\" data-end=\"621\">Durabilit\u00e9 renforc\u00e9e<\/strong> : son bo\u00eetier m\u00e9tallique avec assemblage visible lui conf\u00e8re une excellente r\u00e9sistance m\u00e9canique et une long\u00e9vit\u00e9 accrue.<\/p>\n<\/li>\n<li data-start=\"746\" data-end=\"852\">\n<p data-start=\"748\" data-end=\"852\">\u00a0<strong data-start=\"750\" data-end=\"765\">Polyvalence<\/strong> : compatible avec des luminaires et \u00e9quipements r\u00e9alis\u00e9s dans tout type de mat\u00e9riau.<\/p>\n<\/li>\n<\/ul>\n<h3 data-start=\"1269\" data-end=\"1286\">Avantages :<\/h3>\n<ul data-start=\"1287\" data-end=\"1586\">\n<li data-start=\"1287\" data-end=\"1336\">\n<p data-start=\"1289\" data-end=\"1336\">S\u00e9curit\u00e9 accrue gr\u00e2ce au <strong data-start=\"1316\" data-end=\"1334\">tamper int\u00e9gr\u00e9<\/strong><\/p>\n<\/li>\n<li data-start=\"1337\" data-end=\"1431\">\n<p data-start=\"1339\" data-end=\"1431\">\u00a0Conception en <strong data-start=\"1355\" data-end=\"1385\">alliage m\u00e9tallique robuste<\/strong> pour r\u00e9sister aux environnements difficiles<\/p>\n<\/li>\n<li data-start=\"1432\" data-end=\"1495\">\n<p data-start=\"1434\" data-end=\"1495\">\u00a0Installation simple et fiable pour tous types de supports<\/p>\n<\/li>\n<li data-start=\"1496\" data-end=\"1586\">\n<p data-start=\"1498\" data-end=\"1586\">Solution id\u00e9ale pour les <strong data-start=\"1525\" data-end=\"1584\">syst\u00e8mes d\u2019alarme et de contr\u00f4le d\u2019acc\u00e8s professionnels<\/strong><\/p>\n<\/li>\n<\/ul>\n","protected":false},"excerpt":{"rendered":"<p>Le contact m\u00e9tallique\u00a0est sp\u00e9cialement con\u00e7u pour les applications de s\u00e9curit\u00e9 \u00e9lectronique et de d\u00e9tection int\u00e9rieure. Robuste et fiable, il constitue une solution id\u00e9ale pour prot\u00e9ger efficacement vos installations, m\u00eame dans<\/p>\n","protected":false},"featured_media":9116,"comment_status":"open","ping_status":"closed","template":"","meta":{"_acf_changed":false,"content-type":""},"product_brand":[],"product_cat":[349],"product_tag":[],"class_list":{"0":"post-9115","1":"product","2":"type-product","3":"status-publish","4":"has-post-thumbnail","6":"product_cat-alarme","8":"first","9":"instock","10":"shipping-taxable","11":"purchasable","12":"product-type-simple"},"acf":[],"yoast_head":"<!-- This site is optimized with the Yoast SEO plugin v27.3 - https:\/\/yoast.com\/product\/yoast-seo-wordpress\/ -->\n<title>CONTACT METALLIQUE SIZE :32*14.5*8mm - BTMT ELECTRIC \u2013 Solutions \u00c9lectriques Fiables et Innovantes<\/title>\n<meta name=\"robots\" content=\"index, follow, max-snippet:-1, max-image-preview:large, max-video-preview:-1\" \/>\n<link rel=\"canonical\" href=\"https:\/\/btmtelectric.com\/index.php\/product\/contact-metallique-size-3214-58mm\/\" \/>\n<meta property=\"og:locale\" content=\"fr_FR\" \/>\n<meta property=\"og:type\" content=\"article\" \/>\n<meta property=\"og:title\" content=\"CONTACT METALLIQUE SIZE :32*14.5*8mm - BTMT ELECTRIC \u2013 Solutions \u00c9lectriques Fiables et Innovantes\" \/>\n<meta property=\"og:description\" content=\"Le contact m\u00e9tallique\u00a0est sp\u00e9cialement con\u00e7u pour les applications de s\u00e9curit\u00e9 \u00e9lectronique et de d\u00e9tection int\u00e9rieure. Robuste et fiable, il constitue une solution id\u00e9ale pour prot\u00e9ger efficacement vos installations, m\u00eame dans\" \/>\n<meta property=\"og:url\" content=\"https:\/\/btmtelectric.com\/index.php\/product\/contact-metallique-size-3214-58mm\/\" \/>\n<meta property=\"og:site_name\" content=\"BTMT ELECTRIC \u2013 Solutions \u00c9lectriques Fiables et Innovantes\" \/>\n<meta property=\"article:publisher\" content=\"https:\/\/www.facebook.com\/profile.php?id=61578000361796\" \/>\n<meta property=\"article:modified_time\" content=\"2025-09-08T12:35:34+00:00\" \/>\n<meta property=\"og:image\" content=\"https:\/\/btmtelectric.com\/wp-content\/uploads\/2025\/09\/contact-metalique.jpg\" \/>\n\t<meta property=\"og:image:width\" content=\"1000\" \/>\n\t<meta property=\"og:image:height\" content=\"1000\" \/>\n\t<meta property=\"og:image:type\" content=\"image\/jpeg\" \/>\n<meta name=\"twitter:card\" content=\"summary_large_image\" \/>\n<meta name=\"twitter:label1\" content=\"Dur\u00e9e de lecture estim\u00e9e\" \/>\n\t<meta name=\"twitter:data1\" content=\"1 minute\" \/>\n<script type=\"application\/ld+json\" class=\"yoast-schema-graph\">{\"@context\":\"https:\\\/\\\/schema.org\",\"@graph\":[{\"@type\":\"WebPage\",\"@id\":\"https:\\\/\\\/btmtelectric.com\\\/index.php\\\/product\\\/contact-metallique-size-3214-58mm\\\/\",\"url\":\"https:\\\/\\\/btmtelectric.com\\\/index.php\\\/product\\\/contact-metallique-size-3214-58mm\\\/\",\"name\":\"CONTACT METALLIQUE SIZE :32*14.5*8mm - BTMT ELECTRIC \u2013 Solutions \u00c9lectriques Fiables et Innovantes\",\"isPartOf\":{\"@id\":\"https:\\\/\\\/btmtelectric.com\\\/#website\"},\"primaryImageOfPage\":{\"@id\":\"https:\\\/\\\/btmtelectric.com\\\/index.php\\\/product\\\/contact-metallique-size-3214-58mm\\\/#primaryimage\"},\"image\":{\"@id\":\"https:\\\/\\\/btmtelectric.com\\\/index.php\\\/product\\\/contact-metallique-size-3214-58mm\\\/#primaryimage\"},\"thumbnailUrl\":\"https:\\\/\\\/btmtelectric.com\\\/wp-content\\\/uploads\\\/2025\\\/09\\\/contact-metalique.jpg\",\"datePublished\":\"2025-09-08T09:24:42+00:00\",\"dateModified\":\"2025-09-08T12:35:34+00:00\",\"breadcrumb\":{\"@id\":\"https:\\\/\\\/btmtelectric.com\\\/index.php\\\/product\\\/contact-metallique-size-3214-58mm\\\/#breadcrumb\"},\"inLanguage\":\"fr-FR\",\"potentialAction\":[{\"@type\":\"ReadAction\",\"target\":[\"https:\\\/\\\/btmtelectric.com\\\/index.php\\\/product\\\/contact-metallique-size-3214-58mm\\\/\"]}]},{\"@type\":\"ImageObject\",\"inLanguage\":\"fr-FR\",\"@id\":\"https:\\\/\\\/btmtelectric.com\\\/index.php\\\/product\\\/contact-metallique-size-3214-58mm\\\/#primaryimage\",\"url\":\"https:\\\/\\\/btmtelectric.com\\\/wp-content\\\/uploads\\\/2025\\\/09\\\/contact-metalique.jpg\",\"contentUrl\":\"https:\\\/\\\/btmtelectric.com\\\/wp-content\\\/uploads\\\/2025\\\/09\\\/contact-metalique.jpg\",\"width\":1000,\"height\":1000},{\"@type\":\"BreadcrumbList\",\"@id\":\"https:\\\/\\\/btmtelectric.com\\\/index.php\\\/product\\\/contact-metallique-size-3214-58mm\\\/#breadcrumb\",\"itemListElement\":[{\"@type\":\"ListItem\",\"position\":1,\"name\":\"Accueil\",\"item\":\"https:\\\/\\\/btmtelectric.com\\\/\"},{\"@type\":\"ListItem\",\"position\":2,\"name\":\"Boutique\",\"item\":\"https:\\\/\\\/btmtelectric.com\\\/index.php\\\/boutique\\\/\"},{\"@type\":\"ListItem\",\"position\":3,\"name\":\"CONTACT METALLIQUE SIZE :32*14.5*8mm\"}]},{\"@type\":\"WebSite\",\"@id\":\"https:\\\/\\\/btmtelectric.com\\\/#website\",\"url\":\"https:\\\/\\\/btmtelectric.com\\\/\",\"name\":\"BTMT ELECTRIC \u2013 Solutions \u00c9lectriques Fiables et Innovantes\",\"description\":\"\",\"publisher\":{\"@id\":\"https:\\\/\\\/btmtelectric.com\\\/#organization\"},\"potentialAction\":[{\"@type\":\"SearchAction\",\"target\":{\"@type\":\"EntryPoint\",\"urlTemplate\":\"https:\\\/\\\/btmtelectric.com\\\/?s={search_term_string}\"},\"query-input\":{\"@type\":\"PropertyValueSpecification\",\"valueRequired\":true,\"valueName\":\"search_term_string\"}}],\"inLanguage\":\"fr-FR\"},{\"@type\":\"Organization\",\"@id\":\"https:\\\/\\\/btmtelectric.com\\\/#organization\",\"name\":\"BTMT ELECTRIC \u2013 Solutions \u00c9lectriques Fiables et Innovantes\",\"url\":\"https:\\\/\\\/btmtelectric.com\\\/\",\"logo\":{\"@type\":\"ImageObject\",\"inLanguage\":\"fr-FR\",\"@id\":\"https:\\\/\\\/btmtelectric.com\\\/#\\\/schema\\\/logo\\\/image\\\/\",\"url\":\"https:\\\/\\\/btmtelectric.com\\\/wp-content\\\/uploads\\\/2025\\\/07\\\/WhatsApp_Image_2025-07-09_at_11.45.18_AM-removebg-preview-1.png\",\"contentUrl\":\"https:\\\/\\\/btmtelectric.com\\\/wp-content\\\/uploads\\\/2025\\\/07\\\/WhatsApp_Image_2025-07-09_at_11.45.18_AM-removebg-preview-1.png\",\"width\":175,\"height\":42,\"caption\":\"BTMT ELECTRIC \u2013 Solutions \u00c9lectriques Fiables et Innovantes\"},\"image\":{\"@id\":\"https:\\\/\\\/btmtelectric.com\\\/#\\\/schema\\\/logo\\\/image\\\/\"},\"sameAs\":[\"https:\\\/\\\/www.facebook.com\\\/profile.php?id=61578000361796\",\"https:\\\/\\\/www.instagram.com\\\/btmtelectric\\\/\"]}]}<\/script>\n<!-- \/ Yoast SEO plugin. -->","yoast_head_json":{"title":"CONTACT METALLIQUE SIZE :32*14.5*8mm - BTMT ELECTRIC \u2013 Solutions \u00c9lectriques Fiables et Innovantes","robots":{"index":"index","follow":"follow","max-snippet":"max-snippet:-1","max-image-preview":"max-image-preview:large","max-video-preview":"max-video-preview:-1"},"canonical":"https:\/\/btmtelectric.com\/index.php\/product\/contact-metallique-size-3214-58mm\/","og_locale":"fr_FR","og_type":"article","og_title":"CONTACT METALLIQUE SIZE :32*14.5*8mm - BTMT ELECTRIC \u2013 Solutions \u00c9lectriques Fiables et Innovantes","og_description":"Le contact m\u00e9tallique\u00a0est sp\u00e9cialement con\u00e7u pour les applications de s\u00e9curit\u00e9 \u00e9lectronique et de d\u00e9tection int\u00e9rieure. Robuste et fiable, il constitue une solution id\u00e9ale pour prot\u00e9ger efficacement vos installations, m\u00eame dans","og_url":"https:\/\/btmtelectric.com\/index.php\/product\/contact-metallique-size-3214-58mm\/","og_site_name":"BTMT ELECTRIC \u2013 Solutions \u00c9lectriques Fiables et Innovantes","article_publisher":"https:\/\/www.facebook.com\/profile.php?id=61578000361796","article_modified_time":"2025-09-08T12:35:34+00:00","og_image":[{"width":1000,"height":1000,"url":"https:\/\/btmtelectric.com\/wp-content\/uploads\/2025\/09\/contact-metalique.jpg","type":"image\/jpeg"}],"twitter_card":"summary_large_image","twitter_misc":{"Dur\u00e9e de lecture estim\u00e9e":"1 minute"},"schema":{"@context":"https:\/\/schema.org","@graph":[{"@type":"WebPage","@id":"https:\/\/btmtelectric.com\/index.php\/product\/contact-metallique-size-3214-58mm\/","url":"https:\/\/btmtelectric.com\/index.php\/product\/contact-metallique-size-3214-58mm\/","name":"CONTACT METALLIQUE SIZE :32*14.5*8mm - BTMT ELECTRIC \u2013 Solutions \u00c9lectriques Fiables et Innovantes","isPartOf":{"@id":"https:\/\/btmtelectric.com\/#website"},"primaryImageOfPage":{"@id":"https:\/\/btmtelectric.com\/index.php\/product\/contact-metallique-size-3214-58mm\/#primaryimage"},"image":{"@id":"https:\/\/btmtelectric.com\/index.php\/product\/contact-metallique-size-3214-58mm\/#primaryimage"},"thumbnailUrl":"https:\/\/btmtelectric.com\/wp-content\/uploads\/2025\/09\/contact-metalique.jpg","datePublished":"2025-09-08T09:24:42+00:00","dateModified":"2025-09-08T12:35:34+00:00","breadcrumb":{"@id":"https:\/\/btmtelectric.com\/index.php\/product\/contact-metallique-size-3214-58mm\/#breadcrumb"},"inLanguage":"fr-FR","potentialAction":[{"@type":"ReadAction","target":["https:\/\/btmtelectric.com\/index.php\/product\/contact-metallique-size-3214-58mm\/"]}]},{"@type":"ImageObject","inLanguage":"fr-FR","@id":"https:\/\/btmtelectric.com\/index.php\/product\/contact-metallique-size-3214-58mm\/#primaryimage","url":"https:\/\/btmtelectric.com\/wp-content\/uploads\/2025\/09\/contact-metalique.jpg","contentUrl":"https:\/\/btmtelectric.com\/wp-content\/uploads\/2025\/09\/contact-metalique.jpg","width":1000,"height":1000},{"@type":"BreadcrumbList","@id":"https:\/\/btmtelectric.com\/index.php\/product\/contact-metallique-size-3214-58mm\/#breadcrumb","itemListElement":[{"@type":"ListItem","position":1,"name":"Accueil","item":"https:\/\/btmtelectric.com\/"},{"@type":"ListItem","position":2,"name":"Boutique","item":"https:\/\/btmtelectric.com\/index.php\/boutique\/"},{"@type":"ListItem","position":3,"name":"CONTACT METALLIQUE SIZE :32*14.5*8mm"}]},{"@type":"WebSite","@id":"https:\/\/btmtelectric.com\/#website","url":"https:\/\/btmtelectric.com\/","name":"BTMT ELECTRIC \u2013 Solutions \u00c9lectriques Fiables et Innovantes","description":"","publisher":{"@id":"https:\/\/btmtelectric.com\/#organization"},"potentialAction":[{"@type":"SearchAction","target":{"@type":"EntryPoint","urlTemplate":"https:\/\/btmtelectric.com\/?s={search_term_string}"},"query-input":{"@type":"PropertyValueSpecification","valueRequired":true,"valueName":"search_term_string"}}],"inLanguage":"fr-FR"},{"@type":"Organization","@id":"https:\/\/btmtelectric.com\/#organization","name":"BTMT ELECTRIC \u2013 Solutions \u00c9lectriques Fiables et Innovantes","url":"https:\/\/btmtelectric.com\/","logo":{"@type":"ImageObject","inLanguage":"fr-FR","@id":"https:\/\/btmtelectric.com\/#\/schema\/logo\/image\/","url":"https:\/\/btmtelectric.com\/wp-content\/uploads\/2025\/07\/WhatsApp_Image_2025-07-09_at_11.45.18_AM-removebg-preview-1.png","contentUrl":"https:\/\/btmtelectric.com\/wp-content\/uploads\/2025\/07\/WhatsApp_Image_2025-07-09_at_11.45.18_AM-removebg-preview-1.png","width":175,"height":42,"caption":"BTMT ELECTRIC \u2013 Solutions \u00c9lectriques Fiables et Innovantes"},"image":{"@id":"https:\/\/btmtelectric.com\/#\/schema\/logo\/image\/"},"sameAs":["https:\/\/www.facebook.com\/profile.php?id=61578000361796","https:\/\/www.instagram.com\/btmtelectric\/"]}]}},"_links":{"self":[{"href":"https:\/\/btmtelectric.com\/index.php\/wp-json\/wp\/v2\/product\/9115","targetHints":{"allow":["GET"]}}],"collection":[{"href":"https:\/\/btmtelectric.com\/index.php\/wp-json\/wp\/v2\/product"}],"about":[{"href":"https:\/\/btmtelectric.com\/index.php\/wp-json\/wp\/v2\/types\/product"}],"replies":[{"embeddable":true,"href":"https:\/\/btmtelectric.com\/index.php\/wp-json\/wp\/v2\/comments?post=9115"}],"wp:featuredmedia":[{"embeddable":true,"href":"https:\/\/btmtelectric.com\/index.php\/wp-json\/wp\/v2\/media\/9116"}],"wp:attachment":[{"href":"https:\/\/btmtelectric.com\/index.php\/wp-json\/wp\/v2\/media?parent=9115"}],"wp:term":[{"taxonomy":"product_brand","embeddable":true,"href":"https:\/\/btmtelectric.com\/index.php\/wp-json\/wp\/v2\/product_brand?post=9115"},{"taxonomy":"product_cat","embeddable":true,"href":"https:\/\/btmtelectric.com\/index.php\/wp-json\/wp\/v2\/product_cat?post=9115"},{"taxonomy":"product_tag","embeddable":true,"href":"https:\/\/btmtelectric.com\/index.php\/wp-json\/wp\/v2\/product_tag?post=9115"}],"curies":[{"name":"wp","href":"https:\/\/api.w.org\/{rel}","templated":true}]}}