{"id":9113,"date":"2025-09-08T09:14:28","date_gmt":"2025-09-08T09:14:28","guid":{"rendered":"https:\/\/btmtelectric.com\/?post_type=product&#038;p=9113"},"modified":"2025-09-12T08:56:04","modified_gmt":"2025-09-12T08:56:04","slug":"9113","status":"publish","type":"product","link":"https:\/\/btmtelectric.com\/index.php\/product\/9113\/","title":{"rendered":"CONTACT PLASTIQUE SIZE: 27*14*8MM"},"content":{"rendered":"<h2 data-start=\"86\" data-end=\"166\">Contact magn\u00e9tique filaire en plastique \u2013 Taille 27\u00d714\u00d78 mm (Mod\u00e8le EB-133)<\/h2>\n<p data-start=\"168\" data-end=\"492\">Le <strong data-start=\"171\" data-end=\"208\">contact magn\u00e9tique filaire EB-133<\/strong>, fabriqu\u00e9 en <strong data-start=\"222\" data-end=\"248\">plastique ABS ignifuge<\/strong>, est sp\u00e9cialement con\u00e7u pour renforcer la s\u00e9curit\u00e9 des <strong data-start=\"304\" data-end=\"334\">portes et fen\u00eatres en bois<\/strong>. Fiable et discret, il s\u2019int\u00e8gre facilement dans tout syst\u00e8me d\u2019alarme ou de contr\u00f4le d\u2019acc\u00e8s, offrant une d\u00e9tection pr\u00e9cise des ouvertures non autoris\u00e9es.<\/p>\n<h3 data-start=\"494\" data-end=\"529\">Caract\u00e9ristiques techniques :<\/h3>\n<ul data-start=\"530\" data-end=\"1058\">\n<li data-start=\"530\" data-end=\"618\">\n<p data-start=\"532\" data-end=\"618\"><strong data-start=\"532\" data-end=\"552\">Nom du produit :<\/strong> Contact magn\u00e9tique filaire 2 couleurs (marron \/ blanc au choix)<\/p>\n<\/li>\n<li data-start=\"619\" data-end=\"642\">\n<p data-start=\"621\" data-end=\"642\"><strong data-start=\"621\" data-end=\"633\">Mod\u00e8le :<\/strong> EB-133<\/p>\n<\/li>\n<li data-start=\"643\" data-end=\"706\">\n<p data-start=\"645\" data-end=\"706\"><strong data-start=\"645\" data-end=\"661\">Dimensions :<\/strong> 27 \u00d7 14 \u00d7 8 mm (format compact et discret)<\/p>\n<\/li>\n<li data-start=\"707\" data-end=\"758\">\n<p data-start=\"709\" data-end=\"758\"><strong data-start=\"709\" data-end=\"730\">Mode de c\u00e2blage :<\/strong> NO \/ NC (selon le besoin)<\/p>\n<\/li>\n<li data-start=\"759\" data-end=\"802\">\n<p data-start=\"761\" data-end=\"802\"><strong data-start=\"761\" data-end=\"790\">\u00c9cart de fonctionnement :<\/strong> 20 \u00b1 5 mm<\/p>\n<\/li>\n<li data-start=\"803\" data-end=\"839\">\n<p data-start=\"805\" data-end=\"839\"><strong data-start=\"805\" data-end=\"827\">Tension maximale :<\/strong> \u2264 100V CC<\/p>\n<\/li>\n<li data-start=\"840\" data-end=\"874\">\n<p data-start=\"842\" data-end=\"874\"><strong data-start=\"842\" data-end=\"863\">Courant maximum :<\/strong> \u2264 500 mA<\/p>\n<\/li>\n<li data-start=\"875\" data-end=\"909\">\n<p data-start=\"877\" data-end=\"909\"><strong data-start=\"877\" data-end=\"901\">Puissance nominale :<\/strong> \u2264 10W<\/p>\n<\/li>\n<li data-start=\"910\" data-end=\"979\">\n<p data-start=\"912\" data-end=\"979\"><strong data-start=\"912\" data-end=\"926\">Mat\u00e9riau :<\/strong> bo\u00eetier plastique ABS ignifuge, robuste et durable<\/p>\n<\/li>\n<li data-start=\"980\" data-end=\"1033\">\n<p data-start=\"982\" data-end=\"1033\"><strong data-start=\"982\" data-end=\"1017\">Temp\u00e9rature de fonctionnement :<\/strong> -10\u00b0C \u00e0 +50\u00b0C<\/p>\n<\/li>\n<li data-start=\"1034\" data-end=\"1058\">\n<p data-start=\"1036\" data-end=\"1058\"><strong data-start=\"1036\" data-end=\"1051\">Poids net :<\/strong> 10 g<\/p>\n<\/li>\n<\/ul>\n<h3 data-start=\"1060\" data-end=\"1080\">Points forts :<\/h3>\n<ul data-start=\"1081\" data-end=\"1541\">\n<li data-start=\"1081\" data-end=\"1171\">\n<p data-start=\"1083\" data-end=\"1171\"><strong data-start=\"1086\" data-end=\"1108\">S\u00e9curit\u00e9 renforc\u00e9e<\/strong> : d\u00e9tecte toute ouverture de porte ou fen\u00eatre non autoris\u00e9e.<\/p>\n<\/li>\n<li data-start=\"1172\" data-end=\"1283\">\n<p data-start=\"1174\" data-end=\"1283\"><strong data-start=\"1177\" data-end=\"1202\">Discr\u00e9tion esth\u00e9tique<\/strong> : disponible en deux couleurs (marron \/ blanc) pour s\u2019adapter au support bois.<\/p>\n<\/li>\n<li data-start=\"1284\" data-end=\"1396\">\n<p data-start=\"1286\" data-end=\"1396\"><strong data-start=\"1289\" data-end=\"1304\">Polyvalence<\/strong> : id\u00e9al pour les installations r\u00e9sidentielles, h\u00f4teli\u00e8res, commerciales ou industrielles.<\/p>\n<\/li>\n<li data-start=\"1397\" data-end=\"1463\">\n<p data-start=\"1399\" data-end=\"1463\"><strong data-start=\"1401\" data-end=\"1414\">Fiabilit\u00e9<\/strong> : performances stables m\u00eame en usage intensif.<\/p>\n<\/li>\n<li data-start=\"1464\" data-end=\"1541\">\n<p data-start=\"1466\" data-end=\"1541\">\u00a0<strong data-start=\"1469\" data-end=\"1490\">Mat\u00e9riau ignifuge<\/strong> : con\u00e7u pour r\u00e9sister aux conditions exigeantes.<\/p>\n<\/li>\n<\/ul>\n","protected":false},"excerpt":{"rendered":"<p>Contact magn\u00e9tique filaire en plastique \u2013 Taille 27\u00d714\u00d78 mm (Mod\u00e8le EB-133) Le contact magn\u00e9tique filaire EB-133, fabriqu\u00e9 en plastique ABS ignifuge, est sp\u00e9cialement con\u00e7u pour renforcer la s\u00e9curit\u00e9 des portes<\/p>\n","protected":false},"featured_media":9114,"comment_status":"open","ping_status":"closed","template":"","meta":{"_acf_changed":false,"content-type":""},"product_brand":[],"product_cat":[350],"product_tag":[],"class_list":{"0":"post-9113","1":"product","2":"type-product","3":"status-publish","4":"has-post-thumbnail","6":"product_cat-controle-dacces","8":"first","9":"instock","10":"shipping-taxable","11":"purchasable","12":"product-type-simple"},"acf":[],"yoast_head":"<!-- This site is optimized with the Yoast SEO plugin v27.3 - https:\/\/yoast.com\/product\/yoast-seo-wordpress\/ -->\n<title>CONTACT PLASTIQUE SIZE: 27*14*8MM - BTMT ELECTRIC \u2013 Solutions \u00c9lectriques Fiables et Innovantes<\/title>\n<meta name=\"robots\" content=\"index, follow, max-snippet:-1, max-image-preview:large, max-video-preview:-1\" \/>\n<link rel=\"canonical\" href=\"https:\/\/btmtelectric.com\/index.php\/product\/9113\/\" \/>\n<meta property=\"og:locale\" content=\"fr_FR\" \/>\n<meta property=\"og:type\" content=\"article\" \/>\n<meta property=\"og:title\" content=\"CONTACT PLASTIQUE SIZE: 27*14*8MM - BTMT ELECTRIC \u2013 Solutions \u00c9lectriques Fiables et Innovantes\" \/>\n<meta property=\"og:description\" content=\"Contact magn\u00e9tique filaire en plastique \u2013 Taille 27\u00d714\u00d78 mm (Mod\u00e8le EB-133) Le contact magn\u00e9tique filaire EB-133, fabriqu\u00e9 en plastique ABS ignifuge, est sp\u00e9cialement con\u00e7u pour renforcer la s\u00e9curit\u00e9 des portes\" \/>\n<meta property=\"og:url\" content=\"https:\/\/btmtelectric.com\/index.php\/product\/9113\/\" \/>\n<meta property=\"og:site_name\" content=\"BTMT ELECTRIC \u2013 Solutions \u00c9lectriques Fiables et Innovantes\" \/>\n<meta property=\"article:publisher\" content=\"https:\/\/www.facebook.com\/profile.php?id=61578000361796\" \/>\n<meta property=\"article:modified_time\" content=\"2025-09-12T08:56:04+00:00\" \/>\n<meta property=\"og:image\" content=\"https:\/\/btmtelectric.com\/wp-content\/uploads\/2025\/09\/CONTACT-PLASTIQUE.jpeg\" \/>\n\t<meta property=\"og:image:width\" content=\"225\" \/>\n\t<meta property=\"og:image:height\" content=\"225\" \/>\n\t<meta property=\"og:image:type\" content=\"image\/jpeg\" \/>\n<meta name=\"twitter:card\" content=\"summary_large_image\" \/>\n<meta name=\"twitter:label1\" content=\"Dur\u00e9e de lecture estim\u00e9e\" \/>\n\t<meta name=\"twitter:data1\" content=\"1 minute\" \/>\n<script type=\"application\/ld+json\" class=\"yoast-schema-graph\">{\"@context\":\"https:\\\/\\\/schema.org\",\"@graph\":[{\"@type\":\"WebPage\",\"@id\":\"https:\\\/\\\/btmtelectric.com\\\/index.php\\\/product\\\/9113\\\/\",\"url\":\"https:\\\/\\\/btmtelectric.com\\\/index.php\\\/product\\\/9113\\\/\",\"name\":\"CONTACT PLASTIQUE SIZE: 27*14*8MM - BTMT ELECTRIC \u2013 Solutions \u00c9lectriques Fiables et Innovantes\",\"isPartOf\":{\"@id\":\"https:\\\/\\\/btmtelectric.com\\\/#website\"},\"primaryImageOfPage\":{\"@id\":\"https:\\\/\\\/btmtelectric.com\\\/index.php\\\/product\\\/9113\\\/#primaryimage\"},\"image\":{\"@id\":\"https:\\\/\\\/btmtelectric.com\\\/index.php\\\/product\\\/9113\\\/#primaryimage\"},\"thumbnailUrl\":\"https:\\\/\\\/btmtelectric.com\\\/wp-content\\\/uploads\\\/2025\\\/09\\\/CONTACT-PLASTIQUE.jpeg\",\"datePublished\":\"2025-09-08T09:14:28+00:00\",\"dateModified\":\"2025-09-12T08:56:04+00:00\",\"breadcrumb\":{\"@id\":\"https:\\\/\\\/btmtelectric.com\\\/index.php\\\/product\\\/9113\\\/#breadcrumb\"},\"inLanguage\":\"fr-FR\",\"potentialAction\":[{\"@type\":\"ReadAction\",\"target\":[\"https:\\\/\\\/btmtelectric.com\\\/index.php\\\/product\\\/9113\\\/\"]}]},{\"@type\":\"ImageObject\",\"inLanguage\":\"fr-FR\",\"@id\":\"https:\\\/\\\/btmtelectric.com\\\/index.php\\\/product\\\/9113\\\/#primaryimage\",\"url\":\"https:\\\/\\\/btmtelectric.com\\\/wp-content\\\/uploads\\\/2025\\\/09\\\/CONTACT-PLASTIQUE.jpeg\",\"contentUrl\":\"https:\\\/\\\/btmtelectric.com\\\/wp-content\\\/uploads\\\/2025\\\/09\\\/CONTACT-PLASTIQUE.jpeg\",\"width\":225,\"height\":225},{\"@type\":\"BreadcrumbList\",\"@id\":\"https:\\\/\\\/btmtelectric.com\\\/index.php\\\/product\\\/9113\\\/#breadcrumb\",\"itemListElement\":[{\"@type\":\"ListItem\",\"position\":1,\"name\":\"Accueil\",\"item\":\"https:\\\/\\\/btmtelectric.com\\\/\"},{\"@type\":\"ListItem\",\"position\":2,\"name\":\"Boutique\",\"item\":\"https:\\\/\\\/btmtelectric.com\\\/index.php\\\/boutique\\\/\"},{\"@type\":\"ListItem\",\"position\":3,\"name\":\"CONTACT PLASTIQUE SIZE: 27*14*8MM\"}]},{\"@type\":\"WebSite\",\"@id\":\"https:\\\/\\\/btmtelectric.com\\\/#website\",\"url\":\"https:\\\/\\\/btmtelectric.com\\\/\",\"name\":\"BTMT ELECTRIC \u2013 Solutions \u00c9lectriques Fiables et Innovantes\",\"description\":\"\",\"publisher\":{\"@id\":\"https:\\\/\\\/btmtelectric.com\\\/#organization\"},\"potentialAction\":[{\"@type\":\"SearchAction\",\"target\":{\"@type\":\"EntryPoint\",\"urlTemplate\":\"https:\\\/\\\/btmtelectric.com\\\/?s={search_term_string}\"},\"query-input\":{\"@type\":\"PropertyValueSpecification\",\"valueRequired\":true,\"valueName\":\"search_term_string\"}}],\"inLanguage\":\"fr-FR\"},{\"@type\":\"Organization\",\"@id\":\"https:\\\/\\\/btmtelectric.com\\\/#organization\",\"name\":\"BTMT ELECTRIC \u2013 Solutions \u00c9lectriques Fiables et Innovantes\",\"url\":\"https:\\\/\\\/btmtelectric.com\\\/\",\"logo\":{\"@type\":\"ImageObject\",\"inLanguage\":\"fr-FR\",\"@id\":\"https:\\\/\\\/btmtelectric.com\\\/#\\\/schema\\\/logo\\\/image\\\/\",\"url\":\"https:\\\/\\\/btmtelectric.com\\\/wp-content\\\/uploads\\\/2025\\\/07\\\/WhatsApp_Image_2025-07-09_at_11.45.18_AM-removebg-preview-1.png\",\"contentUrl\":\"https:\\\/\\\/btmtelectric.com\\\/wp-content\\\/uploads\\\/2025\\\/07\\\/WhatsApp_Image_2025-07-09_at_11.45.18_AM-removebg-preview-1.png\",\"width\":175,\"height\":42,\"caption\":\"BTMT ELECTRIC \u2013 Solutions \u00c9lectriques Fiables et Innovantes\"},\"image\":{\"@id\":\"https:\\\/\\\/btmtelectric.com\\\/#\\\/schema\\\/logo\\\/image\\\/\"},\"sameAs\":[\"https:\\\/\\\/www.facebook.com\\\/profile.php?id=61578000361796\",\"https:\\\/\\\/www.instagram.com\\\/btmtelectric\\\/\"]}]}<\/script>\n<!-- \/ Yoast SEO plugin. -->","yoast_head_json":{"title":"CONTACT PLASTIQUE SIZE: 27*14*8MM - BTMT ELECTRIC \u2013 Solutions \u00c9lectriques Fiables et Innovantes","robots":{"index":"index","follow":"follow","max-snippet":"max-snippet:-1","max-image-preview":"max-image-preview:large","max-video-preview":"max-video-preview:-1"},"canonical":"https:\/\/btmtelectric.com\/index.php\/product\/9113\/","og_locale":"fr_FR","og_type":"article","og_title":"CONTACT PLASTIQUE SIZE: 27*14*8MM - BTMT ELECTRIC \u2013 Solutions \u00c9lectriques Fiables et Innovantes","og_description":"Contact magn\u00e9tique filaire en plastique \u2013 Taille 27\u00d714\u00d78 mm (Mod\u00e8le EB-133) Le contact magn\u00e9tique filaire EB-133, fabriqu\u00e9 en plastique ABS ignifuge, est sp\u00e9cialement con\u00e7u pour renforcer la s\u00e9curit\u00e9 des portes","og_url":"https:\/\/btmtelectric.com\/index.php\/product\/9113\/","og_site_name":"BTMT ELECTRIC \u2013 Solutions \u00c9lectriques Fiables et Innovantes","article_publisher":"https:\/\/www.facebook.com\/profile.php?id=61578000361796","article_modified_time":"2025-09-12T08:56:04+00:00","og_image":[{"width":225,"height":225,"url":"https:\/\/btmtelectric.com\/wp-content\/uploads\/2025\/09\/CONTACT-PLASTIQUE.jpeg","type":"image\/jpeg"}],"twitter_card":"summary_large_image","twitter_misc":{"Dur\u00e9e de lecture estim\u00e9e":"1 minute"},"schema":{"@context":"https:\/\/schema.org","@graph":[{"@type":"WebPage","@id":"https:\/\/btmtelectric.com\/index.php\/product\/9113\/","url":"https:\/\/btmtelectric.com\/index.php\/product\/9113\/","name":"CONTACT PLASTIQUE SIZE: 27*14*8MM - BTMT ELECTRIC \u2013 Solutions \u00c9lectriques Fiables et Innovantes","isPartOf":{"@id":"https:\/\/btmtelectric.com\/#website"},"primaryImageOfPage":{"@id":"https:\/\/btmtelectric.com\/index.php\/product\/9113\/#primaryimage"},"image":{"@id":"https:\/\/btmtelectric.com\/index.php\/product\/9113\/#primaryimage"},"thumbnailUrl":"https:\/\/btmtelectric.com\/wp-content\/uploads\/2025\/09\/CONTACT-PLASTIQUE.jpeg","datePublished":"2025-09-08T09:14:28+00:00","dateModified":"2025-09-12T08:56:04+00:00","breadcrumb":{"@id":"https:\/\/btmtelectric.com\/index.php\/product\/9113\/#breadcrumb"},"inLanguage":"fr-FR","potentialAction":[{"@type":"ReadAction","target":["https:\/\/btmtelectric.com\/index.php\/product\/9113\/"]}]},{"@type":"ImageObject","inLanguage":"fr-FR","@id":"https:\/\/btmtelectric.com\/index.php\/product\/9113\/#primaryimage","url":"https:\/\/btmtelectric.com\/wp-content\/uploads\/2025\/09\/CONTACT-PLASTIQUE.jpeg","contentUrl":"https:\/\/btmtelectric.com\/wp-content\/uploads\/2025\/09\/CONTACT-PLASTIQUE.jpeg","width":225,"height":225},{"@type":"BreadcrumbList","@id":"https:\/\/btmtelectric.com\/index.php\/product\/9113\/#breadcrumb","itemListElement":[{"@type":"ListItem","position":1,"name":"Accueil","item":"https:\/\/btmtelectric.com\/"},{"@type":"ListItem","position":2,"name":"Boutique","item":"https:\/\/btmtelectric.com\/index.php\/boutique\/"},{"@type":"ListItem","position":3,"name":"CONTACT PLASTIQUE SIZE: 27*14*8MM"}]},{"@type":"WebSite","@id":"https:\/\/btmtelectric.com\/#website","url":"https:\/\/btmtelectric.com\/","name":"BTMT ELECTRIC \u2013 Solutions \u00c9lectriques Fiables et Innovantes","description":"","publisher":{"@id":"https:\/\/btmtelectric.com\/#organization"},"potentialAction":[{"@type":"SearchAction","target":{"@type":"EntryPoint","urlTemplate":"https:\/\/btmtelectric.com\/?s={search_term_string}"},"query-input":{"@type":"PropertyValueSpecification","valueRequired":true,"valueName":"search_term_string"}}],"inLanguage":"fr-FR"},{"@type":"Organization","@id":"https:\/\/btmtelectric.com\/#organization","name":"BTMT ELECTRIC \u2013 Solutions \u00c9lectriques Fiables et Innovantes","url":"https:\/\/btmtelectric.com\/","logo":{"@type":"ImageObject","inLanguage":"fr-FR","@id":"https:\/\/btmtelectric.com\/#\/schema\/logo\/image\/","url":"https:\/\/btmtelectric.com\/wp-content\/uploads\/2025\/07\/WhatsApp_Image_2025-07-09_at_11.45.18_AM-removebg-preview-1.png","contentUrl":"https:\/\/btmtelectric.com\/wp-content\/uploads\/2025\/07\/WhatsApp_Image_2025-07-09_at_11.45.18_AM-removebg-preview-1.png","width":175,"height":42,"caption":"BTMT ELECTRIC \u2013 Solutions \u00c9lectriques Fiables et Innovantes"},"image":{"@id":"https:\/\/btmtelectric.com\/#\/schema\/logo\/image\/"},"sameAs":["https:\/\/www.facebook.com\/profile.php?id=61578000361796","https:\/\/www.instagram.com\/btmtelectric\/"]}]}},"_links":{"self":[{"href":"https:\/\/btmtelectric.com\/index.php\/wp-json\/wp\/v2\/product\/9113","targetHints":{"allow":["GET"]}}],"collection":[{"href":"https:\/\/btmtelectric.com\/index.php\/wp-json\/wp\/v2\/product"}],"about":[{"href":"https:\/\/btmtelectric.com\/index.php\/wp-json\/wp\/v2\/types\/product"}],"replies":[{"embeddable":true,"href":"https:\/\/btmtelectric.com\/index.php\/wp-json\/wp\/v2\/comments?post=9113"}],"wp:featuredmedia":[{"embeddable":true,"href":"https:\/\/btmtelectric.com\/index.php\/wp-json\/wp\/v2\/media\/9114"}],"wp:attachment":[{"href":"https:\/\/btmtelectric.com\/index.php\/wp-json\/wp\/v2\/media?parent=9113"}],"wp:term":[{"taxonomy":"product_brand","embeddable":true,"href":"https:\/\/btmtelectric.com\/index.php\/wp-json\/wp\/v2\/product_brand?post=9113"},{"taxonomy":"product_cat","embeddable":true,"href":"https:\/\/btmtelectric.com\/index.php\/wp-json\/wp\/v2\/product_cat?post=9113"},{"taxonomy":"product_tag","embeddable":true,"href":"https:\/\/btmtelectric.com\/index.php\/wp-json\/wp\/v2\/product_tag?post=9113"}],"curies":[{"name":"wp","href":"https:\/\/api.w.org\/{rel}","templated":true}]}}