{"id":9111,"date":"2025-09-08T09:04:29","date_gmt":"2025-09-08T09:04:29","guid":{"rendered":"https:\/\/btmtelectric.com\/?post_type=product&#038;p=9111"},"modified":"2025-09-08T09:04:29","modified_gmt":"2025-09-08T09:04:29","slug":"bloc-dalimentation-secourue-12v5ah","status":"publish","type":"product","link":"https:\/\/btmtelectric.com\/index.php\/product\/bloc-dalimentation-secourue-12v5ah\/","title":{"rendered":"BLOC D&#8217;ALIMENTATION SECOURUE 12V5AH"},"content":{"rendered":"<p data-start=\"139\" data-end=\"491\">Le <strong data-start=\"142\" data-end=\"182\">bloc d\u2019alimentation secourue 12V 5Ah<\/strong> est une solution indispensable pour assurer la <strong data-start=\"230\" data-end=\"255\">continuit\u00e9 de service<\/strong> et la <strong data-start=\"262\" data-end=\"274\">s\u00e9curit\u00e9<\/strong> de vos syst\u00e8mes \u00e9lectroniques en cas de coupure de courant. Compact et fiable, il int\u00e8gre une batterie de secours qui prend automatiquement le relais afin de garantir le fonctionnement de vos dispositifs sensibles.<\/p>\n<h3 data-start=\"493\" data-end=\"529\">Caract\u00e9ristiques principales :<\/h3>\n<ul data-start=\"530\" data-end=\"1154\">\n<li data-start=\"530\" data-end=\"571\">\n<p data-start=\"532\" data-end=\"571\"><strong data-start=\"535\" data-end=\"558\">Tension de sortie :<\/strong> 12V stable<\/p>\n<\/li>\n<li data-start=\"572\" data-end=\"634\">\n<p data-start=\"574\" data-end=\"634\"><strong data-start=\"576\" data-end=\"599\">Capacit\u00e9 batterie :<\/strong> 5Ah pour une autonomie prolong\u00e9e<\/p>\n<\/li>\n<li data-start=\"635\" data-end=\"746\">\n<p data-start=\"637\" data-end=\"746\"><strong data-start=\"640\" data-end=\"663\">S\u00e9curit\u00e9 int\u00e9gr\u00e9e :<\/strong> protections contre la surcharge, la d\u00e9charge profonde et l\u2019inversion de polarit\u00e9<\/p>\n<\/li>\n<li data-start=\"747\" data-end=\"843\">\n<p data-start=\"749\" data-end=\"843\"><strong data-start=\"753\" data-end=\"774\">Bo\u00eetier robuste :<\/strong> m\u00e9tallique, verrouillable et con\u00e7u pour une installation s\u00e9curis\u00e9e<\/p>\n<\/li>\n<li data-start=\"844\" data-end=\"921\">\n<p data-start=\"846\" data-end=\"921\"><strong data-start=\"849\" data-end=\"881\">Chargeur de batterie int\u00e9gr\u00e9<\/strong> pour un maintien optimal de la charge<\/p>\n<\/li>\n<li data-start=\"922\" data-end=\"1026\">\n<p data-start=\"924\" data-end=\"1026\"><strong data-start=\"927\" data-end=\"955\">Fonction temporisation :<\/strong> entr\u00e9e pour bouton poussoir permettant de g\u00e9rer la sortie temporis\u00e9e<\/p>\n<\/li>\n<li data-start=\"1027\" data-end=\"1154\">\n<p data-start=\"1029\" data-end=\"1154\">\u00a0<strong data-start=\"1032\" data-end=\"1050\">Applications :<\/strong> contr\u00f4le d\u2019acc\u00e8s, syst\u00e8mes d\u2019alarme, vid\u00e9osurveillance, domotique, interphonie, automatisme de portes<\/p>\n<\/li>\n<\/ul>\n<h3 data-start=\"1156\" data-end=\"1176\">Points forts :<\/h3>\n<ul data-start=\"1177\" data-end=\"1451\">\n<li data-start=\"1177\" data-end=\"1252\">\n<p data-start=\"1179\" data-end=\"1252\">\u00a0Garantit un <strong data-start=\"1193\" data-end=\"1219\">fonctionnement continu<\/strong> m\u00eame en cas de coupure secteur<\/p>\n<\/li>\n<li data-start=\"1253\" data-end=\"1336\">\n<p data-start=\"1255\" data-end=\"1336\">Con\u00e7u pour une <strong data-start=\"1272\" data-end=\"1304\">installation professionnelle<\/strong> avec support batterie int\u00e9gr\u00e9<\/p>\n<\/li>\n<li data-start=\"1337\" data-end=\"1451\">\n<p data-start=\"1339\" data-end=\"1451\">\u00a0<strong data-start=\"1341\" data-end=\"1355\">Polyvalent<\/strong> : compatible avec la plupart des \u00e9quipements de s\u00e9curit\u00e9 et d\u2019automatisme fonctionnant en 12V<\/p>\n<\/li>\n<\/ul>\n","protected":false},"excerpt":{"rendered":"<p>Le bloc d\u2019alimentation secourue 12V 5Ah est une solution indispensable pour assurer la continuit\u00e9 de service et la s\u00e9curit\u00e9 de vos syst\u00e8mes \u00e9lectroniques en cas de coupure de courant. Compact<\/p>\n","protected":false},"featured_media":9112,"comment_status":"open","ping_status":"closed","template":"","meta":{"_acf_changed":false,"content-type":""},"product_brand":[],"product_cat":[350],"product_tag":[],"class_list":{"0":"post-9111","1":"product","2":"type-product","3":"status-publish","4":"has-post-thumbnail","6":"product_cat-controle-dacces","8":"first","9":"instock","10":"shipping-taxable","11":"purchasable","12":"product-type-simple"},"acf":[],"yoast_head":"<!-- This site is optimized with the Yoast SEO plugin v27.3 - https:\/\/yoast.com\/product\/yoast-seo-wordpress\/ -->\n<title>BLOC D&#039;ALIMENTATION SECOURUE 12V5AH - BTMT ELECTRIC \u2013 Solutions \u00c9lectriques Fiables et Innovantes<\/title>\n<meta name=\"robots\" content=\"index, follow, max-snippet:-1, max-image-preview:large, max-video-preview:-1\" \/>\n<link rel=\"canonical\" href=\"https:\/\/btmtelectric.com\/index.php\/product\/bloc-dalimentation-secourue-12v5ah\/\" \/>\n<meta property=\"og:locale\" content=\"fr_FR\" \/>\n<meta property=\"og:type\" content=\"article\" \/>\n<meta property=\"og:title\" content=\"BLOC D&#039;ALIMENTATION SECOURUE 12V5AH - BTMT ELECTRIC \u2013 Solutions \u00c9lectriques Fiables et Innovantes\" \/>\n<meta property=\"og:description\" content=\"Le bloc d\u2019alimentation secourue 12V 5Ah est une solution indispensable pour assurer la continuit\u00e9 de service et la s\u00e9curit\u00e9 de vos syst\u00e8mes \u00e9lectroniques en cas de coupure de courant. Compact\" \/>\n<meta property=\"og:url\" content=\"https:\/\/btmtelectric.com\/index.php\/product\/bloc-dalimentation-secourue-12v5ah\/\" \/>\n<meta property=\"og:site_name\" content=\"BTMT ELECTRIC \u2013 Solutions \u00c9lectriques Fiables et Innovantes\" \/>\n<meta property=\"article:publisher\" content=\"https:\/\/www.facebook.com\/profile.php?id=61578000361796\" \/>\n<meta property=\"og:image\" content=\"https:\/\/btmtelectric.com\/wp-content\/uploads\/2025\/09\/BLOC-Dalimentation-2.jpg\" \/>\n\t<meta property=\"og:image:width\" content=\"500\" \/>\n\t<meta property=\"og:image:height\" content=\"500\" \/>\n\t<meta property=\"og:image:type\" content=\"image\/jpeg\" \/>\n<meta name=\"twitter:card\" content=\"summary_large_image\" \/>\n<meta name=\"twitter:label1\" content=\"Dur\u00e9e de lecture estim\u00e9e\" \/>\n\t<meta name=\"twitter:data1\" content=\"1 minute\" \/>\n<script type=\"application\/ld+json\" class=\"yoast-schema-graph\">{\"@context\":\"https:\\\/\\\/schema.org\",\"@graph\":[{\"@type\":\"WebPage\",\"@id\":\"https:\\\/\\\/btmtelectric.com\\\/index.php\\\/product\\\/bloc-dalimentation-secourue-12v5ah\\\/\",\"url\":\"https:\\\/\\\/btmtelectric.com\\\/index.php\\\/product\\\/bloc-dalimentation-secourue-12v5ah\\\/\",\"name\":\"BLOC D'ALIMENTATION SECOURUE 12V5AH - BTMT ELECTRIC \u2013 Solutions \u00c9lectriques Fiables et Innovantes\",\"isPartOf\":{\"@id\":\"https:\\\/\\\/btmtelectric.com\\\/#website\"},\"primaryImageOfPage\":{\"@id\":\"https:\\\/\\\/btmtelectric.com\\\/index.php\\\/product\\\/bloc-dalimentation-secourue-12v5ah\\\/#primaryimage\"},\"image\":{\"@id\":\"https:\\\/\\\/btmtelectric.com\\\/index.php\\\/product\\\/bloc-dalimentation-secourue-12v5ah\\\/#primaryimage\"},\"thumbnailUrl\":\"https:\\\/\\\/btmtelectric.com\\\/wp-content\\\/uploads\\\/2025\\\/09\\\/BLOC-Dalimentation-2.jpg\",\"datePublished\":\"2025-09-08T09:04:29+00:00\",\"breadcrumb\":{\"@id\":\"https:\\\/\\\/btmtelectric.com\\\/index.php\\\/product\\\/bloc-dalimentation-secourue-12v5ah\\\/#breadcrumb\"},\"inLanguage\":\"fr-FR\",\"potentialAction\":[{\"@type\":\"ReadAction\",\"target\":[\"https:\\\/\\\/btmtelectric.com\\\/index.php\\\/product\\\/bloc-dalimentation-secourue-12v5ah\\\/\"]}]},{\"@type\":\"ImageObject\",\"inLanguage\":\"fr-FR\",\"@id\":\"https:\\\/\\\/btmtelectric.com\\\/index.php\\\/product\\\/bloc-dalimentation-secourue-12v5ah\\\/#primaryimage\",\"url\":\"https:\\\/\\\/btmtelectric.com\\\/wp-content\\\/uploads\\\/2025\\\/09\\\/BLOC-Dalimentation-2.jpg\",\"contentUrl\":\"https:\\\/\\\/btmtelectric.com\\\/wp-content\\\/uploads\\\/2025\\\/09\\\/BLOC-Dalimentation-2.jpg\",\"width\":500,\"height\":500},{\"@type\":\"BreadcrumbList\",\"@id\":\"https:\\\/\\\/btmtelectric.com\\\/index.php\\\/product\\\/bloc-dalimentation-secourue-12v5ah\\\/#breadcrumb\",\"itemListElement\":[{\"@type\":\"ListItem\",\"position\":1,\"name\":\"Accueil\",\"item\":\"https:\\\/\\\/btmtelectric.com\\\/\"},{\"@type\":\"ListItem\",\"position\":2,\"name\":\"Boutique\",\"item\":\"https:\\\/\\\/btmtelectric.com\\\/index.php\\\/boutique\\\/\"},{\"@type\":\"ListItem\",\"position\":3,\"name\":\"BLOC D&#8217;ALIMENTATION SECOURUE 12V5AH\"}]},{\"@type\":\"WebSite\",\"@id\":\"https:\\\/\\\/btmtelectric.com\\\/#website\",\"url\":\"https:\\\/\\\/btmtelectric.com\\\/\",\"name\":\"BTMT ELECTRIC \u2013 Solutions \u00c9lectriques Fiables et Innovantes\",\"description\":\"\",\"publisher\":{\"@id\":\"https:\\\/\\\/btmtelectric.com\\\/#organization\"},\"potentialAction\":[{\"@type\":\"SearchAction\",\"target\":{\"@type\":\"EntryPoint\",\"urlTemplate\":\"https:\\\/\\\/btmtelectric.com\\\/?s={search_term_string}\"},\"query-input\":{\"@type\":\"PropertyValueSpecification\",\"valueRequired\":true,\"valueName\":\"search_term_string\"}}],\"inLanguage\":\"fr-FR\"},{\"@type\":\"Organization\",\"@id\":\"https:\\\/\\\/btmtelectric.com\\\/#organization\",\"name\":\"BTMT ELECTRIC \u2013 Solutions \u00c9lectriques Fiables et Innovantes\",\"url\":\"https:\\\/\\\/btmtelectric.com\\\/\",\"logo\":{\"@type\":\"ImageObject\",\"inLanguage\":\"fr-FR\",\"@id\":\"https:\\\/\\\/btmtelectric.com\\\/#\\\/schema\\\/logo\\\/image\\\/\",\"url\":\"https:\\\/\\\/btmtelectric.com\\\/wp-content\\\/uploads\\\/2025\\\/07\\\/WhatsApp_Image_2025-07-09_at_11.45.18_AM-removebg-preview-1.png\",\"contentUrl\":\"https:\\\/\\\/btmtelectric.com\\\/wp-content\\\/uploads\\\/2025\\\/07\\\/WhatsApp_Image_2025-07-09_at_11.45.18_AM-removebg-preview-1.png\",\"width\":175,\"height\":42,\"caption\":\"BTMT ELECTRIC \u2013 Solutions \u00c9lectriques Fiables et Innovantes\"},\"image\":{\"@id\":\"https:\\\/\\\/btmtelectric.com\\\/#\\\/schema\\\/logo\\\/image\\\/\"},\"sameAs\":[\"https:\\\/\\\/www.facebook.com\\\/profile.php?id=61578000361796\",\"https:\\\/\\\/www.instagram.com\\\/btmtelectric\\\/\"]}]}<\/script>\n<!-- \/ Yoast SEO plugin. -->","yoast_head_json":{"title":"BLOC D'ALIMENTATION SECOURUE 12V5AH - BTMT ELECTRIC \u2013 Solutions \u00c9lectriques Fiables et Innovantes","robots":{"index":"index","follow":"follow","max-snippet":"max-snippet:-1","max-image-preview":"max-image-preview:large","max-video-preview":"max-video-preview:-1"},"canonical":"https:\/\/btmtelectric.com\/index.php\/product\/bloc-dalimentation-secourue-12v5ah\/","og_locale":"fr_FR","og_type":"article","og_title":"BLOC D'ALIMENTATION SECOURUE 12V5AH - BTMT ELECTRIC \u2013 Solutions \u00c9lectriques Fiables et Innovantes","og_description":"Le bloc d\u2019alimentation secourue 12V 5Ah est une solution indispensable pour assurer la continuit\u00e9 de service et la s\u00e9curit\u00e9 de vos syst\u00e8mes \u00e9lectroniques en cas de coupure de courant. Compact","og_url":"https:\/\/btmtelectric.com\/index.php\/product\/bloc-dalimentation-secourue-12v5ah\/","og_site_name":"BTMT ELECTRIC \u2013 Solutions \u00c9lectriques Fiables et Innovantes","article_publisher":"https:\/\/www.facebook.com\/profile.php?id=61578000361796","og_image":[{"width":500,"height":500,"url":"https:\/\/btmtelectric.com\/wp-content\/uploads\/2025\/09\/BLOC-Dalimentation-2.jpg","type":"image\/jpeg"}],"twitter_card":"summary_large_image","twitter_misc":{"Dur\u00e9e de lecture estim\u00e9e":"1 minute"},"schema":{"@context":"https:\/\/schema.org","@graph":[{"@type":"WebPage","@id":"https:\/\/btmtelectric.com\/index.php\/product\/bloc-dalimentation-secourue-12v5ah\/","url":"https:\/\/btmtelectric.com\/index.php\/product\/bloc-dalimentation-secourue-12v5ah\/","name":"BLOC D'ALIMENTATION SECOURUE 12V5AH - BTMT ELECTRIC \u2013 Solutions \u00c9lectriques Fiables et Innovantes","isPartOf":{"@id":"https:\/\/btmtelectric.com\/#website"},"primaryImageOfPage":{"@id":"https:\/\/btmtelectric.com\/index.php\/product\/bloc-dalimentation-secourue-12v5ah\/#primaryimage"},"image":{"@id":"https:\/\/btmtelectric.com\/index.php\/product\/bloc-dalimentation-secourue-12v5ah\/#primaryimage"},"thumbnailUrl":"https:\/\/btmtelectric.com\/wp-content\/uploads\/2025\/09\/BLOC-Dalimentation-2.jpg","datePublished":"2025-09-08T09:04:29+00:00","breadcrumb":{"@id":"https:\/\/btmtelectric.com\/index.php\/product\/bloc-dalimentation-secourue-12v5ah\/#breadcrumb"},"inLanguage":"fr-FR","potentialAction":[{"@type":"ReadAction","target":["https:\/\/btmtelectric.com\/index.php\/product\/bloc-dalimentation-secourue-12v5ah\/"]}]},{"@type":"ImageObject","inLanguage":"fr-FR","@id":"https:\/\/btmtelectric.com\/index.php\/product\/bloc-dalimentation-secourue-12v5ah\/#primaryimage","url":"https:\/\/btmtelectric.com\/wp-content\/uploads\/2025\/09\/BLOC-Dalimentation-2.jpg","contentUrl":"https:\/\/btmtelectric.com\/wp-content\/uploads\/2025\/09\/BLOC-Dalimentation-2.jpg","width":500,"height":500},{"@type":"BreadcrumbList","@id":"https:\/\/btmtelectric.com\/index.php\/product\/bloc-dalimentation-secourue-12v5ah\/#breadcrumb","itemListElement":[{"@type":"ListItem","position":1,"name":"Accueil","item":"https:\/\/btmtelectric.com\/"},{"@type":"ListItem","position":2,"name":"Boutique","item":"https:\/\/btmtelectric.com\/index.php\/boutique\/"},{"@type":"ListItem","position":3,"name":"BLOC D&#8217;ALIMENTATION SECOURUE 12V5AH"}]},{"@type":"WebSite","@id":"https:\/\/btmtelectric.com\/#website","url":"https:\/\/btmtelectric.com\/","name":"BTMT ELECTRIC \u2013 Solutions \u00c9lectriques Fiables et Innovantes","description":"","publisher":{"@id":"https:\/\/btmtelectric.com\/#organization"},"potentialAction":[{"@type":"SearchAction","target":{"@type":"EntryPoint","urlTemplate":"https:\/\/btmtelectric.com\/?s={search_term_string}"},"query-input":{"@type":"PropertyValueSpecification","valueRequired":true,"valueName":"search_term_string"}}],"inLanguage":"fr-FR"},{"@type":"Organization","@id":"https:\/\/btmtelectric.com\/#organization","name":"BTMT ELECTRIC \u2013 Solutions \u00c9lectriques Fiables et Innovantes","url":"https:\/\/btmtelectric.com\/","logo":{"@type":"ImageObject","inLanguage":"fr-FR","@id":"https:\/\/btmtelectric.com\/#\/schema\/logo\/image\/","url":"https:\/\/btmtelectric.com\/wp-content\/uploads\/2025\/07\/WhatsApp_Image_2025-07-09_at_11.45.18_AM-removebg-preview-1.png","contentUrl":"https:\/\/btmtelectric.com\/wp-content\/uploads\/2025\/07\/WhatsApp_Image_2025-07-09_at_11.45.18_AM-removebg-preview-1.png","width":175,"height":42,"caption":"BTMT ELECTRIC \u2013 Solutions \u00c9lectriques Fiables et Innovantes"},"image":{"@id":"https:\/\/btmtelectric.com\/#\/schema\/logo\/image\/"},"sameAs":["https:\/\/www.facebook.com\/profile.php?id=61578000361796","https:\/\/www.instagram.com\/btmtelectric\/"]}]}},"_links":{"self":[{"href":"https:\/\/btmtelectric.com\/index.php\/wp-json\/wp\/v2\/product\/9111","targetHints":{"allow":["GET"]}}],"collection":[{"href":"https:\/\/btmtelectric.com\/index.php\/wp-json\/wp\/v2\/product"}],"about":[{"href":"https:\/\/btmtelectric.com\/index.php\/wp-json\/wp\/v2\/types\/product"}],"replies":[{"embeddable":true,"href":"https:\/\/btmtelectric.com\/index.php\/wp-json\/wp\/v2\/comments?post=9111"}],"wp:featuredmedia":[{"embeddable":true,"href":"https:\/\/btmtelectric.com\/index.php\/wp-json\/wp\/v2\/media\/9112"}],"wp:attachment":[{"href":"https:\/\/btmtelectric.com\/index.php\/wp-json\/wp\/v2\/media?parent=9111"}],"wp:term":[{"taxonomy":"product_brand","embeddable":true,"href":"https:\/\/btmtelectric.com\/index.php\/wp-json\/wp\/v2\/product_brand?post=9111"},{"taxonomy":"product_cat","embeddable":true,"href":"https:\/\/btmtelectric.com\/index.php\/wp-json\/wp\/v2\/product_cat?post=9111"},{"taxonomy":"product_tag","embeddable":true,"href":"https:\/\/btmtelectric.com\/index.php\/wp-json\/wp\/v2\/product_tag?post=9111"}],"curies":[{"name":"wp","href":"https:\/\/api.w.org\/{rel}","templated":true}]}}