{"id":9109,"date":"2025-09-08T08:57:22","date_gmt":"2025-09-08T08:57:22","guid":{"rendered":"https:\/\/btmtelectric.com\/?post_type=product&#038;p=9109"},"modified":"2025-09-08T09:26:12","modified_gmt":"2025-09-08T09:26:12","slug":"bloc-dalimentation-secourue-12v10ah","status":"publish","type":"product","link":"https:\/\/btmtelectric.com\/index.php\/product\/bloc-dalimentation-secourue-12v10ah\/","title":{"rendered":"BLOC D&#8217;ALIMENTATION SECOURUE 12V10AH"},"content":{"rendered":"<h2 data-start=\"70\" data-end=\"141\">BLOC D&#8217;ALIMENTATION SECOURUE 12V10AH<\/h2>\n<p data-start=\"143\" data-end=\"337\">Ce dispositif d\u2019alimentation est sp\u00e9cialement con\u00e7u pour garantir une <strong data-start=\"213\" data-end=\"234\">s\u00e9curit\u00e9 optimale<\/strong> et une <strong data-start=\"242\" data-end=\"265\">alimentation fiable<\/strong> dans vos installations de contr\u00f4le d\u2019acc\u00e8s et syst\u00e8mes \u00e9lectroniques.<\/p>\n<h3 data-start=\"339\" data-end=\"375\">Caract\u00e9ristiques principales :<\/h3>\n<ul data-start=\"376\" data-end=\"1090\">\n<li data-start=\"376\" data-end=\"532\">\n<p data-start=\"378\" data-end=\"532\"><strong data-start=\"381\" data-end=\"404\">Protection int\u00e9gr\u00e9e<\/strong> : syst\u00e8me de s\u00e9curit\u00e9 contre l\u2019inversion de polarit\u00e9 et la d\u00e9charge totale de la batterie, prolongeant ainsi sa dur\u00e9e de vie.<\/p>\n<\/li>\n<li data-start=\"533\" data-end=\"633\">\n<p data-start=\"535\" data-end=\"633\"><strong data-start=\"538\" data-end=\"560\">S\u00e9curit\u00e9 renforc\u00e9e<\/strong> : bo\u00eetier verrouillable par cl\u00e9 pour emp\u00eacher tout acc\u00e8s non autoris\u00e9.<\/p>\n<\/li>\n<li data-start=\"634\" data-end=\"739\">\n<p data-start=\"636\" data-end=\"739\"><strong data-start=\"638\" data-end=\"659\">Haute performance<\/strong> : capacit\u00e9 d\u2019alimentation jusqu\u2019\u00e0 <strong data-start=\"694\" data-end=\"701\">10A<\/strong>, adapt\u00e9e aux \u00e9quipements exigeants.<\/p>\n<\/li>\n<li data-start=\"740\" data-end=\"865\">\n<p data-start=\"742\" data-end=\"865\"><strong data-start=\"746\" data-end=\"770\">Construction robuste<\/strong> : bo\u00eetier m\u00e9tallique avec support int\u00e9gr\u00e9 pour le placement s\u00e9curis\u00e9 d\u2019une batterie <strong data-start=\"855\" data-end=\"862\">12V<\/strong>.<\/p>\n<\/li>\n<li data-start=\"866\" data-end=\"965\">\n<p data-start=\"868\" data-end=\"965\"><strong data-start=\"871\" data-end=\"891\">Chargeur int\u00e9gr\u00e9<\/strong> : permet de maintenir la batterie en charge et toujours op\u00e9rationnelle.<\/p>\n<\/li>\n<li data-start=\"966\" data-end=\"1090\">\n<p data-start=\"968\" data-end=\"1090\">\u00a0<strong data-start=\"971\" data-end=\"992\">Commande pratique<\/strong> : entr\u00e9e d\u00e9di\u00e9e pour <strong data-start=\"1014\" data-end=\"1033\">bouton poussoir<\/strong>, permettant de contr\u00f4ler la sortie avec temporisation.<\/p>\n<\/li>\n<\/ul>\n<p>Une solution <strong data-start=\"1113\" data-end=\"1145\">fiable, robuste et s\u00e9curis\u00e9e<\/strong>, id\u00e9ale pour les syst\u00e8mes de <strong data-start=\"1175\" data-end=\"1252\">contr\u00f4le d\u2019acc\u00e8s, vid\u00e9osurveillance, alarmes et \u00e9quipements \u00e9lectroniques<\/strong> n\u00e9cessitant une alimentation continue et prot\u00e9g\u00e9e.<\/p>\n","protected":false},"excerpt":{"rendered":"<p>BLOC D&#8217;ALIMENTATION SECOURUE 12V10AH Ce dispositif d\u2019alimentation est sp\u00e9cialement con\u00e7u pour garantir une s\u00e9curit\u00e9 optimale et une alimentation fiable dans vos installations de contr\u00f4le d\u2019acc\u00e8s et syst\u00e8mes \u00e9lectroniques. Caract\u00e9ristiques principales<\/p>\n","protected":false},"featured_media":9110,"comment_status":"open","ping_status":"closed","template":"","meta":{"_acf_changed":false,"content-type":""},"product_brand":[],"product_cat":[350],"product_tag":[],"class_list":{"0":"post-9109","1":"product","2":"type-product","3":"status-publish","4":"has-post-thumbnail","6":"product_cat-controle-dacces","8":"first","9":"instock","10":"shipping-taxable","11":"purchasable","12":"product-type-simple"},"acf":[],"yoast_head":"<!-- This site is optimized with the Yoast SEO plugin v27.3 - https:\/\/yoast.com\/product\/yoast-seo-wordpress\/ -->\n<title>BLOC D&#039;ALIMENTATION SECOURUE 12V10AH - BTMT ELECTRIC \u2013 Solutions \u00c9lectriques Fiables et Innovantes<\/title>\n<meta name=\"robots\" content=\"index, follow, max-snippet:-1, max-image-preview:large, max-video-preview:-1\" \/>\n<link rel=\"canonical\" href=\"https:\/\/btmtelectric.com\/index.php\/product\/bloc-dalimentation-secourue-12v10ah\/\" \/>\n<meta property=\"og:locale\" content=\"fr_FR\" \/>\n<meta property=\"og:type\" content=\"article\" \/>\n<meta property=\"og:title\" content=\"BLOC D&#039;ALIMENTATION SECOURUE 12V10AH - BTMT ELECTRIC \u2013 Solutions \u00c9lectriques Fiables et Innovantes\" \/>\n<meta property=\"og:description\" content=\"BLOC D&#8217;ALIMENTATION SECOURUE 12V10AH Ce dispositif d\u2019alimentation est sp\u00e9cialement con\u00e7u pour garantir une s\u00e9curit\u00e9 optimale et une alimentation fiable dans vos installations de contr\u00f4le d\u2019acc\u00e8s et syst\u00e8mes \u00e9lectroniques. Caract\u00e9ristiques principales\" \/>\n<meta property=\"og:url\" content=\"https:\/\/btmtelectric.com\/index.php\/product\/bloc-dalimentation-secourue-12v10ah\/\" \/>\n<meta property=\"og:site_name\" content=\"BTMT ELECTRIC \u2013 Solutions \u00c9lectriques Fiables et Innovantes\" \/>\n<meta property=\"article:publisher\" content=\"https:\/\/www.facebook.com\/profile.php?id=61578000361796\" \/>\n<meta property=\"article:modified_time\" content=\"2025-09-08T09:26:12+00:00\" \/>\n<meta property=\"og:image\" content=\"https:\/\/btmtelectric.com\/wp-content\/uploads\/2025\/09\/BLOC-Dalimentation.jpeg\" \/>\n\t<meta property=\"og:image:width\" content=\"225\" \/>\n\t<meta property=\"og:image:height\" content=\"225\" \/>\n\t<meta property=\"og:image:type\" content=\"image\/jpeg\" \/>\n<meta name=\"twitter:card\" content=\"summary_large_image\" \/>\n<meta name=\"twitter:label1\" content=\"Dur\u00e9e de lecture estim\u00e9e\" \/>\n\t<meta name=\"twitter:data1\" content=\"1 minute\" \/>\n<script type=\"application\/ld+json\" class=\"yoast-schema-graph\">{\"@context\":\"https:\\\/\\\/schema.org\",\"@graph\":[{\"@type\":\"WebPage\",\"@id\":\"https:\\\/\\\/btmtelectric.com\\\/index.php\\\/product\\\/bloc-dalimentation-secourue-12v10ah\\\/\",\"url\":\"https:\\\/\\\/btmtelectric.com\\\/index.php\\\/product\\\/bloc-dalimentation-secourue-12v10ah\\\/\",\"name\":\"BLOC D'ALIMENTATION SECOURUE 12V10AH - BTMT ELECTRIC \u2013 Solutions \u00c9lectriques Fiables et Innovantes\",\"isPartOf\":{\"@id\":\"https:\\\/\\\/btmtelectric.com\\\/#website\"},\"primaryImageOfPage\":{\"@id\":\"https:\\\/\\\/btmtelectric.com\\\/index.php\\\/product\\\/bloc-dalimentation-secourue-12v10ah\\\/#primaryimage\"},\"image\":{\"@id\":\"https:\\\/\\\/btmtelectric.com\\\/index.php\\\/product\\\/bloc-dalimentation-secourue-12v10ah\\\/#primaryimage\"},\"thumbnailUrl\":\"https:\\\/\\\/btmtelectric.com\\\/wp-content\\\/uploads\\\/2025\\\/09\\\/BLOC-Dalimentation.jpeg\",\"datePublished\":\"2025-09-08T08:57:22+00:00\",\"dateModified\":\"2025-09-08T09:26:12+00:00\",\"breadcrumb\":{\"@id\":\"https:\\\/\\\/btmtelectric.com\\\/index.php\\\/product\\\/bloc-dalimentation-secourue-12v10ah\\\/#breadcrumb\"},\"inLanguage\":\"fr-FR\",\"potentialAction\":[{\"@type\":\"ReadAction\",\"target\":[\"https:\\\/\\\/btmtelectric.com\\\/index.php\\\/product\\\/bloc-dalimentation-secourue-12v10ah\\\/\"]}]},{\"@type\":\"ImageObject\",\"inLanguage\":\"fr-FR\",\"@id\":\"https:\\\/\\\/btmtelectric.com\\\/index.php\\\/product\\\/bloc-dalimentation-secourue-12v10ah\\\/#primaryimage\",\"url\":\"https:\\\/\\\/btmtelectric.com\\\/wp-content\\\/uploads\\\/2025\\\/09\\\/BLOC-Dalimentation.jpeg\",\"contentUrl\":\"https:\\\/\\\/btmtelectric.com\\\/wp-content\\\/uploads\\\/2025\\\/09\\\/BLOC-Dalimentation.jpeg\",\"width\":225,\"height\":225},{\"@type\":\"BreadcrumbList\",\"@id\":\"https:\\\/\\\/btmtelectric.com\\\/index.php\\\/product\\\/bloc-dalimentation-secourue-12v10ah\\\/#breadcrumb\",\"itemListElement\":[{\"@type\":\"ListItem\",\"position\":1,\"name\":\"Accueil\",\"item\":\"https:\\\/\\\/btmtelectric.com\\\/\"},{\"@type\":\"ListItem\",\"position\":2,\"name\":\"Boutique\",\"item\":\"https:\\\/\\\/btmtelectric.com\\\/index.php\\\/boutique\\\/\"},{\"@type\":\"ListItem\",\"position\":3,\"name\":\"BLOC D&#8217;ALIMENTATION SECOURUE 12V10AH\"}]},{\"@type\":\"WebSite\",\"@id\":\"https:\\\/\\\/btmtelectric.com\\\/#website\",\"url\":\"https:\\\/\\\/btmtelectric.com\\\/\",\"name\":\"BTMT ELECTRIC \u2013 Solutions \u00c9lectriques Fiables et Innovantes\",\"description\":\"\",\"publisher\":{\"@id\":\"https:\\\/\\\/btmtelectric.com\\\/#organization\"},\"potentialAction\":[{\"@type\":\"SearchAction\",\"target\":{\"@type\":\"EntryPoint\",\"urlTemplate\":\"https:\\\/\\\/btmtelectric.com\\\/?s={search_term_string}\"},\"query-input\":{\"@type\":\"PropertyValueSpecification\",\"valueRequired\":true,\"valueName\":\"search_term_string\"}}],\"inLanguage\":\"fr-FR\"},{\"@type\":\"Organization\",\"@id\":\"https:\\\/\\\/btmtelectric.com\\\/#organization\",\"name\":\"BTMT ELECTRIC \u2013 Solutions \u00c9lectriques Fiables et Innovantes\",\"url\":\"https:\\\/\\\/btmtelectric.com\\\/\",\"logo\":{\"@type\":\"ImageObject\",\"inLanguage\":\"fr-FR\",\"@id\":\"https:\\\/\\\/btmtelectric.com\\\/#\\\/schema\\\/logo\\\/image\\\/\",\"url\":\"https:\\\/\\\/btmtelectric.com\\\/wp-content\\\/uploads\\\/2025\\\/07\\\/WhatsApp_Image_2025-07-09_at_11.45.18_AM-removebg-preview-1.png\",\"contentUrl\":\"https:\\\/\\\/btmtelectric.com\\\/wp-content\\\/uploads\\\/2025\\\/07\\\/WhatsApp_Image_2025-07-09_at_11.45.18_AM-removebg-preview-1.png\",\"width\":175,\"height\":42,\"caption\":\"BTMT ELECTRIC \u2013 Solutions \u00c9lectriques Fiables et Innovantes\"},\"image\":{\"@id\":\"https:\\\/\\\/btmtelectric.com\\\/#\\\/schema\\\/logo\\\/image\\\/\"},\"sameAs\":[\"https:\\\/\\\/www.facebook.com\\\/profile.php?id=61578000361796\",\"https:\\\/\\\/www.instagram.com\\\/btmtelectric\\\/\"]}]}<\/script>\n<!-- \/ Yoast SEO plugin. -->","yoast_head_json":{"title":"BLOC D'ALIMENTATION SECOURUE 12V10AH - BTMT ELECTRIC \u2013 Solutions \u00c9lectriques Fiables et Innovantes","robots":{"index":"index","follow":"follow","max-snippet":"max-snippet:-1","max-image-preview":"max-image-preview:large","max-video-preview":"max-video-preview:-1"},"canonical":"https:\/\/btmtelectric.com\/index.php\/product\/bloc-dalimentation-secourue-12v10ah\/","og_locale":"fr_FR","og_type":"article","og_title":"BLOC D'ALIMENTATION SECOURUE 12V10AH - BTMT ELECTRIC \u2013 Solutions \u00c9lectriques Fiables et Innovantes","og_description":"BLOC D&#8217;ALIMENTATION SECOURUE 12V10AH Ce dispositif d\u2019alimentation est sp\u00e9cialement con\u00e7u pour garantir une s\u00e9curit\u00e9 optimale et une alimentation fiable dans vos installations de contr\u00f4le d\u2019acc\u00e8s et syst\u00e8mes \u00e9lectroniques. Caract\u00e9ristiques principales","og_url":"https:\/\/btmtelectric.com\/index.php\/product\/bloc-dalimentation-secourue-12v10ah\/","og_site_name":"BTMT ELECTRIC \u2013 Solutions \u00c9lectriques Fiables et Innovantes","article_publisher":"https:\/\/www.facebook.com\/profile.php?id=61578000361796","article_modified_time":"2025-09-08T09:26:12+00:00","og_image":[{"width":225,"height":225,"url":"https:\/\/btmtelectric.com\/wp-content\/uploads\/2025\/09\/BLOC-Dalimentation.jpeg","type":"image\/jpeg"}],"twitter_card":"summary_large_image","twitter_misc":{"Dur\u00e9e de lecture estim\u00e9e":"1 minute"},"schema":{"@context":"https:\/\/schema.org","@graph":[{"@type":"WebPage","@id":"https:\/\/btmtelectric.com\/index.php\/product\/bloc-dalimentation-secourue-12v10ah\/","url":"https:\/\/btmtelectric.com\/index.php\/product\/bloc-dalimentation-secourue-12v10ah\/","name":"BLOC D'ALIMENTATION SECOURUE 12V10AH - BTMT ELECTRIC \u2013 Solutions \u00c9lectriques Fiables et Innovantes","isPartOf":{"@id":"https:\/\/btmtelectric.com\/#website"},"primaryImageOfPage":{"@id":"https:\/\/btmtelectric.com\/index.php\/product\/bloc-dalimentation-secourue-12v10ah\/#primaryimage"},"image":{"@id":"https:\/\/btmtelectric.com\/index.php\/product\/bloc-dalimentation-secourue-12v10ah\/#primaryimage"},"thumbnailUrl":"https:\/\/btmtelectric.com\/wp-content\/uploads\/2025\/09\/BLOC-Dalimentation.jpeg","datePublished":"2025-09-08T08:57:22+00:00","dateModified":"2025-09-08T09:26:12+00:00","breadcrumb":{"@id":"https:\/\/btmtelectric.com\/index.php\/product\/bloc-dalimentation-secourue-12v10ah\/#breadcrumb"},"inLanguage":"fr-FR","potentialAction":[{"@type":"ReadAction","target":["https:\/\/btmtelectric.com\/index.php\/product\/bloc-dalimentation-secourue-12v10ah\/"]}]},{"@type":"ImageObject","inLanguage":"fr-FR","@id":"https:\/\/btmtelectric.com\/index.php\/product\/bloc-dalimentation-secourue-12v10ah\/#primaryimage","url":"https:\/\/btmtelectric.com\/wp-content\/uploads\/2025\/09\/BLOC-Dalimentation.jpeg","contentUrl":"https:\/\/btmtelectric.com\/wp-content\/uploads\/2025\/09\/BLOC-Dalimentation.jpeg","width":225,"height":225},{"@type":"BreadcrumbList","@id":"https:\/\/btmtelectric.com\/index.php\/product\/bloc-dalimentation-secourue-12v10ah\/#breadcrumb","itemListElement":[{"@type":"ListItem","position":1,"name":"Accueil","item":"https:\/\/btmtelectric.com\/"},{"@type":"ListItem","position":2,"name":"Boutique","item":"https:\/\/btmtelectric.com\/index.php\/boutique\/"},{"@type":"ListItem","position":3,"name":"BLOC D&#8217;ALIMENTATION SECOURUE 12V10AH"}]},{"@type":"WebSite","@id":"https:\/\/btmtelectric.com\/#website","url":"https:\/\/btmtelectric.com\/","name":"BTMT ELECTRIC \u2013 Solutions \u00c9lectriques Fiables et Innovantes","description":"","publisher":{"@id":"https:\/\/btmtelectric.com\/#organization"},"potentialAction":[{"@type":"SearchAction","target":{"@type":"EntryPoint","urlTemplate":"https:\/\/btmtelectric.com\/?s={search_term_string}"},"query-input":{"@type":"PropertyValueSpecification","valueRequired":true,"valueName":"search_term_string"}}],"inLanguage":"fr-FR"},{"@type":"Organization","@id":"https:\/\/btmtelectric.com\/#organization","name":"BTMT ELECTRIC \u2013 Solutions \u00c9lectriques Fiables et Innovantes","url":"https:\/\/btmtelectric.com\/","logo":{"@type":"ImageObject","inLanguage":"fr-FR","@id":"https:\/\/btmtelectric.com\/#\/schema\/logo\/image\/","url":"https:\/\/btmtelectric.com\/wp-content\/uploads\/2025\/07\/WhatsApp_Image_2025-07-09_at_11.45.18_AM-removebg-preview-1.png","contentUrl":"https:\/\/btmtelectric.com\/wp-content\/uploads\/2025\/07\/WhatsApp_Image_2025-07-09_at_11.45.18_AM-removebg-preview-1.png","width":175,"height":42,"caption":"BTMT ELECTRIC \u2013 Solutions \u00c9lectriques Fiables et Innovantes"},"image":{"@id":"https:\/\/btmtelectric.com\/#\/schema\/logo\/image\/"},"sameAs":["https:\/\/www.facebook.com\/profile.php?id=61578000361796","https:\/\/www.instagram.com\/btmtelectric\/"]}]}},"_links":{"self":[{"href":"https:\/\/btmtelectric.com\/index.php\/wp-json\/wp\/v2\/product\/9109","targetHints":{"allow":["GET"]}}],"collection":[{"href":"https:\/\/btmtelectric.com\/index.php\/wp-json\/wp\/v2\/product"}],"about":[{"href":"https:\/\/btmtelectric.com\/index.php\/wp-json\/wp\/v2\/types\/product"}],"replies":[{"embeddable":true,"href":"https:\/\/btmtelectric.com\/index.php\/wp-json\/wp\/v2\/comments?post=9109"}],"wp:featuredmedia":[{"embeddable":true,"href":"https:\/\/btmtelectric.com\/index.php\/wp-json\/wp\/v2\/media\/9110"}],"wp:attachment":[{"href":"https:\/\/btmtelectric.com\/index.php\/wp-json\/wp\/v2\/media?parent=9109"}],"wp:term":[{"taxonomy":"product_brand","embeddable":true,"href":"https:\/\/btmtelectric.com\/index.php\/wp-json\/wp\/v2\/product_brand?post=9109"},{"taxonomy":"product_cat","embeddable":true,"href":"https:\/\/btmtelectric.com\/index.php\/wp-json\/wp\/v2\/product_cat?post=9109"},{"taxonomy":"product_tag","embeddable":true,"href":"https:\/\/btmtelectric.com\/index.php\/wp-json\/wp\/v2\/product_tag?post=9109"}],"curies":[{"name":"wp","href":"https:\/\/api.w.org\/{rel}","templated":true}]}}