{"id":9105,"date":"2025-09-08T08:45:52","date_gmt":"2025-09-08T08:45:52","guid":{"rendered":"https:\/\/btmtelectric.com\/?post_type=product&#038;p=9105"},"modified":"2025-09-08T13:07:12","modified_gmt":"2025-09-08T13:07:12","slug":"9105","status":"publish","type":"product","link":"https:\/\/btmtelectric.com\/index.php\/product\/9105\/","title":{"rendered":"BOUTON POUSSOIR PLASTIQUE GT-K1"},"content":{"rendered":"<p data-start=\"137\" data-end=\"432\">Ce <strong data-start=\"140\" data-end=\"169\">bouton poussoir de sortie<\/strong> est con\u00e7u pour offrir une solution simple, pratique et fiable dans tous les syst\u00e8mes de <strong data-start=\"258\" data-end=\"278\">contr\u00f4le d\u2019acc\u00e8s<\/strong>. Fabriqu\u00e9 en <strong data-start=\"292\" data-end=\"333\">plastique ABS ignifuge et imperm\u00e9able<\/strong>, il assure \u00e0 la fois robustesse, s\u00e9curit\u00e9 et durabilit\u00e9, m\u00eame dans des environnements exigeants.<\/p>\n<h3 data-start=\"434\" data-end=\"469\">Caract\u00e9ristiques techniques :<\/h3>\n<ul data-start=\"470\" data-end=\"773\">\n<li data-start=\"470\" data-end=\"553\">\n<p data-start=\"472\" data-end=\"553\"><strong data-start=\"472\" data-end=\"486\">Mat\u00e9riau :<\/strong> plastique ABS de haute qualit\u00e9, r\u00e9sistant au feu et \u00e0 l\u2019humidit\u00e9<\/p>\n<\/li>\n<li data-start=\"554\" data-end=\"604\">\n<p data-start=\"556\" data-end=\"604\"><strong data-start=\"556\" data-end=\"574\">Alimentation :<\/strong> courant d\u2019entr\u00e9e <strong data-start=\"592\" data-end=\"602\">DC 12V<\/strong><\/p>\n<\/li>\n<li data-start=\"605\" data-end=\"713\">\n<p data-start=\"607\" data-end=\"713\"><strong data-start=\"607\" data-end=\"628\">Borne de sortie :<\/strong> sortie \u00e0 <strong data-start=\"638\" data-end=\"655\">deux contacts<\/strong>, compatible avec <strong data-start=\"673\" data-end=\"711\">tous types de serrures \u00e9lectriques<\/strong><\/p>\n<\/li>\n<li data-start=\"714\" data-end=\"773\">\n<p data-start=\"716\" data-end=\"773\"><strong data-start=\"716\" data-end=\"732\">Dimensions :<\/strong> 86 \u00d7 86 mm (format compact et discret)<\/p>\n<h3 data-start=\"1068\" data-end=\"1088\">Points forts :<\/h3>\n<ul data-start=\"1089\" data-end=\"1474\">\n<li data-start=\"1089\" data-end=\"1172\">\n<p data-start=\"1091\" data-end=\"1172\"><strong data-start=\"1094\" data-end=\"1115\">S\u00e9curit\u00e9 optimale<\/strong> : permet un contr\u00f4le fiable des ouvertures et sorties.<\/p>\n<\/li>\n<li data-start=\"1173\" data-end=\"1248\">\n<p data-start=\"1175\" data-end=\"1248\"><strong data-start=\"1178\" data-end=\"1192\">Durabilit\u00e9<\/strong> : mat\u00e9riau imperm\u00e9able et ignifuge, con\u00e7u pour durer.<\/p>\n<\/li>\n<li data-start=\"1249\" data-end=\"1380\">\n<p data-start=\"1251\" data-end=\"1380\"><strong data-start=\"1253\" data-end=\"1282\">Compatibilit\u00e9 universelle<\/strong> : fonctionne avec tous types de serrures \u00e9lectriques (g\u00e2ches, ventouses, serrures magn\u00e9tiques).<\/p>\n<\/li>\n<li data-start=\"1381\" data-end=\"1474\">\n<p data-start=\"1383\" data-end=\"1474\">\u00a0<strong data-start=\"1386\" data-end=\"1409\">Installation facile<\/strong> : format standard adapt\u00e9 \u00e0 une pose murale rapide et discr\u00e8te.<\/p>\n<h3 data-start=\"775\" data-end=\"795\">Applications :<\/h3>\n<ul data-start=\"796\" data-end=\"1066\">\n<li data-start=\"796\" data-end=\"842\">\n<p data-start=\"798\" data-end=\"842\"><strong data-start=\"801\" data-end=\"816\">R\u00e9sidentiel<\/strong> : maisons, appartements<\/p>\n<\/li>\n<li data-start=\"843\" data-end=\"906\">\n<p data-start=\"845\" data-end=\"906\"><strong data-start=\"848\" data-end=\"862\">H\u00f4tellerie<\/strong> : h\u00f4tels, r\u00e9sidences, chambres s\u00e9curis\u00e9es<\/p>\n<\/li>\n<li data-start=\"907\" data-end=\"992\">\n<p data-start=\"909\" data-end=\"992\"><strong data-start=\"912\" data-end=\"937\">Bureaux &amp; Entreprises<\/strong> : open spaces, zones restreintes, salles de serveurs<\/p>\n<\/li>\n<li data-start=\"993\" data-end=\"1066\">\n<p data-start=\"995\" data-end=\"1066\"><strong data-start=\"998\" data-end=\"1012\">Industriel<\/strong> : usines, entrep\u00f4ts, zones de production s\u00e9curis\u00e9es<\/p>\n<\/li>\n<\/ul>\n<\/li>\n<\/ul>\n<\/li>\n<\/ul>\n","protected":false},"excerpt":{"rendered":"<p>Ce bouton poussoir de sortie est con\u00e7u pour offrir une solution simple, pratique et fiable dans tous les syst\u00e8mes de contr\u00f4le d\u2019acc\u00e8s. Fabriqu\u00e9 en plastique ABS ignifuge et imperm\u00e9able, il<\/p>\n","protected":false},"featured_media":9106,"comment_status":"open","ping_status":"closed","template":"","meta":{"_acf_changed":false,"content-type":""},"product_brand":[],"product_cat":[350],"product_tag":[],"class_list":{"0":"post-9105","1":"product","2":"type-product","3":"status-publish","4":"has-post-thumbnail","6":"product_cat-controle-dacces","8":"first","9":"instock","10":"shipping-taxable","11":"purchasable","12":"product-type-simple"},"acf":[],"yoast_head":"<!-- This site is optimized with the Yoast SEO plugin v27.3 - https:\/\/yoast.com\/product\/yoast-seo-wordpress\/ -->\n<title>BOUTON POUSSOIR PLASTIQUE GT-K1 - BTMT ELECTRIC \u2013 Solutions \u00c9lectriques Fiables et Innovantes<\/title>\n<meta name=\"robots\" content=\"index, follow, max-snippet:-1, max-image-preview:large, max-video-preview:-1\" \/>\n<link rel=\"canonical\" href=\"https:\/\/btmtelectric.com\/index.php\/product\/9105\/\" \/>\n<meta property=\"og:locale\" content=\"fr_FR\" \/>\n<meta property=\"og:type\" content=\"article\" \/>\n<meta property=\"og:title\" content=\"BOUTON POUSSOIR PLASTIQUE GT-K1 - BTMT ELECTRIC \u2013 Solutions \u00c9lectriques Fiables et Innovantes\" \/>\n<meta property=\"og:description\" content=\"Ce bouton poussoir de sortie est con\u00e7u pour offrir une solution simple, pratique et fiable dans tous les syst\u00e8mes de contr\u00f4le d\u2019acc\u00e8s. Fabriqu\u00e9 en plastique ABS ignifuge et imperm\u00e9able, il\" \/>\n<meta property=\"og:url\" content=\"https:\/\/btmtelectric.com\/index.php\/product\/9105\/\" \/>\n<meta property=\"og:site_name\" content=\"BTMT ELECTRIC \u2013 Solutions \u00c9lectriques Fiables et Innovantes\" \/>\n<meta property=\"article:publisher\" content=\"https:\/\/www.facebook.com\/profile.php?id=61578000361796\" \/>\n<meta property=\"article:modified_time\" content=\"2025-09-08T13:07:12+00:00\" \/>\n<meta property=\"og:image\" content=\"https:\/\/btmtelectric.com\/wp-content\/uploads\/2025\/09\/bouton-poussoir-plastique.jpg\" \/>\n\t<meta property=\"og:image:width\" content=\"300\" \/>\n\t<meta property=\"og:image:height\" content=\"296\" \/>\n\t<meta property=\"og:image:type\" content=\"image\/jpeg\" \/>\n<meta name=\"twitter:card\" content=\"summary_large_image\" \/>\n<meta name=\"twitter:label1\" content=\"Dur\u00e9e de lecture estim\u00e9e\" \/>\n\t<meta name=\"twitter:data1\" content=\"1 minute\" \/>\n<script type=\"application\/ld+json\" class=\"yoast-schema-graph\">{\"@context\":\"https:\\\/\\\/schema.org\",\"@graph\":[{\"@type\":\"WebPage\",\"@id\":\"https:\\\/\\\/btmtelectric.com\\\/index.php\\\/product\\\/9105\\\/\",\"url\":\"https:\\\/\\\/btmtelectric.com\\\/index.php\\\/product\\\/9105\\\/\",\"name\":\"BOUTON POUSSOIR PLASTIQUE GT-K1 - BTMT ELECTRIC \u2013 Solutions \u00c9lectriques Fiables et Innovantes\",\"isPartOf\":{\"@id\":\"https:\\\/\\\/btmtelectric.com\\\/#website\"},\"primaryImageOfPage\":{\"@id\":\"https:\\\/\\\/btmtelectric.com\\\/index.php\\\/product\\\/9105\\\/#primaryimage\"},\"image\":{\"@id\":\"https:\\\/\\\/btmtelectric.com\\\/index.php\\\/product\\\/9105\\\/#primaryimage\"},\"thumbnailUrl\":\"https:\\\/\\\/btmtelectric.com\\\/wp-content\\\/uploads\\\/2025\\\/09\\\/bouton-poussoir-plastique.jpg\",\"datePublished\":\"2025-09-08T08:45:52+00:00\",\"dateModified\":\"2025-09-08T13:07:12+00:00\",\"breadcrumb\":{\"@id\":\"https:\\\/\\\/btmtelectric.com\\\/index.php\\\/product\\\/9105\\\/#breadcrumb\"},\"inLanguage\":\"fr-FR\",\"potentialAction\":[{\"@type\":\"ReadAction\",\"target\":[\"https:\\\/\\\/btmtelectric.com\\\/index.php\\\/product\\\/9105\\\/\"]}]},{\"@type\":\"ImageObject\",\"inLanguage\":\"fr-FR\",\"@id\":\"https:\\\/\\\/btmtelectric.com\\\/index.php\\\/product\\\/9105\\\/#primaryimage\",\"url\":\"https:\\\/\\\/btmtelectric.com\\\/wp-content\\\/uploads\\\/2025\\\/09\\\/bouton-poussoir-plastique.jpg\",\"contentUrl\":\"https:\\\/\\\/btmtelectric.com\\\/wp-content\\\/uploads\\\/2025\\\/09\\\/bouton-poussoir-plastique.jpg\",\"width\":300,\"height\":296},{\"@type\":\"BreadcrumbList\",\"@id\":\"https:\\\/\\\/btmtelectric.com\\\/index.php\\\/product\\\/9105\\\/#breadcrumb\",\"itemListElement\":[{\"@type\":\"ListItem\",\"position\":1,\"name\":\"Accueil\",\"item\":\"https:\\\/\\\/btmtelectric.com\\\/\"},{\"@type\":\"ListItem\",\"position\":2,\"name\":\"Boutique\",\"item\":\"https:\\\/\\\/btmtelectric.com\\\/index.php\\\/boutique\\\/\"},{\"@type\":\"ListItem\",\"position\":3,\"name\":\"BOUTON POUSSOIR PLASTIQUE GT-K1\"}]},{\"@type\":\"WebSite\",\"@id\":\"https:\\\/\\\/btmtelectric.com\\\/#website\",\"url\":\"https:\\\/\\\/btmtelectric.com\\\/\",\"name\":\"BTMT ELECTRIC \u2013 Solutions \u00c9lectriques Fiables et Innovantes\",\"description\":\"\",\"publisher\":{\"@id\":\"https:\\\/\\\/btmtelectric.com\\\/#organization\"},\"potentialAction\":[{\"@type\":\"SearchAction\",\"target\":{\"@type\":\"EntryPoint\",\"urlTemplate\":\"https:\\\/\\\/btmtelectric.com\\\/?s={search_term_string}\"},\"query-input\":{\"@type\":\"PropertyValueSpecification\",\"valueRequired\":true,\"valueName\":\"search_term_string\"}}],\"inLanguage\":\"fr-FR\"},{\"@type\":\"Organization\",\"@id\":\"https:\\\/\\\/btmtelectric.com\\\/#organization\",\"name\":\"BTMT ELECTRIC \u2013 Solutions \u00c9lectriques Fiables et Innovantes\",\"url\":\"https:\\\/\\\/btmtelectric.com\\\/\",\"logo\":{\"@type\":\"ImageObject\",\"inLanguage\":\"fr-FR\",\"@id\":\"https:\\\/\\\/btmtelectric.com\\\/#\\\/schema\\\/logo\\\/image\\\/\",\"url\":\"https:\\\/\\\/btmtelectric.com\\\/wp-content\\\/uploads\\\/2025\\\/07\\\/WhatsApp_Image_2025-07-09_at_11.45.18_AM-removebg-preview-1.png\",\"contentUrl\":\"https:\\\/\\\/btmtelectric.com\\\/wp-content\\\/uploads\\\/2025\\\/07\\\/WhatsApp_Image_2025-07-09_at_11.45.18_AM-removebg-preview-1.png\",\"width\":175,\"height\":42,\"caption\":\"BTMT ELECTRIC \u2013 Solutions \u00c9lectriques Fiables et Innovantes\"},\"image\":{\"@id\":\"https:\\\/\\\/btmtelectric.com\\\/#\\\/schema\\\/logo\\\/image\\\/\"},\"sameAs\":[\"https:\\\/\\\/www.facebook.com\\\/profile.php?id=61578000361796\",\"https:\\\/\\\/www.instagram.com\\\/btmtelectric\\\/\"]}]}<\/script>\n<!-- \/ Yoast SEO plugin. -->","yoast_head_json":{"title":"BOUTON POUSSOIR PLASTIQUE GT-K1 - BTMT ELECTRIC \u2013 Solutions \u00c9lectriques Fiables et Innovantes","robots":{"index":"index","follow":"follow","max-snippet":"max-snippet:-1","max-image-preview":"max-image-preview:large","max-video-preview":"max-video-preview:-1"},"canonical":"https:\/\/btmtelectric.com\/index.php\/product\/9105\/","og_locale":"fr_FR","og_type":"article","og_title":"BOUTON POUSSOIR PLASTIQUE GT-K1 - BTMT ELECTRIC \u2013 Solutions \u00c9lectriques Fiables et Innovantes","og_description":"Ce bouton poussoir de sortie est con\u00e7u pour offrir une solution simple, pratique et fiable dans tous les syst\u00e8mes de contr\u00f4le d\u2019acc\u00e8s. Fabriqu\u00e9 en plastique ABS ignifuge et imperm\u00e9able, il","og_url":"https:\/\/btmtelectric.com\/index.php\/product\/9105\/","og_site_name":"BTMT ELECTRIC \u2013 Solutions \u00c9lectriques Fiables et Innovantes","article_publisher":"https:\/\/www.facebook.com\/profile.php?id=61578000361796","article_modified_time":"2025-09-08T13:07:12+00:00","og_image":[{"width":300,"height":296,"url":"https:\/\/btmtelectric.com\/wp-content\/uploads\/2025\/09\/bouton-poussoir-plastique.jpg","type":"image\/jpeg"}],"twitter_card":"summary_large_image","twitter_misc":{"Dur\u00e9e de lecture estim\u00e9e":"1 minute"},"schema":{"@context":"https:\/\/schema.org","@graph":[{"@type":"WebPage","@id":"https:\/\/btmtelectric.com\/index.php\/product\/9105\/","url":"https:\/\/btmtelectric.com\/index.php\/product\/9105\/","name":"BOUTON POUSSOIR PLASTIQUE GT-K1 - BTMT ELECTRIC \u2013 Solutions \u00c9lectriques Fiables et Innovantes","isPartOf":{"@id":"https:\/\/btmtelectric.com\/#website"},"primaryImageOfPage":{"@id":"https:\/\/btmtelectric.com\/index.php\/product\/9105\/#primaryimage"},"image":{"@id":"https:\/\/btmtelectric.com\/index.php\/product\/9105\/#primaryimage"},"thumbnailUrl":"https:\/\/btmtelectric.com\/wp-content\/uploads\/2025\/09\/bouton-poussoir-plastique.jpg","datePublished":"2025-09-08T08:45:52+00:00","dateModified":"2025-09-08T13:07:12+00:00","breadcrumb":{"@id":"https:\/\/btmtelectric.com\/index.php\/product\/9105\/#breadcrumb"},"inLanguage":"fr-FR","potentialAction":[{"@type":"ReadAction","target":["https:\/\/btmtelectric.com\/index.php\/product\/9105\/"]}]},{"@type":"ImageObject","inLanguage":"fr-FR","@id":"https:\/\/btmtelectric.com\/index.php\/product\/9105\/#primaryimage","url":"https:\/\/btmtelectric.com\/wp-content\/uploads\/2025\/09\/bouton-poussoir-plastique.jpg","contentUrl":"https:\/\/btmtelectric.com\/wp-content\/uploads\/2025\/09\/bouton-poussoir-plastique.jpg","width":300,"height":296},{"@type":"BreadcrumbList","@id":"https:\/\/btmtelectric.com\/index.php\/product\/9105\/#breadcrumb","itemListElement":[{"@type":"ListItem","position":1,"name":"Accueil","item":"https:\/\/btmtelectric.com\/"},{"@type":"ListItem","position":2,"name":"Boutique","item":"https:\/\/btmtelectric.com\/index.php\/boutique\/"},{"@type":"ListItem","position":3,"name":"BOUTON POUSSOIR PLASTIQUE GT-K1"}]},{"@type":"WebSite","@id":"https:\/\/btmtelectric.com\/#website","url":"https:\/\/btmtelectric.com\/","name":"BTMT ELECTRIC \u2013 Solutions \u00c9lectriques Fiables et Innovantes","description":"","publisher":{"@id":"https:\/\/btmtelectric.com\/#organization"},"potentialAction":[{"@type":"SearchAction","target":{"@type":"EntryPoint","urlTemplate":"https:\/\/btmtelectric.com\/?s={search_term_string}"},"query-input":{"@type":"PropertyValueSpecification","valueRequired":true,"valueName":"search_term_string"}}],"inLanguage":"fr-FR"},{"@type":"Organization","@id":"https:\/\/btmtelectric.com\/#organization","name":"BTMT ELECTRIC \u2013 Solutions \u00c9lectriques Fiables et Innovantes","url":"https:\/\/btmtelectric.com\/","logo":{"@type":"ImageObject","inLanguage":"fr-FR","@id":"https:\/\/btmtelectric.com\/#\/schema\/logo\/image\/","url":"https:\/\/btmtelectric.com\/wp-content\/uploads\/2025\/07\/WhatsApp_Image_2025-07-09_at_11.45.18_AM-removebg-preview-1.png","contentUrl":"https:\/\/btmtelectric.com\/wp-content\/uploads\/2025\/07\/WhatsApp_Image_2025-07-09_at_11.45.18_AM-removebg-preview-1.png","width":175,"height":42,"caption":"BTMT ELECTRIC \u2013 Solutions \u00c9lectriques Fiables et Innovantes"},"image":{"@id":"https:\/\/btmtelectric.com\/#\/schema\/logo\/image\/"},"sameAs":["https:\/\/www.facebook.com\/profile.php?id=61578000361796","https:\/\/www.instagram.com\/btmtelectric\/"]}]}},"_links":{"self":[{"href":"https:\/\/btmtelectric.com\/index.php\/wp-json\/wp\/v2\/product\/9105","targetHints":{"allow":["GET"]}}],"collection":[{"href":"https:\/\/btmtelectric.com\/index.php\/wp-json\/wp\/v2\/product"}],"about":[{"href":"https:\/\/btmtelectric.com\/index.php\/wp-json\/wp\/v2\/types\/product"}],"replies":[{"embeddable":true,"href":"https:\/\/btmtelectric.com\/index.php\/wp-json\/wp\/v2\/comments?post=9105"}],"wp:featuredmedia":[{"embeddable":true,"href":"https:\/\/btmtelectric.com\/index.php\/wp-json\/wp\/v2\/media\/9106"}],"wp:attachment":[{"href":"https:\/\/btmtelectric.com\/index.php\/wp-json\/wp\/v2\/media?parent=9105"}],"wp:term":[{"taxonomy":"product_brand","embeddable":true,"href":"https:\/\/btmtelectric.com\/index.php\/wp-json\/wp\/v2\/product_brand?post=9105"},{"taxonomy":"product_cat","embeddable":true,"href":"https:\/\/btmtelectric.com\/index.php\/wp-json\/wp\/v2\/product_cat?post=9105"},{"taxonomy":"product_tag","embeddable":true,"href":"https:\/\/btmtelectric.com\/index.php\/wp-json\/wp\/v2\/product_tag?post=9105"}],"curies":[{"name":"wp","href":"https:\/\/api.w.org\/{rel}","templated":true}]}}