{"id":9103,"date":"2025-09-08T08:38:51","date_gmt":"2025-09-08T08:38:51","guid":{"rendered":"https:\/\/btmtelectric.com\/?post_type=product&#038;p=9103"},"modified":"2025-09-08T08:38:51","modified_gmt":"2025-09-08T08:38:51","slug":"bouton-no-touch-gt-k2b","status":"publish","type":"product","link":"https:\/\/btmtelectric.com\/index.php\/product\/bouton-no-touch-gt-k2b\/","title":{"rendered":"bouton NO TOUCH GT -K2B"},"content":{"rendered":"<h2 data-start=\"71\" data-end=\"128\">Bouton NO TOUCH GT -K2B<\/h2>\n<p data-start=\"130\" data-end=\"335\">Ce <strong data-start=\"133\" data-end=\"162\">bouton <\/strong>\u00a0est con\u00e7u pour les syst\u00e8mes de contr\u00f4le d\u2019acc\u00e8s et de s\u00e9curit\u00e9, offrant une grande fiabilit\u00e9 et un confort d\u2019utilisation gr\u00e2ce \u00e0 ses nombreuses fonctionnalit\u00e9s r\u00e9glables.<\/p>\n<h3 data-start=\"337\" data-end=\"372\">Caract\u00e9ristiques techniques :<\/h3>\n<ul data-start=\"373\" data-end=\"1438\">\n<li data-start=\"373\" data-end=\"481\">\n<p data-start=\"375\" data-end=\"481\"><strong data-start=\"375\" data-end=\"406\">Compatibilit\u00e9 universelle :<\/strong> installation facile sur toutes les bo\u00eetes d\u2019encastrement d\u2019entraxe 60 mm<\/p>\n<\/li>\n<li data-start=\"482\" data-end=\"590\">\n<p data-start=\"484\" data-end=\"590\"><strong data-start=\"484\" data-end=\"511\">Confort d\u2019utilisation :<\/strong> large surface d\u2019appui, adapt\u00e9e \u00e0 tous les environnements (publics et priv\u00e9s)<\/p>\n<\/li>\n<li data-start=\"591\" data-end=\"673\">\n<p data-start=\"593\" data-end=\"673\"><strong data-start=\"593\" data-end=\"612\">Accessibilit\u00e9 :<\/strong> marquage en braille int\u00e9gr\u00e9 pour les personnes malvoyantes<\/p>\n<\/li>\n<li data-start=\"674\" data-end=\"806\">\n<p data-start=\"676\" data-end=\"716\"><strong data-start=\"676\" data-end=\"714\">Signalisation visuelle et sonore :<\/strong><\/p>\n<ul data-start=\"719\" data-end=\"806\">\n<li data-start=\"719\" data-end=\"763\">\n<p data-start=\"721\" data-end=\"763\">LED bicolore r\u00e9glable pour retour visuel<\/p>\n<\/li>\n<li data-start=\"766\" data-end=\"806\">\n<p data-start=\"768\" data-end=\"806\">Buzzer int\u00e9gr\u00e9 avec volume ajustable<\/p>\n<\/li>\n<\/ul>\n<\/li>\n<li data-start=\"807\" data-end=\"894\">\n<p data-start=\"809\" data-end=\"894\"><strong data-start=\"809\" data-end=\"837\">Temporisation r\u00e9glable :<\/strong> de <strong data-start=\"841\" data-end=\"860\">0 \u00e0 60 secondes<\/strong> selon les besoins d\u2019utilisation<\/p>\n<\/li>\n<li data-start=\"895\" data-end=\"964\">\n<p data-start=\"897\" data-end=\"964\"><strong data-start=\"897\" data-end=\"913\">Dimensions :<\/strong> Hauteur 80 mm \u00d7 Largeur 80 mm \u00d7 Profondeur 66 mm<\/p>\n<\/li>\n<li data-start=\"965\" data-end=\"1058\">\n<p data-start=\"967\" data-end=\"1058\"><strong data-start=\"967\" data-end=\"994\">\u00c9lectronique d\u00e9port\u00e9e :<\/strong> facilite l\u2019int\u00e9gration et am\u00e9liore la fiabilit\u00e9 du dispositif<\/p>\n<\/li>\n<li data-start=\"1059\" data-end=\"1156\">\n<p data-start=\"1061\" data-end=\"1156\"><strong data-start=\"1061\" data-end=\"1079\">Alimentation :<\/strong> 12 \u2013 24V AC\/DC, offrant une compatibilit\u00e9 \u00e9tendue avec diff\u00e9rents syst\u00e8mes<\/p>\n<\/li>\n<\/ul>\n<h3 data-start=\"1440\" data-end=\"1460\">Points forts :<\/h3>\n<ul data-start=\"1461\" data-end=\"1926\">\n<li data-start=\"1461\" data-end=\"1556\">\n<p data-start=\"1463\" data-end=\"1556\"><strong data-start=\"1466\" data-end=\"1485\">S\u00e9curit\u00e9 accrue<\/strong> gr\u00e2ce au contact sec suppl\u00e9mentaire pour garantir le d\u00e9verrouillage.<\/p>\n<\/li>\n<li data-start=\"1557\" data-end=\"1655\">\n<p data-start=\"1559\" data-end=\"1655\"><strong data-start=\"1561\" data-end=\"1591\">Polyvalence d\u2019installation<\/strong> : compatible avec toutes les bo\u00eetes d\u2019encastrement standards.<\/p>\n<\/li>\n<li data-start=\"1656\" data-end=\"1712\">\n<p data-start=\"1658\" data-end=\"1712\"><strong data-start=\"1660\" data-end=\"1687\">Accessibilit\u00e9 am\u00e9lior\u00e9e<\/strong> avec marquage braille.<\/p>\n<\/li>\n<li data-start=\"1713\" data-end=\"1793\">\n<p data-start=\"1715\" data-end=\"1793\"><strong data-start=\"1719\" data-end=\"1739\">Personnalisation<\/strong> gr\u00e2ce aux r\u00e9glages de LED, buzzer et temporisation.<\/p>\n<\/li>\n<li data-start=\"1794\" data-end=\"1926\">\n<p data-start=\"1796\" data-end=\"1926\">\u00a0<strong data-start=\"1799\" data-end=\"1813\">Id\u00e9al pour<\/strong> : immeubles, bureaux, h\u00f4tels, \u00e9tablissements scolaires et tout syst\u00e8me n\u00e9cessitant un contr\u00f4le d\u2019acc\u00e8s fiable.<\/p>\n<\/li>\n<\/ul>\n","protected":false},"excerpt":{"rendered":"<p>Bouton NO TOUCH GT -K2B Ce bouton \u00a0est con\u00e7u pour les syst\u00e8mes de contr\u00f4le d\u2019acc\u00e8s et de s\u00e9curit\u00e9, offrant une grande fiabilit\u00e9 et un confort d\u2019utilisation gr\u00e2ce \u00e0 ses nombreuses<\/p>\n","protected":false},"featured_media":9104,"comment_status":"open","ping_status":"closed","template":"","meta":{"_acf_changed":false,"content-type":""},"product_brand":[],"product_cat":[350],"product_tag":[],"class_list":{"0":"post-9103","1":"product","2":"type-product","3":"status-publish","4":"has-post-thumbnail","6":"product_cat-controle-dacces","8":"first","9":"instock","10":"shipping-taxable","11":"purchasable","12":"product-type-simple"},"acf":[],"yoast_head":"<!-- This site is optimized with the Yoast SEO plugin v27.3 - https:\/\/yoast.com\/product\/yoast-seo-wordpress\/ -->\n<title>bouton NO TOUCH GT -K2B - BTMT ELECTRIC \u2013 Solutions \u00c9lectriques Fiables et Innovantes<\/title>\n<meta name=\"robots\" content=\"index, follow, max-snippet:-1, max-image-preview:large, max-video-preview:-1\" \/>\n<link rel=\"canonical\" href=\"https:\/\/btmtelectric.com\/index.php\/product\/bouton-no-touch-gt-k2b\/\" \/>\n<meta property=\"og:locale\" content=\"fr_FR\" \/>\n<meta property=\"og:type\" content=\"article\" \/>\n<meta property=\"og:title\" content=\"bouton NO TOUCH GT -K2B - BTMT ELECTRIC \u2013 Solutions \u00c9lectriques Fiables et Innovantes\" \/>\n<meta property=\"og:description\" content=\"Bouton NO TOUCH GT -K2B Ce bouton \u00a0est con\u00e7u pour les syst\u00e8mes de contr\u00f4le d\u2019acc\u00e8s et de s\u00e9curit\u00e9, offrant une grande fiabilit\u00e9 et un confort d\u2019utilisation gr\u00e2ce \u00e0 ses nombreuses\" \/>\n<meta property=\"og:url\" content=\"https:\/\/btmtelectric.com\/index.php\/product\/bouton-no-touch-gt-k2b\/\" \/>\n<meta property=\"og:site_name\" content=\"BTMT ELECTRIC \u2013 Solutions \u00c9lectriques Fiables et Innovantes\" \/>\n<meta property=\"article:publisher\" content=\"https:\/\/www.facebook.com\/profile.php?id=61578000361796\" \/>\n<meta property=\"og:image\" content=\"https:\/\/btmtelectric.com\/wp-content\/uploads\/2025\/09\/bouton-NO-touch.jpg\" \/>\n\t<meta property=\"og:image:width\" content=\"250\" \/>\n\t<meta property=\"og:image:height\" content=\"250\" \/>\n\t<meta property=\"og:image:type\" content=\"image\/jpeg\" \/>\n<meta name=\"twitter:card\" content=\"summary_large_image\" \/>\n<meta name=\"twitter:label1\" content=\"Dur\u00e9e de lecture estim\u00e9e\" \/>\n\t<meta name=\"twitter:data1\" content=\"1 minute\" \/>\n<script type=\"application\/ld+json\" class=\"yoast-schema-graph\">{\"@context\":\"https:\\\/\\\/schema.org\",\"@graph\":[{\"@type\":\"WebPage\",\"@id\":\"https:\\\/\\\/btmtelectric.com\\\/index.php\\\/product\\\/bouton-no-touch-gt-k2b\\\/\",\"url\":\"https:\\\/\\\/btmtelectric.com\\\/index.php\\\/product\\\/bouton-no-touch-gt-k2b\\\/\",\"name\":\"bouton NO TOUCH GT -K2B - BTMT ELECTRIC \u2013 Solutions \u00c9lectriques Fiables et Innovantes\",\"isPartOf\":{\"@id\":\"https:\\\/\\\/btmtelectric.com\\\/#website\"},\"primaryImageOfPage\":{\"@id\":\"https:\\\/\\\/btmtelectric.com\\\/index.php\\\/product\\\/bouton-no-touch-gt-k2b\\\/#primaryimage\"},\"image\":{\"@id\":\"https:\\\/\\\/btmtelectric.com\\\/index.php\\\/product\\\/bouton-no-touch-gt-k2b\\\/#primaryimage\"},\"thumbnailUrl\":\"https:\\\/\\\/btmtelectric.com\\\/wp-content\\\/uploads\\\/2025\\\/09\\\/bouton-NO-touch.jpg\",\"datePublished\":\"2025-09-08T08:38:51+00:00\",\"breadcrumb\":{\"@id\":\"https:\\\/\\\/btmtelectric.com\\\/index.php\\\/product\\\/bouton-no-touch-gt-k2b\\\/#breadcrumb\"},\"inLanguage\":\"fr-FR\",\"potentialAction\":[{\"@type\":\"ReadAction\",\"target\":[\"https:\\\/\\\/btmtelectric.com\\\/index.php\\\/product\\\/bouton-no-touch-gt-k2b\\\/\"]}]},{\"@type\":\"ImageObject\",\"inLanguage\":\"fr-FR\",\"@id\":\"https:\\\/\\\/btmtelectric.com\\\/index.php\\\/product\\\/bouton-no-touch-gt-k2b\\\/#primaryimage\",\"url\":\"https:\\\/\\\/btmtelectric.com\\\/wp-content\\\/uploads\\\/2025\\\/09\\\/bouton-NO-touch.jpg\",\"contentUrl\":\"https:\\\/\\\/btmtelectric.com\\\/wp-content\\\/uploads\\\/2025\\\/09\\\/bouton-NO-touch.jpg\",\"width\":250,\"height\":250},{\"@type\":\"BreadcrumbList\",\"@id\":\"https:\\\/\\\/btmtelectric.com\\\/index.php\\\/product\\\/bouton-no-touch-gt-k2b\\\/#breadcrumb\",\"itemListElement\":[{\"@type\":\"ListItem\",\"position\":1,\"name\":\"Accueil\",\"item\":\"https:\\\/\\\/btmtelectric.com\\\/\"},{\"@type\":\"ListItem\",\"position\":2,\"name\":\"Boutique\",\"item\":\"https:\\\/\\\/btmtelectric.com\\\/index.php\\\/boutique\\\/\"},{\"@type\":\"ListItem\",\"position\":3,\"name\":\"bouton NO TOUCH GT -K2B\"}]},{\"@type\":\"WebSite\",\"@id\":\"https:\\\/\\\/btmtelectric.com\\\/#website\",\"url\":\"https:\\\/\\\/btmtelectric.com\\\/\",\"name\":\"BTMT ELECTRIC \u2013 Solutions \u00c9lectriques Fiables et Innovantes\",\"description\":\"\",\"publisher\":{\"@id\":\"https:\\\/\\\/btmtelectric.com\\\/#organization\"},\"potentialAction\":[{\"@type\":\"SearchAction\",\"target\":{\"@type\":\"EntryPoint\",\"urlTemplate\":\"https:\\\/\\\/btmtelectric.com\\\/?s={search_term_string}\"},\"query-input\":{\"@type\":\"PropertyValueSpecification\",\"valueRequired\":true,\"valueName\":\"search_term_string\"}}],\"inLanguage\":\"fr-FR\"},{\"@type\":\"Organization\",\"@id\":\"https:\\\/\\\/btmtelectric.com\\\/#organization\",\"name\":\"BTMT ELECTRIC \u2013 Solutions \u00c9lectriques Fiables et Innovantes\",\"url\":\"https:\\\/\\\/btmtelectric.com\\\/\",\"logo\":{\"@type\":\"ImageObject\",\"inLanguage\":\"fr-FR\",\"@id\":\"https:\\\/\\\/btmtelectric.com\\\/#\\\/schema\\\/logo\\\/image\\\/\",\"url\":\"https:\\\/\\\/btmtelectric.com\\\/wp-content\\\/uploads\\\/2025\\\/07\\\/WhatsApp_Image_2025-07-09_at_11.45.18_AM-removebg-preview-1.png\",\"contentUrl\":\"https:\\\/\\\/btmtelectric.com\\\/wp-content\\\/uploads\\\/2025\\\/07\\\/WhatsApp_Image_2025-07-09_at_11.45.18_AM-removebg-preview-1.png\",\"width\":175,\"height\":42,\"caption\":\"BTMT ELECTRIC \u2013 Solutions \u00c9lectriques Fiables et Innovantes\"},\"image\":{\"@id\":\"https:\\\/\\\/btmtelectric.com\\\/#\\\/schema\\\/logo\\\/image\\\/\"},\"sameAs\":[\"https:\\\/\\\/www.facebook.com\\\/profile.php?id=61578000361796\",\"https:\\\/\\\/www.instagram.com\\\/btmtelectric\\\/\"]}]}<\/script>\n<!-- \/ Yoast SEO plugin. -->","yoast_head_json":{"title":"bouton NO TOUCH GT -K2B - BTMT ELECTRIC \u2013 Solutions \u00c9lectriques Fiables et Innovantes","robots":{"index":"index","follow":"follow","max-snippet":"max-snippet:-1","max-image-preview":"max-image-preview:large","max-video-preview":"max-video-preview:-1"},"canonical":"https:\/\/btmtelectric.com\/index.php\/product\/bouton-no-touch-gt-k2b\/","og_locale":"fr_FR","og_type":"article","og_title":"bouton NO TOUCH GT -K2B - BTMT ELECTRIC \u2013 Solutions \u00c9lectriques Fiables et Innovantes","og_description":"Bouton NO TOUCH GT -K2B Ce bouton \u00a0est con\u00e7u pour les syst\u00e8mes de contr\u00f4le d\u2019acc\u00e8s et de s\u00e9curit\u00e9, offrant une grande fiabilit\u00e9 et un confort d\u2019utilisation gr\u00e2ce \u00e0 ses nombreuses","og_url":"https:\/\/btmtelectric.com\/index.php\/product\/bouton-no-touch-gt-k2b\/","og_site_name":"BTMT ELECTRIC \u2013 Solutions \u00c9lectriques Fiables et Innovantes","article_publisher":"https:\/\/www.facebook.com\/profile.php?id=61578000361796","og_image":[{"width":250,"height":250,"url":"https:\/\/btmtelectric.com\/wp-content\/uploads\/2025\/09\/bouton-NO-touch.jpg","type":"image\/jpeg"}],"twitter_card":"summary_large_image","twitter_misc":{"Dur\u00e9e de lecture estim\u00e9e":"1 minute"},"schema":{"@context":"https:\/\/schema.org","@graph":[{"@type":"WebPage","@id":"https:\/\/btmtelectric.com\/index.php\/product\/bouton-no-touch-gt-k2b\/","url":"https:\/\/btmtelectric.com\/index.php\/product\/bouton-no-touch-gt-k2b\/","name":"bouton NO TOUCH GT -K2B - BTMT ELECTRIC \u2013 Solutions \u00c9lectriques Fiables et Innovantes","isPartOf":{"@id":"https:\/\/btmtelectric.com\/#website"},"primaryImageOfPage":{"@id":"https:\/\/btmtelectric.com\/index.php\/product\/bouton-no-touch-gt-k2b\/#primaryimage"},"image":{"@id":"https:\/\/btmtelectric.com\/index.php\/product\/bouton-no-touch-gt-k2b\/#primaryimage"},"thumbnailUrl":"https:\/\/btmtelectric.com\/wp-content\/uploads\/2025\/09\/bouton-NO-touch.jpg","datePublished":"2025-09-08T08:38:51+00:00","breadcrumb":{"@id":"https:\/\/btmtelectric.com\/index.php\/product\/bouton-no-touch-gt-k2b\/#breadcrumb"},"inLanguage":"fr-FR","potentialAction":[{"@type":"ReadAction","target":["https:\/\/btmtelectric.com\/index.php\/product\/bouton-no-touch-gt-k2b\/"]}]},{"@type":"ImageObject","inLanguage":"fr-FR","@id":"https:\/\/btmtelectric.com\/index.php\/product\/bouton-no-touch-gt-k2b\/#primaryimage","url":"https:\/\/btmtelectric.com\/wp-content\/uploads\/2025\/09\/bouton-NO-touch.jpg","contentUrl":"https:\/\/btmtelectric.com\/wp-content\/uploads\/2025\/09\/bouton-NO-touch.jpg","width":250,"height":250},{"@type":"BreadcrumbList","@id":"https:\/\/btmtelectric.com\/index.php\/product\/bouton-no-touch-gt-k2b\/#breadcrumb","itemListElement":[{"@type":"ListItem","position":1,"name":"Accueil","item":"https:\/\/btmtelectric.com\/"},{"@type":"ListItem","position":2,"name":"Boutique","item":"https:\/\/btmtelectric.com\/index.php\/boutique\/"},{"@type":"ListItem","position":3,"name":"bouton NO TOUCH GT -K2B"}]},{"@type":"WebSite","@id":"https:\/\/btmtelectric.com\/#website","url":"https:\/\/btmtelectric.com\/","name":"BTMT ELECTRIC \u2013 Solutions \u00c9lectriques Fiables et Innovantes","description":"","publisher":{"@id":"https:\/\/btmtelectric.com\/#organization"},"potentialAction":[{"@type":"SearchAction","target":{"@type":"EntryPoint","urlTemplate":"https:\/\/btmtelectric.com\/?s={search_term_string}"},"query-input":{"@type":"PropertyValueSpecification","valueRequired":true,"valueName":"search_term_string"}}],"inLanguage":"fr-FR"},{"@type":"Organization","@id":"https:\/\/btmtelectric.com\/#organization","name":"BTMT ELECTRIC \u2013 Solutions \u00c9lectriques Fiables et Innovantes","url":"https:\/\/btmtelectric.com\/","logo":{"@type":"ImageObject","inLanguage":"fr-FR","@id":"https:\/\/btmtelectric.com\/#\/schema\/logo\/image\/","url":"https:\/\/btmtelectric.com\/wp-content\/uploads\/2025\/07\/WhatsApp_Image_2025-07-09_at_11.45.18_AM-removebg-preview-1.png","contentUrl":"https:\/\/btmtelectric.com\/wp-content\/uploads\/2025\/07\/WhatsApp_Image_2025-07-09_at_11.45.18_AM-removebg-preview-1.png","width":175,"height":42,"caption":"BTMT ELECTRIC \u2013 Solutions \u00c9lectriques Fiables et Innovantes"},"image":{"@id":"https:\/\/btmtelectric.com\/#\/schema\/logo\/image\/"},"sameAs":["https:\/\/www.facebook.com\/profile.php?id=61578000361796","https:\/\/www.instagram.com\/btmtelectric\/"]}]}},"_links":{"self":[{"href":"https:\/\/btmtelectric.com\/index.php\/wp-json\/wp\/v2\/product\/9103","targetHints":{"allow":["GET"]}}],"collection":[{"href":"https:\/\/btmtelectric.com\/index.php\/wp-json\/wp\/v2\/product"}],"about":[{"href":"https:\/\/btmtelectric.com\/index.php\/wp-json\/wp\/v2\/types\/product"}],"replies":[{"embeddable":true,"href":"https:\/\/btmtelectric.com\/index.php\/wp-json\/wp\/v2\/comments?post=9103"}],"wp:featuredmedia":[{"embeddable":true,"href":"https:\/\/btmtelectric.com\/index.php\/wp-json\/wp\/v2\/media\/9104"}],"wp:attachment":[{"href":"https:\/\/btmtelectric.com\/index.php\/wp-json\/wp\/v2\/media?parent=9103"}],"wp:term":[{"taxonomy":"product_brand","embeddable":true,"href":"https:\/\/btmtelectric.com\/index.php\/wp-json\/wp\/v2\/product_brand?post=9103"},{"taxonomy":"product_cat","embeddable":true,"href":"https:\/\/btmtelectric.com\/index.php\/wp-json\/wp\/v2\/product_cat?post=9103"},{"taxonomy":"product_tag","embeddable":true,"href":"https:\/\/btmtelectric.com\/index.php\/wp-json\/wp\/v2\/product_tag?post=9103"}],"curies":[{"name":"wp","href":"https:\/\/api.w.org\/{rel}","templated":true}]}}