{"id":9101,"date":"2025-09-08T08:29:02","date_gmt":"2025-09-08T08:29:02","guid":{"rendered":"https:\/\/btmtelectric.com\/?post_type=product&#038;p=9101"},"modified":"2025-09-08T08:29:02","modified_gmt":"2025-09-08T08:29:02","slug":"tag-125-khz-gt-abs003-em","status":"publish","type":"product","link":"https:\/\/btmtelectric.com\/index.php\/product\/tag-125-khz-gt-abs003-em\/","title":{"rendered":"TAG 125 KHZ GT-ABS003-EM"},"content":{"rendered":"<h2 data-start=\"80\" data-end=\"124\">Carte RFID 125 kHz \u2013 Technologie TK4100<\/h2>\n<p data-start=\"126\" data-end=\"413\">La <strong data-start=\"129\" data-end=\"164\">carte RFID de proximit\u00e9 125 kHz<\/strong> avec puce <strong data-start=\"175\" data-end=\"185\">TK4100<\/strong> est une solution fiable et \u00e9conomique pour vos syst\u00e8mes de contr\u00f4le d\u2019acc\u00e8s, d\u2019identification et de gestion de pr\u00e9sence. Con\u00e7ue en ABS\/PVC durable, elle garantit une performance constante et une grande facilit\u00e9 d\u2019utilisation.<\/p>\n<h3 data-start=\"415\" data-end=\"450\">Caract\u00e9ristiques techniques :<\/h3>\n<ul data-start=\"451\" data-end=\"1292\">\n<li data-start=\"451\" data-end=\"492\">\n<p data-start=\"453\" data-end=\"492\"><strong data-start=\"453\" data-end=\"472\">Type de carte :<\/strong> Carte EM standard<\/p>\n<\/li>\n<li data-start=\"493\" data-end=\"542\">\n<p data-start=\"495\" data-end=\"542\"><strong data-start=\"495\" data-end=\"505\">Mode :<\/strong> Lecture seule (non r\u00e9inscriptible)<\/p>\n<\/li>\n<li data-start=\"543\" data-end=\"573\">\n<p data-start=\"545\" data-end=\"573\"><strong data-start=\"545\" data-end=\"564\">Puce int\u00e9gr\u00e9e :<\/strong> TK4100<\/p>\n<\/li>\n<li data-start=\"574\" data-end=\"608\">\n<p data-start=\"576\" data-end=\"608\"><strong data-start=\"576\" data-end=\"598\">Capacit\u00e9 m\u00e9moire :<\/strong> 64 bits<\/p>\n<\/li>\n<li data-start=\"609\" data-end=\"657\">\n<p data-start=\"611\" data-end=\"657\"><strong data-start=\"611\" data-end=\"643\">Protocole de communication :<\/strong> ISO 18000-2<\/p>\n<\/li>\n<li data-start=\"658\" data-end=\"703\">\n<p data-start=\"660\" data-end=\"703\"><strong data-start=\"660\" data-end=\"693\">Fr\u00e9quence de fonctionnement :<\/strong> 125 kHz<\/p>\n<\/li>\n<li data-start=\"704\" data-end=\"831\">\n<p data-start=\"706\" data-end=\"831\"><strong data-start=\"706\" data-end=\"725\">Compatibilit\u00e9 :<\/strong> Fonctionne avec les lecteurs EM ID standard et la plupart des syst\u00e8mes de contr\u00f4le d\u2019acc\u00e8s RFID 125 kHz<\/p>\n<\/li>\n<li data-start=\"832\" data-end=\"902\">\n<p data-start=\"834\" data-end=\"902\"><strong data-start=\"834\" data-end=\"852\">Transmission :<\/strong> Donn\u00e9es et alimentation transmises sans contact<\/p>\n<\/li>\n<li data-start=\"903\" data-end=\"947\">\n<p data-start=\"905\" data-end=\"947\"><strong data-start=\"905\" data-end=\"919\">Mat\u00e9riau :<\/strong> Plastique ABS\/PVC robuste<\/p>\n<\/li>\n<li data-start=\"948\" data-end=\"1000\">\n<p data-start=\"950\" data-end=\"1000\"><strong data-start=\"950\" data-end=\"966\">Dimensions :<\/strong> Format carte ISO (85,5 \u00d7 54 mm)<\/p>\n<\/li>\n<li data-start=\"1001\" data-end=\"1080\">\n<p data-start=\"1003\" data-end=\"1080\"><strong data-start=\"1003\" data-end=\"1030\">Distance de d\u00e9tection :<\/strong> 2 \u2013 10 mm (selon le lecteur et l\u2019environnement)<\/p>\n<\/li>\n<\/ul>\n<h3 data-start=\"1803\" data-end=\"1823\">Applications :<\/h3>\n<ul data-start=\"1824\" data-end=\"2053\">\n<li data-start=\"1824\" data-end=\"1894\">\n<p data-start=\"1826\" data-end=\"1894\">Contr\u00f4le d\u2019acc\u00e8s s\u00e9curis\u00e9 (portes, portails, ascenseurs, parkings)<\/p>\n<\/li>\n<li data-start=\"1895\" data-end=\"1945\">\n<p data-start=\"1897\" data-end=\"1945\">Syst\u00e8mes de pointage et gestion de la pr\u00e9sence<\/p>\n<\/li>\n<li data-start=\"1946\" data-end=\"1994\">\n<p data-start=\"1948\" data-end=\"1994\">Identification du personnel et des visiteurs<\/p>\n<\/li>\n<li data-start=\"1995\" data-end=\"2053\">\n<p data-start=\"1997\" data-end=\"2053\">Cartes d\u2019\u00e9tiquettes pour inventaires et suivi d\u2019objets<\/p>\n<\/li>\n<\/ul>\n","protected":false},"excerpt":{"rendered":"<p>Carte RFID 125 kHz \u2013 Technologie TK4100 La carte RFID de proximit\u00e9 125 kHz avec puce TK4100 est une solution fiable et \u00e9conomique pour vos syst\u00e8mes de contr\u00f4le d\u2019acc\u00e8s, d\u2019identification<\/p>\n","protected":false},"featured_media":9102,"comment_status":"open","ping_status":"closed","template":"","meta":{"_acf_changed":false,"content-type":""},"product_brand":[],"product_cat":[350],"product_tag":[],"class_list":{"0":"post-9101","1":"product","2":"type-product","3":"status-publish","4":"has-post-thumbnail","6":"product_cat-controle-dacces","8":"first","9":"instock","10":"shipping-taxable","11":"purchasable","12":"product-type-simple"},"acf":[],"yoast_head":"<!-- This site is optimized with the Yoast SEO plugin v27.3 - https:\/\/yoast.com\/product\/yoast-seo-wordpress\/ -->\n<title>TAG 125 KHZ GT-ABS003-EM - BTMT ELECTRIC \u2013 Solutions \u00c9lectriques Fiables et Innovantes<\/title>\n<meta name=\"robots\" content=\"index, follow, max-snippet:-1, max-image-preview:large, max-video-preview:-1\" \/>\n<link rel=\"canonical\" href=\"https:\/\/btmtelectric.com\/index.php\/product\/tag-125-khz-gt-abs003-em\/\" \/>\n<meta property=\"og:locale\" content=\"fr_FR\" \/>\n<meta property=\"og:type\" content=\"article\" \/>\n<meta property=\"og:title\" content=\"TAG 125 KHZ GT-ABS003-EM - BTMT ELECTRIC \u2013 Solutions \u00c9lectriques Fiables et Innovantes\" \/>\n<meta property=\"og:description\" content=\"Carte RFID 125 kHz \u2013 Technologie TK4100 La carte RFID de proximit\u00e9 125 kHz avec puce TK4100 est une solution fiable et \u00e9conomique pour vos syst\u00e8mes de contr\u00f4le d\u2019acc\u00e8s, d\u2019identification\" \/>\n<meta property=\"og:url\" content=\"https:\/\/btmtelectric.com\/index.php\/product\/tag-125-khz-gt-abs003-em\/\" \/>\n<meta property=\"og:site_name\" content=\"BTMT ELECTRIC \u2013 Solutions \u00c9lectriques Fiables et Innovantes\" \/>\n<meta property=\"article:publisher\" content=\"https:\/\/www.facebook.com\/profile.php?id=61578000361796\" \/>\n<meta property=\"og:image\" content=\"https:\/\/btmtelectric.com\/wp-content\/uploads\/2025\/09\/cle.jpg\" \/>\n\t<meta property=\"og:image:width\" content=\"800\" \/>\n\t<meta property=\"og:image:height\" content=\"800\" \/>\n\t<meta property=\"og:image:type\" content=\"image\/jpeg\" \/>\n<meta name=\"twitter:card\" content=\"summary_large_image\" \/>\n<meta name=\"twitter:label1\" content=\"Dur\u00e9e de lecture estim\u00e9e\" \/>\n\t<meta name=\"twitter:data1\" content=\"1 minute\" \/>\n<script type=\"application\/ld+json\" class=\"yoast-schema-graph\">{\"@context\":\"https:\\\/\\\/schema.org\",\"@graph\":[{\"@type\":\"WebPage\",\"@id\":\"https:\\\/\\\/btmtelectric.com\\\/index.php\\\/product\\\/tag-125-khz-gt-abs003-em\\\/\",\"url\":\"https:\\\/\\\/btmtelectric.com\\\/index.php\\\/product\\\/tag-125-khz-gt-abs003-em\\\/\",\"name\":\"TAG 125 KHZ GT-ABS003-EM - BTMT ELECTRIC \u2013 Solutions \u00c9lectriques Fiables et Innovantes\",\"isPartOf\":{\"@id\":\"https:\\\/\\\/btmtelectric.com\\\/#website\"},\"primaryImageOfPage\":{\"@id\":\"https:\\\/\\\/btmtelectric.com\\\/index.php\\\/product\\\/tag-125-khz-gt-abs003-em\\\/#primaryimage\"},\"image\":{\"@id\":\"https:\\\/\\\/btmtelectric.com\\\/index.php\\\/product\\\/tag-125-khz-gt-abs003-em\\\/#primaryimage\"},\"thumbnailUrl\":\"https:\\\/\\\/btmtelectric.com\\\/wp-content\\\/uploads\\\/2025\\\/09\\\/cle.jpg\",\"datePublished\":\"2025-09-08T08:29:02+00:00\",\"breadcrumb\":{\"@id\":\"https:\\\/\\\/btmtelectric.com\\\/index.php\\\/product\\\/tag-125-khz-gt-abs003-em\\\/#breadcrumb\"},\"inLanguage\":\"fr-FR\",\"potentialAction\":[{\"@type\":\"ReadAction\",\"target\":[\"https:\\\/\\\/btmtelectric.com\\\/index.php\\\/product\\\/tag-125-khz-gt-abs003-em\\\/\"]}]},{\"@type\":\"ImageObject\",\"inLanguage\":\"fr-FR\",\"@id\":\"https:\\\/\\\/btmtelectric.com\\\/index.php\\\/product\\\/tag-125-khz-gt-abs003-em\\\/#primaryimage\",\"url\":\"https:\\\/\\\/btmtelectric.com\\\/wp-content\\\/uploads\\\/2025\\\/09\\\/cle.jpg\",\"contentUrl\":\"https:\\\/\\\/btmtelectric.com\\\/wp-content\\\/uploads\\\/2025\\\/09\\\/cle.jpg\",\"width\":800,\"height\":800},{\"@type\":\"BreadcrumbList\",\"@id\":\"https:\\\/\\\/btmtelectric.com\\\/index.php\\\/product\\\/tag-125-khz-gt-abs003-em\\\/#breadcrumb\",\"itemListElement\":[{\"@type\":\"ListItem\",\"position\":1,\"name\":\"Accueil\",\"item\":\"https:\\\/\\\/btmtelectric.com\\\/\"},{\"@type\":\"ListItem\",\"position\":2,\"name\":\"Boutique\",\"item\":\"https:\\\/\\\/btmtelectric.com\\\/index.php\\\/boutique\\\/\"},{\"@type\":\"ListItem\",\"position\":3,\"name\":\"TAG 125 KHZ GT-ABS003-EM\"}]},{\"@type\":\"WebSite\",\"@id\":\"https:\\\/\\\/btmtelectric.com\\\/#website\",\"url\":\"https:\\\/\\\/btmtelectric.com\\\/\",\"name\":\"BTMT ELECTRIC \u2013 Solutions \u00c9lectriques Fiables et Innovantes\",\"description\":\"\",\"publisher\":{\"@id\":\"https:\\\/\\\/btmtelectric.com\\\/#organization\"},\"potentialAction\":[{\"@type\":\"SearchAction\",\"target\":{\"@type\":\"EntryPoint\",\"urlTemplate\":\"https:\\\/\\\/btmtelectric.com\\\/?s={search_term_string}\"},\"query-input\":{\"@type\":\"PropertyValueSpecification\",\"valueRequired\":true,\"valueName\":\"search_term_string\"}}],\"inLanguage\":\"fr-FR\"},{\"@type\":\"Organization\",\"@id\":\"https:\\\/\\\/btmtelectric.com\\\/#organization\",\"name\":\"BTMT ELECTRIC \u2013 Solutions \u00c9lectriques Fiables et Innovantes\",\"url\":\"https:\\\/\\\/btmtelectric.com\\\/\",\"logo\":{\"@type\":\"ImageObject\",\"inLanguage\":\"fr-FR\",\"@id\":\"https:\\\/\\\/btmtelectric.com\\\/#\\\/schema\\\/logo\\\/image\\\/\",\"url\":\"https:\\\/\\\/btmtelectric.com\\\/wp-content\\\/uploads\\\/2025\\\/07\\\/WhatsApp_Image_2025-07-09_at_11.45.18_AM-removebg-preview-1.png\",\"contentUrl\":\"https:\\\/\\\/btmtelectric.com\\\/wp-content\\\/uploads\\\/2025\\\/07\\\/WhatsApp_Image_2025-07-09_at_11.45.18_AM-removebg-preview-1.png\",\"width\":175,\"height\":42,\"caption\":\"BTMT ELECTRIC \u2013 Solutions \u00c9lectriques Fiables et Innovantes\"},\"image\":{\"@id\":\"https:\\\/\\\/btmtelectric.com\\\/#\\\/schema\\\/logo\\\/image\\\/\"},\"sameAs\":[\"https:\\\/\\\/www.facebook.com\\\/profile.php?id=61578000361796\",\"https:\\\/\\\/www.instagram.com\\\/btmtelectric\\\/\"]}]}<\/script>\n<!-- \/ Yoast SEO plugin. -->","yoast_head_json":{"title":"TAG 125 KHZ GT-ABS003-EM - BTMT ELECTRIC \u2013 Solutions \u00c9lectriques Fiables et Innovantes","robots":{"index":"index","follow":"follow","max-snippet":"max-snippet:-1","max-image-preview":"max-image-preview:large","max-video-preview":"max-video-preview:-1"},"canonical":"https:\/\/btmtelectric.com\/index.php\/product\/tag-125-khz-gt-abs003-em\/","og_locale":"fr_FR","og_type":"article","og_title":"TAG 125 KHZ GT-ABS003-EM - BTMT ELECTRIC \u2013 Solutions \u00c9lectriques Fiables et Innovantes","og_description":"Carte RFID 125 kHz \u2013 Technologie TK4100 La carte RFID de proximit\u00e9 125 kHz avec puce TK4100 est une solution fiable et \u00e9conomique pour vos syst\u00e8mes de contr\u00f4le d\u2019acc\u00e8s, d\u2019identification","og_url":"https:\/\/btmtelectric.com\/index.php\/product\/tag-125-khz-gt-abs003-em\/","og_site_name":"BTMT ELECTRIC \u2013 Solutions \u00c9lectriques Fiables et Innovantes","article_publisher":"https:\/\/www.facebook.com\/profile.php?id=61578000361796","og_image":[{"width":800,"height":800,"url":"https:\/\/btmtelectric.com\/wp-content\/uploads\/2025\/09\/cle.jpg","type":"image\/jpeg"}],"twitter_card":"summary_large_image","twitter_misc":{"Dur\u00e9e de lecture estim\u00e9e":"1 minute"},"schema":{"@context":"https:\/\/schema.org","@graph":[{"@type":"WebPage","@id":"https:\/\/btmtelectric.com\/index.php\/product\/tag-125-khz-gt-abs003-em\/","url":"https:\/\/btmtelectric.com\/index.php\/product\/tag-125-khz-gt-abs003-em\/","name":"TAG 125 KHZ GT-ABS003-EM - BTMT ELECTRIC \u2013 Solutions \u00c9lectriques Fiables et Innovantes","isPartOf":{"@id":"https:\/\/btmtelectric.com\/#website"},"primaryImageOfPage":{"@id":"https:\/\/btmtelectric.com\/index.php\/product\/tag-125-khz-gt-abs003-em\/#primaryimage"},"image":{"@id":"https:\/\/btmtelectric.com\/index.php\/product\/tag-125-khz-gt-abs003-em\/#primaryimage"},"thumbnailUrl":"https:\/\/btmtelectric.com\/wp-content\/uploads\/2025\/09\/cle.jpg","datePublished":"2025-09-08T08:29:02+00:00","breadcrumb":{"@id":"https:\/\/btmtelectric.com\/index.php\/product\/tag-125-khz-gt-abs003-em\/#breadcrumb"},"inLanguage":"fr-FR","potentialAction":[{"@type":"ReadAction","target":["https:\/\/btmtelectric.com\/index.php\/product\/tag-125-khz-gt-abs003-em\/"]}]},{"@type":"ImageObject","inLanguage":"fr-FR","@id":"https:\/\/btmtelectric.com\/index.php\/product\/tag-125-khz-gt-abs003-em\/#primaryimage","url":"https:\/\/btmtelectric.com\/wp-content\/uploads\/2025\/09\/cle.jpg","contentUrl":"https:\/\/btmtelectric.com\/wp-content\/uploads\/2025\/09\/cle.jpg","width":800,"height":800},{"@type":"BreadcrumbList","@id":"https:\/\/btmtelectric.com\/index.php\/product\/tag-125-khz-gt-abs003-em\/#breadcrumb","itemListElement":[{"@type":"ListItem","position":1,"name":"Accueil","item":"https:\/\/btmtelectric.com\/"},{"@type":"ListItem","position":2,"name":"Boutique","item":"https:\/\/btmtelectric.com\/index.php\/boutique\/"},{"@type":"ListItem","position":3,"name":"TAG 125 KHZ GT-ABS003-EM"}]},{"@type":"WebSite","@id":"https:\/\/btmtelectric.com\/#website","url":"https:\/\/btmtelectric.com\/","name":"BTMT ELECTRIC \u2013 Solutions \u00c9lectriques Fiables et Innovantes","description":"","publisher":{"@id":"https:\/\/btmtelectric.com\/#organization"},"potentialAction":[{"@type":"SearchAction","target":{"@type":"EntryPoint","urlTemplate":"https:\/\/btmtelectric.com\/?s={search_term_string}"},"query-input":{"@type":"PropertyValueSpecification","valueRequired":true,"valueName":"search_term_string"}}],"inLanguage":"fr-FR"},{"@type":"Organization","@id":"https:\/\/btmtelectric.com\/#organization","name":"BTMT ELECTRIC \u2013 Solutions \u00c9lectriques Fiables et Innovantes","url":"https:\/\/btmtelectric.com\/","logo":{"@type":"ImageObject","inLanguage":"fr-FR","@id":"https:\/\/btmtelectric.com\/#\/schema\/logo\/image\/","url":"https:\/\/btmtelectric.com\/wp-content\/uploads\/2025\/07\/WhatsApp_Image_2025-07-09_at_11.45.18_AM-removebg-preview-1.png","contentUrl":"https:\/\/btmtelectric.com\/wp-content\/uploads\/2025\/07\/WhatsApp_Image_2025-07-09_at_11.45.18_AM-removebg-preview-1.png","width":175,"height":42,"caption":"BTMT ELECTRIC \u2013 Solutions \u00c9lectriques Fiables et Innovantes"},"image":{"@id":"https:\/\/btmtelectric.com\/#\/schema\/logo\/image\/"},"sameAs":["https:\/\/www.facebook.com\/profile.php?id=61578000361796","https:\/\/www.instagram.com\/btmtelectric\/"]}]}},"_links":{"self":[{"href":"https:\/\/btmtelectric.com\/index.php\/wp-json\/wp\/v2\/product\/9101","targetHints":{"allow":["GET"]}}],"collection":[{"href":"https:\/\/btmtelectric.com\/index.php\/wp-json\/wp\/v2\/product"}],"about":[{"href":"https:\/\/btmtelectric.com\/index.php\/wp-json\/wp\/v2\/types\/product"}],"replies":[{"embeddable":true,"href":"https:\/\/btmtelectric.com\/index.php\/wp-json\/wp\/v2\/comments?post=9101"}],"wp:featuredmedia":[{"embeddable":true,"href":"https:\/\/btmtelectric.com\/index.php\/wp-json\/wp\/v2\/media\/9102"}],"wp:attachment":[{"href":"https:\/\/btmtelectric.com\/index.php\/wp-json\/wp\/v2\/media?parent=9101"}],"wp:term":[{"taxonomy":"product_brand","embeddable":true,"href":"https:\/\/btmtelectric.com\/index.php\/wp-json\/wp\/v2\/product_brand?post=9101"},{"taxonomy":"product_cat","embeddable":true,"href":"https:\/\/btmtelectric.com\/index.php\/wp-json\/wp\/v2\/product_cat?post=9101"},{"taxonomy":"product_tag","embeddable":true,"href":"https:\/\/btmtelectric.com\/index.php\/wp-json\/wp\/v2\/product_tag?post=9101"}],"curies":[{"name":"wp","href":"https:\/\/api.w.org\/{rel}","templated":true}]}}