{"id":8903,"date":"2025-08-29T11:23:32","date_gmt":"2025-08-29T11:23:32","guid":{"rendered":"https:\/\/btmtelectric.com\/?post_type=product&#038;p=8903"},"modified":"2025-08-29T11:23:33","modified_gmt":"2025-08-29T11:23:33","slug":"coffret-dist-2x161x15-47m-p90-enc-quiterios","status":"publish","type":"product","link":"https:\/\/btmtelectric.com\/index.php\/product\/coffret-dist-2x161x15-47m-p90-enc-quiterios\/","title":{"rendered":"COFFRET DIST (2&#215;16+1X15) 47M P90 ENC &#8211; QUITERIOS"},"content":{"rendered":"<h2 data-start=\"80\" data-end=\"146\">Coffret \u00e9lectrique Safetymax (2\u00d716 + 1\u00d715) 47M P90 \u2013 Encastr\u00e9<\/h2>\n<p data-start=\"148\" data-end=\"493\">Le <strong data-start=\"151\" data-end=\"205\">coffret \u00e9lectrique Safetymax (2\u00d716 + 1\u00d715) 47M P90<\/strong> est con\u00e7u pour assurer la <strong data-start=\"232\" data-end=\"276\">distribution et la protection \u00e9lectrique<\/strong> dans les installations r\u00e9sidentielles, tertiaires ou industrielles. Avec une capacit\u00e9 totale de <strong data-start=\"373\" data-end=\"387\">47 modules<\/strong>, il offre une organisation optimale des circuits tout en garantissant s\u00e9curit\u00e9, fiabilit\u00e9 et long\u00e9vit\u00e9.<\/p>\n<h3 data-start=\"500\" data-end=\"537\">Caract\u00e9ristiques principales<\/h3>\n<ul data-start=\"538\" data-end=\"1068\">\n<li data-start=\"538\" data-end=\"581\">\n<p data-start=\"540\" data-end=\"581\"><strong data-start=\"540\" data-end=\"548\">Type<\/strong> : Coffret \u00e9lectrique modulaire<\/p>\n<\/li>\n<li data-start=\"582\" data-end=\"681\">\n<p data-start=\"584\" data-end=\"681\"><strong data-start=\"584\" data-end=\"596\">Capacit\u00e9<\/strong> : 2 rang\u00e9es de 16 modules + 1 rang\u00e9e de 15 modules \u2192 soit <strong data-start=\"655\" data-end=\"669\">47 modules<\/strong> au total.<\/p>\n<\/li>\n<li data-start=\"682\" data-end=\"763\">\n<p data-start=\"684\" data-end=\"763\"><strong data-start=\"684\" data-end=\"700\">Mode de pose<\/strong> : Encastr\u00e9 (int\u00e9gration discr\u00e8te dans le mur ou la cloison).<\/p>\n<\/li>\n<li data-start=\"764\" data-end=\"896\">\n<p data-start=\"766\" data-end=\"896\"><strong data-start=\"766\" data-end=\"790\">Indice de protection<\/strong> : IP54 \u2192 protection contre la poussi\u00e8re et les projections d\u2019eau, adapt\u00e9e aux environnements exigeants.<\/p>\n<\/li>\n<li data-start=\"897\" data-end=\"1068\">\n<p data-start=\"899\" data-end=\"916\"><strong data-start=\"899\" data-end=\"912\">Mat\u00e9riaux<\/strong> :<\/p>\n<ul data-start=\"919\" data-end=\"1068\">\n<li data-start=\"919\" data-end=\"976\">\n<p data-start=\"921\" data-end=\"976\"><strong data-start=\"921\" data-end=\"930\">Porte<\/strong> : aluminium robuste, esth\u00e9tique et moderne.<\/p>\n<\/li>\n<li data-start=\"979\" data-end=\"1068\">\n<p data-start=\"981\" data-end=\"1068\"><strong data-start=\"981\" data-end=\"994\">Enveloppe<\/strong> : plastique en polystyr\u00e8ne, assurant isolation et r\u00e9sistance m\u00e9canique.<\/p>\n<h3 data-start=\"1075\" data-end=\"1113\">Avantages du coffret Safetymax<\/h3>\n<ul data-start=\"1114\" data-end=\"1583\">\n<li data-start=\"1114\" data-end=\"1235\">\n<p data-start=\"1116\" data-end=\"1235\">Grande capacit\u00e9 (<strong data-start=\"1133\" data-end=\"1147\">47 modules<\/strong>) \u2192 id\u00e9al pour accueillir un grand nombre de disjoncteurs et appareillages modulaires.<\/p>\n<\/li>\n<li data-start=\"1236\" data-end=\"1303\">\n<p data-start=\"1238\" data-end=\"1303\"><strong data-start=\"1238\" data-end=\"1256\">Pose encastr\u00e9e<\/strong> pour une int\u00e9gration esth\u00e9tique et discr\u00e8te.<\/p>\n<\/li>\n<li data-start=\"1304\" data-end=\"1393\">\n<p data-start=\"1306\" data-end=\"1393\"><strong data-start=\"1306\" data-end=\"1321\">Indice IP54<\/strong> garantissant une protection fiable contre l\u2019humidit\u00e9 et la poussi\u00e8re.<\/p>\n<\/li>\n<li data-start=\"1394\" data-end=\"1497\">\n<p data-start=\"1396\" data-end=\"1497\">Combinaison de mat\u00e9riaux de qualit\u00e9 (aluminium + polystyr\u00e8ne) \u2192 robustesse, s\u00e9curit\u00e9 et durabilit\u00e9.<\/p>\n<\/li>\n<li data-start=\"1498\" data-end=\"1583\">\n<p data-start=\"1500\" data-end=\"1583\">Convient aussi bien aux <strong data-start=\"1524\" data-end=\"1551\">nouvelles installations<\/strong> qu\u2019aux projets de r\u00e9novation.<\/p>\n<\/li>\n<\/ul>\n<\/li>\n<\/ul>\n<\/li>\n<\/ul>\n","protected":false},"excerpt":{"rendered":"<p>Coffret \u00e9lectrique Safetymax (2\u00d716 + 1\u00d715) 47M P90 \u2013 Encastr\u00e9 Le coffret \u00e9lectrique Safetymax (2\u00d716 + 1\u00d715) 47M P90 est con\u00e7u pour assurer la distribution et la protection \u00e9lectrique dans<\/p>\n","protected":false},"featured_media":8904,"comment_status":"open","ping_status":"closed","template":"","meta":{"_acf_changed":false,"content-type":""},"product_brand":[],"product_cat":[366],"product_tag":[],"class_list":{"0":"post-8903","1":"product","2":"type-product","3":"status-publish","4":"has-post-thumbnail","6":"product_cat-coffrets","8":"first","9":"instock","10":"shipping-taxable","11":"purchasable","12":"product-type-simple"},"acf":[],"yoast_head":"<!-- This site is optimized with the Yoast SEO plugin v27.3 - https:\/\/yoast.com\/product\/yoast-seo-wordpress\/ -->\n<title>COFFRET DIST (2x16+1X15) 47M P90 ENC - QUITERIOS - BTMT ELECTRIC \u2013 Solutions \u00c9lectriques Fiables et Innovantes<\/title>\n<meta name=\"robots\" content=\"index, follow, max-snippet:-1, max-image-preview:large, max-video-preview:-1\" \/>\n<link rel=\"canonical\" href=\"https:\/\/btmtelectric.com\/index.php\/product\/coffret-dist-2x161x15-47m-p90-enc-quiterios\/\" \/>\n<meta property=\"og:locale\" content=\"fr_FR\" \/>\n<meta property=\"og:type\" content=\"article\" \/>\n<meta property=\"og:title\" content=\"COFFRET DIST (2x16+1X15) 47M P90 ENC - QUITERIOS - BTMT ELECTRIC \u2013 Solutions \u00c9lectriques Fiables et Innovantes\" \/>\n<meta property=\"og:description\" content=\"Coffret \u00e9lectrique Safetymax (2\u00d716 + 1\u00d715) 47M P90 \u2013 Encastr\u00e9 Le coffret \u00e9lectrique Safetymax (2\u00d716 + 1\u00d715) 47M P90 est con\u00e7u pour assurer la distribution et la protection \u00e9lectrique dans\" \/>\n<meta property=\"og:url\" content=\"https:\/\/btmtelectric.com\/index.php\/product\/coffret-dist-2x161x15-47m-p90-enc-quiterios\/\" \/>\n<meta property=\"og:site_name\" content=\"BTMT ELECTRIC \u2013 Solutions \u00c9lectriques Fiables et Innovantes\" \/>\n<meta property=\"article:publisher\" content=\"https:\/\/www.facebook.com\/profile.php?id=61578000361796\" \/>\n<meta property=\"article:modified_time\" content=\"2025-08-29T11:23:33+00:00\" \/>\n<meta property=\"og:image\" content=\"https:\/\/btmtelectric.com\/wp-content\/uploads\/2025\/08\/COFFRET-DIST-2x161X15-47M-P90-ENC-QUITERIOS.png\" \/>\n\t<meta property=\"og:image:width\" content=\"700\" \/>\n\t<meta property=\"og:image:height\" content=\"700\" \/>\n\t<meta property=\"og:image:type\" content=\"image\/png\" \/>\n<meta name=\"twitter:card\" content=\"summary_large_image\" \/>\n<meta name=\"twitter:label1\" content=\"Dur\u00e9e de lecture estim\u00e9e\" \/>\n\t<meta name=\"twitter:data1\" content=\"1 minute\" \/>\n<script type=\"application\/ld+json\" class=\"yoast-schema-graph\">{\"@context\":\"https:\\\/\\\/schema.org\",\"@graph\":[{\"@type\":\"WebPage\",\"@id\":\"https:\\\/\\\/btmtelectric.com\\\/index.php\\\/product\\\/coffret-dist-2x161x15-47m-p90-enc-quiterios\\\/\",\"url\":\"https:\\\/\\\/btmtelectric.com\\\/index.php\\\/product\\\/coffret-dist-2x161x15-47m-p90-enc-quiterios\\\/\",\"name\":\"COFFRET DIST (2x16+1X15) 47M P90 ENC - QUITERIOS - BTMT ELECTRIC \u2013 Solutions \u00c9lectriques Fiables et Innovantes\",\"isPartOf\":{\"@id\":\"https:\\\/\\\/btmtelectric.com\\\/#website\"},\"primaryImageOfPage\":{\"@id\":\"https:\\\/\\\/btmtelectric.com\\\/index.php\\\/product\\\/coffret-dist-2x161x15-47m-p90-enc-quiterios\\\/#primaryimage\"},\"image\":{\"@id\":\"https:\\\/\\\/btmtelectric.com\\\/index.php\\\/product\\\/coffret-dist-2x161x15-47m-p90-enc-quiterios\\\/#primaryimage\"},\"thumbnailUrl\":\"https:\\\/\\\/btmtelectric.com\\\/wp-content\\\/uploads\\\/2025\\\/08\\\/COFFRET-DIST-2x161X15-47M-P90-ENC-QUITERIOS.png\",\"datePublished\":\"2025-08-29T11:23:32+00:00\",\"dateModified\":\"2025-08-29T11:23:33+00:00\",\"breadcrumb\":{\"@id\":\"https:\\\/\\\/btmtelectric.com\\\/index.php\\\/product\\\/coffret-dist-2x161x15-47m-p90-enc-quiterios\\\/#breadcrumb\"},\"inLanguage\":\"fr-FR\",\"potentialAction\":[{\"@type\":\"ReadAction\",\"target\":[\"https:\\\/\\\/btmtelectric.com\\\/index.php\\\/product\\\/coffret-dist-2x161x15-47m-p90-enc-quiterios\\\/\"]}]},{\"@type\":\"ImageObject\",\"inLanguage\":\"fr-FR\",\"@id\":\"https:\\\/\\\/btmtelectric.com\\\/index.php\\\/product\\\/coffret-dist-2x161x15-47m-p90-enc-quiterios\\\/#primaryimage\",\"url\":\"https:\\\/\\\/btmtelectric.com\\\/wp-content\\\/uploads\\\/2025\\\/08\\\/COFFRET-DIST-2x161X15-47M-P90-ENC-QUITERIOS.png\",\"contentUrl\":\"https:\\\/\\\/btmtelectric.com\\\/wp-content\\\/uploads\\\/2025\\\/08\\\/COFFRET-DIST-2x161X15-47M-P90-ENC-QUITERIOS.png\",\"width\":700,\"height\":700},{\"@type\":\"BreadcrumbList\",\"@id\":\"https:\\\/\\\/btmtelectric.com\\\/index.php\\\/product\\\/coffret-dist-2x161x15-47m-p90-enc-quiterios\\\/#breadcrumb\",\"itemListElement\":[{\"@type\":\"ListItem\",\"position\":1,\"name\":\"Accueil\",\"item\":\"https:\\\/\\\/btmtelectric.com\\\/\"},{\"@type\":\"ListItem\",\"position\":2,\"name\":\"Boutique\",\"item\":\"https:\\\/\\\/btmtelectric.com\\\/index.php\\\/boutique\\\/\"},{\"@type\":\"ListItem\",\"position\":3,\"name\":\"COFFRET DIST (2&#215;16+1X15) 47M P90 ENC &#8211; QUITERIOS\"}]},{\"@type\":\"WebSite\",\"@id\":\"https:\\\/\\\/btmtelectric.com\\\/#website\",\"url\":\"https:\\\/\\\/btmtelectric.com\\\/\",\"name\":\"BTMT ELECTRIC \u2013 Solutions \u00c9lectriques Fiables et Innovantes\",\"description\":\"\",\"publisher\":{\"@id\":\"https:\\\/\\\/btmtelectric.com\\\/#organization\"},\"potentialAction\":[{\"@type\":\"SearchAction\",\"target\":{\"@type\":\"EntryPoint\",\"urlTemplate\":\"https:\\\/\\\/btmtelectric.com\\\/?s={search_term_string}\"},\"query-input\":{\"@type\":\"PropertyValueSpecification\",\"valueRequired\":true,\"valueName\":\"search_term_string\"}}],\"inLanguage\":\"fr-FR\"},{\"@type\":\"Organization\",\"@id\":\"https:\\\/\\\/btmtelectric.com\\\/#organization\",\"name\":\"BTMT ELECTRIC \u2013 Solutions \u00c9lectriques Fiables et Innovantes\",\"url\":\"https:\\\/\\\/btmtelectric.com\\\/\",\"logo\":{\"@type\":\"ImageObject\",\"inLanguage\":\"fr-FR\",\"@id\":\"https:\\\/\\\/btmtelectric.com\\\/#\\\/schema\\\/logo\\\/image\\\/\",\"url\":\"https:\\\/\\\/btmtelectric.com\\\/wp-content\\\/uploads\\\/2025\\\/07\\\/WhatsApp_Image_2025-07-09_at_11.45.18_AM-removebg-preview-1.png\",\"contentUrl\":\"https:\\\/\\\/btmtelectric.com\\\/wp-content\\\/uploads\\\/2025\\\/07\\\/WhatsApp_Image_2025-07-09_at_11.45.18_AM-removebg-preview-1.png\",\"width\":175,\"height\":42,\"caption\":\"BTMT ELECTRIC \u2013 Solutions \u00c9lectriques Fiables et Innovantes\"},\"image\":{\"@id\":\"https:\\\/\\\/btmtelectric.com\\\/#\\\/schema\\\/logo\\\/image\\\/\"},\"sameAs\":[\"https:\\\/\\\/www.facebook.com\\\/profile.php?id=61578000361796\",\"https:\\\/\\\/www.instagram.com\\\/btmtelectric\\\/\"]}]}<\/script>\n<!-- \/ Yoast SEO plugin. -->","yoast_head_json":{"title":"COFFRET DIST (2x16+1X15) 47M P90 ENC - QUITERIOS - BTMT ELECTRIC \u2013 Solutions \u00c9lectriques Fiables et Innovantes","robots":{"index":"index","follow":"follow","max-snippet":"max-snippet:-1","max-image-preview":"max-image-preview:large","max-video-preview":"max-video-preview:-1"},"canonical":"https:\/\/btmtelectric.com\/index.php\/product\/coffret-dist-2x161x15-47m-p90-enc-quiterios\/","og_locale":"fr_FR","og_type":"article","og_title":"COFFRET DIST (2x16+1X15) 47M P90 ENC - QUITERIOS - BTMT ELECTRIC \u2013 Solutions \u00c9lectriques Fiables et Innovantes","og_description":"Coffret \u00e9lectrique Safetymax (2\u00d716 + 1\u00d715) 47M P90 \u2013 Encastr\u00e9 Le coffret \u00e9lectrique Safetymax (2\u00d716 + 1\u00d715) 47M P90 est con\u00e7u pour assurer la distribution et la protection \u00e9lectrique dans","og_url":"https:\/\/btmtelectric.com\/index.php\/product\/coffret-dist-2x161x15-47m-p90-enc-quiterios\/","og_site_name":"BTMT ELECTRIC \u2013 Solutions \u00c9lectriques Fiables et Innovantes","article_publisher":"https:\/\/www.facebook.com\/profile.php?id=61578000361796","article_modified_time":"2025-08-29T11:23:33+00:00","og_image":[{"width":700,"height":700,"url":"https:\/\/btmtelectric.com\/wp-content\/uploads\/2025\/08\/COFFRET-DIST-2x161X15-47M-P90-ENC-QUITERIOS.png","type":"image\/png"}],"twitter_card":"summary_large_image","twitter_misc":{"Dur\u00e9e de lecture estim\u00e9e":"1 minute"},"schema":{"@context":"https:\/\/schema.org","@graph":[{"@type":"WebPage","@id":"https:\/\/btmtelectric.com\/index.php\/product\/coffret-dist-2x161x15-47m-p90-enc-quiterios\/","url":"https:\/\/btmtelectric.com\/index.php\/product\/coffret-dist-2x161x15-47m-p90-enc-quiterios\/","name":"COFFRET DIST (2x16+1X15) 47M P90 ENC - QUITERIOS - BTMT ELECTRIC \u2013 Solutions \u00c9lectriques Fiables et Innovantes","isPartOf":{"@id":"https:\/\/btmtelectric.com\/#website"},"primaryImageOfPage":{"@id":"https:\/\/btmtelectric.com\/index.php\/product\/coffret-dist-2x161x15-47m-p90-enc-quiterios\/#primaryimage"},"image":{"@id":"https:\/\/btmtelectric.com\/index.php\/product\/coffret-dist-2x161x15-47m-p90-enc-quiterios\/#primaryimage"},"thumbnailUrl":"https:\/\/btmtelectric.com\/wp-content\/uploads\/2025\/08\/COFFRET-DIST-2x161X15-47M-P90-ENC-QUITERIOS.png","datePublished":"2025-08-29T11:23:32+00:00","dateModified":"2025-08-29T11:23:33+00:00","breadcrumb":{"@id":"https:\/\/btmtelectric.com\/index.php\/product\/coffret-dist-2x161x15-47m-p90-enc-quiterios\/#breadcrumb"},"inLanguage":"fr-FR","potentialAction":[{"@type":"ReadAction","target":["https:\/\/btmtelectric.com\/index.php\/product\/coffret-dist-2x161x15-47m-p90-enc-quiterios\/"]}]},{"@type":"ImageObject","inLanguage":"fr-FR","@id":"https:\/\/btmtelectric.com\/index.php\/product\/coffret-dist-2x161x15-47m-p90-enc-quiterios\/#primaryimage","url":"https:\/\/btmtelectric.com\/wp-content\/uploads\/2025\/08\/COFFRET-DIST-2x161X15-47M-P90-ENC-QUITERIOS.png","contentUrl":"https:\/\/btmtelectric.com\/wp-content\/uploads\/2025\/08\/COFFRET-DIST-2x161X15-47M-P90-ENC-QUITERIOS.png","width":700,"height":700},{"@type":"BreadcrumbList","@id":"https:\/\/btmtelectric.com\/index.php\/product\/coffret-dist-2x161x15-47m-p90-enc-quiterios\/#breadcrumb","itemListElement":[{"@type":"ListItem","position":1,"name":"Accueil","item":"https:\/\/btmtelectric.com\/"},{"@type":"ListItem","position":2,"name":"Boutique","item":"https:\/\/btmtelectric.com\/index.php\/boutique\/"},{"@type":"ListItem","position":3,"name":"COFFRET DIST (2&#215;16+1X15) 47M P90 ENC &#8211; QUITERIOS"}]},{"@type":"WebSite","@id":"https:\/\/btmtelectric.com\/#website","url":"https:\/\/btmtelectric.com\/","name":"BTMT ELECTRIC \u2013 Solutions \u00c9lectriques Fiables et Innovantes","description":"","publisher":{"@id":"https:\/\/btmtelectric.com\/#organization"},"potentialAction":[{"@type":"SearchAction","target":{"@type":"EntryPoint","urlTemplate":"https:\/\/btmtelectric.com\/?s={search_term_string}"},"query-input":{"@type":"PropertyValueSpecification","valueRequired":true,"valueName":"search_term_string"}}],"inLanguage":"fr-FR"},{"@type":"Organization","@id":"https:\/\/btmtelectric.com\/#organization","name":"BTMT ELECTRIC \u2013 Solutions \u00c9lectriques Fiables et Innovantes","url":"https:\/\/btmtelectric.com\/","logo":{"@type":"ImageObject","inLanguage":"fr-FR","@id":"https:\/\/btmtelectric.com\/#\/schema\/logo\/image\/","url":"https:\/\/btmtelectric.com\/wp-content\/uploads\/2025\/07\/WhatsApp_Image_2025-07-09_at_11.45.18_AM-removebg-preview-1.png","contentUrl":"https:\/\/btmtelectric.com\/wp-content\/uploads\/2025\/07\/WhatsApp_Image_2025-07-09_at_11.45.18_AM-removebg-preview-1.png","width":175,"height":42,"caption":"BTMT ELECTRIC \u2013 Solutions \u00c9lectriques Fiables et Innovantes"},"image":{"@id":"https:\/\/btmtelectric.com\/#\/schema\/logo\/image\/"},"sameAs":["https:\/\/www.facebook.com\/profile.php?id=61578000361796","https:\/\/www.instagram.com\/btmtelectric\/"]}]}},"_links":{"self":[{"href":"https:\/\/btmtelectric.com\/index.php\/wp-json\/wp\/v2\/product\/8903","targetHints":{"allow":["GET"]}}],"collection":[{"href":"https:\/\/btmtelectric.com\/index.php\/wp-json\/wp\/v2\/product"}],"about":[{"href":"https:\/\/btmtelectric.com\/index.php\/wp-json\/wp\/v2\/types\/product"}],"replies":[{"embeddable":true,"href":"https:\/\/btmtelectric.com\/index.php\/wp-json\/wp\/v2\/comments?post=8903"}],"wp:featuredmedia":[{"embeddable":true,"href":"https:\/\/btmtelectric.com\/index.php\/wp-json\/wp\/v2\/media\/8904"}],"wp:attachment":[{"href":"https:\/\/btmtelectric.com\/index.php\/wp-json\/wp\/v2\/media?parent=8903"}],"wp:term":[{"taxonomy":"product_brand","embeddable":true,"href":"https:\/\/btmtelectric.com\/index.php\/wp-json\/wp\/v2\/product_brand?post=8903"},{"taxonomy":"product_cat","embeddable":true,"href":"https:\/\/btmtelectric.com\/index.php\/wp-json\/wp\/v2\/product_cat?post=8903"},{"taxonomy":"product_tag","embeddable":true,"href":"https:\/\/btmtelectric.com\/index.php\/wp-json\/wp\/v2\/product_tag?post=8903"}],"curies":[{"name":"wp","href":"https:\/\/api.w.org\/{rel}","templated":true}]}}