{"id":8898,"date":"2025-08-29T11:03:56","date_gmt":"2025-08-29T11:03:56","guid":{"rendered":"https:\/\/btmtelectric.com\/?post_type=product&#038;p=8898"},"modified":"2025-08-29T11:03:56","modified_gmt":"2025-08-29T11:03:56","slug":"coffret-mondego-1x8-8m-ip65-app-quiterios","status":"publish","type":"product","link":"https:\/\/btmtelectric.com\/index.php\/product\/coffret-mondego-1x8-8m-ip65-app-quiterios\/","title":{"rendered":"COFFRET MONDEGO (1&#215;8) 8M IP65 APP &#8211; QUITERIOS"},"content":{"rendered":"<h2 data-start=\"85\" data-end=\"143\">Coffret \u00e9lectrique Mondego (1\u00d78) 8M \u2013 IP65 \u2013 Apparent<\/h2>\n<p data-start=\"145\" data-end=\"504\">Le <strong data-start=\"148\" data-end=\"187\">coffret \u00e9lectrique Mondego (1\u00d78) 8M<\/strong> est con\u00e7u pour offrir une protection optimale et durable aux \u00e9quipements \u00e9lectriques install\u00e9s en ext\u00e9rieur. Gr\u00e2ce \u00e0 sa mati\u00e8re en <strong data-start=\"319\" data-end=\"359\">ASA (Acrylonitrile Styr\u00e8ne Acrylate)<\/strong>, il r\u00e9siste parfaitement aux <strong data-start=\"389\" data-end=\"402\">rayons UV<\/strong> et aux intemp\u00e9ries, garantissant une long\u00e9vit\u00e9 exceptionnelle m\u00eame dans des environnements expos\u00e9s.<\/p>\n<h3 data-start=\"511\" data-end=\"548\">Caract\u00e9ristiques principales<\/h3>\n<ul data-start=\"549\" data-end=\"936\">\n<li data-start=\"549\" data-end=\"592\">\n<p data-start=\"551\" data-end=\"592\"><strong data-start=\"551\" data-end=\"559\">Type<\/strong> : Coffret \u00e9lectrique modulaire<\/p>\n<\/li>\n<li data-start=\"593\" data-end=\"638\">\n<p data-start=\"595\" data-end=\"638\"><strong data-start=\"595\" data-end=\"607\">Capacit\u00e9<\/strong> : 1 rang\u00e9e de 8 modules (8M)<\/p>\n<\/li>\n<li data-start=\"639\" data-end=\"718\">\n<p data-start=\"641\" data-end=\"718\"><strong data-start=\"641\" data-end=\"657\">Mode de pose<\/strong> : Apparent (fixation murale, simple et rapide \u00e0 installer)<\/p>\n<\/li>\n<li data-start=\"719\" data-end=\"836\">\n<p data-start=\"721\" data-end=\"836\"><strong data-start=\"721\" data-end=\"745\">Indice de protection<\/strong> : IP65 \u2192 \u00e9tanch\u00e9it\u00e9 totale \u00e0 la poussi\u00e8re et protection contre les jets d\u2019eau puissants.<\/p>\n<\/li>\n<li data-start=\"837\" data-end=\"936\">\n<p data-start=\"839\" data-end=\"936\"><strong data-start=\"839\" data-end=\"851\">Mat\u00e9riau<\/strong> : <strong data-start=\"854\" data-end=\"861\">ASA<\/strong>, offrant une r\u00e9sistance sup\u00e9rieure aux conditions ext\u00e9rieures et aux UV.<\/p>\n<h3 data-start=\"943\" data-end=\"979\">Avantages du coffret Mondego<\/h3>\n<ul data-start=\"980\" data-end=\"1445\">\n<li data-start=\"980\" data-end=\"1086\">\n<p data-start=\"982\" data-end=\"1086\">Protection <strong data-start=\"993\" data-end=\"1001\">IP65<\/strong>, id\u00e9ale pour les applications ext\u00e9rieures expos\u00e9es \u00e0 l\u2019humidit\u00e9 et \u00e0 la poussi\u00e8re.<\/p>\n<\/li>\n<li data-start=\"1087\" data-end=\"1180\">\n<p data-start=\"1089\" data-end=\"1180\"><strong data-start=\"1089\" data-end=\"1109\">R\u00e9sistant aux UV<\/strong>, ne jaunit pas et conserve ses propri\u00e9t\u00e9s m\u00e9caniques face au soleil.<\/p>\n<\/li>\n<li data-start=\"1181\" data-end=\"1272\">\n<p data-start=\"1183\" data-end=\"1272\">Capacit\u00e9 de 8 modules, parfait pour les petites installations \u00e9lectriques en ext\u00e9rieur.<\/p>\n<\/li>\n<li data-start=\"1273\" data-end=\"1350\">\n<p data-start=\"1275\" data-end=\"1350\">Pose en <strong data-start=\"1283\" data-end=\"1295\">apparent<\/strong> : installation rapide et pratique sans encastrement.<\/p>\n<\/li>\n<li data-start=\"1351\" data-end=\"1445\">\n<p data-start=\"1353\" data-end=\"1445\">Convient aux environnements r\u00e9sidentiels, tertiaires, industriels et aux zones techniques.<\/p>\n<\/li>\n<\/ul>\n<\/li>\n<\/ul>\n","protected":false},"excerpt":{"rendered":"<p>Coffret \u00e9lectrique Mondego (1\u00d78) 8M \u2013 IP65 \u2013 Apparent Le coffret \u00e9lectrique Mondego (1\u00d78) 8M est con\u00e7u pour offrir une protection optimale et durable aux \u00e9quipements \u00e9lectriques install\u00e9s en ext\u00e9rieur.<\/p>\n","protected":false},"featured_media":8899,"comment_status":"open","ping_status":"closed","template":"","meta":{"_acf_changed":false,"content-type":""},"product_brand":[],"product_cat":[366],"product_tag":[],"class_list":{"0":"post-8898","1":"product","2":"type-product","3":"status-publish","4":"has-post-thumbnail","6":"product_cat-coffrets","8":"first","9":"instock","10":"shipping-taxable","11":"purchasable","12":"product-type-simple"},"acf":[],"yoast_head":"<!-- This site is optimized with the Yoast SEO plugin v27.3 - https:\/\/yoast.com\/product\/yoast-seo-wordpress\/ -->\n<title>COFFRET MONDEGO (1x8) 8M IP65 APP - QUITERIOS - BTMT ELECTRIC \u2013 Solutions \u00c9lectriques Fiables et Innovantes<\/title>\n<meta name=\"robots\" content=\"index, follow, max-snippet:-1, max-image-preview:large, max-video-preview:-1\" \/>\n<link rel=\"canonical\" href=\"https:\/\/btmtelectric.com\/index.php\/product\/coffret-mondego-1x8-8m-ip65-app-quiterios\/\" \/>\n<meta property=\"og:locale\" content=\"fr_FR\" \/>\n<meta property=\"og:type\" content=\"article\" \/>\n<meta property=\"og:title\" content=\"COFFRET MONDEGO (1x8) 8M IP65 APP - QUITERIOS - BTMT ELECTRIC \u2013 Solutions \u00c9lectriques Fiables et Innovantes\" \/>\n<meta property=\"og:description\" content=\"Coffret \u00e9lectrique Mondego (1\u00d78) 8M \u2013 IP65 \u2013 Apparent Le coffret \u00e9lectrique Mondego (1\u00d78) 8M est con\u00e7u pour offrir une protection optimale et durable aux \u00e9quipements \u00e9lectriques install\u00e9s en ext\u00e9rieur.\" \/>\n<meta property=\"og:url\" content=\"https:\/\/btmtelectric.com\/index.php\/product\/coffret-mondego-1x8-8m-ip65-app-quiterios\/\" \/>\n<meta property=\"og:site_name\" content=\"BTMT ELECTRIC \u2013 Solutions \u00c9lectriques Fiables et Innovantes\" \/>\n<meta property=\"article:publisher\" content=\"https:\/\/www.facebook.com\/profile.php?id=61578000361796\" \/>\n<meta property=\"og:image\" content=\"https:\/\/btmtelectric.com\/wp-content\/uploads\/2025\/08\/COFFRET-MONDEGO-1x8-8M-IP65-APP-QUITERIOS.png\" \/>\n\t<meta property=\"og:image:width\" content=\"700\" \/>\n\t<meta property=\"og:image:height\" content=\"700\" \/>\n\t<meta property=\"og:image:type\" content=\"image\/png\" \/>\n<meta name=\"twitter:card\" content=\"summary_large_image\" \/>\n<meta name=\"twitter:label1\" content=\"Dur\u00e9e de lecture estim\u00e9e\" \/>\n\t<meta name=\"twitter:data1\" content=\"1 minute\" \/>\n<script type=\"application\/ld+json\" class=\"yoast-schema-graph\">{\"@context\":\"https:\\\/\\\/schema.org\",\"@graph\":[{\"@type\":\"WebPage\",\"@id\":\"https:\\\/\\\/btmtelectric.com\\\/index.php\\\/product\\\/coffret-mondego-1x8-8m-ip65-app-quiterios\\\/\",\"url\":\"https:\\\/\\\/btmtelectric.com\\\/index.php\\\/product\\\/coffret-mondego-1x8-8m-ip65-app-quiterios\\\/\",\"name\":\"COFFRET MONDEGO (1x8) 8M IP65 APP - QUITERIOS - BTMT ELECTRIC \u2013 Solutions \u00c9lectriques Fiables et Innovantes\",\"isPartOf\":{\"@id\":\"https:\\\/\\\/btmtelectric.com\\\/#website\"},\"primaryImageOfPage\":{\"@id\":\"https:\\\/\\\/btmtelectric.com\\\/index.php\\\/product\\\/coffret-mondego-1x8-8m-ip65-app-quiterios\\\/#primaryimage\"},\"image\":{\"@id\":\"https:\\\/\\\/btmtelectric.com\\\/index.php\\\/product\\\/coffret-mondego-1x8-8m-ip65-app-quiterios\\\/#primaryimage\"},\"thumbnailUrl\":\"https:\\\/\\\/btmtelectric.com\\\/wp-content\\\/uploads\\\/2025\\\/08\\\/COFFRET-MONDEGO-1x8-8M-IP65-APP-QUITERIOS.png\",\"datePublished\":\"2025-08-29T11:03:56+00:00\",\"breadcrumb\":{\"@id\":\"https:\\\/\\\/btmtelectric.com\\\/index.php\\\/product\\\/coffret-mondego-1x8-8m-ip65-app-quiterios\\\/#breadcrumb\"},\"inLanguage\":\"fr-FR\",\"potentialAction\":[{\"@type\":\"ReadAction\",\"target\":[\"https:\\\/\\\/btmtelectric.com\\\/index.php\\\/product\\\/coffret-mondego-1x8-8m-ip65-app-quiterios\\\/\"]}]},{\"@type\":\"ImageObject\",\"inLanguage\":\"fr-FR\",\"@id\":\"https:\\\/\\\/btmtelectric.com\\\/index.php\\\/product\\\/coffret-mondego-1x8-8m-ip65-app-quiterios\\\/#primaryimage\",\"url\":\"https:\\\/\\\/btmtelectric.com\\\/wp-content\\\/uploads\\\/2025\\\/08\\\/COFFRET-MONDEGO-1x8-8M-IP65-APP-QUITERIOS.png\",\"contentUrl\":\"https:\\\/\\\/btmtelectric.com\\\/wp-content\\\/uploads\\\/2025\\\/08\\\/COFFRET-MONDEGO-1x8-8M-IP65-APP-QUITERIOS.png\",\"width\":700,\"height\":700},{\"@type\":\"BreadcrumbList\",\"@id\":\"https:\\\/\\\/btmtelectric.com\\\/index.php\\\/product\\\/coffret-mondego-1x8-8m-ip65-app-quiterios\\\/#breadcrumb\",\"itemListElement\":[{\"@type\":\"ListItem\",\"position\":1,\"name\":\"Accueil\",\"item\":\"https:\\\/\\\/btmtelectric.com\\\/\"},{\"@type\":\"ListItem\",\"position\":2,\"name\":\"Boutique\",\"item\":\"https:\\\/\\\/btmtelectric.com\\\/index.php\\\/boutique\\\/\"},{\"@type\":\"ListItem\",\"position\":3,\"name\":\"COFFRET MONDEGO (1&#215;8) 8M IP65 APP &#8211; QUITERIOS\"}]},{\"@type\":\"WebSite\",\"@id\":\"https:\\\/\\\/btmtelectric.com\\\/#website\",\"url\":\"https:\\\/\\\/btmtelectric.com\\\/\",\"name\":\"BTMT ELECTRIC \u2013 Solutions \u00c9lectriques Fiables et Innovantes\",\"description\":\"\",\"publisher\":{\"@id\":\"https:\\\/\\\/btmtelectric.com\\\/#organization\"},\"potentialAction\":[{\"@type\":\"SearchAction\",\"target\":{\"@type\":\"EntryPoint\",\"urlTemplate\":\"https:\\\/\\\/btmtelectric.com\\\/?s={search_term_string}\"},\"query-input\":{\"@type\":\"PropertyValueSpecification\",\"valueRequired\":true,\"valueName\":\"search_term_string\"}}],\"inLanguage\":\"fr-FR\"},{\"@type\":\"Organization\",\"@id\":\"https:\\\/\\\/btmtelectric.com\\\/#organization\",\"name\":\"BTMT ELECTRIC \u2013 Solutions \u00c9lectriques Fiables et Innovantes\",\"url\":\"https:\\\/\\\/btmtelectric.com\\\/\",\"logo\":{\"@type\":\"ImageObject\",\"inLanguage\":\"fr-FR\",\"@id\":\"https:\\\/\\\/btmtelectric.com\\\/#\\\/schema\\\/logo\\\/image\\\/\",\"url\":\"https:\\\/\\\/btmtelectric.com\\\/wp-content\\\/uploads\\\/2025\\\/07\\\/WhatsApp_Image_2025-07-09_at_11.45.18_AM-removebg-preview-1.png\",\"contentUrl\":\"https:\\\/\\\/btmtelectric.com\\\/wp-content\\\/uploads\\\/2025\\\/07\\\/WhatsApp_Image_2025-07-09_at_11.45.18_AM-removebg-preview-1.png\",\"width\":175,\"height\":42,\"caption\":\"BTMT ELECTRIC \u2013 Solutions \u00c9lectriques Fiables et Innovantes\"},\"image\":{\"@id\":\"https:\\\/\\\/btmtelectric.com\\\/#\\\/schema\\\/logo\\\/image\\\/\"},\"sameAs\":[\"https:\\\/\\\/www.facebook.com\\\/profile.php?id=61578000361796\",\"https:\\\/\\\/www.instagram.com\\\/btmtelectric\\\/\"]}]}<\/script>\n<!-- \/ Yoast SEO plugin. -->","yoast_head_json":{"title":"COFFRET MONDEGO (1x8) 8M IP65 APP - QUITERIOS - BTMT ELECTRIC \u2013 Solutions \u00c9lectriques Fiables et Innovantes","robots":{"index":"index","follow":"follow","max-snippet":"max-snippet:-1","max-image-preview":"max-image-preview:large","max-video-preview":"max-video-preview:-1"},"canonical":"https:\/\/btmtelectric.com\/index.php\/product\/coffret-mondego-1x8-8m-ip65-app-quiterios\/","og_locale":"fr_FR","og_type":"article","og_title":"COFFRET MONDEGO (1x8) 8M IP65 APP - QUITERIOS - BTMT ELECTRIC \u2013 Solutions \u00c9lectriques Fiables et Innovantes","og_description":"Coffret \u00e9lectrique Mondego (1\u00d78) 8M \u2013 IP65 \u2013 Apparent Le coffret \u00e9lectrique Mondego (1\u00d78) 8M est con\u00e7u pour offrir une protection optimale et durable aux \u00e9quipements \u00e9lectriques install\u00e9s en ext\u00e9rieur.","og_url":"https:\/\/btmtelectric.com\/index.php\/product\/coffret-mondego-1x8-8m-ip65-app-quiterios\/","og_site_name":"BTMT ELECTRIC \u2013 Solutions \u00c9lectriques Fiables et Innovantes","article_publisher":"https:\/\/www.facebook.com\/profile.php?id=61578000361796","og_image":[{"width":700,"height":700,"url":"https:\/\/btmtelectric.com\/wp-content\/uploads\/2025\/08\/COFFRET-MONDEGO-1x8-8M-IP65-APP-QUITERIOS.png","type":"image\/png"}],"twitter_card":"summary_large_image","twitter_misc":{"Dur\u00e9e de lecture estim\u00e9e":"1 minute"},"schema":{"@context":"https:\/\/schema.org","@graph":[{"@type":"WebPage","@id":"https:\/\/btmtelectric.com\/index.php\/product\/coffret-mondego-1x8-8m-ip65-app-quiterios\/","url":"https:\/\/btmtelectric.com\/index.php\/product\/coffret-mondego-1x8-8m-ip65-app-quiterios\/","name":"COFFRET MONDEGO (1x8) 8M IP65 APP - QUITERIOS - BTMT ELECTRIC \u2013 Solutions \u00c9lectriques Fiables et Innovantes","isPartOf":{"@id":"https:\/\/btmtelectric.com\/#website"},"primaryImageOfPage":{"@id":"https:\/\/btmtelectric.com\/index.php\/product\/coffret-mondego-1x8-8m-ip65-app-quiterios\/#primaryimage"},"image":{"@id":"https:\/\/btmtelectric.com\/index.php\/product\/coffret-mondego-1x8-8m-ip65-app-quiterios\/#primaryimage"},"thumbnailUrl":"https:\/\/btmtelectric.com\/wp-content\/uploads\/2025\/08\/COFFRET-MONDEGO-1x8-8M-IP65-APP-QUITERIOS.png","datePublished":"2025-08-29T11:03:56+00:00","breadcrumb":{"@id":"https:\/\/btmtelectric.com\/index.php\/product\/coffret-mondego-1x8-8m-ip65-app-quiterios\/#breadcrumb"},"inLanguage":"fr-FR","potentialAction":[{"@type":"ReadAction","target":["https:\/\/btmtelectric.com\/index.php\/product\/coffret-mondego-1x8-8m-ip65-app-quiterios\/"]}]},{"@type":"ImageObject","inLanguage":"fr-FR","@id":"https:\/\/btmtelectric.com\/index.php\/product\/coffret-mondego-1x8-8m-ip65-app-quiterios\/#primaryimage","url":"https:\/\/btmtelectric.com\/wp-content\/uploads\/2025\/08\/COFFRET-MONDEGO-1x8-8M-IP65-APP-QUITERIOS.png","contentUrl":"https:\/\/btmtelectric.com\/wp-content\/uploads\/2025\/08\/COFFRET-MONDEGO-1x8-8M-IP65-APP-QUITERIOS.png","width":700,"height":700},{"@type":"BreadcrumbList","@id":"https:\/\/btmtelectric.com\/index.php\/product\/coffret-mondego-1x8-8m-ip65-app-quiterios\/#breadcrumb","itemListElement":[{"@type":"ListItem","position":1,"name":"Accueil","item":"https:\/\/btmtelectric.com\/"},{"@type":"ListItem","position":2,"name":"Boutique","item":"https:\/\/btmtelectric.com\/index.php\/boutique\/"},{"@type":"ListItem","position":3,"name":"COFFRET MONDEGO (1&#215;8) 8M IP65 APP &#8211; QUITERIOS"}]},{"@type":"WebSite","@id":"https:\/\/btmtelectric.com\/#website","url":"https:\/\/btmtelectric.com\/","name":"BTMT ELECTRIC \u2013 Solutions \u00c9lectriques Fiables et Innovantes","description":"","publisher":{"@id":"https:\/\/btmtelectric.com\/#organization"},"potentialAction":[{"@type":"SearchAction","target":{"@type":"EntryPoint","urlTemplate":"https:\/\/btmtelectric.com\/?s={search_term_string}"},"query-input":{"@type":"PropertyValueSpecification","valueRequired":true,"valueName":"search_term_string"}}],"inLanguage":"fr-FR"},{"@type":"Organization","@id":"https:\/\/btmtelectric.com\/#organization","name":"BTMT ELECTRIC \u2013 Solutions \u00c9lectriques Fiables et Innovantes","url":"https:\/\/btmtelectric.com\/","logo":{"@type":"ImageObject","inLanguage":"fr-FR","@id":"https:\/\/btmtelectric.com\/#\/schema\/logo\/image\/","url":"https:\/\/btmtelectric.com\/wp-content\/uploads\/2025\/07\/WhatsApp_Image_2025-07-09_at_11.45.18_AM-removebg-preview-1.png","contentUrl":"https:\/\/btmtelectric.com\/wp-content\/uploads\/2025\/07\/WhatsApp_Image_2025-07-09_at_11.45.18_AM-removebg-preview-1.png","width":175,"height":42,"caption":"BTMT ELECTRIC \u2013 Solutions \u00c9lectriques Fiables et Innovantes"},"image":{"@id":"https:\/\/btmtelectric.com\/#\/schema\/logo\/image\/"},"sameAs":["https:\/\/www.facebook.com\/profile.php?id=61578000361796","https:\/\/www.instagram.com\/btmtelectric\/"]}]}},"_links":{"self":[{"href":"https:\/\/btmtelectric.com\/index.php\/wp-json\/wp\/v2\/product\/8898","targetHints":{"allow":["GET"]}}],"collection":[{"href":"https:\/\/btmtelectric.com\/index.php\/wp-json\/wp\/v2\/product"}],"about":[{"href":"https:\/\/btmtelectric.com\/index.php\/wp-json\/wp\/v2\/types\/product"}],"replies":[{"embeddable":true,"href":"https:\/\/btmtelectric.com\/index.php\/wp-json\/wp\/v2\/comments?post=8898"}],"wp:featuredmedia":[{"embeddable":true,"href":"https:\/\/btmtelectric.com\/index.php\/wp-json\/wp\/v2\/media\/8899"}],"wp:attachment":[{"href":"https:\/\/btmtelectric.com\/index.php\/wp-json\/wp\/v2\/media?parent=8898"}],"wp:term":[{"taxonomy":"product_brand","embeddable":true,"href":"https:\/\/btmtelectric.com\/index.php\/wp-json\/wp\/v2\/product_brand?post=8898"},{"taxonomy":"product_cat","embeddable":true,"href":"https:\/\/btmtelectric.com\/index.php\/wp-json\/wp\/v2\/product_cat?post=8898"},{"taxonomy":"product_tag","embeddable":true,"href":"https:\/\/btmtelectric.com\/index.php\/wp-json\/wp\/v2\/product_tag?post=8898"}],"curies":[{"name":"wp","href":"https:\/\/api.w.org\/{rel}","templated":true}]}}