{"id":8896,"date":"2025-08-29T11:01:30","date_gmt":"2025-08-29T11:01:30","guid":{"rendered":"https:\/\/btmtelectric.com\/?post_type=product&#038;p=8896"},"modified":"2025-08-29T11:01:30","modified_gmt":"2025-08-29T11:01:30","slug":"coffret-mondego-1x12-12m-ip65-app-quiterios","status":"publish","type":"product","link":"https:\/\/btmtelectric.com\/index.php\/product\/coffret-mondego-1x12-12m-ip65-app-quiterios\/","title":{"rendered":"COFFRET MONDEGO (1&#215;12) 12M IP65 APP &#8211; QUITERIOS"},"content":{"rendered":"<h2 data-start=\"80\" data-end=\"140\">Coffret \u00e9lectrique Mondego (1\u00d712) 12M \u2013 IP65 \u2013 Apparent<\/h2>\n<p data-start=\"142\" data-end=\"487\">Le <strong data-start=\"145\" data-end=\"186\">coffret \u00e9lectrique Mondego (1\u00d712) 12M<\/strong> est une solution robuste et \u00e9tanche, sp\u00e9cialement con\u00e7ue pour les <strong data-start=\"253\" data-end=\"282\">installations ext\u00e9rieures<\/strong>. Gr\u00e2ce \u00e0 sa conception en <strong data-start=\"309\" data-end=\"324\">mati\u00e8re ASA<\/strong>, tr\u00e8s r\u00e9sistante aux UV et aux intemp\u00e9ries, il garantit une protection durable et fiable des \u00e9quipements \u00e9lectriques dans les environnements les plus exigeants<\/p>\n<h3 data-start=\"494\" data-end=\"531\">Caract\u00e9ristiques principales<\/h3>\n<ul data-start=\"532\" data-end=\"967\">\n<li data-start=\"532\" data-end=\"575\">\n<p data-start=\"534\" data-end=\"575\"><strong data-start=\"534\" data-end=\"542\">Type<\/strong> : Coffret \u00e9lectrique modulaire<\/p>\n<\/li>\n<li data-start=\"576\" data-end=\"623\">\n<p data-start=\"578\" data-end=\"623\"><strong data-start=\"578\" data-end=\"590\">Capacit\u00e9<\/strong> : 1 rang\u00e9e de 12 modules (12M)<\/p>\n<\/li>\n<li data-start=\"624\" data-end=\"703\">\n<p data-start=\"626\" data-end=\"703\"><strong data-start=\"626\" data-end=\"642\">Mode de pose<\/strong> : Apparent (installation murale visible, facile et rapide)<\/p>\n<\/li>\n<li data-start=\"704\" data-end=\"815\">\n<p data-start=\"706\" data-end=\"815\"><strong data-start=\"706\" data-end=\"730\">Indice de protection<\/strong> : IP65 \u2192 \u00e9tanche \u00e0 la poussi\u00e8re et prot\u00e9g\u00e9 contre les jets d\u2019eau \u00e0 forte pression.<\/p>\n<\/li>\n<li data-start=\"816\" data-end=\"967\">\n<p data-start=\"818\" data-end=\"967\"><strong data-start=\"818\" data-end=\"830\">Mat\u00e9riau<\/strong> : <strong data-start=\"833\" data-end=\"840\">ASA<\/strong> (Acrylonitrile Styr\u00e8ne Acrylate), reconnu pour sa <strong data-start=\"891\" data-end=\"934\">r\u00e9sistance exceptionnelle aux rayons UV<\/strong> et sa durabilit\u00e9 en ext\u00e9rieur.<\/p>\n<h3 data-start=\"974\" data-end=\"1010\">Avantages du coffret Mondego<\/h3>\n<ul data-start=\"1011\" data-end=\"1528\">\n<li data-start=\"1011\" data-end=\"1119\">\n<p data-start=\"1013\" data-end=\"1119\"><strong data-start=\"1013\" data-end=\"1032\">\u00c9tanch\u00e9it\u00e9 IP65<\/strong>, parfaite pour les environnements ext\u00e9rieurs expos\u00e9s \u00e0 l\u2019humidit\u00e9 et \u00e0 la poussi\u00e8re.<\/p>\n<\/li>\n<li data-start=\"1120\" data-end=\"1210\">\n<p data-start=\"1122\" data-end=\"1210\"><strong data-start=\"1122\" data-end=\"1150\">Grande r\u00e9sistance aux UV<\/strong>, \u00e9vitant le jaunissement et la d\u00e9gradation due au soleil.<\/p>\n<\/li>\n<li data-start=\"1211\" data-end=\"1329\">\n<p data-start=\"1213\" data-end=\"1329\">Id\u00e9al pour les <strong data-start=\"1228\" data-end=\"1256\">applications ext\u00e9rieures<\/strong> : jardins, terrasses, parkings, chantiers, environnements industriels.<\/p>\n<\/li>\n<li data-start=\"1330\" data-end=\"1421\">\n<p data-start=\"1332\" data-end=\"1421\">Capacit\u00e9 de 12 modules, permettant l\u2019int\u00e9gration de plusieurs appareillages modulaires.<\/p>\n<\/li>\n<li data-start=\"1422\" data-end=\"1528\">\n<p data-start=\"1424\" data-end=\"1528\">Pose en <strong data-start=\"1432\" data-end=\"1444\">apparent<\/strong>, simple \u00e0 installer et pratique pour les locaux techniques ou les zones ouvertes.<\/p>\n<\/li>\n<\/ul>\n<\/li>\n<\/ul>\n","protected":false},"excerpt":{"rendered":"<p>Coffret \u00e9lectrique Mondego (1\u00d712) 12M \u2013 IP65 \u2013 Apparent Le coffret \u00e9lectrique Mondego (1\u00d712) 12M est une solution robuste et \u00e9tanche, sp\u00e9cialement con\u00e7ue pour les installations ext\u00e9rieures. Gr\u00e2ce \u00e0 sa<\/p>\n","protected":false},"featured_media":8897,"comment_status":"open","ping_status":"closed","template":"","meta":{"_acf_changed":false,"content-type":""},"product_brand":[],"product_cat":[366],"product_tag":[],"class_list":{"0":"post-8896","1":"product","2":"type-product","3":"status-publish","4":"has-post-thumbnail","6":"product_cat-coffrets","8":"first","9":"instock","10":"shipping-taxable","11":"purchasable","12":"product-type-simple"},"acf":[],"yoast_head":"<!-- This site is optimized with the Yoast SEO plugin v27.3 - https:\/\/yoast.com\/product\/yoast-seo-wordpress\/ -->\n<title>COFFRET MONDEGO (1x12) 12M IP65 APP - QUITERIOS - BTMT ELECTRIC \u2013 Solutions \u00c9lectriques Fiables et Innovantes<\/title>\n<meta name=\"robots\" content=\"index, follow, max-snippet:-1, max-image-preview:large, max-video-preview:-1\" \/>\n<link rel=\"canonical\" href=\"https:\/\/btmtelectric.com\/index.php\/product\/coffret-mondego-1x12-12m-ip65-app-quiterios\/\" \/>\n<meta property=\"og:locale\" content=\"fr_FR\" \/>\n<meta property=\"og:type\" content=\"article\" \/>\n<meta property=\"og:title\" content=\"COFFRET MONDEGO (1x12) 12M IP65 APP - QUITERIOS - BTMT ELECTRIC \u2013 Solutions \u00c9lectriques Fiables et Innovantes\" \/>\n<meta property=\"og:description\" content=\"Coffret \u00e9lectrique Mondego (1\u00d712) 12M \u2013 IP65 \u2013 Apparent Le coffret \u00e9lectrique Mondego (1\u00d712) 12M est une solution robuste et \u00e9tanche, sp\u00e9cialement con\u00e7ue pour les installations ext\u00e9rieures. Gr\u00e2ce \u00e0 sa\" \/>\n<meta property=\"og:url\" content=\"https:\/\/btmtelectric.com\/index.php\/product\/coffret-mondego-1x12-12m-ip65-app-quiterios\/\" \/>\n<meta property=\"og:site_name\" content=\"BTMT ELECTRIC \u2013 Solutions \u00c9lectriques Fiables et Innovantes\" \/>\n<meta property=\"article:publisher\" content=\"https:\/\/www.facebook.com\/profile.php?id=61578000361796\" \/>\n<meta property=\"og:image\" content=\"https:\/\/btmtelectric.com\/wp-content\/uploads\/2025\/08\/COFFRET-MONDEGO-1x12-12M-IP65-APP-QUITERIOS.png\" \/>\n\t<meta property=\"og:image:width\" content=\"700\" \/>\n\t<meta property=\"og:image:height\" content=\"700\" \/>\n\t<meta property=\"og:image:type\" content=\"image\/png\" \/>\n<meta name=\"twitter:card\" content=\"summary_large_image\" \/>\n<meta name=\"twitter:label1\" content=\"Dur\u00e9e de lecture estim\u00e9e\" \/>\n\t<meta name=\"twitter:data1\" content=\"1 minute\" \/>\n<script type=\"application\/ld+json\" class=\"yoast-schema-graph\">{\"@context\":\"https:\\\/\\\/schema.org\",\"@graph\":[{\"@type\":\"WebPage\",\"@id\":\"https:\\\/\\\/btmtelectric.com\\\/index.php\\\/product\\\/coffret-mondego-1x12-12m-ip65-app-quiterios\\\/\",\"url\":\"https:\\\/\\\/btmtelectric.com\\\/index.php\\\/product\\\/coffret-mondego-1x12-12m-ip65-app-quiterios\\\/\",\"name\":\"COFFRET MONDEGO (1x12) 12M IP65 APP - QUITERIOS - BTMT ELECTRIC \u2013 Solutions \u00c9lectriques Fiables et Innovantes\",\"isPartOf\":{\"@id\":\"https:\\\/\\\/btmtelectric.com\\\/#website\"},\"primaryImageOfPage\":{\"@id\":\"https:\\\/\\\/btmtelectric.com\\\/index.php\\\/product\\\/coffret-mondego-1x12-12m-ip65-app-quiterios\\\/#primaryimage\"},\"image\":{\"@id\":\"https:\\\/\\\/btmtelectric.com\\\/index.php\\\/product\\\/coffret-mondego-1x12-12m-ip65-app-quiterios\\\/#primaryimage\"},\"thumbnailUrl\":\"https:\\\/\\\/btmtelectric.com\\\/wp-content\\\/uploads\\\/2025\\\/08\\\/COFFRET-MONDEGO-1x12-12M-IP65-APP-QUITERIOS.png\",\"datePublished\":\"2025-08-29T11:01:30+00:00\",\"breadcrumb\":{\"@id\":\"https:\\\/\\\/btmtelectric.com\\\/index.php\\\/product\\\/coffret-mondego-1x12-12m-ip65-app-quiterios\\\/#breadcrumb\"},\"inLanguage\":\"fr-FR\",\"potentialAction\":[{\"@type\":\"ReadAction\",\"target\":[\"https:\\\/\\\/btmtelectric.com\\\/index.php\\\/product\\\/coffret-mondego-1x12-12m-ip65-app-quiterios\\\/\"]}]},{\"@type\":\"ImageObject\",\"inLanguage\":\"fr-FR\",\"@id\":\"https:\\\/\\\/btmtelectric.com\\\/index.php\\\/product\\\/coffret-mondego-1x12-12m-ip65-app-quiterios\\\/#primaryimage\",\"url\":\"https:\\\/\\\/btmtelectric.com\\\/wp-content\\\/uploads\\\/2025\\\/08\\\/COFFRET-MONDEGO-1x12-12M-IP65-APP-QUITERIOS.png\",\"contentUrl\":\"https:\\\/\\\/btmtelectric.com\\\/wp-content\\\/uploads\\\/2025\\\/08\\\/COFFRET-MONDEGO-1x12-12M-IP65-APP-QUITERIOS.png\",\"width\":700,\"height\":700},{\"@type\":\"BreadcrumbList\",\"@id\":\"https:\\\/\\\/btmtelectric.com\\\/index.php\\\/product\\\/coffret-mondego-1x12-12m-ip65-app-quiterios\\\/#breadcrumb\",\"itemListElement\":[{\"@type\":\"ListItem\",\"position\":1,\"name\":\"Accueil\",\"item\":\"https:\\\/\\\/btmtelectric.com\\\/\"},{\"@type\":\"ListItem\",\"position\":2,\"name\":\"Boutique\",\"item\":\"https:\\\/\\\/btmtelectric.com\\\/index.php\\\/boutique\\\/\"},{\"@type\":\"ListItem\",\"position\":3,\"name\":\"COFFRET MONDEGO (1&#215;12) 12M IP65 APP &#8211; QUITERIOS\"}]},{\"@type\":\"WebSite\",\"@id\":\"https:\\\/\\\/btmtelectric.com\\\/#website\",\"url\":\"https:\\\/\\\/btmtelectric.com\\\/\",\"name\":\"BTMT ELECTRIC \u2013 Solutions \u00c9lectriques Fiables et Innovantes\",\"description\":\"\",\"publisher\":{\"@id\":\"https:\\\/\\\/btmtelectric.com\\\/#organization\"},\"potentialAction\":[{\"@type\":\"SearchAction\",\"target\":{\"@type\":\"EntryPoint\",\"urlTemplate\":\"https:\\\/\\\/btmtelectric.com\\\/?s={search_term_string}\"},\"query-input\":{\"@type\":\"PropertyValueSpecification\",\"valueRequired\":true,\"valueName\":\"search_term_string\"}}],\"inLanguage\":\"fr-FR\"},{\"@type\":\"Organization\",\"@id\":\"https:\\\/\\\/btmtelectric.com\\\/#organization\",\"name\":\"BTMT ELECTRIC \u2013 Solutions \u00c9lectriques Fiables et Innovantes\",\"url\":\"https:\\\/\\\/btmtelectric.com\\\/\",\"logo\":{\"@type\":\"ImageObject\",\"inLanguage\":\"fr-FR\",\"@id\":\"https:\\\/\\\/btmtelectric.com\\\/#\\\/schema\\\/logo\\\/image\\\/\",\"url\":\"https:\\\/\\\/btmtelectric.com\\\/wp-content\\\/uploads\\\/2025\\\/07\\\/WhatsApp_Image_2025-07-09_at_11.45.18_AM-removebg-preview-1.png\",\"contentUrl\":\"https:\\\/\\\/btmtelectric.com\\\/wp-content\\\/uploads\\\/2025\\\/07\\\/WhatsApp_Image_2025-07-09_at_11.45.18_AM-removebg-preview-1.png\",\"width\":175,\"height\":42,\"caption\":\"BTMT ELECTRIC \u2013 Solutions \u00c9lectriques Fiables et Innovantes\"},\"image\":{\"@id\":\"https:\\\/\\\/btmtelectric.com\\\/#\\\/schema\\\/logo\\\/image\\\/\"},\"sameAs\":[\"https:\\\/\\\/www.facebook.com\\\/profile.php?id=61578000361796\",\"https:\\\/\\\/www.instagram.com\\\/btmtelectric\\\/\"]}]}<\/script>\n<!-- \/ Yoast SEO plugin. -->","yoast_head_json":{"title":"COFFRET MONDEGO (1x12) 12M IP65 APP - QUITERIOS - BTMT ELECTRIC \u2013 Solutions \u00c9lectriques Fiables et Innovantes","robots":{"index":"index","follow":"follow","max-snippet":"max-snippet:-1","max-image-preview":"max-image-preview:large","max-video-preview":"max-video-preview:-1"},"canonical":"https:\/\/btmtelectric.com\/index.php\/product\/coffret-mondego-1x12-12m-ip65-app-quiterios\/","og_locale":"fr_FR","og_type":"article","og_title":"COFFRET MONDEGO (1x12) 12M IP65 APP - QUITERIOS - BTMT ELECTRIC \u2013 Solutions \u00c9lectriques Fiables et Innovantes","og_description":"Coffret \u00e9lectrique Mondego (1\u00d712) 12M \u2013 IP65 \u2013 Apparent Le coffret \u00e9lectrique Mondego (1\u00d712) 12M est une solution robuste et \u00e9tanche, sp\u00e9cialement con\u00e7ue pour les installations ext\u00e9rieures. Gr\u00e2ce \u00e0 sa","og_url":"https:\/\/btmtelectric.com\/index.php\/product\/coffret-mondego-1x12-12m-ip65-app-quiterios\/","og_site_name":"BTMT ELECTRIC \u2013 Solutions \u00c9lectriques Fiables et Innovantes","article_publisher":"https:\/\/www.facebook.com\/profile.php?id=61578000361796","og_image":[{"width":700,"height":700,"url":"https:\/\/btmtelectric.com\/wp-content\/uploads\/2025\/08\/COFFRET-MONDEGO-1x12-12M-IP65-APP-QUITERIOS.png","type":"image\/png"}],"twitter_card":"summary_large_image","twitter_misc":{"Dur\u00e9e de lecture estim\u00e9e":"1 minute"},"schema":{"@context":"https:\/\/schema.org","@graph":[{"@type":"WebPage","@id":"https:\/\/btmtelectric.com\/index.php\/product\/coffret-mondego-1x12-12m-ip65-app-quiterios\/","url":"https:\/\/btmtelectric.com\/index.php\/product\/coffret-mondego-1x12-12m-ip65-app-quiterios\/","name":"COFFRET MONDEGO (1x12) 12M IP65 APP - QUITERIOS - BTMT ELECTRIC \u2013 Solutions \u00c9lectriques Fiables et Innovantes","isPartOf":{"@id":"https:\/\/btmtelectric.com\/#website"},"primaryImageOfPage":{"@id":"https:\/\/btmtelectric.com\/index.php\/product\/coffret-mondego-1x12-12m-ip65-app-quiterios\/#primaryimage"},"image":{"@id":"https:\/\/btmtelectric.com\/index.php\/product\/coffret-mondego-1x12-12m-ip65-app-quiterios\/#primaryimage"},"thumbnailUrl":"https:\/\/btmtelectric.com\/wp-content\/uploads\/2025\/08\/COFFRET-MONDEGO-1x12-12M-IP65-APP-QUITERIOS.png","datePublished":"2025-08-29T11:01:30+00:00","breadcrumb":{"@id":"https:\/\/btmtelectric.com\/index.php\/product\/coffret-mondego-1x12-12m-ip65-app-quiterios\/#breadcrumb"},"inLanguage":"fr-FR","potentialAction":[{"@type":"ReadAction","target":["https:\/\/btmtelectric.com\/index.php\/product\/coffret-mondego-1x12-12m-ip65-app-quiterios\/"]}]},{"@type":"ImageObject","inLanguage":"fr-FR","@id":"https:\/\/btmtelectric.com\/index.php\/product\/coffret-mondego-1x12-12m-ip65-app-quiterios\/#primaryimage","url":"https:\/\/btmtelectric.com\/wp-content\/uploads\/2025\/08\/COFFRET-MONDEGO-1x12-12M-IP65-APP-QUITERIOS.png","contentUrl":"https:\/\/btmtelectric.com\/wp-content\/uploads\/2025\/08\/COFFRET-MONDEGO-1x12-12M-IP65-APP-QUITERIOS.png","width":700,"height":700},{"@type":"BreadcrumbList","@id":"https:\/\/btmtelectric.com\/index.php\/product\/coffret-mondego-1x12-12m-ip65-app-quiterios\/#breadcrumb","itemListElement":[{"@type":"ListItem","position":1,"name":"Accueil","item":"https:\/\/btmtelectric.com\/"},{"@type":"ListItem","position":2,"name":"Boutique","item":"https:\/\/btmtelectric.com\/index.php\/boutique\/"},{"@type":"ListItem","position":3,"name":"COFFRET MONDEGO (1&#215;12) 12M IP65 APP &#8211; QUITERIOS"}]},{"@type":"WebSite","@id":"https:\/\/btmtelectric.com\/#website","url":"https:\/\/btmtelectric.com\/","name":"BTMT ELECTRIC \u2013 Solutions \u00c9lectriques Fiables et Innovantes","description":"","publisher":{"@id":"https:\/\/btmtelectric.com\/#organization"},"potentialAction":[{"@type":"SearchAction","target":{"@type":"EntryPoint","urlTemplate":"https:\/\/btmtelectric.com\/?s={search_term_string}"},"query-input":{"@type":"PropertyValueSpecification","valueRequired":true,"valueName":"search_term_string"}}],"inLanguage":"fr-FR"},{"@type":"Organization","@id":"https:\/\/btmtelectric.com\/#organization","name":"BTMT ELECTRIC \u2013 Solutions \u00c9lectriques Fiables et Innovantes","url":"https:\/\/btmtelectric.com\/","logo":{"@type":"ImageObject","inLanguage":"fr-FR","@id":"https:\/\/btmtelectric.com\/#\/schema\/logo\/image\/","url":"https:\/\/btmtelectric.com\/wp-content\/uploads\/2025\/07\/WhatsApp_Image_2025-07-09_at_11.45.18_AM-removebg-preview-1.png","contentUrl":"https:\/\/btmtelectric.com\/wp-content\/uploads\/2025\/07\/WhatsApp_Image_2025-07-09_at_11.45.18_AM-removebg-preview-1.png","width":175,"height":42,"caption":"BTMT ELECTRIC \u2013 Solutions \u00c9lectriques Fiables et Innovantes"},"image":{"@id":"https:\/\/btmtelectric.com\/#\/schema\/logo\/image\/"},"sameAs":["https:\/\/www.facebook.com\/profile.php?id=61578000361796","https:\/\/www.instagram.com\/btmtelectric\/"]}]}},"_links":{"self":[{"href":"https:\/\/btmtelectric.com\/index.php\/wp-json\/wp\/v2\/product\/8896","targetHints":{"allow":["GET"]}}],"collection":[{"href":"https:\/\/btmtelectric.com\/index.php\/wp-json\/wp\/v2\/product"}],"about":[{"href":"https:\/\/btmtelectric.com\/index.php\/wp-json\/wp\/v2\/types\/product"}],"replies":[{"embeddable":true,"href":"https:\/\/btmtelectric.com\/index.php\/wp-json\/wp\/v2\/comments?post=8896"}],"wp:featuredmedia":[{"embeddable":true,"href":"https:\/\/btmtelectric.com\/index.php\/wp-json\/wp\/v2\/media\/8897"}],"wp:attachment":[{"href":"https:\/\/btmtelectric.com\/index.php\/wp-json\/wp\/v2\/media?parent=8896"}],"wp:term":[{"taxonomy":"product_brand","embeddable":true,"href":"https:\/\/btmtelectric.com\/index.php\/wp-json\/wp\/v2\/product_brand?post=8896"},{"taxonomy":"product_cat","embeddable":true,"href":"https:\/\/btmtelectric.com\/index.php\/wp-json\/wp\/v2\/product_cat?post=8896"},{"taxonomy":"product_tag","embeddable":true,"href":"https:\/\/btmtelectric.com\/index.php\/wp-json\/wp\/v2\/product_tag?post=8896"}],"curies":[{"name":"wp","href":"https:\/\/api.w.org\/{rel}","templated":true}]}}