{"id":8894,"date":"2025-08-29T10:50:43","date_gmt":"2025-08-29T10:50:43","guid":{"rendered":"https:\/\/btmtelectric.com\/?post_type=product&#038;p=8894"},"modified":"2025-08-29T10:50:43","modified_gmt":"2025-08-29T10:50:43","slug":"coffret-dist-2x12-24m-p90-enc-quiterios","status":"publish","type":"product","link":"https:\/\/btmtelectric.com\/index.php\/product\/coffret-dist-2x12-24m-p90-enc-quiterios\/","title":{"rendered":"COFFRET DIST (2&#215;12) 24M P90 ENC &#8211; QUITERIOS"},"content":{"rendered":"<h2 data-start=\"74\" data-end=\"133\">Coffret \u00e9lectrique Safetymax (2\u00d712) 24M P90 \u2013 Encastr\u00e9<\/h2>\n<p data-start=\"135\" data-end=\"490\">Le <strong data-start=\"138\" data-end=\"185\">coffret \u00e9lectrique Safetymax (2\u00d712) 24M P90<\/strong> est con\u00e7u pour assurer la <strong data-start=\"212\" data-end=\"256\">distribution et la protection \u00e9lectrique<\/strong> de vos installations domestiques, tertiaires ou industrielles. Avec sa capacit\u00e9 de 24 modules, il offre une organisation optimale des circuits et garantit une s\u00e9curit\u00e9 renforc\u00e9e gr\u00e2ce \u00e0 sa conception robuste et conforme aux normes.<\/p>\n<h3 data-start=\"497\" data-end=\"534\">Caract\u00e9ristiques principales<\/h3>\n<ul data-start=\"535\" data-end=\"1061\">\n<li data-start=\"535\" data-end=\"578\">\n<p data-start=\"537\" data-end=\"578\"><strong data-start=\"537\" data-end=\"545\">Type<\/strong> : Coffret \u00e9lectrique modulaire<\/p>\n<\/li>\n<li data-start=\"579\" data-end=\"639\">\n<p data-start=\"581\" data-end=\"639\"><strong data-start=\"581\" data-end=\"593\">Capacit\u00e9<\/strong> : 2 rang\u00e9es de 12 modules (soit 24 modules)<\/p>\n<\/li>\n<li data-start=\"640\" data-end=\"720\">\n<p data-start=\"642\" data-end=\"720\"><strong data-start=\"642\" data-end=\"658\">Mode de pose<\/strong> : Encastr\u00e9 (int\u00e9gration discr\u00e8te dans le mur ou la cloison)<\/p>\n<\/li>\n<li data-start=\"721\" data-end=\"878\">\n<p data-start=\"723\" data-end=\"878\"><strong data-start=\"723\" data-end=\"747\">Indice de protection<\/strong> : IP54 \u2192 prot\u00e8ge contre les infiltrations de poussi\u00e8re et les projections d\u2019eau, id\u00e9al pour une utilisation fiable et s\u00e9curis\u00e9e.<\/p>\n<\/li>\n<li data-start=\"879\" data-end=\"1061\">\n<p data-start=\"881\" data-end=\"898\"><strong data-start=\"881\" data-end=\"894\">Mat\u00e9riaux<\/strong> :<\/p>\n<ul data-start=\"901\" data-end=\"1061\">\n<li data-start=\"901\" data-end=\"970\">\n<p data-start=\"903\" data-end=\"970\"><strong data-start=\"903\" data-end=\"912\">Porte<\/strong> : aluminium, assurant robustesse et esth\u00e9tique moderne.<\/p>\n<\/li>\n<li data-start=\"973\" data-end=\"1061\">\n<p data-start=\"975\" data-end=\"1061\"><strong data-start=\"975\" data-end=\"988\">Enveloppe<\/strong> : plastique en polystyr\u00e8ne, offrant isolation et r\u00e9sistance m\u00e9canique.<\/p>\n<h3 data-start=\"1068\" data-end=\"1106\">Avantages du coffret Safetymax<\/h3>\n<ul data-start=\"1107\" data-end=\"1507\">\n<li data-start=\"1107\" data-end=\"1207\">\n<p data-start=\"1109\" data-end=\"1207\">Capacit\u00e9 de <strong data-start=\"1121\" data-end=\"1135\">24 modules<\/strong>, id\u00e9ale pour accueillir vos disjoncteurs et appareillages modulaires.<\/p>\n<\/li>\n<li data-start=\"1208\" data-end=\"1267\">\n<p data-start=\"1210\" data-end=\"1267\">Pose <strong data-start=\"1215\" data-end=\"1228\">encastr\u00e9e<\/strong> pour un rendu esth\u00e9tique et discret.<\/p>\n<\/li>\n<li data-start=\"1268\" data-end=\"1353\">\n<p data-start=\"1270\" data-end=\"1353\">Protection <strong data-start=\"1281\" data-end=\"1289\">IP54<\/strong> pour une meilleure r\u00e9sistance \u00e0 l\u2019humidit\u00e9 et \u00e0 la poussi\u00e8re.<\/p>\n<\/li>\n<li data-start=\"1354\" data-end=\"1430\">\n<p data-start=\"1356\" data-end=\"1430\">Association aluminium + polystyr\u00e8ne \u2192 robustesse, fiabilit\u00e9 et s\u00e9curit\u00e9.<\/p>\n<\/li>\n<li data-start=\"1431\" data-end=\"1507\">\n<p data-start=\"1433\" data-end=\"1507\">Convient aux <strong data-start=\"1446\" data-end=\"1470\">installations neuves<\/strong> comme aux r\u00e9novations \u00e9lectriques.<\/p>\n<\/li>\n<li data-start=\"1431\" data-end=\"1507\">\n<p data-start=\"1433\" data-end=\"1507\">Le <strong data-start=\"1520\" data-end=\"1576\">coffret \u00e9lectrique Safetymax (2\u00d712) 24M P90 encastr\u00e9<\/strong> est une solution pratique, fiable et esth\u00e9tique pour garantir la <strong data-start=\"1642\" data-end=\"1700\">s\u00e9curit\u00e9 et l\u2019organisation de vos circuits \u00e9lectriques<\/strong> dans vos projets r\u00e9sidentiels et professionnels.<\/p>\n<\/li>\n<\/ul>\n<\/li>\n<\/ul>\n<\/li>\n<\/ul>\n","protected":false},"excerpt":{"rendered":"<p>Coffret \u00e9lectrique Safetymax (2\u00d712) 24M P90 \u2013 Encastr\u00e9 Le coffret \u00e9lectrique Safetymax (2\u00d712) 24M P90 est con\u00e7u pour assurer la distribution et la protection \u00e9lectrique de vos installations domestiques, tertiaires<\/p>\n","protected":false},"featured_media":8895,"comment_status":"open","ping_status":"closed","template":"","meta":{"_acf_changed":false,"content-type":""},"product_brand":[],"product_cat":[366],"product_tag":[],"class_list":{"0":"post-8894","1":"product","2":"type-product","3":"status-publish","4":"has-post-thumbnail","6":"product_cat-coffrets","8":"first","9":"instock","10":"shipping-taxable","11":"purchasable","12":"product-type-simple"},"acf":[],"yoast_head":"<!-- This site is optimized with the Yoast SEO plugin v27.3 - https:\/\/yoast.com\/product\/yoast-seo-wordpress\/ -->\n<title>COFFRET DIST (2x12) 24M P90 ENC - QUITERIOS - BTMT ELECTRIC \u2013 Solutions \u00c9lectriques Fiables et Innovantes<\/title>\n<meta name=\"robots\" content=\"index, follow, max-snippet:-1, max-image-preview:large, max-video-preview:-1\" \/>\n<link rel=\"canonical\" href=\"https:\/\/btmtelectric.com\/index.php\/product\/coffret-dist-2x12-24m-p90-enc-quiterios\/\" \/>\n<meta property=\"og:locale\" content=\"fr_FR\" \/>\n<meta property=\"og:type\" content=\"article\" \/>\n<meta property=\"og:title\" content=\"COFFRET DIST (2x12) 24M P90 ENC - QUITERIOS - BTMT ELECTRIC \u2013 Solutions \u00c9lectriques Fiables et Innovantes\" \/>\n<meta property=\"og:description\" content=\"Coffret \u00e9lectrique Safetymax (2\u00d712) 24M P90 \u2013 Encastr\u00e9 Le coffret \u00e9lectrique Safetymax (2\u00d712) 24M P90 est con\u00e7u pour assurer la distribution et la protection \u00e9lectrique de vos installations domestiques, tertiaires\" \/>\n<meta property=\"og:url\" content=\"https:\/\/btmtelectric.com\/index.php\/product\/coffret-dist-2x12-24m-p90-enc-quiterios\/\" \/>\n<meta property=\"og:site_name\" content=\"BTMT ELECTRIC \u2013 Solutions \u00c9lectriques Fiables et Innovantes\" \/>\n<meta property=\"article:publisher\" content=\"https:\/\/www.facebook.com\/profile.php?id=61578000361796\" \/>\n<meta property=\"og:image\" content=\"https:\/\/btmtelectric.com\/wp-content\/uploads\/2025\/08\/COFFRET-DIST-2x12-24M-P90-ENC-QUITERIOS.png\" \/>\n\t<meta property=\"og:image:width\" content=\"700\" \/>\n\t<meta property=\"og:image:height\" content=\"700\" \/>\n\t<meta property=\"og:image:type\" content=\"image\/png\" \/>\n<meta name=\"twitter:card\" content=\"summary_large_image\" \/>\n<meta name=\"twitter:label1\" content=\"Dur\u00e9e de lecture estim\u00e9e\" \/>\n\t<meta name=\"twitter:data1\" content=\"1 minute\" \/>\n<script type=\"application\/ld+json\" class=\"yoast-schema-graph\">{\"@context\":\"https:\\\/\\\/schema.org\",\"@graph\":[{\"@type\":\"WebPage\",\"@id\":\"https:\\\/\\\/btmtelectric.com\\\/index.php\\\/product\\\/coffret-dist-2x12-24m-p90-enc-quiterios\\\/\",\"url\":\"https:\\\/\\\/btmtelectric.com\\\/index.php\\\/product\\\/coffret-dist-2x12-24m-p90-enc-quiterios\\\/\",\"name\":\"COFFRET DIST (2x12) 24M P90 ENC - QUITERIOS - BTMT ELECTRIC \u2013 Solutions \u00c9lectriques Fiables et Innovantes\",\"isPartOf\":{\"@id\":\"https:\\\/\\\/btmtelectric.com\\\/#website\"},\"primaryImageOfPage\":{\"@id\":\"https:\\\/\\\/btmtelectric.com\\\/index.php\\\/product\\\/coffret-dist-2x12-24m-p90-enc-quiterios\\\/#primaryimage\"},\"image\":{\"@id\":\"https:\\\/\\\/btmtelectric.com\\\/index.php\\\/product\\\/coffret-dist-2x12-24m-p90-enc-quiterios\\\/#primaryimage\"},\"thumbnailUrl\":\"https:\\\/\\\/btmtelectric.com\\\/wp-content\\\/uploads\\\/2025\\\/08\\\/COFFRET-DIST-2x12-24M-P90-ENC-QUITERIOS.png\",\"datePublished\":\"2025-08-29T10:50:43+00:00\",\"breadcrumb\":{\"@id\":\"https:\\\/\\\/btmtelectric.com\\\/index.php\\\/product\\\/coffret-dist-2x12-24m-p90-enc-quiterios\\\/#breadcrumb\"},\"inLanguage\":\"fr-FR\",\"potentialAction\":[{\"@type\":\"ReadAction\",\"target\":[\"https:\\\/\\\/btmtelectric.com\\\/index.php\\\/product\\\/coffret-dist-2x12-24m-p90-enc-quiterios\\\/\"]}]},{\"@type\":\"ImageObject\",\"inLanguage\":\"fr-FR\",\"@id\":\"https:\\\/\\\/btmtelectric.com\\\/index.php\\\/product\\\/coffret-dist-2x12-24m-p90-enc-quiterios\\\/#primaryimage\",\"url\":\"https:\\\/\\\/btmtelectric.com\\\/wp-content\\\/uploads\\\/2025\\\/08\\\/COFFRET-DIST-2x12-24M-P90-ENC-QUITERIOS.png\",\"contentUrl\":\"https:\\\/\\\/btmtelectric.com\\\/wp-content\\\/uploads\\\/2025\\\/08\\\/COFFRET-DIST-2x12-24M-P90-ENC-QUITERIOS.png\",\"width\":700,\"height\":700},{\"@type\":\"BreadcrumbList\",\"@id\":\"https:\\\/\\\/btmtelectric.com\\\/index.php\\\/product\\\/coffret-dist-2x12-24m-p90-enc-quiterios\\\/#breadcrumb\",\"itemListElement\":[{\"@type\":\"ListItem\",\"position\":1,\"name\":\"Accueil\",\"item\":\"https:\\\/\\\/btmtelectric.com\\\/\"},{\"@type\":\"ListItem\",\"position\":2,\"name\":\"Boutique\",\"item\":\"https:\\\/\\\/btmtelectric.com\\\/index.php\\\/boutique\\\/\"},{\"@type\":\"ListItem\",\"position\":3,\"name\":\"COFFRET DIST (2&#215;12) 24M P90 ENC &#8211; QUITERIOS\"}]},{\"@type\":\"WebSite\",\"@id\":\"https:\\\/\\\/btmtelectric.com\\\/#website\",\"url\":\"https:\\\/\\\/btmtelectric.com\\\/\",\"name\":\"BTMT ELECTRIC \u2013 Solutions \u00c9lectriques Fiables et Innovantes\",\"description\":\"\",\"publisher\":{\"@id\":\"https:\\\/\\\/btmtelectric.com\\\/#organization\"},\"potentialAction\":[{\"@type\":\"SearchAction\",\"target\":{\"@type\":\"EntryPoint\",\"urlTemplate\":\"https:\\\/\\\/btmtelectric.com\\\/?s={search_term_string}\"},\"query-input\":{\"@type\":\"PropertyValueSpecification\",\"valueRequired\":true,\"valueName\":\"search_term_string\"}}],\"inLanguage\":\"fr-FR\"},{\"@type\":\"Organization\",\"@id\":\"https:\\\/\\\/btmtelectric.com\\\/#organization\",\"name\":\"BTMT ELECTRIC \u2013 Solutions \u00c9lectriques Fiables et Innovantes\",\"url\":\"https:\\\/\\\/btmtelectric.com\\\/\",\"logo\":{\"@type\":\"ImageObject\",\"inLanguage\":\"fr-FR\",\"@id\":\"https:\\\/\\\/btmtelectric.com\\\/#\\\/schema\\\/logo\\\/image\\\/\",\"url\":\"https:\\\/\\\/btmtelectric.com\\\/wp-content\\\/uploads\\\/2025\\\/07\\\/WhatsApp_Image_2025-07-09_at_11.45.18_AM-removebg-preview-1.png\",\"contentUrl\":\"https:\\\/\\\/btmtelectric.com\\\/wp-content\\\/uploads\\\/2025\\\/07\\\/WhatsApp_Image_2025-07-09_at_11.45.18_AM-removebg-preview-1.png\",\"width\":175,\"height\":42,\"caption\":\"BTMT ELECTRIC \u2013 Solutions \u00c9lectriques Fiables et Innovantes\"},\"image\":{\"@id\":\"https:\\\/\\\/btmtelectric.com\\\/#\\\/schema\\\/logo\\\/image\\\/\"},\"sameAs\":[\"https:\\\/\\\/www.facebook.com\\\/profile.php?id=61578000361796\",\"https:\\\/\\\/www.instagram.com\\\/btmtelectric\\\/\"]}]}<\/script>\n<!-- \/ Yoast SEO plugin. -->","yoast_head_json":{"title":"COFFRET DIST (2x12) 24M P90 ENC - QUITERIOS - BTMT ELECTRIC \u2013 Solutions \u00c9lectriques Fiables et Innovantes","robots":{"index":"index","follow":"follow","max-snippet":"max-snippet:-1","max-image-preview":"max-image-preview:large","max-video-preview":"max-video-preview:-1"},"canonical":"https:\/\/btmtelectric.com\/index.php\/product\/coffret-dist-2x12-24m-p90-enc-quiterios\/","og_locale":"fr_FR","og_type":"article","og_title":"COFFRET DIST (2x12) 24M P90 ENC - QUITERIOS - BTMT ELECTRIC \u2013 Solutions \u00c9lectriques Fiables et Innovantes","og_description":"Coffret \u00e9lectrique Safetymax (2\u00d712) 24M P90 \u2013 Encastr\u00e9 Le coffret \u00e9lectrique Safetymax (2\u00d712) 24M P90 est con\u00e7u pour assurer la distribution et la protection \u00e9lectrique de vos installations domestiques, tertiaires","og_url":"https:\/\/btmtelectric.com\/index.php\/product\/coffret-dist-2x12-24m-p90-enc-quiterios\/","og_site_name":"BTMT ELECTRIC \u2013 Solutions \u00c9lectriques Fiables et Innovantes","article_publisher":"https:\/\/www.facebook.com\/profile.php?id=61578000361796","og_image":[{"width":700,"height":700,"url":"https:\/\/btmtelectric.com\/wp-content\/uploads\/2025\/08\/COFFRET-DIST-2x12-24M-P90-ENC-QUITERIOS.png","type":"image\/png"}],"twitter_card":"summary_large_image","twitter_misc":{"Dur\u00e9e de lecture estim\u00e9e":"1 minute"},"schema":{"@context":"https:\/\/schema.org","@graph":[{"@type":"WebPage","@id":"https:\/\/btmtelectric.com\/index.php\/product\/coffret-dist-2x12-24m-p90-enc-quiterios\/","url":"https:\/\/btmtelectric.com\/index.php\/product\/coffret-dist-2x12-24m-p90-enc-quiterios\/","name":"COFFRET DIST (2x12) 24M P90 ENC - QUITERIOS - BTMT ELECTRIC \u2013 Solutions \u00c9lectriques Fiables et Innovantes","isPartOf":{"@id":"https:\/\/btmtelectric.com\/#website"},"primaryImageOfPage":{"@id":"https:\/\/btmtelectric.com\/index.php\/product\/coffret-dist-2x12-24m-p90-enc-quiterios\/#primaryimage"},"image":{"@id":"https:\/\/btmtelectric.com\/index.php\/product\/coffret-dist-2x12-24m-p90-enc-quiterios\/#primaryimage"},"thumbnailUrl":"https:\/\/btmtelectric.com\/wp-content\/uploads\/2025\/08\/COFFRET-DIST-2x12-24M-P90-ENC-QUITERIOS.png","datePublished":"2025-08-29T10:50:43+00:00","breadcrumb":{"@id":"https:\/\/btmtelectric.com\/index.php\/product\/coffret-dist-2x12-24m-p90-enc-quiterios\/#breadcrumb"},"inLanguage":"fr-FR","potentialAction":[{"@type":"ReadAction","target":["https:\/\/btmtelectric.com\/index.php\/product\/coffret-dist-2x12-24m-p90-enc-quiterios\/"]}]},{"@type":"ImageObject","inLanguage":"fr-FR","@id":"https:\/\/btmtelectric.com\/index.php\/product\/coffret-dist-2x12-24m-p90-enc-quiterios\/#primaryimage","url":"https:\/\/btmtelectric.com\/wp-content\/uploads\/2025\/08\/COFFRET-DIST-2x12-24M-P90-ENC-QUITERIOS.png","contentUrl":"https:\/\/btmtelectric.com\/wp-content\/uploads\/2025\/08\/COFFRET-DIST-2x12-24M-P90-ENC-QUITERIOS.png","width":700,"height":700},{"@type":"BreadcrumbList","@id":"https:\/\/btmtelectric.com\/index.php\/product\/coffret-dist-2x12-24m-p90-enc-quiterios\/#breadcrumb","itemListElement":[{"@type":"ListItem","position":1,"name":"Accueil","item":"https:\/\/btmtelectric.com\/"},{"@type":"ListItem","position":2,"name":"Boutique","item":"https:\/\/btmtelectric.com\/index.php\/boutique\/"},{"@type":"ListItem","position":3,"name":"COFFRET DIST (2&#215;12) 24M P90 ENC &#8211; QUITERIOS"}]},{"@type":"WebSite","@id":"https:\/\/btmtelectric.com\/#website","url":"https:\/\/btmtelectric.com\/","name":"BTMT ELECTRIC \u2013 Solutions \u00c9lectriques Fiables et Innovantes","description":"","publisher":{"@id":"https:\/\/btmtelectric.com\/#organization"},"potentialAction":[{"@type":"SearchAction","target":{"@type":"EntryPoint","urlTemplate":"https:\/\/btmtelectric.com\/?s={search_term_string}"},"query-input":{"@type":"PropertyValueSpecification","valueRequired":true,"valueName":"search_term_string"}}],"inLanguage":"fr-FR"},{"@type":"Organization","@id":"https:\/\/btmtelectric.com\/#organization","name":"BTMT ELECTRIC \u2013 Solutions \u00c9lectriques Fiables et Innovantes","url":"https:\/\/btmtelectric.com\/","logo":{"@type":"ImageObject","inLanguage":"fr-FR","@id":"https:\/\/btmtelectric.com\/#\/schema\/logo\/image\/","url":"https:\/\/btmtelectric.com\/wp-content\/uploads\/2025\/07\/WhatsApp_Image_2025-07-09_at_11.45.18_AM-removebg-preview-1.png","contentUrl":"https:\/\/btmtelectric.com\/wp-content\/uploads\/2025\/07\/WhatsApp_Image_2025-07-09_at_11.45.18_AM-removebg-preview-1.png","width":175,"height":42,"caption":"BTMT ELECTRIC \u2013 Solutions \u00c9lectriques Fiables et Innovantes"},"image":{"@id":"https:\/\/btmtelectric.com\/#\/schema\/logo\/image\/"},"sameAs":["https:\/\/www.facebook.com\/profile.php?id=61578000361796","https:\/\/www.instagram.com\/btmtelectric\/"]}]}},"_links":{"self":[{"href":"https:\/\/btmtelectric.com\/index.php\/wp-json\/wp\/v2\/product\/8894","targetHints":{"allow":["GET"]}}],"collection":[{"href":"https:\/\/btmtelectric.com\/index.php\/wp-json\/wp\/v2\/product"}],"about":[{"href":"https:\/\/btmtelectric.com\/index.php\/wp-json\/wp\/v2\/types\/product"}],"replies":[{"embeddable":true,"href":"https:\/\/btmtelectric.com\/index.php\/wp-json\/wp\/v2\/comments?post=8894"}],"wp:featuredmedia":[{"embeddable":true,"href":"https:\/\/btmtelectric.com\/index.php\/wp-json\/wp\/v2\/media\/8895"}],"wp:attachment":[{"href":"https:\/\/btmtelectric.com\/index.php\/wp-json\/wp\/v2\/media?parent=8894"}],"wp:term":[{"taxonomy":"product_brand","embeddable":true,"href":"https:\/\/btmtelectric.com\/index.php\/wp-json\/wp\/v2\/product_brand?post=8894"},{"taxonomy":"product_cat","embeddable":true,"href":"https:\/\/btmtelectric.com\/index.php\/wp-json\/wp\/v2\/product_cat?post=8894"},{"taxonomy":"product_tag","embeddable":true,"href":"https:\/\/btmtelectric.com\/index.php\/wp-json\/wp\/v2\/product_tag?post=8894"}],"curies":[{"name":"wp","href":"https:\/\/api.w.org\/{rel}","templated":true}]}}