{"id":8892,"date":"2025-08-29T10:44:21","date_gmt":"2025-08-29T10:44:21","guid":{"rendered":"https:\/\/btmtelectric.com\/?post_type=product&#038;p=8892"},"modified":"2025-08-29T10:44:21","modified_gmt":"2025-08-29T10:44:21","slug":"coffret-dist-2x16-32m-p90-enc-quiterios","status":"publish","type":"product","link":"https:\/\/btmtelectric.com\/index.php\/product\/coffret-dist-2x16-32m-p90-enc-quiterios\/","title":{"rendered":"COFFRET DIST (2&#215;16) 32M P90 ENC &#8211; QUITERIOS"},"content":{"rendered":"<h2 data-start=\"80\" data-end=\"139\">Coffret \u00e9lectrique Safetymax (2\u00d716) 32M P90 \u2013 Encastr\u00e9<\/h2>\n<p data-start=\"141\" data-end=\"496\">Le <strong data-start=\"144\" data-end=\"191\">coffret \u00e9lectrique Safetymax (2\u00d716) 32M P90<\/strong> est une solution fiable et robuste pour la protection et la distribution \u00e9lectrique dans les installations r\u00e9sidentielles, tertiaires et industrielles. Con\u00e7u pour r\u00e9pondre aux normes de s\u00e9curit\u00e9, il garantit une <strong data-start=\"404\" data-end=\"454\">organisation optimale des circuits \u00e9lectriques<\/strong> tout en assurant une grande durabilit\u00e9.<\/p>\n<h3 data-start=\"503\" data-end=\"540\">Caract\u00e9ristiques principales<\/h3>\n<ul data-start=\"541\" data-end=\"1056\">\n<li data-start=\"541\" data-end=\"584\">\n<p data-start=\"543\" data-end=\"584\"><strong data-start=\"543\" data-end=\"551\">Type<\/strong> : Coffret \u00e9lectrique modulaire<\/p>\n<\/li>\n<li data-start=\"585\" data-end=\"649\">\n<p data-start=\"587\" data-end=\"649\"><strong data-start=\"587\" data-end=\"599\">Capacit\u00e9<\/strong> : 2 rang\u00e9es de 16 modules (32 modules au total)<\/p>\n<\/li>\n<li data-start=\"650\" data-end=\"730\">\n<p data-start=\"652\" data-end=\"730\"><strong data-start=\"652\" data-end=\"668\">Mode de pose<\/strong> : Encastr\u00e9 (int\u00e9gration discr\u00e8te dans le mur ou la cloison)<\/p>\n<\/li>\n<li data-start=\"731\" data-end=\"866\">\n<p data-start=\"733\" data-end=\"866\"><strong data-start=\"733\" data-end=\"757\">Indice de protection<\/strong> : IP54 \u2192 protection contre la poussi\u00e8re et les projections d\u2019eau, id\u00e9al pour les environnements exigeants.<\/p>\n<\/li>\n<li data-start=\"867\" data-end=\"1056\">\n<p data-start=\"869\" data-end=\"886\"><strong data-start=\"869\" data-end=\"882\">Mat\u00e9riaux<\/strong> :<\/p>\n<ul data-start=\"889\" data-end=\"1056\">\n<li data-start=\"889\" data-end=\"953\">\n<p data-start=\"891\" data-end=\"953\"><strong data-start=\"891\" data-end=\"900\">Porte<\/strong> : aluminium, offrant robustesse et design moderne.<\/p>\n<\/li>\n<li data-start=\"956\" data-end=\"1056\">\n<p data-start=\"958\" data-end=\"1056\"><strong data-start=\"958\" data-end=\"971\">Enveloppe<\/strong> : plastique en polystyr\u00e8ne, assurant isolation \u00e9lectrique et r\u00e9sistance m\u00e9canique.<\/p>\n<h3 data-start=\"1063\" data-end=\"1101\">Avantages du coffret Safetymax<\/h3>\n<ul data-start=\"1102\" data-end=\"1547\">\n<li data-start=\"1102\" data-end=\"1218\">\n<p data-start=\"1104\" data-end=\"1218\">Capacit\u00e9 de <strong data-start=\"1116\" data-end=\"1130\">32 modules<\/strong>, permettant d\u2019accueillir un large nombre de disjoncteurs et appareillages modulaires.<\/p>\n<\/li>\n<li data-start=\"1219\" data-end=\"1286\">\n<p data-start=\"1221\" data-end=\"1286\"><strong data-start=\"1221\" data-end=\"1239\">Pose encastr\u00e9e<\/strong> pour une int\u00e9gration esth\u00e9tique et discr\u00e8te.<\/p>\n<\/li>\n<li data-start=\"1287\" data-end=\"1371\">\n<p data-start=\"1289\" data-end=\"1371\"><strong data-start=\"1289\" data-end=\"1304\">Indice IP54<\/strong> offrant une protection fiable contre la poussi\u00e8re et l\u2019humidit\u00e9.<\/p>\n<\/li>\n<li data-start=\"1372\" data-end=\"1451\">\n<p data-start=\"1374\" data-end=\"1451\">Combinaison <strong data-start=\"1386\" data-end=\"1413\">aluminium + polystyr\u00e8ne<\/strong> : robustesse, l\u00e9g\u00e8ret\u00e9 et s\u00e9curit\u00e9.<\/p>\n<\/li>\n<li data-start=\"1452\" data-end=\"1547\">\n<p data-start=\"1454\" data-end=\"1547\">Convient aussi bien pour les <strong data-start=\"1483\" data-end=\"1507\">installations neuves<\/strong> que pour les r\u00e9novations \u00e9lectriques.<\/p>\n<\/li>\n<li data-start=\"1452\" data-end=\"1547\">\n<p data-start=\"1454\" data-end=\"1547\">Le <strong data-start=\"1560\" data-end=\"1616\">coffret \u00e9lectrique Safetymax (2\u00d716) 32M P90 encastr\u00e9<\/strong> est la solution id\u00e9ale pour une <strong data-start=\"1649\" data-end=\"1708\">distribution \u00e9lectrique s\u00e9curis\u00e9e, organis\u00e9e et durable<\/strong>, adapt\u00e9e aux exigences des environnements r\u00e9sidentiels et professionnels.<\/p>\n<\/li>\n<\/ul>\n<\/li>\n<\/ul>\n<\/li>\n<\/ul>\n","protected":false},"excerpt":{"rendered":"<p>Coffret \u00e9lectrique Safetymax (2\u00d716) 32M P90 \u2013 Encastr\u00e9 Le coffret \u00e9lectrique Safetymax (2\u00d716) 32M P90 est une solution fiable et robuste pour la protection et la distribution \u00e9lectrique dans les<\/p>\n","protected":false},"featured_media":8893,"comment_status":"open","ping_status":"closed","template":"","meta":{"_acf_changed":false,"content-type":""},"product_brand":[],"product_cat":[366],"product_tag":[],"class_list":{"0":"post-8892","1":"product","2":"type-product","3":"status-publish","4":"has-post-thumbnail","6":"product_cat-coffrets","8":"first","9":"instock","10":"shipping-taxable","11":"purchasable","12":"product-type-simple"},"acf":[],"yoast_head":"<!-- This site is optimized with the Yoast SEO plugin v27.3 - https:\/\/yoast.com\/product\/yoast-seo-wordpress\/ -->\n<title>COFFRET DIST (2x16) 32M P90 ENC - QUITERIOS - BTMT ELECTRIC \u2013 Solutions \u00c9lectriques Fiables et Innovantes<\/title>\n<meta name=\"robots\" content=\"index, follow, max-snippet:-1, max-image-preview:large, max-video-preview:-1\" \/>\n<link rel=\"canonical\" href=\"https:\/\/btmtelectric.com\/index.php\/product\/coffret-dist-2x16-32m-p90-enc-quiterios\/\" \/>\n<meta property=\"og:locale\" content=\"fr_FR\" \/>\n<meta property=\"og:type\" content=\"article\" \/>\n<meta property=\"og:title\" content=\"COFFRET DIST (2x16) 32M P90 ENC - QUITERIOS - BTMT ELECTRIC \u2013 Solutions \u00c9lectriques Fiables et Innovantes\" \/>\n<meta property=\"og:description\" content=\"Coffret \u00e9lectrique Safetymax (2\u00d716) 32M P90 \u2013 Encastr\u00e9 Le coffret \u00e9lectrique Safetymax (2\u00d716) 32M P90 est une solution fiable et robuste pour la protection et la distribution \u00e9lectrique dans les\" \/>\n<meta property=\"og:url\" content=\"https:\/\/btmtelectric.com\/index.php\/product\/coffret-dist-2x16-32m-p90-enc-quiterios\/\" \/>\n<meta property=\"og:site_name\" content=\"BTMT ELECTRIC \u2013 Solutions \u00c9lectriques Fiables et Innovantes\" \/>\n<meta property=\"article:publisher\" content=\"https:\/\/www.facebook.com\/profile.php?id=61578000361796\" \/>\n<meta property=\"og:image\" content=\"https:\/\/btmtelectric.com\/wp-content\/uploads\/2025\/08\/COFFRET-DIST-2x16-32M-P90-ENC-QUITERIOS.png\" \/>\n\t<meta property=\"og:image:width\" content=\"700\" \/>\n\t<meta property=\"og:image:height\" content=\"700\" \/>\n\t<meta property=\"og:image:type\" content=\"image\/png\" \/>\n<meta name=\"twitter:card\" content=\"summary_large_image\" \/>\n<meta name=\"twitter:label1\" content=\"Dur\u00e9e de lecture estim\u00e9e\" \/>\n\t<meta name=\"twitter:data1\" content=\"1 minute\" \/>\n<script type=\"application\/ld+json\" class=\"yoast-schema-graph\">{\"@context\":\"https:\\\/\\\/schema.org\",\"@graph\":[{\"@type\":\"WebPage\",\"@id\":\"https:\\\/\\\/btmtelectric.com\\\/index.php\\\/product\\\/coffret-dist-2x16-32m-p90-enc-quiterios\\\/\",\"url\":\"https:\\\/\\\/btmtelectric.com\\\/index.php\\\/product\\\/coffret-dist-2x16-32m-p90-enc-quiterios\\\/\",\"name\":\"COFFRET DIST (2x16) 32M P90 ENC - QUITERIOS - BTMT ELECTRIC \u2013 Solutions \u00c9lectriques Fiables et Innovantes\",\"isPartOf\":{\"@id\":\"https:\\\/\\\/btmtelectric.com\\\/#website\"},\"primaryImageOfPage\":{\"@id\":\"https:\\\/\\\/btmtelectric.com\\\/index.php\\\/product\\\/coffret-dist-2x16-32m-p90-enc-quiterios\\\/#primaryimage\"},\"image\":{\"@id\":\"https:\\\/\\\/btmtelectric.com\\\/index.php\\\/product\\\/coffret-dist-2x16-32m-p90-enc-quiterios\\\/#primaryimage\"},\"thumbnailUrl\":\"https:\\\/\\\/btmtelectric.com\\\/wp-content\\\/uploads\\\/2025\\\/08\\\/COFFRET-DIST-2x16-32M-P90-ENC-QUITERIOS.png\",\"datePublished\":\"2025-08-29T10:44:21+00:00\",\"breadcrumb\":{\"@id\":\"https:\\\/\\\/btmtelectric.com\\\/index.php\\\/product\\\/coffret-dist-2x16-32m-p90-enc-quiterios\\\/#breadcrumb\"},\"inLanguage\":\"fr-FR\",\"potentialAction\":[{\"@type\":\"ReadAction\",\"target\":[\"https:\\\/\\\/btmtelectric.com\\\/index.php\\\/product\\\/coffret-dist-2x16-32m-p90-enc-quiterios\\\/\"]}]},{\"@type\":\"ImageObject\",\"inLanguage\":\"fr-FR\",\"@id\":\"https:\\\/\\\/btmtelectric.com\\\/index.php\\\/product\\\/coffret-dist-2x16-32m-p90-enc-quiterios\\\/#primaryimage\",\"url\":\"https:\\\/\\\/btmtelectric.com\\\/wp-content\\\/uploads\\\/2025\\\/08\\\/COFFRET-DIST-2x16-32M-P90-ENC-QUITERIOS.png\",\"contentUrl\":\"https:\\\/\\\/btmtelectric.com\\\/wp-content\\\/uploads\\\/2025\\\/08\\\/COFFRET-DIST-2x16-32M-P90-ENC-QUITERIOS.png\",\"width\":700,\"height\":700},{\"@type\":\"BreadcrumbList\",\"@id\":\"https:\\\/\\\/btmtelectric.com\\\/index.php\\\/product\\\/coffret-dist-2x16-32m-p90-enc-quiterios\\\/#breadcrumb\",\"itemListElement\":[{\"@type\":\"ListItem\",\"position\":1,\"name\":\"Accueil\",\"item\":\"https:\\\/\\\/btmtelectric.com\\\/\"},{\"@type\":\"ListItem\",\"position\":2,\"name\":\"Boutique\",\"item\":\"https:\\\/\\\/btmtelectric.com\\\/index.php\\\/boutique\\\/\"},{\"@type\":\"ListItem\",\"position\":3,\"name\":\"COFFRET DIST (2&#215;16) 32M P90 ENC &#8211; QUITERIOS\"}]},{\"@type\":\"WebSite\",\"@id\":\"https:\\\/\\\/btmtelectric.com\\\/#website\",\"url\":\"https:\\\/\\\/btmtelectric.com\\\/\",\"name\":\"BTMT ELECTRIC \u2013 Solutions \u00c9lectriques Fiables et Innovantes\",\"description\":\"\",\"publisher\":{\"@id\":\"https:\\\/\\\/btmtelectric.com\\\/#organization\"},\"potentialAction\":[{\"@type\":\"SearchAction\",\"target\":{\"@type\":\"EntryPoint\",\"urlTemplate\":\"https:\\\/\\\/btmtelectric.com\\\/?s={search_term_string}\"},\"query-input\":{\"@type\":\"PropertyValueSpecification\",\"valueRequired\":true,\"valueName\":\"search_term_string\"}}],\"inLanguage\":\"fr-FR\"},{\"@type\":\"Organization\",\"@id\":\"https:\\\/\\\/btmtelectric.com\\\/#organization\",\"name\":\"BTMT ELECTRIC \u2013 Solutions \u00c9lectriques Fiables et Innovantes\",\"url\":\"https:\\\/\\\/btmtelectric.com\\\/\",\"logo\":{\"@type\":\"ImageObject\",\"inLanguage\":\"fr-FR\",\"@id\":\"https:\\\/\\\/btmtelectric.com\\\/#\\\/schema\\\/logo\\\/image\\\/\",\"url\":\"https:\\\/\\\/btmtelectric.com\\\/wp-content\\\/uploads\\\/2025\\\/07\\\/WhatsApp_Image_2025-07-09_at_11.45.18_AM-removebg-preview-1.png\",\"contentUrl\":\"https:\\\/\\\/btmtelectric.com\\\/wp-content\\\/uploads\\\/2025\\\/07\\\/WhatsApp_Image_2025-07-09_at_11.45.18_AM-removebg-preview-1.png\",\"width\":175,\"height\":42,\"caption\":\"BTMT ELECTRIC \u2013 Solutions \u00c9lectriques Fiables et Innovantes\"},\"image\":{\"@id\":\"https:\\\/\\\/btmtelectric.com\\\/#\\\/schema\\\/logo\\\/image\\\/\"},\"sameAs\":[\"https:\\\/\\\/www.facebook.com\\\/profile.php?id=61578000361796\",\"https:\\\/\\\/www.instagram.com\\\/btmtelectric\\\/\"]}]}<\/script>\n<!-- \/ Yoast SEO plugin. -->","yoast_head_json":{"title":"COFFRET DIST (2x16) 32M P90 ENC - QUITERIOS - BTMT ELECTRIC \u2013 Solutions \u00c9lectriques Fiables et Innovantes","robots":{"index":"index","follow":"follow","max-snippet":"max-snippet:-1","max-image-preview":"max-image-preview:large","max-video-preview":"max-video-preview:-1"},"canonical":"https:\/\/btmtelectric.com\/index.php\/product\/coffret-dist-2x16-32m-p90-enc-quiterios\/","og_locale":"fr_FR","og_type":"article","og_title":"COFFRET DIST (2x16) 32M P90 ENC - QUITERIOS - BTMT ELECTRIC \u2013 Solutions \u00c9lectriques Fiables et Innovantes","og_description":"Coffret \u00e9lectrique Safetymax (2\u00d716) 32M P90 \u2013 Encastr\u00e9 Le coffret \u00e9lectrique Safetymax (2\u00d716) 32M P90 est une solution fiable et robuste pour la protection et la distribution \u00e9lectrique dans les","og_url":"https:\/\/btmtelectric.com\/index.php\/product\/coffret-dist-2x16-32m-p90-enc-quiterios\/","og_site_name":"BTMT ELECTRIC \u2013 Solutions \u00c9lectriques Fiables et Innovantes","article_publisher":"https:\/\/www.facebook.com\/profile.php?id=61578000361796","og_image":[{"width":700,"height":700,"url":"https:\/\/btmtelectric.com\/wp-content\/uploads\/2025\/08\/COFFRET-DIST-2x16-32M-P90-ENC-QUITERIOS.png","type":"image\/png"}],"twitter_card":"summary_large_image","twitter_misc":{"Dur\u00e9e de lecture estim\u00e9e":"1 minute"},"schema":{"@context":"https:\/\/schema.org","@graph":[{"@type":"WebPage","@id":"https:\/\/btmtelectric.com\/index.php\/product\/coffret-dist-2x16-32m-p90-enc-quiterios\/","url":"https:\/\/btmtelectric.com\/index.php\/product\/coffret-dist-2x16-32m-p90-enc-quiterios\/","name":"COFFRET DIST (2x16) 32M P90 ENC - QUITERIOS - BTMT ELECTRIC \u2013 Solutions \u00c9lectriques Fiables et Innovantes","isPartOf":{"@id":"https:\/\/btmtelectric.com\/#website"},"primaryImageOfPage":{"@id":"https:\/\/btmtelectric.com\/index.php\/product\/coffret-dist-2x16-32m-p90-enc-quiterios\/#primaryimage"},"image":{"@id":"https:\/\/btmtelectric.com\/index.php\/product\/coffret-dist-2x16-32m-p90-enc-quiterios\/#primaryimage"},"thumbnailUrl":"https:\/\/btmtelectric.com\/wp-content\/uploads\/2025\/08\/COFFRET-DIST-2x16-32M-P90-ENC-QUITERIOS.png","datePublished":"2025-08-29T10:44:21+00:00","breadcrumb":{"@id":"https:\/\/btmtelectric.com\/index.php\/product\/coffret-dist-2x16-32m-p90-enc-quiterios\/#breadcrumb"},"inLanguage":"fr-FR","potentialAction":[{"@type":"ReadAction","target":["https:\/\/btmtelectric.com\/index.php\/product\/coffret-dist-2x16-32m-p90-enc-quiterios\/"]}]},{"@type":"ImageObject","inLanguage":"fr-FR","@id":"https:\/\/btmtelectric.com\/index.php\/product\/coffret-dist-2x16-32m-p90-enc-quiterios\/#primaryimage","url":"https:\/\/btmtelectric.com\/wp-content\/uploads\/2025\/08\/COFFRET-DIST-2x16-32M-P90-ENC-QUITERIOS.png","contentUrl":"https:\/\/btmtelectric.com\/wp-content\/uploads\/2025\/08\/COFFRET-DIST-2x16-32M-P90-ENC-QUITERIOS.png","width":700,"height":700},{"@type":"BreadcrumbList","@id":"https:\/\/btmtelectric.com\/index.php\/product\/coffret-dist-2x16-32m-p90-enc-quiterios\/#breadcrumb","itemListElement":[{"@type":"ListItem","position":1,"name":"Accueil","item":"https:\/\/btmtelectric.com\/"},{"@type":"ListItem","position":2,"name":"Boutique","item":"https:\/\/btmtelectric.com\/index.php\/boutique\/"},{"@type":"ListItem","position":3,"name":"COFFRET DIST (2&#215;16) 32M P90 ENC &#8211; QUITERIOS"}]},{"@type":"WebSite","@id":"https:\/\/btmtelectric.com\/#website","url":"https:\/\/btmtelectric.com\/","name":"BTMT ELECTRIC \u2013 Solutions \u00c9lectriques Fiables et Innovantes","description":"","publisher":{"@id":"https:\/\/btmtelectric.com\/#organization"},"potentialAction":[{"@type":"SearchAction","target":{"@type":"EntryPoint","urlTemplate":"https:\/\/btmtelectric.com\/?s={search_term_string}"},"query-input":{"@type":"PropertyValueSpecification","valueRequired":true,"valueName":"search_term_string"}}],"inLanguage":"fr-FR"},{"@type":"Organization","@id":"https:\/\/btmtelectric.com\/#organization","name":"BTMT ELECTRIC \u2013 Solutions \u00c9lectriques Fiables et Innovantes","url":"https:\/\/btmtelectric.com\/","logo":{"@type":"ImageObject","inLanguage":"fr-FR","@id":"https:\/\/btmtelectric.com\/#\/schema\/logo\/image\/","url":"https:\/\/btmtelectric.com\/wp-content\/uploads\/2025\/07\/WhatsApp_Image_2025-07-09_at_11.45.18_AM-removebg-preview-1.png","contentUrl":"https:\/\/btmtelectric.com\/wp-content\/uploads\/2025\/07\/WhatsApp_Image_2025-07-09_at_11.45.18_AM-removebg-preview-1.png","width":175,"height":42,"caption":"BTMT ELECTRIC \u2013 Solutions \u00c9lectriques Fiables et Innovantes"},"image":{"@id":"https:\/\/btmtelectric.com\/#\/schema\/logo\/image\/"},"sameAs":["https:\/\/www.facebook.com\/profile.php?id=61578000361796","https:\/\/www.instagram.com\/btmtelectric\/"]}]}},"_links":{"self":[{"href":"https:\/\/btmtelectric.com\/index.php\/wp-json\/wp\/v2\/product\/8892","targetHints":{"allow":["GET"]}}],"collection":[{"href":"https:\/\/btmtelectric.com\/index.php\/wp-json\/wp\/v2\/product"}],"about":[{"href":"https:\/\/btmtelectric.com\/index.php\/wp-json\/wp\/v2\/types\/product"}],"replies":[{"embeddable":true,"href":"https:\/\/btmtelectric.com\/index.php\/wp-json\/wp\/v2\/comments?post=8892"}],"wp:featuredmedia":[{"embeddable":true,"href":"https:\/\/btmtelectric.com\/index.php\/wp-json\/wp\/v2\/media\/8893"}],"wp:attachment":[{"href":"https:\/\/btmtelectric.com\/index.php\/wp-json\/wp\/v2\/media?parent=8892"}],"wp:term":[{"taxonomy":"product_brand","embeddable":true,"href":"https:\/\/btmtelectric.com\/index.php\/wp-json\/wp\/v2\/product_brand?post=8892"},{"taxonomy":"product_cat","embeddable":true,"href":"https:\/\/btmtelectric.com\/index.php\/wp-json\/wp\/v2\/product_cat?post=8892"},{"taxonomy":"product_tag","embeddable":true,"href":"https:\/\/btmtelectric.com\/index.php\/wp-json\/wp\/v2\/product_tag?post=8892"}],"curies":[{"name":"wp","href":"https:\/\/api.w.org\/{rel}","templated":true}]}}