{"id":8889,"date":"2025-08-29T10:40:47","date_gmt":"2025-08-29T10:40:47","guid":{"rendered":"https:\/\/btmtelectric.com\/?post_type=product&#038;p=8889"},"modified":"2025-08-29T10:40:47","modified_gmt":"2025-08-29T10:40:47","slug":"coffret-vdi_rack-400x750-p125-app-quiterios","status":"publish","type":"product","link":"https:\/\/btmtelectric.com\/index.php\/product\/coffret-vdi_rack-400x750-p125-app-quiterios\/","title":{"rendered":"COFFRET VDI_RACK 400&#215;750 P125 APP &#8211; QUITERIOS"},"content":{"rendered":"<h2 data-start=\"80\" data-end=\"132\">Coffret VDI Rack 400\u00d7750 \u2013 Apparent \u2013 Quiterios<\/h2>\n<p data-start=\"134\" data-end=\"461\">Le <strong data-start=\"137\" data-end=\"170\">coffret VDI Rack 400\u00d7750 P125<\/strong> de <strong data-start=\"174\" data-end=\"187\">Quiterios<\/strong> est con\u00e7u pour les installations de <strong data-start=\"224\" data-end=\"244\">courants faibles<\/strong> (Voix, Donn\u00e9es, Images). Il permet de centraliser et de prot\u00e9ger efficacement les \u00e9quipements multim\u00e9dias, informatiques et de communication, tout en offrant une installation simple et rapide en <strong data-start=\"440\" data-end=\"458\">pose apparente<\/strong>.<\/p>\n<h3 data-start=\"468\" data-end=\"505\">Caract\u00e9ristiques principales<\/h3>\n<ul data-start=\"506\" data-end=\"903\">\n<li data-start=\"506\" data-end=\"539\">\n<p data-start=\"508\" data-end=\"539\"><strong data-start=\"508\" data-end=\"522\">Dimensions<\/strong> : 400 \u00d7 750 mm<\/p>\n<\/li>\n<li data-start=\"540\" data-end=\"615\">\n<p data-start=\"542\" data-end=\"615\"><strong data-start=\"542\" data-end=\"558\">Mode de pose<\/strong> : Apparent (montage mural visible, sans encastrement).<\/p>\n<\/li>\n<li data-start=\"616\" data-end=\"746\">\n<p data-start=\"618\" data-end=\"746\"><strong data-start=\"618\" data-end=\"642\">Indice de protection<\/strong> : IP42 \u2192 prot\u00e8ge contre les corps solides sup\u00e9rieurs \u00e0 1 mm et contre les projections d\u2019eau limit\u00e9es.<\/p>\n<\/li>\n<li data-start=\"747\" data-end=\"903\">\n<p data-start=\"749\" data-end=\"766\"><strong data-start=\"749\" data-end=\"762\">Mat\u00e9riaux<\/strong> :<\/p>\n<ul data-start=\"769\" data-end=\"903\">\n<li data-start=\"769\" data-end=\"821\">\n<p data-start=\"771\" data-end=\"821\"><strong data-start=\"771\" data-end=\"789\">Cadre et porte<\/strong> : aluminium robuste et l\u00e9ger.<\/p>\n<\/li>\n<li data-start=\"824\" data-end=\"903\">\n<p data-start=\"826\" data-end=\"903\"><strong data-start=\"826\" data-end=\"839\">Enveloppe<\/strong> : plastique en polystyr\u00e8ne, assurant isolation et r\u00e9sistance.<\/p>\n<h3 data-start=\"910\" data-end=\"952\">Avantages du coffret VDI Quiterios<\/h3>\n<ul data-start=\"953\" data-end=\"1428\">\n<li data-start=\"953\" data-end=\"1058\">\n<p data-start=\"955\" data-end=\"1058\">Sp\u00e9cialement adapt\u00e9 aux <strong data-start=\"979\" data-end=\"1005\">r\u00e9seaux courant faible<\/strong> : informatique, t\u00e9l\u00e9phonie, multim\u00e9dia, domotique.<\/p>\n<\/li>\n<li data-start=\"1059\" data-end=\"1148\">\n<p data-start=\"1061\" data-end=\"1148\">Installation <strong data-start=\"1074\" data-end=\"1089\">en apparent<\/strong> : facile \u00e0 poser et pratique pour les locaux techniques.<\/p>\n<\/li>\n<li data-start=\"1149\" data-end=\"1254\">\n<p data-start=\"1151\" data-end=\"1254\">Design fonctionnel et robuste, id\u00e9al pour les environnements r\u00e9sidentiels, tertiaires ou industriels.<\/p>\n<\/li>\n<li data-start=\"1255\" data-end=\"1333\">\n<p data-start=\"1257\" data-end=\"1333\">Association aluminium + polystyr\u00e8ne \u2192 <strong data-start=\"1295\" data-end=\"1330\">solidit\u00e9, l\u00e9g\u00e8ret\u00e9 et long\u00e9vit\u00e9<\/strong>.<\/p>\n<\/li>\n<li data-start=\"1334\" data-end=\"1428\">\n<p data-start=\"1336\" data-end=\"1428\">Assure la <strong data-start=\"1346\" data-end=\"1392\">protection, l\u2019organisation et la fiabilit\u00e9<\/strong> des \u00e9quipements de communication.<\/p>\n<\/li>\n<li data-start=\"1334\" data-end=\"1428\">\n<p data-start=\"1336\" data-end=\"1428\">Le <strong data-start=\"1441\" data-end=\"1488\">coffret VDI Rack 400\u00d7750 apparent Quiterios<\/strong> est la solution id\u00e9ale pour combiner <strong data-start=\"1526\" data-end=\"1564\">praticit\u00e9, s\u00e9curit\u00e9 et performance<\/strong> dans toutes vos installations de courants faibles.<\/p>\n<\/li>\n<\/ul>\n<\/li>\n<\/ul>\n<\/li>\n<\/ul>\n","protected":false},"excerpt":{"rendered":"<p>Coffret VDI Rack 400\u00d7750 \u2013 Apparent \u2013 Quiterios Le coffret VDI Rack 400\u00d7750 P125 de Quiterios est con\u00e7u pour les installations de courants faibles (Voix, Donn\u00e9es, Images). Il permet de<\/p>\n","protected":false},"featured_media":8890,"comment_status":"open","ping_status":"closed","template":"","meta":{"_acf_changed":false,"content-type":""},"product_brand":[],"product_cat":[366],"product_tag":[],"class_list":{"0":"post-8889","1":"product","2":"type-product","3":"status-publish","4":"has-post-thumbnail","6":"product_cat-coffrets","8":"first","9":"instock","10":"shipping-taxable","11":"purchasable","12":"product-type-simple"},"acf":[],"yoast_head":"<!-- This site is optimized with the Yoast SEO plugin v27.3 - https:\/\/yoast.com\/product\/yoast-seo-wordpress\/ -->\n<title>COFFRET VDI_RACK 400x750 P125 APP - QUITERIOS - BTMT ELECTRIC \u2013 Solutions \u00c9lectriques Fiables et Innovantes<\/title>\n<meta name=\"robots\" content=\"index, follow, max-snippet:-1, max-image-preview:large, max-video-preview:-1\" \/>\n<link rel=\"canonical\" href=\"https:\/\/btmtelectric.com\/index.php\/product\/coffret-vdi_rack-400x750-p125-app-quiterios\/\" \/>\n<meta property=\"og:locale\" content=\"fr_FR\" \/>\n<meta property=\"og:type\" content=\"article\" \/>\n<meta property=\"og:title\" content=\"COFFRET VDI_RACK 400x750 P125 APP - QUITERIOS - BTMT ELECTRIC \u2013 Solutions \u00c9lectriques Fiables et Innovantes\" \/>\n<meta property=\"og:description\" content=\"Coffret VDI Rack 400\u00d7750 \u2013 Apparent \u2013 Quiterios Le coffret VDI Rack 400\u00d7750 P125 de Quiterios est con\u00e7u pour les installations de courants faibles (Voix, Donn\u00e9es, Images). Il permet de\" \/>\n<meta property=\"og:url\" content=\"https:\/\/btmtelectric.com\/index.php\/product\/coffret-vdi_rack-400x750-p125-app-quiterios\/\" \/>\n<meta property=\"og:site_name\" content=\"BTMT ELECTRIC \u2013 Solutions \u00c9lectriques Fiables et Innovantes\" \/>\n<meta property=\"article:publisher\" content=\"https:\/\/www.facebook.com\/profile.php?id=61578000361796\" \/>\n<meta property=\"og:image\" content=\"https:\/\/btmtelectric.com\/wp-content\/uploads\/2025\/08\/COFFRET-VDI_RACK-400x750-P125-APP-QUITERIOS.png\" \/>\n\t<meta property=\"og:image:width\" content=\"600\" \/>\n\t<meta property=\"og:image:height\" content=\"600\" \/>\n\t<meta property=\"og:image:type\" content=\"image\/png\" \/>\n<meta name=\"twitter:card\" content=\"summary_large_image\" \/>\n<meta name=\"twitter:label1\" content=\"Dur\u00e9e de lecture estim\u00e9e\" \/>\n\t<meta name=\"twitter:data1\" content=\"1 minute\" \/>\n<script type=\"application\/ld+json\" class=\"yoast-schema-graph\">{\"@context\":\"https:\\\/\\\/schema.org\",\"@graph\":[{\"@type\":\"WebPage\",\"@id\":\"https:\\\/\\\/btmtelectric.com\\\/index.php\\\/product\\\/coffret-vdi_rack-400x750-p125-app-quiterios\\\/\",\"url\":\"https:\\\/\\\/btmtelectric.com\\\/index.php\\\/product\\\/coffret-vdi_rack-400x750-p125-app-quiterios\\\/\",\"name\":\"COFFRET VDI_RACK 400x750 P125 APP - QUITERIOS - BTMT ELECTRIC \u2013 Solutions \u00c9lectriques Fiables et Innovantes\",\"isPartOf\":{\"@id\":\"https:\\\/\\\/btmtelectric.com\\\/#website\"},\"primaryImageOfPage\":{\"@id\":\"https:\\\/\\\/btmtelectric.com\\\/index.php\\\/product\\\/coffret-vdi_rack-400x750-p125-app-quiterios\\\/#primaryimage\"},\"image\":{\"@id\":\"https:\\\/\\\/btmtelectric.com\\\/index.php\\\/product\\\/coffret-vdi_rack-400x750-p125-app-quiterios\\\/#primaryimage\"},\"thumbnailUrl\":\"https:\\\/\\\/btmtelectric.com\\\/wp-content\\\/uploads\\\/2025\\\/08\\\/COFFRET-VDI_RACK-400x750-P125-APP-QUITERIOS.png\",\"datePublished\":\"2025-08-29T10:40:47+00:00\",\"breadcrumb\":{\"@id\":\"https:\\\/\\\/btmtelectric.com\\\/index.php\\\/product\\\/coffret-vdi_rack-400x750-p125-app-quiterios\\\/#breadcrumb\"},\"inLanguage\":\"fr-FR\",\"potentialAction\":[{\"@type\":\"ReadAction\",\"target\":[\"https:\\\/\\\/btmtelectric.com\\\/index.php\\\/product\\\/coffret-vdi_rack-400x750-p125-app-quiterios\\\/\"]}]},{\"@type\":\"ImageObject\",\"inLanguage\":\"fr-FR\",\"@id\":\"https:\\\/\\\/btmtelectric.com\\\/index.php\\\/product\\\/coffret-vdi_rack-400x750-p125-app-quiterios\\\/#primaryimage\",\"url\":\"https:\\\/\\\/btmtelectric.com\\\/wp-content\\\/uploads\\\/2025\\\/08\\\/COFFRET-VDI_RACK-400x750-P125-APP-QUITERIOS.png\",\"contentUrl\":\"https:\\\/\\\/btmtelectric.com\\\/wp-content\\\/uploads\\\/2025\\\/08\\\/COFFRET-VDI_RACK-400x750-P125-APP-QUITERIOS.png\",\"width\":600,\"height\":600},{\"@type\":\"BreadcrumbList\",\"@id\":\"https:\\\/\\\/btmtelectric.com\\\/index.php\\\/product\\\/coffret-vdi_rack-400x750-p125-app-quiterios\\\/#breadcrumb\",\"itemListElement\":[{\"@type\":\"ListItem\",\"position\":1,\"name\":\"Accueil\",\"item\":\"https:\\\/\\\/btmtelectric.com\\\/\"},{\"@type\":\"ListItem\",\"position\":2,\"name\":\"Boutique\",\"item\":\"https:\\\/\\\/btmtelectric.com\\\/index.php\\\/boutique\\\/\"},{\"@type\":\"ListItem\",\"position\":3,\"name\":\"COFFRET VDI_RACK 400&#215;750 P125 APP &#8211; QUITERIOS\"}]},{\"@type\":\"WebSite\",\"@id\":\"https:\\\/\\\/btmtelectric.com\\\/#website\",\"url\":\"https:\\\/\\\/btmtelectric.com\\\/\",\"name\":\"BTMT ELECTRIC \u2013 Solutions \u00c9lectriques Fiables et Innovantes\",\"description\":\"\",\"publisher\":{\"@id\":\"https:\\\/\\\/btmtelectric.com\\\/#organization\"},\"potentialAction\":[{\"@type\":\"SearchAction\",\"target\":{\"@type\":\"EntryPoint\",\"urlTemplate\":\"https:\\\/\\\/btmtelectric.com\\\/?s={search_term_string}\"},\"query-input\":{\"@type\":\"PropertyValueSpecification\",\"valueRequired\":true,\"valueName\":\"search_term_string\"}}],\"inLanguage\":\"fr-FR\"},{\"@type\":\"Organization\",\"@id\":\"https:\\\/\\\/btmtelectric.com\\\/#organization\",\"name\":\"BTMT ELECTRIC \u2013 Solutions \u00c9lectriques Fiables et Innovantes\",\"url\":\"https:\\\/\\\/btmtelectric.com\\\/\",\"logo\":{\"@type\":\"ImageObject\",\"inLanguage\":\"fr-FR\",\"@id\":\"https:\\\/\\\/btmtelectric.com\\\/#\\\/schema\\\/logo\\\/image\\\/\",\"url\":\"https:\\\/\\\/btmtelectric.com\\\/wp-content\\\/uploads\\\/2025\\\/07\\\/WhatsApp_Image_2025-07-09_at_11.45.18_AM-removebg-preview-1.png\",\"contentUrl\":\"https:\\\/\\\/btmtelectric.com\\\/wp-content\\\/uploads\\\/2025\\\/07\\\/WhatsApp_Image_2025-07-09_at_11.45.18_AM-removebg-preview-1.png\",\"width\":175,\"height\":42,\"caption\":\"BTMT ELECTRIC \u2013 Solutions \u00c9lectriques Fiables et Innovantes\"},\"image\":{\"@id\":\"https:\\\/\\\/btmtelectric.com\\\/#\\\/schema\\\/logo\\\/image\\\/\"},\"sameAs\":[\"https:\\\/\\\/www.facebook.com\\\/profile.php?id=61578000361796\",\"https:\\\/\\\/www.instagram.com\\\/btmtelectric\\\/\"]}]}<\/script>\n<!-- \/ Yoast SEO plugin. -->","yoast_head_json":{"title":"COFFRET VDI_RACK 400x750 P125 APP - QUITERIOS - BTMT ELECTRIC \u2013 Solutions \u00c9lectriques Fiables et Innovantes","robots":{"index":"index","follow":"follow","max-snippet":"max-snippet:-1","max-image-preview":"max-image-preview:large","max-video-preview":"max-video-preview:-1"},"canonical":"https:\/\/btmtelectric.com\/index.php\/product\/coffret-vdi_rack-400x750-p125-app-quiterios\/","og_locale":"fr_FR","og_type":"article","og_title":"COFFRET VDI_RACK 400x750 P125 APP - QUITERIOS - BTMT ELECTRIC \u2013 Solutions \u00c9lectriques Fiables et Innovantes","og_description":"Coffret VDI Rack 400\u00d7750 \u2013 Apparent \u2013 Quiterios Le coffret VDI Rack 400\u00d7750 P125 de Quiterios est con\u00e7u pour les installations de courants faibles (Voix, Donn\u00e9es, Images). Il permet de","og_url":"https:\/\/btmtelectric.com\/index.php\/product\/coffret-vdi_rack-400x750-p125-app-quiterios\/","og_site_name":"BTMT ELECTRIC \u2013 Solutions \u00c9lectriques Fiables et Innovantes","article_publisher":"https:\/\/www.facebook.com\/profile.php?id=61578000361796","og_image":[{"width":600,"height":600,"url":"https:\/\/btmtelectric.com\/wp-content\/uploads\/2025\/08\/COFFRET-VDI_RACK-400x750-P125-APP-QUITERIOS.png","type":"image\/png"}],"twitter_card":"summary_large_image","twitter_misc":{"Dur\u00e9e de lecture estim\u00e9e":"1 minute"},"schema":{"@context":"https:\/\/schema.org","@graph":[{"@type":"WebPage","@id":"https:\/\/btmtelectric.com\/index.php\/product\/coffret-vdi_rack-400x750-p125-app-quiterios\/","url":"https:\/\/btmtelectric.com\/index.php\/product\/coffret-vdi_rack-400x750-p125-app-quiterios\/","name":"COFFRET VDI_RACK 400x750 P125 APP - QUITERIOS - BTMT ELECTRIC \u2013 Solutions \u00c9lectriques Fiables et Innovantes","isPartOf":{"@id":"https:\/\/btmtelectric.com\/#website"},"primaryImageOfPage":{"@id":"https:\/\/btmtelectric.com\/index.php\/product\/coffret-vdi_rack-400x750-p125-app-quiterios\/#primaryimage"},"image":{"@id":"https:\/\/btmtelectric.com\/index.php\/product\/coffret-vdi_rack-400x750-p125-app-quiterios\/#primaryimage"},"thumbnailUrl":"https:\/\/btmtelectric.com\/wp-content\/uploads\/2025\/08\/COFFRET-VDI_RACK-400x750-P125-APP-QUITERIOS.png","datePublished":"2025-08-29T10:40:47+00:00","breadcrumb":{"@id":"https:\/\/btmtelectric.com\/index.php\/product\/coffret-vdi_rack-400x750-p125-app-quiterios\/#breadcrumb"},"inLanguage":"fr-FR","potentialAction":[{"@type":"ReadAction","target":["https:\/\/btmtelectric.com\/index.php\/product\/coffret-vdi_rack-400x750-p125-app-quiterios\/"]}]},{"@type":"ImageObject","inLanguage":"fr-FR","@id":"https:\/\/btmtelectric.com\/index.php\/product\/coffret-vdi_rack-400x750-p125-app-quiterios\/#primaryimage","url":"https:\/\/btmtelectric.com\/wp-content\/uploads\/2025\/08\/COFFRET-VDI_RACK-400x750-P125-APP-QUITERIOS.png","contentUrl":"https:\/\/btmtelectric.com\/wp-content\/uploads\/2025\/08\/COFFRET-VDI_RACK-400x750-P125-APP-QUITERIOS.png","width":600,"height":600},{"@type":"BreadcrumbList","@id":"https:\/\/btmtelectric.com\/index.php\/product\/coffret-vdi_rack-400x750-p125-app-quiterios\/#breadcrumb","itemListElement":[{"@type":"ListItem","position":1,"name":"Accueil","item":"https:\/\/btmtelectric.com\/"},{"@type":"ListItem","position":2,"name":"Boutique","item":"https:\/\/btmtelectric.com\/index.php\/boutique\/"},{"@type":"ListItem","position":3,"name":"COFFRET VDI_RACK 400&#215;750 P125 APP &#8211; QUITERIOS"}]},{"@type":"WebSite","@id":"https:\/\/btmtelectric.com\/#website","url":"https:\/\/btmtelectric.com\/","name":"BTMT ELECTRIC \u2013 Solutions \u00c9lectriques Fiables et Innovantes","description":"","publisher":{"@id":"https:\/\/btmtelectric.com\/#organization"},"potentialAction":[{"@type":"SearchAction","target":{"@type":"EntryPoint","urlTemplate":"https:\/\/btmtelectric.com\/?s={search_term_string}"},"query-input":{"@type":"PropertyValueSpecification","valueRequired":true,"valueName":"search_term_string"}}],"inLanguage":"fr-FR"},{"@type":"Organization","@id":"https:\/\/btmtelectric.com\/#organization","name":"BTMT ELECTRIC \u2013 Solutions \u00c9lectriques Fiables et Innovantes","url":"https:\/\/btmtelectric.com\/","logo":{"@type":"ImageObject","inLanguage":"fr-FR","@id":"https:\/\/btmtelectric.com\/#\/schema\/logo\/image\/","url":"https:\/\/btmtelectric.com\/wp-content\/uploads\/2025\/07\/WhatsApp_Image_2025-07-09_at_11.45.18_AM-removebg-preview-1.png","contentUrl":"https:\/\/btmtelectric.com\/wp-content\/uploads\/2025\/07\/WhatsApp_Image_2025-07-09_at_11.45.18_AM-removebg-preview-1.png","width":175,"height":42,"caption":"BTMT ELECTRIC \u2013 Solutions \u00c9lectriques Fiables et Innovantes"},"image":{"@id":"https:\/\/btmtelectric.com\/#\/schema\/logo\/image\/"},"sameAs":["https:\/\/www.facebook.com\/profile.php?id=61578000361796","https:\/\/www.instagram.com\/btmtelectric\/"]}]}},"_links":{"self":[{"href":"https:\/\/btmtelectric.com\/index.php\/wp-json\/wp\/v2\/product\/8889","targetHints":{"allow":["GET"]}}],"collection":[{"href":"https:\/\/btmtelectric.com\/index.php\/wp-json\/wp\/v2\/product"}],"about":[{"href":"https:\/\/btmtelectric.com\/index.php\/wp-json\/wp\/v2\/types\/product"}],"replies":[{"embeddable":true,"href":"https:\/\/btmtelectric.com\/index.php\/wp-json\/wp\/v2\/comments?post=8889"}],"wp:featuredmedia":[{"embeddable":true,"href":"https:\/\/btmtelectric.com\/index.php\/wp-json\/wp\/v2\/media\/8890"}],"wp:attachment":[{"href":"https:\/\/btmtelectric.com\/index.php\/wp-json\/wp\/v2\/media?parent=8889"}],"wp:term":[{"taxonomy":"product_brand","embeddable":true,"href":"https:\/\/btmtelectric.com\/index.php\/wp-json\/wp\/v2\/product_brand?post=8889"},{"taxonomy":"product_cat","embeddable":true,"href":"https:\/\/btmtelectric.com\/index.php\/wp-json\/wp\/v2\/product_cat?post=8889"},{"taxonomy":"product_tag","embeddable":true,"href":"https:\/\/btmtelectric.com\/index.php\/wp-json\/wp\/v2\/product_tag?post=8889"}],"curies":[{"name":"wp","href":"https:\/\/api.w.org\/{rel}","templated":true}]}}