{"id":8887,"date":"2025-08-29T10:32:13","date_gmt":"2025-08-29T10:32:13","guid":{"rendered":"https:\/\/btmtelectric.com\/?post_type=product&#038;p=8887"},"modified":"2025-08-29T10:32:13","modified_gmt":"2025-08-29T10:32:13","slug":"coffret-vdi_rack-400x375-p125-app-quiterios","status":"publish","type":"product","link":"https:\/\/btmtelectric.com\/index.php\/product\/coffret-vdi_rack-400x375-p125-app-quiterios\/","title":{"rendered":"COFFRET VDI_RACK 400&#215;375 P125 APP &#8211; QUITERIOS"},"content":{"rendered":"<h2 data-start=\"74\" data-end=\"126\">Coffret VDI Rack 400\u00d7375 \u2013 Apparent \u2013 Quiterios<\/h2>\n<p data-start=\"128\" data-end=\"413\">Le <strong data-start=\"131\" data-end=\"164\">coffret VDI Rack 400\u00d7375 P125<\/strong> de <strong data-start=\"168\" data-end=\"181\">Quiterios<\/strong> est sp\u00e9cialement con\u00e7u pour les installations de <strong data-start=\"231\" data-end=\"251\">courants faibles<\/strong> (Voix, Donn\u00e9es, Images). Compact et robuste, il permet de centraliser, organiser et prot\u00e9ger vos \u00e9quipements de communication et multim\u00e9dia en toute fiabilit\u00e9.<\/p>\n<h3 data-start=\"420\" data-end=\"457\">Caract\u00e9ristiques principales<\/h3>\n<ul data-start=\"458\" data-end=\"878\">\n<li data-start=\"458\" data-end=\"491\">\n<p data-start=\"460\" data-end=\"491\"><strong data-start=\"460\" data-end=\"474\">Dimensions<\/strong> : 400 \u00d7 375 mm<\/p>\n<\/li>\n<li data-start=\"492\" data-end=\"574\">\n<p data-start=\"494\" data-end=\"574\"><strong data-start=\"494\" data-end=\"510\">Mode de pose<\/strong> : Apparent (installation murale, visible, sans encastrement).<\/p>\n<\/li>\n<li data-start=\"575\" data-end=\"707\">\n<p data-start=\"577\" data-end=\"707\"><strong data-start=\"577\" data-end=\"601\">Indice de protection<\/strong> : IP42 \u2192 protection contre les corps solides sup\u00e9rieurs \u00e0 1 mm et contre les projections d\u2019eau l\u00e9g\u00e8res.<\/p>\n<\/li>\n<li data-start=\"708\" data-end=\"878\">\n<p data-start=\"710\" data-end=\"727\"><strong data-start=\"710\" data-end=\"723\">Mat\u00e9riaux<\/strong> :<\/p>\n<ul data-start=\"730\" data-end=\"878\">\n<li data-start=\"730\" data-end=\"792\">\n<p data-start=\"732\" data-end=\"792\"><strong data-start=\"732\" data-end=\"750\">Cadre et porte<\/strong> : aluminium solide, l\u00e9ger et r\u00e9sistant.<\/p>\n<\/li>\n<li data-start=\"795\" data-end=\"878\">\n<p data-start=\"797\" data-end=\"878\"><strong data-start=\"797\" data-end=\"810\">Enveloppe<\/strong> : plastique en polystyr\u00e8ne, garantissant isolation et durabilit\u00e9.<\/p>\n<h3 data-start=\"885\" data-end=\"927\">Avantages du coffret VDI Quiterios<\/h3>\n<ul data-start=\"928\" data-end=\"1320\">\n<li data-start=\"928\" data-end=\"1026\">\n<p data-start=\"930\" data-end=\"1026\">Id\u00e9al pour les <strong data-start=\"945\" data-end=\"971\">r\u00e9seaux courant faible<\/strong> : informatique, multim\u00e9dia, t\u00e9l\u00e9phonie et domotique.<\/p>\n<\/li>\n<li data-start=\"1027\" data-end=\"1119\">\n<p data-start=\"1029\" data-end=\"1119\">Installation <strong data-start=\"1042\" data-end=\"1057\">en apparent<\/strong>, pratique et rapide, adapt\u00e9e aux environnements techniques.<\/p>\n<\/li>\n<li data-start=\"1120\" data-end=\"1154\">\n<p data-start=\"1122\" data-end=\"1154\">Design fonctionnel et moderne.<\/p>\n<\/li>\n<li data-start=\"1155\" data-end=\"1221\">\n<p data-start=\"1157\" data-end=\"1221\">Combinaison aluminium + polystyr\u00e8ne \u2192 robustesse et long\u00e9vit\u00e9.<\/p>\n<\/li>\n<li data-start=\"1222\" data-end=\"1320\">\n<p data-start=\"1224\" data-end=\"1320\">Optimise la <strong data-start=\"1236\" data-end=\"1281\">protection, l\u2019organisation et la s\u00e9curit\u00e9<\/strong> de vos \u00e9quipements de communication.<\/p>\n<\/li>\n<li data-start=\"1222\" data-end=\"1320\">\n<p data-start=\"1224\" data-end=\"1320\">Le <strong data-start=\"1333\" data-end=\"1380\">coffret VDI Rack 400\u00d7375 apparent Quiterios<\/strong> est une solution fiable et pratique pour garantir la performance et la durabilit\u00e9 de vos installations de courants faibles, que ce soit en milieu r\u00e9sidentiel, tertiaire ou industriel.<\/p>\n<\/li>\n<\/ul>\n<\/li>\n<\/ul>\n<\/li>\n<\/ul>\n","protected":false},"excerpt":{"rendered":"<p>Coffret VDI Rack 400\u00d7375 \u2013 Apparent \u2013 Quiterios Le coffret VDI Rack 400\u00d7375 P125 de Quiterios est sp\u00e9cialement con\u00e7u pour les installations de courants faibles (Voix, Donn\u00e9es, Images). Compact et<\/p>\n","protected":false},"featured_media":8888,"comment_status":"open","ping_status":"closed","template":"","meta":{"_acf_changed":false,"content-type":""},"product_brand":[],"product_cat":[366],"product_tag":[],"class_list":{"0":"post-8887","1":"product","2":"type-product","3":"status-publish","4":"has-post-thumbnail","6":"product_cat-coffrets","8":"first","9":"instock","10":"shipping-taxable","11":"purchasable","12":"product-type-simple"},"acf":[],"yoast_head":"<!-- This site is optimized with the Yoast SEO plugin v27.3 - https:\/\/yoast.com\/product\/yoast-seo-wordpress\/ -->\n<title>COFFRET VDI_RACK 400x375 P125 APP - QUITERIOS - BTMT ELECTRIC \u2013 Solutions \u00c9lectriques Fiables et Innovantes<\/title>\n<meta name=\"robots\" content=\"index, follow, max-snippet:-1, max-image-preview:large, max-video-preview:-1\" \/>\n<link rel=\"canonical\" href=\"https:\/\/btmtelectric.com\/index.php\/product\/coffret-vdi_rack-400x375-p125-app-quiterios\/\" \/>\n<meta property=\"og:locale\" content=\"fr_FR\" \/>\n<meta property=\"og:type\" content=\"article\" \/>\n<meta property=\"og:title\" content=\"COFFRET VDI_RACK 400x375 P125 APP - QUITERIOS - BTMT ELECTRIC \u2013 Solutions \u00c9lectriques Fiables et Innovantes\" \/>\n<meta property=\"og:description\" content=\"Coffret VDI Rack 400\u00d7375 \u2013 Apparent \u2013 Quiterios Le coffret VDI Rack 400\u00d7375 P125 de Quiterios est sp\u00e9cialement con\u00e7u pour les installations de courants faibles (Voix, Donn\u00e9es, Images). Compact et\" \/>\n<meta property=\"og:url\" content=\"https:\/\/btmtelectric.com\/index.php\/product\/coffret-vdi_rack-400x375-p125-app-quiterios\/\" \/>\n<meta property=\"og:site_name\" content=\"BTMT ELECTRIC \u2013 Solutions \u00c9lectriques Fiables et Innovantes\" \/>\n<meta property=\"article:publisher\" content=\"https:\/\/www.facebook.com\/profile.php?id=61578000361796\" \/>\n<meta property=\"og:image\" content=\"https:\/\/btmtelectric.com\/wp-content\/uploads\/2025\/08\/Coffret-VDI-Rack-400\u00d7375-\u2013-Apparent-\u2013-Quiterios.jpg\" \/>\n\t<meta property=\"og:image:width\" content=\"700\" \/>\n\t<meta property=\"og:image:height\" content=\"800\" \/>\n\t<meta property=\"og:image:type\" content=\"image\/jpeg\" \/>\n<meta name=\"twitter:card\" content=\"summary_large_image\" \/>\n<meta name=\"twitter:label1\" content=\"Dur\u00e9e de lecture estim\u00e9e\" \/>\n\t<meta name=\"twitter:data1\" content=\"1 minute\" \/>\n<script type=\"application\/ld+json\" class=\"yoast-schema-graph\">{\"@context\":\"https:\\\/\\\/schema.org\",\"@graph\":[{\"@type\":\"WebPage\",\"@id\":\"https:\\\/\\\/btmtelectric.com\\\/index.php\\\/product\\\/coffret-vdi_rack-400x375-p125-app-quiterios\\\/\",\"url\":\"https:\\\/\\\/btmtelectric.com\\\/index.php\\\/product\\\/coffret-vdi_rack-400x375-p125-app-quiterios\\\/\",\"name\":\"COFFRET VDI_RACK 400x375 P125 APP - QUITERIOS - BTMT ELECTRIC \u2013 Solutions \u00c9lectriques Fiables et Innovantes\",\"isPartOf\":{\"@id\":\"https:\\\/\\\/btmtelectric.com\\\/#website\"},\"primaryImageOfPage\":{\"@id\":\"https:\\\/\\\/btmtelectric.com\\\/index.php\\\/product\\\/coffret-vdi_rack-400x375-p125-app-quiterios\\\/#primaryimage\"},\"image\":{\"@id\":\"https:\\\/\\\/btmtelectric.com\\\/index.php\\\/product\\\/coffret-vdi_rack-400x375-p125-app-quiterios\\\/#primaryimage\"},\"thumbnailUrl\":\"https:\\\/\\\/btmtelectric.com\\\/wp-content\\\/uploads\\\/2025\\\/08\\\/Coffret-VDI-Rack-400\u00d7375-\u2013-Apparent-\u2013-Quiterios.jpg\",\"datePublished\":\"2025-08-29T10:32:13+00:00\",\"breadcrumb\":{\"@id\":\"https:\\\/\\\/btmtelectric.com\\\/index.php\\\/product\\\/coffret-vdi_rack-400x375-p125-app-quiterios\\\/#breadcrumb\"},\"inLanguage\":\"fr-FR\",\"potentialAction\":[{\"@type\":\"ReadAction\",\"target\":[\"https:\\\/\\\/btmtelectric.com\\\/index.php\\\/product\\\/coffret-vdi_rack-400x375-p125-app-quiterios\\\/\"]}]},{\"@type\":\"ImageObject\",\"inLanguage\":\"fr-FR\",\"@id\":\"https:\\\/\\\/btmtelectric.com\\\/index.php\\\/product\\\/coffret-vdi_rack-400x375-p125-app-quiterios\\\/#primaryimage\",\"url\":\"https:\\\/\\\/btmtelectric.com\\\/wp-content\\\/uploads\\\/2025\\\/08\\\/Coffret-VDI-Rack-400\u00d7375-\u2013-Apparent-\u2013-Quiterios.jpg\",\"contentUrl\":\"https:\\\/\\\/btmtelectric.com\\\/wp-content\\\/uploads\\\/2025\\\/08\\\/Coffret-VDI-Rack-400\u00d7375-\u2013-Apparent-\u2013-Quiterios.jpg\",\"width\":700,\"height\":800},{\"@type\":\"BreadcrumbList\",\"@id\":\"https:\\\/\\\/btmtelectric.com\\\/index.php\\\/product\\\/coffret-vdi_rack-400x375-p125-app-quiterios\\\/#breadcrumb\",\"itemListElement\":[{\"@type\":\"ListItem\",\"position\":1,\"name\":\"Accueil\",\"item\":\"https:\\\/\\\/btmtelectric.com\\\/\"},{\"@type\":\"ListItem\",\"position\":2,\"name\":\"Boutique\",\"item\":\"https:\\\/\\\/btmtelectric.com\\\/index.php\\\/boutique\\\/\"},{\"@type\":\"ListItem\",\"position\":3,\"name\":\"COFFRET VDI_RACK 400&#215;375 P125 APP &#8211; QUITERIOS\"}]},{\"@type\":\"WebSite\",\"@id\":\"https:\\\/\\\/btmtelectric.com\\\/#website\",\"url\":\"https:\\\/\\\/btmtelectric.com\\\/\",\"name\":\"BTMT ELECTRIC \u2013 Solutions \u00c9lectriques Fiables et Innovantes\",\"description\":\"\",\"publisher\":{\"@id\":\"https:\\\/\\\/btmtelectric.com\\\/#organization\"},\"potentialAction\":[{\"@type\":\"SearchAction\",\"target\":{\"@type\":\"EntryPoint\",\"urlTemplate\":\"https:\\\/\\\/btmtelectric.com\\\/?s={search_term_string}\"},\"query-input\":{\"@type\":\"PropertyValueSpecification\",\"valueRequired\":true,\"valueName\":\"search_term_string\"}}],\"inLanguage\":\"fr-FR\"},{\"@type\":\"Organization\",\"@id\":\"https:\\\/\\\/btmtelectric.com\\\/#organization\",\"name\":\"BTMT ELECTRIC \u2013 Solutions \u00c9lectriques Fiables et Innovantes\",\"url\":\"https:\\\/\\\/btmtelectric.com\\\/\",\"logo\":{\"@type\":\"ImageObject\",\"inLanguage\":\"fr-FR\",\"@id\":\"https:\\\/\\\/btmtelectric.com\\\/#\\\/schema\\\/logo\\\/image\\\/\",\"url\":\"https:\\\/\\\/btmtelectric.com\\\/wp-content\\\/uploads\\\/2025\\\/07\\\/WhatsApp_Image_2025-07-09_at_11.45.18_AM-removebg-preview-1.png\",\"contentUrl\":\"https:\\\/\\\/btmtelectric.com\\\/wp-content\\\/uploads\\\/2025\\\/07\\\/WhatsApp_Image_2025-07-09_at_11.45.18_AM-removebg-preview-1.png\",\"width\":175,\"height\":42,\"caption\":\"BTMT ELECTRIC \u2013 Solutions \u00c9lectriques Fiables et Innovantes\"},\"image\":{\"@id\":\"https:\\\/\\\/btmtelectric.com\\\/#\\\/schema\\\/logo\\\/image\\\/\"},\"sameAs\":[\"https:\\\/\\\/www.facebook.com\\\/profile.php?id=61578000361796\",\"https:\\\/\\\/www.instagram.com\\\/btmtelectric\\\/\"]}]}<\/script>\n<!-- \/ Yoast SEO plugin. -->","yoast_head_json":{"title":"COFFRET VDI_RACK 400x375 P125 APP - QUITERIOS - BTMT ELECTRIC \u2013 Solutions \u00c9lectriques Fiables et Innovantes","robots":{"index":"index","follow":"follow","max-snippet":"max-snippet:-1","max-image-preview":"max-image-preview:large","max-video-preview":"max-video-preview:-1"},"canonical":"https:\/\/btmtelectric.com\/index.php\/product\/coffret-vdi_rack-400x375-p125-app-quiterios\/","og_locale":"fr_FR","og_type":"article","og_title":"COFFRET VDI_RACK 400x375 P125 APP - QUITERIOS - BTMT ELECTRIC \u2013 Solutions \u00c9lectriques Fiables et Innovantes","og_description":"Coffret VDI Rack 400\u00d7375 \u2013 Apparent \u2013 Quiterios Le coffret VDI Rack 400\u00d7375 P125 de Quiterios est sp\u00e9cialement con\u00e7u pour les installations de courants faibles (Voix, Donn\u00e9es, Images). Compact et","og_url":"https:\/\/btmtelectric.com\/index.php\/product\/coffret-vdi_rack-400x375-p125-app-quiterios\/","og_site_name":"BTMT ELECTRIC \u2013 Solutions \u00c9lectriques Fiables et Innovantes","article_publisher":"https:\/\/www.facebook.com\/profile.php?id=61578000361796","og_image":[{"width":700,"height":800,"url":"https:\/\/btmtelectric.com\/wp-content\/uploads\/2025\/08\/Coffret-VDI-Rack-400\u00d7375-\u2013-Apparent-\u2013-Quiterios.jpg","type":"image\/jpeg"}],"twitter_card":"summary_large_image","twitter_misc":{"Dur\u00e9e de lecture estim\u00e9e":"1 minute"},"schema":{"@context":"https:\/\/schema.org","@graph":[{"@type":"WebPage","@id":"https:\/\/btmtelectric.com\/index.php\/product\/coffret-vdi_rack-400x375-p125-app-quiterios\/","url":"https:\/\/btmtelectric.com\/index.php\/product\/coffret-vdi_rack-400x375-p125-app-quiterios\/","name":"COFFRET VDI_RACK 400x375 P125 APP - QUITERIOS - BTMT ELECTRIC \u2013 Solutions \u00c9lectriques Fiables et Innovantes","isPartOf":{"@id":"https:\/\/btmtelectric.com\/#website"},"primaryImageOfPage":{"@id":"https:\/\/btmtelectric.com\/index.php\/product\/coffret-vdi_rack-400x375-p125-app-quiterios\/#primaryimage"},"image":{"@id":"https:\/\/btmtelectric.com\/index.php\/product\/coffret-vdi_rack-400x375-p125-app-quiterios\/#primaryimage"},"thumbnailUrl":"https:\/\/btmtelectric.com\/wp-content\/uploads\/2025\/08\/Coffret-VDI-Rack-400\u00d7375-\u2013-Apparent-\u2013-Quiterios.jpg","datePublished":"2025-08-29T10:32:13+00:00","breadcrumb":{"@id":"https:\/\/btmtelectric.com\/index.php\/product\/coffret-vdi_rack-400x375-p125-app-quiterios\/#breadcrumb"},"inLanguage":"fr-FR","potentialAction":[{"@type":"ReadAction","target":["https:\/\/btmtelectric.com\/index.php\/product\/coffret-vdi_rack-400x375-p125-app-quiterios\/"]}]},{"@type":"ImageObject","inLanguage":"fr-FR","@id":"https:\/\/btmtelectric.com\/index.php\/product\/coffret-vdi_rack-400x375-p125-app-quiterios\/#primaryimage","url":"https:\/\/btmtelectric.com\/wp-content\/uploads\/2025\/08\/Coffret-VDI-Rack-400\u00d7375-\u2013-Apparent-\u2013-Quiterios.jpg","contentUrl":"https:\/\/btmtelectric.com\/wp-content\/uploads\/2025\/08\/Coffret-VDI-Rack-400\u00d7375-\u2013-Apparent-\u2013-Quiterios.jpg","width":700,"height":800},{"@type":"BreadcrumbList","@id":"https:\/\/btmtelectric.com\/index.php\/product\/coffret-vdi_rack-400x375-p125-app-quiterios\/#breadcrumb","itemListElement":[{"@type":"ListItem","position":1,"name":"Accueil","item":"https:\/\/btmtelectric.com\/"},{"@type":"ListItem","position":2,"name":"Boutique","item":"https:\/\/btmtelectric.com\/index.php\/boutique\/"},{"@type":"ListItem","position":3,"name":"COFFRET VDI_RACK 400&#215;375 P125 APP &#8211; QUITERIOS"}]},{"@type":"WebSite","@id":"https:\/\/btmtelectric.com\/#website","url":"https:\/\/btmtelectric.com\/","name":"BTMT ELECTRIC \u2013 Solutions \u00c9lectriques Fiables et Innovantes","description":"","publisher":{"@id":"https:\/\/btmtelectric.com\/#organization"},"potentialAction":[{"@type":"SearchAction","target":{"@type":"EntryPoint","urlTemplate":"https:\/\/btmtelectric.com\/?s={search_term_string}"},"query-input":{"@type":"PropertyValueSpecification","valueRequired":true,"valueName":"search_term_string"}}],"inLanguage":"fr-FR"},{"@type":"Organization","@id":"https:\/\/btmtelectric.com\/#organization","name":"BTMT ELECTRIC \u2013 Solutions \u00c9lectriques Fiables et Innovantes","url":"https:\/\/btmtelectric.com\/","logo":{"@type":"ImageObject","inLanguage":"fr-FR","@id":"https:\/\/btmtelectric.com\/#\/schema\/logo\/image\/","url":"https:\/\/btmtelectric.com\/wp-content\/uploads\/2025\/07\/WhatsApp_Image_2025-07-09_at_11.45.18_AM-removebg-preview-1.png","contentUrl":"https:\/\/btmtelectric.com\/wp-content\/uploads\/2025\/07\/WhatsApp_Image_2025-07-09_at_11.45.18_AM-removebg-preview-1.png","width":175,"height":42,"caption":"BTMT ELECTRIC \u2013 Solutions \u00c9lectriques Fiables et Innovantes"},"image":{"@id":"https:\/\/btmtelectric.com\/#\/schema\/logo\/image\/"},"sameAs":["https:\/\/www.facebook.com\/profile.php?id=61578000361796","https:\/\/www.instagram.com\/btmtelectric\/"]}]}},"_links":{"self":[{"href":"https:\/\/btmtelectric.com\/index.php\/wp-json\/wp\/v2\/product\/8887","targetHints":{"allow":["GET"]}}],"collection":[{"href":"https:\/\/btmtelectric.com\/index.php\/wp-json\/wp\/v2\/product"}],"about":[{"href":"https:\/\/btmtelectric.com\/index.php\/wp-json\/wp\/v2\/types\/product"}],"replies":[{"embeddable":true,"href":"https:\/\/btmtelectric.com\/index.php\/wp-json\/wp\/v2\/comments?post=8887"}],"wp:featuredmedia":[{"embeddable":true,"href":"https:\/\/btmtelectric.com\/index.php\/wp-json\/wp\/v2\/media\/8888"}],"wp:attachment":[{"href":"https:\/\/btmtelectric.com\/index.php\/wp-json\/wp\/v2\/media?parent=8887"}],"wp:term":[{"taxonomy":"product_brand","embeddable":true,"href":"https:\/\/btmtelectric.com\/index.php\/wp-json\/wp\/v2\/product_brand?post=8887"},{"taxonomy":"product_cat","embeddable":true,"href":"https:\/\/btmtelectric.com\/index.php\/wp-json\/wp\/v2\/product_cat?post=8887"},{"taxonomy":"product_tag","embeddable":true,"href":"https:\/\/btmtelectric.com\/index.php\/wp-json\/wp\/v2\/product_tag?post=8887"}],"curies":[{"name":"wp","href":"https:\/\/api.w.org\/{rel}","templated":true}]}}