{"id":8876,"date":"2025-08-29T09:41:47","date_gmt":"2025-08-29T09:41:47","guid":{"rendered":"https:\/\/btmtelectric.com\/?post_type=product&#038;p=8876"},"modified":"2025-08-29T09:41:47","modified_gmt":"2025-08-29T09:41:47","slug":"projecteur-solaire-led-300w-tk03-radiance-avec-son-panneau-solaire","status":"publish","type":"product","link":"https:\/\/btmtelectric.com\/index.php\/product\/projecteur-solaire-led-300w-tk03-radiance-avec-son-panneau-solaire\/","title":{"rendered":"PROJECTEUR SOLAIRE LED 300W TK03 RADIANCE AVEC SON PANNEAU SOLAIRE"},"content":{"rendered":"<h2 data-start=\"85\" data-end=\"145\">Projecteur Solaire LED 300W avec Panneau Solaire \u2013 IP65<\/h2>\n<p data-start=\"147\" data-end=\"509\">Le <strong data-start=\"150\" data-end=\"181\">projecteur solaire LED 300W<\/strong> est une solution d\u2019\u00e9clairage autonome et puissante, id\u00e9ale pour les <strong data-start=\"250\" data-end=\"272\">espaces ext\u00e9rieurs<\/strong> tels que les jardins, parkings, terrasses, fa\u00e7ades, all\u00e9es ou zones isol\u00e9es. Gr\u00e2ce \u00e0 son <strong data-start=\"362\" data-end=\"388\">panneau solaire inclus<\/strong>, il fonctionne sans raccordement \u00e9lectrique, offrant un \u00e9clairage performant tout en r\u00e9duisant vos co\u00fbts \u00e9nerg\u00e9tiques.<\/p>\n<h3 data-start=\"516\" data-end=\"553\">\u00c9nergie solaire et autonomie<\/h3>\n<ul data-start=\"554\" data-end=\"817\">\n<li data-start=\"554\" data-end=\"648\">\n<p data-start=\"556\" data-end=\"648\">Fonctionne avec un <strong data-start=\"575\" data-end=\"611\">panneau solaire haute efficacit\u00e9<\/strong> qui recharge la batterie int\u00e9gr\u00e9e.<\/p>\n<\/li>\n<li data-start=\"649\" data-end=\"737\">\n<p data-start=\"651\" data-end=\"737\"><strong data-start=\"651\" data-end=\"682\">Autonomie jusqu\u2019\u00e0 12 heures<\/strong> en fonctionnement continu apr\u00e8s une charge compl\u00e8te.<\/p>\n<\/li>\n<li data-start=\"738\" data-end=\"817\">\n<p data-start=\"740\" data-end=\"817\">\u00c9clairage \u00e9cologique et \u00e9conomique, utilisant uniquement l\u2019\u00e9nergie solaire.<\/p>\n<h3 data-start=\"824\" data-end=\"856\">Performance d\u2019\u00e9clairage<\/h3>\n<ul data-start=\"857\" data-end=\"1155\">\n<li data-start=\"857\" data-end=\"881\">\n<p data-start=\"859\" data-end=\"881\"><strong data-start=\"859\" data-end=\"872\">Puissance<\/strong> : 300W<\/p>\n<\/li>\n<li data-start=\"882\" data-end=\"948\">\n<p data-start=\"884\" data-end=\"948\"><strong data-start=\"884\" data-end=\"901\">Flux lumineux<\/strong> : 1 800 lumens \u2192 lumi\u00e8re claire et homog\u00e8ne.<\/p>\n<\/li>\n<li data-start=\"949\" data-end=\"1078\">\n<p data-start=\"951\" data-end=\"1078\"><strong data-start=\"951\" data-end=\"977\">Temp\u00e9rature de couleur<\/strong> : 6 500\u00b0K (blanc froid) \u2192 visibilit\u00e9 optimale, id\u00e9ale pour la s\u00e9curit\u00e9 et l\u2019\u00e9clairage d\u2019ext\u00e9rieur.<\/p>\n<\/li>\n<li data-start=\"1079\" data-end=\"1155\">\n<p data-start=\"1081\" data-end=\"1155\"><strong data-start=\"1081\" data-end=\"1097\">Dur\u00e9e de vie<\/strong> : 35 000 heures \u2192 durabilit\u00e9 et fiabilit\u00e9 \u00e0 long terme.<\/p>\n<h3 data-start=\"1462\" data-end=\"1479\">Avantages<\/h3>\n<ul data-start=\"1480\" data-end=\"1740\">\n<li data-start=\"1480\" data-end=\"1542\">\n<p data-start=\"1482\" data-end=\"1542\">Solution autonome sans c\u00e2blage ni consommation \u00e9lectrique.<\/p>\n<\/li>\n<li data-start=\"1543\" data-end=\"1607\">\n<p data-start=\"1545\" data-end=\"1607\">Grande puissance pour \u00e9clairer efficacement de vastes zones.<\/p>\n<\/li>\n<li data-start=\"1608\" data-end=\"1643\">\n<p data-start=\"1610\" data-end=\"1643\">Autonomie nocturne jusqu\u2019\u00e0 12h.<\/p>\n<\/li>\n<li data-start=\"1644\" data-end=\"1678\">\n<p data-start=\"1646\" data-end=\"1678\">Installation simple et rapide.<\/p>\n<\/li>\n<li data-start=\"1679\" data-end=\"1740\">\n<p data-start=\"1681\" data-end=\"1740\"><strong data-start=\"1681\" data-end=\"1699\">Garantie 3 ans<\/strong> pour une tranquillit\u00e9 d\u2019esprit totale.<\/p>\n<\/li>\n<\/ul>\n<\/li>\n<\/ul>\n<\/li>\n<\/ul>\n","protected":false},"excerpt":{"rendered":"<p>Projecteur Solaire LED 300W avec Panneau Solaire \u2013 IP65 Le projecteur solaire LED 300W est une solution d\u2019\u00e9clairage autonome et puissante, id\u00e9ale pour les espaces ext\u00e9rieurs tels que les jardins,<\/p>\n","protected":false},"featured_media":8877,"comment_status":"open","ping_status":"closed","template":"","meta":{"_acf_changed":false,"content-type":""},"product_brand":[],"product_cat":[373],"product_tag":[],"class_list":{"0":"post-8876","1":"product","2":"type-product","3":"status-publish","4":"has-post-thumbnail","6":"product_cat-projecteurs","8":"first","9":"instock","10":"shipping-taxable","11":"purchasable","12":"product-type-simple"},"acf":[],"yoast_head":"<!-- This site is optimized with the Yoast SEO plugin v27.3 - https:\/\/yoast.com\/product\/yoast-seo-wordpress\/ -->\n<title>PROJECTEUR SOLAIRE LED 300W TK03 RADIANCE AVEC SON PANNEAU SOLAIRE - BTMT ELECTRIC \u2013 Solutions \u00c9lectriques Fiables et Innovantes<\/title>\n<meta name=\"robots\" content=\"index, follow, max-snippet:-1, max-image-preview:large, max-video-preview:-1\" \/>\n<link rel=\"canonical\" href=\"https:\/\/btmtelectric.com\/index.php\/product\/projecteur-solaire-led-300w-tk03-radiance-avec-son-panneau-solaire\/\" \/>\n<meta property=\"og:locale\" content=\"fr_FR\" \/>\n<meta property=\"og:type\" content=\"article\" \/>\n<meta property=\"og:title\" content=\"PROJECTEUR SOLAIRE LED 300W TK03 RADIANCE AVEC SON PANNEAU SOLAIRE - BTMT ELECTRIC \u2013 Solutions \u00c9lectriques Fiables et Innovantes\" \/>\n<meta property=\"og:description\" content=\"Projecteur Solaire LED 300W avec Panneau Solaire \u2013 IP65 Le projecteur solaire LED 300W est une solution d\u2019\u00e9clairage autonome et puissante, id\u00e9ale pour les espaces ext\u00e9rieurs tels que les jardins,\" \/>\n<meta property=\"og:url\" content=\"https:\/\/btmtelectric.com\/index.php\/product\/projecteur-solaire-led-300w-tk03-radiance-avec-son-panneau-solaire\/\" \/>\n<meta property=\"og:site_name\" content=\"BTMT ELECTRIC \u2013 Solutions \u00c9lectriques Fiables et Innovantes\" \/>\n<meta property=\"article:publisher\" content=\"https:\/\/www.facebook.com\/profile.php?id=61578000361796\" \/>\n<meta property=\"og:image\" content=\"https:\/\/btmtelectric.com\/wp-content\/uploads\/2025\/08\/projecteur-300-w.jpg\" \/>\n\t<meta property=\"og:image:width\" content=\"2000\" \/>\n\t<meta property=\"og:image:height\" content=\"2000\" \/>\n\t<meta property=\"og:image:type\" content=\"image\/jpeg\" \/>\n<meta name=\"twitter:card\" content=\"summary_large_image\" \/>\n<meta name=\"twitter:label1\" content=\"Dur\u00e9e de lecture estim\u00e9e\" \/>\n\t<meta name=\"twitter:data1\" content=\"1 minute\" \/>\n<script type=\"application\/ld+json\" class=\"yoast-schema-graph\">{\"@context\":\"https:\\\/\\\/schema.org\",\"@graph\":[{\"@type\":\"WebPage\",\"@id\":\"https:\\\/\\\/btmtelectric.com\\\/index.php\\\/product\\\/projecteur-solaire-led-300w-tk03-radiance-avec-son-panneau-solaire\\\/\",\"url\":\"https:\\\/\\\/btmtelectric.com\\\/index.php\\\/product\\\/projecteur-solaire-led-300w-tk03-radiance-avec-son-panneau-solaire\\\/\",\"name\":\"PROJECTEUR SOLAIRE LED 300W TK03 RADIANCE AVEC SON PANNEAU SOLAIRE - BTMT ELECTRIC \u2013 Solutions \u00c9lectriques Fiables et Innovantes\",\"isPartOf\":{\"@id\":\"https:\\\/\\\/btmtelectric.com\\\/#website\"},\"primaryImageOfPage\":{\"@id\":\"https:\\\/\\\/btmtelectric.com\\\/index.php\\\/product\\\/projecteur-solaire-led-300w-tk03-radiance-avec-son-panneau-solaire\\\/#primaryimage\"},\"image\":{\"@id\":\"https:\\\/\\\/btmtelectric.com\\\/index.php\\\/product\\\/projecteur-solaire-led-300w-tk03-radiance-avec-son-panneau-solaire\\\/#primaryimage\"},\"thumbnailUrl\":\"https:\\\/\\\/btmtelectric.com\\\/wp-content\\\/uploads\\\/2025\\\/08\\\/projecteur-300-w.jpg\",\"datePublished\":\"2025-08-29T09:41:47+00:00\",\"breadcrumb\":{\"@id\":\"https:\\\/\\\/btmtelectric.com\\\/index.php\\\/product\\\/projecteur-solaire-led-300w-tk03-radiance-avec-son-panneau-solaire\\\/#breadcrumb\"},\"inLanguage\":\"fr-FR\",\"potentialAction\":[{\"@type\":\"ReadAction\",\"target\":[\"https:\\\/\\\/btmtelectric.com\\\/index.php\\\/product\\\/projecteur-solaire-led-300w-tk03-radiance-avec-son-panneau-solaire\\\/\"]}]},{\"@type\":\"ImageObject\",\"inLanguage\":\"fr-FR\",\"@id\":\"https:\\\/\\\/btmtelectric.com\\\/index.php\\\/product\\\/projecteur-solaire-led-300w-tk03-radiance-avec-son-panneau-solaire\\\/#primaryimage\",\"url\":\"https:\\\/\\\/btmtelectric.com\\\/wp-content\\\/uploads\\\/2025\\\/08\\\/projecteur-300-w.jpg\",\"contentUrl\":\"https:\\\/\\\/btmtelectric.com\\\/wp-content\\\/uploads\\\/2025\\\/08\\\/projecteur-300-w.jpg\",\"width\":2000,\"height\":2000},{\"@type\":\"BreadcrumbList\",\"@id\":\"https:\\\/\\\/btmtelectric.com\\\/index.php\\\/product\\\/projecteur-solaire-led-300w-tk03-radiance-avec-son-panneau-solaire\\\/#breadcrumb\",\"itemListElement\":[{\"@type\":\"ListItem\",\"position\":1,\"name\":\"Accueil\",\"item\":\"https:\\\/\\\/btmtelectric.com\\\/\"},{\"@type\":\"ListItem\",\"position\":2,\"name\":\"Boutique\",\"item\":\"https:\\\/\\\/btmtelectric.com\\\/index.php\\\/boutique\\\/\"},{\"@type\":\"ListItem\",\"position\":3,\"name\":\"PROJECTEUR SOLAIRE LED 300W TK03 RADIANCE AVEC SON PANNEAU SOLAIRE\"}]},{\"@type\":\"WebSite\",\"@id\":\"https:\\\/\\\/btmtelectric.com\\\/#website\",\"url\":\"https:\\\/\\\/btmtelectric.com\\\/\",\"name\":\"BTMT ELECTRIC \u2013 Solutions \u00c9lectriques Fiables et Innovantes\",\"description\":\"\",\"publisher\":{\"@id\":\"https:\\\/\\\/btmtelectric.com\\\/#organization\"},\"potentialAction\":[{\"@type\":\"SearchAction\",\"target\":{\"@type\":\"EntryPoint\",\"urlTemplate\":\"https:\\\/\\\/btmtelectric.com\\\/?s={search_term_string}\"},\"query-input\":{\"@type\":\"PropertyValueSpecification\",\"valueRequired\":true,\"valueName\":\"search_term_string\"}}],\"inLanguage\":\"fr-FR\"},{\"@type\":\"Organization\",\"@id\":\"https:\\\/\\\/btmtelectric.com\\\/#organization\",\"name\":\"BTMT ELECTRIC \u2013 Solutions \u00c9lectriques Fiables et Innovantes\",\"url\":\"https:\\\/\\\/btmtelectric.com\\\/\",\"logo\":{\"@type\":\"ImageObject\",\"inLanguage\":\"fr-FR\",\"@id\":\"https:\\\/\\\/btmtelectric.com\\\/#\\\/schema\\\/logo\\\/image\\\/\",\"url\":\"https:\\\/\\\/btmtelectric.com\\\/wp-content\\\/uploads\\\/2025\\\/07\\\/WhatsApp_Image_2025-07-09_at_11.45.18_AM-removebg-preview-1.png\",\"contentUrl\":\"https:\\\/\\\/btmtelectric.com\\\/wp-content\\\/uploads\\\/2025\\\/07\\\/WhatsApp_Image_2025-07-09_at_11.45.18_AM-removebg-preview-1.png\",\"width\":175,\"height\":42,\"caption\":\"BTMT ELECTRIC \u2013 Solutions \u00c9lectriques Fiables et Innovantes\"},\"image\":{\"@id\":\"https:\\\/\\\/btmtelectric.com\\\/#\\\/schema\\\/logo\\\/image\\\/\"},\"sameAs\":[\"https:\\\/\\\/www.facebook.com\\\/profile.php?id=61578000361796\",\"https:\\\/\\\/www.instagram.com\\\/btmtelectric\\\/\"]}]}<\/script>\n<!-- \/ Yoast SEO plugin. -->","yoast_head_json":{"title":"PROJECTEUR SOLAIRE LED 300W TK03 RADIANCE AVEC SON PANNEAU SOLAIRE - BTMT ELECTRIC \u2013 Solutions \u00c9lectriques Fiables et Innovantes","robots":{"index":"index","follow":"follow","max-snippet":"max-snippet:-1","max-image-preview":"max-image-preview:large","max-video-preview":"max-video-preview:-1"},"canonical":"https:\/\/btmtelectric.com\/index.php\/product\/projecteur-solaire-led-300w-tk03-radiance-avec-son-panneau-solaire\/","og_locale":"fr_FR","og_type":"article","og_title":"PROJECTEUR SOLAIRE LED 300W TK03 RADIANCE AVEC SON PANNEAU SOLAIRE - BTMT ELECTRIC \u2013 Solutions \u00c9lectriques Fiables et Innovantes","og_description":"Projecteur Solaire LED 300W avec Panneau Solaire \u2013 IP65 Le projecteur solaire LED 300W est une solution d\u2019\u00e9clairage autonome et puissante, id\u00e9ale pour les espaces ext\u00e9rieurs tels que les jardins,","og_url":"https:\/\/btmtelectric.com\/index.php\/product\/projecteur-solaire-led-300w-tk03-radiance-avec-son-panneau-solaire\/","og_site_name":"BTMT ELECTRIC \u2013 Solutions \u00c9lectriques Fiables et Innovantes","article_publisher":"https:\/\/www.facebook.com\/profile.php?id=61578000361796","og_image":[{"width":2000,"height":2000,"url":"https:\/\/btmtelectric.com\/wp-content\/uploads\/2025\/08\/projecteur-300-w.jpg","type":"image\/jpeg"}],"twitter_card":"summary_large_image","twitter_misc":{"Dur\u00e9e de lecture estim\u00e9e":"1 minute"},"schema":{"@context":"https:\/\/schema.org","@graph":[{"@type":"WebPage","@id":"https:\/\/btmtelectric.com\/index.php\/product\/projecteur-solaire-led-300w-tk03-radiance-avec-son-panneau-solaire\/","url":"https:\/\/btmtelectric.com\/index.php\/product\/projecteur-solaire-led-300w-tk03-radiance-avec-son-panneau-solaire\/","name":"PROJECTEUR SOLAIRE LED 300W TK03 RADIANCE AVEC SON PANNEAU SOLAIRE - BTMT ELECTRIC \u2013 Solutions \u00c9lectriques Fiables et Innovantes","isPartOf":{"@id":"https:\/\/btmtelectric.com\/#website"},"primaryImageOfPage":{"@id":"https:\/\/btmtelectric.com\/index.php\/product\/projecteur-solaire-led-300w-tk03-radiance-avec-son-panneau-solaire\/#primaryimage"},"image":{"@id":"https:\/\/btmtelectric.com\/index.php\/product\/projecteur-solaire-led-300w-tk03-radiance-avec-son-panneau-solaire\/#primaryimage"},"thumbnailUrl":"https:\/\/btmtelectric.com\/wp-content\/uploads\/2025\/08\/projecteur-300-w.jpg","datePublished":"2025-08-29T09:41:47+00:00","breadcrumb":{"@id":"https:\/\/btmtelectric.com\/index.php\/product\/projecteur-solaire-led-300w-tk03-radiance-avec-son-panneau-solaire\/#breadcrumb"},"inLanguage":"fr-FR","potentialAction":[{"@type":"ReadAction","target":["https:\/\/btmtelectric.com\/index.php\/product\/projecteur-solaire-led-300w-tk03-radiance-avec-son-panneau-solaire\/"]}]},{"@type":"ImageObject","inLanguage":"fr-FR","@id":"https:\/\/btmtelectric.com\/index.php\/product\/projecteur-solaire-led-300w-tk03-radiance-avec-son-panneau-solaire\/#primaryimage","url":"https:\/\/btmtelectric.com\/wp-content\/uploads\/2025\/08\/projecteur-300-w.jpg","contentUrl":"https:\/\/btmtelectric.com\/wp-content\/uploads\/2025\/08\/projecteur-300-w.jpg","width":2000,"height":2000},{"@type":"BreadcrumbList","@id":"https:\/\/btmtelectric.com\/index.php\/product\/projecteur-solaire-led-300w-tk03-radiance-avec-son-panneau-solaire\/#breadcrumb","itemListElement":[{"@type":"ListItem","position":1,"name":"Accueil","item":"https:\/\/btmtelectric.com\/"},{"@type":"ListItem","position":2,"name":"Boutique","item":"https:\/\/btmtelectric.com\/index.php\/boutique\/"},{"@type":"ListItem","position":3,"name":"PROJECTEUR SOLAIRE LED 300W TK03 RADIANCE AVEC SON PANNEAU SOLAIRE"}]},{"@type":"WebSite","@id":"https:\/\/btmtelectric.com\/#website","url":"https:\/\/btmtelectric.com\/","name":"BTMT ELECTRIC \u2013 Solutions \u00c9lectriques Fiables et Innovantes","description":"","publisher":{"@id":"https:\/\/btmtelectric.com\/#organization"},"potentialAction":[{"@type":"SearchAction","target":{"@type":"EntryPoint","urlTemplate":"https:\/\/btmtelectric.com\/?s={search_term_string}"},"query-input":{"@type":"PropertyValueSpecification","valueRequired":true,"valueName":"search_term_string"}}],"inLanguage":"fr-FR"},{"@type":"Organization","@id":"https:\/\/btmtelectric.com\/#organization","name":"BTMT ELECTRIC \u2013 Solutions \u00c9lectriques Fiables et Innovantes","url":"https:\/\/btmtelectric.com\/","logo":{"@type":"ImageObject","inLanguage":"fr-FR","@id":"https:\/\/btmtelectric.com\/#\/schema\/logo\/image\/","url":"https:\/\/btmtelectric.com\/wp-content\/uploads\/2025\/07\/WhatsApp_Image_2025-07-09_at_11.45.18_AM-removebg-preview-1.png","contentUrl":"https:\/\/btmtelectric.com\/wp-content\/uploads\/2025\/07\/WhatsApp_Image_2025-07-09_at_11.45.18_AM-removebg-preview-1.png","width":175,"height":42,"caption":"BTMT ELECTRIC \u2013 Solutions \u00c9lectriques Fiables et Innovantes"},"image":{"@id":"https:\/\/btmtelectric.com\/#\/schema\/logo\/image\/"},"sameAs":["https:\/\/www.facebook.com\/profile.php?id=61578000361796","https:\/\/www.instagram.com\/btmtelectric\/"]}]}},"_links":{"self":[{"href":"https:\/\/btmtelectric.com\/index.php\/wp-json\/wp\/v2\/product\/8876","targetHints":{"allow":["GET"]}}],"collection":[{"href":"https:\/\/btmtelectric.com\/index.php\/wp-json\/wp\/v2\/product"}],"about":[{"href":"https:\/\/btmtelectric.com\/index.php\/wp-json\/wp\/v2\/types\/product"}],"replies":[{"embeddable":true,"href":"https:\/\/btmtelectric.com\/index.php\/wp-json\/wp\/v2\/comments?post=8876"}],"wp:featuredmedia":[{"embeddable":true,"href":"https:\/\/btmtelectric.com\/index.php\/wp-json\/wp\/v2\/media\/8877"}],"wp:attachment":[{"href":"https:\/\/btmtelectric.com\/index.php\/wp-json\/wp\/v2\/media?parent=8876"}],"wp:term":[{"taxonomy":"product_brand","embeddable":true,"href":"https:\/\/btmtelectric.com\/index.php\/wp-json\/wp\/v2\/product_brand?post=8876"},{"taxonomy":"product_cat","embeddable":true,"href":"https:\/\/btmtelectric.com\/index.php\/wp-json\/wp\/v2\/product_cat?post=8876"},{"taxonomy":"product_tag","embeddable":true,"href":"https:\/\/btmtelectric.com\/index.php\/wp-json\/wp\/v2\/product_tag?post=8876"}],"curies":[{"name":"wp","href":"https:\/\/api.w.org\/{rel}","templated":true}]}}