{"id":8868,"date":"2025-08-29T09:18:41","date_gmt":"2025-08-29T09:18:41","guid":{"rendered":"https:\/\/btmtelectric.com\/?post_type=product&#038;p=8868"},"modified":"2025-08-29T09:18:41","modified_gmt":"2025-08-29T09:18:41","slug":"projecteur-sur-rail-led-30w-3000k-blanc-radiance-lighting","status":"publish","type":"product","link":"https:\/\/btmtelectric.com\/index.php\/product\/projecteur-sur-rail-led-30w-3000k-blanc-radiance-lighting\/","title":{"rendered":"PROJECTEUR SUR RAIL LED 30W 3000K &#8211; BLANC &#8211; RADIANCE LIGHTING"},"content":{"rendered":"<h2 data-start=\"85\" data-end=\"125\">Projecteur sur rail LED 30W \u2013 Blanc<\/h2>\n<p data-start=\"127\" data-end=\"467\">Le <strong data-start=\"130\" data-end=\"161\">projecteur sur rail LED 30W<\/strong> est une solution d\u2019\u00e9clairage moderne, \u00e9l\u00e9gante et performante, id\u00e9ale pour les <strong data-start=\"241\" data-end=\"294\">espaces commerciaux, showrooms, galeries, bureaux<\/strong> ou encore les <strong data-start=\"309\" data-end=\"330\">int\u00e9rieurs design<\/strong>. Avec son installation pratique sur rail, il offre une grande flexibilit\u00e9 d\u2019orientation pour mettre en valeur vos espaces et produits.<\/p>\n<h3 data-start=\"469\" data-end=\"501\">\u00a0 \u00a0 Performance d\u2019\u00e9clairage<\/h3>\n<ul data-start=\"502\" data-end=\"770\">\n<li data-start=\"502\" data-end=\"525\">\n<p data-start=\"504\" data-end=\"525\"><strong data-start=\"504\" data-end=\"517\">Puissance<\/strong> : 30W<\/p>\n<\/li>\n<li data-start=\"526\" data-end=\"596\">\n<p data-start=\"528\" data-end=\"596\"><strong data-start=\"528\" data-end=\"545\">Flux lumineux<\/strong> : 3 000 lumens \u2192 \u00e9clairage puissant et homog\u00e8ne.<\/p>\n<\/li>\n<li data-start=\"597\" data-end=\"697\">\n<p data-start=\"599\" data-end=\"697\"><strong data-start=\"599\" data-end=\"625\">Temp\u00e9rature de couleur<\/strong> : 3 000\u00b0K (blanc chaud) pour une ambiance chaleureuse et confortable.<\/p>\n<\/li>\n<li data-start=\"698\" data-end=\"770\">\n<p data-start=\"700\" data-end=\"770\"><strong data-start=\"700\" data-end=\"716\">Dur\u00e9e de vie<\/strong> : 35 000 heures \u2192 long\u00e9vit\u00e9 et \u00e9conomies d\u2019\u00e9nergie.<\/p>\n<h3 data-start=\"772\" data-end=\"792\">\u00a0 \u00a0 Alimentation<\/h3>\n<ul data-start=\"793\" data-end=\"910\">\n<li data-start=\"793\" data-end=\"843\">\n<p data-start=\"795\" data-end=\"843\">Fonctionne directement sur secteur : <strong data-start=\"832\" data-end=\"840\">220V<\/strong>.<\/p>\n<\/li>\n<li data-start=\"844\" data-end=\"910\">\n<p data-start=\"846\" data-end=\"910\">Installation facile et s\u00e9curis\u00e9e sur rail \u00e9lectrique standard.<\/p>\n<h3 data-start=\"912\" data-end=\"937\">Atouts principaux<\/h3>\n<ul data-start=\"938\" data-end=\"1270\">\n<li data-start=\"938\" data-end=\"999\">\n<p data-start=\"940\" data-end=\"999\">Design moderne et finition blanche, discr\u00e8te et \u00e9l\u00e9gante.<\/p>\n<\/li>\n<li data-start=\"1000\" data-end=\"1079\">\n<p data-start=\"1002\" data-end=\"1079\">Excellente efficacit\u00e9 lumineuse pour l\u2019\u00e9clairage d\u2019accentuation ou g\u00e9n\u00e9ral.<\/p>\n<\/li>\n<li data-start=\"1080\" data-end=\"1150\">\n<p data-start=\"1082\" data-end=\"1150\">Orientation r\u00e9glable pour diriger la lumi\u00e8re o\u00f9 vous le souhaitez.<\/p>\n<\/li>\n<li data-start=\"1151\" data-end=\"1213\">\n<p data-start=\"1153\" data-end=\"1213\">Solution durable et \u00e9conomique gr\u00e2ce \u00e0 la technologie LED.<\/p>\n<\/li>\n<li data-start=\"1214\" data-end=\"1270\">\n<p data-start=\"1216\" data-end=\"1270\"><strong data-start=\"1216\" data-end=\"1234\">Garantie 3 ans<\/strong> \u2192 s\u00e9r\u00e9nit\u00e9 et fiabilit\u00e9 assur\u00e9es.<\/p>\n<\/li>\n<li data-start=\"1214\" data-end=\"1270\">\n<p data-start=\"1216\" data-end=\"1270\">Le <strong data-start=\"1283\" data-end=\"1326\">projecteur sur rail LED 30W blanc 3000K<\/strong> est la solution parfaite pour combiner <strong data-start=\"1366\" data-end=\"1431\">efficacit\u00e9 \u00e9nerg\u00e9tique, flexibilit\u00e9 d\u2019\u00e9clairage et esth\u00e9tisme<\/strong>, tout en assurant une mise en valeur optimale de vos espaces.<\/p>\n<\/li>\n<\/ul>\n<\/li>\n<\/ul>\n<\/li>\n<\/ul>\n","protected":false},"excerpt":{"rendered":"<p>Projecteur sur rail LED 30W \u2013 Blanc Le projecteur sur rail LED 30W est une solution d\u2019\u00e9clairage moderne, \u00e9l\u00e9gante et performante, id\u00e9ale pour les espaces commerciaux, showrooms, galeries, bureaux ou<\/p>\n","protected":false},"featured_media":8870,"comment_status":"open","ping_status":"closed","template":"","meta":{"_acf_changed":false,"content-type":""},"product_brand":[],"product_cat":[373],"product_tag":[],"class_list":{"0":"post-8868","1":"product","2":"type-product","3":"status-publish","4":"has-post-thumbnail","6":"product_cat-projecteurs","8":"first","9":"instock","10":"shipping-taxable","11":"purchasable","12":"product-type-simple"},"acf":[],"yoast_head":"<!-- This site is optimized with the Yoast SEO plugin v27.3 - https:\/\/yoast.com\/product\/yoast-seo-wordpress\/ -->\n<title>PROJECTEUR SUR RAIL LED 30W 3000K - BLANC - RADIANCE LIGHTING - BTMT ELECTRIC \u2013 Solutions \u00c9lectriques Fiables et Innovantes<\/title>\n<meta name=\"robots\" content=\"index, follow, max-snippet:-1, max-image-preview:large, max-video-preview:-1\" \/>\n<link rel=\"canonical\" href=\"https:\/\/btmtelectric.com\/index.php\/product\/projecteur-sur-rail-led-30w-3000k-blanc-radiance-lighting\/\" \/>\n<meta property=\"og:locale\" content=\"fr_FR\" \/>\n<meta property=\"og:type\" content=\"article\" \/>\n<meta property=\"og:title\" content=\"PROJECTEUR SUR RAIL LED 30W 3000K - BLANC - RADIANCE LIGHTING - BTMT ELECTRIC \u2013 Solutions \u00c9lectriques Fiables et Innovantes\" \/>\n<meta property=\"og:description\" content=\"Projecteur sur rail LED 30W \u2013 Blanc Le projecteur sur rail LED 30W est une solution d\u2019\u00e9clairage moderne, \u00e9l\u00e9gante et performante, id\u00e9ale pour les espaces commerciaux, showrooms, galeries, bureaux ou\" \/>\n<meta property=\"og:url\" content=\"https:\/\/btmtelectric.com\/index.php\/product\/projecteur-sur-rail-led-30w-3000k-blanc-radiance-lighting\/\" \/>\n<meta property=\"og:site_name\" content=\"BTMT ELECTRIC \u2013 Solutions \u00c9lectriques Fiables et Innovantes\" \/>\n<meta property=\"article:publisher\" content=\"https:\/\/www.facebook.com\/profile.php?id=61578000361796\" \/>\n<meta property=\"og:image\" content=\"https:\/\/btmtelectric.com\/wp-content\/uploads\/2025\/08\/PROJECTEUR-BLANC.jpg\" \/>\n\t<meta property=\"og:image:width\" content=\"1000\" \/>\n\t<meta property=\"og:image:height\" content=\"1000\" \/>\n\t<meta property=\"og:image:type\" content=\"image\/jpeg\" \/>\n<meta name=\"twitter:card\" content=\"summary_large_image\" \/>\n<meta name=\"twitter:label1\" content=\"Dur\u00e9e de lecture estim\u00e9e\" \/>\n\t<meta name=\"twitter:data1\" content=\"1 minute\" \/>\n<script type=\"application\/ld+json\" class=\"yoast-schema-graph\">{\"@context\":\"https:\\\/\\\/schema.org\",\"@graph\":[{\"@type\":\"WebPage\",\"@id\":\"https:\\\/\\\/btmtelectric.com\\\/index.php\\\/product\\\/projecteur-sur-rail-led-30w-3000k-blanc-radiance-lighting\\\/\",\"url\":\"https:\\\/\\\/btmtelectric.com\\\/index.php\\\/product\\\/projecteur-sur-rail-led-30w-3000k-blanc-radiance-lighting\\\/\",\"name\":\"PROJECTEUR SUR RAIL LED 30W 3000K - BLANC - RADIANCE LIGHTING - BTMT ELECTRIC \u2013 Solutions \u00c9lectriques Fiables et Innovantes\",\"isPartOf\":{\"@id\":\"https:\\\/\\\/btmtelectric.com\\\/#website\"},\"primaryImageOfPage\":{\"@id\":\"https:\\\/\\\/btmtelectric.com\\\/index.php\\\/product\\\/projecteur-sur-rail-led-30w-3000k-blanc-radiance-lighting\\\/#primaryimage\"},\"image\":{\"@id\":\"https:\\\/\\\/btmtelectric.com\\\/index.php\\\/product\\\/projecteur-sur-rail-led-30w-3000k-blanc-radiance-lighting\\\/#primaryimage\"},\"thumbnailUrl\":\"https:\\\/\\\/btmtelectric.com\\\/wp-content\\\/uploads\\\/2025\\\/08\\\/PROJECTEUR-BLANC.jpg\",\"datePublished\":\"2025-08-29T09:18:41+00:00\",\"breadcrumb\":{\"@id\":\"https:\\\/\\\/btmtelectric.com\\\/index.php\\\/product\\\/projecteur-sur-rail-led-30w-3000k-blanc-radiance-lighting\\\/#breadcrumb\"},\"inLanguage\":\"fr-FR\",\"potentialAction\":[{\"@type\":\"ReadAction\",\"target\":[\"https:\\\/\\\/btmtelectric.com\\\/index.php\\\/product\\\/projecteur-sur-rail-led-30w-3000k-blanc-radiance-lighting\\\/\"]}]},{\"@type\":\"ImageObject\",\"inLanguage\":\"fr-FR\",\"@id\":\"https:\\\/\\\/btmtelectric.com\\\/index.php\\\/product\\\/projecteur-sur-rail-led-30w-3000k-blanc-radiance-lighting\\\/#primaryimage\",\"url\":\"https:\\\/\\\/btmtelectric.com\\\/wp-content\\\/uploads\\\/2025\\\/08\\\/PROJECTEUR-BLANC.jpg\",\"contentUrl\":\"https:\\\/\\\/btmtelectric.com\\\/wp-content\\\/uploads\\\/2025\\\/08\\\/PROJECTEUR-BLANC.jpg\",\"width\":1000,\"height\":1000},{\"@type\":\"BreadcrumbList\",\"@id\":\"https:\\\/\\\/btmtelectric.com\\\/index.php\\\/product\\\/projecteur-sur-rail-led-30w-3000k-blanc-radiance-lighting\\\/#breadcrumb\",\"itemListElement\":[{\"@type\":\"ListItem\",\"position\":1,\"name\":\"Accueil\",\"item\":\"https:\\\/\\\/btmtelectric.com\\\/\"},{\"@type\":\"ListItem\",\"position\":2,\"name\":\"Boutique\",\"item\":\"https:\\\/\\\/btmtelectric.com\\\/index.php\\\/boutique\\\/\"},{\"@type\":\"ListItem\",\"position\":3,\"name\":\"PROJECTEUR SUR RAIL LED 30W 3000K &#8211; BLANC &#8211; RADIANCE LIGHTING\"}]},{\"@type\":\"WebSite\",\"@id\":\"https:\\\/\\\/btmtelectric.com\\\/#website\",\"url\":\"https:\\\/\\\/btmtelectric.com\\\/\",\"name\":\"BTMT ELECTRIC \u2013 Solutions \u00c9lectriques Fiables et Innovantes\",\"description\":\"\",\"publisher\":{\"@id\":\"https:\\\/\\\/btmtelectric.com\\\/#organization\"},\"potentialAction\":[{\"@type\":\"SearchAction\",\"target\":{\"@type\":\"EntryPoint\",\"urlTemplate\":\"https:\\\/\\\/btmtelectric.com\\\/?s={search_term_string}\"},\"query-input\":{\"@type\":\"PropertyValueSpecification\",\"valueRequired\":true,\"valueName\":\"search_term_string\"}}],\"inLanguage\":\"fr-FR\"},{\"@type\":\"Organization\",\"@id\":\"https:\\\/\\\/btmtelectric.com\\\/#organization\",\"name\":\"BTMT ELECTRIC \u2013 Solutions \u00c9lectriques Fiables et Innovantes\",\"url\":\"https:\\\/\\\/btmtelectric.com\\\/\",\"logo\":{\"@type\":\"ImageObject\",\"inLanguage\":\"fr-FR\",\"@id\":\"https:\\\/\\\/btmtelectric.com\\\/#\\\/schema\\\/logo\\\/image\\\/\",\"url\":\"https:\\\/\\\/btmtelectric.com\\\/wp-content\\\/uploads\\\/2025\\\/07\\\/WhatsApp_Image_2025-07-09_at_11.45.18_AM-removebg-preview-1.png\",\"contentUrl\":\"https:\\\/\\\/btmtelectric.com\\\/wp-content\\\/uploads\\\/2025\\\/07\\\/WhatsApp_Image_2025-07-09_at_11.45.18_AM-removebg-preview-1.png\",\"width\":175,\"height\":42,\"caption\":\"BTMT ELECTRIC \u2013 Solutions \u00c9lectriques Fiables et Innovantes\"},\"image\":{\"@id\":\"https:\\\/\\\/btmtelectric.com\\\/#\\\/schema\\\/logo\\\/image\\\/\"},\"sameAs\":[\"https:\\\/\\\/www.facebook.com\\\/profile.php?id=61578000361796\",\"https:\\\/\\\/www.instagram.com\\\/btmtelectric\\\/\"]}]}<\/script>\n<!-- \/ Yoast SEO plugin. -->","yoast_head_json":{"title":"PROJECTEUR SUR RAIL LED 30W 3000K - BLANC - RADIANCE LIGHTING - BTMT ELECTRIC \u2013 Solutions \u00c9lectriques Fiables et Innovantes","robots":{"index":"index","follow":"follow","max-snippet":"max-snippet:-1","max-image-preview":"max-image-preview:large","max-video-preview":"max-video-preview:-1"},"canonical":"https:\/\/btmtelectric.com\/index.php\/product\/projecteur-sur-rail-led-30w-3000k-blanc-radiance-lighting\/","og_locale":"fr_FR","og_type":"article","og_title":"PROJECTEUR SUR RAIL LED 30W 3000K - BLANC - RADIANCE LIGHTING - BTMT ELECTRIC \u2013 Solutions \u00c9lectriques Fiables et Innovantes","og_description":"Projecteur sur rail LED 30W \u2013 Blanc Le projecteur sur rail LED 30W est une solution d\u2019\u00e9clairage moderne, \u00e9l\u00e9gante et performante, id\u00e9ale pour les espaces commerciaux, showrooms, galeries, bureaux ou","og_url":"https:\/\/btmtelectric.com\/index.php\/product\/projecteur-sur-rail-led-30w-3000k-blanc-radiance-lighting\/","og_site_name":"BTMT ELECTRIC \u2013 Solutions \u00c9lectriques Fiables et Innovantes","article_publisher":"https:\/\/www.facebook.com\/profile.php?id=61578000361796","og_image":[{"width":1000,"height":1000,"url":"https:\/\/btmtelectric.com\/wp-content\/uploads\/2025\/08\/PROJECTEUR-BLANC.jpg","type":"image\/jpeg"}],"twitter_card":"summary_large_image","twitter_misc":{"Dur\u00e9e de lecture estim\u00e9e":"1 minute"},"schema":{"@context":"https:\/\/schema.org","@graph":[{"@type":"WebPage","@id":"https:\/\/btmtelectric.com\/index.php\/product\/projecteur-sur-rail-led-30w-3000k-blanc-radiance-lighting\/","url":"https:\/\/btmtelectric.com\/index.php\/product\/projecteur-sur-rail-led-30w-3000k-blanc-radiance-lighting\/","name":"PROJECTEUR SUR RAIL LED 30W 3000K - BLANC - RADIANCE LIGHTING - BTMT ELECTRIC \u2013 Solutions \u00c9lectriques Fiables et Innovantes","isPartOf":{"@id":"https:\/\/btmtelectric.com\/#website"},"primaryImageOfPage":{"@id":"https:\/\/btmtelectric.com\/index.php\/product\/projecteur-sur-rail-led-30w-3000k-blanc-radiance-lighting\/#primaryimage"},"image":{"@id":"https:\/\/btmtelectric.com\/index.php\/product\/projecteur-sur-rail-led-30w-3000k-blanc-radiance-lighting\/#primaryimage"},"thumbnailUrl":"https:\/\/btmtelectric.com\/wp-content\/uploads\/2025\/08\/PROJECTEUR-BLANC.jpg","datePublished":"2025-08-29T09:18:41+00:00","breadcrumb":{"@id":"https:\/\/btmtelectric.com\/index.php\/product\/projecteur-sur-rail-led-30w-3000k-blanc-radiance-lighting\/#breadcrumb"},"inLanguage":"fr-FR","potentialAction":[{"@type":"ReadAction","target":["https:\/\/btmtelectric.com\/index.php\/product\/projecteur-sur-rail-led-30w-3000k-blanc-radiance-lighting\/"]}]},{"@type":"ImageObject","inLanguage":"fr-FR","@id":"https:\/\/btmtelectric.com\/index.php\/product\/projecteur-sur-rail-led-30w-3000k-blanc-radiance-lighting\/#primaryimage","url":"https:\/\/btmtelectric.com\/wp-content\/uploads\/2025\/08\/PROJECTEUR-BLANC.jpg","contentUrl":"https:\/\/btmtelectric.com\/wp-content\/uploads\/2025\/08\/PROJECTEUR-BLANC.jpg","width":1000,"height":1000},{"@type":"BreadcrumbList","@id":"https:\/\/btmtelectric.com\/index.php\/product\/projecteur-sur-rail-led-30w-3000k-blanc-radiance-lighting\/#breadcrumb","itemListElement":[{"@type":"ListItem","position":1,"name":"Accueil","item":"https:\/\/btmtelectric.com\/"},{"@type":"ListItem","position":2,"name":"Boutique","item":"https:\/\/btmtelectric.com\/index.php\/boutique\/"},{"@type":"ListItem","position":3,"name":"PROJECTEUR SUR RAIL LED 30W 3000K &#8211; BLANC &#8211; RADIANCE LIGHTING"}]},{"@type":"WebSite","@id":"https:\/\/btmtelectric.com\/#website","url":"https:\/\/btmtelectric.com\/","name":"BTMT ELECTRIC \u2013 Solutions \u00c9lectriques Fiables et Innovantes","description":"","publisher":{"@id":"https:\/\/btmtelectric.com\/#organization"},"potentialAction":[{"@type":"SearchAction","target":{"@type":"EntryPoint","urlTemplate":"https:\/\/btmtelectric.com\/?s={search_term_string}"},"query-input":{"@type":"PropertyValueSpecification","valueRequired":true,"valueName":"search_term_string"}}],"inLanguage":"fr-FR"},{"@type":"Organization","@id":"https:\/\/btmtelectric.com\/#organization","name":"BTMT ELECTRIC \u2013 Solutions \u00c9lectriques Fiables et Innovantes","url":"https:\/\/btmtelectric.com\/","logo":{"@type":"ImageObject","inLanguage":"fr-FR","@id":"https:\/\/btmtelectric.com\/#\/schema\/logo\/image\/","url":"https:\/\/btmtelectric.com\/wp-content\/uploads\/2025\/07\/WhatsApp_Image_2025-07-09_at_11.45.18_AM-removebg-preview-1.png","contentUrl":"https:\/\/btmtelectric.com\/wp-content\/uploads\/2025\/07\/WhatsApp_Image_2025-07-09_at_11.45.18_AM-removebg-preview-1.png","width":175,"height":42,"caption":"BTMT ELECTRIC \u2013 Solutions \u00c9lectriques Fiables et Innovantes"},"image":{"@id":"https:\/\/btmtelectric.com\/#\/schema\/logo\/image\/"},"sameAs":["https:\/\/www.facebook.com\/profile.php?id=61578000361796","https:\/\/www.instagram.com\/btmtelectric\/"]}]}},"_links":{"self":[{"href":"https:\/\/btmtelectric.com\/index.php\/wp-json\/wp\/v2\/product\/8868","targetHints":{"allow":["GET"]}}],"collection":[{"href":"https:\/\/btmtelectric.com\/index.php\/wp-json\/wp\/v2\/product"}],"about":[{"href":"https:\/\/btmtelectric.com\/index.php\/wp-json\/wp\/v2\/types\/product"}],"replies":[{"embeddable":true,"href":"https:\/\/btmtelectric.com\/index.php\/wp-json\/wp\/v2\/comments?post=8868"}],"wp:featuredmedia":[{"embeddable":true,"href":"https:\/\/btmtelectric.com\/index.php\/wp-json\/wp\/v2\/media\/8870"}],"wp:attachment":[{"href":"https:\/\/btmtelectric.com\/index.php\/wp-json\/wp\/v2\/media?parent=8868"}],"wp:term":[{"taxonomy":"product_brand","embeddable":true,"href":"https:\/\/btmtelectric.com\/index.php\/wp-json\/wp\/v2\/product_brand?post=8868"},{"taxonomy":"product_cat","embeddable":true,"href":"https:\/\/btmtelectric.com\/index.php\/wp-json\/wp\/v2\/product_cat?post=8868"},{"taxonomy":"product_tag","embeddable":true,"href":"https:\/\/btmtelectric.com\/index.php\/wp-json\/wp\/v2\/product_tag?post=8868"}],"curies":[{"name":"wp","href":"https:\/\/api.w.org\/{rel}","templated":true}]}}