{"id":8865,"date":"2025-08-29T09:09:06","date_gmt":"2025-08-29T09:09:06","guid":{"rendered":"https:\/\/btmtelectric.com\/?post_type=product&#038;p=8865"},"modified":"2025-08-29T09:09:06","modified_gmt":"2025-08-29T09:09:06","slug":"projecteur-portable-led-50w-jaune-tg01-radiance-lighting","status":"publish","type":"product","link":"https:\/\/btmtelectric.com\/index.php\/product\/projecteur-portable-led-50w-jaune-tg01-radiance-lighting\/","title":{"rendered":"PROJECTEUR PORTABLE LED 50W JAUNE TG01 &#8211; RADIANCE LIGHTING"},"content":{"rendered":"<h2 data-start=\"80\" data-end=\"134\">Projecteur Portable LED 50W \u2013 Jaune, Rechargeable<\/h2>\n<p data-start=\"136\" data-end=\"416\">Le <strong data-start=\"139\" data-end=\"170\">projecteur portable LED 50W<\/strong> est l\u2019outil d\u2019\u00e9clairage id\u00e9al pour vos travaux, chantiers, activit\u00e9s en ext\u00e9rieur ou situations d\u2019urgence. Con\u00e7u pour allier <strong data-start=\"296\" data-end=\"334\">puissance, autonomie et robustesse<\/strong>, il vous offre une solution pratique et performante dans toutes les conditions.<\/p>\n<h3 data-start=\"418\" data-end=\"452\">\u00a0 \u00a0 \u00a0 \u00a0 \u00a0 \u00a0 \u00a0 \u00a0 \u00a0 \u00a0Alimentation et autonomie<\/h3>\n<ul data-start=\"453\" data-end=\"674\">\n<li data-start=\"453\" data-end=\"586\">\n<p data-start=\"455\" data-end=\"586\">\u00a0\u00c9quip\u00e9 d\u2019une <strong data-start=\"468\" data-end=\"519\">batterie lithium rechargeable 3,7V \/ 10 000 mAh<\/strong>, il offre une grande autonomie pour vos utilisations prolong\u00e9es.<\/p>\n<h3 data-start=\"676\" data-end=\"708\">\u00a0 \u00a0 \u00a0 \u00a0 \u00a0 \u00a0 Performance d\u2019\u00e9clairage<\/h3>\n<ul data-start=\"709\" data-end=\"990\">\n<li data-start=\"709\" data-end=\"732\">\n<p data-start=\"711\" data-end=\"732\"><strong data-start=\"711\" data-end=\"724\">Puissance<\/strong> : 50W<\/p>\n<\/li>\n<li data-start=\"733\" data-end=\"803\">\n<p data-start=\"735\" data-end=\"803\"><strong data-start=\"735\" data-end=\"752\">Flux lumineux<\/strong> : 1 500 lumens \u2192 \u00e9clairage puissant et homog\u00e8ne.<\/p>\n<\/li>\n<li data-start=\"804\" data-end=\"904\">\n<p data-start=\"806\" data-end=\"904\"><strong data-start=\"806\" data-end=\"832\">Temp\u00e9rature de couleur<\/strong> : 6 500\u00b0K (blanc froid), id\u00e9ale pour un rendu lumineux net et pr\u00e9cis.<\/p>\n<\/li>\n<li data-start=\"905\" data-end=\"990\">\n<p data-start=\"907\" data-end=\"990\"><strong data-start=\"907\" data-end=\"923\">Dur\u00e9e de vie<\/strong> : 25 000 heures \u2192 fiabilit\u00e9 et \u00e9conomies d\u2019\u00e9nergie \u00e0 long terme.<\/p>\n<h3 data-start=\"992\" data-end=\"1024\">\u00a0 \u00a0 \u00a0 \u00a0 Robustesse et s\u00e9curit\u00e9<\/h3>\n<ul data-start=\"1025\" data-end=\"1353\">\n<li data-start=\"1025\" data-end=\"1173\">\n<p data-start=\"1027\" data-end=\"1173\"><strong data-start=\"1027\" data-end=\"1056\">Indice de protection IP65<\/strong> : totalement prot\u00e9g\u00e9 contre la poussi\u00e8re et r\u00e9sistant aux projections d\u2019eau, adapt\u00e9 aux environnements difficiles.<\/p>\n<\/li>\n<li data-start=\"1174\" data-end=\"1274\">\n<p data-start=\"1176\" data-end=\"1274\"><strong data-start=\"1176\" data-end=\"1197\">Structure robuste<\/strong> avec finition jaune pour une meilleure visibilit\u00e9 et r\u00e9sistance aux chocs.<\/p>\n<\/li>\n<li data-start=\"1275\" data-end=\"1353\">\n<p data-start=\"1277\" data-end=\"1353\">Utilisation int\u00e9rieure et ext\u00e9rieure, m\u00eame dans des conditions exigeantes.<\/p>\n<h3 data-start=\"1355\" data-end=\"1372\">\u00a0 \u00a0 \u00a0 Avantages<\/h3>\n<ul data-start=\"1373\" data-end=\"1605\">\n<li data-start=\"1373\" data-end=\"1417\">\n<p data-start=\"1375\" data-end=\"1417\">Portable, l\u00e9ger et facile \u00e0 transporter.<\/p>\n<\/li>\n<li data-start=\"1418\" data-end=\"1474\">\n<p data-start=\"1420\" data-end=\"1474\">Grande autonomie gr\u00e2ce \u00e0 sa batterie haute capacit\u00e9.<\/p>\n<\/li>\n<li data-start=\"1475\" data-end=\"1544\">\n<p data-start=\"1477\" data-end=\"1544\">\u00c9clairage puissant pour chantiers, camping, ateliers ou urgences.<\/p>\n<\/li>\n<\/ul>\n<\/li>\n<\/ul>\n<\/li>\n<\/ul>\n<\/li>\n<\/ul>\n","protected":false},"excerpt":{"rendered":"<p>Projecteur Portable LED 50W \u2013 Jaune, Rechargeable Le projecteur portable LED 50W est l\u2019outil d\u2019\u00e9clairage id\u00e9al pour vos travaux, chantiers, activit\u00e9s en ext\u00e9rieur ou situations d\u2019urgence. Con\u00e7u pour allier puissance,<\/p>\n","protected":false},"featured_media":8867,"comment_status":"open","ping_status":"closed","template":"","meta":{"_acf_changed":false,"content-type":""},"product_brand":[],"product_cat":[373],"product_tag":[],"class_list":{"0":"post-8865","1":"product","2":"type-product","3":"status-publish","4":"has-post-thumbnail","6":"product_cat-projecteurs","8":"first","9":"instock","10":"shipping-taxable","11":"purchasable","12":"product-type-simple"},"acf":[],"yoast_head":"<!-- This site is optimized with the Yoast SEO plugin v27.3 - https:\/\/yoast.com\/product\/yoast-seo-wordpress\/ -->\n<title>PROJECTEUR PORTABLE LED 50W JAUNE TG01 - RADIANCE LIGHTING - BTMT ELECTRIC \u2013 Solutions \u00c9lectriques Fiables et Innovantes<\/title>\n<meta name=\"robots\" content=\"index, follow, max-snippet:-1, max-image-preview:large, max-video-preview:-1\" \/>\n<link rel=\"canonical\" href=\"https:\/\/btmtelectric.com\/index.php\/product\/projecteur-portable-led-50w-jaune-tg01-radiance-lighting\/\" \/>\n<meta property=\"og:locale\" content=\"fr_FR\" \/>\n<meta property=\"og:type\" content=\"article\" \/>\n<meta property=\"og:title\" content=\"PROJECTEUR PORTABLE LED 50W JAUNE TG01 - RADIANCE LIGHTING - BTMT ELECTRIC \u2013 Solutions \u00c9lectriques Fiables et Innovantes\" \/>\n<meta property=\"og:description\" content=\"Projecteur Portable LED 50W \u2013 Jaune, Rechargeable Le projecteur portable LED 50W est l\u2019outil d\u2019\u00e9clairage id\u00e9al pour vos travaux, chantiers, activit\u00e9s en ext\u00e9rieur ou situations d\u2019urgence. Con\u00e7u pour allier puissance,\" \/>\n<meta property=\"og:url\" content=\"https:\/\/btmtelectric.com\/index.php\/product\/projecteur-portable-led-50w-jaune-tg01-radiance-lighting\/\" \/>\n<meta property=\"og:site_name\" content=\"BTMT ELECTRIC \u2013 Solutions \u00c9lectriques Fiables et Innovantes\" \/>\n<meta property=\"article:publisher\" content=\"https:\/\/www.facebook.com\/profile.php?id=61578000361796\" \/>\n<meta property=\"og:image\" content=\"https:\/\/btmtelectric.com\/wp-content\/uploads\/2025\/08\/projecteur-jaune-radiance.jpeg\" \/>\n\t<meta property=\"og:image:width\" content=\"232\" \/>\n\t<meta property=\"og:image:height\" content=\"218\" \/>\n\t<meta property=\"og:image:type\" content=\"image\/jpeg\" \/>\n<meta name=\"twitter:card\" content=\"summary_large_image\" \/>\n<meta name=\"twitter:label1\" content=\"Dur\u00e9e de lecture estim\u00e9e\" \/>\n\t<meta name=\"twitter:data1\" content=\"1 minute\" \/>\n<script type=\"application\/ld+json\" class=\"yoast-schema-graph\">{\"@context\":\"https:\\\/\\\/schema.org\",\"@graph\":[{\"@type\":\"WebPage\",\"@id\":\"https:\\\/\\\/btmtelectric.com\\\/index.php\\\/product\\\/projecteur-portable-led-50w-jaune-tg01-radiance-lighting\\\/\",\"url\":\"https:\\\/\\\/btmtelectric.com\\\/index.php\\\/product\\\/projecteur-portable-led-50w-jaune-tg01-radiance-lighting\\\/\",\"name\":\"PROJECTEUR PORTABLE LED 50W JAUNE TG01 - RADIANCE LIGHTING - BTMT ELECTRIC \u2013 Solutions \u00c9lectriques Fiables et Innovantes\",\"isPartOf\":{\"@id\":\"https:\\\/\\\/btmtelectric.com\\\/#website\"},\"primaryImageOfPage\":{\"@id\":\"https:\\\/\\\/btmtelectric.com\\\/index.php\\\/product\\\/projecteur-portable-led-50w-jaune-tg01-radiance-lighting\\\/#primaryimage\"},\"image\":{\"@id\":\"https:\\\/\\\/btmtelectric.com\\\/index.php\\\/product\\\/projecteur-portable-led-50w-jaune-tg01-radiance-lighting\\\/#primaryimage\"},\"thumbnailUrl\":\"https:\\\/\\\/btmtelectric.com\\\/wp-content\\\/uploads\\\/2025\\\/08\\\/projecteur-jaune-radiance.jpeg\",\"datePublished\":\"2025-08-29T09:09:06+00:00\",\"breadcrumb\":{\"@id\":\"https:\\\/\\\/btmtelectric.com\\\/index.php\\\/product\\\/projecteur-portable-led-50w-jaune-tg01-radiance-lighting\\\/#breadcrumb\"},\"inLanguage\":\"fr-FR\",\"potentialAction\":[{\"@type\":\"ReadAction\",\"target\":[\"https:\\\/\\\/btmtelectric.com\\\/index.php\\\/product\\\/projecteur-portable-led-50w-jaune-tg01-radiance-lighting\\\/\"]}]},{\"@type\":\"ImageObject\",\"inLanguage\":\"fr-FR\",\"@id\":\"https:\\\/\\\/btmtelectric.com\\\/index.php\\\/product\\\/projecteur-portable-led-50w-jaune-tg01-radiance-lighting\\\/#primaryimage\",\"url\":\"https:\\\/\\\/btmtelectric.com\\\/wp-content\\\/uploads\\\/2025\\\/08\\\/projecteur-jaune-radiance.jpeg\",\"contentUrl\":\"https:\\\/\\\/btmtelectric.com\\\/wp-content\\\/uploads\\\/2025\\\/08\\\/projecteur-jaune-radiance.jpeg\",\"width\":232,\"height\":218},{\"@type\":\"BreadcrumbList\",\"@id\":\"https:\\\/\\\/btmtelectric.com\\\/index.php\\\/product\\\/projecteur-portable-led-50w-jaune-tg01-radiance-lighting\\\/#breadcrumb\",\"itemListElement\":[{\"@type\":\"ListItem\",\"position\":1,\"name\":\"Accueil\",\"item\":\"https:\\\/\\\/btmtelectric.com\\\/\"},{\"@type\":\"ListItem\",\"position\":2,\"name\":\"Boutique\",\"item\":\"https:\\\/\\\/btmtelectric.com\\\/index.php\\\/boutique\\\/\"},{\"@type\":\"ListItem\",\"position\":3,\"name\":\"PROJECTEUR PORTABLE LED 50W JAUNE TG01 &#8211; RADIANCE LIGHTING\"}]},{\"@type\":\"WebSite\",\"@id\":\"https:\\\/\\\/btmtelectric.com\\\/#website\",\"url\":\"https:\\\/\\\/btmtelectric.com\\\/\",\"name\":\"BTMT ELECTRIC \u2013 Solutions \u00c9lectriques Fiables et Innovantes\",\"description\":\"\",\"publisher\":{\"@id\":\"https:\\\/\\\/btmtelectric.com\\\/#organization\"},\"potentialAction\":[{\"@type\":\"SearchAction\",\"target\":{\"@type\":\"EntryPoint\",\"urlTemplate\":\"https:\\\/\\\/btmtelectric.com\\\/?s={search_term_string}\"},\"query-input\":{\"@type\":\"PropertyValueSpecification\",\"valueRequired\":true,\"valueName\":\"search_term_string\"}}],\"inLanguage\":\"fr-FR\"},{\"@type\":\"Organization\",\"@id\":\"https:\\\/\\\/btmtelectric.com\\\/#organization\",\"name\":\"BTMT ELECTRIC \u2013 Solutions \u00c9lectriques Fiables et Innovantes\",\"url\":\"https:\\\/\\\/btmtelectric.com\\\/\",\"logo\":{\"@type\":\"ImageObject\",\"inLanguage\":\"fr-FR\",\"@id\":\"https:\\\/\\\/btmtelectric.com\\\/#\\\/schema\\\/logo\\\/image\\\/\",\"url\":\"https:\\\/\\\/btmtelectric.com\\\/wp-content\\\/uploads\\\/2025\\\/07\\\/WhatsApp_Image_2025-07-09_at_11.45.18_AM-removebg-preview-1.png\",\"contentUrl\":\"https:\\\/\\\/btmtelectric.com\\\/wp-content\\\/uploads\\\/2025\\\/07\\\/WhatsApp_Image_2025-07-09_at_11.45.18_AM-removebg-preview-1.png\",\"width\":175,\"height\":42,\"caption\":\"BTMT ELECTRIC \u2013 Solutions \u00c9lectriques Fiables et Innovantes\"},\"image\":{\"@id\":\"https:\\\/\\\/btmtelectric.com\\\/#\\\/schema\\\/logo\\\/image\\\/\"},\"sameAs\":[\"https:\\\/\\\/www.facebook.com\\\/profile.php?id=61578000361796\",\"https:\\\/\\\/www.instagram.com\\\/btmtelectric\\\/\"]}]}<\/script>\n<!-- \/ Yoast SEO plugin. -->","yoast_head_json":{"title":"PROJECTEUR PORTABLE LED 50W JAUNE TG01 - RADIANCE LIGHTING - BTMT ELECTRIC \u2013 Solutions \u00c9lectriques Fiables et Innovantes","robots":{"index":"index","follow":"follow","max-snippet":"max-snippet:-1","max-image-preview":"max-image-preview:large","max-video-preview":"max-video-preview:-1"},"canonical":"https:\/\/btmtelectric.com\/index.php\/product\/projecteur-portable-led-50w-jaune-tg01-radiance-lighting\/","og_locale":"fr_FR","og_type":"article","og_title":"PROJECTEUR PORTABLE LED 50W JAUNE TG01 - RADIANCE LIGHTING - BTMT ELECTRIC \u2013 Solutions \u00c9lectriques Fiables et Innovantes","og_description":"Projecteur Portable LED 50W \u2013 Jaune, Rechargeable Le projecteur portable LED 50W est l\u2019outil d\u2019\u00e9clairage id\u00e9al pour vos travaux, chantiers, activit\u00e9s en ext\u00e9rieur ou situations d\u2019urgence. Con\u00e7u pour allier puissance,","og_url":"https:\/\/btmtelectric.com\/index.php\/product\/projecteur-portable-led-50w-jaune-tg01-radiance-lighting\/","og_site_name":"BTMT ELECTRIC \u2013 Solutions \u00c9lectriques Fiables et Innovantes","article_publisher":"https:\/\/www.facebook.com\/profile.php?id=61578000361796","og_image":[{"width":232,"height":218,"url":"https:\/\/btmtelectric.com\/wp-content\/uploads\/2025\/08\/projecteur-jaune-radiance.jpeg","type":"image\/jpeg"}],"twitter_card":"summary_large_image","twitter_misc":{"Dur\u00e9e de lecture estim\u00e9e":"1 minute"},"schema":{"@context":"https:\/\/schema.org","@graph":[{"@type":"WebPage","@id":"https:\/\/btmtelectric.com\/index.php\/product\/projecteur-portable-led-50w-jaune-tg01-radiance-lighting\/","url":"https:\/\/btmtelectric.com\/index.php\/product\/projecteur-portable-led-50w-jaune-tg01-radiance-lighting\/","name":"PROJECTEUR PORTABLE LED 50W JAUNE TG01 - RADIANCE LIGHTING - BTMT ELECTRIC \u2013 Solutions \u00c9lectriques Fiables et Innovantes","isPartOf":{"@id":"https:\/\/btmtelectric.com\/#website"},"primaryImageOfPage":{"@id":"https:\/\/btmtelectric.com\/index.php\/product\/projecteur-portable-led-50w-jaune-tg01-radiance-lighting\/#primaryimage"},"image":{"@id":"https:\/\/btmtelectric.com\/index.php\/product\/projecteur-portable-led-50w-jaune-tg01-radiance-lighting\/#primaryimage"},"thumbnailUrl":"https:\/\/btmtelectric.com\/wp-content\/uploads\/2025\/08\/projecteur-jaune-radiance.jpeg","datePublished":"2025-08-29T09:09:06+00:00","breadcrumb":{"@id":"https:\/\/btmtelectric.com\/index.php\/product\/projecteur-portable-led-50w-jaune-tg01-radiance-lighting\/#breadcrumb"},"inLanguage":"fr-FR","potentialAction":[{"@type":"ReadAction","target":["https:\/\/btmtelectric.com\/index.php\/product\/projecteur-portable-led-50w-jaune-tg01-radiance-lighting\/"]}]},{"@type":"ImageObject","inLanguage":"fr-FR","@id":"https:\/\/btmtelectric.com\/index.php\/product\/projecteur-portable-led-50w-jaune-tg01-radiance-lighting\/#primaryimage","url":"https:\/\/btmtelectric.com\/wp-content\/uploads\/2025\/08\/projecteur-jaune-radiance.jpeg","contentUrl":"https:\/\/btmtelectric.com\/wp-content\/uploads\/2025\/08\/projecteur-jaune-radiance.jpeg","width":232,"height":218},{"@type":"BreadcrumbList","@id":"https:\/\/btmtelectric.com\/index.php\/product\/projecteur-portable-led-50w-jaune-tg01-radiance-lighting\/#breadcrumb","itemListElement":[{"@type":"ListItem","position":1,"name":"Accueil","item":"https:\/\/btmtelectric.com\/"},{"@type":"ListItem","position":2,"name":"Boutique","item":"https:\/\/btmtelectric.com\/index.php\/boutique\/"},{"@type":"ListItem","position":3,"name":"PROJECTEUR PORTABLE LED 50W JAUNE TG01 &#8211; RADIANCE LIGHTING"}]},{"@type":"WebSite","@id":"https:\/\/btmtelectric.com\/#website","url":"https:\/\/btmtelectric.com\/","name":"BTMT ELECTRIC \u2013 Solutions \u00c9lectriques Fiables et Innovantes","description":"","publisher":{"@id":"https:\/\/btmtelectric.com\/#organization"},"potentialAction":[{"@type":"SearchAction","target":{"@type":"EntryPoint","urlTemplate":"https:\/\/btmtelectric.com\/?s={search_term_string}"},"query-input":{"@type":"PropertyValueSpecification","valueRequired":true,"valueName":"search_term_string"}}],"inLanguage":"fr-FR"},{"@type":"Organization","@id":"https:\/\/btmtelectric.com\/#organization","name":"BTMT ELECTRIC \u2013 Solutions \u00c9lectriques Fiables et Innovantes","url":"https:\/\/btmtelectric.com\/","logo":{"@type":"ImageObject","inLanguage":"fr-FR","@id":"https:\/\/btmtelectric.com\/#\/schema\/logo\/image\/","url":"https:\/\/btmtelectric.com\/wp-content\/uploads\/2025\/07\/WhatsApp_Image_2025-07-09_at_11.45.18_AM-removebg-preview-1.png","contentUrl":"https:\/\/btmtelectric.com\/wp-content\/uploads\/2025\/07\/WhatsApp_Image_2025-07-09_at_11.45.18_AM-removebg-preview-1.png","width":175,"height":42,"caption":"BTMT ELECTRIC \u2013 Solutions \u00c9lectriques Fiables et Innovantes"},"image":{"@id":"https:\/\/btmtelectric.com\/#\/schema\/logo\/image\/"},"sameAs":["https:\/\/www.facebook.com\/profile.php?id=61578000361796","https:\/\/www.instagram.com\/btmtelectric\/"]}]}},"_links":{"self":[{"href":"https:\/\/btmtelectric.com\/index.php\/wp-json\/wp\/v2\/product\/8865","targetHints":{"allow":["GET"]}}],"collection":[{"href":"https:\/\/btmtelectric.com\/index.php\/wp-json\/wp\/v2\/product"}],"about":[{"href":"https:\/\/btmtelectric.com\/index.php\/wp-json\/wp\/v2\/types\/product"}],"replies":[{"embeddable":true,"href":"https:\/\/btmtelectric.com\/index.php\/wp-json\/wp\/v2\/comments?post=8865"}],"wp:featuredmedia":[{"embeddable":true,"href":"https:\/\/btmtelectric.com\/index.php\/wp-json\/wp\/v2\/media\/8867"}],"wp:attachment":[{"href":"https:\/\/btmtelectric.com\/index.php\/wp-json\/wp\/v2\/media?parent=8865"}],"wp:term":[{"taxonomy":"product_brand","embeddable":true,"href":"https:\/\/btmtelectric.com\/index.php\/wp-json\/wp\/v2\/product_brand?post=8865"},{"taxonomy":"product_cat","embeddable":true,"href":"https:\/\/btmtelectric.com\/index.php\/wp-json\/wp\/v2\/product_cat?post=8865"},{"taxonomy":"product_tag","embeddable":true,"href":"https:\/\/btmtelectric.com\/index.php\/wp-json\/wp\/v2\/product_tag?post=8865"}],"curies":[{"name":"wp","href":"https:\/\/api.w.org\/{rel}","templated":true}]}}