{"id":8863,"date":"2025-08-29T08:49:48","date_gmt":"2025-08-29T08:49:48","guid":{"rendered":"https:\/\/btmtelectric.com\/?post_type=product&#038;p=8863"},"modified":"2025-08-29T08:56:20","modified_gmt":"2025-08-29T08:56:20","slug":"disjoncteur-diffrentiel-nb1l-40-1pn-c20-30ma-ac-6ka-chint-2","status":"publish","type":"product","link":"https:\/\/btmtelectric.com\/index.php\/product\/disjoncteur-diffrentiel-nb1l-40-1pn-c20-30ma-ac-6ka-chint-2\/","title":{"rendered":"DISJONCTEUR DIFFRENTIEL NB1L-40 1P+N C20 30mA AC 6KA CHINT"},"content":{"rendered":"<h2 data-start=\"66\" data-end=\"121\">Disjoncteur diff\u00e9rentiel NB1L-40 \u2013 1P+N, 20A, 30mA<\/h2>\n<p data-start=\"123\" data-end=\"288\">Le <strong data-start=\"126\" data-end=\"162\">disjoncteur diff\u00e9rentiel NB1L-40<\/strong> est un dispositif de s\u00e9curit\u00e9 indispensable dans toute installation \u00e9lectrique.<br data-start=\"242\" data-end=\"245\" \/>Il remplit un triple r\u00f4le de protection :<\/p>\n<ul data-start=\"289\" data-end=\"545\">\n<li data-start=\"289\" data-end=\"381\">\n<p data-start=\"291\" data-end=\"381\"><strong data-start=\"291\" data-end=\"317\">S\u00e9curit\u00e9 des personnes<\/strong> contre les contacts indirects et les risques d\u2019\u00e9lectrocution.<\/p>\n<\/li>\n<li data-start=\"382\" data-end=\"443\">\n<p data-start=\"384\" data-end=\"443\"><strong data-start=\"384\" data-end=\"412\">Pr\u00e9vention des incendies<\/strong> dus aux d\u00e9fauts d\u2019isolement.<\/p>\n<\/li>\n<li data-start=\"444\" data-end=\"545\">\n<p data-start=\"446\" data-end=\"545\"><strong data-start=\"446\" data-end=\"497\">Protection des c\u00e2bles et des lignes \u00e9lectriques<\/strong> contre les surcharges et les courts-circuits.<\/p>\n<\/li>\n<\/ul>\n<p data-start=\"547\" data-end=\"767\">Polyvalent et fiable, ce mod\u00e8le est con\u00e7u pour les <strong data-start=\"598\" data-end=\"627\">installations domestiques<\/strong>, mais aussi pour les <strong data-start=\"649\" data-end=\"703\">r\u00e9seaux de distribution commerciaux et industriels<\/strong> o\u00f9 la s\u00e9curit\u00e9 et la continuit\u00e9 de service sont essentielles.<\/p>\n<h3 data-start=\"774\" data-end=\"809\">Caract\u00e9ristiques techniques :<\/h3>\n<ul data-start=\"810\" data-end=\"1266\">\n<li data-start=\"810\" data-end=\"844\">\n<p data-start=\"812\" data-end=\"844\"><strong data-start=\"812\" data-end=\"836\">Courant assign\u00e9 (In)<\/strong> : 20A<\/p>\n<\/li>\n<li data-start=\"845\" data-end=\"875\">\n<p data-start=\"847\" data-end=\"875\"><strong data-start=\"847\" data-end=\"866\">Nombre de p\u00f4les<\/strong> : 1P+N<\/p>\n<\/li>\n<li data-start=\"876\" data-end=\"989\">\n<p data-start=\"878\" data-end=\"989\"><strong data-start=\"878\" data-end=\"914\">Sensibilit\u00e9 diff\u00e9rentielle (I\u2206n)<\/strong> : 30mA \u2192 protection maximale des personnes contre les chocs \u00e9lectriques.<\/p>\n<\/li>\n<li data-start=\"990\" data-end=\"1030\">\n<p data-start=\"992\" data-end=\"1030\"><strong data-start=\"992\" data-end=\"1017\">Tension assign\u00e9e (Ue)<\/strong> : 230\/400V<\/p>\n<\/li>\n<li data-start=\"1031\" data-end=\"1067\">\n<p data-start=\"1033\" data-end=\"1067\"><strong data-start=\"1033\" data-end=\"1055\">Fr\u00e9quence nominale<\/strong> : 50\/60Hz<\/p>\n<\/li>\n<li data-start=\"1068\" data-end=\"1166\">\n<p data-start=\"1070\" data-end=\"1166\"><strong data-start=\"1070\" data-end=\"1098\">Pouvoir de coupure (Icu)<\/strong> : 6 000A \u2192 forte capacit\u00e9 d\u2019interruption en cas de court-circuit.<\/p>\n<\/li>\n<li data-start=\"1167\" data-end=\"1216\">\n<p data-start=\"1169\" data-end=\"1216\"><strong data-start=\"1169\" data-end=\"1196\">Dur\u00e9e de vie \u00e9lectrique<\/strong> : 2 000 man\u0153uvres<\/p>\n<\/li>\n<li data-start=\"1217\" data-end=\"1266\">\n<p data-start=\"1219\" data-end=\"1266\"><strong data-start=\"1219\" data-end=\"1245\">Dur\u00e9e de vie m\u00e9canique<\/strong> : 20 000 man\u0153uvres<\/p>\n<h3 data-start=\"1273\" data-end=\"1295\">Points forts :<\/h3>\n<ul data-start=\"1296\" data-end=\"1658\">\n<li data-start=\"1296\" data-end=\"1383\">\n<p data-start=\"1298\" data-end=\"1383\">Sensibilit\u00e9 30mA, conforme aux normes de s\u00e9curit\u00e9 pour la protection des personnes.<\/p>\n<\/li>\n<li data-start=\"1384\" data-end=\"1460\">\n<p data-start=\"1386\" data-end=\"1460\">Convient parfaitement aux circuits monophas\u00e9s domestiques et tertiaires.<\/p>\n<\/li>\n<li data-start=\"1461\" data-end=\"1520\">\n<p data-start=\"1463\" data-end=\"1520\">Conception robuste garantissant fiabilit\u00e9 et long\u00e9vit\u00e9.<\/p>\n<\/li>\n<li data-start=\"1521\" data-end=\"1610\">\n<p data-start=\"1523\" data-end=\"1610\">R\u00e9duction des risques d\u2019incendie et protection des \u00e9quipements \u00e9lectriques sensibles.<\/p>\n<\/li>\n<li data-start=\"1611\" data-end=\"1658\">\n<p data-start=\"1613\" data-end=\"1658\">Installation rapide et maintenance r\u00e9duite.<\/p>\n<\/li>\n<\/ul>\n<\/li>\n<\/ul>\n","protected":false},"excerpt":{"rendered":"<p>Disjoncteur diff\u00e9rentiel NB1L-40 \u2013 1P+N, 20A, 30mA Le disjoncteur diff\u00e9rentiel NB1L-40 est un dispositif de s\u00e9curit\u00e9 indispensable dans toute installation \u00e9lectrique.Il remplit un triple r\u00f4le de protection : S\u00e9curit\u00e9 des<\/p>\n","protected":false},"featured_media":8864,"comment_status":"open","ping_status":"closed","template":"","meta":{"_acf_changed":false,"content-type":""},"product_brand":[],"product_cat":[367],"product_tag":[],"class_list":{"0":"post-8863","1":"product","2":"type-product","3":"status-publish","4":"has-post-thumbnail","6":"product_cat-disjoncteurs","8":"first","9":"instock","10":"shipping-taxable","11":"purchasable","12":"product-type-simple"},"acf":[],"yoast_head":"<!-- This site is optimized with the Yoast SEO plugin v27.3 - https:\/\/yoast.com\/product\/yoast-seo-wordpress\/ -->\n<title>DISJONCTEUR DIFFRENTIEL NB1L-40 1P+N C20 30mA AC 6KA CHINT - BTMT ELECTRIC \u2013 Solutions \u00c9lectriques Fiables et Innovantes<\/title>\n<meta name=\"robots\" content=\"index, follow, max-snippet:-1, max-image-preview:large, max-video-preview:-1\" \/>\n<link rel=\"canonical\" href=\"https:\/\/btmtelectric.com\/index.php\/product\/disjoncteur-diffrentiel-nb1l-40-1pn-c20-30ma-ac-6ka-chint-2\/\" \/>\n<meta property=\"og:locale\" content=\"fr_FR\" \/>\n<meta property=\"og:type\" content=\"article\" \/>\n<meta property=\"og:title\" content=\"DISJONCTEUR DIFFRENTIEL NB1L-40 1P+N C20 30mA AC 6KA CHINT - BTMT ELECTRIC \u2013 Solutions \u00c9lectriques Fiables et Innovantes\" \/>\n<meta property=\"og:description\" content=\"Disjoncteur diff\u00e9rentiel NB1L-40 \u2013 1P+N, 20A, 30mA Le disjoncteur diff\u00e9rentiel NB1L-40 est un dispositif de s\u00e9curit\u00e9 indispensable dans toute installation \u00e9lectrique.Il remplit un triple r\u00f4le de protection : S\u00e9curit\u00e9 des\" \/>\n<meta property=\"og:url\" content=\"https:\/\/btmtelectric.com\/index.php\/product\/disjoncteur-diffrentiel-nb1l-40-1pn-c20-30ma-ac-6ka-chint-2\/\" \/>\n<meta property=\"og:site_name\" content=\"BTMT ELECTRIC \u2013 Solutions \u00c9lectriques Fiables et Innovantes\" \/>\n<meta property=\"article:publisher\" content=\"https:\/\/www.facebook.com\/profile.php?id=61578000361796\" \/>\n<meta property=\"article:modified_time\" content=\"2025-08-29T08:56:20+00:00\" \/>\n<meta property=\"og:image\" content=\"https:\/\/btmtelectric.com\/wp-content\/uploads\/2025\/08\/DISJ-NB1L-C20.jpg\" \/>\n\t<meta property=\"og:image:width\" content=\"470\" \/>\n\t<meta property=\"og:image:height\" content=\"470\" \/>\n\t<meta property=\"og:image:type\" content=\"image\/jpeg\" \/>\n<meta name=\"twitter:card\" content=\"summary_large_image\" \/>\n<meta name=\"twitter:label1\" content=\"Dur\u00e9e de lecture estim\u00e9e\" \/>\n\t<meta name=\"twitter:data1\" content=\"1 minute\" \/>\n<script type=\"application\/ld+json\" class=\"yoast-schema-graph\">{\"@context\":\"https:\\\/\\\/schema.org\",\"@graph\":[{\"@type\":\"WebPage\",\"@id\":\"https:\\\/\\\/btmtelectric.com\\\/index.php\\\/product\\\/disjoncteur-diffrentiel-nb1l-40-1pn-c20-30ma-ac-6ka-chint-2\\\/\",\"url\":\"https:\\\/\\\/btmtelectric.com\\\/index.php\\\/product\\\/disjoncteur-diffrentiel-nb1l-40-1pn-c20-30ma-ac-6ka-chint-2\\\/\",\"name\":\"DISJONCTEUR DIFFRENTIEL NB1L-40 1P+N C20 30mA AC 6KA CHINT - BTMT ELECTRIC \u2013 Solutions \u00c9lectriques Fiables et Innovantes\",\"isPartOf\":{\"@id\":\"https:\\\/\\\/btmtelectric.com\\\/#website\"},\"primaryImageOfPage\":{\"@id\":\"https:\\\/\\\/btmtelectric.com\\\/index.php\\\/product\\\/disjoncteur-diffrentiel-nb1l-40-1pn-c20-30ma-ac-6ka-chint-2\\\/#primaryimage\"},\"image\":{\"@id\":\"https:\\\/\\\/btmtelectric.com\\\/index.php\\\/product\\\/disjoncteur-diffrentiel-nb1l-40-1pn-c20-30ma-ac-6ka-chint-2\\\/#primaryimage\"},\"thumbnailUrl\":\"https:\\\/\\\/btmtelectric.com\\\/wp-content\\\/uploads\\\/2025\\\/08\\\/DISJ-NB1L-C20.jpg\",\"datePublished\":\"2025-08-29T08:49:48+00:00\",\"dateModified\":\"2025-08-29T08:56:20+00:00\",\"breadcrumb\":{\"@id\":\"https:\\\/\\\/btmtelectric.com\\\/index.php\\\/product\\\/disjoncteur-diffrentiel-nb1l-40-1pn-c20-30ma-ac-6ka-chint-2\\\/#breadcrumb\"},\"inLanguage\":\"fr-FR\",\"potentialAction\":[{\"@type\":\"ReadAction\",\"target\":[\"https:\\\/\\\/btmtelectric.com\\\/index.php\\\/product\\\/disjoncteur-diffrentiel-nb1l-40-1pn-c20-30ma-ac-6ka-chint-2\\\/\"]}]},{\"@type\":\"ImageObject\",\"inLanguage\":\"fr-FR\",\"@id\":\"https:\\\/\\\/btmtelectric.com\\\/index.php\\\/product\\\/disjoncteur-diffrentiel-nb1l-40-1pn-c20-30ma-ac-6ka-chint-2\\\/#primaryimage\",\"url\":\"https:\\\/\\\/btmtelectric.com\\\/wp-content\\\/uploads\\\/2025\\\/08\\\/DISJ-NB1L-C20.jpg\",\"contentUrl\":\"https:\\\/\\\/btmtelectric.com\\\/wp-content\\\/uploads\\\/2025\\\/08\\\/DISJ-NB1L-C20.jpg\",\"width\":470,\"height\":470},{\"@type\":\"BreadcrumbList\",\"@id\":\"https:\\\/\\\/btmtelectric.com\\\/index.php\\\/product\\\/disjoncteur-diffrentiel-nb1l-40-1pn-c20-30ma-ac-6ka-chint-2\\\/#breadcrumb\",\"itemListElement\":[{\"@type\":\"ListItem\",\"position\":1,\"name\":\"Accueil\",\"item\":\"https:\\\/\\\/btmtelectric.com\\\/\"},{\"@type\":\"ListItem\",\"position\":2,\"name\":\"Boutique\",\"item\":\"https:\\\/\\\/btmtelectric.com\\\/index.php\\\/boutique\\\/\"},{\"@type\":\"ListItem\",\"position\":3,\"name\":\"DISJONCTEUR DIFFRENTIEL NB1L-40 1P+N C20 30mA AC 6KA CHINT\"}]},{\"@type\":\"WebSite\",\"@id\":\"https:\\\/\\\/btmtelectric.com\\\/#website\",\"url\":\"https:\\\/\\\/btmtelectric.com\\\/\",\"name\":\"BTMT ELECTRIC \u2013 Solutions \u00c9lectriques Fiables et Innovantes\",\"description\":\"\",\"publisher\":{\"@id\":\"https:\\\/\\\/btmtelectric.com\\\/#organization\"},\"potentialAction\":[{\"@type\":\"SearchAction\",\"target\":{\"@type\":\"EntryPoint\",\"urlTemplate\":\"https:\\\/\\\/btmtelectric.com\\\/?s={search_term_string}\"},\"query-input\":{\"@type\":\"PropertyValueSpecification\",\"valueRequired\":true,\"valueName\":\"search_term_string\"}}],\"inLanguage\":\"fr-FR\"},{\"@type\":\"Organization\",\"@id\":\"https:\\\/\\\/btmtelectric.com\\\/#organization\",\"name\":\"BTMT ELECTRIC \u2013 Solutions \u00c9lectriques Fiables et Innovantes\",\"url\":\"https:\\\/\\\/btmtelectric.com\\\/\",\"logo\":{\"@type\":\"ImageObject\",\"inLanguage\":\"fr-FR\",\"@id\":\"https:\\\/\\\/btmtelectric.com\\\/#\\\/schema\\\/logo\\\/image\\\/\",\"url\":\"https:\\\/\\\/btmtelectric.com\\\/wp-content\\\/uploads\\\/2025\\\/07\\\/WhatsApp_Image_2025-07-09_at_11.45.18_AM-removebg-preview-1.png\",\"contentUrl\":\"https:\\\/\\\/btmtelectric.com\\\/wp-content\\\/uploads\\\/2025\\\/07\\\/WhatsApp_Image_2025-07-09_at_11.45.18_AM-removebg-preview-1.png\",\"width\":175,\"height\":42,\"caption\":\"BTMT ELECTRIC \u2013 Solutions \u00c9lectriques Fiables et Innovantes\"},\"image\":{\"@id\":\"https:\\\/\\\/btmtelectric.com\\\/#\\\/schema\\\/logo\\\/image\\\/\"},\"sameAs\":[\"https:\\\/\\\/www.facebook.com\\\/profile.php?id=61578000361796\",\"https:\\\/\\\/www.instagram.com\\\/btmtelectric\\\/\"]}]}<\/script>\n<!-- \/ Yoast SEO plugin. -->","yoast_head_json":{"title":"DISJONCTEUR DIFFRENTIEL NB1L-40 1P+N C20 30mA AC 6KA CHINT - BTMT ELECTRIC \u2013 Solutions \u00c9lectriques Fiables et Innovantes","robots":{"index":"index","follow":"follow","max-snippet":"max-snippet:-1","max-image-preview":"max-image-preview:large","max-video-preview":"max-video-preview:-1"},"canonical":"https:\/\/btmtelectric.com\/index.php\/product\/disjoncteur-diffrentiel-nb1l-40-1pn-c20-30ma-ac-6ka-chint-2\/","og_locale":"fr_FR","og_type":"article","og_title":"DISJONCTEUR DIFFRENTIEL NB1L-40 1P+N C20 30mA AC 6KA CHINT - BTMT ELECTRIC \u2013 Solutions \u00c9lectriques Fiables et Innovantes","og_description":"Disjoncteur diff\u00e9rentiel NB1L-40 \u2013 1P+N, 20A, 30mA Le disjoncteur diff\u00e9rentiel NB1L-40 est un dispositif de s\u00e9curit\u00e9 indispensable dans toute installation \u00e9lectrique.Il remplit un triple r\u00f4le de protection : S\u00e9curit\u00e9 des","og_url":"https:\/\/btmtelectric.com\/index.php\/product\/disjoncteur-diffrentiel-nb1l-40-1pn-c20-30ma-ac-6ka-chint-2\/","og_site_name":"BTMT ELECTRIC \u2013 Solutions \u00c9lectriques Fiables et Innovantes","article_publisher":"https:\/\/www.facebook.com\/profile.php?id=61578000361796","article_modified_time":"2025-08-29T08:56:20+00:00","og_image":[{"width":470,"height":470,"url":"https:\/\/btmtelectric.com\/wp-content\/uploads\/2025\/08\/DISJ-NB1L-C20.jpg","type":"image\/jpeg"}],"twitter_card":"summary_large_image","twitter_misc":{"Dur\u00e9e de lecture estim\u00e9e":"1 minute"},"schema":{"@context":"https:\/\/schema.org","@graph":[{"@type":"WebPage","@id":"https:\/\/btmtelectric.com\/index.php\/product\/disjoncteur-diffrentiel-nb1l-40-1pn-c20-30ma-ac-6ka-chint-2\/","url":"https:\/\/btmtelectric.com\/index.php\/product\/disjoncteur-diffrentiel-nb1l-40-1pn-c20-30ma-ac-6ka-chint-2\/","name":"DISJONCTEUR DIFFRENTIEL NB1L-40 1P+N C20 30mA AC 6KA CHINT - BTMT ELECTRIC \u2013 Solutions \u00c9lectriques Fiables et Innovantes","isPartOf":{"@id":"https:\/\/btmtelectric.com\/#website"},"primaryImageOfPage":{"@id":"https:\/\/btmtelectric.com\/index.php\/product\/disjoncteur-diffrentiel-nb1l-40-1pn-c20-30ma-ac-6ka-chint-2\/#primaryimage"},"image":{"@id":"https:\/\/btmtelectric.com\/index.php\/product\/disjoncteur-diffrentiel-nb1l-40-1pn-c20-30ma-ac-6ka-chint-2\/#primaryimage"},"thumbnailUrl":"https:\/\/btmtelectric.com\/wp-content\/uploads\/2025\/08\/DISJ-NB1L-C20.jpg","datePublished":"2025-08-29T08:49:48+00:00","dateModified":"2025-08-29T08:56:20+00:00","breadcrumb":{"@id":"https:\/\/btmtelectric.com\/index.php\/product\/disjoncteur-diffrentiel-nb1l-40-1pn-c20-30ma-ac-6ka-chint-2\/#breadcrumb"},"inLanguage":"fr-FR","potentialAction":[{"@type":"ReadAction","target":["https:\/\/btmtelectric.com\/index.php\/product\/disjoncteur-diffrentiel-nb1l-40-1pn-c20-30ma-ac-6ka-chint-2\/"]}]},{"@type":"ImageObject","inLanguage":"fr-FR","@id":"https:\/\/btmtelectric.com\/index.php\/product\/disjoncteur-diffrentiel-nb1l-40-1pn-c20-30ma-ac-6ka-chint-2\/#primaryimage","url":"https:\/\/btmtelectric.com\/wp-content\/uploads\/2025\/08\/DISJ-NB1L-C20.jpg","contentUrl":"https:\/\/btmtelectric.com\/wp-content\/uploads\/2025\/08\/DISJ-NB1L-C20.jpg","width":470,"height":470},{"@type":"BreadcrumbList","@id":"https:\/\/btmtelectric.com\/index.php\/product\/disjoncteur-diffrentiel-nb1l-40-1pn-c20-30ma-ac-6ka-chint-2\/#breadcrumb","itemListElement":[{"@type":"ListItem","position":1,"name":"Accueil","item":"https:\/\/btmtelectric.com\/"},{"@type":"ListItem","position":2,"name":"Boutique","item":"https:\/\/btmtelectric.com\/index.php\/boutique\/"},{"@type":"ListItem","position":3,"name":"DISJONCTEUR DIFFRENTIEL NB1L-40 1P+N C20 30mA AC 6KA CHINT"}]},{"@type":"WebSite","@id":"https:\/\/btmtelectric.com\/#website","url":"https:\/\/btmtelectric.com\/","name":"BTMT ELECTRIC \u2013 Solutions \u00c9lectriques Fiables et Innovantes","description":"","publisher":{"@id":"https:\/\/btmtelectric.com\/#organization"},"potentialAction":[{"@type":"SearchAction","target":{"@type":"EntryPoint","urlTemplate":"https:\/\/btmtelectric.com\/?s={search_term_string}"},"query-input":{"@type":"PropertyValueSpecification","valueRequired":true,"valueName":"search_term_string"}}],"inLanguage":"fr-FR"},{"@type":"Organization","@id":"https:\/\/btmtelectric.com\/#organization","name":"BTMT ELECTRIC \u2013 Solutions \u00c9lectriques Fiables et Innovantes","url":"https:\/\/btmtelectric.com\/","logo":{"@type":"ImageObject","inLanguage":"fr-FR","@id":"https:\/\/btmtelectric.com\/#\/schema\/logo\/image\/","url":"https:\/\/btmtelectric.com\/wp-content\/uploads\/2025\/07\/WhatsApp_Image_2025-07-09_at_11.45.18_AM-removebg-preview-1.png","contentUrl":"https:\/\/btmtelectric.com\/wp-content\/uploads\/2025\/07\/WhatsApp_Image_2025-07-09_at_11.45.18_AM-removebg-preview-1.png","width":175,"height":42,"caption":"BTMT ELECTRIC \u2013 Solutions \u00c9lectriques Fiables et Innovantes"},"image":{"@id":"https:\/\/btmtelectric.com\/#\/schema\/logo\/image\/"},"sameAs":["https:\/\/www.facebook.com\/profile.php?id=61578000361796","https:\/\/www.instagram.com\/btmtelectric\/"]}]}},"_links":{"self":[{"href":"https:\/\/btmtelectric.com\/index.php\/wp-json\/wp\/v2\/product\/8863","targetHints":{"allow":["GET"]}}],"collection":[{"href":"https:\/\/btmtelectric.com\/index.php\/wp-json\/wp\/v2\/product"}],"about":[{"href":"https:\/\/btmtelectric.com\/index.php\/wp-json\/wp\/v2\/types\/product"}],"replies":[{"embeddable":true,"href":"https:\/\/btmtelectric.com\/index.php\/wp-json\/wp\/v2\/comments?post=8863"}],"wp:featuredmedia":[{"embeddable":true,"href":"https:\/\/btmtelectric.com\/index.php\/wp-json\/wp\/v2\/media\/8864"}],"wp:attachment":[{"href":"https:\/\/btmtelectric.com\/index.php\/wp-json\/wp\/v2\/media?parent=8863"}],"wp:term":[{"taxonomy":"product_brand","embeddable":true,"href":"https:\/\/btmtelectric.com\/index.php\/wp-json\/wp\/v2\/product_brand?post=8863"},{"taxonomy":"product_cat","embeddable":true,"href":"https:\/\/btmtelectric.com\/index.php\/wp-json\/wp\/v2\/product_cat?post=8863"},{"taxonomy":"product_tag","embeddable":true,"href":"https:\/\/btmtelectric.com\/index.php\/wp-json\/wp\/v2\/product_tag?post=8863"}],"curies":[{"name":"wp","href":"https:\/\/api.w.org\/{rel}","templated":true}]}}