{"id":8858,"date":"2025-08-29T08:13:55","date_gmt":"2025-08-29T08:13:55","guid":{"rendered":"https:\/\/btmtelectric.com\/?post_type=product&#038;p=8858"},"modified":"2025-08-29T08:13:55","modified_gmt":"2025-08-29T08:13:55","slug":"disjoncteur-diffrentiel-nb1l-40-1pn-c16-300ma-ac-6ka-chint","status":"publish","type":"product","link":"https:\/\/btmtelectric.com\/index.php\/product\/disjoncteur-diffrentiel-nb1l-40-1pn-c16-300ma-ac-6ka-chint\/","title":{"rendered":"DISJONCTEUR DIFFRENTIEL NB1L-40 1P+N C16 300mA AC 6KA CHINT"},"content":{"rendered":"<h2 data-start=\"74\" data-end=\"130\">Disjoncteur diff\u00e9rentiel NB1L-40 \u2013 1P+N, 16A, 300mA<\/h2>\n<p data-start=\"132\" data-end=\"310\">Le <strong data-start=\"135\" data-end=\"171\">disjoncteur diff\u00e9rentiel NB1L-40<\/strong> est un dispositif de s\u00e9curit\u00e9 indispensable pour toute installation \u00e9lectrique moderne.<br data-start=\"259\" data-end=\"262\" \/>Il combine plusieurs fonctions de protection :<\/p>\n<ul data-start=\"311\" data-end=\"621\">\n<li data-start=\"311\" data-end=\"412\">\n<p data-start=\"313\" data-end=\"412\"><strong data-start=\"313\" data-end=\"338\">S\u00e9curit\u00e9 du personnel<\/strong> : prot\u00e8ge contre les contacts indirects et les risques d\u2019\u00e9lectrocution.<\/p>\n<\/li>\n<li data-start=\"413\" data-end=\"510\">\n<p data-start=\"415\" data-end=\"510\"><strong data-start=\"415\" data-end=\"438\">Pr\u00e9vention incendie<\/strong> : d\u00e9tecte les fuites de courant pouvant provoquer des d\u00e9parts de feu.<\/p>\n<\/li>\n<li data-start=\"511\" data-end=\"621\">\n<p data-start=\"513\" data-end=\"621\"><strong data-start=\"513\" data-end=\"538\">S\u00e9curit\u00e9 des circuits<\/strong> : prot\u00e8ge les c\u00e2bles et les lignes contre les surcharges et les courts-circuits.<\/p>\n<\/li>\n<\/ul>\n<p data-start=\"623\" data-end=\"799\">Sa conception robuste et sa fiabilit\u00e9 en font un choix id\u00e9al pour les <strong data-start=\"693\" data-end=\"722\">installations domestiques<\/strong>, les <strong data-start=\"728\" data-end=\"749\">locaux tertiaires<\/strong> et les <strong data-start=\"757\" data-end=\"796\">r\u00e9seaux de distribution industriels<\/strong>.<\/p>\n<h3 data-start=\"806\" data-end=\"841\">Caract\u00e9ristiques techniques :<\/h3>\n<ul data-start=\"842\" data-end=\"1302\">\n<li data-start=\"842\" data-end=\"876\">\n<p data-start=\"844\" data-end=\"876\"><strong data-start=\"844\" data-end=\"868\">Courant assign\u00e9 (In)<\/strong> : 16A<\/p>\n<\/li>\n<li data-start=\"877\" data-end=\"907\">\n<p data-start=\"879\" data-end=\"907\"><strong data-start=\"879\" data-end=\"898\">Nombre de p\u00f4les<\/strong> : 1P+N<\/p>\n<\/li>\n<li data-start=\"908\" data-end=\"1027\">\n<p data-start=\"910\" data-end=\"1027\"><strong data-start=\"910\" data-end=\"946\">Sensibilit\u00e9 diff\u00e9rentielle (I\u2206n)<\/strong> : 300mA \u2192 adapt\u00e9e \u00e0 la protection contre les incendies et d\u00e9fauts d\u2019isolement.<\/p>\n<\/li>\n<li data-start=\"1028\" data-end=\"1068\">\n<p data-start=\"1030\" data-end=\"1068\"><strong data-start=\"1030\" data-end=\"1055\">Tension assign\u00e9e (Ue)<\/strong> : 230\/400V<\/p>\n<\/li>\n<li data-start=\"1069\" data-end=\"1105\">\n<p data-start=\"1071\" data-end=\"1105\"><strong data-start=\"1071\" data-end=\"1093\">Fr\u00e9quence nominale<\/strong> : 50\/60Hz<\/p>\n<\/li>\n<li data-start=\"1106\" data-end=\"1202\">\n<p data-start=\"1108\" data-end=\"1202\"><strong data-start=\"1108\" data-end=\"1136\">Pouvoir de coupure (Icu)<\/strong> : 6 000A \u2192 excellente capacit\u00e9 d\u2019interruption en cas de d\u00e9faut.<\/p>\n<\/li>\n<li data-start=\"1203\" data-end=\"1252\">\n<p data-start=\"1205\" data-end=\"1252\"><strong data-start=\"1205\" data-end=\"1232\">Dur\u00e9e de vie \u00e9lectrique<\/strong> : 2 000 man\u0153uvres<\/p>\n<\/li>\n<li data-start=\"1253\" data-end=\"1302\">\n<p data-start=\"1255\" data-end=\"1302\"><strong data-start=\"1255\" data-end=\"1281\">Dur\u00e9e de vie m\u00e9canique<\/strong> : 20 000 man\u0153uvres<\/p>\n<h3 data-start=\"1309\" data-end=\"1331\">Points forts :<\/h3>\n<ul data-start=\"1332\" data-end=\"1652\">\n<li data-start=\"1332\" data-end=\"1408\">\n<p data-start=\"1334\" data-end=\"1408\">Protection fiable contre les incendies gr\u00e2ce \u00e0 une sensibilit\u00e9 de 300mA.<\/p>\n<\/li>\n<li data-start=\"1409\" data-end=\"1478\">\n<p data-start=\"1411\" data-end=\"1478\">Id\u00e9al pour les circuits monophas\u00e9s domestiques et professionnels.<\/p>\n<\/li>\n<li data-start=\"1479\" data-end=\"1539\">\n<p data-start=\"1481\" data-end=\"1539\">Conception durable et r\u00e9sistante pour un usage intensif.<\/p>\n<\/li>\n<li data-start=\"1540\" data-end=\"1598\">\n<p data-start=\"1542\" data-end=\"1598\">Longue dur\u00e9e de vie avec faible besoin de maintenance.<\/p>\n<\/li>\n<li data-start=\"1599\" data-end=\"1652\">\n<p data-start=\"1601\" data-end=\"1652\">Installation simple et compatibilit\u00e9 universelle.<\/p>\n<p data-start=\"1659\" data-end=\"1879\">Le disjoncteur diff\u00e9rentiel <strong data-start=\"1690\" data-end=\"1718\">NB1L-40 \u2013 16A 1P+N 300mA<\/strong> est la solution parfaite pour renforcer la <strong data-start=\"1762\" data-end=\"1804\">s\u00e9curit\u00e9 des installations \u00e9lectriques<\/strong> tout en prot\u00e9geant efficacement les utilisateurs et les infrastructures.<\/p>\n<\/li>\n<\/ul>\n<\/li>\n<\/ul>\n","protected":false},"excerpt":{"rendered":"<p>Disjoncteur diff\u00e9rentiel NB1L-40 \u2013 1P+N, 16A, 300mA Le disjoncteur diff\u00e9rentiel NB1L-40 est un dispositif de s\u00e9curit\u00e9 indispensable pour toute installation \u00e9lectrique moderne.Il combine plusieurs fonctions de protection : S\u00e9curit\u00e9 du<\/p>\n","protected":false},"featured_media":8859,"comment_status":"open","ping_status":"closed","template":"","meta":{"_acf_changed":false,"content-type":""},"product_brand":[],"product_cat":[367],"product_tag":[],"class_list":{"0":"post-8858","1":"product","2":"type-product","3":"status-publish","4":"has-post-thumbnail","6":"product_cat-disjoncteurs","8":"first","9":"instock","10":"shipping-taxable","11":"purchasable","12":"product-type-simple"},"acf":[],"yoast_head":"<!-- This site is optimized with the Yoast SEO plugin v27.3 - https:\/\/yoast.com\/product\/yoast-seo-wordpress\/ -->\n<title>DISJONCTEUR DIFFRENTIEL NB1L-40 1P+N C16 300mA AC 6KA CHINT - BTMT ELECTRIC \u2013 Solutions \u00c9lectriques Fiables et Innovantes<\/title>\n<meta name=\"robots\" content=\"index, follow, max-snippet:-1, max-image-preview:large, max-video-preview:-1\" \/>\n<link rel=\"canonical\" href=\"https:\/\/btmtelectric.com\/index.php\/product\/disjoncteur-diffrentiel-nb1l-40-1pn-c16-300ma-ac-6ka-chint\/\" \/>\n<meta property=\"og:locale\" content=\"fr_FR\" \/>\n<meta property=\"og:type\" content=\"article\" \/>\n<meta property=\"og:title\" content=\"DISJONCTEUR DIFFRENTIEL NB1L-40 1P+N C16 300mA AC 6KA CHINT - BTMT ELECTRIC \u2013 Solutions \u00c9lectriques Fiables et Innovantes\" \/>\n<meta property=\"og:description\" content=\"Disjoncteur diff\u00e9rentiel NB1L-40 \u2013 1P+N, 16A, 300mA Le disjoncteur diff\u00e9rentiel NB1L-40 est un dispositif de s\u00e9curit\u00e9 indispensable pour toute installation \u00e9lectrique moderne.Il combine plusieurs fonctions de protection : S\u00e9curit\u00e9 du\" \/>\n<meta property=\"og:url\" content=\"https:\/\/btmtelectric.com\/index.php\/product\/disjoncteur-diffrentiel-nb1l-40-1pn-c16-300ma-ac-6ka-chint\/\" \/>\n<meta property=\"og:site_name\" content=\"BTMT ELECTRIC \u2013 Solutions \u00c9lectriques Fiables et Innovantes\" \/>\n<meta property=\"article:publisher\" content=\"https:\/\/www.facebook.com\/profile.php?id=61578000361796\" \/>\n<meta property=\"og:image\" content=\"https:\/\/btmtelectric.com\/wp-content\/uploads\/2025\/08\/disj-NBL1-1P-C16.jpg\" \/>\n\t<meta property=\"og:image:width\" content=\"700\" \/>\n\t<meta property=\"og:image:height\" content=\"700\" \/>\n\t<meta property=\"og:image:type\" content=\"image\/jpeg\" \/>\n<meta name=\"twitter:card\" content=\"summary_large_image\" \/>\n<meta name=\"twitter:label1\" content=\"Dur\u00e9e de lecture estim\u00e9e\" \/>\n\t<meta name=\"twitter:data1\" content=\"1 minute\" \/>\n<script type=\"application\/ld+json\" class=\"yoast-schema-graph\">{\"@context\":\"https:\\\/\\\/schema.org\",\"@graph\":[{\"@type\":\"WebPage\",\"@id\":\"https:\\\/\\\/btmtelectric.com\\\/index.php\\\/product\\\/disjoncteur-diffrentiel-nb1l-40-1pn-c16-300ma-ac-6ka-chint\\\/\",\"url\":\"https:\\\/\\\/btmtelectric.com\\\/index.php\\\/product\\\/disjoncteur-diffrentiel-nb1l-40-1pn-c16-300ma-ac-6ka-chint\\\/\",\"name\":\"DISJONCTEUR DIFFRENTIEL NB1L-40 1P+N C16 300mA AC 6KA CHINT - BTMT ELECTRIC \u2013 Solutions \u00c9lectriques Fiables et Innovantes\",\"isPartOf\":{\"@id\":\"https:\\\/\\\/btmtelectric.com\\\/#website\"},\"primaryImageOfPage\":{\"@id\":\"https:\\\/\\\/btmtelectric.com\\\/index.php\\\/product\\\/disjoncteur-diffrentiel-nb1l-40-1pn-c16-300ma-ac-6ka-chint\\\/#primaryimage\"},\"image\":{\"@id\":\"https:\\\/\\\/btmtelectric.com\\\/index.php\\\/product\\\/disjoncteur-diffrentiel-nb1l-40-1pn-c16-300ma-ac-6ka-chint\\\/#primaryimage\"},\"thumbnailUrl\":\"https:\\\/\\\/btmtelectric.com\\\/wp-content\\\/uploads\\\/2025\\\/08\\\/disj-NBL1-1P-C16.jpg\",\"datePublished\":\"2025-08-29T08:13:55+00:00\",\"breadcrumb\":{\"@id\":\"https:\\\/\\\/btmtelectric.com\\\/index.php\\\/product\\\/disjoncteur-diffrentiel-nb1l-40-1pn-c16-300ma-ac-6ka-chint\\\/#breadcrumb\"},\"inLanguage\":\"fr-FR\",\"potentialAction\":[{\"@type\":\"ReadAction\",\"target\":[\"https:\\\/\\\/btmtelectric.com\\\/index.php\\\/product\\\/disjoncteur-diffrentiel-nb1l-40-1pn-c16-300ma-ac-6ka-chint\\\/\"]}]},{\"@type\":\"ImageObject\",\"inLanguage\":\"fr-FR\",\"@id\":\"https:\\\/\\\/btmtelectric.com\\\/index.php\\\/product\\\/disjoncteur-diffrentiel-nb1l-40-1pn-c16-300ma-ac-6ka-chint\\\/#primaryimage\",\"url\":\"https:\\\/\\\/btmtelectric.com\\\/wp-content\\\/uploads\\\/2025\\\/08\\\/disj-NBL1-1P-C16.jpg\",\"contentUrl\":\"https:\\\/\\\/btmtelectric.com\\\/wp-content\\\/uploads\\\/2025\\\/08\\\/disj-NBL1-1P-C16.jpg\",\"width\":700,\"height\":700},{\"@type\":\"BreadcrumbList\",\"@id\":\"https:\\\/\\\/btmtelectric.com\\\/index.php\\\/product\\\/disjoncteur-diffrentiel-nb1l-40-1pn-c16-300ma-ac-6ka-chint\\\/#breadcrumb\",\"itemListElement\":[{\"@type\":\"ListItem\",\"position\":1,\"name\":\"Accueil\",\"item\":\"https:\\\/\\\/btmtelectric.com\\\/\"},{\"@type\":\"ListItem\",\"position\":2,\"name\":\"Boutique\",\"item\":\"https:\\\/\\\/btmtelectric.com\\\/index.php\\\/boutique\\\/\"},{\"@type\":\"ListItem\",\"position\":3,\"name\":\"DISJONCTEUR DIFFRENTIEL NB1L-40 1P+N C16 300mA AC 6KA CHINT\"}]},{\"@type\":\"WebSite\",\"@id\":\"https:\\\/\\\/btmtelectric.com\\\/#website\",\"url\":\"https:\\\/\\\/btmtelectric.com\\\/\",\"name\":\"BTMT ELECTRIC \u2013 Solutions \u00c9lectriques Fiables et Innovantes\",\"description\":\"\",\"publisher\":{\"@id\":\"https:\\\/\\\/btmtelectric.com\\\/#organization\"},\"potentialAction\":[{\"@type\":\"SearchAction\",\"target\":{\"@type\":\"EntryPoint\",\"urlTemplate\":\"https:\\\/\\\/btmtelectric.com\\\/?s={search_term_string}\"},\"query-input\":{\"@type\":\"PropertyValueSpecification\",\"valueRequired\":true,\"valueName\":\"search_term_string\"}}],\"inLanguage\":\"fr-FR\"},{\"@type\":\"Organization\",\"@id\":\"https:\\\/\\\/btmtelectric.com\\\/#organization\",\"name\":\"BTMT ELECTRIC \u2013 Solutions \u00c9lectriques Fiables et Innovantes\",\"url\":\"https:\\\/\\\/btmtelectric.com\\\/\",\"logo\":{\"@type\":\"ImageObject\",\"inLanguage\":\"fr-FR\",\"@id\":\"https:\\\/\\\/btmtelectric.com\\\/#\\\/schema\\\/logo\\\/image\\\/\",\"url\":\"https:\\\/\\\/btmtelectric.com\\\/wp-content\\\/uploads\\\/2025\\\/07\\\/WhatsApp_Image_2025-07-09_at_11.45.18_AM-removebg-preview-1.png\",\"contentUrl\":\"https:\\\/\\\/btmtelectric.com\\\/wp-content\\\/uploads\\\/2025\\\/07\\\/WhatsApp_Image_2025-07-09_at_11.45.18_AM-removebg-preview-1.png\",\"width\":175,\"height\":42,\"caption\":\"BTMT ELECTRIC \u2013 Solutions \u00c9lectriques Fiables et Innovantes\"},\"image\":{\"@id\":\"https:\\\/\\\/btmtelectric.com\\\/#\\\/schema\\\/logo\\\/image\\\/\"},\"sameAs\":[\"https:\\\/\\\/www.facebook.com\\\/profile.php?id=61578000361796\",\"https:\\\/\\\/www.instagram.com\\\/btmtelectric\\\/\"]}]}<\/script>\n<!-- \/ Yoast SEO plugin. -->","yoast_head_json":{"title":"DISJONCTEUR DIFFRENTIEL NB1L-40 1P+N C16 300mA AC 6KA CHINT - BTMT ELECTRIC \u2013 Solutions \u00c9lectriques Fiables et Innovantes","robots":{"index":"index","follow":"follow","max-snippet":"max-snippet:-1","max-image-preview":"max-image-preview:large","max-video-preview":"max-video-preview:-1"},"canonical":"https:\/\/btmtelectric.com\/index.php\/product\/disjoncteur-diffrentiel-nb1l-40-1pn-c16-300ma-ac-6ka-chint\/","og_locale":"fr_FR","og_type":"article","og_title":"DISJONCTEUR DIFFRENTIEL NB1L-40 1P+N C16 300mA AC 6KA CHINT - BTMT ELECTRIC \u2013 Solutions \u00c9lectriques Fiables et Innovantes","og_description":"Disjoncteur diff\u00e9rentiel NB1L-40 \u2013 1P+N, 16A, 300mA Le disjoncteur diff\u00e9rentiel NB1L-40 est un dispositif de s\u00e9curit\u00e9 indispensable pour toute installation \u00e9lectrique moderne.Il combine plusieurs fonctions de protection : S\u00e9curit\u00e9 du","og_url":"https:\/\/btmtelectric.com\/index.php\/product\/disjoncteur-diffrentiel-nb1l-40-1pn-c16-300ma-ac-6ka-chint\/","og_site_name":"BTMT ELECTRIC \u2013 Solutions \u00c9lectriques Fiables et Innovantes","article_publisher":"https:\/\/www.facebook.com\/profile.php?id=61578000361796","og_image":[{"width":700,"height":700,"url":"https:\/\/btmtelectric.com\/wp-content\/uploads\/2025\/08\/disj-NBL1-1P-C16.jpg","type":"image\/jpeg"}],"twitter_card":"summary_large_image","twitter_misc":{"Dur\u00e9e de lecture estim\u00e9e":"1 minute"},"schema":{"@context":"https:\/\/schema.org","@graph":[{"@type":"WebPage","@id":"https:\/\/btmtelectric.com\/index.php\/product\/disjoncteur-diffrentiel-nb1l-40-1pn-c16-300ma-ac-6ka-chint\/","url":"https:\/\/btmtelectric.com\/index.php\/product\/disjoncteur-diffrentiel-nb1l-40-1pn-c16-300ma-ac-6ka-chint\/","name":"DISJONCTEUR DIFFRENTIEL NB1L-40 1P+N C16 300mA AC 6KA CHINT - BTMT ELECTRIC \u2013 Solutions \u00c9lectriques Fiables et Innovantes","isPartOf":{"@id":"https:\/\/btmtelectric.com\/#website"},"primaryImageOfPage":{"@id":"https:\/\/btmtelectric.com\/index.php\/product\/disjoncteur-diffrentiel-nb1l-40-1pn-c16-300ma-ac-6ka-chint\/#primaryimage"},"image":{"@id":"https:\/\/btmtelectric.com\/index.php\/product\/disjoncteur-diffrentiel-nb1l-40-1pn-c16-300ma-ac-6ka-chint\/#primaryimage"},"thumbnailUrl":"https:\/\/btmtelectric.com\/wp-content\/uploads\/2025\/08\/disj-NBL1-1P-C16.jpg","datePublished":"2025-08-29T08:13:55+00:00","breadcrumb":{"@id":"https:\/\/btmtelectric.com\/index.php\/product\/disjoncteur-diffrentiel-nb1l-40-1pn-c16-300ma-ac-6ka-chint\/#breadcrumb"},"inLanguage":"fr-FR","potentialAction":[{"@type":"ReadAction","target":["https:\/\/btmtelectric.com\/index.php\/product\/disjoncteur-diffrentiel-nb1l-40-1pn-c16-300ma-ac-6ka-chint\/"]}]},{"@type":"ImageObject","inLanguage":"fr-FR","@id":"https:\/\/btmtelectric.com\/index.php\/product\/disjoncteur-diffrentiel-nb1l-40-1pn-c16-300ma-ac-6ka-chint\/#primaryimage","url":"https:\/\/btmtelectric.com\/wp-content\/uploads\/2025\/08\/disj-NBL1-1P-C16.jpg","contentUrl":"https:\/\/btmtelectric.com\/wp-content\/uploads\/2025\/08\/disj-NBL1-1P-C16.jpg","width":700,"height":700},{"@type":"BreadcrumbList","@id":"https:\/\/btmtelectric.com\/index.php\/product\/disjoncteur-diffrentiel-nb1l-40-1pn-c16-300ma-ac-6ka-chint\/#breadcrumb","itemListElement":[{"@type":"ListItem","position":1,"name":"Accueil","item":"https:\/\/btmtelectric.com\/"},{"@type":"ListItem","position":2,"name":"Boutique","item":"https:\/\/btmtelectric.com\/index.php\/boutique\/"},{"@type":"ListItem","position":3,"name":"DISJONCTEUR DIFFRENTIEL NB1L-40 1P+N C16 300mA AC 6KA CHINT"}]},{"@type":"WebSite","@id":"https:\/\/btmtelectric.com\/#website","url":"https:\/\/btmtelectric.com\/","name":"BTMT ELECTRIC \u2013 Solutions \u00c9lectriques Fiables et Innovantes","description":"","publisher":{"@id":"https:\/\/btmtelectric.com\/#organization"},"potentialAction":[{"@type":"SearchAction","target":{"@type":"EntryPoint","urlTemplate":"https:\/\/btmtelectric.com\/?s={search_term_string}"},"query-input":{"@type":"PropertyValueSpecification","valueRequired":true,"valueName":"search_term_string"}}],"inLanguage":"fr-FR"},{"@type":"Organization","@id":"https:\/\/btmtelectric.com\/#organization","name":"BTMT ELECTRIC \u2013 Solutions \u00c9lectriques Fiables et Innovantes","url":"https:\/\/btmtelectric.com\/","logo":{"@type":"ImageObject","inLanguage":"fr-FR","@id":"https:\/\/btmtelectric.com\/#\/schema\/logo\/image\/","url":"https:\/\/btmtelectric.com\/wp-content\/uploads\/2025\/07\/WhatsApp_Image_2025-07-09_at_11.45.18_AM-removebg-preview-1.png","contentUrl":"https:\/\/btmtelectric.com\/wp-content\/uploads\/2025\/07\/WhatsApp_Image_2025-07-09_at_11.45.18_AM-removebg-preview-1.png","width":175,"height":42,"caption":"BTMT ELECTRIC \u2013 Solutions \u00c9lectriques Fiables et Innovantes"},"image":{"@id":"https:\/\/btmtelectric.com\/#\/schema\/logo\/image\/"},"sameAs":["https:\/\/www.facebook.com\/profile.php?id=61578000361796","https:\/\/www.instagram.com\/btmtelectric\/"]}]}},"_links":{"self":[{"href":"https:\/\/btmtelectric.com\/index.php\/wp-json\/wp\/v2\/product\/8858","targetHints":{"allow":["GET"]}}],"collection":[{"href":"https:\/\/btmtelectric.com\/index.php\/wp-json\/wp\/v2\/product"}],"about":[{"href":"https:\/\/btmtelectric.com\/index.php\/wp-json\/wp\/v2\/types\/product"}],"replies":[{"embeddable":true,"href":"https:\/\/btmtelectric.com\/index.php\/wp-json\/wp\/v2\/comments?post=8858"}],"wp:featuredmedia":[{"embeddable":true,"href":"https:\/\/btmtelectric.com\/index.php\/wp-json\/wp\/v2\/media\/8859"}],"wp:attachment":[{"href":"https:\/\/btmtelectric.com\/index.php\/wp-json\/wp\/v2\/media?parent=8858"}],"wp:term":[{"taxonomy":"product_brand","embeddable":true,"href":"https:\/\/btmtelectric.com\/index.php\/wp-json\/wp\/v2\/product_brand?post=8858"},{"taxonomy":"product_cat","embeddable":true,"href":"https:\/\/btmtelectric.com\/index.php\/wp-json\/wp\/v2\/product_cat?post=8858"},{"taxonomy":"product_tag","embeddable":true,"href":"https:\/\/btmtelectric.com\/index.php\/wp-json\/wp\/v2\/product_tag?post=8858"}],"curies":[{"name":"wp","href":"https:\/\/api.w.org\/{rel}","templated":true}]}}