{"id":8856,"date":"2025-08-29T08:10:36","date_gmt":"2025-08-29T08:10:36","guid":{"rendered":"https:\/\/btmtelectric.com\/?post_type=product&#038;p=8856"},"modified":"2025-08-29T08:10:36","modified_gmt":"2025-08-29T08:10:36","slug":"disjoncteur-diffrentiel-nb1l-40-1pn-c25-300ma-ac-6ka-chint","status":"publish","type":"product","link":"https:\/\/btmtelectric.com\/index.php\/product\/disjoncteur-diffrentiel-nb1l-40-1pn-c25-300ma-ac-6ka-chint\/","title":{"rendered":"DISJONCTEUR DIFFRENTIEL NB1L-40 1P+N C25 300mA AC 6KA CHINT"},"content":{"rendered":"<h2 data-start=\"68\" data-end=\"124\">Disjoncteur diff\u00e9rentiel NB1L-40 \u2013 1P+N, 25A, 300mA<\/h2>\n<p data-start=\"126\" data-end=\"350\">Le <strong data-start=\"129\" data-end=\"165\">disjoncteur diff\u00e9rentiel NB1L-40<\/strong> est un appareil de protection essentiel pour assurer la <strong data-start=\"222\" data-end=\"248\">s\u00e9curit\u00e9 des personnes<\/strong> et la <strong data-start=\"255\" data-end=\"298\">fiabilit\u00e9 des installations \u00e9lectriques<\/strong>.<br data-start=\"299\" data-end=\"302\" \/>Il remplit plusieurs fonctions de protection :<\/p>\n<ul data-start=\"351\" data-end=\"654\">\n<li data-start=\"351\" data-end=\"444\">\n<p data-start=\"353\" data-end=\"444\"><strong data-start=\"353\" data-end=\"380\">Protection du personnel<\/strong> contre les contacts indirects et les risques d\u2019\u00e9lectrocution.<\/p>\n<\/li>\n<li data-start=\"445\" data-end=\"554\">\n<p data-start=\"447\" data-end=\"554\"><strong data-start=\"447\" data-end=\"479\">Protection contre l\u2019incendie<\/strong>, en d\u00e9tectant les d\u00e9fauts d\u2019isolement pouvant causer des d\u00e9parts de feu.<\/p>\n<\/li>\n<li data-start=\"555\" data-end=\"654\">\n<p data-start=\"557\" data-end=\"654\"><strong data-start=\"557\" data-end=\"606\">Protection des c\u00e2bles et circuits \u00e9lectriques<\/strong> contre les surcharges et les courts-circuits.<\/p>\n<\/li>\n<\/ul>\n<p data-start=\"656\" data-end=\"846\">Ce mod\u00e8le est parfaitement adapt\u00e9 aux <strong data-start=\"694\" data-end=\"723\">installations domestiques<\/strong>, ainsi qu\u2019aux <strong data-start=\"738\" data-end=\"792\">r\u00e9seaux de distribution commerciaux et industriels<\/strong>, o\u00f9 la continuit\u00e9 et la s\u00e9curit\u00e9 sont primordiales.<\/p>\n<h3 data-start=\"853\" data-end=\"888\">Caract\u00e9ristiques techniques :<\/h3>\n<ul data-start=\"889\" data-end=\"1329\">\n<li data-start=\"889\" data-end=\"923\">\n<p data-start=\"891\" data-end=\"923\"><strong data-start=\"891\" data-end=\"915\">Courant assign\u00e9 (In)<\/strong> : 25A<\/p>\n<\/li>\n<li data-start=\"924\" data-end=\"954\">\n<p data-start=\"926\" data-end=\"954\"><strong data-start=\"926\" data-end=\"945\">Nombre de p\u00f4les<\/strong> : 1P+N<\/p>\n<\/li>\n<li data-start=\"955\" data-end=\"1059\">\n<p data-start=\"957\" data-end=\"1059\"><strong data-start=\"957\" data-end=\"993\">Sensibilit\u00e9 diff\u00e9rentielle (I\u2206n)<\/strong> : 300mA \u2192 id\u00e9ale pour la <strong data-start=\"1019\" data-end=\"1056\">pr\u00e9vention des risques d\u2019incendie<\/strong>.<\/p>\n<\/li>\n<li data-start=\"1060\" data-end=\"1100\">\n<p data-start=\"1062\" data-end=\"1100\"><strong data-start=\"1062\" data-end=\"1087\">Tension assign\u00e9e (Ue)<\/strong> : 230\/400V<\/p>\n<\/li>\n<li data-start=\"1101\" data-end=\"1137\">\n<p data-start=\"1103\" data-end=\"1137\"><strong data-start=\"1103\" data-end=\"1125\">Fr\u00e9quence nominale<\/strong> : 50\/60Hz<\/p>\n<\/li>\n<li data-start=\"1138\" data-end=\"1229\">\n<p data-start=\"1140\" data-end=\"1229\"><strong data-start=\"1140\" data-end=\"1168\">Pouvoir de coupure (Icu)<\/strong> : 6 000A \u2192 garantit une coupure efficace en cas de d\u00e9faut.<\/p>\n<\/li>\n<li data-start=\"1230\" data-end=\"1279\">\n<p data-start=\"1232\" data-end=\"1279\"><strong data-start=\"1232\" data-end=\"1259\">Dur\u00e9e de vie \u00e9lectrique<\/strong> : 2 000 man\u0153uvres<\/p>\n<\/li>\n<li data-start=\"1280\" data-end=\"1329\">\n<p data-start=\"1282\" data-end=\"1329\"><strong data-start=\"1282\" data-end=\"1308\">Dur\u00e9e de vie m\u00e9canique<\/strong> : 20 000 man\u0153uvres<\/p>\n<h3 data-start=\"1336\" data-end=\"1355\">Avantages :<\/h3>\n<ul data-start=\"1356\" data-end=\"1699\">\n<li data-start=\"1356\" data-end=\"1446\">\n<p data-start=\"1358\" data-end=\"1446\">Sensibilit\u00e9 300mA : protection optimale contre les fuites de courant et les incendies.<\/p>\n<\/li>\n<li data-start=\"1447\" data-end=\"1524\">\n<p data-start=\"1449\" data-end=\"1524\">Convient aux circuits monophas\u00e9s r\u00e9sidentiels, tertiaires et industriels.<\/p>\n<\/li>\n<li data-start=\"1525\" data-end=\"1578\">\n<p data-start=\"1527\" data-end=\"1578\">Long\u00e9vit\u00e9 prouv\u00e9e gr\u00e2ce \u00e0 une conception robuste.<\/p>\n<\/li>\n<li data-start=\"1579\" data-end=\"1653\">\n<p data-start=\"1581\" data-end=\"1653\">S\u00e9curit\u00e9 et fiabilit\u00e9 accrues, m\u00eame dans les environnements exigeants.<\/p>\n<\/li>\n<li data-start=\"1654\" data-end=\"1699\">\n<p data-start=\"1656\" data-end=\"1699\">Installation rapide et entretien minimal.Le disjoncteur diff\u00e9rentiel <strong data-start=\"1737\" data-end=\"1765\">NB1L-40 \u2013 25A 1P+N 300mA<\/strong> est le choix id\u00e9al pour renforcer la s\u00e9curit\u00e9 de vos installations \u00e9lectriques tout en prot\u00e9geant efficacement les personnes, les \u00e9quipements et les infrastructures.<\/p>\n<\/li>\n<\/ul>\n<\/li>\n<\/ul>\n","protected":false},"excerpt":{"rendered":"<p>Disjoncteur diff\u00e9rentiel NB1L-40 \u2013 1P+N, 25A, 300mA Le disjoncteur diff\u00e9rentiel NB1L-40 est un appareil de protection essentiel pour assurer la s\u00e9curit\u00e9 des personnes et la fiabilit\u00e9 des installations \u00e9lectriques.Il remplit<\/p>\n","protected":false},"featured_media":8857,"comment_status":"open","ping_status":"closed","template":"","meta":{"_acf_changed":false,"content-type":""},"product_brand":[],"product_cat":[367],"product_tag":[],"class_list":{"0":"post-8856","1":"product","2":"type-product","3":"status-publish","4":"has-post-thumbnail","6":"product_cat-disjoncteurs","8":"first","9":"instock","10":"shipping-taxable","11":"purchasable","12":"product-type-simple"},"acf":[],"yoast_head":"<!-- This site is optimized with the Yoast SEO plugin v27.3 - https:\/\/yoast.com\/product\/yoast-seo-wordpress\/ -->\n<title>DISJONCTEUR DIFFRENTIEL NB1L-40 1P+N C25 300mA AC 6KA CHINT - BTMT ELECTRIC \u2013 Solutions \u00c9lectriques Fiables et Innovantes<\/title>\n<meta name=\"robots\" content=\"index, follow, max-snippet:-1, max-image-preview:large, max-video-preview:-1\" \/>\n<link rel=\"canonical\" href=\"https:\/\/btmtelectric.com\/index.php\/product\/disjoncteur-diffrentiel-nb1l-40-1pn-c25-300ma-ac-6ka-chint\/\" \/>\n<meta property=\"og:locale\" content=\"fr_FR\" \/>\n<meta property=\"og:type\" content=\"article\" \/>\n<meta property=\"og:title\" content=\"DISJONCTEUR DIFFRENTIEL NB1L-40 1P+N C25 300mA AC 6KA CHINT - BTMT ELECTRIC \u2013 Solutions \u00c9lectriques Fiables et Innovantes\" \/>\n<meta property=\"og:description\" content=\"Disjoncteur diff\u00e9rentiel NB1L-40 \u2013 1P+N, 25A, 300mA Le disjoncteur diff\u00e9rentiel NB1L-40 est un appareil de protection essentiel pour assurer la s\u00e9curit\u00e9 des personnes et la fiabilit\u00e9 des installations \u00e9lectriques.Il remplit\" \/>\n<meta property=\"og:url\" content=\"https:\/\/btmtelectric.com\/index.php\/product\/disjoncteur-diffrentiel-nb1l-40-1pn-c25-300ma-ac-6ka-chint\/\" \/>\n<meta property=\"og:site_name\" content=\"BTMT ELECTRIC \u2013 Solutions \u00c9lectriques Fiables et Innovantes\" \/>\n<meta property=\"article:publisher\" content=\"https:\/\/www.facebook.com\/profile.php?id=61578000361796\" \/>\n<meta property=\"og:image\" content=\"https:\/\/btmtelectric.com\/wp-content\/uploads\/2025\/08\/disj-NBL1-1P-C25.jpg\" \/>\n\t<meta property=\"og:image:width\" content=\"266\" \/>\n\t<meta property=\"og:image:height\" content=\"400\" \/>\n\t<meta property=\"og:image:type\" content=\"image\/jpeg\" \/>\n<meta name=\"twitter:card\" content=\"summary_large_image\" \/>\n<meta name=\"twitter:label1\" content=\"Dur\u00e9e de lecture estim\u00e9e\" \/>\n\t<meta name=\"twitter:data1\" content=\"1 minute\" \/>\n<script type=\"application\/ld+json\" class=\"yoast-schema-graph\">{\"@context\":\"https:\\\/\\\/schema.org\",\"@graph\":[{\"@type\":\"WebPage\",\"@id\":\"https:\\\/\\\/btmtelectric.com\\\/index.php\\\/product\\\/disjoncteur-diffrentiel-nb1l-40-1pn-c25-300ma-ac-6ka-chint\\\/\",\"url\":\"https:\\\/\\\/btmtelectric.com\\\/index.php\\\/product\\\/disjoncteur-diffrentiel-nb1l-40-1pn-c25-300ma-ac-6ka-chint\\\/\",\"name\":\"DISJONCTEUR DIFFRENTIEL NB1L-40 1P+N C25 300mA AC 6KA CHINT - BTMT ELECTRIC \u2013 Solutions \u00c9lectriques Fiables et Innovantes\",\"isPartOf\":{\"@id\":\"https:\\\/\\\/btmtelectric.com\\\/#website\"},\"primaryImageOfPage\":{\"@id\":\"https:\\\/\\\/btmtelectric.com\\\/index.php\\\/product\\\/disjoncteur-diffrentiel-nb1l-40-1pn-c25-300ma-ac-6ka-chint\\\/#primaryimage\"},\"image\":{\"@id\":\"https:\\\/\\\/btmtelectric.com\\\/index.php\\\/product\\\/disjoncteur-diffrentiel-nb1l-40-1pn-c25-300ma-ac-6ka-chint\\\/#primaryimage\"},\"thumbnailUrl\":\"https:\\\/\\\/btmtelectric.com\\\/wp-content\\\/uploads\\\/2025\\\/08\\\/disj-NBL1-1P-C25.jpg\",\"datePublished\":\"2025-08-29T08:10:36+00:00\",\"breadcrumb\":{\"@id\":\"https:\\\/\\\/btmtelectric.com\\\/index.php\\\/product\\\/disjoncteur-diffrentiel-nb1l-40-1pn-c25-300ma-ac-6ka-chint\\\/#breadcrumb\"},\"inLanguage\":\"fr-FR\",\"potentialAction\":[{\"@type\":\"ReadAction\",\"target\":[\"https:\\\/\\\/btmtelectric.com\\\/index.php\\\/product\\\/disjoncteur-diffrentiel-nb1l-40-1pn-c25-300ma-ac-6ka-chint\\\/\"]}]},{\"@type\":\"ImageObject\",\"inLanguage\":\"fr-FR\",\"@id\":\"https:\\\/\\\/btmtelectric.com\\\/index.php\\\/product\\\/disjoncteur-diffrentiel-nb1l-40-1pn-c25-300ma-ac-6ka-chint\\\/#primaryimage\",\"url\":\"https:\\\/\\\/btmtelectric.com\\\/wp-content\\\/uploads\\\/2025\\\/08\\\/disj-NBL1-1P-C25.jpg\",\"contentUrl\":\"https:\\\/\\\/btmtelectric.com\\\/wp-content\\\/uploads\\\/2025\\\/08\\\/disj-NBL1-1P-C25.jpg\",\"width\":266,\"height\":400},{\"@type\":\"BreadcrumbList\",\"@id\":\"https:\\\/\\\/btmtelectric.com\\\/index.php\\\/product\\\/disjoncteur-diffrentiel-nb1l-40-1pn-c25-300ma-ac-6ka-chint\\\/#breadcrumb\",\"itemListElement\":[{\"@type\":\"ListItem\",\"position\":1,\"name\":\"Accueil\",\"item\":\"https:\\\/\\\/btmtelectric.com\\\/\"},{\"@type\":\"ListItem\",\"position\":2,\"name\":\"Boutique\",\"item\":\"https:\\\/\\\/btmtelectric.com\\\/index.php\\\/boutique\\\/\"},{\"@type\":\"ListItem\",\"position\":3,\"name\":\"DISJONCTEUR DIFFRENTIEL NB1L-40 1P+N C25 300mA AC 6KA CHINT\"}]},{\"@type\":\"WebSite\",\"@id\":\"https:\\\/\\\/btmtelectric.com\\\/#website\",\"url\":\"https:\\\/\\\/btmtelectric.com\\\/\",\"name\":\"BTMT ELECTRIC \u2013 Solutions \u00c9lectriques Fiables et Innovantes\",\"description\":\"\",\"publisher\":{\"@id\":\"https:\\\/\\\/btmtelectric.com\\\/#organization\"},\"potentialAction\":[{\"@type\":\"SearchAction\",\"target\":{\"@type\":\"EntryPoint\",\"urlTemplate\":\"https:\\\/\\\/btmtelectric.com\\\/?s={search_term_string}\"},\"query-input\":{\"@type\":\"PropertyValueSpecification\",\"valueRequired\":true,\"valueName\":\"search_term_string\"}}],\"inLanguage\":\"fr-FR\"},{\"@type\":\"Organization\",\"@id\":\"https:\\\/\\\/btmtelectric.com\\\/#organization\",\"name\":\"BTMT ELECTRIC \u2013 Solutions \u00c9lectriques Fiables et Innovantes\",\"url\":\"https:\\\/\\\/btmtelectric.com\\\/\",\"logo\":{\"@type\":\"ImageObject\",\"inLanguage\":\"fr-FR\",\"@id\":\"https:\\\/\\\/btmtelectric.com\\\/#\\\/schema\\\/logo\\\/image\\\/\",\"url\":\"https:\\\/\\\/btmtelectric.com\\\/wp-content\\\/uploads\\\/2025\\\/07\\\/WhatsApp_Image_2025-07-09_at_11.45.18_AM-removebg-preview-1.png\",\"contentUrl\":\"https:\\\/\\\/btmtelectric.com\\\/wp-content\\\/uploads\\\/2025\\\/07\\\/WhatsApp_Image_2025-07-09_at_11.45.18_AM-removebg-preview-1.png\",\"width\":175,\"height\":42,\"caption\":\"BTMT ELECTRIC \u2013 Solutions \u00c9lectriques Fiables et Innovantes\"},\"image\":{\"@id\":\"https:\\\/\\\/btmtelectric.com\\\/#\\\/schema\\\/logo\\\/image\\\/\"},\"sameAs\":[\"https:\\\/\\\/www.facebook.com\\\/profile.php?id=61578000361796\",\"https:\\\/\\\/www.instagram.com\\\/btmtelectric\\\/\"]}]}<\/script>\n<!-- \/ Yoast SEO plugin. -->","yoast_head_json":{"title":"DISJONCTEUR DIFFRENTIEL NB1L-40 1P+N C25 300mA AC 6KA CHINT - BTMT ELECTRIC \u2013 Solutions \u00c9lectriques Fiables et Innovantes","robots":{"index":"index","follow":"follow","max-snippet":"max-snippet:-1","max-image-preview":"max-image-preview:large","max-video-preview":"max-video-preview:-1"},"canonical":"https:\/\/btmtelectric.com\/index.php\/product\/disjoncteur-diffrentiel-nb1l-40-1pn-c25-300ma-ac-6ka-chint\/","og_locale":"fr_FR","og_type":"article","og_title":"DISJONCTEUR DIFFRENTIEL NB1L-40 1P+N C25 300mA AC 6KA CHINT - BTMT ELECTRIC \u2013 Solutions \u00c9lectriques Fiables et Innovantes","og_description":"Disjoncteur diff\u00e9rentiel NB1L-40 \u2013 1P+N, 25A, 300mA Le disjoncteur diff\u00e9rentiel NB1L-40 est un appareil de protection essentiel pour assurer la s\u00e9curit\u00e9 des personnes et la fiabilit\u00e9 des installations \u00e9lectriques.Il remplit","og_url":"https:\/\/btmtelectric.com\/index.php\/product\/disjoncteur-diffrentiel-nb1l-40-1pn-c25-300ma-ac-6ka-chint\/","og_site_name":"BTMT ELECTRIC \u2013 Solutions \u00c9lectriques Fiables et Innovantes","article_publisher":"https:\/\/www.facebook.com\/profile.php?id=61578000361796","og_image":[{"width":266,"height":400,"url":"https:\/\/btmtelectric.com\/wp-content\/uploads\/2025\/08\/disj-NBL1-1P-C25.jpg","type":"image\/jpeg"}],"twitter_card":"summary_large_image","twitter_misc":{"Dur\u00e9e de lecture estim\u00e9e":"1 minute"},"schema":{"@context":"https:\/\/schema.org","@graph":[{"@type":"WebPage","@id":"https:\/\/btmtelectric.com\/index.php\/product\/disjoncteur-diffrentiel-nb1l-40-1pn-c25-300ma-ac-6ka-chint\/","url":"https:\/\/btmtelectric.com\/index.php\/product\/disjoncteur-diffrentiel-nb1l-40-1pn-c25-300ma-ac-6ka-chint\/","name":"DISJONCTEUR DIFFRENTIEL NB1L-40 1P+N C25 300mA AC 6KA CHINT - BTMT ELECTRIC \u2013 Solutions \u00c9lectriques Fiables et Innovantes","isPartOf":{"@id":"https:\/\/btmtelectric.com\/#website"},"primaryImageOfPage":{"@id":"https:\/\/btmtelectric.com\/index.php\/product\/disjoncteur-diffrentiel-nb1l-40-1pn-c25-300ma-ac-6ka-chint\/#primaryimage"},"image":{"@id":"https:\/\/btmtelectric.com\/index.php\/product\/disjoncteur-diffrentiel-nb1l-40-1pn-c25-300ma-ac-6ka-chint\/#primaryimage"},"thumbnailUrl":"https:\/\/btmtelectric.com\/wp-content\/uploads\/2025\/08\/disj-NBL1-1P-C25.jpg","datePublished":"2025-08-29T08:10:36+00:00","breadcrumb":{"@id":"https:\/\/btmtelectric.com\/index.php\/product\/disjoncteur-diffrentiel-nb1l-40-1pn-c25-300ma-ac-6ka-chint\/#breadcrumb"},"inLanguage":"fr-FR","potentialAction":[{"@type":"ReadAction","target":["https:\/\/btmtelectric.com\/index.php\/product\/disjoncteur-diffrentiel-nb1l-40-1pn-c25-300ma-ac-6ka-chint\/"]}]},{"@type":"ImageObject","inLanguage":"fr-FR","@id":"https:\/\/btmtelectric.com\/index.php\/product\/disjoncteur-diffrentiel-nb1l-40-1pn-c25-300ma-ac-6ka-chint\/#primaryimage","url":"https:\/\/btmtelectric.com\/wp-content\/uploads\/2025\/08\/disj-NBL1-1P-C25.jpg","contentUrl":"https:\/\/btmtelectric.com\/wp-content\/uploads\/2025\/08\/disj-NBL1-1P-C25.jpg","width":266,"height":400},{"@type":"BreadcrumbList","@id":"https:\/\/btmtelectric.com\/index.php\/product\/disjoncteur-diffrentiel-nb1l-40-1pn-c25-300ma-ac-6ka-chint\/#breadcrumb","itemListElement":[{"@type":"ListItem","position":1,"name":"Accueil","item":"https:\/\/btmtelectric.com\/"},{"@type":"ListItem","position":2,"name":"Boutique","item":"https:\/\/btmtelectric.com\/index.php\/boutique\/"},{"@type":"ListItem","position":3,"name":"DISJONCTEUR DIFFRENTIEL NB1L-40 1P+N C25 300mA AC 6KA CHINT"}]},{"@type":"WebSite","@id":"https:\/\/btmtelectric.com\/#website","url":"https:\/\/btmtelectric.com\/","name":"BTMT ELECTRIC \u2013 Solutions \u00c9lectriques Fiables et Innovantes","description":"","publisher":{"@id":"https:\/\/btmtelectric.com\/#organization"},"potentialAction":[{"@type":"SearchAction","target":{"@type":"EntryPoint","urlTemplate":"https:\/\/btmtelectric.com\/?s={search_term_string}"},"query-input":{"@type":"PropertyValueSpecification","valueRequired":true,"valueName":"search_term_string"}}],"inLanguage":"fr-FR"},{"@type":"Organization","@id":"https:\/\/btmtelectric.com\/#organization","name":"BTMT ELECTRIC \u2013 Solutions \u00c9lectriques Fiables et Innovantes","url":"https:\/\/btmtelectric.com\/","logo":{"@type":"ImageObject","inLanguage":"fr-FR","@id":"https:\/\/btmtelectric.com\/#\/schema\/logo\/image\/","url":"https:\/\/btmtelectric.com\/wp-content\/uploads\/2025\/07\/WhatsApp_Image_2025-07-09_at_11.45.18_AM-removebg-preview-1.png","contentUrl":"https:\/\/btmtelectric.com\/wp-content\/uploads\/2025\/07\/WhatsApp_Image_2025-07-09_at_11.45.18_AM-removebg-preview-1.png","width":175,"height":42,"caption":"BTMT ELECTRIC \u2013 Solutions \u00c9lectriques Fiables et Innovantes"},"image":{"@id":"https:\/\/btmtelectric.com\/#\/schema\/logo\/image\/"},"sameAs":["https:\/\/www.facebook.com\/profile.php?id=61578000361796","https:\/\/www.instagram.com\/btmtelectric\/"]}]}},"_links":{"self":[{"href":"https:\/\/btmtelectric.com\/index.php\/wp-json\/wp\/v2\/product\/8856","targetHints":{"allow":["GET"]}}],"collection":[{"href":"https:\/\/btmtelectric.com\/index.php\/wp-json\/wp\/v2\/product"}],"about":[{"href":"https:\/\/btmtelectric.com\/index.php\/wp-json\/wp\/v2\/types\/product"}],"replies":[{"embeddable":true,"href":"https:\/\/btmtelectric.com\/index.php\/wp-json\/wp\/v2\/comments?post=8856"}],"wp:featuredmedia":[{"embeddable":true,"href":"https:\/\/btmtelectric.com\/index.php\/wp-json\/wp\/v2\/media\/8857"}],"wp:attachment":[{"href":"https:\/\/btmtelectric.com\/index.php\/wp-json\/wp\/v2\/media?parent=8856"}],"wp:term":[{"taxonomy":"product_brand","embeddable":true,"href":"https:\/\/btmtelectric.com\/index.php\/wp-json\/wp\/v2\/product_brand?post=8856"},{"taxonomy":"product_cat","embeddable":true,"href":"https:\/\/btmtelectric.com\/index.php\/wp-json\/wp\/v2\/product_cat?post=8856"},{"taxonomy":"product_tag","embeddable":true,"href":"https:\/\/btmtelectric.com\/index.php\/wp-json\/wp\/v2\/product_tag?post=8856"}],"curies":[{"name":"wp","href":"https:\/\/api.w.org\/{rel}","templated":true}]}}