{"id":8854,"date":"2025-08-29T08:01:32","date_gmt":"2025-08-29T08:01:32","guid":{"rendered":"https:\/\/btmtelectric.com\/?post_type=product&#038;p=8854"},"modified":"2025-08-29T08:01:32","modified_gmt":"2025-08-29T08:01:32","slug":"disjoncteur-diffrentiel-nb1l-40-1pn-c32-300ma-ac-6ka-chint","status":"publish","type":"product","link":"https:\/\/btmtelectric.com\/index.php\/product\/disjoncteur-diffrentiel-nb1l-40-1pn-c32-300ma-ac-6ka-chint\/","title":{"rendered":"DISJONCTEUR DIFFRENTIEL NB1L-40 1P+N C32 300mA AC 6KA CHINT"},"content":{"rendered":"<h2 data-start=\"80\" data-end=\"136\">Disjoncteur diff\u00e9rentiel NB1L-40 \u2013 1P+N, 32A, 300mA<\/h2>\n<p data-start=\"138\" data-end=\"313\">Le <strong data-start=\"141\" data-end=\"177\">disjoncteur diff\u00e9rentiel NB1L-40<\/strong> est un appareil de protection essentiel, con\u00e7u pour assurer une s\u00e9curit\u00e9 optimale dans les installations \u00e9lectriques.<br data-start=\"295\" data-end=\"298\" \/>Il garantit :<\/p>\n<ul data-start=\"314\" data-end=\"571\">\n<li data-start=\"314\" data-end=\"411\">\n<p data-start=\"316\" data-end=\"411\"><strong data-start=\"316\" data-end=\"347\">La protection des personnes<\/strong> contre les contacts indirects et les risques d\u2019\u00e9lectrocution.<\/p>\n<\/li>\n<li data-start=\"412\" data-end=\"476\">\n<p data-start=\"414\" data-end=\"476\"><strong data-start=\"414\" data-end=\"445\">La pr\u00e9vention des incendies<\/strong> dus aux d\u00e9fauts d\u2019isolement.<\/p>\n<\/li>\n<li data-start=\"477\" data-end=\"571\">\n<p data-start=\"479\" data-end=\"571\"><strong data-start=\"479\" data-end=\"523\">La protection des c\u00e2bles et des circuits<\/strong> contre les surcharges et les courts-circuits.<\/p>\n<\/li>\n<\/ul>\n<p data-start=\"573\" data-end=\"726\">Gr\u00e2ce \u00e0 sa conception fiable, il est adapt\u00e9 aussi bien aux <strong data-start=\"632\" data-end=\"661\">installations domestiques<\/strong> qu\u2019aux <strong data-start=\"669\" data-end=\"723\">r\u00e9seaux de distribution commerciaux et industriels<\/strong>.<\/p>\n<h3 data-start=\"733\" data-end=\"768\">Caract\u00e9ristiques techniques :<\/h3>\n<ul data-start=\"769\" data-end=\"1248\">\n<li data-start=\"769\" data-end=\"803\">\n<p data-start=\"771\" data-end=\"803\"><strong data-start=\"771\" data-end=\"795\">Courant assign\u00e9 (In)<\/strong> : 32A<\/p>\n<\/li>\n<li data-start=\"804\" data-end=\"834\">\n<p data-start=\"806\" data-end=\"834\"><strong data-start=\"806\" data-end=\"825\">Nombre de p\u00f4les<\/strong> : 1P+N<\/p>\n<\/li>\n<li data-start=\"835\" data-end=\"973\">\n<p data-start=\"837\" data-end=\"973\"><strong data-start=\"837\" data-end=\"873\">Sensibilit\u00e9 diff\u00e9rentielle (I\u2206n)<\/strong> : 300mA \u2192 protection renforc\u00e9e contre les fuites de courant et pr\u00e9vention des risques d\u2019incendie.<\/p>\n<\/li>\n<li data-start=\"974\" data-end=\"1014\">\n<p data-start=\"976\" data-end=\"1014\"><strong data-start=\"976\" data-end=\"1001\">Tension assign\u00e9e (Ue)<\/strong> : 230\/400V<\/p>\n<\/li>\n<li data-start=\"1015\" data-end=\"1051\">\n<p data-start=\"1017\" data-end=\"1051\"><strong data-start=\"1017\" data-end=\"1039\">Fr\u00e9quence nominale<\/strong> : 50\/60Hz<\/p>\n<\/li>\n<li data-start=\"1052\" data-end=\"1148\">\n<p data-start=\"1054\" data-end=\"1148\"><strong data-start=\"1054\" data-end=\"1082\">Pouvoir de coupure (Icu)<\/strong> : 6 000A \u2192 excellente capacit\u00e9 d\u2019interruption en cas de d\u00e9faut.<\/p>\n<\/li>\n<li data-start=\"1149\" data-end=\"1198\">\n<p data-start=\"1151\" data-end=\"1198\"><strong data-start=\"1151\" data-end=\"1178\">Dur\u00e9e de vie \u00e9lectrique<\/strong> : 2 000 man\u0153uvres<\/p>\n<\/li>\n<li data-start=\"1199\" data-end=\"1248\">\n<p data-start=\"1201\" data-end=\"1248\"><strong data-start=\"1201\" data-end=\"1227\">Dur\u00e9e de vie m\u00e9canique<\/strong> : 20 000 man\u0153uvres<\/p>\n<h3 data-start=\"1255\" data-end=\"1274\">Avantages :<\/h3>\n<ul data-start=\"1275\" data-end=\"1644\">\n<li data-start=\"1275\" data-end=\"1376\">\n<p data-start=\"1277\" data-end=\"1376\">Niveau de protection diff\u00e9rentiel 300mA, particuli\u00e8rement efficace pour la <strong data-start=\"1352\" data-end=\"1373\">s\u00e9curit\u00e9 incendie<\/strong>.<\/p>\n<\/li>\n<li data-start=\"1377\" data-end=\"1452\">\n<p data-start=\"1379\" data-end=\"1452\">Convient aux installations r\u00e9sidentielles, tertiaires et industrielles.<\/p>\n<\/li>\n<li data-start=\"1453\" data-end=\"1525\">\n<p data-start=\"1455\" data-end=\"1525\">Appareil robuste et durable avec une excellente long\u00e9vit\u00e9 m\u00e9canique.<\/p>\n<\/li>\n<li data-start=\"1526\" data-end=\"1589\">\n<p data-start=\"1528\" data-end=\"1589\">Fiabilit\u00e9 et s\u00e9curit\u00e9 accrues pour les circuits monophas\u00e9s.<\/p>\n<\/li>\n<li data-start=\"1526\" data-end=\"1589\">\n<p data-start=\"1528\" data-end=\"1589\">Facile \u00e0 installer et n\u00e9cessitant peu d\u2019entretien. Le disjoncteur diff\u00e9rentiel <strong data-start=\"1682\" data-end=\"1710\">NB1L-40 \u2013 32A 1P+N 300mA<\/strong> est le choix id\u00e9al pour <strong data-start=\"1735\" data-end=\"1790\">s\u00e9curiser vos installations \u00e9lectriques monophas\u00e9es<\/strong>, tout en garantissant une protection fiable des personnes et des \u00e9quipements.<\/p>\n<\/li>\n<\/ul>\n<\/li>\n<\/ul>\n","protected":false},"excerpt":{"rendered":"<p>Disjoncteur diff\u00e9rentiel NB1L-40 \u2013 1P+N, 32A, 300mA Le disjoncteur diff\u00e9rentiel NB1L-40 est un appareil de protection essentiel, con\u00e7u pour assurer une s\u00e9curit\u00e9 optimale dans les installations \u00e9lectriques.Il garantit : La<\/p>\n","protected":false},"featured_media":8855,"comment_status":"open","ping_status":"closed","template":"","meta":{"_acf_changed":false,"content-type":""},"product_brand":[],"product_cat":[367],"product_tag":[],"class_list":{"0":"post-8854","1":"product","2":"type-product","3":"status-publish","4":"has-post-thumbnail","6":"product_cat-disjoncteurs","8":"first","9":"instock","10":"shipping-taxable","11":"purchasable","12":"product-type-simple"},"acf":[],"yoast_head":"<!-- This site is optimized with the Yoast SEO plugin v27.3 - https:\/\/yoast.com\/product\/yoast-seo-wordpress\/ -->\n<title>DISJONCTEUR DIFFRENTIEL NB1L-40 1P+N C32 300mA AC 6KA CHINT - BTMT ELECTRIC \u2013 Solutions \u00c9lectriques Fiables et Innovantes<\/title>\n<meta name=\"robots\" content=\"index, follow, max-snippet:-1, max-image-preview:large, max-video-preview:-1\" \/>\n<link rel=\"canonical\" href=\"https:\/\/btmtelectric.com\/index.php\/product\/disjoncteur-diffrentiel-nb1l-40-1pn-c32-300ma-ac-6ka-chint\/\" \/>\n<meta property=\"og:locale\" content=\"fr_FR\" \/>\n<meta property=\"og:type\" content=\"article\" \/>\n<meta property=\"og:title\" content=\"DISJONCTEUR DIFFRENTIEL NB1L-40 1P+N C32 300mA AC 6KA CHINT - BTMT ELECTRIC \u2013 Solutions \u00c9lectriques Fiables et Innovantes\" \/>\n<meta property=\"og:description\" content=\"Disjoncteur diff\u00e9rentiel NB1L-40 \u2013 1P+N, 32A, 300mA Le disjoncteur diff\u00e9rentiel NB1L-40 est un appareil de protection essentiel, con\u00e7u pour assurer une s\u00e9curit\u00e9 optimale dans les installations \u00e9lectriques.Il garantit : La\" \/>\n<meta property=\"og:url\" content=\"https:\/\/btmtelectric.com\/index.php\/product\/disjoncteur-diffrentiel-nb1l-40-1pn-c32-300ma-ac-6ka-chint\/\" \/>\n<meta property=\"og:site_name\" content=\"BTMT ELECTRIC \u2013 Solutions \u00c9lectriques Fiables et Innovantes\" \/>\n<meta property=\"article:publisher\" content=\"https:\/\/www.facebook.com\/profile.php?id=61578000361796\" \/>\n<meta property=\"og:image\" content=\"https:\/\/btmtelectric.com\/wp-content\/uploads\/2025\/08\/disj-NB1L-1P-C32.png\" \/>\n\t<meta property=\"og:image:width\" content=\"500\" \/>\n\t<meta property=\"og:image:height\" content=\"642\" \/>\n\t<meta property=\"og:image:type\" content=\"image\/png\" \/>\n<meta name=\"twitter:card\" content=\"summary_large_image\" \/>\n<meta name=\"twitter:label1\" content=\"Dur\u00e9e de lecture estim\u00e9e\" \/>\n\t<meta name=\"twitter:data1\" content=\"1 minute\" \/>\n<script type=\"application\/ld+json\" class=\"yoast-schema-graph\">{\"@context\":\"https:\\\/\\\/schema.org\",\"@graph\":[{\"@type\":\"WebPage\",\"@id\":\"https:\\\/\\\/btmtelectric.com\\\/index.php\\\/product\\\/disjoncteur-diffrentiel-nb1l-40-1pn-c32-300ma-ac-6ka-chint\\\/\",\"url\":\"https:\\\/\\\/btmtelectric.com\\\/index.php\\\/product\\\/disjoncteur-diffrentiel-nb1l-40-1pn-c32-300ma-ac-6ka-chint\\\/\",\"name\":\"DISJONCTEUR DIFFRENTIEL NB1L-40 1P+N C32 300mA AC 6KA CHINT - BTMT ELECTRIC \u2013 Solutions \u00c9lectriques Fiables et Innovantes\",\"isPartOf\":{\"@id\":\"https:\\\/\\\/btmtelectric.com\\\/#website\"},\"primaryImageOfPage\":{\"@id\":\"https:\\\/\\\/btmtelectric.com\\\/index.php\\\/product\\\/disjoncteur-diffrentiel-nb1l-40-1pn-c32-300ma-ac-6ka-chint\\\/#primaryimage\"},\"image\":{\"@id\":\"https:\\\/\\\/btmtelectric.com\\\/index.php\\\/product\\\/disjoncteur-diffrentiel-nb1l-40-1pn-c32-300ma-ac-6ka-chint\\\/#primaryimage\"},\"thumbnailUrl\":\"https:\\\/\\\/btmtelectric.com\\\/wp-content\\\/uploads\\\/2025\\\/08\\\/disj-NB1L-1P-C32.png\",\"datePublished\":\"2025-08-29T08:01:32+00:00\",\"breadcrumb\":{\"@id\":\"https:\\\/\\\/btmtelectric.com\\\/index.php\\\/product\\\/disjoncteur-diffrentiel-nb1l-40-1pn-c32-300ma-ac-6ka-chint\\\/#breadcrumb\"},\"inLanguage\":\"fr-FR\",\"potentialAction\":[{\"@type\":\"ReadAction\",\"target\":[\"https:\\\/\\\/btmtelectric.com\\\/index.php\\\/product\\\/disjoncteur-diffrentiel-nb1l-40-1pn-c32-300ma-ac-6ka-chint\\\/\"]}]},{\"@type\":\"ImageObject\",\"inLanguage\":\"fr-FR\",\"@id\":\"https:\\\/\\\/btmtelectric.com\\\/index.php\\\/product\\\/disjoncteur-diffrentiel-nb1l-40-1pn-c32-300ma-ac-6ka-chint\\\/#primaryimage\",\"url\":\"https:\\\/\\\/btmtelectric.com\\\/wp-content\\\/uploads\\\/2025\\\/08\\\/disj-NB1L-1P-C32.png\",\"contentUrl\":\"https:\\\/\\\/btmtelectric.com\\\/wp-content\\\/uploads\\\/2025\\\/08\\\/disj-NB1L-1P-C32.png\",\"width\":500,\"height\":642},{\"@type\":\"BreadcrumbList\",\"@id\":\"https:\\\/\\\/btmtelectric.com\\\/index.php\\\/product\\\/disjoncteur-diffrentiel-nb1l-40-1pn-c32-300ma-ac-6ka-chint\\\/#breadcrumb\",\"itemListElement\":[{\"@type\":\"ListItem\",\"position\":1,\"name\":\"Accueil\",\"item\":\"https:\\\/\\\/btmtelectric.com\\\/\"},{\"@type\":\"ListItem\",\"position\":2,\"name\":\"Boutique\",\"item\":\"https:\\\/\\\/btmtelectric.com\\\/index.php\\\/boutique\\\/\"},{\"@type\":\"ListItem\",\"position\":3,\"name\":\"DISJONCTEUR DIFFRENTIEL NB1L-40 1P+N C32 300mA AC 6KA CHINT\"}]},{\"@type\":\"WebSite\",\"@id\":\"https:\\\/\\\/btmtelectric.com\\\/#website\",\"url\":\"https:\\\/\\\/btmtelectric.com\\\/\",\"name\":\"BTMT ELECTRIC \u2013 Solutions \u00c9lectriques Fiables et Innovantes\",\"description\":\"\",\"publisher\":{\"@id\":\"https:\\\/\\\/btmtelectric.com\\\/#organization\"},\"potentialAction\":[{\"@type\":\"SearchAction\",\"target\":{\"@type\":\"EntryPoint\",\"urlTemplate\":\"https:\\\/\\\/btmtelectric.com\\\/?s={search_term_string}\"},\"query-input\":{\"@type\":\"PropertyValueSpecification\",\"valueRequired\":true,\"valueName\":\"search_term_string\"}}],\"inLanguage\":\"fr-FR\"},{\"@type\":\"Organization\",\"@id\":\"https:\\\/\\\/btmtelectric.com\\\/#organization\",\"name\":\"BTMT ELECTRIC \u2013 Solutions \u00c9lectriques Fiables et Innovantes\",\"url\":\"https:\\\/\\\/btmtelectric.com\\\/\",\"logo\":{\"@type\":\"ImageObject\",\"inLanguage\":\"fr-FR\",\"@id\":\"https:\\\/\\\/btmtelectric.com\\\/#\\\/schema\\\/logo\\\/image\\\/\",\"url\":\"https:\\\/\\\/btmtelectric.com\\\/wp-content\\\/uploads\\\/2025\\\/07\\\/WhatsApp_Image_2025-07-09_at_11.45.18_AM-removebg-preview-1.png\",\"contentUrl\":\"https:\\\/\\\/btmtelectric.com\\\/wp-content\\\/uploads\\\/2025\\\/07\\\/WhatsApp_Image_2025-07-09_at_11.45.18_AM-removebg-preview-1.png\",\"width\":175,\"height\":42,\"caption\":\"BTMT ELECTRIC \u2013 Solutions \u00c9lectriques Fiables et Innovantes\"},\"image\":{\"@id\":\"https:\\\/\\\/btmtelectric.com\\\/#\\\/schema\\\/logo\\\/image\\\/\"},\"sameAs\":[\"https:\\\/\\\/www.facebook.com\\\/profile.php?id=61578000361796\",\"https:\\\/\\\/www.instagram.com\\\/btmtelectric\\\/\"]}]}<\/script>\n<!-- \/ Yoast SEO plugin. -->","yoast_head_json":{"title":"DISJONCTEUR DIFFRENTIEL NB1L-40 1P+N C32 300mA AC 6KA CHINT - BTMT ELECTRIC \u2013 Solutions \u00c9lectriques Fiables et Innovantes","robots":{"index":"index","follow":"follow","max-snippet":"max-snippet:-1","max-image-preview":"max-image-preview:large","max-video-preview":"max-video-preview:-1"},"canonical":"https:\/\/btmtelectric.com\/index.php\/product\/disjoncteur-diffrentiel-nb1l-40-1pn-c32-300ma-ac-6ka-chint\/","og_locale":"fr_FR","og_type":"article","og_title":"DISJONCTEUR DIFFRENTIEL NB1L-40 1P+N C32 300mA AC 6KA CHINT - BTMT ELECTRIC \u2013 Solutions \u00c9lectriques Fiables et Innovantes","og_description":"Disjoncteur diff\u00e9rentiel NB1L-40 \u2013 1P+N, 32A, 300mA Le disjoncteur diff\u00e9rentiel NB1L-40 est un appareil de protection essentiel, con\u00e7u pour assurer une s\u00e9curit\u00e9 optimale dans les installations \u00e9lectriques.Il garantit : La","og_url":"https:\/\/btmtelectric.com\/index.php\/product\/disjoncteur-diffrentiel-nb1l-40-1pn-c32-300ma-ac-6ka-chint\/","og_site_name":"BTMT ELECTRIC \u2013 Solutions \u00c9lectriques Fiables et Innovantes","article_publisher":"https:\/\/www.facebook.com\/profile.php?id=61578000361796","og_image":[{"width":500,"height":642,"url":"https:\/\/btmtelectric.com\/wp-content\/uploads\/2025\/08\/disj-NB1L-1P-C32.png","type":"image\/png"}],"twitter_card":"summary_large_image","twitter_misc":{"Dur\u00e9e de lecture estim\u00e9e":"1 minute"},"schema":{"@context":"https:\/\/schema.org","@graph":[{"@type":"WebPage","@id":"https:\/\/btmtelectric.com\/index.php\/product\/disjoncteur-diffrentiel-nb1l-40-1pn-c32-300ma-ac-6ka-chint\/","url":"https:\/\/btmtelectric.com\/index.php\/product\/disjoncteur-diffrentiel-nb1l-40-1pn-c32-300ma-ac-6ka-chint\/","name":"DISJONCTEUR DIFFRENTIEL NB1L-40 1P+N C32 300mA AC 6KA CHINT - BTMT ELECTRIC \u2013 Solutions \u00c9lectriques Fiables et Innovantes","isPartOf":{"@id":"https:\/\/btmtelectric.com\/#website"},"primaryImageOfPage":{"@id":"https:\/\/btmtelectric.com\/index.php\/product\/disjoncteur-diffrentiel-nb1l-40-1pn-c32-300ma-ac-6ka-chint\/#primaryimage"},"image":{"@id":"https:\/\/btmtelectric.com\/index.php\/product\/disjoncteur-diffrentiel-nb1l-40-1pn-c32-300ma-ac-6ka-chint\/#primaryimage"},"thumbnailUrl":"https:\/\/btmtelectric.com\/wp-content\/uploads\/2025\/08\/disj-NB1L-1P-C32.png","datePublished":"2025-08-29T08:01:32+00:00","breadcrumb":{"@id":"https:\/\/btmtelectric.com\/index.php\/product\/disjoncteur-diffrentiel-nb1l-40-1pn-c32-300ma-ac-6ka-chint\/#breadcrumb"},"inLanguage":"fr-FR","potentialAction":[{"@type":"ReadAction","target":["https:\/\/btmtelectric.com\/index.php\/product\/disjoncteur-diffrentiel-nb1l-40-1pn-c32-300ma-ac-6ka-chint\/"]}]},{"@type":"ImageObject","inLanguage":"fr-FR","@id":"https:\/\/btmtelectric.com\/index.php\/product\/disjoncteur-diffrentiel-nb1l-40-1pn-c32-300ma-ac-6ka-chint\/#primaryimage","url":"https:\/\/btmtelectric.com\/wp-content\/uploads\/2025\/08\/disj-NB1L-1P-C32.png","contentUrl":"https:\/\/btmtelectric.com\/wp-content\/uploads\/2025\/08\/disj-NB1L-1P-C32.png","width":500,"height":642},{"@type":"BreadcrumbList","@id":"https:\/\/btmtelectric.com\/index.php\/product\/disjoncteur-diffrentiel-nb1l-40-1pn-c32-300ma-ac-6ka-chint\/#breadcrumb","itemListElement":[{"@type":"ListItem","position":1,"name":"Accueil","item":"https:\/\/btmtelectric.com\/"},{"@type":"ListItem","position":2,"name":"Boutique","item":"https:\/\/btmtelectric.com\/index.php\/boutique\/"},{"@type":"ListItem","position":3,"name":"DISJONCTEUR DIFFRENTIEL NB1L-40 1P+N C32 300mA AC 6KA CHINT"}]},{"@type":"WebSite","@id":"https:\/\/btmtelectric.com\/#website","url":"https:\/\/btmtelectric.com\/","name":"BTMT ELECTRIC \u2013 Solutions \u00c9lectriques Fiables et Innovantes","description":"","publisher":{"@id":"https:\/\/btmtelectric.com\/#organization"},"potentialAction":[{"@type":"SearchAction","target":{"@type":"EntryPoint","urlTemplate":"https:\/\/btmtelectric.com\/?s={search_term_string}"},"query-input":{"@type":"PropertyValueSpecification","valueRequired":true,"valueName":"search_term_string"}}],"inLanguage":"fr-FR"},{"@type":"Organization","@id":"https:\/\/btmtelectric.com\/#organization","name":"BTMT ELECTRIC \u2013 Solutions \u00c9lectriques Fiables et Innovantes","url":"https:\/\/btmtelectric.com\/","logo":{"@type":"ImageObject","inLanguage":"fr-FR","@id":"https:\/\/btmtelectric.com\/#\/schema\/logo\/image\/","url":"https:\/\/btmtelectric.com\/wp-content\/uploads\/2025\/07\/WhatsApp_Image_2025-07-09_at_11.45.18_AM-removebg-preview-1.png","contentUrl":"https:\/\/btmtelectric.com\/wp-content\/uploads\/2025\/07\/WhatsApp_Image_2025-07-09_at_11.45.18_AM-removebg-preview-1.png","width":175,"height":42,"caption":"BTMT ELECTRIC \u2013 Solutions \u00c9lectriques Fiables et Innovantes"},"image":{"@id":"https:\/\/btmtelectric.com\/#\/schema\/logo\/image\/"},"sameAs":["https:\/\/www.facebook.com\/profile.php?id=61578000361796","https:\/\/www.instagram.com\/btmtelectric\/"]}]}},"_links":{"self":[{"href":"https:\/\/btmtelectric.com\/index.php\/wp-json\/wp\/v2\/product\/8854","targetHints":{"allow":["GET"]}}],"collection":[{"href":"https:\/\/btmtelectric.com\/index.php\/wp-json\/wp\/v2\/product"}],"about":[{"href":"https:\/\/btmtelectric.com\/index.php\/wp-json\/wp\/v2\/types\/product"}],"replies":[{"embeddable":true,"href":"https:\/\/btmtelectric.com\/index.php\/wp-json\/wp\/v2\/comments?post=8854"}],"wp:featuredmedia":[{"embeddable":true,"href":"https:\/\/btmtelectric.com\/index.php\/wp-json\/wp\/v2\/media\/8855"}],"wp:attachment":[{"href":"https:\/\/btmtelectric.com\/index.php\/wp-json\/wp\/v2\/media?parent=8854"}],"wp:term":[{"taxonomy":"product_brand","embeddable":true,"href":"https:\/\/btmtelectric.com\/index.php\/wp-json\/wp\/v2\/product_brand?post=8854"},{"taxonomy":"product_cat","embeddable":true,"href":"https:\/\/btmtelectric.com\/index.php\/wp-json\/wp\/v2\/product_cat?post=8854"},{"taxonomy":"product_tag","embeddable":true,"href":"https:\/\/btmtelectric.com\/index.php\/wp-json\/wp\/v2\/product_tag?post=8854"}],"curies":[{"name":"wp","href":"https:\/\/api.w.org\/{rel}","templated":true}]}}