{"id":8848,"date":"2025-08-29T07:39:51","date_gmt":"2025-08-29T07:39:51","guid":{"rendered":"https:\/\/btmtelectric.com\/?post_type=product&#038;p=8848"},"modified":"2025-09-11T15:56:06","modified_gmt":"2025-09-11T15:56:06","slug":"disjoncteur-diffrentiel-nb1l-40-2p-c16-30ma-ac-6ka-chint","status":"publish","type":"product","link":"https:\/\/btmtelectric.com\/index.php\/product\/disjoncteur-diffrentiel-nb1l-40-2p-c16-30ma-ac-6ka-chint\/","title":{"rendered":"DISJONCTEUR DIFFRENTIEL NB1L-40 2P C16 30mA AC 6KA CHINT"},"content":{"rendered":"<h2 data-start=\"74\" data-end=\"127\">Disjoncteur diff\u00e9rentiel NB1L-40 \u2013 2P, 16A, 30mA<\/h2>\n<p data-start=\"129\" data-end=\"319\">Le <strong data-start=\"132\" data-end=\"168\">disjoncteur diff\u00e9rentiel NB1L-40<\/strong> est un \u00e9l\u00e9ment essentiel pour garantir la <strong data-start=\"211\" data-end=\"270\">s\u00e9curit\u00e9 des personnes et des installations \u00e9lectriques<\/strong>.<br data-start=\"271\" data-end=\"274\" \/>Il combine une protection efficace contre :<\/p>\n<ul data-start=\"320\" data-end=\"523\">\n<li data-start=\"320\" data-end=\"382\">\n<p data-start=\"322\" data-end=\"382\">Les <strong data-start=\"326\" data-end=\"348\">contacts indirects<\/strong> et les risques d\u2019\u00e9lectrocution.<\/p>\n<\/li>\n<li data-start=\"383\" data-end=\"433\">\n<p data-start=\"385\" data-end=\"433\">Les <strong data-start=\"389\" data-end=\"402\">incendies<\/strong> dus aux d\u00e9fauts d\u2019isolement.<\/p>\n<\/li>\n<li data-start=\"434\" data-end=\"523\">\n<p data-start=\"436\" data-end=\"523\">Les <strong data-start=\"440\" data-end=\"454\">surcharges<\/strong> et <strong data-start=\"458\" data-end=\"477\">courts-circuits<\/strong> affectant les c\u00e2bles et lignes \u00e9lectriques.<\/p>\n<\/li>\n<\/ul>\n<p data-start=\"525\" data-end=\"691\">Polyvalent et fiable, il s\u2019adapte parfaitement aux <strong data-start=\"576\" data-end=\"605\">installations domestiques<\/strong>, aux <strong data-start=\"611\" data-end=\"635\">b\u00e2timents tertiaires<\/strong> ainsi qu\u2019aux <strong data-start=\"649\" data-end=\"688\">r\u00e9seaux de distribution industriels<\/strong>.<\/p>\n<h3 data-start=\"698\" data-end=\"733\">Caract\u00e9ristiques techniques :<\/h3>\n<ul data-start=\"734\" data-end=\"1100\">\n<li data-start=\"734\" data-end=\"768\">\n<p data-start=\"736\" data-end=\"768\"><strong data-start=\"736\" data-end=\"760\">Courant assign\u00e9 (In)<\/strong> : 16A<\/p>\n<\/li>\n<li data-start=\"769\" data-end=\"797\">\n<p data-start=\"771\" data-end=\"797\"><strong data-start=\"771\" data-end=\"790\">Nombre de p\u00f4les<\/strong> : 2P<\/p>\n<\/li>\n<li data-start=\"798\" data-end=\"889\">\n<p data-start=\"800\" data-end=\"889\"><strong data-start=\"800\" data-end=\"836\">Sensibilit\u00e9 diff\u00e9rentielle (I\u2206n)<\/strong> : 30mA \u2192 niveau \u00e9lev\u00e9 de protection des personnes.<\/p>\n<\/li>\n<li data-start=\"890\" data-end=\"930\">\n<p data-start=\"892\" data-end=\"930\"><strong data-start=\"892\" data-end=\"917\">Tension assign\u00e9e (Ue)<\/strong> : 230\/400V<\/p>\n<\/li>\n<li data-start=\"931\" data-end=\"958\">\n<p data-start=\"933\" data-end=\"958\"><strong data-start=\"933\" data-end=\"946\">Fr\u00e9quence<\/strong> : 50\/60Hz<\/p>\n<\/li>\n<li data-start=\"959\" data-end=\"1000\">\n<p data-start=\"961\" data-end=\"1000\"><strong data-start=\"961\" data-end=\"989\">Pouvoir de coupure (Icu)<\/strong> : 6 000A<\/p>\n<\/li>\n<li data-start=\"1001\" data-end=\"1050\">\n<p data-start=\"1003\" data-end=\"1050\"><strong data-start=\"1003\" data-end=\"1030\">Dur\u00e9e de vie \u00e9lectrique<\/strong> : 2 000 man\u0153uvres<\/p>\n<\/li>\n<li data-start=\"1051\" data-end=\"1100\">\n<p data-start=\"1053\" data-end=\"1100\"><strong data-start=\"1053\" data-end=\"1079\">Dur\u00e9e de vie m\u00e9canique<\/strong> : 20 000 man\u0153uvres<\/p>\n<h3 data-start=\"1107\" data-end=\"1129\">Points forts :<\/h3>\n<ul data-start=\"1130\" data-end=\"1449\">\n<li data-start=\"1130\" data-end=\"1200\">\n<p data-start=\"1132\" data-end=\"1200\">Protection optimale des personnes gr\u00e2ce \u00e0 une sensibilit\u00e9 de 30mA.<\/p>\n<\/li>\n<li data-start=\"1201\" data-end=\"1271\">\n<p data-start=\"1203\" data-end=\"1271\">Appareil robuste et durable, con\u00e7u pour une utilisation intensive.<\/p>\n<\/li>\n<li data-start=\"1272\" data-end=\"1346\">\n<p data-start=\"1274\" data-end=\"1346\">Convient aux applications r\u00e9sidentielles, tertiaires et industrielles.<\/p>\n<\/li>\n<li data-start=\"1347\" data-end=\"1398\">\n<p data-start=\"1349\" data-end=\"1398\">R\u00e9duction significative des risques d\u2019incendie.<\/p>\n<\/li>\n<li data-start=\"1399\" data-end=\"1449\">\n<p data-start=\"1401\" data-end=\"1449\">Facilit\u00e9 d\u2019installation et faible maintenance.<\/p>\n<\/li>\n<\/ul>\n<\/li>\n<\/ul>\n","protected":false},"excerpt":{"rendered":"<p>Disjoncteur diff\u00e9rentiel NB1L-40 \u2013 2P, 16A, 30mA Le disjoncteur diff\u00e9rentiel NB1L-40 est un \u00e9l\u00e9ment essentiel pour garantir la s\u00e9curit\u00e9 des personnes et des installations \u00e9lectriques.Il combine une protection efficace contre<\/p>\n","protected":false},"featured_media":8849,"comment_status":"open","ping_status":"closed","template":"","meta":{"_acf_changed":false,"content-type":""},"product_brand":[],"product_cat":[367],"product_tag":[],"class_list":{"0":"post-8848","1":"product","2":"type-product","3":"status-publish","4":"has-post-thumbnail","6":"product_cat-disjoncteurs","8":"first","9":"instock","10":"shipping-taxable","11":"purchasable","12":"product-type-simple"},"acf":[],"yoast_head":"<!-- This site is optimized with the Yoast SEO plugin v27.3 - https:\/\/yoast.com\/product\/yoast-seo-wordpress\/ -->\n<title>DISJONCTEUR DIFFRENTIEL NB1L-40 2P C16 30mA AC 6KA CHINT - BTMT ELECTRIC \u2013 Solutions \u00c9lectriques Fiables et Innovantes<\/title>\n<meta name=\"robots\" content=\"index, follow, max-snippet:-1, max-image-preview:large, max-video-preview:-1\" \/>\n<link rel=\"canonical\" href=\"https:\/\/btmtelectric.com\/index.php\/product\/disjoncteur-diffrentiel-nb1l-40-2p-c16-30ma-ac-6ka-chint\/\" \/>\n<meta property=\"og:locale\" content=\"fr_FR\" \/>\n<meta property=\"og:type\" content=\"article\" \/>\n<meta property=\"og:title\" content=\"DISJONCTEUR DIFFRENTIEL NB1L-40 2P C16 30mA AC 6KA CHINT - BTMT ELECTRIC \u2013 Solutions \u00c9lectriques Fiables et Innovantes\" \/>\n<meta property=\"og:description\" content=\"Disjoncteur diff\u00e9rentiel NB1L-40 \u2013 2P, 16A, 30mA Le disjoncteur diff\u00e9rentiel NB1L-40 est un \u00e9l\u00e9ment essentiel pour garantir la s\u00e9curit\u00e9 des personnes et des installations \u00e9lectriques.Il combine une protection efficace contre\" \/>\n<meta property=\"og:url\" content=\"https:\/\/btmtelectric.com\/index.php\/product\/disjoncteur-diffrentiel-nb1l-40-2p-c16-30ma-ac-6ka-chint\/\" \/>\n<meta property=\"og:site_name\" content=\"BTMT ELECTRIC \u2013 Solutions \u00c9lectriques Fiables et Innovantes\" \/>\n<meta property=\"article:publisher\" content=\"https:\/\/www.facebook.com\/profile.php?id=61578000361796\" \/>\n<meta property=\"article:modified_time\" content=\"2025-09-11T15:56:06+00:00\" \/>\n<meta property=\"og:image\" content=\"https:\/\/btmtelectric.com\/wp-content\/uploads\/2025\/08\/disj-NBL1-2P-C16.jpg\" \/>\n\t<meta property=\"og:image:width\" content=\"700\" \/>\n\t<meta property=\"og:image:height\" content=\"700\" \/>\n\t<meta property=\"og:image:type\" content=\"image\/jpeg\" \/>\n<meta name=\"twitter:card\" content=\"summary_large_image\" \/>\n<meta name=\"twitter:label1\" content=\"Dur\u00e9e de lecture estim\u00e9e\" \/>\n\t<meta name=\"twitter:data1\" content=\"1 minute\" \/>\n<script type=\"application\/ld+json\" class=\"yoast-schema-graph\">{\"@context\":\"https:\\\/\\\/schema.org\",\"@graph\":[{\"@type\":\"WebPage\",\"@id\":\"https:\\\/\\\/btmtelectric.com\\\/index.php\\\/product\\\/disjoncteur-diffrentiel-nb1l-40-2p-c16-30ma-ac-6ka-chint\\\/\",\"url\":\"https:\\\/\\\/btmtelectric.com\\\/index.php\\\/product\\\/disjoncteur-diffrentiel-nb1l-40-2p-c16-30ma-ac-6ka-chint\\\/\",\"name\":\"DISJONCTEUR DIFFRENTIEL NB1L-40 2P C16 30mA AC 6KA CHINT - BTMT ELECTRIC \u2013 Solutions \u00c9lectriques Fiables et Innovantes\",\"isPartOf\":{\"@id\":\"https:\\\/\\\/btmtelectric.com\\\/#website\"},\"primaryImageOfPage\":{\"@id\":\"https:\\\/\\\/btmtelectric.com\\\/index.php\\\/product\\\/disjoncteur-diffrentiel-nb1l-40-2p-c16-30ma-ac-6ka-chint\\\/#primaryimage\"},\"image\":{\"@id\":\"https:\\\/\\\/btmtelectric.com\\\/index.php\\\/product\\\/disjoncteur-diffrentiel-nb1l-40-2p-c16-30ma-ac-6ka-chint\\\/#primaryimage\"},\"thumbnailUrl\":\"https:\\\/\\\/btmtelectric.com\\\/wp-content\\\/uploads\\\/2025\\\/08\\\/disj-NBL1-2P-C16.jpg\",\"datePublished\":\"2025-08-29T07:39:51+00:00\",\"dateModified\":\"2025-09-11T15:56:06+00:00\",\"breadcrumb\":{\"@id\":\"https:\\\/\\\/btmtelectric.com\\\/index.php\\\/product\\\/disjoncteur-diffrentiel-nb1l-40-2p-c16-30ma-ac-6ka-chint\\\/#breadcrumb\"},\"inLanguage\":\"fr-FR\",\"potentialAction\":[{\"@type\":\"ReadAction\",\"target\":[\"https:\\\/\\\/btmtelectric.com\\\/index.php\\\/product\\\/disjoncteur-diffrentiel-nb1l-40-2p-c16-30ma-ac-6ka-chint\\\/\"]}]},{\"@type\":\"ImageObject\",\"inLanguage\":\"fr-FR\",\"@id\":\"https:\\\/\\\/btmtelectric.com\\\/index.php\\\/product\\\/disjoncteur-diffrentiel-nb1l-40-2p-c16-30ma-ac-6ka-chint\\\/#primaryimage\",\"url\":\"https:\\\/\\\/btmtelectric.com\\\/wp-content\\\/uploads\\\/2025\\\/08\\\/disj-NBL1-2P-C16.jpg\",\"contentUrl\":\"https:\\\/\\\/btmtelectric.com\\\/wp-content\\\/uploads\\\/2025\\\/08\\\/disj-NBL1-2P-C16.jpg\",\"width\":700,\"height\":700},{\"@type\":\"BreadcrumbList\",\"@id\":\"https:\\\/\\\/btmtelectric.com\\\/index.php\\\/product\\\/disjoncteur-diffrentiel-nb1l-40-2p-c16-30ma-ac-6ka-chint\\\/#breadcrumb\",\"itemListElement\":[{\"@type\":\"ListItem\",\"position\":1,\"name\":\"Accueil\",\"item\":\"https:\\\/\\\/btmtelectric.com\\\/\"},{\"@type\":\"ListItem\",\"position\":2,\"name\":\"Boutique\",\"item\":\"https:\\\/\\\/btmtelectric.com\\\/index.php\\\/boutique\\\/\"},{\"@type\":\"ListItem\",\"position\":3,\"name\":\"DISJONCTEUR DIFFRENTIEL NB1L-40 2P C16 30mA AC 6KA CHINT\"}]},{\"@type\":\"WebSite\",\"@id\":\"https:\\\/\\\/btmtelectric.com\\\/#website\",\"url\":\"https:\\\/\\\/btmtelectric.com\\\/\",\"name\":\"BTMT ELECTRIC \u2013 Solutions \u00c9lectriques Fiables et Innovantes\",\"description\":\"\",\"publisher\":{\"@id\":\"https:\\\/\\\/btmtelectric.com\\\/#organization\"},\"potentialAction\":[{\"@type\":\"SearchAction\",\"target\":{\"@type\":\"EntryPoint\",\"urlTemplate\":\"https:\\\/\\\/btmtelectric.com\\\/?s={search_term_string}\"},\"query-input\":{\"@type\":\"PropertyValueSpecification\",\"valueRequired\":true,\"valueName\":\"search_term_string\"}}],\"inLanguage\":\"fr-FR\"},{\"@type\":\"Organization\",\"@id\":\"https:\\\/\\\/btmtelectric.com\\\/#organization\",\"name\":\"BTMT ELECTRIC \u2013 Solutions \u00c9lectriques Fiables et Innovantes\",\"url\":\"https:\\\/\\\/btmtelectric.com\\\/\",\"logo\":{\"@type\":\"ImageObject\",\"inLanguage\":\"fr-FR\",\"@id\":\"https:\\\/\\\/btmtelectric.com\\\/#\\\/schema\\\/logo\\\/image\\\/\",\"url\":\"https:\\\/\\\/btmtelectric.com\\\/wp-content\\\/uploads\\\/2025\\\/07\\\/WhatsApp_Image_2025-07-09_at_11.45.18_AM-removebg-preview-1.png\",\"contentUrl\":\"https:\\\/\\\/btmtelectric.com\\\/wp-content\\\/uploads\\\/2025\\\/07\\\/WhatsApp_Image_2025-07-09_at_11.45.18_AM-removebg-preview-1.png\",\"width\":175,\"height\":42,\"caption\":\"BTMT ELECTRIC \u2013 Solutions \u00c9lectriques Fiables et Innovantes\"},\"image\":{\"@id\":\"https:\\\/\\\/btmtelectric.com\\\/#\\\/schema\\\/logo\\\/image\\\/\"},\"sameAs\":[\"https:\\\/\\\/www.facebook.com\\\/profile.php?id=61578000361796\",\"https:\\\/\\\/www.instagram.com\\\/btmtelectric\\\/\"]}]}<\/script>\n<!-- \/ Yoast SEO plugin. -->","yoast_head_json":{"title":"DISJONCTEUR DIFFRENTIEL NB1L-40 2P C16 30mA AC 6KA CHINT - BTMT ELECTRIC \u2013 Solutions \u00c9lectriques Fiables et Innovantes","robots":{"index":"index","follow":"follow","max-snippet":"max-snippet:-1","max-image-preview":"max-image-preview:large","max-video-preview":"max-video-preview:-1"},"canonical":"https:\/\/btmtelectric.com\/index.php\/product\/disjoncteur-diffrentiel-nb1l-40-2p-c16-30ma-ac-6ka-chint\/","og_locale":"fr_FR","og_type":"article","og_title":"DISJONCTEUR DIFFRENTIEL NB1L-40 2P C16 30mA AC 6KA CHINT - BTMT ELECTRIC \u2013 Solutions \u00c9lectriques Fiables et Innovantes","og_description":"Disjoncteur diff\u00e9rentiel NB1L-40 \u2013 2P, 16A, 30mA Le disjoncteur diff\u00e9rentiel NB1L-40 est un \u00e9l\u00e9ment essentiel pour garantir la s\u00e9curit\u00e9 des personnes et des installations \u00e9lectriques.Il combine une protection efficace contre","og_url":"https:\/\/btmtelectric.com\/index.php\/product\/disjoncteur-diffrentiel-nb1l-40-2p-c16-30ma-ac-6ka-chint\/","og_site_name":"BTMT ELECTRIC \u2013 Solutions \u00c9lectriques Fiables et Innovantes","article_publisher":"https:\/\/www.facebook.com\/profile.php?id=61578000361796","article_modified_time":"2025-09-11T15:56:06+00:00","og_image":[{"width":700,"height":700,"url":"https:\/\/btmtelectric.com\/wp-content\/uploads\/2025\/08\/disj-NBL1-2P-C16.jpg","type":"image\/jpeg"}],"twitter_card":"summary_large_image","twitter_misc":{"Dur\u00e9e de lecture estim\u00e9e":"1 minute"},"schema":{"@context":"https:\/\/schema.org","@graph":[{"@type":"WebPage","@id":"https:\/\/btmtelectric.com\/index.php\/product\/disjoncteur-diffrentiel-nb1l-40-2p-c16-30ma-ac-6ka-chint\/","url":"https:\/\/btmtelectric.com\/index.php\/product\/disjoncteur-diffrentiel-nb1l-40-2p-c16-30ma-ac-6ka-chint\/","name":"DISJONCTEUR DIFFRENTIEL NB1L-40 2P C16 30mA AC 6KA CHINT - BTMT ELECTRIC \u2013 Solutions \u00c9lectriques Fiables et Innovantes","isPartOf":{"@id":"https:\/\/btmtelectric.com\/#website"},"primaryImageOfPage":{"@id":"https:\/\/btmtelectric.com\/index.php\/product\/disjoncteur-diffrentiel-nb1l-40-2p-c16-30ma-ac-6ka-chint\/#primaryimage"},"image":{"@id":"https:\/\/btmtelectric.com\/index.php\/product\/disjoncteur-diffrentiel-nb1l-40-2p-c16-30ma-ac-6ka-chint\/#primaryimage"},"thumbnailUrl":"https:\/\/btmtelectric.com\/wp-content\/uploads\/2025\/08\/disj-NBL1-2P-C16.jpg","datePublished":"2025-08-29T07:39:51+00:00","dateModified":"2025-09-11T15:56:06+00:00","breadcrumb":{"@id":"https:\/\/btmtelectric.com\/index.php\/product\/disjoncteur-diffrentiel-nb1l-40-2p-c16-30ma-ac-6ka-chint\/#breadcrumb"},"inLanguage":"fr-FR","potentialAction":[{"@type":"ReadAction","target":["https:\/\/btmtelectric.com\/index.php\/product\/disjoncteur-diffrentiel-nb1l-40-2p-c16-30ma-ac-6ka-chint\/"]}]},{"@type":"ImageObject","inLanguage":"fr-FR","@id":"https:\/\/btmtelectric.com\/index.php\/product\/disjoncteur-diffrentiel-nb1l-40-2p-c16-30ma-ac-6ka-chint\/#primaryimage","url":"https:\/\/btmtelectric.com\/wp-content\/uploads\/2025\/08\/disj-NBL1-2P-C16.jpg","contentUrl":"https:\/\/btmtelectric.com\/wp-content\/uploads\/2025\/08\/disj-NBL1-2P-C16.jpg","width":700,"height":700},{"@type":"BreadcrumbList","@id":"https:\/\/btmtelectric.com\/index.php\/product\/disjoncteur-diffrentiel-nb1l-40-2p-c16-30ma-ac-6ka-chint\/#breadcrumb","itemListElement":[{"@type":"ListItem","position":1,"name":"Accueil","item":"https:\/\/btmtelectric.com\/"},{"@type":"ListItem","position":2,"name":"Boutique","item":"https:\/\/btmtelectric.com\/index.php\/boutique\/"},{"@type":"ListItem","position":3,"name":"DISJONCTEUR DIFFRENTIEL NB1L-40 2P C16 30mA AC 6KA CHINT"}]},{"@type":"WebSite","@id":"https:\/\/btmtelectric.com\/#website","url":"https:\/\/btmtelectric.com\/","name":"BTMT ELECTRIC \u2013 Solutions \u00c9lectriques Fiables et Innovantes","description":"","publisher":{"@id":"https:\/\/btmtelectric.com\/#organization"},"potentialAction":[{"@type":"SearchAction","target":{"@type":"EntryPoint","urlTemplate":"https:\/\/btmtelectric.com\/?s={search_term_string}"},"query-input":{"@type":"PropertyValueSpecification","valueRequired":true,"valueName":"search_term_string"}}],"inLanguage":"fr-FR"},{"@type":"Organization","@id":"https:\/\/btmtelectric.com\/#organization","name":"BTMT ELECTRIC \u2013 Solutions \u00c9lectriques Fiables et Innovantes","url":"https:\/\/btmtelectric.com\/","logo":{"@type":"ImageObject","inLanguage":"fr-FR","@id":"https:\/\/btmtelectric.com\/#\/schema\/logo\/image\/","url":"https:\/\/btmtelectric.com\/wp-content\/uploads\/2025\/07\/WhatsApp_Image_2025-07-09_at_11.45.18_AM-removebg-preview-1.png","contentUrl":"https:\/\/btmtelectric.com\/wp-content\/uploads\/2025\/07\/WhatsApp_Image_2025-07-09_at_11.45.18_AM-removebg-preview-1.png","width":175,"height":42,"caption":"BTMT ELECTRIC \u2013 Solutions \u00c9lectriques Fiables et Innovantes"},"image":{"@id":"https:\/\/btmtelectric.com\/#\/schema\/logo\/image\/"},"sameAs":["https:\/\/www.facebook.com\/profile.php?id=61578000361796","https:\/\/www.instagram.com\/btmtelectric\/"]}]}},"_links":{"self":[{"href":"https:\/\/btmtelectric.com\/index.php\/wp-json\/wp\/v2\/product\/8848","targetHints":{"allow":["GET"]}}],"collection":[{"href":"https:\/\/btmtelectric.com\/index.php\/wp-json\/wp\/v2\/product"}],"about":[{"href":"https:\/\/btmtelectric.com\/index.php\/wp-json\/wp\/v2\/types\/product"}],"replies":[{"embeddable":true,"href":"https:\/\/btmtelectric.com\/index.php\/wp-json\/wp\/v2\/comments?post=8848"}],"wp:featuredmedia":[{"embeddable":true,"href":"https:\/\/btmtelectric.com\/index.php\/wp-json\/wp\/v2\/media\/8849"}],"wp:attachment":[{"href":"https:\/\/btmtelectric.com\/index.php\/wp-json\/wp\/v2\/media?parent=8848"}],"wp:term":[{"taxonomy":"product_brand","embeddable":true,"href":"https:\/\/btmtelectric.com\/index.php\/wp-json\/wp\/v2\/product_brand?post=8848"},{"taxonomy":"product_cat","embeddable":true,"href":"https:\/\/btmtelectric.com\/index.php\/wp-json\/wp\/v2\/product_cat?post=8848"},{"taxonomy":"product_tag","embeddable":true,"href":"https:\/\/btmtelectric.com\/index.php\/wp-json\/wp\/v2\/product_tag?post=8848"}],"curies":[{"name":"wp","href":"https:\/\/api.w.org\/{rel}","templated":true}]}}