{"id":8846,"date":"2025-08-29T07:36:51","date_gmt":"2025-08-29T07:36:51","guid":{"rendered":"https:\/\/btmtelectric.com\/?post_type=product&#038;p=8846"},"modified":"2025-09-12T07:52:50","modified_gmt":"2025-09-12T07:52:50","slug":"disjoncteur-diffrentiel-nb1l-40-2p-c20-30ma-ac-6ka-chint","status":"publish","type":"product","link":"https:\/\/btmtelectric.com\/index.php\/product\/disjoncteur-diffrentiel-nb1l-40-2p-c20-30ma-ac-6ka-chint\/","title":{"rendered":"DISJONCTEUR DIFFRENTIEL NB1L-40 2P C20 30mA AC 6KA CHINT"},"content":{"rendered":"<h2 data-start=\"86\" data-end=\"139\">Disjoncteur diff\u00e9rentiel NB1L-40 \u2013 2P, 20A, 30mA<\/h2>\n<p data-start=\"141\" data-end=\"301\">Le <strong data-start=\"144\" data-end=\"180\">disjoncteur diff\u00e9rentiel NB1L-40<\/strong> est con\u00e7u pour assurer une <strong data-start=\"208\" data-end=\"241\">protection compl\u00e8te et fiable<\/strong> dans tout type d\u2019installation \u00e9lectrique.<br data-start=\"283\" data-end=\"286\" \/>Il garantit :<\/p>\n<ul data-start=\"302\" data-end=\"549\">\n<li data-start=\"302\" data-end=\"392\">\n<p data-start=\"304\" data-end=\"392\"><strong data-start=\"304\" data-end=\"333\">La s\u00e9curit\u00e9 des personnes<\/strong> contre les risques d\u2019\u00e9lectrocution (contacts indirects).<\/p>\n<\/li>\n<li data-start=\"393\" data-end=\"458\">\n<p data-start=\"395\" data-end=\"458\"><strong data-start=\"395\" data-end=\"426\">La pr\u00e9vention des incendies<\/strong> li\u00e9s aux d\u00e9fauts d\u2019isolement.<\/p>\n<\/li>\n<li data-start=\"459\" data-end=\"549\">\n<p data-start=\"461\" data-end=\"549\"><strong data-start=\"461\" data-end=\"501\">La protection des c\u00e2bles et circuits<\/strong> contre les surcharges et les courts-circuits.<\/p>\n<\/li>\n<\/ul>\n<p data-start=\"551\" data-end=\"750\">Gr\u00e2ce \u00e0 sa conception robuste, il est adapt\u00e9 aussi bien aux <strong data-start=\"611\" data-end=\"640\">installations domestiques<\/strong> qu\u2019aux <strong data-start=\"648\" data-end=\"702\">r\u00e9seaux de distribution commerciaux et industriels<\/strong>, assurant une continuit\u00e9 de service optimale.<\/p>\n<h3 data-start=\"757\" data-end=\"792\">Caract\u00e9ristiques techniques :<\/h3>\n<ul data-start=\"793\" data-end=\"1220\">\n<li data-start=\"793\" data-end=\"827\">\n<p data-start=\"795\" data-end=\"827\"><strong data-start=\"795\" data-end=\"819\">Courant assign\u00e9 (In)<\/strong> : 20A<\/p>\n<\/li>\n<li data-start=\"828\" data-end=\"856\">\n<p data-start=\"830\" data-end=\"856\"><strong data-start=\"830\" data-end=\"849\">Nombre de p\u00f4les<\/strong> : 2P<\/p>\n<\/li>\n<li data-start=\"857\" data-end=\"947\">\n<p data-start=\"859\" data-end=\"947\"><strong data-start=\"859\" data-end=\"895\">Sensibilit\u00e9 diff\u00e9rentielle (I\u2206n)<\/strong> : 30mA \u2192 haut niveau de protection des personnes.<\/p>\n<\/li>\n<li data-start=\"948\" data-end=\"988\">\n<p data-start=\"950\" data-end=\"988\"><strong data-start=\"950\" data-end=\"975\">Tension assign\u00e9e (Ue)<\/strong> : 230\/400V<\/p>\n<\/li>\n<li data-start=\"989\" data-end=\"1025\">\n<p data-start=\"991\" data-end=\"1025\"><strong data-start=\"991\" data-end=\"1013\">Fr\u00e9quence nominale<\/strong> : 50\/60Hz<\/p>\n<\/li>\n<li data-start=\"1026\" data-end=\"1120\">\n<p data-start=\"1028\" data-end=\"1120\"><strong data-start=\"1028\" data-end=\"1056\">Pouvoir de coupure (Icu)<\/strong> : 6 000A, garantissant une coupure efficace en cas de d\u00e9faut.<\/p>\n<\/li>\n<li data-start=\"1121\" data-end=\"1170\">\n<p data-start=\"1123\" data-end=\"1170\"><strong data-start=\"1123\" data-end=\"1150\">Dur\u00e9e de vie \u00e9lectrique<\/strong> : 2 000 man\u0153uvres<\/p>\n<\/li>\n<li data-start=\"1171\" data-end=\"1220\">\n<p data-start=\"1173\" data-end=\"1220\"><strong data-start=\"1173\" data-end=\"1199\">Dur\u00e9e de vie m\u00e9canique<\/strong> : 20 000 man\u0153uvres<\/p>\n<h3 data-start=\"1227\" data-end=\"1251\">Avantages cl\u00e9s :<\/h3>\n<ul data-start=\"1252\" data-end=\"1554\">\n<li data-start=\"1252\" data-end=\"1310\">\n<p data-start=\"1254\" data-end=\"1310\">Protection fiable contre les chocs \u00e9lectriques (30mA).<\/p>\n<\/li>\n<li data-start=\"1311\" data-end=\"1364\">\n<p data-start=\"1313\" data-end=\"1364\">S\u00e9curit\u00e9 renforc\u00e9e contre les risques d\u2019incendie.<\/p>\n<\/li>\n<li data-start=\"1365\" data-end=\"1450\">\n<p data-start=\"1367\" data-end=\"1450\">Convient \u00e0 tous types d\u2019environnements : r\u00e9sidentiels, tertiaires et industriels.<\/p>\n<\/li>\n<li data-start=\"1451\" data-end=\"1497\">\n<p data-start=\"1453\" data-end=\"1497\">Longue dur\u00e9e de vie et fiabilit\u00e9 \u00e9prouv\u00e9e.<\/p>\n<\/li>\n<li data-start=\"1498\" data-end=\"1554\">\n<p data-start=\"1500\" data-end=\"1554\">Installation facile et faible besoin de maintenance.<\/p>\n<\/li>\n<\/ul>\n<\/li>\n<\/ul>\n","protected":false},"excerpt":{"rendered":"<p>Disjoncteur diff\u00e9rentiel NB1L-40 \u2013 2P, 20A, 30mA Le disjoncteur diff\u00e9rentiel NB1L-40 est con\u00e7u pour assurer une protection compl\u00e8te et fiable dans tout type d\u2019installation \u00e9lectrique.Il garantit : La s\u00e9curit\u00e9 des<\/p>\n","protected":false},"featured_media":9157,"comment_status":"open","ping_status":"closed","template":"","meta":{"_acf_changed":false,"content-type":""},"product_brand":[],"product_cat":[367],"product_tag":[],"class_list":{"0":"post-8846","1":"product","2":"type-product","3":"status-publish","4":"has-post-thumbnail","6":"product_cat-disjoncteurs","8":"first","9":"instock","10":"shipping-taxable","11":"purchasable","12":"product-type-simple"},"acf":[],"yoast_head":"<!-- This site is optimized with the Yoast SEO plugin v27.3 - https:\/\/yoast.com\/product\/yoast-seo-wordpress\/ -->\n<title>DISJONCTEUR DIFFRENTIEL NB1L-40 2P C20 30mA AC 6KA CHINT - BTMT ELECTRIC \u2013 Solutions \u00c9lectriques Fiables et Innovantes<\/title>\n<meta name=\"robots\" content=\"index, follow, max-snippet:-1, max-image-preview:large, max-video-preview:-1\" \/>\n<link rel=\"canonical\" href=\"https:\/\/btmtelectric.com\/index.php\/product\/disjoncteur-diffrentiel-nb1l-40-2p-c20-30ma-ac-6ka-chint\/\" \/>\n<meta property=\"og:locale\" content=\"fr_FR\" \/>\n<meta property=\"og:type\" content=\"article\" \/>\n<meta property=\"og:title\" content=\"DISJONCTEUR DIFFRENTIEL NB1L-40 2P C20 30mA AC 6KA CHINT - BTMT ELECTRIC \u2013 Solutions \u00c9lectriques Fiables et Innovantes\" \/>\n<meta property=\"og:description\" content=\"Disjoncteur diff\u00e9rentiel NB1L-40 \u2013 2P, 20A, 30mA Le disjoncteur diff\u00e9rentiel NB1L-40 est con\u00e7u pour assurer une protection compl\u00e8te et fiable dans tout type d\u2019installation \u00e9lectrique.Il garantit : La s\u00e9curit\u00e9 des\" \/>\n<meta property=\"og:url\" content=\"https:\/\/btmtelectric.com\/index.php\/product\/disjoncteur-diffrentiel-nb1l-40-2p-c20-30ma-ac-6ka-chint\/\" \/>\n<meta property=\"og:site_name\" content=\"BTMT ELECTRIC \u2013 Solutions \u00c9lectriques Fiables et Innovantes\" \/>\n<meta property=\"article:publisher\" content=\"https:\/\/www.facebook.com\/profile.php?id=61578000361796\" \/>\n<meta property=\"article:modified_time\" content=\"2025-09-12T07:52:50+00:00\" \/>\n<meta property=\"og:image\" content=\"https:\/\/btmtelectric.com\/wp-content\/uploads\/2025\/08\/c20-2p-0.03A.png\" \/>\n\t<meta property=\"og:image:width\" content=\"609\" \/>\n\t<meta property=\"og:image:height\" content=\"605\" \/>\n\t<meta property=\"og:image:type\" content=\"image\/png\" \/>\n<meta name=\"twitter:card\" content=\"summary_large_image\" \/>\n<meta name=\"twitter:label1\" content=\"Dur\u00e9e de lecture estim\u00e9e\" \/>\n\t<meta name=\"twitter:data1\" content=\"1 minute\" \/>\n<script type=\"application\/ld+json\" class=\"yoast-schema-graph\">{\"@context\":\"https:\\\/\\\/schema.org\",\"@graph\":[{\"@type\":\"WebPage\",\"@id\":\"https:\\\/\\\/btmtelectric.com\\\/index.php\\\/product\\\/disjoncteur-diffrentiel-nb1l-40-2p-c20-30ma-ac-6ka-chint\\\/\",\"url\":\"https:\\\/\\\/btmtelectric.com\\\/index.php\\\/product\\\/disjoncteur-diffrentiel-nb1l-40-2p-c20-30ma-ac-6ka-chint\\\/\",\"name\":\"DISJONCTEUR DIFFRENTIEL NB1L-40 2P C20 30mA AC 6KA CHINT - BTMT ELECTRIC \u2013 Solutions \u00c9lectriques Fiables et Innovantes\",\"isPartOf\":{\"@id\":\"https:\\\/\\\/btmtelectric.com\\\/#website\"},\"primaryImageOfPage\":{\"@id\":\"https:\\\/\\\/btmtelectric.com\\\/index.php\\\/product\\\/disjoncteur-diffrentiel-nb1l-40-2p-c20-30ma-ac-6ka-chint\\\/#primaryimage\"},\"image\":{\"@id\":\"https:\\\/\\\/btmtelectric.com\\\/index.php\\\/product\\\/disjoncteur-diffrentiel-nb1l-40-2p-c20-30ma-ac-6ka-chint\\\/#primaryimage\"},\"thumbnailUrl\":\"https:\\\/\\\/btmtelectric.com\\\/wp-content\\\/uploads\\\/2025\\\/08\\\/c20-2p-0.03A.png\",\"datePublished\":\"2025-08-29T07:36:51+00:00\",\"dateModified\":\"2025-09-12T07:52:50+00:00\",\"breadcrumb\":{\"@id\":\"https:\\\/\\\/btmtelectric.com\\\/index.php\\\/product\\\/disjoncteur-diffrentiel-nb1l-40-2p-c20-30ma-ac-6ka-chint\\\/#breadcrumb\"},\"inLanguage\":\"fr-FR\",\"potentialAction\":[{\"@type\":\"ReadAction\",\"target\":[\"https:\\\/\\\/btmtelectric.com\\\/index.php\\\/product\\\/disjoncteur-diffrentiel-nb1l-40-2p-c20-30ma-ac-6ka-chint\\\/\"]}]},{\"@type\":\"ImageObject\",\"inLanguage\":\"fr-FR\",\"@id\":\"https:\\\/\\\/btmtelectric.com\\\/index.php\\\/product\\\/disjoncteur-diffrentiel-nb1l-40-2p-c20-30ma-ac-6ka-chint\\\/#primaryimage\",\"url\":\"https:\\\/\\\/btmtelectric.com\\\/wp-content\\\/uploads\\\/2025\\\/08\\\/c20-2p-0.03A.png\",\"contentUrl\":\"https:\\\/\\\/btmtelectric.com\\\/wp-content\\\/uploads\\\/2025\\\/08\\\/c20-2p-0.03A.png\",\"width\":609,\"height\":605},{\"@type\":\"BreadcrumbList\",\"@id\":\"https:\\\/\\\/btmtelectric.com\\\/index.php\\\/product\\\/disjoncteur-diffrentiel-nb1l-40-2p-c20-30ma-ac-6ka-chint\\\/#breadcrumb\",\"itemListElement\":[{\"@type\":\"ListItem\",\"position\":1,\"name\":\"Accueil\",\"item\":\"https:\\\/\\\/btmtelectric.com\\\/\"},{\"@type\":\"ListItem\",\"position\":2,\"name\":\"Boutique\",\"item\":\"https:\\\/\\\/btmtelectric.com\\\/index.php\\\/boutique\\\/\"},{\"@type\":\"ListItem\",\"position\":3,\"name\":\"DISJONCTEUR DIFFRENTIEL NB1L-40 2P C20 30mA AC 6KA CHINT\"}]},{\"@type\":\"WebSite\",\"@id\":\"https:\\\/\\\/btmtelectric.com\\\/#website\",\"url\":\"https:\\\/\\\/btmtelectric.com\\\/\",\"name\":\"BTMT ELECTRIC \u2013 Solutions \u00c9lectriques Fiables et Innovantes\",\"description\":\"\",\"publisher\":{\"@id\":\"https:\\\/\\\/btmtelectric.com\\\/#organization\"},\"potentialAction\":[{\"@type\":\"SearchAction\",\"target\":{\"@type\":\"EntryPoint\",\"urlTemplate\":\"https:\\\/\\\/btmtelectric.com\\\/?s={search_term_string}\"},\"query-input\":{\"@type\":\"PropertyValueSpecification\",\"valueRequired\":true,\"valueName\":\"search_term_string\"}}],\"inLanguage\":\"fr-FR\"},{\"@type\":\"Organization\",\"@id\":\"https:\\\/\\\/btmtelectric.com\\\/#organization\",\"name\":\"BTMT ELECTRIC \u2013 Solutions \u00c9lectriques Fiables et Innovantes\",\"url\":\"https:\\\/\\\/btmtelectric.com\\\/\",\"logo\":{\"@type\":\"ImageObject\",\"inLanguage\":\"fr-FR\",\"@id\":\"https:\\\/\\\/btmtelectric.com\\\/#\\\/schema\\\/logo\\\/image\\\/\",\"url\":\"https:\\\/\\\/btmtelectric.com\\\/wp-content\\\/uploads\\\/2025\\\/07\\\/WhatsApp_Image_2025-07-09_at_11.45.18_AM-removebg-preview-1.png\",\"contentUrl\":\"https:\\\/\\\/btmtelectric.com\\\/wp-content\\\/uploads\\\/2025\\\/07\\\/WhatsApp_Image_2025-07-09_at_11.45.18_AM-removebg-preview-1.png\",\"width\":175,\"height\":42,\"caption\":\"BTMT ELECTRIC \u2013 Solutions \u00c9lectriques Fiables et Innovantes\"},\"image\":{\"@id\":\"https:\\\/\\\/btmtelectric.com\\\/#\\\/schema\\\/logo\\\/image\\\/\"},\"sameAs\":[\"https:\\\/\\\/www.facebook.com\\\/profile.php?id=61578000361796\",\"https:\\\/\\\/www.instagram.com\\\/btmtelectric\\\/\"]}]}<\/script>\n<!-- \/ Yoast SEO plugin. -->","yoast_head_json":{"title":"DISJONCTEUR DIFFRENTIEL NB1L-40 2P C20 30mA AC 6KA CHINT - BTMT ELECTRIC \u2013 Solutions \u00c9lectriques Fiables et Innovantes","robots":{"index":"index","follow":"follow","max-snippet":"max-snippet:-1","max-image-preview":"max-image-preview:large","max-video-preview":"max-video-preview:-1"},"canonical":"https:\/\/btmtelectric.com\/index.php\/product\/disjoncteur-diffrentiel-nb1l-40-2p-c20-30ma-ac-6ka-chint\/","og_locale":"fr_FR","og_type":"article","og_title":"DISJONCTEUR DIFFRENTIEL NB1L-40 2P C20 30mA AC 6KA CHINT - BTMT ELECTRIC \u2013 Solutions \u00c9lectriques Fiables et Innovantes","og_description":"Disjoncteur diff\u00e9rentiel NB1L-40 \u2013 2P, 20A, 30mA Le disjoncteur diff\u00e9rentiel NB1L-40 est con\u00e7u pour assurer une protection compl\u00e8te et fiable dans tout type d\u2019installation \u00e9lectrique.Il garantit : La s\u00e9curit\u00e9 des","og_url":"https:\/\/btmtelectric.com\/index.php\/product\/disjoncteur-diffrentiel-nb1l-40-2p-c20-30ma-ac-6ka-chint\/","og_site_name":"BTMT ELECTRIC \u2013 Solutions \u00c9lectriques Fiables et Innovantes","article_publisher":"https:\/\/www.facebook.com\/profile.php?id=61578000361796","article_modified_time":"2025-09-12T07:52:50+00:00","og_image":[{"width":609,"height":605,"url":"https:\/\/btmtelectric.com\/wp-content\/uploads\/2025\/08\/c20-2p-0.03A.png","type":"image\/png"}],"twitter_card":"summary_large_image","twitter_misc":{"Dur\u00e9e de lecture estim\u00e9e":"1 minute"},"schema":{"@context":"https:\/\/schema.org","@graph":[{"@type":"WebPage","@id":"https:\/\/btmtelectric.com\/index.php\/product\/disjoncteur-diffrentiel-nb1l-40-2p-c20-30ma-ac-6ka-chint\/","url":"https:\/\/btmtelectric.com\/index.php\/product\/disjoncteur-diffrentiel-nb1l-40-2p-c20-30ma-ac-6ka-chint\/","name":"DISJONCTEUR DIFFRENTIEL NB1L-40 2P C20 30mA AC 6KA CHINT - BTMT ELECTRIC \u2013 Solutions \u00c9lectriques Fiables et Innovantes","isPartOf":{"@id":"https:\/\/btmtelectric.com\/#website"},"primaryImageOfPage":{"@id":"https:\/\/btmtelectric.com\/index.php\/product\/disjoncteur-diffrentiel-nb1l-40-2p-c20-30ma-ac-6ka-chint\/#primaryimage"},"image":{"@id":"https:\/\/btmtelectric.com\/index.php\/product\/disjoncteur-diffrentiel-nb1l-40-2p-c20-30ma-ac-6ka-chint\/#primaryimage"},"thumbnailUrl":"https:\/\/btmtelectric.com\/wp-content\/uploads\/2025\/08\/c20-2p-0.03A.png","datePublished":"2025-08-29T07:36:51+00:00","dateModified":"2025-09-12T07:52:50+00:00","breadcrumb":{"@id":"https:\/\/btmtelectric.com\/index.php\/product\/disjoncteur-diffrentiel-nb1l-40-2p-c20-30ma-ac-6ka-chint\/#breadcrumb"},"inLanguage":"fr-FR","potentialAction":[{"@type":"ReadAction","target":["https:\/\/btmtelectric.com\/index.php\/product\/disjoncteur-diffrentiel-nb1l-40-2p-c20-30ma-ac-6ka-chint\/"]}]},{"@type":"ImageObject","inLanguage":"fr-FR","@id":"https:\/\/btmtelectric.com\/index.php\/product\/disjoncteur-diffrentiel-nb1l-40-2p-c20-30ma-ac-6ka-chint\/#primaryimage","url":"https:\/\/btmtelectric.com\/wp-content\/uploads\/2025\/08\/c20-2p-0.03A.png","contentUrl":"https:\/\/btmtelectric.com\/wp-content\/uploads\/2025\/08\/c20-2p-0.03A.png","width":609,"height":605},{"@type":"BreadcrumbList","@id":"https:\/\/btmtelectric.com\/index.php\/product\/disjoncteur-diffrentiel-nb1l-40-2p-c20-30ma-ac-6ka-chint\/#breadcrumb","itemListElement":[{"@type":"ListItem","position":1,"name":"Accueil","item":"https:\/\/btmtelectric.com\/"},{"@type":"ListItem","position":2,"name":"Boutique","item":"https:\/\/btmtelectric.com\/index.php\/boutique\/"},{"@type":"ListItem","position":3,"name":"DISJONCTEUR DIFFRENTIEL NB1L-40 2P C20 30mA AC 6KA CHINT"}]},{"@type":"WebSite","@id":"https:\/\/btmtelectric.com\/#website","url":"https:\/\/btmtelectric.com\/","name":"BTMT ELECTRIC \u2013 Solutions \u00c9lectriques Fiables et Innovantes","description":"","publisher":{"@id":"https:\/\/btmtelectric.com\/#organization"},"potentialAction":[{"@type":"SearchAction","target":{"@type":"EntryPoint","urlTemplate":"https:\/\/btmtelectric.com\/?s={search_term_string}"},"query-input":{"@type":"PropertyValueSpecification","valueRequired":true,"valueName":"search_term_string"}}],"inLanguage":"fr-FR"},{"@type":"Organization","@id":"https:\/\/btmtelectric.com\/#organization","name":"BTMT ELECTRIC \u2013 Solutions \u00c9lectriques Fiables et Innovantes","url":"https:\/\/btmtelectric.com\/","logo":{"@type":"ImageObject","inLanguage":"fr-FR","@id":"https:\/\/btmtelectric.com\/#\/schema\/logo\/image\/","url":"https:\/\/btmtelectric.com\/wp-content\/uploads\/2025\/07\/WhatsApp_Image_2025-07-09_at_11.45.18_AM-removebg-preview-1.png","contentUrl":"https:\/\/btmtelectric.com\/wp-content\/uploads\/2025\/07\/WhatsApp_Image_2025-07-09_at_11.45.18_AM-removebg-preview-1.png","width":175,"height":42,"caption":"BTMT ELECTRIC \u2013 Solutions \u00c9lectriques Fiables et Innovantes"},"image":{"@id":"https:\/\/btmtelectric.com\/#\/schema\/logo\/image\/"},"sameAs":["https:\/\/www.facebook.com\/profile.php?id=61578000361796","https:\/\/www.instagram.com\/btmtelectric\/"]}]}},"_links":{"self":[{"href":"https:\/\/btmtelectric.com\/index.php\/wp-json\/wp\/v2\/product\/8846","targetHints":{"allow":["GET"]}}],"collection":[{"href":"https:\/\/btmtelectric.com\/index.php\/wp-json\/wp\/v2\/product"}],"about":[{"href":"https:\/\/btmtelectric.com\/index.php\/wp-json\/wp\/v2\/types\/product"}],"replies":[{"embeddable":true,"href":"https:\/\/btmtelectric.com\/index.php\/wp-json\/wp\/v2\/comments?post=8846"}],"wp:featuredmedia":[{"embeddable":true,"href":"https:\/\/btmtelectric.com\/index.php\/wp-json\/wp\/v2\/media\/9157"}],"wp:attachment":[{"href":"https:\/\/btmtelectric.com\/index.php\/wp-json\/wp\/v2\/media?parent=8846"}],"wp:term":[{"taxonomy":"product_brand","embeddable":true,"href":"https:\/\/btmtelectric.com\/index.php\/wp-json\/wp\/v2\/product_brand?post=8846"},{"taxonomy":"product_cat","embeddable":true,"href":"https:\/\/btmtelectric.com\/index.php\/wp-json\/wp\/v2\/product_cat?post=8846"},{"taxonomy":"product_tag","embeddable":true,"href":"https:\/\/btmtelectric.com\/index.php\/wp-json\/wp\/v2\/product_tag?post=8846"}],"curies":[{"name":"wp","href":"https:\/\/api.w.org\/{rel}","templated":true}]}}