{"id":8844,"date":"2025-08-29T07:25:17","date_gmt":"2025-08-29T07:25:17","guid":{"rendered":"https:\/\/btmtelectric.com\/?post_type=product&#038;p=8844"},"modified":"2025-08-29T13:15:53","modified_gmt":"2025-08-29T13:15:53","slug":"disjoncteur-diffrentiel-nb1l-40-2p-c25-30ma-ac-6ka-chint","status":"publish","type":"product","link":"https:\/\/btmtelectric.com\/index.php\/product\/disjoncteur-diffrentiel-nb1l-40-2p-c25-30ma-ac-6ka-chint\/","title":{"rendered":"DISJONCTEUR DIFFRENTIEL NB1L-40 2P C25 30mA AC 6KA CHINT"},"content":{"rendered":"<h3 data-start=\"74\" data-end=\"128\">Disjoncteur diff\u00e9rentiel NB1L-40 \u2013 2P, 25A, 30mA<\/h3>\n<p data-start=\"130\" data-end=\"238\">Le <strong data-start=\"133\" data-end=\"169\">disjoncteur diff\u00e9rentiel NB1L-40<\/strong> est un appareil de protection \u00e9lectrique essentiel, garantissant :<\/p>\n<ul data-start=\"239\" data-end=\"553\">\n<li data-start=\"239\" data-end=\"330\">\n<p data-start=\"241\" data-end=\"330\"><strong data-start=\"241\" data-end=\"269\">La s\u00e9curit\u00e9 du personnel<\/strong> contre les risques d\u2019\u00e9lectrocution et de contact indirect.<\/p>\n<\/li>\n<li data-start=\"331\" data-end=\"448\">\n<p data-start=\"333\" data-end=\"448\"><strong data-start=\"333\" data-end=\"364\">La pr\u00e9vention des incendies<\/strong>, en d\u00e9tectant les d\u00e9fauts d\u2019isolement susceptibles de provoquer un d\u00e9part de feu.<\/p>\n<\/li>\n<li data-start=\"449\" data-end=\"553\">\n<p data-start=\"451\" data-end=\"553\"><strong data-start=\"451\" data-end=\"505\">La protection des c\u00e2bles et des lignes \u00e9lectriques<\/strong> contre les surcharges et les courts-circuits.<\/p>\n<\/li>\n<\/ul>\n<p data-start=\"555\" data-end=\"758\">Fiable et performant, il convient aussi bien aux <strong data-start=\"604\" data-end=\"633\">installations domestiques<\/strong> qu\u2019aux <strong data-start=\"641\" data-end=\"706\">r\u00e9seaux de distribution \u00e9lectrique commerciaux et industriels<\/strong>, o\u00f9 il assure une protection optimale et durable.<\/p>\n<h4 data-start=\"765\" data-end=\"801\">Caract\u00e9ristiques techniques :<\/h4>\n<ul data-start=\"802\" data-end=\"1253\">\n<li data-start=\"802\" data-end=\"836\">\n<p data-start=\"804\" data-end=\"836\"><strong data-start=\"804\" data-end=\"828\">Courant assign\u00e9 (In)<\/strong> : 25A<\/p>\n<\/li>\n<li data-start=\"837\" data-end=\"865\">\n<p data-start=\"839\" data-end=\"865\"><strong data-start=\"839\" data-end=\"858\">Nombre de p\u00f4les<\/strong> : 2P<\/p>\n<\/li>\n<li data-start=\"866\" data-end=\"983\">\n<p data-start=\"868\" data-end=\"983\"><strong data-start=\"868\" data-end=\"904\">Sensibilit\u00e9 diff\u00e9rentielle (I\u2206n)<\/strong> : 30mA \u2192 protection renforc\u00e9e des personnes contre les contacts \u00e9lectriques.<\/p>\n<\/li>\n<li data-start=\"984\" data-end=\"1024\">\n<p data-start=\"986\" data-end=\"1024\"><strong data-start=\"986\" data-end=\"1011\">Tension assign\u00e9e (Ue)<\/strong> : 230\/400V<\/p>\n<\/li>\n<li data-start=\"1025\" data-end=\"1052\">\n<p data-start=\"1027\" data-end=\"1052\"><strong data-start=\"1027\" data-end=\"1040\">Fr\u00e9quence<\/strong> : 50\/60Hz<\/p>\n<\/li>\n<li data-start=\"1053\" data-end=\"1153\">\n<p data-start=\"1055\" data-end=\"1153\"><strong data-start=\"1055\" data-end=\"1083\">Pouvoir de coupure (Icu)<\/strong> : 6 000A \u2192 capacit\u00e9 \u00e0 interrompre efficacement les courts-circuits.<\/p>\n<\/li>\n<li data-start=\"1154\" data-end=\"1203\">\n<p data-start=\"1156\" data-end=\"1203\"><strong data-start=\"1156\" data-end=\"1183\">Dur\u00e9e de vie \u00e9lectrique<\/strong> : 2 000 man\u0153uvres<\/p>\n<\/li>\n<li data-start=\"1204\" data-end=\"1253\">\n<p data-start=\"1206\" data-end=\"1253\"><strong data-start=\"1206\" data-end=\"1232\">Dur\u00e9e de vie m\u00e9canique<\/strong> : 20 000 man\u0153uvres<\/p>\n<ul>\n<li data-start=\"1288\" data-end=\"1360\">\n<p data-start=\"1290\" data-end=\"1360\">Haute sensibilit\u00e9 (30mA) pour une protection maximale des personnes.<\/p>\n<\/li>\n<li data-start=\"1361\" data-end=\"1447\">\n<p data-start=\"1363\" data-end=\"1447\">Conception robuste et durable, adapt\u00e9e \u00e0 un usage r\u00e9sidentiel comme professionnel.<\/p>\n<\/li>\n<li data-start=\"1448\" data-end=\"1512\">\n<p data-start=\"1450\" data-end=\"1512\">R\u00e9duction des risques d\u2019incendie li\u00e9s aux fuites de courant.<\/p>\n<\/li>\n<li data-start=\"1513\" data-end=\"1560\">\n<p data-start=\"1515\" data-end=\"1560\">Installation simple et maintenance r\u00e9duite.<\/p>\n<\/li>\n<\/ul>\n<\/li>\n<\/ul>\n","protected":false},"excerpt":{"rendered":"<p>Disjoncteur diff\u00e9rentiel NB1L-40 \u2013 2P, 25A, 30mA Le disjoncteur diff\u00e9rentiel NB1L-40 est un appareil de protection \u00e9lectrique essentiel, garantissant : La s\u00e9curit\u00e9 du personnel contre les risques d\u2019\u00e9lectrocution et de<\/p>\n","protected":false},"featured_media":8911,"comment_status":"open","ping_status":"closed","template":"","meta":{"_acf_changed":false,"content-type":""},"product_brand":[],"product_cat":[367],"product_tag":[],"class_list":{"0":"post-8844","1":"product","2":"type-product","3":"status-publish","4":"has-post-thumbnail","6":"product_cat-disjoncteurs","8":"first","9":"instock","10":"shipping-taxable","11":"purchasable","12":"product-type-simple"},"acf":[],"yoast_head":"<!-- This site is optimized with the Yoast SEO plugin v27.3 - https:\/\/yoast.com\/product\/yoast-seo-wordpress\/ -->\n<title>DISJONCTEUR DIFFRENTIEL NB1L-40 2P C25 30mA AC 6KA CHINT - BTMT ELECTRIC \u2013 Solutions \u00c9lectriques Fiables et Innovantes<\/title>\n<meta name=\"robots\" content=\"index, follow, max-snippet:-1, max-image-preview:large, max-video-preview:-1\" \/>\n<link rel=\"canonical\" href=\"https:\/\/btmtelectric.com\/index.php\/product\/disjoncteur-diffrentiel-nb1l-40-2p-c25-30ma-ac-6ka-chint\/\" \/>\n<meta property=\"og:locale\" content=\"fr_FR\" \/>\n<meta property=\"og:type\" content=\"article\" \/>\n<meta property=\"og:title\" content=\"DISJONCTEUR DIFFRENTIEL NB1L-40 2P C25 30mA AC 6KA CHINT - BTMT ELECTRIC \u2013 Solutions \u00c9lectriques Fiables et Innovantes\" \/>\n<meta property=\"og:description\" content=\"Disjoncteur diff\u00e9rentiel NB1L-40 \u2013 2P, 25A, 30mA Le disjoncteur diff\u00e9rentiel NB1L-40 est un appareil de protection \u00e9lectrique essentiel, garantissant : La s\u00e9curit\u00e9 du personnel contre les risques d\u2019\u00e9lectrocution et de\" \/>\n<meta property=\"og:url\" content=\"https:\/\/btmtelectric.com\/index.php\/product\/disjoncteur-diffrentiel-nb1l-40-2p-c25-30ma-ac-6ka-chint\/\" \/>\n<meta property=\"og:site_name\" content=\"BTMT ELECTRIC \u2013 Solutions \u00c9lectriques Fiables et Innovantes\" \/>\n<meta property=\"article:publisher\" content=\"https:\/\/www.facebook.com\/profile.php?id=61578000361796\" \/>\n<meta property=\"article:modified_time\" content=\"2025-08-29T13:15:53+00:00\" \/>\n<meta property=\"og:image\" content=\"https:\/\/btmtelectric.com\/wp-content\/uploads\/2025\/08\/disj-NBL1-2P-C10-2.png\" \/>\n\t<meta property=\"og:image:width\" content=\"365\" \/>\n\t<meta property=\"og:image:height\" content=\"424\" \/>\n\t<meta property=\"og:image:type\" content=\"image\/png\" \/>\n<meta name=\"twitter:card\" content=\"summary_large_image\" \/>\n<meta name=\"twitter:label1\" content=\"Dur\u00e9e de lecture estim\u00e9e\" \/>\n\t<meta name=\"twitter:data1\" content=\"1 minute\" \/>\n<script type=\"application\/ld+json\" class=\"yoast-schema-graph\">{\"@context\":\"https:\\\/\\\/schema.org\",\"@graph\":[{\"@type\":\"WebPage\",\"@id\":\"https:\\\/\\\/btmtelectric.com\\\/index.php\\\/product\\\/disjoncteur-diffrentiel-nb1l-40-2p-c25-30ma-ac-6ka-chint\\\/\",\"url\":\"https:\\\/\\\/btmtelectric.com\\\/index.php\\\/product\\\/disjoncteur-diffrentiel-nb1l-40-2p-c25-30ma-ac-6ka-chint\\\/\",\"name\":\"DISJONCTEUR DIFFRENTIEL NB1L-40 2P C25 30mA AC 6KA CHINT - BTMT ELECTRIC \u2013 Solutions \u00c9lectriques Fiables et Innovantes\",\"isPartOf\":{\"@id\":\"https:\\\/\\\/btmtelectric.com\\\/#website\"},\"primaryImageOfPage\":{\"@id\":\"https:\\\/\\\/btmtelectric.com\\\/index.php\\\/product\\\/disjoncteur-diffrentiel-nb1l-40-2p-c25-30ma-ac-6ka-chint\\\/#primaryimage\"},\"image\":{\"@id\":\"https:\\\/\\\/btmtelectric.com\\\/index.php\\\/product\\\/disjoncteur-diffrentiel-nb1l-40-2p-c25-30ma-ac-6ka-chint\\\/#primaryimage\"},\"thumbnailUrl\":\"https:\\\/\\\/btmtelectric.com\\\/wp-content\\\/uploads\\\/2025\\\/08\\\/disj-NBL1-2P-C10-2.png\",\"datePublished\":\"2025-08-29T07:25:17+00:00\",\"dateModified\":\"2025-08-29T13:15:53+00:00\",\"breadcrumb\":{\"@id\":\"https:\\\/\\\/btmtelectric.com\\\/index.php\\\/product\\\/disjoncteur-diffrentiel-nb1l-40-2p-c25-30ma-ac-6ka-chint\\\/#breadcrumb\"},\"inLanguage\":\"fr-FR\",\"potentialAction\":[{\"@type\":\"ReadAction\",\"target\":[\"https:\\\/\\\/btmtelectric.com\\\/index.php\\\/product\\\/disjoncteur-diffrentiel-nb1l-40-2p-c25-30ma-ac-6ka-chint\\\/\"]}]},{\"@type\":\"ImageObject\",\"inLanguage\":\"fr-FR\",\"@id\":\"https:\\\/\\\/btmtelectric.com\\\/index.php\\\/product\\\/disjoncteur-diffrentiel-nb1l-40-2p-c25-30ma-ac-6ka-chint\\\/#primaryimage\",\"url\":\"https:\\\/\\\/btmtelectric.com\\\/wp-content\\\/uploads\\\/2025\\\/08\\\/disj-NBL1-2P-C10-2.png\",\"contentUrl\":\"https:\\\/\\\/btmtelectric.com\\\/wp-content\\\/uploads\\\/2025\\\/08\\\/disj-NBL1-2P-C10-2.png\",\"width\":365,\"height\":424},{\"@type\":\"BreadcrumbList\",\"@id\":\"https:\\\/\\\/btmtelectric.com\\\/index.php\\\/product\\\/disjoncteur-diffrentiel-nb1l-40-2p-c25-30ma-ac-6ka-chint\\\/#breadcrumb\",\"itemListElement\":[{\"@type\":\"ListItem\",\"position\":1,\"name\":\"Accueil\",\"item\":\"https:\\\/\\\/btmtelectric.com\\\/\"},{\"@type\":\"ListItem\",\"position\":2,\"name\":\"Boutique\",\"item\":\"https:\\\/\\\/btmtelectric.com\\\/index.php\\\/boutique\\\/\"},{\"@type\":\"ListItem\",\"position\":3,\"name\":\"DISJONCTEUR DIFFRENTIEL NB1L-40 2P C25 30mA AC 6KA CHINT\"}]},{\"@type\":\"WebSite\",\"@id\":\"https:\\\/\\\/btmtelectric.com\\\/#website\",\"url\":\"https:\\\/\\\/btmtelectric.com\\\/\",\"name\":\"BTMT ELECTRIC \u2013 Solutions \u00c9lectriques Fiables et Innovantes\",\"description\":\"\",\"publisher\":{\"@id\":\"https:\\\/\\\/btmtelectric.com\\\/#organization\"},\"potentialAction\":[{\"@type\":\"SearchAction\",\"target\":{\"@type\":\"EntryPoint\",\"urlTemplate\":\"https:\\\/\\\/btmtelectric.com\\\/?s={search_term_string}\"},\"query-input\":{\"@type\":\"PropertyValueSpecification\",\"valueRequired\":true,\"valueName\":\"search_term_string\"}}],\"inLanguage\":\"fr-FR\"},{\"@type\":\"Organization\",\"@id\":\"https:\\\/\\\/btmtelectric.com\\\/#organization\",\"name\":\"BTMT ELECTRIC \u2013 Solutions \u00c9lectriques Fiables et Innovantes\",\"url\":\"https:\\\/\\\/btmtelectric.com\\\/\",\"logo\":{\"@type\":\"ImageObject\",\"inLanguage\":\"fr-FR\",\"@id\":\"https:\\\/\\\/btmtelectric.com\\\/#\\\/schema\\\/logo\\\/image\\\/\",\"url\":\"https:\\\/\\\/btmtelectric.com\\\/wp-content\\\/uploads\\\/2025\\\/07\\\/WhatsApp_Image_2025-07-09_at_11.45.18_AM-removebg-preview-1.png\",\"contentUrl\":\"https:\\\/\\\/btmtelectric.com\\\/wp-content\\\/uploads\\\/2025\\\/07\\\/WhatsApp_Image_2025-07-09_at_11.45.18_AM-removebg-preview-1.png\",\"width\":175,\"height\":42,\"caption\":\"BTMT ELECTRIC \u2013 Solutions \u00c9lectriques Fiables et Innovantes\"},\"image\":{\"@id\":\"https:\\\/\\\/btmtelectric.com\\\/#\\\/schema\\\/logo\\\/image\\\/\"},\"sameAs\":[\"https:\\\/\\\/www.facebook.com\\\/profile.php?id=61578000361796\",\"https:\\\/\\\/www.instagram.com\\\/btmtelectric\\\/\"]}]}<\/script>\n<!-- \/ Yoast SEO plugin. -->","yoast_head_json":{"title":"DISJONCTEUR DIFFRENTIEL NB1L-40 2P C25 30mA AC 6KA CHINT - BTMT ELECTRIC \u2013 Solutions \u00c9lectriques Fiables et Innovantes","robots":{"index":"index","follow":"follow","max-snippet":"max-snippet:-1","max-image-preview":"max-image-preview:large","max-video-preview":"max-video-preview:-1"},"canonical":"https:\/\/btmtelectric.com\/index.php\/product\/disjoncteur-diffrentiel-nb1l-40-2p-c25-30ma-ac-6ka-chint\/","og_locale":"fr_FR","og_type":"article","og_title":"DISJONCTEUR DIFFRENTIEL NB1L-40 2P C25 30mA AC 6KA CHINT - BTMT ELECTRIC \u2013 Solutions \u00c9lectriques Fiables et Innovantes","og_description":"Disjoncteur diff\u00e9rentiel NB1L-40 \u2013 2P, 25A, 30mA Le disjoncteur diff\u00e9rentiel NB1L-40 est un appareil de protection \u00e9lectrique essentiel, garantissant : La s\u00e9curit\u00e9 du personnel contre les risques d\u2019\u00e9lectrocution et de","og_url":"https:\/\/btmtelectric.com\/index.php\/product\/disjoncteur-diffrentiel-nb1l-40-2p-c25-30ma-ac-6ka-chint\/","og_site_name":"BTMT ELECTRIC \u2013 Solutions \u00c9lectriques Fiables et Innovantes","article_publisher":"https:\/\/www.facebook.com\/profile.php?id=61578000361796","article_modified_time":"2025-08-29T13:15:53+00:00","og_image":[{"width":365,"height":424,"url":"https:\/\/btmtelectric.com\/wp-content\/uploads\/2025\/08\/disj-NBL1-2P-C10-2.png","type":"image\/png"}],"twitter_card":"summary_large_image","twitter_misc":{"Dur\u00e9e de lecture estim\u00e9e":"1 minute"},"schema":{"@context":"https:\/\/schema.org","@graph":[{"@type":"WebPage","@id":"https:\/\/btmtelectric.com\/index.php\/product\/disjoncteur-diffrentiel-nb1l-40-2p-c25-30ma-ac-6ka-chint\/","url":"https:\/\/btmtelectric.com\/index.php\/product\/disjoncteur-diffrentiel-nb1l-40-2p-c25-30ma-ac-6ka-chint\/","name":"DISJONCTEUR DIFFRENTIEL NB1L-40 2P C25 30mA AC 6KA CHINT - BTMT ELECTRIC \u2013 Solutions \u00c9lectriques Fiables et Innovantes","isPartOf":{"@id":"https:\/\/btmtelectric.com\/#website"},"primaryImageOfPage":{"@id":"https:\/\/btmtelectric.com\/index.php\/product\/disjoncteur-diffrentiel-nb1l-40-2p-c25-30ma-ac-6ka-chint\/#primaryimage"},"image":{"@id":"https:\/\/btmtelectric.com\/index.php\/product\/disjoncteur-diffrentiel-nb1l-40-2p-c25-30ma-ac-6ka-chint\/#primaryimage"},"thumbnailUrl":"https:\/\/btmtelectric.com\/wp-content\/uploads\/2025\/08\/disj-NBL1-2P-C10-2.png","datePublished":"2025-08-29T07:25:17+00:00","dateModified":"2025-08-29T13:15:53+00:00","breadcrumb":{"@id":"https:\/\/btmtelectric.com\/index.php\/product\/disjoncteur-diffrentiel-nb1l-40-2p-c25-30ma-ac-6ka-chint\/#breadcrumb"},"inLanguage":"fr-FR","potentialAction":[{"@type":"ReadAction","target":["https:\/\/btmtelectric.com\/index.php\/product\/disjoncteur-diffrentiel-nb1l-40-2p-c25-30ma-ac-6ka-chint\/"]}]},{"@type":"ImageObject","inLanguage":"fr-FR","@id":"https:\/\/btmtelectric.com\/index.php\/product\/disjoncteur-diffrentiel-nb1l-40-2p-c25-30ma-ac-6ka-chint\/#primaryimage","url":"https:\/\/btmtelectric.com\/wp-content\/uploads\/2025\/08\/disj-NBL1-2P-C10-2.png","contentUrl":"https:\/\/btmtelectric.com\/wp-content\/uploads\/2025\/08\/disj-NBL1-2P-C10-2.png","width":365,"height":424},{"@type":"BreadcrumbList","@id":"https:\/\/btmtelectric.com\/index.php\/product\/disjoncteur-diffrentiel-nb1l-40-2p-c25-30ma-ac-6ka-chint\/#breadcrumb","itemListElement":[{"@type":"ListItem","position":1,"name":"Accueil","item":"https:\/\/btmtelectric.com\/"},{"@type":"ListItem","position":2,"name":"Boutique","item":"https:\/\/btmtelectric.com\/index.php\/boutique\/"},{"@type":"ListItem","position":3,"name":"DISJONCTEUR DIFFRENTIEL NB1L-40 2P C25 30mA AC 6KA CHINT"}]},{"@type":"WebSite","@id":"https:\/\/btmtelectric.com\/#website","url":"https:\/\/btmtelectric.com\/","name":"BTMT ELECTRIC \u2013 Solutions \u00c9lectriques Fiables et Innovantes","description":"","publisher":{"@id":"https:\/\/btmtelectric.com\/#organization"},"potentialAction":[{"@type":"SearchAction","target":{"@type":"EntryPoint","urlTemplate":"https:\/\/btmtelectric.com\/?s={search_term_string}"},"query-input":{"@type":"PropertyValueSpecification","valueRequired":true,"valueName":"search_term_string"}}],"inLanguage":"fr-FR"},{"@type":"Organization","@id":"https:\/\/btmtelectric.com\/#organization","name":"BTMT ELECTRIC \u2013 Solutions \u00c9lectriques Fiables et Innovantes","url":"https:\/\/btmtelectric.com\/","logo":{"@type":"ImageObject","inLanguage":"fr-FR","@id":"https:\/\/btmtelectric.com\/#\/schema\/logo\/image\/","url":"https:\/\/btmtelectric.com\/wp-content\/uploads\/2025\/07\/WhatsApp_Image_2025-07-09_at_11.45.18_AM-removebg-preview-1.png","contentUrl":"https:\/\/btmtelectric.com\/wp-content\/uploads\/2025\/07\/WhatsApp_Image_2025-07-09_at_11.45.18_AM-removebg-preview-1.png","width":175,"height":42,"caption":"BTMT ELECTRIC \u2013 Solutions \u00c9lectriques Fiables et Innovantes"},"image":{"@id":"https:\/\/btmtelectric.com\/#\/schema\/logo\/image\/"},"sameAs":["https:\/\/www.facebook.com\/profile.php?id=61578000361796","https:\/\/www.instagram.com\/btmtelectric\/"]}]}},"_links":{"self":[{"href":"https:\/\/btmtelectric.com\/index.php\/wp-json\/wp\/v2\/product\/8844","targetHints":{"allow":["GET"]}}],"collection":[{"href":"https:\/\/btmtelectric.com\/index.php\/wp-json\/wp\/v2\/product"}],"about":[{"href":"https:\/\/btmtelectric.com\/index.php\/wp-json\/wp\/v2\/types\/product"}],"replies":[{"embeddable":true,"href":"https:\/\/btmtelectric.com\/index.php\/wp-json\/wp\/v2\/comments?post=8844"}],"wp:featuredmedia":[{"embeddable":true,"href":"https:\/\/btmtelectric.com\/index.php\/wp-json\/wp\/v2\/media\/8911"}],"wp:attachment":[{"href":"https:\/\/btmtelectric.com\/index.php\/wp-json\/wp\/v2\/media?parent=8844"}],"wp:term":[{"taxonomy":"product_brand","embeddable":true,"href":"https:\/\/btmtelectric.com\/index.php\/wp-json\/wp\/v2\/product_brand?post=8844"},{"taxonomy":"product_cat","embeddable":true,"href":"https:\/\/btmtelectric.com\/index.php\/wp-json\/wp\/v2\/product_cat?post=8844"},{"taxonomy":"product_tag","embeddable":true,"href":"https:\/\/btmtelectric.com\/index.php\/wp-json\/wp\/v2\/product_tag?post=8844"}],"curies":[{"name":"wp","href":"https:\/\/api.w.org\/{rel}","templated":true}]}}