{"id":8840,"date":"2025-08-29T07:13:04","date_gmt":"2025-08-29T07:13:04","guid":{"rendered":"https:\/\/btmtelectric.com\/?post_type=product&#038;p=8840"},"modified":"2025-08-29T13:16:40","modified_gmt":"2025-08-29T13:16:40","slug":"disjoncteur-diffrentiel-nb1l-40-2p-c10-300ma-ac-6ka-chint","status":"publish","type":"product","link":"https:\/\/btmtelectric.com\/index.php\/product\/disjoncteur-diffrentiel-nb1l-40-2p-c10-300ma-ac-6ka-chint\/","title":{"rendered":"DISJONCTEUR DIFFRENTIEL NB1L-40 2P C10 300mA AC 6KA CHINT"},"content":{"rendered":"<h3 data-start=\"64\" data-end=\"119\">Disjoncteur diff\u00e9rentiel NB1L-40 \u2013 2P, 10A, 300mA<\/h3>\n<p data-start=\"121\" data-end=\"508\">Le disjoncteur diff\u00e9rentiel <strong data-start=\"149\" data-end=\"160\">NB1L-40<\/strong> assure une <strong data-start=\"172\" data-end=\"208\">protection optimale du personnel<\/strong> contre les contacts indirects et les risques d\u2019\u00e9lectrocution, ainsi qu\u2019une <strong data-start=\"284\" data-end=\"336\">s\u00e9curit\u00e9 renforc\u00e9e des installations \u00e9lectriques<\/strong>.<br data-start=\"337\" data-end=\"340\" \/>Il prot\u00e8ge efficacement les c\u00e2bles et les lignes contre les <strong data-start=\"400\" data-end=\"414\">surcharges<\/strong>, les <strong data-start=\"420\" data-end=\"439\">courts-circuits<\/strong> et r\u00e9duit les risques d\u2019<strong data-start=\"464\" data-end=\"476\">incendie<\/strong> li\u00e9s aux d\u00e9fauts d\u2019isolement.<\/p>\n<p data-start=\"510\" data-end=\"758\">Cet appareil est con\u00e7u pour \u00eatre utilis\u00e9 aussi bien dans les <strong data-start=\"571\" data-end=\"600\">installations domestiques<\/strong> que dans les <strong data-start=\"614\" data-end=\"679\">r\u00e9seaux de distribution \u00e9lectrique commerciaux et industriels<\/strong>, garantissant une fiabilit\u00e9 et une s\u00e9curit\u00e9 conformes aux normes en vigueur.<\/p>\n<h4 data-start=\"765\" data-end=\"801\">Caract\u00e9ristiques techniques :<\/h4>\n<ul data-start=\"802\" data-end=\"1165\">\n<li data-start=\"802\" data-end=\"836\">\n<p data-start=\"804\" data-end=\"836\"><strong data-start=\"804\" data-end=\"828\">Courant assign\u00e9 (In)<\/strong> : 10A<\/p>\n<\/li>\n<li data-start=\"837\" data-end=\"865\">\n<p data-start=\"839\" data-end=\"865\"><strong data-start=\"839\" data-end=\"858\">Nombre de p\u00f4les<\/strong> : 2P<\/p>\n<\/li>\n<li data-start=\"866\" data-end=\"951\">\n<p data-start=\"868\" data-end=\"951\"><strong data-start=\"868\" data-end=\"898\">Sensibilit\u00e9 nominale (I\u2206n)<\/strong> : 300mA (protection contre les d\u00e9fauts \u00e0 la terre)<\/p>\n<\/li>\n<li data-start=\"952\" data-end=\"992\">\n<p data-start=\"954\" data-end=\"992\"><strong data-start=\"954\" data-end=\"979\">Tension assign\u00e9e (Ue)<\/strong> : 230\/400V<\/p>\n<\/li>\n<li data-start=\"993\" data-end=\"1029\">\n<p data-start=\"995\" data-end=\"1029\"><strong data-start=\"995\" data-end=\"1017\">Fr\u00e9quence assign\u00e9e<\/strong> : 50\/60Hz<\/p>\n<\/li>\n<li data-start=\"1030\" data-end=\"1065\">\n<p data-start=\"1032\" data-end=\"1065\"><strong data-start=\"1032\" data-end=\"1054\">Pouvoir de coupure<\/strong> : 6 000A<\/p>\n<\/li>\n<li data-start=\"1066\" data-end=\"1115\">\n<p data-start=\"1068\" data-end=\"1115\"><strong data-start=\"1068\" data-end=\"1095\">Dur\u00e9e de vie \u00e9lectrique<\/strong> : 2 000 man\u0153uvres<\/p>\n<\/li>\n<li data-start=\"1116\" data-end=\"1165\">\n<p data-start=\"1118\" data-end=\"1165\"><strong data-start=\"1118\" data-end=\"1144\">Dur\u00e9e de vie m\u00e9canique<\/strong> : 20 000 man\u0153uvres<\/p>\n<p data-start=\"1172\" data-end=\"1202\"><strong data-start=\"1174\" data-end=\"1198\">Avantages principaux<\/strong> :<\/p>\n<ul data-start=\"1203\" data-end=\"1466\">\n<li data-start=\"1203\" data-end=\"1249\">\n<p data-start=\"1205\" data-end=\"1249\">S\u00e9curit\u00e9 des personnes et des \u00e9quipements.<\/p>\n<\/li>\n<li data-start=\"1250\" data-end=\"1340\">\n<p data-start=\"1252\" data-end=\"1340\">Conception robuste adapt\u00e9e aux environnements r\u00e9sidentiels, tertiaires et industriels.<\/p>\n<\/li>\n<li data-start=\"1341\" data-end=\"1418\">\n<p data-start=\"1343\" data-end=\"1418\">Fiabilit\u00e9 \u00e9lev\u00e9e gr\u00e2ce \u00e0 une longue dur\u00e9e de vie m\u00e9canique et \u00e9lectrique.<\/p>\n<\/li>\n<li data-start=\"1419\" data-end=\"1466\">\n<p data-start=\"1421\" data-end=\"1466\">Installation facile et maintenance r\u00e9duite.<\/p>\n<\/li>\n<\/ul>\n<\/li>\n<\/ul>\n","protected":false},"excerpt":{"rendered":"<p>Disjoncteur diff\u00e9rentiel NB1L-40 \u2013 2P, 10A, 300mA Le disjoncteur diff\u00e9rentiel NB1L-40 assure une protection optimale du personnel contre les contacts indirects et les risques d\u2019\u00e9lectrocution, ainsi qu\u2019une s\u00e9curit\u00e9 renforc\u00e9e des<\/p>\n","protected":false},"featured_media":8912,"comment_status":"open","ping_status":"closed","template":"","meta":{"_acf_changed":false,"content-type":""},"product_brand":[],"product_cat":[367],"product_tag":[],"class_list":{"0":"post-8840","1":"product","2":"type-product","3":"status-publish","4":"has-post-thumbnail","6":"product_cat-disjoncteurs","8":"first","9":"instock","10":"shipping-taxable","11":"purchasable","12":"product-type-simple"},"acf":[],"yoast_head":"<!-- This site is optimized with the Yoast SEO plugin v27.3 - https:\/\/yoast.com\/product\/yoast-seo-wordpress\/ -->\n<title>DISJONCTEUR DIFFRENTIEL NB1L-40 2P C10 300mA AC 6KA CHINT - BTMT ELECTRIC \u2013 Solutions \u00c9lectriques Fiables et Innovantes<\/title>\n<meta name=\"robots\" content=\"index, follow, max-snippet:-1, max-image-preview:large, max-video-preview:-1\" \/>\n<link rel=\"canonical\" href=\"https:\/\/btmtelectric.com\/index.php\/product\/disjoncteur-diffrentiel-nb1l-40-2p-c10-300ma-ac-6ka-chint\/\" \/>\n<meta property=\"og:locale\" content=\"fr_FR\" \/>\n<meta property=\"og:type\" content=\"article\" \/>\n<meta property=\"og:title\" content=\"DISJONCTEUR DIFFRENTIEL NB1L-40 2P C10 300mA AC 6KA CHINT - BTMT ELECTRIC \u2013 Solutions \u00c9lectriques Fiables et Innovantes\" \/>\n<meta property=\"og:description\" content=\"Disjoncteur diff\u00e9rentiel NB1L-40 \u2013 2P, 10A, 300mA Le disjoncteur diff\u00e9rentiel NB1L-40 assure une protection optimale du personnel contre les contacts indirects et les risques d\u2019\u00e9lectrocution, ainsi qu\u2019une s\u00e9curit\u00e9 renforc\u00e9e des\" \/>\n<meta property=\"og:url\" content=\"https:\/\/btmtelectric.com\/index.php\/product\/disjoncteur-diffrentiel-nb1l-40-2p-c10-300ma-ac-6ka-chint\/\" \/>\n<meta property=\"og:site_name\" content=\"BTMT ELECTRIC \u2013 Solutions \u00c9lectriques Fiables et Innovantes\" \/>\n<meta property=\"article:publisher\" content=\"https:\/\/www.facebook.com\/profile.php?id=61578000361796\" \/>\n<meta property=\"article:modified_time\" content=\"2025-08-29T13:16:40+00:00\" \/>\n<meta property=\"og:image\" content=\"https:\/\/btmtelectric.com\/wp-content\/uploads\/2025\/08\/disj-NBL1-2P-C10-3.png\" \/>\n\t<meta property=\"og:image:width\" content=\"365\" \/>\n\t<meta property=\"og:image:height\" content=\"424\" \/>\n\t<meta property=\"og:image:type\" content=\"image\/png\" \/>\n<meta name=\"twitter:card\" content=\"summary_large_image\" \/>\n<meta name=\"twitter:label1\" content=\"Dur\u00e9e de lecture estim\u00e9e\" \/>\n\t<meta name=\"twitter:data1\" content=\"1 minute\" \/>\n<script type=\"application\/ld+json\" class=\"yoast-schema-graph\">{\"@context\":\"https:\\\/\\\/schema.org\",\"@graph\":[{\"@type\":\"WebPage\",\"@id\":\"https:\\\/\\\/btmtelectric.com\\\/index.php\\\/product\\\/disjoncteur-diffrentiel-nb1l-40-2p-c10-300ma-ac-6ka-chint\\\/\",\"url\":\"https:\\\/\\\/btmtelectric.com\\\/index.php\\\/product\\\/disjoncteur-diffrentiel-nb1l-40-2p-c10-300ma-ac-6ka-chint\\\/\",\"name\":\"DISJONCTEUR DIFFRENTIEL NB1L-40 2P C10 300mA AC 6KA CHINT - BTMT ELECTRIC \u2013 Solutions \u00c9lectriques Fiables et Innovantes\",\"isPartOf\":{\"@id\":\"https:\\\/\\\/btmtelectric.com\\\/#website\"},\"primaryImageOfPage\":{\"@id\":\"https:\\\/\\\/btmtelectric.com\\\/index.php\\\/product\\\/disjoncteur-diffrentiel-nb1l-40-2p-c10-300ma-ac-6ka-chint\\\/#primaryimage\"},\"image\":{\"@id\":\"https:\\\/\\\/btmtelectric.com\\\/index.php\\\/product\\\/disjoncteur-diffrentiel-nb1l-40-2p-c10-300ma-ac-6ka-chint\\\/#primaryimage\"},\"thumbnailUrl\":\"https:\\\/\\\/btmtelectric.com\\\/wp-content\\\/uploads\\\/2025\\\/08\\\/disj-NBL1-2P-C10-3.png\",\"datePublished\":\"2025-08-29T07:13:04+00:00\",\"dateModified\":\"2025-08-29T13:16:40+00:00\",\"breadcrumb\":{\"@id\":\"https:\\\/\\\/btmtelectric.com\\\/index.php\\\/product\\\/disjoncteur-diffrentiel-nb1l-40-2p-c10-300ma-ac-6ka-chint\\\/#breadcrumb\"},\"inLanguage\":\"fr-FR\",\"potentialAction\":[{\"@type\":\"ReadAction\",\"target\":[\"https:\\\/\\\/btmtelectric.com\\\/index.php\\\/product\\\/disjoncteur-diffrentiel-nb1l-40-2p-c10-300ma-ac-6ka-chint\\\/\"]}]},{\"@type\":\"ImageObject\",\"inLanguage\":\"fr-FR\",\"@id\":\"https:\\\/\\\/btmtelectric.com\\\/index.php\\\/product\\\/disjoncteur-diffrentiel-nb1l-40-2p-c10-300ma-ac-6ka-chint\\\/#primaryimage\",\"url\":\"https:\\\/\\\/btmtelectric.com\\\/wp-content\\\/uploads\\\/2025\\\/08\\\/disj-NBL1-2P-C10-3.png\",\"contentUrl\":\"https:\\\/\\\/btmtelectric.com\\\/wp-content\\\/uploads\\\/2025\\\/08\\\/disj-NBL1-2P-C10-3.png\",\"width\":365,\"height\":424},{\"@type\":\"BreadcrumbList\",\"@id\":\"https:\\\/\\\/btmtelectric.com\\\/index.php\\\/product\\\/disjoncteur-diffrentiel-nb1l-40-2p-c10-300ma-ac-6ka-chint\\\/#breadcrumb\",\"itemListElement\":[{\"@type\":\"ListItem\",\"position\":1,\"name\":\"Accueil\",\"item\":\"https:\\\/\\\/btmtelectric.com\\\/\"},{\"@type\":\"ListItem\",\"position\":2,\"name\":\"Boutique\",\"item\":\"https:\\\/\\\/btmtelectric.com\\\/index.php\\\/boutique\\\/\"},{\"@type\":\"ListItem\",\"position\":3,\"name\":\"DISJONCTEUR DIFFRENTIEL NB1L-40 2P C10 300mA AC 6KA CHINT\"}]},{\"@type\":\"WebSite\",\"@id\":\"https:\\\/\\\/btmtelectric.com\\\/#website\",\"url\":\"https:\\\/\\\/btmtelectric.com\\\/\",\"name\":\"BTMT ELECTRIC \u2013 Solutions \u00c9lectriques Fiables et Innovantes\",\"description\":\"\",\"publisher\":{\"@id\":\"https:\\\/\\\/btmtelectric.com\\\/#organization\"},\"potentialAction\":[{\"@type\":\"SearchAction\",\"target\":{\"@type\":\"EntryPoint\",\"urlTemplate\":\"https:\\\/\\\/btmtelectric.com\\\/?s={search_term_string}\"},\"query-input\":{\"@type\":\"PropertyValueSpecification\",\"valueRequired\":true,\"valueName\":\"search_term_string\"}}],\"inLanguage\":\"fr-FR\"},{\"@type\":\"Organization\",\"@id\":\"https:\\\/\\\/btmtelectric.com\\\/#organization\",\"name\":\"BTMT ELECTRIC \u2013 Solutions \u00c9lectriques Fiables et Innovantes\",\"url\":\"https:\\\/\\\/btmtelectric.com\\\/\",\"logo\":{\"@type\":\"ImageObject\",\"inLanguage\":\"fr-FR\",\"@id\":\"https:\\\/\\\/btmtelectric.com\\\/#\\\/schema\\\/logo\\\/image\\\/\",\"url\":\"https:\\\/\\\/btmtelectric.com\\\/wp-content\\\/uploads\\\/2025\\\/07\\\/WhatsApp_Image_2025-07-09_at_11.45.18_AM-removebg-preview-1.png\",\"contentUrl\":\"https:\\\/\\\/btmtelectric.com\\\/wp-content\\\/uploads\\\/2025\\\/07\\\/WhatsApp_Image_2025-07-09_at_11.45.18_AM-removebg-preview-1.png\",\"width\":175,\"height\":42,\"caption\":\"BTMT ELECTRIC \u2013 Solutions \u00c9lectriques Fiables et Innovantes\"},\"image\":{\"@id\":\"https:\\\/\\\/btmtelectric.com\\\/#\\\/schema\\\/logo\\\/image\\\/\"},\"sameAs\":[\"https:\\\/\\\/www.facebook.com\\\/profile.php?id=61578000361796\",\"https:\\\/\\\/www.instagram.com\\\/btmtelectric\\\/\"]}]}<\/script>\n<!-- \/ Yoast SEO plugin. -->","yoast_head_json":{"title":"DISJONCTEUR DIFFRENTIEL NB1L-40 2P C10 300mA AC 6KA CHINT - BTMT ELECTRIC \u2013 Solutions \u00c9lectriques Fiables et Innovantes","robots":{"index":"index","follow":"follow","max-snippet":"max-snippet:-1","max-image-preview":"max-image-preview:large","max-video-preview":"max-video-preview:-1"},"canonical":"https:\/\/btmtelectric.com\/index.php\/product\/disjoncteur-diffrentiel-nb1l-40-2p-c10-300ma-ac-6ka-chint\/","og_locale":"fr_FR","og_type":"article","og_title":"DISJONCTEUR DIFFRENTIEL NB1L-40 2P C10 300mA AC 6KA CHINT - BTMT ELECTRIC \u2013 Solutions \u00c9lectriques Fiables et Innovantes","og_description":"Disjoncteur diff\u00e9rentiel NB1L-40 \u2013 2P, 10A, 300mA Le disjoncteur diff\u00e9rentiel NB1L-40 assure une protection optimale du personnel contre les contacts indirects et les risques d\u2019\u00e9lectrocution, ainsi qu\u2019une s\u00e9curit\u00e9 renforc\u00e9e des","og_url":"https:\/\/btmtelectric.com\/index.php\/product\/disjoncteur-diffrentiel-nb1l-40-2p-c10-300ma-ac-6ka-chint\/","og_site_name":"BTMT ELECTRIC \u2013 Solutions \u00c9lectriques Fiables et Innovantes","article_publisher":"https:\/\/www.facebook.com\/profile.php?id=61578000361796","article_modified_time":"2025-08-29T13:16:40+00:00","og_image":[{"width":365,"height":424,"url":"https:\/\/btmtelectric.com\/wp-content\/uploads\/2025\/08\/disj-NBL1-2P-C10-3.png","type":"image\/png"}],"twitter_card":"summary_large_image","twitter_misc":{"Dur\u00e9e de lecture estim\u00e9e":"1 minute"},"schema":{"@context":"https:\/\/schema.org","@graph":[{"@type":"WebPage","@id":"https:\/\/btmtelectric.com\/index.php\/product\/disjoncteur-diffrentiel-nb1l-40-2p-c10-300ma-ac-6ka-chint\/","url":"https:\/\/btmtelectric.com\/index.php\/product\/disjoncteur-diffrentiel-nb1l-40-2p-c10-300ma-ac-6ka-chint\/","name":"DISJONCTEUR DIFFRENTIEL NB1L-40 2P C10 300mA AC 6KA CHINT - BTMT ELECTRIC \u2013 Solutions \u00c9lectriques Fiables et Innovantes","isPartOf":{"@id":"https:\/\/btmtelectric.com\/#website"},"primaryImageOfPage":{"@id":"https:\/\/btmtelectric.com\/index.php\/product\/disjoncteur-diffrentiel-nb1l-40-2p-c10-300ma-ac-6ka-chint\/#primaryimage"},"image":{"@id":"https:\/\/btmtelectric.com\/index.php\/product\/disjoncteur-diffrentiel-nb1l-40-2p-c10-300ma-ac-6ka-chint\/#primaryimage"},"thumbnailUrl":"https:\/\/btmtelectric.com\/wp-content\/uploads\/2025\/08\/disj-NBL1-2P-C10-3.png","datePublished":"2025-08-29T07:13:04+00:00","dateModified":"2025-08-29T13:16:40+00:00","breadcrumb":{"@id":"https:\/\/btmtelectric.com\/index.php\/product\/disjoncteur-diffrentiel-nb1l-40-2p-c10-300ma-ac-6ka-chint\/#breadcrumb"},"inLanguage":"fr-FR","potentialAction":[{"@type":"ReadAction","target":["https:\/\/btmtelectric.com\/index.php\/product\/disjoncteur-diffrentiel-nb1l-40-2p-c10-300ma-ac-6ka-chint\/"]}]},{"@type":"ImageObject","inLanguage":"fr-FR","@id":"https:\/\/btmtelectric.com\/index.php\/product\/disjoncteur-diffrentiel-nb1l-40-2p-c10-300ma-ac-6ka-chint\/#primaryimage","url":"https:\/\/btmtelectric.com\/wp-content\/uploads\/2025\/08\/disj-NBL1-2P-C10-3.png","contentUrl":"https:\/\/btmtelectric.com\/wp-content\/uploads\/2025\/08\/disj-NBL1-2P-C10-3.png","width":365,"height":424},{"@type":"BreadcrumbList","@id":"https:\/\/btmtelectric.com\/index.php\/product\/disjoncteur-diffrentiel-nb1l-40-2p-c10-300ma-ac-6ka-chint\/#breadcrumb","itemListElement":[{"@type":"ListItem","position":1,"name":"Accueil","item":"https:\/\/btmtelectric.com\/"},{"@type":"ListItem","position":2,"name":"Boutique","item":"https:\/\/btmtelectric.com\/index.php\/boutique\/"},{"@type":"ListItem","position":3,"name":"DISJONCTEUR DIFFRENTIEL NB1L-40 2P C10 300mA AC 6KA CHINT"}]},{"@type":"WebSite","@id":"https:\/\/btmtelectric.com\/#website","url":"https:\/\/btmtelectric.com\/","name":"BTMT ELECTRIC \u2013 Solutions \u00c9lectriques Fiables et Innovantes","description":"","publisher":{"@id":"https:\/\/btmtelectric.com\/#organization"},"potentialAction":[{"@type":"SearchAction","target":{"@type":"EntryPoint","urlTemplate":"https:\/\/btmtelectric.com\/?s={search_term_string}"},"query-input":{"@type":"PropertyValueSpecification","valueRequired":true,"valueName":"search_term_string"}}],"inLanguage":"fr-FR"},{"@type":"Organization","@id":"https:\/\/btmtelectric.com\/#organization","name":"BTMT ELECTRIC \u2013 Solutions \u00c9lectriques Fiables et Innovantes","url":"https:\/\/btmtelectric.com\/","logo":{"@type":"ImageObject","inLanguage":"fr-FR","@id":"https:\/\/btmtelectric.com\/#\/schema\/logo\/image\/","url":"https:\/\/btmtelectric.com\/wp-content\/uploads\/2025\/07\/WhatsApp_Image_2025-07-09_at_11.45.18_AM-removebg-preview-1.png","contentUrl":"https:\/\/btmtelectric.com\/wp-content\/uploads\/2025\/07\/WhatsApp_Image_2025-07-09_at_11.45.18_AM-removebg-preview-1.png","width":175,"height":42,"caption":"BTMT ELECTRIC \u2013 Solutions \u00c9lectriques Fiables et Innovantes"},"image":{"@id":"https:\/\/btmtelectric.com\/#\/schema\/logo\/image\/"},"sameAs":["https:\/\/www.facebook.com\/profile.php?id=61578000361796","https:\/\/www.instagram.com\/btmtelectric\/"]}]}},"_links":{"self":[{"href":"https:\/\/btmtelectric.com\/index.php\/wp-json\/wp\/v2\/product\/8840","targetHints":{"allow":["GET"]}}],"collection":[{"href":"https:\/\/btmtelectric.com\/index.php\/wp-json\/wp\/v2\/product"}],"about":[{"href":"https:\/\/btmtelectric.com\/index.php\/wp-json\/wp\/v2\/types\/product"}],"replies":[{"embeddable":true,"href":"https:\/\/btmtelectric.com\/index.php\/wp-json\/wp\/v2\/comments?post=8840"}],"wp:featuredmedia":[{"embeddable":true,"href":"https:\/\/btmtelectric.com\/index.php\/wp-json\/wp\/v2\/media\/8912"}],"wp:attachment":[{"href":"https:\/\/btmtelectric.com\/index.php\/wp-json\/wp\/v2\/media?parent=8840"}],"wp:term":[{"taxonomy":"product_brand","embeddable":true,"href":"https:\/\/btmtelectric.com\/index.php\/wp-json\/wp\/v2\/product_brand?post=8840"},{"taxonomy":"product_cat","embeddable":true,"href":"https:\/\/btmtelectric.com\/index.php\/wp-json\/wp\/v2\/product_cat?post=8840"},{"taxonomy":"product_tag","embeddable":true,"href":"https:\/\/btmtelectric.com\/index.php\/wp-json\/wp\/v2\/product_tag?post=8840"}],"curies":[{"name":"wp","href":"https:\/\/api.w.org\/{rel}","templated":true}]}}