{"id":8815,"date":"2025-08-28T10:40:53","date_gmt":"2025-08-28T10:40:53","guid":{"rendered":"https:\/\/btmtelectric.com\/?post_type=product&#038;p=8815"},"modified":"2025-09-11T14:43:12","modified_gmt":"2025-09-11T14:43:12","slug":"disjoncteur-diffrentiel-nb1l-40-2p-c32-300ma-ac-6ka-chint","status":"publish","type":"product","link":"https:\/\/btmtelectric.com\/index.php\/product\/disjoncteur-diffrentiel-nb1l-40-2p-c32-300ma-ac-6ka-chint\/","title":{"rendered":"DISJONCTEUR DIFFRENTIEL NB1L-40 2P C32 300mA AC 6KA CHINT"},"content":{"rendered":"<h2 data-start=\"126\" data-end=\"180\">Disjoncteur diff\u00e9rentiel NB1L-40 \u2013 32A, 2P, 300mA<\/h2>\n<p data-start=\"182\" data-end=\"389\">Le <strong data-start=\"185\" data-end=\"221\">disjoncteur diff\u00e9rentiel NB1L-40<\/strong> est un \u00e9quipement de s\u00e9curit\u00e9 \u00e9lectrique con\u00e7u pour assurer la <strong data-start=\"285\" data-end=\"312\">protection du personnel<\/strong>, la <strong data-start=\"317\" data-end=\"345\">pr\u00e9vention des incendies<\/strong> et la <strong data-start=\"352\" data-end=\"386\">s\u00e9curisation des installations<\/strong>.<\/p>\n<p data-start=\"391\" data-end=\"445\">Il combine plusieurs fonctions en un seul appareil :<\/p>\n<ul data-start=\"446\" data-end=\"848\">\n<li data-start=\"446\" data-end=\"552\">\n<p data-start=\"448\" data-end=\"552\"><strong data-start=\"448\" data-end=\"476\">Protection des personnes<\/strong> contre les contacts indirects gr\u00e2ce \u00e0 la d\u00e9tection des fuites de courant,<\/p>\n<\/li>\n<li data-start=\"553\" data-end=\"671\">\n<p data-start=\"555\" data-end=\"671\"><strong data-start=\"555\" data-end=\"578\">Pr\u00e9vention incendie<\/strong> gr\u00e2ce \u00e0 une sensibilit\u00e9 diff\u00e9rentielle de <strong data-start=\"621\" data-end=\"631\">300 mA<\/strong>, adapt\u00e9e aux installations g\u00e9n\u00e9rales,<\/p>\n<\/li>\n<li data-start=\"672\" data-end=\"848\">\n<p data-start=\"674\" data-end=\"848\"><strong data-start=\"674\" data-end=\"725\">Protection des c\u00e2bles et des lignes \u00e9lectriques<\/strong> contre les <strong data-start=\"737\" data-end=\"751\">surcharges<\/strong> et les <strong data-start=\"759\" data-end=\"778\">courts-circuits<\/strong>, garantissant la continuit\u00e9 de service et la fiabilit\u00e9 des r\u00e9seaux.<\/p>\n<\/li>\n<\/ul>\n<p data-start=\"850\" data-end=\"999\">Il est recommand\u00e9 aussi bien pour les <strong data-start=\"888\" data-end=\"917\">installations domestiques<\/strong> que pour les <strong data-start=\"931\" data-end=\"996\">r\u00e9seaux de distribution \u00e9lectrique commerciaux et industriels<\/strong>.<\/p>\n<h3 data-start=\"1006\" data-end=\"1051\">Caract\u00e9ristiques techniques principales<\/h3>\n<ul data-start=\"1053\" data-end=\"1628\">\n<li data-start=\"1053\" data-end=\"1088\">\n<p data-start=\"1055\" data-end=\"1088\"><strong data-start=\"1055\" data-end=\"1079\">Courant assign\u00e9 (In)<\/strong> : 32 A<\/p>\n<\/li>\n<li data-start=\"1089\" data-end=\"1168\">\n<p data-start=\"1091\" data-end=\"1168\"><strong data-start=\"1091\" data-end=\"1110\">Nombre de p\u00f4les<\/strong> : 2P (id\u00e9al pour la protection des circuits monophas\u00e9s)<\/p>\n<\/li>\n<li data-start=\"1169\" data-end=\"1318\">\n<p data-start=\"1171\" data-end=\"1318\"><strong data-start=\"1171\" data-end=\"1207\">Sensibilit\u00e9 diff\u00e9rentielle (I\u2206n)<\/strong> : 300 mA \u2013 particuli\u00e8rement efficace pour la <strong data-start=\"1253\" data-end=\"1276\">pr\u00e9vention incendie<\/strong> et la d\u00e9tection des d\u00e9fauts d\u2019isolement<\/p>\n<\/li>\n<li data-start=\"1319\" data-end=\"1360\">\n<p data-start=\"1321\" data-end=\"1360\"><strong data-start=\"1321\" data-end=\"1346\">Tension assign\u00e9e (Ue)<\/strong> : 230\/400 V<\/p>\n<\/li>\n<li data-start=\"1361\" data-end=\"1398\">\n<p data-start=\"1363\" data-end=\"1398\"><strong data-start=\"1363\" data-end=\"1385\">Fr\u00e9quence nominale<\/strong> : 50\/60 Hz<\/p>\n<\/li>\n<li data-start=\"1399\" data-end=\"1512\">\n<p data-start=\"1401\" data-end=\"1512\"><strong data-start=\"1401\" data-end=\"1423\">Pouvoir de coupure<\/strong> : 6 000 A, garantissant une protection efficace m\u00eame en cas de court-circuit important<\/p>\n<\/li>\n<li data-start=\"1513\" data-end=\"1570\">\n<p data-start=\"1515\" data-end=\"1570\"><strong data-start=\"1515\" data-end=\"1542\">Dur\u00e9e de vie \u00e9lectrique<\/strong> : environ 2 000 man\u0153uvres<\/p>\n<\/li>\n<li data-start=\"1571\" data-end=\"1628\">\n<p data-start=\"1573\" data-end=\"1628\"><strong data-start=\"1573\" data-end=\"1599\">Dur\u00e9e de vie m\u00e9canique<\/strong> : jusqu\u2019\u00e0 20 000 man\u0153uvres<\/p>\n<h3 data-start=\"1635\" data-end=\"1653\">Points forts<\/h3>\n<ul data-start=\"1655\" data-end=\"2044\">\n<li data-start=\"1655\" data-end=\"1734\">\n<p data-start=\"1657\" data-end=\"1734\"><strong data-start=\"1657\" data-end=\"1678\">Triple protection<\/strong> : personnes \u2013 incendie \u2013 c\u00e2bles et lignes \u00e9lectriques<\/p>\n<\/li>\n<li data-start=\"1735\" data-end=\"1809\">\n<p data-start=\"1737\" data-end=\"1809\"><strong data-start=\"1737\" data-end=\"1762\">Configuration 2 p\u00f4les<\/strong>, parfaite pour les installations monophas\u00e9es<\/p>\n<\/li>\n<li data-start=\"1810\" data-end=\"1910\">\n<p data-start=\"1812\" data-end=\"1910\"><strong data-start=\"1812\" data-end=\"1834\">Sensibilit\u00e9 300 mA<\/strong> : adapt\u00e9e aux protections g\u00e9n\u00e9rales et \u00e0 la pr\u00e9vention des d\u00e9parts de feu<\/p>\n<\/li>\n<li data-start=\"1911\" data-end=\"1988\">\n<p data-start=\"1913\" data-end=\"1988\"><strong data-start=\"1913\" data-end=\"1940\">Fiabilit\u00e9 et robustesse<\/strong> : longue dur\u00e9e de vie m\u00e9canique et \u00e9lectrique<\/p>\n<\/li>\n<li data-start=\"1989\" data-end=\"2044\">\n<p data-start=\"1991\" data-end=\"2044\">Conforme aux <strong data-start=\"2004\" data-end=\"2042\">normes internationales de s\u00e9curit\u00e9<\/strong><\/p>\n<\/li>\n<\/ul>\n<\/li>\n<\/ul>\n","protected":false},"excerpt":{"rendered":"<p>Disjoncteur diff\u00e9rentiel NB1L-40 \u2013 32A, 2P, 300mA Le disjoncteur diff\u00e9rentiel NB1L-40 est un \u00e9quipement de s\u00e9curit\u00e9 \u00e9lectrique con\u00e7u pour assurer la protection du personnel, la pr\u00e9vention des incendies et la<\/p>\n","protected":false},"featured_media":9155,"comment_status":"open","ping_status":"closed","template":"","meta":{"_acf_changed":false,"content-type":""},"product_brand":[],"product_cat":[367],"product_tag":[],"class_list":{"0":"post-8815","1":"product","2":"type-product","3":"status-publish","4":"has-post-thumbnail","6":"product_cat-disjoncteurs","8":"first","9":"instock","10":"shipping-taxable","11":"purchasable","12":"product-type-simple"},"acf":[],"yoast_head":"<!-- This site is optimized with the Yoast SEO plugin v27.3 - https:\/\/yoast.com\/product\/yoast-seo-wordpress\/ -->\n<title>DISJONCTEUR DIFFRENTIEL NB1L-40 2P C32 300mA AC 6KA CHINT - BTMT ELECTRIC \u2013 Solutions \u00c9lectriques Fiables et Innovantes<\/title>\n<meta name=\"robots\" content=\"index, follow, max-snippet:-1, max-image-preview:large, max-video-preview:-1\" \/>\n<link rel=\"canonical\" href=\"https:\/\/btmtelectric.com\/index.php\/product\/disjoncteur-diffrentiel-nb1l-40-2p-c32-300ma-ac-6ka-chint\/\" \/>\n<meta property=\"og:locale\" content=\"fr_FR\" \/>\n<meta property=\"og:type\" content=\"article\" \/>\n<meta property=\"og:title\" content=\"DISJONCTEUR DIFFRENTIEL NB1L-40 2P C32 300mA AC 6KA CHINT - BTMT ELECTRIC \u2013 Solutions \u00c9lectriques Fiables et Innovantes\" \/>\n<meta property=\"og:description\" content=\"Disjoncteur diff\u00e9rentiel NB1L-40 \u2013 32A, 2P, 300mA Le disjoncteur diff\u00e9rentiel NB1L-40 est un \u00e9quipement de s\u00e9curit\u00e9 \u00e9lectrique con\u00e7u pour assurer la protection du personnel, la pr\u00e9vention des incendies et la\" \/>\n<meta property=\"og:url\" content=\"https:\/\/btmtelectric.com\/index.php\/product\/disjoncteur-diffrentiel-nb1l-40-2p-c32-300ma-ac-6ka-chint\/\" \/>\n<meta property=\"og:site_name\" content=\"BTMT ELECTRIC \u2013 Solutions \u00c9lectriques Fiables et Innovantes\" \/>\n<meta property=\"article:publisher\" content=\"https:\/\/www.facebook.com\/profile.php?id=61578000361796\" \/>\n<meta property=\"article:modified_time\" content=\"2025-09-11T14:43:12+00:00\" \/>\n<meta property=\"og:image\" content=\"https:\/\/btmtelectric.com\/wp-content\/uploads\/2025\/08\/C32-1.jpg\" \/>\n\t<meta property=\"og:image:width\" content=\"900\" \/>\n\t<meta property=\"og:image:height\" content=\"900\" \/>\n\t<meta property=\"og:image:type\" content=\"image\/jpeg\" \/>\n<meta name=\"twitter:card\" content=\"summary_large_image\" \/>\n<meta name=\"twitter:label1\" content=\"Dur\u00e9e de lecture estim\u00e9e\" \/>\n\t<meta name=\"twitter:data1\" content=\"1 minute\" \/>\n<script type=\"application\/ld+json\" class=\"yoast-schema-graph\">{\"@context\":\"https:\\\/\\\/schema.org\",\"@graph\":[{\"@type\":\"WebPage\",\"@id\":\"https:\\\/\\\/btmtelectric.com\\\/index.php\\\/product\\\/disjoncteur-diffrentiel-nb1l-40-2p-c32-300ma-ac-6ka-chint\\\/\",\"url\":\"https:\\\/\\\/btmtelectric.com\\\/index.php\\\/product\\\/disjoncteur-diffrentiel-nb1l-40-2p-c32-300ma-ac-6ka-chint\\\/\",\"name\":\"DISJONCTEUR DIFFRENTIEL NB1L-40 2P C32 300mA AC 6KA CHINT - BTMT ELECTRIC \u2013 Solutions \u00c9lectriques Fiables et Innovantes\",\"isPartOf\":{\"@id\":\"https:\\\/\\\/btmtelectric.com\\\/#website\"},\"primaryImageOfPage\":{\"@id\":\"https:\\\/\\\/btmtelectric.com\\\/index.php\\\/product\\\/disjoncteur-diffrentiel-nb1l-40-2p-c32-300ma-ac-6ka-chint\\\/#primaryimage\"},\"image\":{\"@id\":\"https:\\\/\\\/btmtelectric.com\\\/index.php\\\/product\\\/disjoncteur-diffrentiel-nb1l-40-2p-c32-300ma-ac-6ka-chint\\\/#primaryimage\"},\"thumbnailUrl\":\"https:\\\/\\\/btmtelectric.com\\\/wp-content\\\/uploads\\\/2025\\\/08\\\/C32-1.jpg\",\"datePublished\":\"2025-08-28T10:40:53+00:00\",\"dateModified\":\"2025-09-11T14:43:12+00:00\",\"breadcrumb\":{\"@id\":\"https:\\\/\\\/btmtelectric.com\\\/index.php\\\/product\\\/disjoncteur-diffrentiel-nb1l-40-2p-c32-300ma-ac-6ka-chint\\\/#breadcrumb\"},\"inLanguage\":\"fr-FR\",\"potentialAction\":[{\"@type\":\"ReadAction\",\"target\":[\"https:\\\/\\\/btmtelectric.com\\\/index.php\\\/product\\\/disjoncteur-diffrentiel-nb1l-40-2p-c32-300ma-ac-6ka-chint\\\/\"]}]},{\"@type\":\"ImageObject\",\"inLanguage\":\"fr-FR\",\"@id\":\"https:\\\/\\\/btmtelectric.com\\\/index.php\\\/product\\\/disjoncteur-diffrentiel-nb1l-40-2p-c32-300ma-ac-6ka-chint\\\/#primaryimage\",\"url\":\"https:\\\/\\\/btmtelectric.com\\\/wp-content\\\/uploads\\\/2025\\\/08\\\/C32-1.jpg\",\"contentUrl\":\"https:\\\/\\\/btmtelectric.com\\\/wp-content\\\/uploads\\\/2025\\\/08\\\/C32-1.jpg\",\"width\":900,\"height\":900},{\"@type\":\"BreadcrumbList\",\"@id\":\"https:\\\/\\\/btmtelectric.com\\\/index.php\\\/product\\\/disjoncteur-diffrentiel-nb1l-40-2p-c32-300ma-ac-6ka-chint\\\/#breadcrumb\",\"itemListElement\":[{\"@type\":\"ListItem\",\"position\":1,\"name\":\"Accueil\",\"item\":\"https:\\\/\\\/btmtelectric.com\\\/\"},{\"@type\":\"ListItem\",\"position\":2,\"name\":\"Boutique\",\"item\":\"https:\\\/\\\/btmtelectric.com\\\/index.php\\\/boutique\\\/\"},{\"@type\":\"ListItem\",\"position\":3,\"name\":\"DISJONCTEUR DIFFRENTIEL NB1L-40 2P C32 300mA AC 6KA CHINT\"}]},{\"@type\":\"WebSite\",\"@id\":\"https:\\\/\\\/btmtelectric.com\\\/#website\",\"url\":\"https:\\\/\\\/btmtelectric.com\\\/\",\"name\":\"BTMT ELECTRIC \u2013 Solutions \u00c9lectriques Fiables et Innovantes\",\"description\":\"\",\"publisher\":{\"@id\":\"https:\\\/\\\/btmtelectric.com\\\/#organization\"},\"potentialAction\":[{\"@type\":\"SearchAction\",\"target\":{\"@type\":\"EntryPoint\",\"urlTemplate\":\"https:\\\/\\\/btmtelectric.com\\\/?s={search_term_string}\"},\"query-input\":{\"@type\":\"PropertyValueSpecification\",\"valueRequired\":true,\"valueName\":\"search_term_string\"}}],\"inLanguage\":\"fr-FR\"},{\"@type\":\"Organization\",\"@id\":\"https:\\\/\\\/btmtelectric.com\\\/#organization\",\"name\":\"BTMT ELECTRIC \u2013 Solutions \u00c9lectriques Fiables et Innovantes\",\"url\":\"https:\\\/\\\/btmtelectric.com\\\/\",\"logo\":{\"@type\":\"ImageObject\",\"inLanguage\":\"fr-FR\",\"@id\":\"https:\\\/\\\/btmtelectric.com\\\/#\\\/schema\\\/logo\\\/image\\\/\",\"url\":\"https:\\\/\\\/btmtelectric.com\\\/wp-content\\\/uploads\\\/2025\\\/07\\\/WhatsApp_Image_2025-07-09_at_11.45.18_AM-removebg-preview-1.png\",\"contentUrl\":\"https:\\\/\\\/btmtelectric.com\\\/wp-content\\\/uploads\\\/2025\\\/07\\\/WhatsApp_Image_2025-07-09_at_11.45.18_AM-removebg-preview-1.png\",\"width\":175,\"height\":42,\"caption\":\"BTMT ELECTRIC \u2013 Solutions \u00c9lectriques Fiables et Innovantes\"},\"image\":{\"@id\":\"https:\\\/\\\/btmtelectric.com\\\/#\\\/schema\\\/logo\\\/image\\\/\"},\"sameAs\":[\"https:\\\/\\\/www.facebook.com\\\/profile.php?id=61578000361796\",\"https:\\\/\\\/www.instagram.com\\\/btmtelectric\\\/\"]}]}<\/script>\n<!-- \/ Yoast SEO plugin. -->","yoast_head_json":{"title":"DISJONCTEUR DIFFRENTIEL NB1L-40 2P C32 300mA AC 6KA CHINT - BTMT ELECTRIC \u2013 Solutions \u00c9lectriques Fiables et Innovantes","robots":{"index":"index","follow":"follow","max-snippet":"max-snippet:-1","max-image-preview":"max-image-preview:large","max-video-preview":"max-video-preview:-1"},"canonical":"https:\/\/btmtelectric.com\/index.php\/product\/disjoncteur-diffrentiel-nb1l-40-2p-c32-300ma-ac-6ka-chint\/","og_locale":"fr_FR","og_type":"article","og_title":"DISJONCTEUR DIFFRENTIEL NB1L-40 2P C32 300mA AC 6KA CHINT - BTMT ELECTRIC \u2013 Solutions \u00c9lectriques Fiables et Innovantes","og_description":"Disjoncteur diff\u00e9rentiel NB1L-40 \u2013 32A, 2P, 300mA Le disjoncteur diff\u00e9rentiel NB1L-40 est un \u00e9quipement de s\u00e9curit\u00e9 \u00e9lectrique con\u00e7u pour assurer la protection du personnel, la pr\u00e9vention des incendies et la","og_url":"https:\/\/btmtelectric.com\/index.php\/product\/disjoncteur-diffrentiel-nb1l-40-2p-c32-300ma-ac-6ka-chint\/","og_site_name":"BTMT ELECTRIC \u2013 Solutions \u00c9lectriques Fiables et Innovantes","article_publisher":"https:\/\/www.facebook.com\/profile.php?id=61578000361796","article_modified_time":"2025-09-11T14:43:12+00:00","og_image":[{"width":900,"height":900,"url":"https:\/\/btmtelectric.com\/wp-content\/uploads\/2025\/08\/C32-1.jpg","type":"image\/jpeg"}],"twitter_card":"summary_large_image","twitter_misc":{"Dur\u00e9e de lecture estim\u00e9e":"1 minute"},"schema":{"@context":"https:\/\/schema.org","@graph":[{"@type":"WebPage","@id":"https:\/\/btmtelectric.com\/index.php\/product\/disjoncteur-diffrentiel-nb1l-40-2p-c32-300ma-ac-6ka-chint\/","url":"https:\/\/btmtelectric.com\/index.php\/product\/disjoncteur-diffrentiel-nb1l-40-2p-c32-300ma-ac-6ka-chint\/","name":"DISJONCTEUR DIFFRENTIEL NB1L-40 2P C32 300mA AC 6KA CHINT - BTMT ELECTRIC \u2013 Solutions \u00c9lectriques Fiables et Innovantes","isPartOf":{"@id":"https:\/\/btmtelectric.com\/#website"},"primaryImageOfPage":{"@id":"https:\/\/btmtelectric.com\/index.php\/product\/disjoncteur-diffrentiel-nb1l-40-2p-c32-300ma-ac-6ka-chint\/#primaryimage"},"image":{"@id":"https:\/\/btmtelectric.com\/index.php\/product\/disjoncteur-diffrentiel-nb1l-40-2p-c32-300ma-ac-6ka-chint\/#primaryimage"},"thumbnailUrl":"https:\/\/btmtelectric.com\/wp-content\/uploads\/2025\/08\/C32-1.jpg","datePublished":"2025-08-28T10:40:53+00:00","dateModified":"2025-09-11T14:43:12+00:00","breadcrumb":{"@id":"https:\/\/btmtelectric.com\/index.php\/product\/disjoncteur-diffrentiel-nb1l-40-2p-c32-300ma-ac-6ka-chint\/#breadcrumb"},"inLanguage":"fr-FR","potentialAction":[{"@type":"ReadAction","target":["https:\/\/btmtelectric.com\/index.php\/product\/disjoncteur-diffrentiel-nb1l-40-2p-c32-300ma-ac-6ka-chint\/"]}]},{"@type":"ImageObject","inLanguage":"fr-FR","@id":"https:\/\/btmtelectric.com\/index.php\/product\/disjoncteur-diffrentiel-nb1l-40-2p-c32-300ma-ac-6ka-chint\/#primaryimage","url":"https:\/\/btmtelectric.com\/wp-content\/uploads\/2025\/08\/C32-1.jpg","contentUrl":"https:\/\/btmtelectric.com\/wp-content\/uploads\/2025\/08\/C32-1.jpg","width":900,"height":900},{"@type":"BreadcrumbList","@id":"https:\/\/btmtelectric.com\/index.php\/product\/disjoncteur-diffrentiel-nb1l-40-2p-c32-300ma-ac-6ka-chint\/#breadcrumb","itemListElement":[{"@type":"ListItem","position":1,"name":"Accueil","item":"https:\/\/btmtelectric.com\/"},{"@type":"ListItem","position":2,"name":"Boutique","item":"https:\/\/btmtelectric.com\/index.php\/boutique\/"},{"@type":"ListItem","position":3,"name":"DISJONCTEUR DIFFRENTIEL NB1L-40 2P C32 300mA AC 6KA CHINT"}]},{"@type":"WebSite","@id":"https:\/\/btmtelectric.com\/#website","url":"https:\/\/btmtelectric.com\/","name":"BTMT ELECTRIC \u2013 Solutions \u00c9lectriques Fiables et Innovantes","description":"","publisher":{"@id":"https:\/\/btmtelectric.com\/#organization"},"potentialAction":[{"@type":"SearchAction","target":{"@type":"EntryPoint","urlTemplate":"https:\/\/btmtelectric.com\/?s={search_term_string}"},"query-input":{"@type":"PropertyValueSpecification","valueRequired":true,"valueName":"search_term_string"}}],"inLanguage":"fr-FR"},{"@type":"Organization","@id":"https:\/\/btmtelectric.com\/#organization","name":"BTMT ELECTRIC \u2013 Solutions \u00c9lectriques Fiables et Innovantes","url":"https:\/\/btmtelectric.com\/","logo":{"@type":"ImageObject","inLanguage":"fr-FR","@id":"https:\/\/btmtelectric.com\/#\/schema\/logo\/image\/","url":"https:\/\/btmtelectric.com\/wp-content\/uploads\/2025\/07\/WhatsApp_Image_2025-07-09_at_11.45.18_AM-removebg-preview-1.png","contentUrl":"https:\/\/btmtelectric.com\/wp-content\/uploads\/2025\/07\/WhatsApp_Image_2025-07-09_at_11.45.18_AM-removebg-preview-1.png","width":175,"height":42,"caption":"BTMT ELECTRIC \u2013 Solutions \u00c9lectriques Fiables et Innovantes"},"image":{"@id":"https:\/\/btmtelectric.com\/#\/schema\/logo\/image\/"},"sameAs":["https:\/\/www.facebook.com\/profile.php?id=61578000361796","https:\/\/www.instagram.com\/btmtelectric\/"]}]}},"_links":{"self":[{"href":"https:\/\/btmtelectric.com\/index.php\/wp-json\/wp\/v2\/product\/8815","targetHints":{"allow":["GET"]}}],"collection":[{"href":"https:\/\/btmtelectric.com\/index.php\/wp-json\/wp\/v2\/product"}],"about":[{"href":"https:\/\/btmtelectric.com\/index.php\/wp-json\/wp\/v2\/types\/product"}],"replies":[{"embeddable":true,"href":"https:\/\/btmtelectric.com\/index.php\/wp-json\/wp\/v2\/comments?post=8815"}],"wp:featuredmedia":[{"embeddable":true,"href":"https:\/\/btmtelectric.com\/index.php\/wp-json\/wp\/v2\/media\/9155"}],"wp:attachment":[{"href":"https:\/\/btmtelectric.com\/index.php\/wp-json\/wp\/v2\/media?parent=8815"}],"wp:term":[{"taxonomy":"product_brand","embeddable":true,"href":"https:\/\/btmtelectric.com\/index.php\/wp-json\/wp\/v2\/product_brand?post=8815"},{"taxonomy":"product_cat","embeddable":true,"href":"https:\/\/btmtelectric.com\/index.php\/wp-json\/wp\/v2\/product_cat?post=8815"},{"taxonomy":"product_tag","embeddable":true,"href":"https:\/\/btmtelectric.com\/index.php\/wp-json\/wp\/v2\/product_tag?post=8815"}],"curies":[{"name":"wp","href":"https:\/\/api.w.org\/{rel}","templated":true}]}}