{"id":8805,"date":"2025-08-28T09:38:11","date_gmt":"2025-08-28T09:38:11","guid":{"rendered":"https:\/\/btmtelectric.com\/?post_type=product&#038;p=8805"},"modified":"2025-09-03T13:09:41","modified_gmt":"2025-09-03T13:09:41","slug":"disjoncteur-diffrentiel-nb1l-40-1pn-c20-30ma-ac-6ka-chint","status":"publish","type":"product","link":"https:\/\/btmtelectric.com\/index.php\/product\/disjoncteur-diffrentiel-nb1l-40-1pn-c20-30ma-ac-6ka-chint\/","title":{"rendered":"DISJONCTEUR DIFFRENTIEL NB1L-40 1P+N C20 30mA AC 6KA CHINT"},"content":{"rendered":"<h2 data-start=\"111\" data-end=\"166\">Disjoncteur diff\u00e9rentiel NB1L-40 \u2013 20A, 1P+N, 30mA<\/h2>\n<p data-start=\"168\" data-end=\"350\">Le <strong data-start=\"171\" data-end=\"207\">disjoncteur diff\u00e9rentiel NB1L-40<\/strong> est un appareil de protection complet qui assure \u00e0 la fois la <strong data-start=\"270\" data-end=\"296\">s\u00e9curit\u00e9 des personnes<\/strong> et la <strong data-start=\"303\" data-end=\"347\">protection des installations \u00e9lectriques<\/strong>.<\/p>\n<p data-start=\"352\" data-end=\"397\">Il offre plusieurs fonctions essentielles :<\/p>\n<ul data-start=\"398\" data-end=\"758\">\n<li data-start=\"398\" data-end=\"556\">\n<p data-start=\"400\" data-end=\"556\"><strong data-start=\"400\" data-end=\"427\">Protection du personnel<\/strong> contre les contacts indirects gr\u00e2ce \u00e0 sa sensibilit\u00e9 de <strong data-start=\"484\" data-end=\"493\">30 mA<\/strong>, qui garantit une coupure rapide en cas de fuite de courant,<\/p>\n<\/li>\n<li data-start=\"557\" data-end=\"619\">\n<p data-start=\"559\" data-end=\"619\"><strong data-start=\"559\" data-end=\"587\">Pr\u00e9vention des incendies<\/strong> li\u00e9s aux d\u00e9fauts d\u2019isolement,<\/p>\n<\/li>\n<li data-start=\"620\" data-end=\"758\">\n<p data-start=\"622\" data-end=\"758\"><strong data-start=\"622\" data-end=\"661\">Protection des c\u00e2bles et des lignes<\/strong> contre les <strong data-start=\"673\" data-end=\"687\">surcharges<\/strong> et les <strong data-start=\"695\" data-end=\"714\">courts-circuits<\/strong>, pr\u00e9servant la fiabilit\u00e9 des \u00e9quipements.<\/p>\n<\/li>\n<\/ul>\n<p data-start=\"760\" data-end=\"933\">Compact et performant, il est adapt\u00e9 aux <strong data-start=\"801\" data-end=\"830\">installations domestiques<\/strong> comme aux <strong data-start=\"841\" data-end=\"879\">r\u00e9seaux commerciaux et industriels<\/strong>, l\u00e0 o\u00f9 la <strong data-start=\"890\" data-end=\"912\">s\u00e9curit\u00e9 renforc\u00e9e<\/strong> est indispensable.<\/p>\n<h3 data-start=\"940\" data-end=\"985\">Caract\u00e9ristiques techniques principales<\/h3>\n<ul data-start=\"987\" data-end=\"1565\">\n<li data-start=\"987\" data-end=\"1022\">\n<p data-start=\"989\" data-end=\"1022\"><strong data-start=\"989\" data-end=\"1013\">Courant assign\u00e9 (In)<\/strong> : 20 A<\/p>\n<\/li>\n<li data-start=\"1023\" data-end=\"1102\">\n<p data-start=\"1025\" data-end=\"1102\"><strong data-start=\"1025\" data-end=\"1044\">Nombre de p\u00f4les<\/strong> : 1P+N (id\u00e9al pour les circuits monophas\u00e9s avec neutre)<\/p>\n<\/li>\n<li data-start=\"1103\" data-end=\"1223\">\n<p data-start=\"1105\" data-end=\"1223\"><strong data-start=\"1105\" data-end=\"1141\">Sensibilit\u00e9 diff\u00e9rentielle (I\u2206n)<\/strong> : 30 mA \u2013 protection renforc\u00e9e des personnes contre les risques d\u2019\u00e9lectrocution<\/p>\n<\/li>\n<li data-start=\"1224\" data-end=\"1265\">\n<p data-start=\"1226\" data-end=\"1265\"><strong data-start=\"1226\" data-end=\"1251\">Tension assign\u00e9e (Ue)<\/strong> : 230\/400 V<\/p>\n<\/li>\n<li data-start=\"1266\" data-end=\"1303\">\n<p data-start=\"1268\" data-end=\"1303\"><strong data-start=\"1268\" data-end=\"1290\">Fr\u00e9quence nominale<\/strong> : 50\/60 Hz<\/p>\n<\/li>\n<li data-start=\"1304\" data-end=\"1415\">\n<p data-start=\"1306\" data-end=\"1415\"><strong data-start=\"1306\" data-end=\"1328\">Pouvoir de coupure<\/strong> : 6 000 A, garantissant une coupure efficace m\u00eame lors de courts-circuits importants<\/p>\n<\/li>\n<li data-start=\"1416\" data-end=\"1473\">\n<p data-start=\"1418\" data-end=\"1473\"><strong data-start=\"1418\" data-end=\"1445\">Dur\u00e9e de vie \u00e9lectrique<\/strong> : environ 2 000 man\u0153uvres<\/p>\n<\/li>\n<li data-start=\"1474\" data-end=\"1565\">\n<p data-start=\"1476\" data-end=\"1565\"><strong data-start=\"1476\" data-end=\"1502\">Dur\u00e9e de vie m\u00e9canique<\/strong> : jusqu\u2019\u00e0 20 000 man\u0153uvres, assurant robustesse et fiabilit\u00e9<\/p>\n<h3 data-start=\"1572\" data-end=\"1590\">Points forts<\/h3>\n<ul data-start=\"1592\" data-end=\"1969\">\n<li data-start=\"1592\" data-end=\"1661\">\n<p data-start=\"1594\" data-end=\"1661\"><strong data-start=\"1594\" data-end=\"1630\">S\u00e9curit\u00e9 renforc\u00e9e des personnes<\/strong> gr\u00e2ce \u00e0 la sensibilit\u00e9 30 mA<\/p>\n<\/li>\n<li data-start=\"1662\" data-end=\"1739\">\n<p data-start=\"1664\" data-end=\"1739\"><strong data-start=\"1664\" data-end=\"1687\">Protection compl\u00e8te<\/strong> : incendie, surcharge, court-circuit et isolement<\/p>\n<\/li>\n<li data-start=\"1740\" data-end=\"1815\">\n<p data-start=\"1742\" data-end=\"1815\"><strong data-start=\"1742\" data-end=\"1764\">Configuration 1P+N<\/strong>, id\u00e9ale pour les circuits monophas\u00e9s domestiques<\/p>\n<\/li>\n<li data-start=\"1816\" data-end=\"1902\">\n<p data-start=\"1818\" data-end=\"1902\"><strong data-start=\"1818\" data-end=\"1846\">Robustesse et durabilit\u00e9<\/strong>, avec une longue dur\u00e9e de vie m\u00e9canique et \u00e9lectrique<\/p>\n<\/li>\n<li data-start=\"1903\" data-end=\"1969\">\n<p data-start=\"1905\" data-end=\"1969\">Conforme aux <strong data-start=\"1918\" data-end=\"1967\">normes internationales de s\u00e9curit\u00e9 \u00e9lectrique<\/strong><\/p>\n<\/li>\n<\/ul>\n<\/li>\n<\/ul>\n","protected":false},"excerpt":{"rendered":"<p>Disjoncteur diff\u00e9rentiel NB1L-40 \u2013 20A, 1P+N, 30mA Le disjoncteur diff\u00e9rentiel NB1L-40 est un appareil de protection complet qui assure \u00e0 la fois la s\u00e9curit\u00e9 des personnes et la protection des<\/p>\n","protected":false},"featured_media":9088,"comment_status":"open","ping_status":"closed","template":"","meta":{"_acf_changed":false,"content-type":""},"product_brand":[],"product_cat":[367],"product_tag":[],"class_list":{"0":"post-8805","1":"product","2":"type-product","3":"status-publish","4":"has-post-thumbnail","6":"product_cat-disjoncteurs","8":"first","9":"instock","10":"shipping-taxable","11":"purchasable","12":"product-type-simple"},"acf":[],"yoast_head":"<!-- This site is optimized with the Yoast SEO plugin v27.3 - https:\/\/yoast.com\/product\/yoast-seo-wordpress\/ -->\n<title>DISJONCTEUR DIFFRENTIEL NB1L-40 1P+N C20 30mA AC 6KA CHINT - BTMT ELECTRIC \u2013 Solutions \u00c9lectriques Fiables et Innovantes<\/title>\n<meta name=\"robots\" content=\"index, follow, max-snippet:-1, max-image-preview:large, max-video-preview:-1\" \/>\n<link rel=\"canonical\" href=\"https:\/\/btmtelectric.com\/index.php\/product\/disjoncteur-diffrentiel-nb1l-40-1pn-c20-30ma-ac-6ka-chint\/\" \/>\n<meta property=\"og:locale\" content=\"fr_FR\" \/>\n<meta property=\"og:type\" content=\"article\" \/>\n<meta property=\"og:title\" content=\"DISJONCTEUR DIFFRENTIEL NB1L-40 1P+N C20 30mA AC 6KA CHINT - BTMT ELECTRIC \u2013 Solutions \u00c9lectriques Fiables et Innovantes\" \/>\n<meta property=\"og:description\" content=\"Disjoncteur diff\u00e9rentiel NB1L-40 \u2013 20A, 1P+N, 30mA Le disjoncteur diff\u00e9rentiel NB1L-40 est un appareil de protection complet qui assure \u00e0 la fois la s\u00e9curit\u00e9 des personnes et la protection des\" \/>\n<meta property=\"og:url\" content=\"https:\/\/btmtelectric.com\/index.php\/product\/disjoncteur-diffrentiel-nb1l-40-1pn-c20-30ma-ac-6ka-chint\/\" \/>\n<meta property=\"og:site_name\" content=\"BTMT ELECTRIC \u2013 Solutions \u00c9lectriques Fiables et Innovantes\" \/>\n<meta property=\"article:publisher\" content=\"https:\/\/www.facebook.com\/profile.php?id=61578000361796\" \/>\n<meta property=\"article:modified_time\" content=\"2025-09-03T13:09:41+00:00\" \/>\n<meta property=\"og:image\" content=\"https:\/\/btmtelectric.com\/wp-content\/uploads\/2025\/08\/dis-shint-NBL1-C20-1P.png\" \/>\n\t<meta property=\"og:image:width\" content=\"254\" \/>\n\t<meta property=\"og:image:height\" content=\"363\" \/>\n\t<meta property=\"og:image:type\" content=\"image\/png\" \/>\n<meta name=\"twitter:card\" content=\"summary_large_image\" \/>\n<meta name=\"twitter:label1\" content=\"Dur\u00e9e de lecture estim\u00e9e\" \/>\n\t<meta name=\"twitter:data1\" content=\"1 minute\" \/>\n<script type=\"application\/ld+json\" class=\"yoast-schema-graph\">{\"@context\":\"https:\\\/\\\/schema.org\",\"@graph\":[{\"@type\":\"WebPage\",\"@id\":\"https:\\\/\\\/btmtelectric.com\\\/index.php\\\/product\\\/disjoncteur-diffrentiel-nb1l-40-1pn-c20-30ma-ac-6ka-chint\\\/\",\"url\":\"https:\\\/\\\/btmtelectric.com\\\/index.php\\\/product\\\/disjoncteur-diffrentiel-nb1l-40-1pn-c20-30ma-ac-6ka-chint\\\/\",\"name\":\"DISJONCTEUR DIFFRENTIEL NB1L-40 1P+N C20 30mA AC 6KA CHINT - BTMT ELECTRIC \u2013 Solutions \u00c9lectriques Fiables et Innovantes\",\"isPartOf\":{\"@id\":\"https:\\\/\\\/btmtelectric.com\\\/#website\"},\"primaryImageOfPage\":{\"@id\":\"https:\\\/\\\/btmtelectric.com\\\/index.php\\\/product\\\/disjoncteur-diffrentiel-nb1l-40-1pn-c20-30ma-ac-6ka-chint\\\/#primaryimage\"},\"image\":{\"@id\":\"https:\\\/\\\/btmtelectric.com\\\/index.php\\\/product\\\/disjoncteur-diffrentiel-nb1l-40-1pn-c20-30ma-ac-6ka-chint\\\/#primaryimage\"},\"thumbnailUrl\":\"https:\\\/\\\/btmtelectric.com\\\/wp-content\\\/uploads\\\/2025\\\/08\\\/dis-shint-NBL1-C20-1P.png\",\"datePublished\":\"2025-08-28T09:38:11+00:00\",\"dateModified\":\"2025-09-03T13:09:41+00:00\",\"breadcrumb\":{\"@id\":\"https:\\\/\\\/btmtelectric.com\\\/index.php\\\/product\\\/disjoncteur-diffrentiel-nb1l-40-1pn-c20-30ma-ac-6ka-chint\\\/#breadcrumb\"},\"inLanguage\":\"fr-FR\",\"potentialAction\":[{\"@type\":\"ReadAction\",\"target\":[\"https:\\\/\\\/btmtelectric.com\\\/index.php\\\/product\\\/disjoncteur-diffrentiel-nb1l-40-1pn-c20-30ma-ac-6ka-chint\\\/\"]}]},{\"@type\":\"ImageObject\",\"inLanguage\":\"fr-FR\",\"@id\":\"https:\\\/\\\/btmtelectric.com\\\/index.php\\\/product\\\/disjoncteur-diffrentiel-nb1l-40-1pn-c20-30ma-ac-6ka-chint\\\/#primaryimage\",\"url\":\"https:\\\/\\\/btmtelectric.com\\\/wp-content\\\/uploads\\\/2025\\\/08\\\/dis-shint-NBL1-C20-1P.png\",\"contentUrl\":\"https:\\\/\\\/btmtelectric.com\\\/wp-content\\\/uploads\\\/2025\\\/08\\\/dis-shint-NBL1-C20-1P.png\",\"width\":254,\"height\":363},{\"@type\":\"BreadcrumbList\",\"@id\":\"https:\\\/\\\/btmtelectric.com\\\/index.php\\\/product\\\/disjoncteur-diffrentiel-nb1l-40-1pn-c20-30ma-ac-6ka-chint\\\/#breadcrumb\",\"itemListElement\":[{\"@type\":\"ListItem\",\"position\":1,\"name\":\"Accueil\",\"item\":\"https:\\\/\\\/btmtelectric.com\\\/\"},{\"@type\":\"ListItem\",\"position\":2,\"name\":\"Boutique\",\"item\":\"https:\\\/\\\/btmtelectric.com\\\/index.php\\\/boutique\\\/\"},{\"@type\":\"ListItem\",\"position\":3,\"name\":\"DISJONCTEUR DIFFRENTIEL NB1L-40 1P+N C20 30mA AC 6KA CHINT\"}]},{\"@type\":\"WebSite\",\"@id\":\"https:\\\/\\\/btmtelectric.com\\\/#website\",\"url\":\"https:\\\/\\\/btmtelectric.com\\\/\",\"name\":\"BTMT ELECTRIC \u2013 Solutions \u00c9lectriques Fiables et Innovantes\",\"description\":\"\",\"publisher\":{\"@id\":\"https:\\\/\\\/btmtelectric.com\\\/#organization\"},\"potentialAction\":[{\"@type\":\"SearchAction\",\"target\":{\"@type\":\"EntryPoint\",\"urlTemplate\":\"https:\\\/\\\/btmtelectric.com\\\/?s={search_term_string}\"},\"query-input\":{\"@type\":\"PropertyValueSpecification\",\"valueRequired\":true,\"valueName\":\"search_term_string\"}}],\"inLanguage\":\"fr-FR\"},{\"@type\":\"Organization\",\"@id\":\"https:\\\/\\\/btmtelectric.com\\\/#organization\",\"name\":\"BTMT ELECTRIC \u2013 Solutions \u00c9lectriques Fiables et Innovantes\",\"url\":\"https:\\\/\\\/btmtelectric.com\\\/\",\"logo\":{\"@type\":\"ImageObject\",\"inLanguage\":\"fr-FR\",\"@id\":\"https:\\\/\\\/btmtelectric.com\\\/#\\\/schema\\\/logo\\\/image\\\/\",\"url\":\"https:\\\/\\\/btmtelectric.com\\\/wp-content\\\/uploads\\\/2025\\\/07\\\/WhatsApp_Image_2025-07-09_at_11.45.18_AM-removebg-preview-1.png\",\"contentUrl\":\"https:\\\/\\\/btmtelectric.com\\\/wp-content\\\/uploads\\\/2025\\\/07\\\/WhatsApp_Image_2025-07-09_at_11.45.18_AM-removebg-preview-1.png\",\"width\":175,\"height\":42,\"caption\":\"BTMT ELECTRIC \u2013 Solutions \u00c9lectriques Fiables et Innovantes\"},\"image\":{\"@id\":\"https:\\\/\\\/btmtelectric.com\\\/#\\\/schema\\\/logo\\\/image\\\/\"},\"sameAs\":[\"https:\\\/\\\/www.facebook.com\\\/profile.php?id=61578000361796\",\"https:\\\/\\\/www.instagram.com\\\/btmtelectric\\\/\"]}]}<\/script>\n<!-- \/ Yoast SEO plugin. -->","yoast_head_json":{"title":"DISJONCTEUR DIFFRENTIEL NB1L-40 1P+N C20 30mA AC 6KA CHINT - BTMT ELECTRIC \u2013 Solutions \u00c9lectriques Fiables et Innovantes","robots":{"index":"index","follow":"follow","max-snippet":"max-snippet:-1","max-image-preview":"max-image-preview:large","max-video-preview":"max-video-preview:-1"},"canonical":"https:\/\/btmtelectric.com\/index.php\/product\/disjoncteur-diffrentiel-nb1l-40-1pn-c20-30ma-ac-6ka-chint\/","og_locale":"fr_FR","og_type":"article","og_title":"DISJONCTEUR DIFFRENTIEL NB1L-40 1P+N C20 30mA AC 6KA CHINT - BTMT ELECTRIC \u2013 Solutions \u00c9lectriques Fiables et Innovantes","og_description":"Disjoncteur diff\u00e9rentiel NB1L-40 \u2013 20A, 1P+N, 30mA Le disjoncteur diff\u00e9rentiel NB1L-40 est un appareil de protection complet qui assure \u00e0 la fois la s\u00e9curit\u00e9 des personnes et la protection des","og_url":"https:\/\/btmtelectric.com\/index.php\/product\/disjoncteur-diffrentiel-nb1l-40-1pn-c20-30ma-ac-6ka-chint\/","og_site_name":"BTMT ELECTRIC \u2013 Solutions \u00c9lectriques Fiables et Innovantes","article_publisher":"https:\/\/www.facebook.com\/profile.php?id=61578000361796","article_modified_time":"2025-09-03T13:09:41+00:00","og_image":[{"width":254,"height":363,"url":"https:\/\/btmtelectric.com\/wp-content\/uploads\/2025\/08\/dis-shint-NBL1-C20-1P.png","type":"image\/png"}],"twitter_card":"summary_large_image","twitter_misc":{"Dur\u00e9e de lecture estim\u00e9e":"1 minute"},"schema":{"@context":"https:\/\/schema.org","@graph":[{"@type":"WebPage","@id":"https:\/\/btmtelectric.com\/index.php\/product\/disjoncteur-diffrentiel-nb1l-40-1pn-c20-30ma-ac-6ka-chint\/","url":"https:\/\/btmtelectric.com\/index.php\/product\/disjoncteur-diffrentiel-nb1l-40-1pn-c20-30ma-ac-6ka-chint\/","name":"DISJONCTEUR DIFFRENTIEL NB1L-40 1P+N C20 30mA AC 6KA CHINT - BTMT ELECTRIC \u2013 Solutions \u00c9lectriques Fiables et Innovantes","isPartOf":{"@id":"https:\/\/btmtelectric.com\/#website"},"primaryImageOfPage":{"@id":"https:\/\/btmtelectric.com\/index.php\/product\/disjoncteur-diffrentiel-nb1l-40-1pn-c20-30ma-ac-6ka-chint\/#primaryimage"},"image":{"@id":"https:\/\/btmtelectric.com\/index.php\/product\/disjoncteur-diffrentiel-nb1l-40-1pn-c20-30ma-ac-6ka-chint\/#primaryimage"},"thumbnailUrl":"https:\/\/btmtelectric.com\/wp-content\/uploads\/2025\/08\/dis-shint-NBL1-C20-1P.png","datePublished":"2025-08-28T09:38:11+00:00","dateModified":"2025-09-03T13:09:41+00:00","breadcrumb":{"@id":"https:\/\/btmtelectric.com\/index.php\/product\/disjoncteur-diffrentiel-nb1l-40-1pn-c20-30ma-ac-6ka-chint\/#breadcrumb"},"inLanguage":"fr-FR","potentialAction":[{"@type":"ReadAction","target":["https:\/\/btmtelectric.com\/index.php\/product\/disjoncteur-diffrentiel-nb1l-40-1pn-c20-30ma-ac-6ka-chint\/"]}]},{"@type":"ImageObject","inLanguage":"fr-FR","@id":"https:\/\/btmtelectric.com\/index.php\/product\/disjoncteur-diffrentiel-nb1l-40-1pn-c20-30ma-ac-6ka-chint\/#primaryimage","url":"https:\/\/btmtelectric.com\/wp-content\/uploads\/2025\/08\/dis-shint-NBL1-C20-1P.png","contentUrl":"https:\/\/btmtelectric.com\/wp-content\/uploads\/2025\/08\/dis-shint-NBL1-C20-1P.png","width":254,"height":363},{"@type":"BreadcrumbList","@id":"https:\/\/btmtelectric.com\/index.php\/product\/disjoncteur-diffrentiel-nb1l-40-1pn-c20-30ma-ac-6ka-chint\/#breadcrumb","itemListElement":[{"@type":"ListItem","position":1,"name":"Accueil","item":"https:\/\/btmtelectric.com\/"},{"@type":"ListItem","position":2,"name":"Boutique","item":"https:\/\/btmtelectric.com\/index.php\/boutique\/"},{"@type":"ListItem","position":3,"name":"DISJONCTEUR DIFFRENTIEL NB1L-40 1P+N C20 30mA AC 6KA CHINT"}]},{"@type":"WebSite","@id":"https:\/\/btmtelectric.com\/#website","url":"https:\/\/btmtelectric.com\/","name":"BTMT ELECTRIC \u2013 Solutions \u00c9lectriques Fiables et Innovantes","description":"","publisher":{"@id":"https:\/\/btmtelectric.com\/#organization"},"potentialAction":[{"@type":"SearchAction","target":{"@type":"EntryPoint","urlTemplate":"https:\/\/btmtelectric.com\/?s={search_term_string}"},"query-input":{"@type":"PropertyValueSpecification","valueRequired":true,"valueName":"search_term_string"}}],"inLanguage":"fr-FR"},{"@type":"Organization","@id":"https:\/\/btmtelectric.com\/#organization","name":"BTMT ELECTRIC \u2013 Solutions \u00c9lectriques Fiables et Innovantes","url":"https:\/\/btmtelectric.com\/","logo":{"@type":"ImageObject","inLanguage":"fr-FR","@id":"https:\/\/btmtelectric.com\/#\/schema\/logo\/image\/","url":"https:\/\/btmtelectric.com\/wp-content\/uploads\/2025\/07\/WhatsApp_Image_2025-07-09_at_11.45.18_AM-removebg-preview-1.png","contentUrl":"https:\/\/btmtelectric.com\/wp-content\/uploads\/2025\/07\/WhatsApp_Image_2025-07-09_at_11.45.18_AM-removebg-preview-1.png","width":175,"height":42,"caption":"BTMT ELECTRIC \u2013 Solutions \u00c9lectriques Fiables et Innovantes"},"image":{"@id":"https:\/\/btmtelectric.com\/#\/schema\/logo\/image\/"},"sameAs":["https:\/\/www.facebook.com\/profile.php?id=61578000361796","https:\/\/www.instagram.com\/btmtelectric\/"]}]}},"_links":{"self":[{"href":"https:\/\/btmtelectric.com\/index.php\/wp-json\/wp\/v2\/product\/8805","targetHints":{"allow":["GET"]}}],"collection":[{"href":"https:\/\/btmtelectric.com\/index.php\/wp-json\/wp\/v2\/product"}],"about":[{"href":"https:\/\/btmtelectric.com\/index.php\/wp-json\/wp\/v2\/types\/product"}],"replies":[{"embeddable":true,"href":"https:\/\/btmtelectric.com\/index.php\/wp-json\/wp\/v2\/comments?post=8805"}],"wp:featuredmedia":[{"embeddable":true,"href":"https:\/\/btmtelectric.com\/index.php\/wp-json\/wp\/v2\/media\/9088"}],"wp:attachment":[{"href":"https:\/\/btmtelectric.com\/index.php\/wp-json\/wp\/v2\/media?parent=8805"}],"wp:term":[{"taxonomy":"product_brand","embeddable":true,"href":"https:\/\/btmtelectric.com\/index.php\/wp-json\/wp\/v2\/product_brand?post=8805"},{"taxonomy":"product_cat","embeddable":true,"href":"https:\/\/btmtelectric.com\/index.php\/wp-json\/wp\/v2\/product_cat?post=8805"},{"taxonomy":"product_tag","embeddable":true,"href":"https:\/\/btmtelectric.com\/index.php\/wp-json\/wp\/v2\/product_tag?post=8805"}],"curies":[{"name":"wp","href":"https:\/\/api.w.org\/{rel}","templated":true}]}}