{"id":8796,"date":"2025-08-28T09:16:41","date_gmt":"2025-08-28T09:16:41","guid":{"rendered":"https:\/\/btmtelectric.com\/?post_type=product&#038;p=8796"},"modified":"2025-08-28T10:04:18","modified_gmt":"2025-08-28T10:04:18","slug":"disjoncteur-diffrentiel-nb1l-40-4p-c16-300ma-ac-6ka-chint","status":"publish","type":"product","link":"https:\/\/btmtelectric.com\/index.php\/product\/disjoncteur-diffrentiel-nb1l-40-4p-c16-300ma-ac-6ka-chint\/","title":{"rendered":"DISJONCTEUR DIFFRENTIEL NB1L-40 4P C16 300mA AC 6KA CHINT"},"content":{"rendered":"<h2 data-start=\"102\" data-end=\"149\">Disjoncteur diff\u00e9rentiel NB1L-40 \u2013 16A, 4P<\/h2>\n<p data-start=\"151\" data-end=\"339\">Le <strong data-start=\"154\" data-end=\"190\">disjoncteur diff\u00e9rentiel NB1L-40<\/strong> est un dispositif de s\u00e9curit\u00e9 \u00e9lectrique polyvalent, con\u00e7u pour offrir une <strong data-start=\"266\" data-end=\"336\">protection compl\u00e8te des personnes, des c\u00e2bles et des installations<\/strong>.<\/p>\n<p data-start=\"341\" data-end=\"387\">Il assure plusieurs fonctions essentielles :<\/p>\n<ul data-start=\"388\" data-end=\"748\">\n<li data-start=\"388\" data-end=\"500\">\n<p data-start=\"390\" data-end=\"500\"><strong data-start=\"390\" data-end=\"417\">Protection du personnel<\/strong> contre les contacts indirects gr\u00e2ce \u00e0 la d\u00e9tection rapide des fuites de courant,<\/p>\n<\/li>\n<li data-start=\"501\" data-end=\"588\">\n<p data-start=\"503\" data-end=\"588\"><strong data-start=\"503\" data-end=\"531\">Pr\u00e9vention des incendies<\/strong> li\u00e9s aux d\u00e9fauts d\u2019isolement et aux courants de fuite,<\/p>\n<\/li>\n<li data-start=\"589\" data-end=\"748\">\n<p data-start=\"591\" data-end=\"748\"><strong data-start=\"591\" data-end=\"642\">Protection des c\u00e2bles et des lignes \u00e9lectriques<\/strong> contre les <strong data-start=\"654\" data-end=\"668\">surcharges<\/strong> et les <strong data-start=\"676\" data-end=\"695\">courts-circuits<\/strong>, garantissant une meilleure fiabilit\u00e9 des r\u00e9seaux.<\/p>\n<\/li>\n<\/ul>\n<p data-start=\"750\" data-end=\"926\">Compact, robuste et performant, il est id\u00e9al aussi bien pour les <strong data-start=\"815\" data-end=\"844\">installations domestiques<\/strong> que pour les <strong data-start=\"858\" data-end=\"923\">r\u00e9seaux de distribution \u00e9lectrique commerciaux et industriels<\/strong>.<\/p>\n<h3 data-start=\"933\" data-end=\"978\">Caract\u00e9ristiques techniques principales<\/h3>\n<ul data-start=\"980\" data-end=\"1505\">\n<li data-start=\"980\" data-end=\"1015\">\n<p data-start=\"982\" data-end=\"1015\"><strong data-start=\"982\" data-end=\"1006\">Courant assign\u00e9 (In)<\/strong> : 16 A<\/p>\n<\/li>\n<li data-start=\"1016\" data-end=\"1094\">\n<p data-start=\"1018\" data-end=\"1094\"><strong data-start=\"1018\" data-end=\"1037\">Nombre de p\u00f4les<\/strong> : 4P (parfait pour les circuits triphas\u00e9s avec neutre)<\/p>\n<\/li>\n<li data-start=\"1095\" data-end=\"1202\">\n<p data-start=\"1097\" data-end=\"1202\"><strong data-start=\"1097\" data-end=\"1133\">Sensibilit\u00e9 diff\u00e9rentielle (I\u2206n)<\/strong> : 300 mA \u2013 adapt\u00e9e \u00e0 la protection incendie et aux usages g\u00e9n\u00e9raux<\/p>\n<\/li>\n<li data-start=\"1203\" data-end=\"1244\">\n<p data-start=\"1205\" data-end=\"1244\"><strong data-start=\"1205\" data-end=\"1230\">Tension assign\u00e9e (Ue)<\/strong> : 230\/400 V<\/p>\n<\/li>\n<li data-start=\"1245\" data-end=\"1282\">\n<p data-start=\"1247\" data-end=\"1282\"><strong data-start=\"1247\" data-end=\"1269\">Fr\u00e9quence nominale<\/strong> : 50\/60 Hz<\/p>\n<\/li>\n<li data-start=\"1283\" data-end=\"1389\">\n<p data-start=\"1285\" data-end=\"1389\"><strong data-start=\"1285\" data-end=\"1307\">Pouvoir de coupure<\/strong> : 6 000 A, garantissant une coupure fiable m\u00eame lors de courts-circuits s\u00e9v\u00e8res<\/p>\n<\/li>\n<li data-start=\"1390\" data-end=\"1447\">\n<p data-start=\"1392\" data-end=\"1447\"><strong data-start=\"1392\" data-end=\"1419\">Dur\u00e9e de vie \u00e9lectrique<\/strong> : environ 2 000 man\u0153uvres<\/p>\n<\/li>\n<li data-start=\"1448\" data-end=\"1505\">\n<p data-start=\"1450\" data-end=\"1505\"><strong data-start=\"1450\" data-end=\"1476\">Dur\u00e9e de vie m\u00e9canique<\/strong> : jusqu\u2019\u00e0 20 000 man\u0153uvres<\/p>\n<h3 data-start=\"1512\" data-end=\"1530\">Points forts<\/h3>\n<ul data-start=\"1532\" data-end=\"1921\">\n<li data-start=\"1532\" data-end=\"1608\">\n<p data-start=\"1534\" data-end=\"1608\"><strong data-start=\"1534\" data-end=\"1553\">Triple s\u00e9curit\u00e9<\/strong> : personnes, incendies, c\u00e2bles et lignes \u00e9lectriques<\/p>\n<\/li>\n<li data-start=\"1609\" data-end=\"1685\">\n<p data-start=\"1611\" data-end=\"1685\"><strong data-start=\"1611\" data-end=\"1636\">Configuration 4 p\u00f4les<\/strong>, id\u00e9ale pour les r\u00e9seaux triphas\u00e9s avec neutre<\/p>\n<\/li>\n<li data-start=\"1686\" data-end=\"1770\">\n<p data-start=\"1688\" data-end=\"1770\"><strong data-start=\"1688\" data-end=\"1710\">Sensibilit\u00e9 300 mA<\/strong> : sp\u00e9cialement con\u00e7ue pour r\u00e9duire les risques d\u2019incendie<\/p>\n<\/li>\n<li data-start=\"1771\" data-end=\"1843\">\n<p data-start=\"1773\" data-end=\"1843\"><strong data-start=\"1773\" data-end=\"1800\">Durabilit\u00e9 et fiabilit\u00e9<\/strong> gr\u00e2ce \u00e0 une conception robuste et test\u00e9e<\/p>\n<\/li>\n<li data-start=\"1844\" data-end=\"1921\">\n<p data-start=\"1846\" data-end=\"1921\">Convient aux <strong data-start=\"1859\" data-end=\"1919\">applications r\u00e9sidentielles, tertiaires et industrielles<\/strong><\/p>\n<\/li>\n<\/ul>\n<\/li>\n<\/ul>\n","protected":false},"excerpt":{"rendered":"<p>Disjoncteur diff\u00e9rentiel NB1L-40 \u2013 16A, 4P Le disjoncteur diff\u00e9rentiel NB1L-40 est un dispositif de s\u00e9curit\u00e9 \u00e9lectrique polyvalent, con\u00e7u pour offrir une protection compl\u00e8te des personnes, des c\u00e2bles et des installations.<\/p>\n","protected":false},"featured_media":8808,"comment_status":"open","ping_status":"closed","template":"","meta":{"_acf_changed":false,"content-type":""},"product_brand":[],"product_cat":[367],"product_tag":[],"class_list":{"0":"post-8796","1":"product","2":"type-product","3":"status-publish","4":"has-post-thumbnail","6":"product_cat-disjoncteurs","8":"first","9":"instock","10":"shipping-taxable","11":"purchasable","12":"product-type-simple"},"acf":[],"yoast_head":"<!-- This site is optimized with the Yoast SEO plugin v27.3 - https:\/\/yoast.com\/product\/yoast-seo-wordpress\/ -->\n<title>DISJONCTEUR DIFFRENTIEL NB1L-40 4P C16 300mA AC 6KA CHINT - BTMT ELECTRIC \u2013 Solutions \u00c9lectriques Fiables et Innovantes<\/title>\n<meta name=\"robots\" content=\"index, follow, max-snippet:-1, max-image-preview:large, max-video-preview:-1\" \/>\n<link rel=\"canonical\" href=\"https:\/\/btmtelectric.com\/index.php\/product\/disjoncteur-diffrentiel-nb1l-40-4p-c16-300ma-ac-6ka-chint\/\" \/>\n<meta property=\"og:locale\" content=\"fr_FR\" \/>\n<meta property=\"og:type\" content=\"article\" \/>\n<meta property=\"og:title\" content=\"DISJONCTEUR DIFFRENTIEL NB1L-40 4P C16 300mA AC 6KA CHINT - BTMT ELECTRIC \u2013 Solutions \u00c9lectriques Fiables et Innovantes\" \/>\n<meta property=\"og:description\" content=\"Disjoncteur diff\u00e9rentiel NB1L-40 \u2013 16A, 4P Le disjoncteur diff\u00e9rentiel NB1L-40 est un dispositif de s\u00e9curit\u00e9 \u00e9lectrique polyvalent, con\u00e7u pour offrir une protection compl\u00e8te des personnes, des c\u00e2bles et des installations.\" \/>\n<meta property=\"og:url\" content=\"https:\/\/btmtelectric.com\/index.php\/product\/disjoncteur-diffrentiel-nb1l-40-4p-c16-300ma-ac-6ka-chint\/\" \/>\n<meta property=\"og:site_name\" content=\"BTMT ELECTRIC \u2013 Solutions \u00c9lectriques Fiables et Innovantes\" \/>\n<meta property=\"article:publisher\" content=\"https:\/\/www.facebook.com\/profile.php?id=61578000361796\" \/>\n<meta property=\"article:modified_time\" content=\"2025-08-28T10:04:18+00:00\" \/>\n<meta property=\"og:image\" content=\"https:\/\/btmtelectric.com\/wp-content\/uploads\/2025\/08\/disj-shint-4p-c16.jpg\" \/>\n\t<meta property=\"og:image:width\" content=\"700\" \/>\n\t<meta property=\"og:image:height\" content=\"700\" \/>\n\t<meta property=\"og:image:type\" content=\"image\/jpeg\" \/>\n<meta name=\"twitter:card\" content=\"summary_large_image\" \/>\n<meta name=\"twitter:label1\" content=\"Dur\u00e9e de lecture estim\u00e9e\" \/>\n\t<meta name=\"twitter:data1\" content=\"1 minute\" \/>\n<script type=\"application\/ld+json\" class=\"yoast-schema-graph\">{\"@context\":\"https:\\\/\\\/schema.org\",\"@graph\":[{\"@type\":\"WebPage\",\"@id\":\"https:\\\/\\\/btmtelectric.com\\\/index.php\\\/product\\\/disjoncteur-diffrentiel-nb1l-40-4p-c16-300ma-ac-6ka-chint\\\/\",\"url\":\"https:\\\/\\\/btmtelectric.com\\\/index.php\\\/product\\\/disjoncteur-diffrentiel-nb1l-40-4p-c16-300ma-ac-6ka-chint\\\/\",\"name\":\"DISJONCTEUR DIFFRENTIEL NB1L-40 4P C16 300mA AC 6KA CHINT - BTMT ELECTRIC \u2013 Solutions \u00c9lectriques Fiables et Innovantes\",\"isPartOf\":{\"@id\":\"https:\\\/\\\/btmtelectric.com\\\/#website\"},\"primaryImageOfPage\":{\"@id\":\"https:\\\/\\\/btmtelectric.com\\\/index.php\\\/product\\\/disjoncteur-diffrentiel-nb1l-40-4p-c16-300ma-ac-6ka-chint\\\/#primaryimage\"},\"image\":{\"@id\":\"https:\\\/\\\/btmtelectric.com\\\/index.php\\\/product\\\/disjoncteur-diffrentiel-nb1l-40-4p-c16-300ma-ac-6ka-chint\\\/#primaryimage\"},\"thumbnailUrl\":\"https:\\\/\\\/btmtelectric.com\\\/wp-content\\\/uploads\\\/2025\\\/08\\\/disj-shint-4p-c16.jpg\",\"datePublished\":\"2025-08-28T09:16:41+00:00\",\"dateModified\":\"2025-08-28T10:04:18+00:00\",\"breadcrumb\":{\"@id\":\"https:\\\/\\\/btmtelectric.com\\\/index.php\\\/product\\\/disjoncteur-diffrentiel-nb1l-40-4p-c16-300ma-ac-6ka-chint\\\/#breadcrumb\"},\"inLanguage\":\"fr-FR\",\"potentialAction\":[{\"@type\":\"ReadAction\",\"target\":[\"https:\\\/\\\/btmtelectric.com\\\/index.php\\\/product\\\/disjoncteur-diffrentiel-nb1l-40-4p-c16-300ma-ac-6ka-chint\\\/\"]}]},{\"@type\":\"ImageObject\",\"inLanguage\":\"fr-FR\",\"@id\":\"https:\\\/\\\/btmtelectric.com\\\/index.php\\\/product\\\/disjoncteur-diffrentiel-nb1l-40-4p-c16-300ma-ac-6ka-chint\\\/#primaryimage\",\"url\":\"https:\\\/\\\/btmtelectric.com\\\/wp-content\\\/uploads\\\/2025\\\/08\\\/disj-shint-4p-c16.jpg\",\"contentUrl\":\"https:\\\/\\\/btmtelectric.com\\\/wp-content\\\/uploads\\\/2025\\\/08\\\/disj-shint-4p-c16.jpg\",\"width\":700,\"height\":700},{\"@type\":\"BreadcrumbList\",\"@id\":\"https:\\\/\\\/btmtelectric.com\\\/index.php\\\/product\\\/disjoncteur-diffrentiel-nb1l-40-4p-c16-300ma-ac-6ka-chint\\\/#breadcrumb\",\"itemListElement\":[{\"@type\":\"ListItem\",\"position\":1,\"name\":\"Accueil\",\"item\":\"https:\\\/\\\/btmtelectric.com\\\/\"},{\"@type\":\"ListItem\",\"position\":2,\"name\":\"Boutique\",\"item\":\"https:\\\/\\\/btmtelectric.com\\\/index.php\\\/boutique\\\/\"},{\"@type\":\"ListItem\",\"position\":3,\"name\":\"DISJONCTEUR DIFFRENTIEL NB1L-40 4P C16 300mA AC 6KA CHINT\"}]},{\"@type\":\"WebSite\",\"@id\":\"https:\\\/\\\/btmtelectric.com\\\/#website\",\"url\":\"https:\\\/\\\/btmtelectric.com\\\/\",\"name\":\"BTMT ELECTRIC \u2013 Solutions \u00c9lectriques Fiables et Innovantes\",\"description\":\"\",\"publisher\":{\"@id\":\"https:\\\/\\\/btmtelectric.com\\\/#organization\"},\"potentialAction\":[{\"@type\":\"SearchAction\",\"target\":{\"@type\":\"EntryPoint\",\"urlTemplate\":\"https:\\\/\\\/btmtelectric.com\\\/?s={search_term_string}\"},\"query-input\":{\"@type\":\"PropertyValueSpecification\",\"valueRequired\":true,\"valueName\":\"search_term_string\"}}],\"inLanguage\":\"fr-FR\"},{\"@type\":\"Organization\",\"@id\":\"https:\\\/\\\/btmtelectric.com\\\/#organization\",\"name\":\"BTMT ELECTRIC \u2013 Solutions \u00c9lectriques Fiables et Innovantes\",\"url\":\"https:\\\/\\\/btmtelectric.com\\\/\",\"logo\":{\"@type\":\"ImageObject\",\"inLanguage\":\"fr-FR\",\"@id\":\"https:\\\/\\\/btmtelectric.com\\\/#\\\/schema\\\/logo\\\/image\\\/\",\"url\":\"https:\\\/\\\/btmtelectric.com\\\/wp-content\\\/uploads\\\/2025\\\/07\\\/WhatsApp_Image_2025-07-09_at_11.45.18_AM-removebg-preview-1.png\",\"contentUrl\":\"https:\\\/\\\/btmtelectric.com\\\/wp-content\\\/uploads\\\/2025\\\/07\\\/WhatsApp_Image_2025-07-09_at_11.45.18_AM-removebg-preview-1.png\",\"width\":175,\"height\":42,\"caption\":\"BTMT ELECTRIC \u2013 Solutions \u00c9lectriques Fiables et Innovantes\"},\"image\":{\"@id\":\"https:\\\/\\\/btmtelectric.com\\\/#\\\/schema\\\/logo\\\/image\\\/\"},\"sameAs\":[\"https:\\\/\\\/www.facebook.com\\\/profile.php?id=61578000361796\",\"https:\\\/\\\/www.instagram.com\\\/btmtelectric\\\/\"]}]}<\/script>\n<!-- \/ Yoast SEO plugin. -->","yoast_head_json":{"title":"DISJONCTEUR DIFFRENTIEL NB1L-40 4P C16 300mA AC 6KA CHINT - BTMT ELECTRIC \u2013 Solutions \u00c9lectriques Fiables et Innovantes","robots":{"index":"index","follow":"follow","max-snippet":"max-snippet:-1","max-image-preview":"max-image-preview:large","max-video-preview":"max-video-preview:-1"},"canonical":"https:\/\/btmtelectric.com\/index.php\/product\/disjoncteur-diffrentiel-nb1l-40-4p-c16-300ma-ac-6ka-chint\/","og_locale":"fr_FR","og_type":"article","og_title":"DISJONCTEUR DIFFRENTIEL NB1L-40 4P C16 300mA AC 6KA CHINT - BTMT ELECTRIC \u2013 Solutions \u00c9lectriques Fiables et Innovantes","og_description":"Disjoncteur diff\u00e9rentiel NB1L-40 \u2013 16A, 4P Le disjoncteur diff\u00e9rentiel NB1L-40 est un dispositif de s\u00e9curit\u00e9 \u00e9lectrique polyvalent, con\u00e7u pour offrir une protection compl\u00e8te des personnes, des c\u00e2bles et des installations.","og_url":"https:\/\/btmtelectric.com\/index.php\/product\/disjoncteur-diffrentiel-nb1l-40-4p-c16-300ma-ac-6ka-chint\/","og_site_name":"BTMT ELECTRIC \u2013 Solutions \u00c9lectriques Fiables et Innovantes","article_publisher":"https:\/\/www.facebook.com\/profile.php?id=61578000361796","article_modified_time":"2025-08-28T10:04:18+00:00","og_image":[{"width":700,"height":700,"url":"https:\/\/btmtelectric.com\/wp-content\/uploads\/2025\/08\/disj-shint-4p-c16.jpg","type":"image\/jpeg"}],"twitter_card":"summary_large_image","twitter_misc":{"Dur\u00e9e de lecture estim\u00e9e":"1 minute"},"schema":{"@context":"https:\/\/schema.org","@graph":[{"@type":"WebPage","@id":"https:\/\/btmtelectric.com\/index.php\/product\/disjoncteur-diffrentiel-nb1l-40-4p-c16-300ma-ac-6ka-chint\/","url":"https:\/\/btmtelectric.com\/index.php\/product\/disjoncteur-diffrentiel-nb1l-40-4p-c16-300ma-ac-6ka-chint\/","name":"DISJONCTEUR DIFFRENTIEL NB1L-40 4P C16 300mA AC 6KA CHINT - BTMT ELECTRIC \u2013 Solutions \u00c9lectriques Fiables et Innovantes","isPartOf":{"@id":"https:\/\/btmtelectric.com\/#website"},"primaryImageOfPage":{"@id":"https:\/\/btmtelectric.com\/index.php\/product\/disjoncteur-diffrentiel-nb1l-40-4p-c16-300ma-ac-6ka-chint\/#primaryimage"},"image":{"@id":"https:\/\/btmtelectric.com\/index.php\/product\/disjoncteur-diffrentiel-nb1l-40-4p-c16-300ma-ac-6ka-chint\/#primaryimage"},"thumbnailUrl":"https:\/\/btmtelectric.com\/wp-content\/uploads\/2025\/08\/disj-shint-4p-c16.jpg","datePublished":"2025-08-28T09:16:41+00:00","dateModified":"2025-08-28T10:04:18+00:00","breadcrumb":{"@id":"https:\/\/btmtelectric.com\/index.php\/product\/disjoncteur-diffrentiel-nb1l-40-4p-c16-300ma-ac-6ka-chint\/#breadcrumb"},"inLanguage":"fr-FR","potentialAction":[{"@type":"ReadAction","target":["https:\/\/btmtelectric.com\/index.php\/product\/disjoncteur-diffrentiel-nb1l-40-4p-c16-300ma-ac-6ka-chint\/"]}]},{"@type":"ImageObject","inLanguage":"fr-FR","@id":"https:\/\/btmtelectric.com\/index.php\/product\/disjoncteur-diffrentiel-nb1l-40-4p-c16-300ma-ac-6ka-chint\/#primaryimage","url":"https:\/\/btmtelectric.com\/wp-content\/uploads\/2025\/08\/disj-shint-4p-c16.jpg","contentUrl":"https:\/\/btmtelectric.com\/wp-content\/uploads\/2025\/08\/disj-shint-4p-c16.jpg","width":700,"height":700},{"@type":"BreadcrumbList","@id":"https:\/\/btmtelectric.com\/index.php\/product\/disjoncteur-diffrentiel-nb1l-40-4p-c16-300ma-ac-6ka-chint\/#breadcrumb","itemListElement":[{"@type":"ListItem","position":1,"name":"Accueil","item":"https:\/\/btmtelectric.com\/"},{"@type":"ListItem","position":2,"name":"Boutique","item":"https:\/\/btmtelectric.com\/index.php\/boutique\/"},{"@type":"ListItem","position":3,"name":"DISJONCTEUR DIFFRENTIEL NB1L-40 4P C16 300mA AC 6KA CHINT"}]},{"@type":"WebSite","@id":"https:\/\/btmtelectric.com\/#website","url":"https:\/\/btmtelectric.com\/","name":"BTMT ELECTRIC \u2013 Solutions \u00c9lectriques Fiables et Innovantes","description":"","publisher":{"@id":"https:\/\/btmtelectric.com\/#organization"},"potentialAction":[{"@type":"SearchAction","target":{"@type":"EntryPoint","urlTemplate":"https:\/\/btmtelectric.com\/?s={search_term_string}"},"query-input":{"@type":"PropertyValueSpecification","valueRequired":true,"valueName":"search_term_string"}}],"inLanguage":"fr-FR"},{"@type":"Organization","@id":"https:\/\/btmtelectric.com\/#organization","name":"BTMT ELECTRIC \u2013 Solutions \u00c9lectriques Fiables et Innovantes","url":"https:\/\/btmtelectric.com\/","logo":{"@type":"ImageObject","inLanguage":"fr-FR","@id":"https:\/\/btmtelectric.com\/#\/schema\/logo\/image\/","url":"https:\/\/btmtelectric.com\/wp-content\/uploads\/2025\/07\/WhatsApp_Image_2025-07-09_at_11.45.18_AM-removebg-preview-1.png","contentUrl":"https:\/\/btmtelectric.com\/wp-content\/uploads\/2025\/07\/WhatsApp_Image_2025-07-09_at_11.45.18_AM-removebg-preview-1.png","width":175,"height":42,"caption":"BTMT ELECTRIC \u2013 Solutions \u00c9lectriques Fiables et Innovantes"},"image":{"@id":"https:\/\/btmtelectric.com\/#\/schema\/logo\/image\/"},"sameAs":["https:\/\/www.facebook.com\/profile.php?id=61578000361796","https:\/\/www.instagram.com\/btmtelectric\/"]}]}},"_links":{"self":[{"href":"https:\/\/btmtelectric.com\/index.php\/wp-json\/wp\/v2\/product\/8796","targetHints":{"allow":["GET"]}}],"collection":[{"href":"https:\/\/btmtelectric.com\/index.php\/wp-json\/wp\/v2\/product"}],"about":[{"href":"https:\/\/btmtelectric.com\/index.php\/wp-json\/wp\/v2\/types\/product"}],"replies":[{"embeddable":true,"href":"https:\/\/btmtelectric.com\/index.php\/wp-json\/wp\/v2\/comments?post=8796"}],"wp:featuredmedia":[{"embeddable":true,"href":"https:\/\/btmtelectric.com\/index.php\/wp-json\/wp\/v2\/media\/8808"}],"wp:attachment":[{"href":"https:\/\/btmtelectric.com\/index.php\/wp-json\/wp\/v2\/media?parent=8796"}],"wp:term":[{"taxonomy":"product_brand","embeddable":true,"href":"https:\/\/btmtelectric.com\/index.php\/wp-json\/wp\/v2\/product_brand?post=8796"},{"taxonomy":"product_cat","embeddable":true,"href":"https:\/\/btmtelectric.com\/index.php\/wp-json\/wp\/v2\/product_cat?post=8796"},{"taxonomy":"product_tag","embeddable":true,"href":"https:\/\/btmtelectric.com\/index.php\/wp-json\/wp\/v2\/product_tag?post=8796"}],"curies":[{"name":"wp","href":"https:\/\/api.w.org\/{rel}","templated":true}]}}