{"id":8787,"date":"2025-08-28T08:56:26","date_gmt":"2025-08-28T08:56:26","guid":{"rendered":"https:\/\/btmtelectric.com\/?post_type=product&#038;p=8787"},"modified":"2025-08-28T08:56:26","modified_gmt":"2025-08-28T08:56:26","slug":"disjoncteur-nbh8-40h-1pn-c10-6ka-chint","status":"publish","type":"product","link":"https:\/\/btmtelectric.com\/index.php\/product\/disjoncteur-nbh8-40h-1pn-c10-6ka-chint\/","title":{"rendered":"DISJONCTEUR NBH8-40H 1P+N C10 6KA CHINT"},"content":{"rendered":"<h2 data-start=\"110\" data-end=\"160\">Disjoncteur diff\u00e9rentiel NBH8-40H \u2013 10A, 1P+N<\/h2>\n<p data-start=\"162\" data-end=\"361\">Le <strong data-start=\"165\" data-end=\"202\">disjoncteur diff\u00e9rentiel NBH8-40H<\/strong> est un dispositif essentiel pour garantir la <strong data-start=\"248\" data-end=\"276\">s\u00e9curit\u00e9 et la fiabilit\u00e9<\/strong> des installations \u00e9lectriques. Il r\u00e9unit plusieurs fonctions en un seul appareil :<\/p>\n<ul data-start=\"363\" data-end=\"706\">\n<li data-start=\"363\" data-end=\"448\">\n<p data-start=\"365\" data-end=\"448\"><strong data-start=\"365\" data-end=\"392\">Protection des circuits<\/strong> contre les <strong data-start=\"404\" data-end=\"418\">surcharges<\/strong> et les <strong data-start=\"426\" data-end=\"445\">courts-circuits<\/strong>,<\/p>\n<\/li>\n<li data-start=\"449\" data-end=\"583\">\n<p data-start=\"451\" data-end=\"583\"><strong data-start=\"451\" data-end=\"480\">Protection diff\u00e9rentielle<\/strong> pour la s\u00e9curit\u00e9 des personnes, en coupant instantan\u00e9ment l\u2019alimentation en cas de fuite de courant,<\/p>\n<\/li>\n<li data-start=\"584\" data-end=\"706\">\n<p data-start=\"586\" data-end=\"706\"><strong data-start=\"586\" data-end=\"615\">Interrupteur et isolation<\/strong>, permettant une mise hors tension s\u00fbre et rapide lors d\u2019interventions ou de maintenance.<\/p>\n<h3 data-start=\"965\" data-end=\"998\">Caract\u00e9ristiques techniques<\/h3>\n<ul data-start=\"1000\" data-end=\"1516\">\n<li data-start=\"1000\" data-end=\"1035\">\n<p data-start=\"1002\" data-end=\"1035\"><strong data-start=\"1002\" data-end=\"1026\">Courant assign\u00e9 (In)<\/strong> : 10 A<\/p>\n<\/li>\n<li data-start=\"1036\" data-end=\"1066\">\n<p data-start=\"1038\" data-end=\"1066\"><strong data-start=\"1038\" data-end=\"1057\">Nombre de p\u00f4les<\/strong> : 1P+N<\/p>\n<\/li>\n<li data-start=\"1067\" data-end=\"1104\">\n<p data-start=\"1069\" data-end=\"1104\"><strong data-start=\"1069\" data-end=\"1094\">Tension assign\u00e9e (Ue)<\/strong> : 230 V<\/p>\n<\/li>\n<li data-start=\"1105\" data-end=\"1142\">\n<p data-start=\"1107\" data-end=\"1142\"><strong data-start=\"1107\" data-end=\"1129\">Fr\u00e9quence nominale<\/strong> : 50\/60 Hz<\/p>\n<\/li>\n<li data-start=\"1143\" data-end=\"1254\">\n<p data-start=\"1145\" data-end=\"1254\"><strong data-start=\"1145\" data-end=\"1167\">Pouvoir de coupure<\/strong> : 6 000 A, garantissant une s\u00e9curit\u00e9 optimale m\u00eame en cas de court-circuit important<\/p>\n<\/li>\n<li data-start=\"1255\" data-end=\"1312\">\n<p data-start=\"1257\" data-end=\"1312\"><strong data-start=\"1257\" data-end=\"1284\">Dur\u00e9e de vie \u00e9lectrique<\/strong> : environ 8 000 man\u0153uvres<\/p>\n<\/li>\n<li data-start=\"1313\" data-end=\"1404\">\n<p data-start=\"1315\" data-end=\"1404\"><strong data-start=\"1315\" data-end=\"1341\">Dur\u00e9e de vie m\u00e9canique<\/strong> : jusqu\u2019\u00e0 20 000 man\u0153uvres, assurant une utilisation durable<\/p>\n<\/li>\n<li data-start=\"1405\" data-end=\"1516\">\n<p data-start=\"1407\" data-end=\"1516\"><strong data-start=\"1407\" data-end=\"1434\">Fonction diff\u00e9rentielle<\/strong> : protection renforc\u00e9e contre les d\u00e9fauts d\u2019isolement et les contacts indirects<\/p>\n<h3 data-start=\"1523\" data-end=\"1541\">Points forts<\/h3>\n<ul data-start=\"1543\" data-end=\"1951\">\n<li data-start=\"1543\" data-end=\"1621\">\n<p data-start=\"1545\" data-end=\"1621\"><strong data-start=\"1545\" data-end=\"1566\">S\u00e9curit\u00e9 optimale<\/strong> : prot\u00e8ge \u00e0 la fois les personnes et les \u00e9quipements<\/p>\n<\/li>\n<li data-start=\"1622\" data-end=\"1714\">\n<p data-start=\"1624\" data-end=\"1714\"><strong data-start=\"1624\" data-end=\"1639\">Calibre 10A<\/strong>, id\u00e9al pour les <strong data-start=\"1656\" data-end=\"1680\">circuits d\u2019\u00e9clairage<\/strong> et petits appareils \u00e9lectriques<\/p>\n<\/li>\n<li data-start=\"1715\" data-end=\"1785\">\n<p data-start=\"1717\" data-end=\"1785\"><strong data-start=\"1717\" data-end=\"1737\">Grande fiabilit\u00e9<\/strong> : dur\u00e9e de vie \u00e9lectrique et m\u00e9canique \u00e9lev\u00e9e<\/p>\n<\/li>\n<li data-start=\"1786\" data-end=\"1855\">\n<p data-start=\"1788\" data-end=\"1855\"><strong data-start=\"1788\" data-end=\"1815\">Facilit\u00e9 d\u2019installation<\/strong> dans tout tableau \u00e9lectrique standard<\/p>\n<\/li>\n<li data-start=\"1856\" data-end=\"1951\">\n<p data-start=\"1858\" data-end=\"1951\"><strong data-start=\"1858\" data-end=\"1911\">Conformit\u00e9 aux normes de s\u00e9curit\u00e9 internationales<\/strong> pour une totale tranquillit\u00e9 d\u2019esprit<\/p>\n<\/li>\n<\/ul>\n<\/li>\n<\/ul>\n<\/li>\n<\/ul>\n","protected":false},"excerpt":{"rendered":"<p>Disjoncteur diff\u00e9rentiel NBH8-40H \u2013 10A, 1P+N Le disjoncteur diff\u00e9rentiel NBH8-40H est un dispositif essentiel pour garantir la s\u00e9curit\u00e9 et la fiabilit\u00e9 des installations \u00e9lectriques. Il r\u00e9unit plusieurs fonctions en un<\/p>\n","protected":false},"featured_media":8788,"comment_status":"open","ping_status":"closed","template":"","meta":{"_acf_changed":false,"content-type":""},"product_brand":[],"product_cat":[367],"product_tag":[],"class_list":{"0":"post-8787","1":"product","2":"type-product","3":"status-publish","4":"has-post-thumbnail","6":"product_cat-disjoncteurs","8":"first","9":"instock","10":"shipping-taxable","11":"purchasable","12":"product-type-simple"},"acf":[],"yoast_head":"<!-- This site is optimized with the Yoast SEO plugin v27.3 - https:\/\/yoast.com\/product\/yoast-seo-wordpress\/ -->\n<title>DISJONCTEUR NBH8-40H 1P+N C10 6KA CHINT - BTMT ELECTRIC \u2013 Solutions \u00c9lectriques Fiables et Innovantes<\/title>\n<meta name=\"robots\" content=\"index, follow, max-snippet:-1, max-image-preview:large, max-video-preview:-1\" \/>\n<link rel=\"canonical\" href=\"https:\/\/btmtelectric.com\/index.php\/product\/disjoncteur-nbh8-40h-1pn-c10-6ka-chint\/\" \/>\n<meta property=\"og:locale\" content=\"fr_FR\" \/>\n<meta property=\"og:type\" content=\"article\" \/>\n<meta property=\"og:title\" content=\"DISJONCTEUR NBH8-40H 1P+N C10 6KA CHINT - BTMT ELECTRIC \u2013 Solutions \u00c9lectriques Fiables et Innovantes\" \/>\n<meta property=\"og:description\" content=\"Disjoncteur diff\u00e9rentiel NBH8-40H \u2013 10A, 1P+N Le disjoncteur diff\u00e9rentiel NBH8-40H est un dispositif essentiel pour garantir la s\u00e9curit\u00e9 et la fiabilit\u00e9 des installations \u00e9lectriques. Il r\u00e9unit plusieurs fonctions en un\" \/>\n<meta property=\"og:url\" content=\"https:\/\/btmtelectric.com\/index.php\/product\/disjoncteur-nbh8-40h-1pn-c10-6ka-chint\/\" \/>\n<meta property=\"og:site_name\" content=\"BTMT ELECTRIC \u2013 Solutions \u00c9lectriques Fiables et Innovantes\" \/>\n<meta property=\"article:publisher\" content=\"https:\/\/www.facebook.com\/profile.php?id=61578000361796\" \/>\n<meta property=\"og:image\" content=\"https:\/\/btmtelectric.com\/wp-content\/uploads\/2025\/08\/disj-shint-28.jpg\" \/>\n\t<meta property=\"og:image:width\" content=\"700\" \/>\n\t<meta property=\"og:image:height\" content=\"700\" \/>\n\t<meta property=\"og:image:type\" content=\"image\/jpeg\" \/>\n<meta name=\"twitter:card\" content=\"summary_large_image\" \/>\n<meta name=\"twitter:label1\" content=\"Dur\u00e9e de lecture estim\u00e9e\" \/>\n\t<meta name=\"twitter:data1\" content=\"1 minute\" \/>\n<script type=\"application\/ld+json\" class=\"yoast-schema-graph\">{\"@context\":\"https:\\\/\\\/schema.org\",\"@graph\":[{\"@type\":\"WebPage\",\"@id\":\"https:\\\/\\\/btmtelectric.com\\\/index.php\\\/product\\\/disjoncteur-nbh8-40h-1pn-c10-6ka-chint\\\/\",\"url\":\"https:\\\/\\\/btmtelectric.com\\\/index.php\\\/product\\\/disjoncteur-nbh8-40h-1pn-c10-6ka-chint\\\/\",\"name\":\"DISJONCTEUR NBH8-40H 1P+N C10 6KA CHINT - BTMT ELECTRIC \u2013 Solutions \u00c9lectriques Fiables et Innovantes\",\"isPartOf\":{\"@id\":\"https:\\\/\\\/btmtelectric.com\\\/#website\"},\"primaryImageOfPage\":{\"@id\":\"https:\\\/\\\/btmtelectric.com\\\/index.php\\\/product\\\/disjoncteur-nbh8-40h-1pn-c10-6ka-chint\\\/#primaryimage\"},\"image\":{\"@id\":\"https:\\\/\\\/btmtelectric.com\\\/index.php\\\/product\\\/disjoncteur-nbh8-40h-1pn-c10-6ka-chint\\\/#primaryimage\"},\"thumbnailUrl\":\"https:\\\/\\\/btmtelectric.com\\\/wp-content\\\/uploads\\\/2025\\\/08\\\/disj-shint-28.jpg\",\"datePublished\":\"2025-08-28T08:56:26+00:00\",\"breadcrumb\":{\"@id\":\"https:\\\/\\\/btmtelectric.com\\\/index.php\\\/product\\\/disjoncteur-nbh8-40h-1pn-c10-6ka-chint\\\/#breadcrumb\"},\"inLanguage\":\"fr-FR\",\"potentialAction\":[{\"@type\":\"ReadAction\",\"target\":[\"https:\\\/\\\/btmtelectric.com\\\/index.php\\\/product\\\/disjoncteur-nbh8-40h-1pn-c10-6ka-chint\\\/\"]}]},{\"@type\":\"ImageObject\",\"inLanguage\":\"fr-FR\",\"@id\":\"https:\\\/\\\/btmtelectric.com\\\/index.php\\\/product\\\/disjoncteur-nbh8-40h-1pn-c10-6ka-chint\\\/#primaryimage\",\"url\":\"https:\\\/\\\/btmtelectric.com\\\/wp-content\\\/uploads\\\/2025\\\/08\\\/disj-shint-28.jpg\",\"contentUrl\":\"https:\\\/\\\/btmtelectric.com\\\/wp-content\\\/uploads\\\/2025\\\/08\\\/disj-shint-28.jpg\",\"width\":700,\"height\":700},{\"@type\":\"BreadcrumbList\",\"@id\":\"https:\\\/\\\/btmtelectric.com\\\/index.php\\\/product\\\/disjoncteur-nbh8-40h-1pn-c10-6ka-chint\\\/#breadcrumb\",\"itemListElement\":[{\"@type\":\"ListItem\",\"position\":1,\"name\":\"Accueil\",\"item\":\"https:\\\/\\\/btmtelectric.com\\\/\"},{\"@type\":\"ListItem\",\"position\":2,\"name\":\"Boutique\",\"item\":\"https:\\\/\\\/btmtelectric.com\\\/index.php\\\/boutique\\\/\"},{\"@type\":\"ListItem\",\"position\":3,\"name\":\"DISJONCTEUR NBH8-40H 1P+N C10 6KA CHINT\"}]},{\"@type\":\"WebSite\",\"@id\":\"https:\\\/\\\/btmtelectric.com\\\/#website\",\"url\":\"https:\\\/\\\/btmtelectric.com\\\/\",\"name\":\"BTMT ELECTRIC \u2013 Solutions \u00c9lectriques Fiables et Innovantes\",\"description\":\"\",\"publisher\":{\"@id\":\"https:\\\/\\\/btmtelectric.com\\\/#organization\"},\"potentialAction\":[{\"@type\":\"SearchAction\",\"target\":{\"@type\":\"EntryPoint\",\"urlTemplate\":\"https:\\\/\\\/btmtelectric.com\\\/?s={search_term_string}\"},\"query-input\":{\"@type\":\"PropertyValueSpecification\",\"valueRequired\":true,\"valueName\":\"search_term_string\"}}],\"inLanguage\":\"fr-FR\"},{\"@type\":\"Organization\",\"@id\":\"https:\\\/\\\/btmtelectric.com\\\/#organization\",\"name\":\"BTMT ELECTRIC \u2013 Solutions \u00c9lectriques Fiables et Innovantes\",\"url\":\"https:\\\/\\\/btmtelectric.com\\\/\",\"logo\":{\"@type\":\"ImageObject\",\"inLanguage\":\"fr-FR\",\"@id\":\"https:\\\/\\\/btmtelectric.com\\\/#\\\/schema\\\/logo\\\/image\\\/\",\"url\":\"https:\\\/\\\/btmtelectric.com\\\/wp-content\\\/uploads\\\/2025\\\/07\\\/WhatsApp_Image_2025-07-09_at_11.45.18_AM-removebg-preview-1.png\",\"contentUrl\":\"https:\\\/\\\/btmtelectric.com\\\/wp-content\\\/uploads\\\/2025\\\/07\\\/WhatsApp_Image_2025-07-09_at_11.45.18_AM-removebg-preview-1.png\",\"width\":175,\"height\":42,\"caption\":\"BTMT ELECTRIC \u2013 Solutions \u00c9lectriques Fiables et Innovantes\"},\"image\":{\"@id\":\"https:\\\/\\\/btmtelectric.com\\\/#\\\/schema\\\/logo\\\/image\\\/\"},\"sameAs\":[\"https:\\\/\\\/www.facebook.com\\\/profile.php?id=61578000361796\",\"https:\\\/\\\/www.instagram.com\\\/btmtelectric\\\/\"]}]}<\/script>\n<!-- \/ Yoast SEO plugin. -->","yoast_head_json":{"title":"DISJONCTEUR NBH8-40H 1P+N C10 6KA CHINT - BTMT ELECTRIC \u2013 Solutions \u00c9lectriques Fiables et Innovantes","robots":{"index":"index","follow":"follow","max-snippet":"max-snippet:-1","max-image-preview":"max-image-preview:large","max-video-preview":"max-video-preview:-1"},"canonical":"https:\/\/btmtelectric.com\/index.php\/product\/disjoncteur-nbh8-40h-1pn-c10-6ka-chint\/","og_locale":"fr_FR","og_type":"article","og_title":"DISJONCTEUR NBH8-40H 1P+N C10 6KA CHINT - BTMT ELECTRIC \u2013 Solutions \u00c9lectriques Fiables et Innovantes","og_description":"Disjoncteur diff\u00e9rentiel NBH8-40H \u2013 10A, 1P+N Le disjoncteur diff\u00e9rentiel NBH8-40H est un dispositif essentiel pour garantir la s\u00e9curit\u00e9 et la fiabilit\u00e9 des installations \u00e9lectriques. Il r\u00e9unit plusieurs fonctions en un","og_url":"https:\/\/btmtelectric.com\/index.php\/product\/disjoncteur-nbh8-40h-1pn-c10-6ka-chint\/","og_site_name":"BTMT ELECTRIC \u2013 Solutions \u00c9lectriques Fiables et Innovantes","article_publisher":"https:\/\/www.facebook.com\/profile.php?id=61578000361796","og_image":[{"width":700,"height":700,"url":"https:\/\/btmtelectric.com\/wp-content\/uploads\/2025\/08\/disj-shint-28.jpg","type":"image\/jpeg"}],"twitter_card":"summary_large_image","twitter_misc":{"Dur\u00e9e de lecture estim\u00e9e":"1 minute"},"schema":{"@context":"https:\/\/schema.org","@graph":[{"@type":"WebPage","@id":"https:\/\/btmtelectric.com\/index.php\/product\/disjoncteur-nbh8-40h-1pn-c10-6ka-chint\/","url":"https:\/\/btmtelectric.com\/index.php\/product\/disjoncteur-nbh8-40h-1pn-c10-6ka-chint\/","name":"DISJONCTEUR NBH8-40H 1P+N C10 6KA CHINT - BTMT ELECTRIC \u2013 Solutions \u00c9lectriques Fiables et Innovantes","isPartOf":{"@id":"https:\/\/btmtelectric.com\/#website"},"primaryImageOfPage":{"@id":"https:\/\/btmtelectric.com\/index.php\/product\/disjoncteur-nbh8-40h-1pn-c10-6ka-chint\/#primaryimage"},"image":{"@id":"https:\/\/btmtelectric.com\/index.php\/product\/disjoncteur-nbh8-40h-1pn-c10-6ka-chint\/#primaryimage"},"thumbnailUrl":"https:\/\/btmtelectric.com\/wp-content\/uploads\/2025\/08\/disj-shint-28.jpg","datePublished":"2025-08-28T08:56:26+00:00","breadcrumb":{"@id":"https:\/\/btmtelectric.com\/index.php\/product\/disjoncteur-nbh8-40h-1pn-c10-6ka-chint\/#breadcrumb"},"inLanguage":"fr-FR","potentialAction":[{"@type":"ReadAction","target":["https:\/\/btmtelectric.com\/index.php\/product\/disjoncteur-nbh8-40h-1pn-c10-6ka-chint\/"]}]},{"@type":"ImageObject","inLanguage":"fr-FR","@id":"https:\/\/btmtelectric.com\/index.php\/product\/disjoncteur-nbh8-40h-1pn-c10-6ka-chint\/#primaryimage","url":"https:\/\/btmtelectric.com\/wp-content\/uploads\/2025\/08\/disj-shint-28.jpg","contentUrl":"https:\/\/btmtelectric.com\/wp-content\/uploads\/2025\/08\/disj-shint-28.jpg","width":700,"height":700},{"@type":"BreadcrumbList","@id":"https:\/\/btmtelectric.com\/index.php\/product\/disjoncteur-nbh8-40h-1pn-c10-6ka-chint\/#breadcrumb","itemListElement":[{"@type":"ListItem","position":1,"name":"Accueil","item":"https:\/\/btmtelectric.com\/"},{"@type":"ListItem","position":2,"name":"Boutique","item":"https:\/\/btmtelectric.com\/index.php\/boutique\/"},{"@type":"ListItem","position":3,"name":"DISJONCTEUR NBH8-40H 1P+N C10 6KA CHINT"}]},{"@type":"WebSite","@id":"https:\/\/btmtelectric.com\/#website","url":"https:\/\/btmtelectric.com\/","name":"BTMT ELECTRIC \u2013 Solutions \u00c9lectriques Fiables et Innovantes","description":"","publisher":{"@id":"https:\/\/btmtelectric.com\/#organization"},"potentialAction":[{"@type":"SearchAction","target":{"@type":"EntryPoint","urlTemplate":"https:\/\/btmtelectric.com\/?s={search_term_string}"},"query-input":{"@type":"PropertyValueSpecification","valueRequired":true,"valueName":"search_term_string"}}],"inLanguage":"fr-FR"},{"@type":"Organization","@id":"https:\/\/btmtelectric.com\/#organization","name":"BTMT ELECTRIC \u2013 Solutions \u00c9lectriques Fiables et Innovantes","url":"https:\/\/btmtelectric.com\/","logo":{"@type":"ImageObject","inLanguage":"fr-FR","@id":"https:\/\/btmtelectric.com\/#\/schema\/logo\/image\/","url":"https:\/\/btmtelectric.com\/wp-content\/uploads\/2025\/07\/WhatsApp_Image_2025-07-09_at_11.45.18_AM-removebg-preview-1.png","contentUrl":"https:\/\/btmtelectric.com\/wp-content\/uploads\/2025\/07\/WhatsApp_Image_2025-07-09_at_11.45.18_AM-removebg-preview-1.png","width":175,"height":42,"caption":"BTMT ELECTRIC \u2013 Solutions \u00c9lectriques Fiables et Innovantes"},"image":{"@id":"https:\/\/btmtelectric.com\/#\/schema\/logo\/image\/"},"sameAs":["https:\/\/www.facebook.com\/profile.php?id=61578000361796","https:\/\/www.instagram.com\/btmtelectric\/"]}]}},"_links":{"self":[{"href":"https:\/\/btmtelectric.com\/index.php\/wp-json\/wp\/v2\/product\/8787","targetHints":{"allow":["GET"]}}],"collection":[{"href":"https:\/\/btmtelectric.com\/index.php\/wp-json\/wp\/v2\/product"}],"about":[{"href":"https:\/\/btmtelectric.com\/index.php\/wp-json\/wp\/v2\/types\/product"}],"replies":[{"embeddable":true,"href":"https:\/\/btmtelectric.com\/index.php\/wp-json\/wp\/v2\/comments?post=8787"}],"wp:featuredmedia":[{"embeddable":true,"href":"https:\/\/btmtelectric.com\/index.php\/wp-json\/wp\/v2\/media\/8788"}],"wp:attachment":[{"href":"https:\/\/btmtelectric.com\/index.php\/wp-json\/wp\/v2\/media?parent=8787"}],"wp:term":[{"taxonomy":"product_brand","embeddable":true,"href":"https:\/\/btmtelectric.com\/index.php\/wp-json\/wp\/v2\/product_brand?post=8787"},{"taxonomy":"product_cat","embeddable":true,"href":"https:\/\/btmtelectric.com\/index.php\/wp-json\/wp\/v2\/product_cat?post=8787"},{"taxonomy":"product_tag","embeddable":true,"href":"https:\/\/btmtelectric.com\/index.php\/wp-json\/wp\/v2\/product_tag?post=8787"}],"curies":[{"name":"wp","href":"https:\/\/api.w.org\/{rel}","templated":true}]}}