{"id":8785,"date":"2025-08-28T08:53:26","date_gmt":"2025-08-28T08:53:26","guid":{"rendered":"https:\/\/btmtelectric.com\/?post_type=product&#038;p=8785"},"modified":"2025-08-28T10:48:32","modified_gmt":"2025-08-28T10:48:32","slug":"disjoncteur-nbh8-40h-1pn-c16-6ka-chint","status":"publish","type":"product","link":"https:\/\/btmtelectric.com\/index.php\/product\/disjoncteur-nbh8-40h-1pn-c16-6ka-chint\/","title":{"rendered":"DISJONCTEUR NBH8-40H 1P+N C16 6KA CHINT"},"content":{"rendered":"<h2 data-start=\"110\" data-end=\"160\">Disjoncteur diff\u00e9rentiel NBH8-40H \u2013 16A, 1P+N<\/h2>\n<p data-start=\"162\" data-end=\"379\">Le <strong data-start=\"165\" data-end=\"202\">disjoncteur diff\u00e9rentiel NBH8-40H<\/strong> est un \u00e9quipement de s\u00e9curit\u00e9 indispensable pour toute installation \u00e9lectrique. Il assure une <strong data-start=\"297\" data-end=\"320\">protection compl\u00e8te<\/strong> en combinant plusieurs fonctions dans un seul appareil :<\/p>\n<ul data-start=\"381\" data-end=\"731\">\n<li data-start=\"381\" data-end=\"445\">\n<p data-start=\"383\" data-end=\"445\"><strong data-start=\"383\" data-end=\"442\">Protection contre les surcharges et les courts-circuits<\/strong>,<\/p>\n<\/li>\n<li data-start=\"446\" data-end=\"580\">\n<p data-start=\"448\" data-end=\"580\"><strong data-start=\"448\" data-end=\"477\">Protection diff\u00e9rentielle<\/strong>, essentielle pour la s\u00e9curit\u00e9 des personnes contre les fuites de courant et les d\u00e9fauts d\u2019isolement,<\/p>\n<\/li>\n<li data-start=\"581\" data-end=\"731\">\n<p data-start=\"583\" data-end=\"731\"><strong data-start=\"583\" data-end=\"608\">Fonction interrupteur<\/strong> et <strong data-start=\"612\" data-end=\"625\">isolation<\/strong>, permettant de couper facilement l\u2019alimentation lors des op\u00e9rations de maintenance ou en cas de besoin.<\/p>\n<\/li>\n<\/ul>\n<p data-start=\"733\" data-end=\"919\">Fiable, robuste et simple \u00e0 int\u00e9grer, il est parfaitement adapt\u00e9 aussi bien aux <strong data-start=\"813\" data-end=\"842\">installations domestiques<\/strong> qu\u2019aux <strong data-start=\"850\" data-end=\"916\">r\u00e9seaux de distribution \u00e9lectriques commerciaux et industriels<\/strong>.<\/p>\n<h3 data-start=\"926\" data-end=\"959\">Caract\u00e9ristiques techniques<\/h3>\n<ul data-start=\"961\" data-end=\"1476\">\n<li data-start=\"961\" data-end=\"996\">\n<p data-start=\"963\" data-end=\"996\"><strong data-start=\"963\" data-end=\"987\">Courant assign\u00e9 (In)<\/strong> : 16 A<\/p>\n<\/li>\n<li data-start=\"997\" data-end=\"1027\">\n<p data-start=\"999\" data-end=\"1027\"><strong data-start=\"999\" data-end=\"1018\">Nombre de p\u00f4les<\/strong> : 1P+N<\/p>\n<\/li>\n<li data-start=\"1028\" data-end=\"1065\">\n<p data-start=\"1030\" data-end=\"1065\"><strong data-start=\"1030\" data-end=\"1055\">Tension assign\u00e9e (Ue)<\/strong> : 230 V<\/p>\n<\/li>\n<li data-start=\"1066\" data-end=\"1103\">\n<p data-start=\"1068\" data-end=\"1103\"><strong data-start=\"1068\" data-end=\"1090\">Fr\u00e9quence nominale<\/strong> : 50\/60 Hz<\/p>\n<\/li>\n<li data-start=\"1104\" data-end=\"1208\">\n<p data-start=\"1106\" data-end=\"1208\"><strong data-start=\"1106\" data-end=\"1128\">Pouvoir de coupure<\/strong> : 6 000 A, assurant une coupure rapide m\u00eame en cas de court-circuit important<\/p>\n<h3 data-start=\"1483\" data-end=\"1501\">Points forts<\/h3>\n<ul data-start=\"1503\" data-end=\"1873\">\n<li data-start=\"1503\" data-end=\"1566\">\n<p data-start=\"1505\" data-end=\"1566\"><strong data-start=\"1505\" data-end=\"1524\">Double s\u00e9curit\u00e9<\/strong> : prot\u00e8ge les circuits et les personnes<\/p>\n<\/li>\n<li data-start=\"1567\" data-end=\"1654\">\n<p data-start=\"1569\" data-end=\"1654\"><strong data-start=\"1569\" data-end=\"1584\">Calibre 16A<\/strong>, id\u00e9al pour les circuits d\u2019\u00e9clairage et certaines prises de courant<\/p>\n<\/li>\n<li data-start=\"1655\" data-end=\"1727\">\n<p data-start=\"1657\" data-end=\"1727\"><strong data-start=\"1657\" data-end=\"1679\">Fiabilit\u00e9 \u00e9prouv\u00e9e<\/strong> : longue dur\u00e9e de vie m\u00e9canique et \u00e9lectrique<\/p>\n<\/li>\n<li data-start=\"1728\" data-end=\"1795\">\n<p data-start=\"1730\" data-end=\"1795\"><strong data-start=\"1730\" data-end=\"1753\">Installation facile<\/strong> dans tous types de tableaux \u00e9lectriques<\/p>\n<\/li>\n<li data-start=\"1796\" data-end=\"1873\">\n<p data-start=\"1798\" data-end=\"1873\"><strong data-start=\"1798\" data-end=\"1839\">Conformit\u00e9 aux normes internationales<\/strong>, gage de qualit\u00e9 et de s\u00e9curit\u00e9<\/p>\n<\/li>\n<\/ul>\n<\/li>\n<\/ul>\n","protected":false},"excerpt":{"rendered":"<p>Disjoncteur diff\u00e9rentiel NBH8-40H \u2013 16A, 1P+N Le disjoncteur diff\u00e9rentiel NBH8-40H est un \u00e9quipement de s\u00e9curit\u00e9 indispensable pour toute installation \u00e9lectrique. Il assure une protection compl\u00e8te en combinant plusieurs fonctions dans<\/p>\n","protected":false},"featured_media":8818,"comment_status":"open","ping_status":"closed","template":"","meta":{"_acf_changed":false,"content-type":""},"product_brand":[],"product_cat":[367],"product_tag":[],"class_list":{"0":"post-8785","1":"product","2":"type-product","3":"status-publish","4":"has-post-thumbnail","6":"product_cat-disjoncteurs","8":"first","9":"instock","10":"shipping-taxable","11":"purchasable","12":"product-type-simple"},"acf":[],"yoast_head":"<!-- This site is optimized with the Yoast SEO plugin v27.3 - https:\/\/yoast.com\/product\/yoast-seo-wordpress\/ -->\n<title>DISJONCTEUR NBH8-40H 1P+N C16 6KA CHINT - BTMT ELECTRIC \u2013 Solutions \u00c9lectriques Fiables et Innovantes<\/title>\n<meta name=\"robots\" content=\"index, follow, max-snippet:-1, max-image-preview:large, max-video-preview:-1\" \/>\n<link rel=\"canonical\" href=\"https:\/\/btmtelectric.com\/index.php\/product\/disjoncteur-nbh8-40h-1pn-c16-6ka-chint\/\" \/>\n<meta property=\"og:locale\" content=\"fr_FR\" \/>\n<meta property=\"og:type\" content=\"article\" \/>\n<meta property=\"og:title\" content=\"DISJONCTEUR NBH8-40H 1P+N C16 6KA CHINT - BTMT ELECTRIC \u2013 Solutions \u00c9lectriques Fiables et Innovantes\" \/>\n<meta property=\"og:description\" content=\"Disjoncteur diff\u00e9rentiel NBH8-40H \u2013 16A, 1P+N Le disjoncteur diff\u00e9rentiel NBH8-40H est un \u00e9quipement de s\u00e9curit\u00e9 indispensable pour toute installation \u00e9lectrique. Il assure une protection compl\u00e8te en combinant plusieurs fonctions dans\" \/>\n<meta property=\"og:url\" content=\"https:\/\/btmtelectric.com\/index.php\/product\/disjoncteur-nbh8-40h-1pn-c16-6ka-chint\/\" \/>\n<meta property=\"og:site_name\" content=\"BTMT ELECTRIC \u2013 Solutions \u00c9lectriques Fiables et Innovantes\" \/>\n<meta property=\"article:publisher\" content=\"https:\/\/www.facebook.com\/profile.php?id=61578000361796\" \/>\n<meta property=\"article:modified_time\" content=\"2025-08-28T10:48:32+00:00\" \/>\n<meta property=\"og:image\" content=\"https:\/\/btmtelectric.com\/wp-content\/uploads\/2025\/08\/disj-1p-16.jpg\" \/>\n\t<meta property=\"og:image:width\" content=\"733\" \/>\n\t<meta property=\"og:image:height\" content=\"1200\" \/>\n\t<meta property=\"og:image:type\" content=\"image\/jpeg\" \/>\n<meta name=\"twitter:card\" content=\"summary_large_image\" \/>\n<meta name=\"twitter:label1\" content=\"Dur\u00e9e de lecture estim\u00e9e\" \/>\n\t<meta name=\"twitter:data1\" content=\"1 minute\" \/>\n<script type=\"application\/ld+json\" class=\"yoast-schema-graph\">{\"@context\":\"https:\\\/\\\/schema.org\",\"@graph\":[{\"@type\":\"WebPage\",\"@id\":\"https:\\\/\\\/btmtelectric.com\\\/index.php\\\/product\\\/disjoncteur-nbh8-40h-1pn-c16-6ka-chint\\\/\",\"url\":\"https:\\\/\\\/btmtelectric.com\\\/index.php\\\/product\\\/disjoncteur-nbh8-40h-1pn-c16-6ka-chint\\\/\",\"name\":\"DISJONCTEUR NBH8-40H 1P+N C16 6KA CHINT - BTMT ELECTRIC \u2013 Solutions \u00c9lectriques Fiables et Innovantes\",\"isPartOf\":{\"@id\":\"https:\\\/\\\/btmtelectric.com\\\/#website\"},\"primaryImageOfPage\":{\"@id\":\"https:\\\/\\\/btmtelectric.com\\\/index.php\\\/product\\\/disjoncteur-nbh8-40h-1pn-c16-6ka-chint\\\/#primaryimage\"},\"image\":{\"@id\":\"https:\\\/\\\/btmtelectric.com\\\/index.php\\\/product\\\/disjoncteur-nbh8-40h-1pn-c16-6ka-chint\\\/#primaryimage\"},\"thumbnailUrl\":\"https:\\\/\\\/btmtelectric.com\\\/wp-content\\\/uploads\\\/2025\\\/08\\\/disj-1p-16.jpg\",\"datePublished\":\"2025-08-28T08:53:26+00:00\",\"dateModified\":\"2025-08-28T10:48:32+00:00\",\"breadcrumb\":{\"@id\":\"https:\\\/\\\/btmtelectric.com\\\/index.php\\\/product\\\/disjoncteur-nbh8-40h-1pn-c16-6ka-chint\\\/#breadcrumb\"},\"inLanguage\":\"fr-FR\",\"potentialAction\":[{\"@type\":\"ReadAction\",\"target\":[\"https:\\\/\\\/btmtelectric.com\\\/index.php\\\/product\\\/disjoncteur-nbh8-40h-1pn-c16-6ka-chint\\\/\"]}]},{\"@type\":\"ImageObject\",\"inLanguage\":\"fr-FR\",\"@id\":\"https:\\\/\\\/btmtelectric.com\\\/index.php\\\/product\\\/disjoncteur-nbh8-40h-1pn-c16-6ka-chint\\\/#primaryimage\",\"url\":\"https:\\\/\\\/btmtelectric.com\\\/wp-content\\\/uploads\\\/2025\\\/08\\\/disj-1p-16.jpg\",\"contentUrl\":\"https:\\\/\\\/btmtelectric.com\\\/wp-content\\\/uploads\\\/2025\\\/08\\\/disj-1p-16.jpg\",\"width\":733,\"height\":1200},{\"@type\":\"BreadcrumbList\",\"@id\":\"https:\\\/\\\/btmtelectric.com\\\/index.php\\\/product\\\/disjoncteur-nbh8-40h-1pn-c16-6ka-chint\\\/#breadcrumb\",\"itemListElement\":[{\"@type\":\"ListItem\",\"position\":1,\"name\":\"Accueil\",\"item\":\"https:\\\/\\\/btmtelectric.com\\\/\"},{\"@type\":\"ListItem\",\"position\":2,\"name\":\"Boutique\",\"item\":\"https:\\\/\\\/btmtelectric.com\\\/index.php\\\/boutique\\\/\"},{\"@type\":\"ListItem\",\"position\":3,\"name\":\"DISJONCTEUR NBH8-40H 1P+N C16 6KA CHINT\"}]},{\"@type\":\"WebSite\",\"@id\":\"https:\\\/\\\/btmtelectric.com\\\/#website\",\"url\":\"https:\\\/\\\/btmtelectric.com\\\/\",\"name\":\"BTMT ELECTRIC \u2013 Solutions \u00c9lectriques Fiables et Innovantes\",\"description\":\"\",\"publisher\":{\"@id\":\"https:\\\/\\\/btmtelectric.com\\\/#organization\"},\"potentialAction\":[{\"@type\":\"SearchAction\",\"target\":{\"@type\":\"EntryPoint\",\"urlTemplate\":\"https:\\\/\\\/btmtelectric.com\\\/?s={search_term_string}\"},\"query-input\":{\"@type\":\"PropertyValueSpecification\",\"valueRequired\":true,\"valueName\":\"search_term_string\"}}],\"inLanguage\":\"fr-FR\"},{\"@type\":\"Organization\",\"@id\":\"https:\\\/\\\/btmtelectric.com\\\/#organization\",\"name\":\"BTMT ELECTRIC \u2013 Solutions \u00c9lectriques Fiables et Innovantes\",\"url\":\"https:\\\/\\\/btmtelectric.com\\\/\",\"logo\":{\"@type\":\"ImageObject\",\"inLanguage\":\"fr-FR\",\"@id\":\"https:\\\/\\\/btmtelectric.com\\\/#\\\/schema\\\/logo\\\/image\\\/\",\"url\":\"https:\\\/\\\/btmtelectric.com\\\/wp-content\\\/uploads\\\/2025\\\/07\\\/WhatsApp_Image_2025-07-09_at_11.45.18_AM-removebg-preview-1.png\",\"contentUrl\":\"https:\\\/\\\/btmtelectric.com\\\/wp-content\\\/uploads\\\/2025\\\/07\\\/WhatsApp_Image_2025-07-09_at_11.45.18_AM-removebg-preview-1.png\",\"width\":175,\"height\":42,\"caption\":\"BTMT ELECTRIC \u2013 Solutions \u00c9lectriques Fiables et Innovantes\"},\"image\":{\"@id\":\"https:\\\/\\\/btmtelectric.com\\\/#\\\/schema\\\/logo\\\/image\\\/\"},\"sameAs\":[\"https:\\\/\\\/www.facebook.com\\\/profile.php?id=61578000361796\",\"https:\\\/\\\/www.instagram.com\\\/btmtelectric\\\/\"]}]}<\/script>\n<!-- \/ Yoast SEO plugin. -->","yoast_head_json":{"title":"DISJONCTEUR NBH8-40H 1P+N C16 6KA CHINT - BTMT ELECTRIC \u2013 Solutions \u00c9lectriques Fiables et Innovantes","robots":{"index":"index","follow":"follow","max-snippet":"max-snippet:-1","max-image-preview":"max-image-preview:large","max-video-preview":"max-video-preview:-1"},"canonical":"https:\/\/btmtelectric.com\/index.php\/product\/disjoncteur-nbh8-40h-1pn-c16-6ka-chint\/","og_locale":"fr_FR","og_type":"article","og_title":"DISJONCTEUR NBH8-40H 1P+N C16 6KA CHINT - BTMT ELECTRIC \u2013 Solutions \u00c9lectriques Fiables et Innovantes","og_description":"Disjoncteur diff\u00e9rentiel NBH8-40H \u2013 16A, 1P+N Le disjoncteur diff\u00e9rentiel NBH8-40H est un \u00e9quipement de s\u00e9curit\u00e9 indispensable pour toute installation \u00e9lectrique. Il assure une protection compl\u00e8te en combinant plusieurs fonctions dans","og_url":"https:\/\/btmtelectric.com\/index.php\/product\/disjoncteur-nbh8-40h-1pn-c16-6ka-chint\/","og_site_name":"BTMT ELECTRIC \u2013 Solutions \u00c9lectriques Fiables et Innovantes","article_publisher":"https:\/\/www.facebook.com\/profile.php?id=61578000361796","article_modified_time":"2025-08-28T10:48:32+00:00","og_image":[{"width":733,"height":1200,"url":"https:\/\/btmtelectric.com\/wp-content\/uploads\/2025\/08\/disj-1p-16.jpg","type":"image\/jpeg"}],"twitter_card":"summary_large_image","twitter_misc":{"Dur\u00e9e de lecture estim\u00e9e":"1 minute"},"schema":{"@context":"https:\/\/schema.org","@graph":[{"@type":"WebPage","@id":"https:\/\/btmtelectric.com\/index.php\/product\/disjoncteur-nbh8-40h-1pn-c16-6ka-chint\/","url":"https:\/\/btmtelectric.com\/index.php\/product\/disjoncteur-nbh8-40h-1pn-c16-6ka-chint\/","name":"DISJONCTEUR NBH8-40H 1P+N C16 6KA CHINT - BTMT ELECTRIC \u2013 Solutions \u00c9lectriques Fiables et Innovantes","isPartOf":{"@id":"https:\/\/btmtelectric.com\/#website"},"primaryImageOfPage":{"@id":"https:\/\/btmtelectric.com\/index.php\/product\/disjoncteur-nbh8-40h-1pn-c16-6ka-chint\/#primaryimage"},"image":{"@id":"https:\/\/btmtelectric.com\/index.php\/product\/disjoncteur-nbh8-40h-1pn-c16-6ka-chint\/#primaryimage"},"thumbnailUrl":"https:\/\/btmtelectric.com\/wp-content\/uploads\/2025\/08\/disj-1p-16.jpg","datePublished":"2025-08-28T08:53:26+00:00","dateModified":"2025-08-28T10:48:32+00:00","breadcrumb":{"@id":"https:\/\/btmtelectric.com\/index.php\/product\/disjoncteur-nbh8-40h-1pn-c16-6ka-chint\/#breadcrumb"},"inLanguage":"fr-FR","potentialAction":[{"@type":"ReadAction","target":["https:\/\/btmtelectric.com\/index.php\/product\/disjoncteur-nbh8-40h-1pn-c16-6ka-chint\/"]}]},{"@type":"ImageObject","inLanguage":"fr-FR","@id":"https:\/\/btmtelectric.com\/index.php\/product\/disjoncteur-nbh8-40h-1pn-c16-6ka-chint\/#primaryimage","url":"https:\/\/btmtelectric.com\/wp-content\/uploads\/2025\/08\/disj-1p-16.jpg","contentUrl":"https:\/\/btmtelectric.com\/wp-content\/uploads\/2025\/08\/disj-1p-16.jpg","width":733,"height":1200},{"@type":"BreadcrumbList","@id":"https:\/\/btmtelectric.com\/index.php\/product\/disjoncteur-nbh8-40h-1pn-c16-6ka-chint\/#breadcrumb","itemListElement":[{"@type":"ListItem","position":1,"name":"Accueil","item":"https:\/\/btmtelectric.com\/"},{"@type":"ListItem","position":2,"name":"Boutique","item":"https:\/\/btmtelectric.com\/index.php\/boutique\/"},{"@type":"ListItem","position":3,"name":"DISJONCTEUR NBH8-40H 1P+N C16 6KA CHINT"}]},{"@type":"WebSite","@id":"https:\/\/btmtelectric.com\/#website","url":"https:\/\/btmtelectric.com\/","name":"BTMT ELECTRIC \u2013 Solutions \u00c9lectriques Fiables et Innovantes","description":"","publisher":{"@id":"https:\/\/btmtelectric.com\/#organization"},"potentialAction":[{"@type":"SearchAction","target":{"@type":"EntryPoint","urlTemplate":"https:\/\/btmtelectric.com\/?s={search_term_string}"},"query-input":{"@type":"PropertyValueSpecification","valueRequired":true,"valueName":"search_term_string"}}],"inLanguage":"fr-FR"},{"@type":"Organization","@id":"https:\/\/btmtelectric.com\/#organization","name":"BTMT ELECTRIC \u2013 Solutions \u00c9lectriques Fiables et Innovantes","url":"https:\/\/btmtelectric.com\/","logo":{"@type":"ImageObject","inLanguage":"fr-FR","@id":"https:\/\/btmtelectric.com\/#\/schema\/logo\/image\/","url":"https:\/\/btmtelectric.com\/wp-content\/uploads\/2025\/07\/WhatsApp_Image_2025-07-09_at_11.45.18_AM-removebg-preview-1.png","contentUrl":"https:\/\/btmtelectric.com\/wp-content\/uploads\/2025\/07\/WhatsApp_Image_2025-07-09_at_11.45.18_AM-removebg-preview-1.png","width":175,"height":42,"caption":"BTMT ELECTRIC \u2013 Solutions \u00c9lectriques Fiables et Innovantes"},"image":{"@id":"https:\/\/btmtelectric.com\/#\/schema\/logo\/image\/"},"sameAs":["https:\/\/www.facebook.com\/profile.php?id=61578000361796","https:\/\/www.instagram.com\/btmtelectric\/"]}]}},"_links":{"self":[{"href":"https:\/\/btmtelectric.com\/index.php\/wp-json\/wp\/v2\/product\/8785","targetHints":{"allow":["GET"]}}],"collection":[{"href":"https:\/\/btmtelectric.com\/index.php\/wp-json\/wp\/v2\/product"}],"about":[{"href":"https:\/\/btmtelectric.com\/index.php\/wp-json\/wp\/v2\/types\/product"}],"replies":[{"embeddable":true,"href":"https:\/\/btmtelectric.com\/index.php\/wp-json\/wp\/v2\/comments?post=8785"}],"wp:featuredmedia":[{"embeddable":true,"href":"https:\/\/btmtelectric.com\/index.php\/wp-json\/wp\/v2\/media\/8818"}],"wp:attachment":[{"href":"https:\/\/btmtelectric.com\/index.php\/wp-json\/wp\/v2\/media?parent=8785"}],"wp:term":[{"taxonomy":"product_brand","embeddable":true,"href":"https:\/\/btmtelectric.com\/index.php\/wp-json\/wp\/v2\/product_brand?post=8785"},{"taxonomy":"product_cat","embeddable":true,"href":"https:\/\/btmtelectric.com\/index.php\/wp-json\/wp\/v2\/product_cat?post=8785"},{"taxonomy":"product_tag","embeddable":true,"href":"https:\/\/btmtelectric.com\/index.php\/wp-json\/wp\/v2\/product_tag?post=8785"}],"curies":[{"name":"wp","href":"https:\/\/api.w.org\/{rel}","templated":true}]}}