{"id":8781,"date":"2025-08-28T08:44:51","date_gmt":"2025-08-28T08:44:51","guid":{"rendered":"https:\/\/btmtelectric.com\/?post_type=product&#038;p=8781"},"modified":"2025-08-28T11:07:43","modified_gmt":"2025-08-28T11:07:43","slug":"disjoncteur-nbh8-40h-1pn-c25-6ka-chint","status":"publish","type":"product","link":"https:\/\/btmtelectric.com\/index.php\/product\/disjoncteur-nbh8-40h-1pn-c25-6ka-chint\/","title":{"rendered":"DISJONCTEUR NBH8-40H 1P+N C25 6KA CHINT"},"content":{"rendered":"<h3 data-start=\"110\" data-end=\"161\">Disjoncteur diff\u00e9rentiel NBH8-40H \u2013 25A, 1P+N<\/h3>\n<p data-start=\"163\" data-end=\"358\">Le <strong data-start=\"166\" data-end=\"203\">disjoncteur diff\u00e9rentiel NBH8-40H<\/strong> est un dispositif de protection indispensable pour garantir la <strong data-start=\"267\" data-end=\"309\">s\u00e9curit\u00e9 des installations \u00e9lectriques<\/strong>. Il combine plusieurs fonctions :<\/p>\n<ul data-start=\"359\" data-end=\"691\">\n<li data-start=\"359\" data-end=\"444\">\n<p data-start=\"361\" data-end=\"444\"><strong data-start=\"361\" data-end=\"388\">Protection des circuits<\/strong> contre les <strong data-start=\"400\" data-end=\"414\">surcharges<\/strong> et les <strong data-start=\"422\" data-end=\"441\">courts-circuits<\/strong>,<\/p>\n<\/li>\n<li data-start=\"445\" data-end=\"580\">\n<p data-start=\"447\" data-end=\"580\"><strong data-start=\"447\" data-end=\"475\">Protection des personnes<\/strong> gr\u00e2ce \u00e0 la fonction <strong data-start=\"496\" data-end=\"514\">diff\u00e9rentielle<\/strong>, qui d\u00e9tecte et coupe imm\u00e9diatement en cas de fuite de courant,<\/p>\n<\/li>\n<li data-start=\"581\" data-end=\"691\">\n<p data-start=\"583\" data-end=\"691\">R\u00f4le d\u2019<strong data-start=\"590\" data-end=\"606\">interrupteur<\/strong> et d\u2019<strong data-start=\"612\" data-end=\"634\">organe d\u2019isolation<\/strong>, permettant une mise hors tension rapide et s\u00e9curis\u00e9e.<\/p>\n<\/li>\n<\/ul>\n<p data-start=\"693\" data-end=\"925\">Con\u00e7u pour \u00eatre <strong data-start=\"709\" data-end=\"730\">fiable et durable<\/strong>, il convient aussi bien aux <strong data-start=\"759\" data-end=\"788\">installations domestiques<\/strong> qu\u2019aux <strong data-start=\"796\" data-end=\"862\">r\u00e9seaux de distribution \u00e9lectriques commerciaux et industriels<\/strong>, o\u00f9 la s\u00fbret\u00e9 et la continuit\u00e9 de service sont essentielles.<\/p>\n<h3 data-start=\"932\" data-end=\"965\">Caract\u00e9ristiques techniques<\/h3>\n<ul data-start=\"967\" data-end=\"1496\">\n<li data-start=\"967\" data-end=\"1002\">\n<p data-start=\"969\" data-end=\"1002\"><strong data-start=\"969\" data-end=\"993\">Courant assign\u00e9 (In)<\/strong> : 25 A<\/p>\n<\/li>\n<li data-start=\"1003\" data-end=\"1033\">\n<p data-start=\"1005\" data-end=\"1033\"><strong data-start=\"1005\" data-end=\"1024\">Nombre de p\u00f4les<\/strong> : 1P+N<\/p>\n<\/li>\n<li data-start=\"1034\" data-end=\"1071\">\n<p data-start=\"1036\" data-end=\"1071\"><strong data-start=\"1036\" data-end=\"1061\">Tension assign\u00e9e (Ue)<\/strong> : 230 V<\/p>\n<\/li>\n<li data-start=\"1072\" data-end=\"1109\">\n<p data-start=\"1074\" data-end=\"1109\"><strong data-start=\"1074\" data-end=\"1096\">Fr\u00e9quence nominale<\/strong> : 50\/60 Hz<\/p>\n<\/li>\n<li data-start=\"1110\" data-end=\"1216\">\n<p data-start=\"1112\" data-end=\"1216\"><strong data-start=\"1112\" data-end=\"1134\">Pouvoir de coupure<\/strong> : 6 000 A, garantissant une coupure efficace m\u00eame en cas de court-circuit \u00e9lev\u00e9<\/p>\n<\/li>\n<li data-start=\"1217\" data-end=\"1274\">\n<p data-start=\"1219\" data-end=\"1274\"><strong data-start=\"1219\" data-end=\"1246\">Dur\u00e9e de vie \u00e9lectrique<\/strong> : environ 8 000 man\u0153uvres<\/p>\n<h3 data-start=\"1503\" data-end=\"1521\">Points forts<\/h3>\n<ul data-start=\"1522\" data-end=\"1875\">\n<li data-start=\"1522\" data-end=\"1598\">\n<p data-start=\"1524\" data-end=\"1598\"><strong data-start=\"1524\" data-end=\"1543\">S\u00e9curit\u00e9 totale<\/strong> : prot\u00e8ge \u00e0 la fois les \u00e9quipements et les personnes<\/p>\n<\/li>\n<li data-start=\"1599\" data-end=\"1681\">\n<p data-start=\"1601\" data-end=\"1681\"><strong data-start=\"1601\" data-end=\"1630\">Polyvalence d\u2019utilisation<\/strong> : adapt\u00e9 au r\u00e9sidentiel, tertiaire et industriel<\/p>\n<\/li>\n<li data-start=\"1682\" data-end=\"1752\">\n<p data-start=\"1684\" data-end=\"1752\"><strong data-start=\"1684\" data-end=\"1704\">Grande fiabilit\u00e9<\/strong> : dur\u00e9e de vie m\u00e9canique et \u00e9lectrique \u00e9lev\u00e9e<\/p>\n<\/li>\n<li data-start=\"1753\" data-end=\"1819\">\n<p data-start=\"1755\" data-end=\"1819\"><strong data-start=\"1755\" data-end=\"1788\">Installation simple et rapide<\/strong> dans tout tableau \u00e9lectrique<\/p>\n<\/li>\n<li data-start=\"1820\" data-end=\"1875\">\n<p data-start=\"1822\" data-end=\"1875\">Conforme aux <strong data-start=\"1835\" data-end=\"1873\">normes internationales de s\u00e9curit\u00e9<\/strong><\/p>\n<\/li>\n<\/ul>\n<\/li>\n<\/ul>\n<p data-start=\"693\" data-end=\"925\">\n","protected":false},"excerpt":{"rendered":"<p>Disjoncteur diff\u00e9rentiel NBH8-40H \u2013 25A, 1P+N Le disjoncteur diff\u00e9rentiel NBH8-40H est un dispositif de protection indispensable pour garantir la s\u00e9curit\u00e9 des installations \u00e9lectriques. Il combine plusieurs fonctions : Protection des<\/p>\n","protected":false},"featured_media":8821,"comment_status":"open","ping_status":"closed","template":"","meta":{"_acf_changed":false,"content-type":""},"product_brand":[],"product_cat":[367],"product_tag":[],"class_list":{"0":"post-8781","1":"product","2":"type-product","3":"status-publish","4":"has-post-thumbnail","6":"product_cat-disjoncteurs","8":"first","9":"instock","10":"shipping-taxable","11":"purchasable","12":"product-type-simple"},"acf":[],"yoast_head":"<!-- This site is optimized with the Yoast SEO plugin v27.3 - https:\/\/yoast.com\/product\/yoast-seo-wordpress\/ -->\n<title>DISJONCTEUR NBH8-40H 1P+N C25 6KA CHINT - BTMT ELECTRIC \u2013 Solutions \u00c9lectriques Fiables et Innovantes<\/title>\n<meta name=\"robots\" content=\"index, follow, max-snippet:-1, max-image-preview:large, max-video-preview:-1\" \/>\n<link rel=\"canonical\" href=\"https:\/\/btmtelectric.com\/index.php\/product\/disjoncteur-nbh8-40h-1pn-c25-6ka-chint\/\" \/>\n<meta property=\"og:locale\" content=\"fr_FR\" \/>\n<meta property=\"og:type\" content=\"article\" \/>\n<meta property=\"og:title\" content=\"DISJONCTEUR NBH8-40H 1P+N C25 6KA CHINT - BTMT ELECTRIC \u2013 Solutions \u00c9lectriques Fiables et Innovantes\" \/>\n<meta property=\"og:description\" content=\"Disjoncteur diff\u00e9rentiel NBH8-40H \u2013 25A, 1P+N Le disjoncteur diff\u00e9rentiel NBH8-40H est un dispositif de protection indispensable pour garantir la s\u00e9curit\u00e9 des installations \u00e9lectriques. Il combine plusieurs fonctions : Protection des\" \/>\n<meta property=\"og:url\" content=\"https:\/\/btmtelectric.com\/index.php\/product\/disjoncteur-nbh8-40h-1pn-c25-6ka-chint\/\" \/>\n<meta property=\"og:site_name\" content=\"BTMT ELECTRIC \u2013 Solutions \u00c9lectriques Fiables et Innovantes\" \/>\n<meta property=\"article:publisher\" content=\"https:\/\/www.facebook.com\/profile.php?id=61578000361796\" \/>\n<meta property=\"article:modified_time\" content=\"2025-08-28T11:07:43+00:00\" \/>\n<meta property=\"og:image\" content=\"https:\/\/btmtelectric.com\/wp-content\/uploads\/2025\/08\/disj-NBH-25-1P.jpg\" \/>\n\t<meta property=\"og:image:width\" content=\"600\" \/>\n\t<meta property=\"og:image:height\" content=\"600\" \/>\n\t<meta property=\"og:image:type\" content=\"image\/jpeg\" \/>\n<meta name=\"twitter:card\" content=\"summary_large_image\" \/>\n<meta name=\"twitter:label1\" content=\"Dur\u00e9e de lecture estim\u00e9e\" \/>\n\t<meta name=\"twitter:data1\" content=\"1 minute\" \/>\n<script type=\"application\/ld+json\" class=\"yoast-schema-graph\">{\"@context\":\"https:\\\/\\\/schema.org\",\"@graph\":[{\"@type\":\"WebPage\",\"@id\":\"https:\\\/\\\/btmtelectric.com\\\/index.php\\\/product\\\/disjoncteur-nbh8-40h-1pn-c25-6ka-chint\\\/\",\"url\":\"https:\\\/\\\/btmtelectric.com\\\/index.php\\\/product\\\/disjoncteur-nbh8-40h-1pn-c25-6ka-chint\\\/\",\"name\":\"DISJONCTEUR NBH8-40H 1P+N C25 6KA CHINT - BTMT ELECTRIC \u2013 Solutions \u00c9lectriques Fiables et Innovantes\",\"isPartOf\":{\"@id\":\"https:\\\/\\\/btmtelectric.com\\\/#website\"},\"primaryImageOfPage\":{\"@id\":\"https:\\\/\\\/btmtelectric.com\\\/index.php\\\/product\\\/disjoncteur-nbh8-40h-1pn-c25-6ka-chint\\\/#primaryimage\"},\"image\":{\"@id\":\"https:\\\/\\\/btmtelectric.com\\\/index.php\\\/product\\\/disjoncteur-nbh8-40h-1pn-c25-6ka-chint\\\/#primaryimage\"},\"thumbnailUrl\":\"https:\\\/\\\/btmtelectric.com\\\/wp-content\\\/uploads\\\/2025\\\/08\\\/disj-NBH-25-1P.jpg\",\"datePublished\":\"2025-08-28T08:44:51+00:00\",\"dateModified\":\"2025-08-28T11:07:43+00:00\",\"breadcrumb\":{\"@id\":\"https:\\\/\\\/btmtelectric.com\\\/index.php\\\/product\\\/disjoncteur-nbh8-40h-1pn-c25-6ka-chint\\\/#breadcrumb\"},\"inLanguage\":\"fr-FR\",\"potentialAction\":[{\"@type\":\"ReadAction\",\"target\":[\"https:\\\/\\\/btmtelectric.com\\\/index.php\\\/product\\\/disjoncteur-nbh8-40h-1pn-c25-6ka-chint\\\/\"]}]},{\"@type\":\"ImageObject\",\"inLanguage\":\"fr-FR\",\"@id\":\"https:\\\/\\\/btmtelectric.com\\\/index.php\\\/product\\\/disjoncteur-nbh8-40h-1pn-c25-6ka-chint\\\/#primaryimage\",\"url\":\"https:\\\/\\\/btmtelectric.com\\\/wp-content\\\/uploads\\\/2025\\\/08\\\/disj-NBH-25-1P.jpg\",\"contentUrl\":\"https:\\\/\\\/btmtelectric.com\\\/wp-content\\\/uploads\\\/2025\\\/08\\\/disj-NBH-25-1P.jpg\",\"width\":600,\"height\":600},{\"@type\":\"BreadcrumbList\",\"@id\":\"https:\\\/\\\/btmtelectric.com\\\/index.php\\\/product\\\/disjoncteur-nbh8-40h-1pn-c25-6ka-chint\\\/#breadcrumb\",\"itemListElement\":[{\"@type\":\"ListItem\",\"position\":1,\"name\":\"Accueil\",\"item\":\"https:\\\/\\\/btmtelectric.com\\\/\"},{\"@type\":\"ListItem\",\"position\":2,\"name\":\"Boutique\",\"item\":\"https:\\\/\\\/btmtelectric.com\\\/index.php\\\/boutique\\\/\"},{\"@type\":\"ListItem\",\"position\":3,\"name\":\"DISJONCTEUR NBH8-40H 1P+N C25 6KA CHINT\"}]},{\"@type\":\"WebSite\",\"@id\":\"https:\\\/\\\/btmtelectric.com\\\/#website\",\"url\":\"https:\\\/\\\/btmtelectric.com\\\/\",\"name\":\"BTMT ELECTRIC \u2013 Solutions \u00c9lectriques Fiables et Innovantes\",\"description\":\"\",\"publisher\":{\"@id\":\"https:\\\/\\\/btmtelectric.com\\\/#organization\"},\"potentialAction\":[{\"@type\":\"SearchAction\",\"target\":{\"@type\":\"EntryPoint\",\"urlTemplate\":\"https:\\\/\\\/btmtelectric.com\\\/?s={search_term_string}\"},\"query-input\":{\"@type\":\"PropertyValueSpecification\",\"valueRequired\":true,\"valueName\":\"search_term_string\"}}],\"inLanguage\":\"fr-FR\"},{\"@type\":\"Organization\",\"@id\":\"https:\\\/\\\/btmtelectric.com\\\/#organization\",\"name\":\"BTMT ELECTRIC \u2013 Solutions \u00c9lectriques Fiables et Innovantes\",\"url\":\"https:\\\/\\\/btmtelectric.com\\\/\",\"logo\":{\"@type\":\"ImageObject\",\"inLanguage\":\"fr-FR\",\"@id\":\"https:\\\/\\\/btmtelectric.com\\\/#\\\/schema\\\/logo\\\/image\\\/\",\"url\":\"https:\\\/\\\/btmtelectric.com\\\/wp-content\\\/uploads\\\/2025\\\/07\\\/WhatsApp_Image_2025-07-09_at_11.45.18_AM-removebg-preview-1.png\",\"contentUrl\":\"https:\\\/\\\/btmtelectric.com\\\/wp-content\\\/uploads\\\/2025\\\/07\\\/WhatsApp_Image_2025-07-09_at_11.45.18_AM-removebg-preview-1.png\",\"width\":175,\"height\":42,\"caption\":\"BTMT ELECTRIC \u2013 Solutions \u00c9lectriques Fiables et Innovantes\"},\"image\":{\"@id\":\"https:\\\/\\\/btmtelectric.com\\\/#\\\/schema\\\/logo\\\/image\\\/\"},\"sameAs\":[\"https:\\\/\\\/www.facebook.com\\\/profile.php?id=61578000361796\",\"https:\\\/\\\/www.instagram.com\\\/btmtelectric\\\/\"]}]}<\/script>\n<!-- \/ Yoast SEO plugin. -->","yoast_head_json":{"title":"DISJONCTEUR NBH8-40H 1P+N C25 6KA CHINT - BTMT ELECTRIC \u2013 Solutions \u00c9lectriques Fiables et Innovantes","robots":{"index":"index","follow":"follow","max-snippet":"max-snippet:-1","max-image-preview":"max-image-preview:large","max-video-preview":"max-video-preview:-1"},"canonical":"https:\/\/btmtelectric.com\/index.php\/product\/disjoncteur-nbh8-40h-1pn-c25-6ka-chint\/","og_locale":"fr_FR","og_type":"article","og_title":"DISJONCTEUR NBH8-40H 1P+N C25 6KA CHINT - BTMT ELECTRIC \u2013 Solutions \u00c9lectriques Fiables et Innovantes","og_description":"Disjoncteur diff\u00e9rentiel NBH8-40H \u2013 25A, 1P+N Le disjoncteur diff\u00e9rentiel NBH8-40H est un dispositif de protection indispensable pour garantir la s\u00e9curit\u00e9 des installations \u00e9lectriques. Il combine plusieurs fonctions : Protection des","og_url":"https:\/\/btmtelectric.com\/index.php\/product\/disjoncteur-nbh8-40h-1pn-c25-6ka-chint\/","og_site_name":"BTMT ELECTRIC \u2013 Solutions \u00c9lectriques Fiables et Innovantes","article_publisher":"https:\/\/www.facebook.com\/profile.php?id=61578000361796","article_modified_time":"2025-08-28T11:07:43+00:00","og_image":[{"width":600,"height":600,"url":"https:\/\/btmtelectric.com\/wp-content\/uploads\/2025\/08\/disj-NBH-25-1P.jpg","type":"image\/jpeg"}],"twitter_card":"summary_large_image","twitter_misc":{"Dur\u00e9e de lecture estim\u00e9e":"1 minute"},"schema":{"@context":"https:\/\/schema.org","@graph":[{"@type":"WebPage","@id":"https:\/\/btmtelectric.com\/index.php\/product\/disjoncteur-nbh8-40h-1pn-c25-6ka-chint\/","url":"https:\/\/btmtelectric.com\/index.php\/product\/disjoncteur-nbh8-40h-1pn-c25-6ka-chint\/","name":"DISJONCTEUR NBH8-40H 1P+N C25 6KA CHINT - BTMT ELECTRIC \u2013 Solutions \u00c9lectriques Fiables et Innovantes","isPartOf":{"@id":"https:\/\/btmtelectric.com\/#website"},"primaryImageOfPage":{"@id":"https:\/\/btmtelectric.com\/index.php\/product\/disjoncteur-nbh8-40h-1pn-c25-6ka-chint\/#primaryimage"},"image":{"@id":"https:\/\/btmtelectric.com\/index.php\/product\/disjoncteur-nbh8-40h-1pn-c25-6ka-chint\/#primaryimage"},"thumbnailUrl":"https:\/\/btmtelectric.com\/wp-content\/uploads\/2025\/08\/disj-NBH-25-1P.jpg","datePublished":"2025-08-28T08:44:51+00:00","dateModified":"2025-08-28T11:07:43+00:00","breadcrumb":{"@id":"https:\/\/btmtelectric.com\/index.php\/product\/disjoncteur-nbh8-40h-1pn-c25-6ka-chint\/#breadcrumb"},"inLanguage":"fr-FR","potentialAction":[{"@type":"ReadAction","target":["https:\/\/btmtelectric.com\/index.php\/product\/disjoncteur-nbh8-40h-1pn-c25-6ka-chint\/"]}]},{"@type":"ImageObject","inLanguage":"fr-FR","@id":"https:\/\/btmtelectric.com\/index.php\/product\/disjoncteur-nbh8-40h-1pn-c25-6ka-chint\/#primaryimage","url":"https:\/\/btmtelectric.com\/wp-content\/uploads\/2025\/08\/disj-NBH-25-1P.jpg","contentUrl":"https:\/\/btmtelectric.com\/wp-content\/uploads\/2025\/08\/disj-NBH-25-1P.jpg","width":600,"height":600},{"@type":"BreadcrumbList","@id":"https:\/\/btmtelectric.com\/index.php\/product\/disjoncteur-nbh8-40h-1pn-c25-6ka-chint\/#breadcrumb","itemListElement":[{"@type":"ListItem","position":1,"name":"Accueil","item":"https:\/\/btmtelectric.com\/"},{"@type":"ListItem","position":2,"name":"Boutique","item":"https:\/\/btmtelectric.com\/index.php\/boutique\/"},{"@type":"ListItem","position":3,"name":"DISJONCTEUR NBH8-40H 1P+N C25 6KA CHINT"}]},{"@type":"WebSite","@id":"https:\/\/btmtelectric.com\/#website","url":"https:\/\/btmtelectric.com\/","name":"BTMT ELECTRIC \u2013 Solutions \u00c9lectriques Fiables et Innovantes","description":"","publisher":{"@id":"https:\/\/btmtelectric.com\/#organization"},"potentialAction":[{"@type":"SearchAction","target":{"@type":"EntryPoint","urlTemplate":"https:\/\/btmtelectric.com\/?s={search_term_string}"},"query-input":{"@type":"PropertyValueSpecification","valueRequired":true,"valueName":"search_term_string"}}],"inLanguage":"fr-FR"},{"@type":"Organization","@id":"https:\/\/btmtelectric.com\/#organization","name":"BTMT ELECTRIC \u2013 Solutions \u00c9lectriques Fiables et Innovantes","url":"https:\/\/btmtelectric.com\/","logo":{"@type":"ImageObject","inLanguage":"fr-FR","@id":"https:\/\/btmtelectric.com\/#\/schema\/logo\/image\/","url":"https:\/\/btmtelectric.com\/wp-content\/uploads\/2025\/07\/WhatsApp_Image_2025-07-09_at_11.45.18_AM-removebg-preview-1.png","contentUrl":"https:\/\/btmtelectric.com\/wp-content\/uploads\/2025\/07\/WhatsApp_Image_2025-07-09_at_11.45.18_AM-removebg-preview-1.png","width":175,"height":42,"caption":"BTMT ELECTRIC \u2013 Solutions \u00c9lectriques Fiables et Innovantes"},"image":{"@id":"https:\/\/btmtelectric.com\/#\/schema\/logo\/image\/"},"sameAs":["https:\/\/www.facebook.com\/profile.php?id=61578000361796","https:\/\/www.instagram.com\/btmtelectric\/"]}]}},"_links":{"self":[{"href":"https:\/\/btmtelectric.com\/index.php\/wp-json\/wp\/v2\/product\/8781","targetHints":{"allow":["GET"]}}],"collection":[{"href":"https:\/\/btmtelectric.com\/index.php\/wp-json\/wp\/v2\/product"}],"about":[{"href":"https:\/\/btmtelectric.com\/index.php\/wp-json\/wp\/v2\/types\/product"}],"replies":[{"embeddable":true,"href":"https:\/\/btmtelectric.com\/index.php\/wp-json\/wp\/v2\/comments?post=8781"}],"wp:featuredmedia":[{"embeddable":true,"href":"https:\/\/btmtelectric.com\/index.php\/wp-json\/wp\/v2\/media\/8821"}],"wp:attachment":[{"href":"https:\/\/btmtelectric.com\/index.php\/wp-json\/wp\/v2\/media?parent=8781"}],"wp:term":[{"taxonomy":"product_brand","embeddable":true,"href":"https:\/\/btmtelectric.com\/index.php\/wp-json\/wp\/v2\/product_brand?post=8781"},{"taxonomy":"product_cat","embeddable":true,"href":"https:\/\/btmtelectric.com\/index.php\/wp-json\/wp\/v2\/product_cat?post=8781"},{"taxonomy":"product_tag","embeddable":true,"href":"https:\/\/btmtelectric.com\/index.php\/wp-json\/wp\/v2\/product_tag?post=8781"}],"curies":[{"name":"wp","href":"https:\/\/api.w.org\/{rel}","templated":true}]}}