{"id":8777,"date":"2025-08-28T08:25:24","date_gmt":"2025-08-28T08:25:24","guid":{"rendered":"https:\/\/btmtelectric.com\/?post_type=product&#038;p=8777"},"modified":"2025-09-12T14:19:42","modified_gmt":"2025-09-12T14:19:42","slug":"disjoncteur-nbh8-40h-1pn-c32-6ka-chint","status":"publish","type":"product","link":"https:\/\/btmtelectric.com\/index.php\/product\/disjoncteur-nbh8-40h-1pn-c32-6ka-chint\/","title":{"rendered":"DISJONCTEUR NBH8-40H 1P+N C32 6KA CHINT"},"content":{"rendered":"<h3 data-start=\"56\" data-end=\"107\">Disjoncteur diff\u00e9rentiel NBH8-40H \u2013 32A, 1P+N<\/h3>\n<p data-start=\"109\" data-end=\"266\">Le disjoncteur diff\u00e9rentiel <strong data-start=\"137\" data-end=\"149\">NBH8-40H<\/strong> 32A assure une <strong data-start=\"165\" data-end=\"216\">s\u00e9curit\u00e9 maximale des installations \u00e9lectriques<\/strong> en combinant plusieurs fonctions essentielles :<\/p>\n<ul data-start=\"267\" data-end=\"532\">\n<li data-start=\"267\" data-end=\"335\">\n<p data-start=\"269\" data-end=\"335\"><strong data-start=\"269\" data-end=\"305\">Protection contre les surcharges<\/strong> et les <strong data-start=\"313\" data-end=\"332\">courts-circuits<\/strong>,<\/p>\n<\/li>\n<li data-start=\"336\" data-end=\"429\">\n<p data-start=\"338\" data-end=\"429\"><strong data-start=\"338\" data-end=\"384\">D\u00e9tection des courants de fuite \u00e0 la terre<\/strong> pour pr\u00e9venir les risques d\u2019\u00e9lectrocution,<\/p>\n<\/li>\n<li data-start=\"430\" data-end=\"532\">\n<p data-start=\"432\" data-end=\"532\">Fonction d\u2019<strong data-start=\"443\" data-end=\"459\">interrupteur<\/strong> et d\u2019<strong data-start=\"465\" data-end=\"478\">isolement<\/strong> pour garantir un contr\u00f4le fiable de l\u2019alimentation.<\/p>\n<\/li>\n<\/ul>\n<p data-start=\"534\" data-end=\"722\">Gr\u00e2ce \u00e0 sa conception modulaire et robuste, il est id\u00e9al aussi bien pour les <strong data-start=\"611\" data-end=\"640\">installations domestiques<\/strong> que pour les <strong data-start=\"654\" data-end=\"719\">r\u00e9seaux de distribution \u00e9lectrique commerciaux et industriels<\/strong>.<\/p>\n<h4 data-start=\"724\" data-end=\"760\">Caract\u00e9ristiques techniques :<\/h4>\n<ul data-start=\"761\" data-end=\"1216\">\n<li data-start=\"761\" data-end=\"796\">\n<p data-start=\"763\" data-end=\"796\"><strong data-start=\"763\" data-end=\"789\">Courant assign\u00e9 (In) :<\/strong> 32 A<\/p>\n<\/li>\n<li data-start=\"797\" data-end=\"844\">\n<p data-start=\"799\" data-end=\"844\"><strong data-start=\"799\" data-end=\"820\">Nombre de p\u00f4les :<\/strong> 1P+N (phase + neutre)<\/p>\n<\/li>\n<li data-start=\"845\" data-end=\"882\">\n<p data-start=\"847\" data-end=\"882\"><strong data-start=\"847\" data-end=\"874\">Tension assign\u00e9e (Ue) :<\/strong> 230 V<\/p>\n<\/li>\n<li data-start=\"883\" data-end=\"920\">\n<p data-start=\"885\" data-end=\"920\"><strong data-start=\"885\" data-end=\"909\">Fr\u00e9quence nominale :<\/strong> 50\/60 Hz<\/p>\n<\/li>\n<li data-start=\"921\" data-end=\"1028\">\n<p data-start=\"923\" data-end=\"1028\"><strong data-start=\"923\" data-end=\"947\">Pouvoir de coupure :<\/strong> 6000 A, offrant une excellente protection contre les d\u00e9fauts de court-circuit.<\/p>\n<\/li>\n<li data-start=\"1029\" data-end=\"1131\">\n<p data-start=\"1031\" data-end=\"1131\"><strong data-start=\"1031\" data-end=\"1060\">Dur\u00e9e de vie \u00e9lectrique :<\/strong> 8000 man\u0153uvres, garantissant fiabilit\u00e9 et endurance en exploitation.<\/p>\n<\/li>\n<li data-start=\"1132\" data-end=\"1216\">\n<p data-start=\"1134\" data-end=\"1216\"><strong data-start=\"1134\" data-end=\"1162\">Dur\u00e9e de vie m\u00e9canique :<\/strong> 20 000 man\u0153uvres, assurant robustesse et long\u00e9vit\u00e9.<\/p>\n<\/li>\n<\/ul>\n<h4 data-start=\"1218\" data-end=\"1239\">Points forts :<\/h4>\n<ul data-start=\"1240\" data-end=\"1661\">\n<li data-start=\"1240\" data-end=\"1297\">\n<p data-start=\"1242\" data-end=\"1297\">Protection compl\u00e8te des personnes et des \u00e9quipements.<\/p>\n<\/li>\n<li data-start=\"1298\" data-end=\"1370\">\n<p data-start=\"1300\" data-end=\"1370\">Format <strong data-start=\"1307\" data-end=\"1331\">compact et modulaire<\/strong> pour un montage facile sur rail DIN.<\/p>\n<\/li>\n<li data-start=\"1371\" data-end=\"1459\">\n<p data-start=\"1373\" data-end=\"1459\">S\u00e9curit\u00e9 renforc\u00e9e contre les chocs \u00e9lectriques gr\u00e2ce \u00e0 la d\u00e9tection diff\u00e9rentielle.<\/p>\n<\/li>\n<li data-start=\"1460\" data-end=\"1556\">\n<p data-start=\"1462\" data-end=\"1556\">Convient \u00e0 une large gamme d\u2019applications : <strong data-start=\"1506\" data-end=\"1553\">r\u00e9sidentielles, tertiaires et industrielles<\/strong>.<\/p>\n<\/li>\n<li data-start=\"1557\" data-end=\"1661\">\n<p data-start=\"1559\" data-end=\"1661\">Con\u00e7u pour allier <strong data-start=\"1577\" data-end=\"1617\">fiabilit\u00e9, durabilit\u00e9 et performance<\/strong> dans toutes les conditions d\u2019utilisation.<\/p>\n<\/li>\n<\/ul>\n","protected":false},"excerpt":{"rendered":"<p>Disjoncteur diff\u00e9rentiel NBH8-40H \u2013 32A, 1P+N Le disjoncteur diff\u00e9rentiel NBH8-40H 32A assure une s\u00e9curit\u00e9 maximale des installations \u00e9lectriques en combinant plusieurs fonctions essentielles : Protection contre les surcharges et les<\/p>\n","protected":false},"featured_media":9154,"comment_status":"open","ping_status":"closed","template":"","meta":{"_acf_changed":false,"content-type":""},"product_brand":[],"product_cat":[367],"product_tag":[],"class_list":{"0":"post-8777","1":"product","2":"type-product","3":"status-publish","4":"has-post-thumbnail","6":"product_cat-disjoncteurs","8":"first","9":"instock","10":"shipping-taxable","11":"purchasable","12":"product-type-simple"},"acf":[],"yoast_head":"<!-- This site is optimized with the Yoast SEO plugin v27.3 - https:\/\/yoast.com\/product\/yoast-seo-wordpress\/ -->\n<title>DISJONCTEUR NBH8-40H 1P+N C32 6KA CHINT - BTMT ELECTRIC \u2013 Solutions \u00c9lectriques Fiables et Innovantes<\/title>\n<meta name=\"robots\" content=\"index, follow, max-snippet:-1, max-image-preview:large, max-video-preview:-1\" \/>\n<link rel=\"canonical\" href=\"https:\/\/btmtelectric.com\/index.php\/product\/disjoncteur-nbh8-40h-1pn-c32-6ka-chint\/\" \/>\n<meta property=\"og:locale\" content=\"fr_FR\" \/>\n<meta property=\"og:type\" content=\"article\" \/>\n<meta property=\"og:title\" content=\"DISJONCTEUR NBH8-40H 1P+N C32 6KA CHINT - BTMT ELECTRIC \u2013 Solutions \u00c9lectriques Fiables et Innovantes\" \/>\n<meta property=\"og:description\" content=\"Disjoncteur diff\u00e9rentiel NBH8-40H \u2013 32A, 1P+N Le disjoncteur diff\u00e9rentiel NBH8-40H 32A assure une s\u00e9curit\u00e9 maximale des installations \u00e9lectriques en combinant plusieurs fonctions essentielles : Protection contre les surcharges et les\" \/>\n<meta property=\"og:url\" content=\"https:\/\/btmtelectric.com\/index.php\/product\/disjoncteur-nbh8-40h-1pn-c32-6ka-chint\/\" \/>\n<meta property=\"og:site_name\" content=\"BTMT ELECTRIC \u2013 Solutions \u00c9lectriques Fiables et Innovantes\" \/>\n<meta property=\"article:publisher\" content=\"https:\/\/www.facebook.com\/profile.php?id=61578000361796\" \/>\n<meta property=\"article:modified_time\" content=\"2025-09-12T14:19:42+00:00\" \/>\n<meta property=\"og:image\" content=\"https:\/\/btmtelectric.com\/wp-content\/uploads\/2025\/08\/C32.jpg\" \/>\n\t<meta property=\"og:image:width\" content=\"1200\" \/>\n\t<meta property=\"og:image:height\" content=\"1200\" \/>\n\t<meta property=\"og:image:type\" content=\"image\/jpeg\" \/>\n<meta name=\"twitter:card\" content=\"summary_large_image\" \/>\n<meta name=\"twitter:label1\" content=\"Dur\u00e9e de lecture estim\u00e9e\" \/>\n\t<meta name=\"twitter:data1\" content=\"1 minute\" \/>\n<script type=\"application\/ld+json\" class=\"yoast-schema-graph\">{\"@context\":\"https:\\\/\\\/schema.org\",\"@graph\":[{\"@type\":\"WebPage\",\"@id\":\"https:\\\/\\\/btmtelectric.com\\\/index.php\\\/product\\\/disjoncteur-nbh8-40h-1pn-c32-6ka-chint\\\/\",\"url\":\"https:\\\/\\\/btmtelectric.com\\\/index.php\\\/product\\\/disjoncteur-nbh8-40h-1pn-c32-6ka-chint\\\/\",\"name\":\"DISJONCTEUR NBH8-40H 1P+N C32 6KA CHINT - BTMT ELECTRIC \u2013 Solutions \u00c9lectriques Fiables et Innovantes\",\"isPartOf\":{\"@id\":\"https:\\\/\\\/btmtelectric.com\\\/#website\"},\"primaryImageOfPage\":{\"@id\":\"https:\\\/\\\/btmtelectric.com\\\/index.php\\\/product\\\/disjoncteur-nbh8-40h-1pn-c32-6ka-chint\\\/#primaryimage\"},\"image\":{\"@id\":\"https:\\\/\\\/btmtelectric.com\\\/index.php\\\/product\\\/disjoncteur-nbh8-40h-1pn-c32-6ka-chint\\\/#primaryimage\"},\"thumbnailUrl\":\"https:\\\/\\\/btmtelectric.com\\\/wp-content\\\/uploads\\\/2025\\\/08\\\/C32.jpg\",\"datePublished\":\"2025-08-28T08:25:24+00:00\",\"dateModified\":\"2025-09-12T14:19:42+00:00\",\"breadcrumb\":{\"@id\":\"https:\\\/\\\/btmtelectric.com\\\/index.php\\\/product\\\/disjoncteur-nbh8-40h-1pn-c32-6ka-chint\\\/#breadcrumb\"},\"inLanguage\":\"fr-FR\",\"potentialAction\":[{\"@type\":\"ReadAction\",\"target\":[\"https:\\\/\\\/btmtelectric.com\\\/index.php\\\/product\\\/disjoncteur-nbh8-40h-1pn-c32-6ka-chint\\\/\"]}]},{\"@type\":\"ImageObject\",\"inLanguage\":\"fr-FR\",\"@id\":\"https:\\\/\\\/btmtelectric.com\\\/index.php\\\/product\\\/disjoncteur-nbh8-40h-1pn-c32-6ka-chint\\\/#primaryimage\",\"url\":\"https:\\\/\\\/btmtelectric.com\\\/wp-content\\\/uploads\\\/2025\\\/08\\\/C32.jpg\",\"contentUrl\":\"https:\\\/\\\/btmtelectric.com\\\/wp-content\\\/uploads\\\/2025\\\/08\\\/C32.jpg\",\"width\":1200,\"height\":1200},{\"@type\":\"BreadcrumbList\",\"@id\":\"https:\\\/\\\/btmtelectric.com\\\/index.php\\\/product\\\/disjoncteur-nbh8-40h-1pn-c32-6ka-chint\\\/#breadcrumb\",\"itemListElement\":[{\"@type\":\"ListItem\",\"position\":1,\"name\":\"Accueil\",\"item\":\"https:\\\/\\\/btmtelectric.com\\\/\"},{\"@type\":\"ListItem\",\"position\":2,\"name\":\"Boutique\",\"item\":\"https:\\\/\\\/btmtelectric.com\\\/index.php\\\/boutique\\\/\"},{\"@type\":\"ListItem\",\"position\":3,\"name\":\"DISJONCTEUR NBH8-40H 1P+N C32 6KA CHINT\"}]},{\"@type\":\"WebSite\",\"@id\":\"https:\\\/\\\/btmtelectric.com\\\/#website\",\"url\":\"https:\\\/\\\/btmtelectric.com\\\/\",\"name\":\"BTMT ELECTRIC \u2013 Solutions \u00c9lectriques Fiables et Innovantes\",\"description\":\"\",\"publisher\":{\"@id\":\"https:\\\/\\\/btmtelectric.com\\\/#organization\"},\"potentialAction\":[{\"@type\":\"SearchAction\",\"target\":{\"@type\":\"EntryPoint\",\"urlTemplate\":\"https:\\\/\\\/btmtelectric.com\\\/?s={search_term_string}\"},\"query-input\":{\"@type\":\"PropertyValueSpecification\",\"valueRequired\":true,\"valueName\":\"search_term_string\"}}],\"inLanguage\":\"fr-FR\"},{\"@type\":\"Organization\",\"@id\":\"https:\\\/\\\/btmtelectric.com\\\/#organization\",\"name\":\"BTMT ELECTRIC \u2013 Solutions \u00c9lectriques Fiables et Innovantes\",\"url\":\"https:\\\/\\\/btmtelectric.com\\\/\",\"logo\":{\"@type\":\"ImageObject\",\"inLanguage\":\"fr-FR\",\"@id\":\"https:\\\/\\\/btmtelectric.com\\\/#\\\/schema\\\/logo\\\/image\\\/\",\"url\":\"https:\\\/\\\/btmtelectric.com\\\/wp-content\\\/uploads\\\/2025\\\/07\\\/WhatsApp_Image_2025-07-09_at_11.45.18_AM-removebg-preview-1.png\",\"contentUrl\":\"https:\\\/\\\/btmtelectric.com\\\/wp-content\\\/uploads\\\/2025\\\/07\\\/WhatsApp_Image_2025-07-09_at_11.45.18_AM-removebg-preview-1.png\",\"width\":175,\"height\":42,\"caption\":\"BTMT ELECTRIC \u2013 Solutions \u00c9lectriques Fiables et Innovantes\"},\"image\":{\"@id\":\"https:\\\/\\\/btmtelectric.com\\\/#\\\/schema\\\/logo\\\/image\\\/\"},\"sameAs\":[\"https:\\\/\\\/www.facebook.com\\\/profile.php?id=61578000361796\",\"https:\\\/\\\/www.instagram.com\\\/btmtelectric\\\/\"]}]}<\/script>\n<!-- \/ Yoast SEO plugin. -->","yoast_head_json":{"title":"DISJONCTEUR NBH8-40H 1P+N C32 6KA CHINT - BTMT ELECTRIC \u2013 Solutions \u00c9lectriques Fiables et Innovantes","robots":{"index":"index","follow":"follow","max-snippet":"max-snippet:-1","max-image-preview":"max-image-preview:large","max-video-preview":"max-video-preview:-1"},"canonical":"https:\/\/btmtelectric.com\/index.php\/product\/disjoncteur-nbh8-40h-1pn-c32-6ka-chint\/","og_locale":"fr_FR","og_type":"article","og_title":"DISJONCTEUR NBH8-40H 1P+N C32 6KA CHINT - BTMT ELECTRIC \u2013 Solutions \u00c9lectriques Fiables et Innovantes","og_description":"Disjoncteur diff\u00e9rentiel NBH8-40H \u2013 32A, 1P+N Le disjoncteur diff\u00e9rentiel NBH8-40H 32A assure une s\u00e9curit\u00e9 maximale des installations \u00e9lectriques en combinant plusieurs fonctions essentielles : Protection contre les surcharges et les","og_url":"https:\/\/btmtelectric.com\/index.php\/product\/disjoncteur-nbh8-40h-1pn-c32-6ka-chint\/","og_site_name":"BTMT ELECTRIC \u2013 Solutions \u00c9lectriques Fiables et Innovantes","article_publisher":"https:\/\/www.facebook.com\/profile.php?id=61578000361796","article_modified_time":"2025-09-12T14:19:42+00:00","og_image":[{"width":1200,"height":1200,"url":"https:\/\/btmtelectric.com\/wp-content\/uploads\/2025\/08\/C32.jpg","type":"image\/jpeg"}],"twitter_card":"summary_large_image","twitter_misc":{"Dur\u00e9e de lecture estim\u00e9e":"1 minute"},"schema":{"@context":"https:\/\/schema.org","@graph":[{"@type":"WebPage","@id":"https:\/\/btmtelectric.com\/index.php\/product\/disjoncteur-nbh8-40h-1pn-c32-6ka-chint\/","url":"https:\/\/btmtelectric.com\/index.php\/product\/disjoncteur-nbh8-40h-1pn-c32-6ka-chint\/","name":"DISJONCTEUR NBH8-40H 1P+N C32 6KA CHINT - BTMT ELECTRIC \u2013 Solutions \u00c9lectriques Fiables et Innovantes","isPartOf":{"@id":"https:\/\/btmtelectric.com\/#website"},"primaryImageOfPage":{"@id":"https:\/\/btmtelectric.com\/index.php\/product\/disjoncteur-nbh8-40h-1pn-c32-6ka-chint\/#primaryimage"},"image":{"@id":"https:\/\/btmtelectric.com\/index.php\/product\/disjoncteur-nbh8-40h-1pn-c32-6ka-chint\/#primaryimage"},"thumbnailUrl":"https:\/\/btmtelectric.com\/wp-content\/uploads\/2025\/08\/C32.jpg","datePublished":"2025-08-28T08:25:24+00:00","dateModified":"2025-09-12T14:19:42+00:00","breadcrumb":{"@id":"https:\/\/btmtelectric.com\/index.php\/product\/disjoncteur-nbh8-40h-1pn-c32-6ka-chint\/#breadcrumb"},"inLanguage":"fr-FR","potentialAction":[{"@type":"ReadAction","target":["https:\/\/btmtelectric.com\/index.php\/product\/disjoncteur-nbh8-40h-1pn-c32-6ka-chint\/"]}]},{"@type":"ImageObject","inLanguage":"fr-FR","@id":"https:\/\/btmtelectric.com\/index.php\/product\/disjoncteur-nbh8-40h-1pn-c32-6ka-chint\/#primaryimage","url":"https:\/\/btmtelectric.com\/wp-content\/uploads\/2025\/08\/C32.jpg","contentUrl":"https:\/\/btmtelectric.com\/wp-content\/uploads\/2025\/08\/C32.jpg","width":1200,"height":1200},{"@type":"BreadcrumbList","@id":"https:\/\/btmtelectric.com\/index.php\/product\/disjoncteur-nbh8-40h-1pn-c32-6ka-chint\/#breadcrumb","itemListElement":[{"@type":"ListItem","position":1,"name":"Accueil","item":"https:\/\/btmtelectric.com\/"},{"@type":"ListItem","position":2,"name":"Boutique","item":"https:\/\/btmtelectric.com\/index.php\/boutique\/"},{"@type":"ListItem","position":3,"name":"DISJONCTEUR NBH8-40H 1P+N C32 6KA CHINT"}]},{"@type":"WebSite","@id":"https:\/\/btmtelectric.com\/#website","url":"https:\/\/btmtelectric.com\/","name":"BTMT ELECTRIC \u2013 Solutions \u00c9lectriques Fiables et Innovantes","description":"","publisher":{"@id":"https:\/\/btmtelectric.com\/#organization"},"potentialAction":[{"@type":"SearchAction","target":{"@type":"EntryPoint","urlTemplate":"https:\/\/btmtelectric.com\/?s={search_term_string}"},"query-input":{"@type":"PropertyValueSpecification","valueRequired":true,"valueName":"search_term_string"}}],"inLanguage":"fr-FR"},{"@type":"Organization","@id":"https:\/\/btmtelectric.com\/#organization","name":"BTMT ELECTRIC \u2013 Solutions \u00c9lectriques Fiables et Innovantes","url":"https:\/\/btmtelectric.com\/","logo":{"@type":"ImageObject","inLanguage":"fr-FR","@id":"https:\/\/btmtelectric.com\/#\/schema\/logo\/image\/","url":"https:\/\/btmtelectric.com\/wp-content\/uploads\/2025\/07\/WhatsApp_Image_2025-07-09_at_11.45.18_AM-removebg-preview-1.png","contentUrl":"https:\/\/btmtelectric.com\/wp-content\/uploads\/2025\/07\/WhatsApp_Image_2025-07-09_at_11.45.18_AM-removebg-preview-1.png","width":175,"height":42,"caption":"BTMT ELECTRIC \u2013 Solutions \u00c9lectriques Fiables et Innovantes"},"image":{"@id":"https:\/\/btmtelectric.com\/#\/schema\/logo\/image\/"},"sameAs":["https:\/\/www.facebook.com\/profile.php?id=61578000361796","https:\/\/www.instagram.com\/btmtelectric\/"]}]}},"_links":{"self":[{"href":"https:\/\/btmtelectric.com\/index.php\/wp-json\/wp\/v2\/product\/8777","targetHints":{"allow":["GET"]}}],"collection":[{"href":"https:\/\/btmtelectric.com\/index.php\/wp-json\/wp\/v2\/product"}],"about":[{"href":"https:\/\/btmtelectric.com\/index.php\/wp-json\/wp\/v2\/types\/product"}],"replies":[{"embeddable":true,"href":"https:\/\/btmtelectric.com\/index.php\/wp-json\/wp\/v2\/comments?post=8777"}],"wp:featuredmedia":[{"embeddable":true,"href":"https:\/\/btmtelectric.com\/index.php\/wp-json\/wp\/v2\/media\/9154"}],"wp:attachment":[{"href":"https:\/\/btmtelectric.com\/index.php\/wp-json\/wp\/v2\/media?parent=8777"}],"wp:term":[{"taxonomy":"product_brand","embeddable":true,"href":"https:\/\/btmtelectric.com\/index.php\/wp-json\/wp\/v2\/product_brand?post=8777"},{"taxonomy":"product_cat","embeddable":true,"href":"https:\/\/btmtelectric.com\/index.php\/wp-json\/wp\/v2\/product_cat?post=8777"},{"taxonomy":"product_tag","embeddable":true,"href":"https:\/\/btmtelectric.com\/index.php\/wp-json\/wp\/v2\/product_tag?post=8777"}],"curies":[{"name":"wp","href":"https:\/\/api.w.org\/{rel}","templated":true}]}}