{"id":8775,"date":"2025-08-28T08:17:17","date_gmt":"2025-08-28T08:17:17","guid":{"rendered":"https:\/\/btmtelectric.com\/?post_type=product&#038;p=8775"},"modified":"2025-08-28T12:37:10","modified_gmt":"2025-08-28T12:37:10","slug":"disjoncteur-modulaire-2p-c10-6ka-chint","status":"publish","type":"product","link":"https:\/\/btmtelectric.com\/index.php\/product\/disjoncteur-modulaire-2p-c10-6ka-chint\/","title":{"rendered":"DISJONCTEUR MODULAIRE 2P C10 6KA CHINT"},"content":{"rendered":"<h3 data-start=\"56\" data-end=\"87\">Disjoncteur NB1 \u2013 10A, 2P<\/h3>\n<p data-start=\"89\" data-end=\"615\">Le disjoncteur <strong data-start=\"104\" data-end=\"111\">NB1<\/strong> 10A est sp\u00e9cialement con\u00e7u pour garantir une <strong data-start=\"157\" data-end=\"205\">protection efficace des circuits \u00e9lectriques<\/strong> contre les <strong data-start=\"217\" data-end=\"231\">surcharges<\/strong> et les <strong data-start=\"239\" data-end=\"258\">courts-circuits<\/strong>. En plus de sa fonction de <strong data-start=\"286\" data-end=\"300\">protection<\/strong>, il assure \u00e9galement un r\u00f4le d\u2019<strong data-start=\"332\" data-end=\"348\">interrupteur<\/strong> et d\u2019<strong data-start=\"354\" data-end=\"367\">isolement<\/strong>, contribuant ainsi \u00e0 la s\u00e9curit\u00e9 des personnes et des installations. Gr\u00e2ce \u00e0 sa conception compacte et performante, il s\u2019adapte parfaitement aux <strong data-start=\"513\" data-end=\"542\">installations domestiques<\/strong>, ainsi qu\u2019aux <strong data-start=\"557\" data-end=\"612\">r\u00e9seaux de distribution commerciale et industrielle<\/strong>.<\/p>\n<h4 data-start=\"617\" data-end=\"653\">Caract\u00e9ristiques techniques :<\/h4>\n<ul data-start=\"654\" data-end=\"1210\">\n<li data-start=\"654\" data-end=\"689\">\n<p data-start=\"656\" data-end=\"689\"><strong data-start=\"656\" data-end=\"682\">Courant assign\u00e9 (In) :<\/strong> 10 A<\/p>\n<\/li>\n<li data-start=\"690\" data-end=\"717\">\n<p data-start=\"692\" data-end=\"717\"><strong data-start=\"692\" data-end=\"713\">Nombre de p\u00f4les :<\/strong> 2<\/p>\n<\/li>\n<li data-start=\"718\" data-end=\"759\">\n<p data-start=\"720\" data-end=\"759\"><strong data-start=\"720\" data-end=\"747\">Tension assign\u00e9e (Ue) :<\/strong> 230\/400 V<\/p>\n<\/li>\n<li data-start=\"760\" data-end=\"797\">\n<p data-start=\"762\" data-end=\"797\"><strong data-start=\"762\" data-end=\"786\">Fr\u00e9quence nominale :<\/strong> 50\/60 Hz<\/p>\n<\/li>\n<li data-start=\"798\" data-end=\"894\">\n<p data-start=\"800\" data-end=\"894\"><strong data-start=\"800\" data-end=\"824\">Pouvoir de coupure :<\/strong> 6000 A, offrant une s\u00e9curit\u00e9 renforc\u00e9e face aux courants de d\u00e9faut.<\/p>\n<\/li>\n<li data-start=\"895\" data-end=\"995\">\n<p data-start=\"897\" data-end=\"995\"><strong data-start=\"897\" data-end=\"926\">Dur\u00e9e de vie \u00e9lectrique :<\/strong> 4000 man\u0153uvres, garantissant une fiabilit\u00e9 constante \u00e0 long terme.<\/p>\n<\/li>\n<li data-start=\"996\" data-end=\"1088\">\n<p data-start=\"998\" data-end=\"1088\"><strong data-start=\"998\" data-end=\"1026\">Dur\u00e9e de vie m\u00e9canique :<\/strong> 20 000 man\u0153uvres, preuve d\u2019une grande robustesse m\u00e9canique.<\/p>\n<\/li>\n<li data-start=\"1089\" data-end=\"1210\">\n<p data-start=\"1091\" data-end=\"1210\"><strong data-start=\"1091\" data-end=\"1135\">Plage de temp\u00e9rature de fonctionnement :<\/strong> de -25 \u00b0C \u00e0 +60 \u00b0C, convenant \u00e0 diff\u00e9rents environnements d\u2019utilisation.<\/p>\n<\/li>\n<\/ul>\n<h4 data-start=\"1212\" data-end=\"1230\">Avantages :<\/h4>\n<ul data-start=\"1231\" data-end=\"1495\">\n<li data-start=\"1231\" data-end=\"1282\">\n<p data-start=\"1233\" data-end=\"1282\"><strong data-start=\"1233\" data-end=\"1266\">Installation modulaire facile<\/strong> sur rail DIN.<\/p>\n<\/li>\n<li data-start=\"1283\" data-end=\"1352\">\n<p data-start=\"1285\" data-end=\"1352\">Protection fiable et durable des \u00e9quipements et des utilisateurs.<\/p>\n<\/li>\n<li data-start=\"1353\" data-end=\"1431\">\n<p data-start=\"1355\" data-end=\"1431\">Convient aux applications <strong data-start=\"1381\" data-end=\"1428\">r\u00e9sidentielles, tertiaires et industrielles<\/strong>.<\/p>\n<\/li>\n<li data-start=\"1432\" data-end=\"1495\">\n<p data-start=\"1434\" data-end=\"1495\">Con\u00e7u pour combiner <strong data-start=\"1454\" data-end=\"1492\">s\u00e9curit\u00e9, performance et long\u00e9vit\u00e9<\/strong>.<\/p>\n<\/li>\n<\/ul>\n","protected":false},"excerpt":{"rendered":"<p>Disjoncteur NB1 \u2013 10A, 2P Le disjoncteur NB1 10A est sp\u00e9cialement con\u00e7u pour garantir une protection efficace des circuits \u00e9lectriques contre les surcharges et les courts-circuits. En plus de sa<\/p>\n","protected":false},"featured_media":8832,"comment_status":"open","ping_status":"closed","template":"","meta":{"_acf_changed":false,"content-type":""},"product_brand":[],"product_cat":[367],"product_tag":[],"class_list":{"0":"post-8775","1":"product","2":"type-product","3":"status-publish","4":"has-post-thumbnail","6":"product_cat-disjoncteurs","8":"first","9":"instock","10":"shipping-taxable","11":"purchasable","12":"product-type-simple"},"acf":[],"yoast_head":"<!-- This site is optimized with the Yoast SEO plugin v27.3 - https:\/\/yoast.com\/product\/yoast-seo-wordpress\/ -->\n<title>DISJONCTEUR MODULAIRE 2P C10 6KA CHINT - BTMT ELECTRIC \u2013 Solutions \u00c9lectriques Fiables et Innovantes<\/title>\n<meta name=\"robots\" content=\"index, follow, max-snippet:-1, max-image-preview:large, max-video-preview:-1\" \/>\n<link rel=\"canonical\" href=\"https:\/\/btmtelectric.com\/index.php\/product\/disjoncteur-modulaire-2p-c10-6ka-chint\/\" \/>\n<meta property=\"og:locale\" content=\"fr_FR\" \/>\n<meta property=\"og:type\" content=\"article\" \/>\n<meta property=\"og:title\" content=\"DISJONCTEUR MODULAIRE 2P C10 6KA CHINT - BTMT ELECTRIC \u2013 Solutions \u00c9lectriques Fiables et Innovantes\" \/>\n<meta property=\"og:description\" content=\"Disjoncteur NB1 \u2013 10A, 2P Le disjoncteur NB1 10A est sp\u00e9cialement con\u00e7u pour garantir une protection efficace des circuits \u00e9lectriques contre les surcharges et les courts-circuits. En plus de sa\" \/>\n<meta property=\"og:url\" content=\"https:\/\/btmtelectric.com\/index.php\/product\/disjoncteur-modulaire-2p-c10-6ka-chint\/\" \/>\n<meta property=\"og:site_name\" content=\"BTMT ELECTRIC \u2013 Solutions \u00c9lectriques Fiables et Innovantes\" \/>\n<meta property=\"article:publisher\" content=\"https:\/\/www.facebook.com\/profile.php?id=61578000361796\" \/>\n<meta property=\"article:modified_time\" content=\"2025-08-28T12:37:10+00:00\" \/>\n<meta property=\"og:image\" content=\"https:\/\/btmtelectric.com\/wp-content\/uploads\/2025\/08\/DISJ-NB1-C10.jpg\" \/>\n\t<meta property=\"og:image:width\" content=\"351\" \/>\n\t<meta property=\"og:image:height\" content=\"700\" \/>\n\t<meta property=\"og:image:type\" content=\"image\/jpeg\" \/>\n<meta name=\"twitter:card\" content=\"summary_large_image\" \/>\n<meta name=\"twitter:label1\" content=\"Dur\u00e9e de lecture estim\u00e9e\" \/>\n\t<meta name=\"twitter:data1\" content=\"1 minute\" \/>\n<script type=\"application\/ld+json\" class=\"yoast-schema-graph\">{\"@context\":\"https:\\\/\\\/schema.org\",\"@graph\":[{\"@type\":\"WebPage\",\"@id\":\"https:\\\/\\\/btmtelectric.com\\\/index.php\\\/product\\\/disjoncteur-modulaire-2p-c10-6ka-chint\\\/\",\"url\":\"https:\\\/\\\/btmtelectric.com\\\/index.php\\\/product\\\/disjoncteur-modulaire-2p-c10-6ka-chint\\\/\",\"name\":\"DISJONCTEUR MODULAIRE 2P C10 6KA CHINT - BTMT ELECTRIC \u2013 Solutions \u00c9lectriques Fiables et Innovantes\",\"isPartOf\":{\"@id\":\"https:\\\/\\\/btmtelectric.com\\\/#website\"},\"primaryImageOfPage\":{\"@id\":\"https:\\\/\\\/btmtelectric.com\\\/index.php\\\/product\\\/disjoncteur-modulaire-2p-c10-6ka-chint\\\/#primaryimage\"},\"image\":{\"@id\":\"https:\\\/\\\/btmtelectric.com\\\/index.php\\\/product\\\/disjoncteur-modulaire-2p-c10-6ka-chint\\\/#primaryimage\"},\"thumbnailUrl\":\"https:\\\/\\\/btmtelectric.com\\\/wp-content\\\/uploads\\\/2025\\\/08\\\/DISJ-NB1-C10.jpg\",\"datePublished\":\"2025-08-28T08:17:17+00:00\",\"dateModified\":\"2025-08-28T12:37:10+00:00\",\"breadcrumb\":{\"@id\":\"https:\\\/\\\/btmtelectric.com\\\/index.php\\\/product\\\/disjoncteur-modulaire-2p-c10-6ka-chint\\\/#breadcrumb\"},\"inLanguage\":\"fr-FR\",\"potentialAction\":[{\"@type\":\"ReadAction\",\"target\":[\"https:\\\/\\\/btmtelectric.com\\\/index.php\\\/product\\\/disjoncteur-modulaire-2p-c10-6ka-chint\\\/\"]}]},{\"@type\":\"ImageObject\",\"inLanguage\":\"fr-FR\",\"@id\":\"https:\\\/\\\/btmtelectric.com\\\/index.php\\\/product\\\/disjoncteur-modulaire-2p-c10-6ka-chint\\\/#primaryimage\",\"url\":\"https:\\\/\\\/btmtelectric.com\\\/wp-content\\\/uploads\\\/2025\\\/08\\\/DISJ-NB1-C10.jpg\",\"contentUrl\":\"https:\\\/\\\/btmtelectric.com\\\/wp-content\\\/uploads\\\/2025\\\/08\\\/DISJ-NB1-C10.jpg\",\"width\":351,\"height\":700},{\"@type\":\"BreadcrumbList\",\"@id\":\"https:\\\/\\\/btmtelectric.com\\\/index.php\\\/product\\\/disjoncteur-modulaire-2p-c10-6ka-chint\\\/#breadcrumb\",\"itemListElement\":[{\"@type\":\"ListItem\",\"position\":1,\"name\":\"Accueil\",\"item\":\"https:\\\/\\\/btmtelectric.com\\\/\"},{\"@type\":\"ListItem\",\"position\":2,\"name\":\"Boutique\",\"item\":\"https:\\\/\\\/btmtelectric.com\\\/index.php\\\/boutique\\\/\"},{\"@type\":\"ListItem\",\"position\":3,\"name\":\"DISJONCTEUR MODULAIRE 2P C10 6KA CHINT\"}]},{\"@type\":\"WebSite\",\"@id\":\"https:\\\/\\\/btmtelectric.com\\\/#website\",\"url\":\"https:\\\/\\\/btmtelectric.com\\\/\",\"name\":\"BTMT ELECTRIC \u2013 Solutions \u00c9lectriques Fiables et Innovantes\",\"description\":\"\",\"publisher\":{\"@id\":\"https:\\\/\\\/btmtelectric.com\\\/#organization\"},\"potentialAction\":[{\"@type\":\"SearchAction\",\"target\":{\"@type\":\"EntryPoint\",\"urlTemplate\":\"https:\\\/\\\/btmtelectric.com\\\/?s={search_term_string}\"},\"query-input\":{\"@type\":\"PropertyValueSpecification\",\"valueRequired\":true,\"valueName\":\"search_term_string\"}}],\"inLanguage\":\"fr-FR\"},{\"@type\":\"Organization\",\"@id\":\"https:\\\/\\\/btmtelectric.com\\\/#organization\",\"name\":\"BTMT ELECTRIC \u2013 Solutions \u00c9lectriques Fiables et Innovantes\",\"url\":\"https:\\\/\\\/btmtelectric.com\\\/\",\"logo\":{\"@type\":\"ImageObject\",\"inLanguage\":\"fr-FR\",\"@id\":\"https:\\\/\\\/btmtelectric.com\\\/#\\\/schema\\\/logo\\\/image\\\/\",\"url\":\"https:\\\/\\\/btmtelectric.com\\\/wp-content\\\/uploads\\\/2025\\\/07\\\/WhatsApp_Image_2025-07-09_at_11.45.18_AM-removebg-preview-1.png\",\"contentUrl\":\"https:\\\/\\\/btmtelectric.com\\\/wp-content\\\/uploads\\\/2025\\\/07\\\/WhatsApp_Image_2025-07-09_at_11.45.18_AM-removebg-preview-1.png\",\"width\":175,\"height\":42,\"caption\":\"BTMT ELECTRIC \u2013 Solutions \u00c9lectriques Fiables et Innovantes\"},\"image\":{\"@id\":\"https:\\\/\\\/btmtelectric.com\\\/#\\\/schema\\\/logo\\\/image\\\/\"},\"sameAs\":[\"https:\\\/\\\/www.facebook.com\\\/profile.php?id=61578000361796\",\"https:\\\/\\\/www.instagram.com\\\/btmtelectric\\\/\"]}]}<\/script>\n<!-- \/ Yoast SEO plugin. -->","yoast_head_json":{"title":"DISJONCTEUR MODULAIRE 2P C10 6KA CHINT - BTMT ELECTRIC \u2013 Solutions \u00c9lectriques Fiables et Innovantes","robots":{"index":"index","follow":"follow","max-snippet":"max-snippet:-1","max-image-preview":"max-image-preview:large","max-video-preview":"max-video-preview:-1"},"canonical":"https:\/\/btmtelectric.com\/index.php\/product\/disjoncteur-modulaire-2p-c10-6ka-chint\/","og_locale":"fr_FR","og_type":"article","og_title":"DISJONCTEUR MODULAIRE 2P C10 6KA CHINT - BTMT ELECTRIC \u2013 Solutions \u00c9lectriques Fiables et Innovantes","og_description":"Disjoncteur NB1 \u2013 10A, 2P Le disjoncteur NB1 10A est sp\u00e9cialement con\u00e7u pour garantir une protection efficace des circuits \u00e9lectriques contre les surcharges et les courts-circuits. En plus de sa","og_url":"https:\/\/btmtelectric.com\/index.php\/product\/disjoncteur-modulaire-2p-c10-6ka-chint\/","og_site_name":"BTMT ELECTRIC \u2013 Solutions \u00c9lectriques Fiables et Innovantes","article_publisher":"https:\/\/www.facebook.com\/profile.php?id=61578000361796","article_modified_time":"2025-08-28T12:37:10+00:00","og_image":[{"width":351,"height":700,"url":"https:\/\/btmtelectric.com\/wp-content\/uploads\/2025\/08\/DISJ-NB1-C10.jpg","type":"image\/jpeg"}],"twitter_card":"summary_large_image","twitter_misc":{"Dur\u00e9e de lecture estim\u00e9e":"1 minute"},"schema":{"@context":"https:\/\/schema.org","@graph":[{"@type":"WebPage","@id":"https:\/\/btmtelectric.com\/index.php\/product\/disjoncteur-modulaire-2p-c10-6ka-chint\/","url":"https:\/\/btmtelectric.com\/index.php\/product\/disjoncteur-modulaire-2p-c10-6ka-chint\/","name":"DISJONCTEUR MODULAIRE 2P C10 6KA CHINT - BTMT ELECTRIC \u2013 Solutions \u00c9lectriques Fiables et Innovantes","isPartOf":{"@id":"https:\/\/btmtelectric.com\/#website"},"primaryImageOfPage":{"@id":"https:\/\/btmtelectric.com\/index.php\/product\/disjoncteur-modulaire-2p-c10-6ka-chint\/#primaryimage"},"image":{"@id":"https:\/\/btmtelectric.com\/index.php\/product\/disjoncteur-modulaire-2p-c10-6ka-chint\/#primaryimage"},"thumbnailUrl":"https:\/\/btmtelectric.com\/wp-content\/uploads\/2025\/08\/DISJ-NB1-C10.jpg","datePublished":"2025-08-28T08:17:17+00:00","dateModified":"2025-08-28T12:37:10+00:00","breadcrumb":{"@id":"https:\/\/btmtelectric.com\/index.php\/product\/disjoncteur-modulaire-2p-c10-6ka-chint\/#breadcrumb"},"inLanguage":"fr-FR","potentialAction":[{"@type":"ReadAction","target":["https:\/\/btmtelectric.com\/index.php\/product\/disjoncteur-modulaire-2p-c10-6ka-chint\/"]}]},{"@type":"ImageObject","inLanguage":"fr-FR","@id":"https:\/\/btmtelectric.com\/index.php\/product\/disjoncteur-modulaire-2p-c10-6ka-chint\/#primaryimage","url":"https:\/\/btmtelectric.com\/wp-content\/uploads\/2025\/08\/DISJ-NB1-C10.jpg","contentUrl":"https:\/\/btmtelectric.com\/wp-content\/uploads\/2025\/08\/DISJ-NB1-C10.jpg","width":351,"height":700},{"@type":"BreadcrumbList","@id":"https:\/\/btmtelectric.com\/index.php\/product\/disjoncteur-modulaire-2p-c10-6ka-chint\/#breadcrumb","itemListElement":[{"@type":"ListItem","position":1,"name":"Accueil","item":"https:\/\/btmtelectric.com\/"},{"@type":"ListItem","position":2,"name":"Boutique","item":"https:\/\/btmtelectric.com\/index.php\/boutique\/"},{"@type":"ListItem","position":3,"name":"DISJONCTEUR MODULAIRE 2P C10 6KA CHINT"}]},{"@type":"WebSite","@id":"https:\/\/btmtelectric.com\/#website","url":"https:\/\/btmtelectric.com\/","name":"BTMT ELECTRIC \u2013 Solutions \u00c9lectriques Fiables et Innovantes","description":"","publisher":{"@id":"https:\/\/btmtelectric.com\/#organization"},"potentialAction":[{"@type":"SearchAction","target":{"@type":"EntryPoint","urlTemplate":"https:\/\/btmtelectric.com\/?s={search_term_string}"},"query-input":{"@type":"PropertyValueSpecification","valueRequired":true,"valueName":"search_term_string"}}],"inLanguage":"fr-FR"},{"@type":"Organization","@id":"https:\/\/btmtelectric.com\/#organization","name":"BTMT ELECTRIC \u2013 Solutions \u00c9lectriques Fiables et Innovantes","url":"https:\/\/btmtelectric.com\/","logo":{"@type":"ImageObject","inLanguage":"fr-FR","@id":"https:\/\/btmtelectric.com\/#\/schema\/logo\/image\/","url":"https:\/\/btmtelectric.com\/wp-content\/uploads\/2025\/07\/WhatsApp_Image_2025-07-09_at_11.45.18_AM-removebg-preview-1.png","contentUrl":"https:\/\/btmtelectric.com\/wp-content\/uploads\/2025\/07\/WhatsApp_Image_2025-07-09_at_11.45.18_AM-removebg-preview-1.png","width":175,"height":42,"caption":"BTMT ELECTRIC \u2013 Solutions \u00c9lectriques Fiables et Innovantes"},"image":{"@id":"https:\/\/btmtelectric.com\/#\/schema\/logo\/image\/"},"sameAs":["https:\/\/www.facebook.com\/profile.php?id=61578000361796","https:\/\/www.instagram.com\/btmtelectric\/"]}]}},"_links":{"self":[{"href":"https:\/\/btmtelectric.com\/index.php\/wp-json\/wp\/v2\/product\/8775","targetHints":{"allow":["GET"]}}],"collection":[{"href":"https:\/\/btmtelectric.com\/index.php\/wp-json\/wp\/v2\/product"}],"about":[{"href":"https:\/\/btmtelectric.com\/index.php\/wp-json\/wp\/v2\/types\/product"}],"replies":[{"embeddable":true,"href":"https:\/\/btmtelectric.com\/index.php\/wp-json\/wp\/v2\/comments?post=8775"}],"wp:featuredmedia":[{"embeddable":true,"href":"https:\/\/btmtelectric.com\/index.php\/wp-json\/wp\/v2\/media\/8832"}],"wp:attachment":[{"href":"https:\/\/btmtelectric.com\/index.php\/wp-json\/wp\/v2\/media?parent=8775"}],"wp:term":[{"taxonomy":"product_brand","embeddable":true,"href":"https:\/\/btmtelectric.com\/index.php\/wp-json\/wp\/v2\/product_brand?post=8775"},{"taxonomy":"product_cat","embeddable":true,"href":"https:\/\/btmtelectric.com\/index.php\/wp-json\/wp\/v2\/product_cat?post=8775"},{"taxonomy":"product_tag","embeddable":true,"href":"https:\/\/btmtelectric.com\/index.php\/wp-json\/wp\/v2\/product_tag?post=8775"}],"curies":[{"name":"wp","href":"https:\/\/api.w.org\/{rel}","templated":true}]}}