{"id":8771,"date":"2025-08-28T08:09:01","date_gmt":"2025-08-28T08:09:01","guid":{"rendered":"https:\/\/btmtelectric.com\/?post_type=product&#038;p=8771"},"modified":"2025-08-28T11:12:19","modified_gmt":"2025-08-28T11:12:19","slug":"disjoncteur-modulaire-2p-c20-6ka-chint","status":"publish","type":"product","link":"https:\/\/btmtelectric.com\/index.php\/product\/disjoncteur-modulaire-2p-c20-6ka-chint\/","title":{"rendered":"DISJONCTEUR MODULAIRE 2P C20 6KA CHINT"},"content":{"rendered":"<h3 data-start=\"64\" data-end=\"95\">Disjoncteur NB1 \u2013 20A, 2P<\/h3>\n<p data-start=\"97\" data-end=\"481\">Le disjoncteur <strong data-start=\"112\" data-end=\"119\">NB1<\/strong> assure une protection fiable des circuits \u00e9lectriques contre les <strong data-start=\"185\" data-end=\"199\">surcharges<\/strong> et les <strong data-start=\"207\" data-end=\"226\">courts-circuits<\/strong>, tout en remplissant les fonctions d\u2019<strong data-start=\"264\" data-end=\"280\">interrupteur<\/strong> et d\u2019<strong data-start=\"286\" data-end=\"299\">isolement<\/strong>. Gr\u00e2ce \u00e0 sa conception robuste et performante, il est adapt\u00e9 aussi bien aux <strong data-start=\"376\" data-end=\"405\">installations domestiques<\/strong> qu\u2019aux <strong data-start=\"413\" data-end=\"478\">r\u00e9seaux de distribution \u00e9lectrique commerciaux et industriels<\/strong>.<\/p>\n<h4 data-start=\"483\" data-end=\"519\">Caract\u00e9ristiques techniques :<\/h4>\n<ul data-start=\"520\" data-end=\"1034\">\n<li data-start=\"520\" data-end=\"555\">\n<p data-start=\"522\" data-end=\"555\"><strong data-start=\"522\" data-end=\"548\">Courant assign\u00e9 (In) :<\/strong> 20 A<\/p>\n<\/li>\n<li data-start=\"556\" data-end=\"583\">\n<p data-start=\"558\" data-end=\"583\"><strong data-start=\"558\" data-end=\"579\">Nombre de p\u00f4les :<\/strong> 2<\/p>\n<\/li>\n<li data-start=\"584\" data-end=\"625\">\n<p data-start=\"586\" data-end=\"625\"><strong data-start=\"586\" data-end=\"613\">Tension assign\u00e9e (Ue) :<\/strong> 230\/400 V<\/p>\n<\/li>\n<li data-start=\"626\" data-end=\"663\">\n<p data-start=\"628\" data-end=\"663\"><strong data-start=\"628\" data-end=\"652\">Fr\u00e9quence nominale :<\/strong> 50\/60 Hz<\/p>\n<\/li>\n<li data-start=\"664\" data-end=\"774\">\n<p data-start=\"666\" data-end=\"774\"><strong data-start=\"666\" data-end=\"690\">Pouvoir de coupure :<\/strong> 6000 A (garantissant une protection efficace face aux courts-circuits importants)<\/p>\n<\/li>\n<li data-start=\"775\" data-end=\"855\">\n<p data-start=\"777\" data-end=\"855\"><strong data-start=\"777\" data-end=\"806\">Dur\u00e9e de vie \u00e9lectrique :<\/strong> 4000 man\u0153uvres (fiabilit\u00e9 en service prolong\u00e9)<\/p>\n<\/li>\n<li data-start=\"856\" data-end=\"941\">\n<p data-start=\"858\" data-end=\"941\"><strong data-start=\"858\" data-end=\"886\">Dur\u00e9e de vie m\u00e9canique :<\/strong> 20 000 man\u0153uvres (robustesse de la partie m\u00e9canique)<\/p>\n<\/li>\n<li data-start=\"942\" data-end=\"1034\">\n<p data-start=\"944\" data-end=\"1034\"><strong data-start=\"944\" data-end=\"979\">Temp\u00e9rature de fonctionnement :<\/strong> de -25 \u00b0C \u00e0 +60 \u00b0C (adapt\u00e9 \u00e0 divers environnements).<\/p>\n<\/li>\n<\/ul>\n<h4 data-start=\"1036\" data-end=\"1057\">Points forts :<\/h4>\n<ul data-start=\"1058\" data-end=\"1342\">\n<li data-start=\"1058\" data-end=\"1129\">\n<p data-start=\"1060\" data-end=\"1129\">Format modulaire compact pour une installation facile sur rail DIN.<\/p>\n<\/li>\n<li data-start=\"1130\" data-end=\"1188\">\n<p data-start=\"1132\" data-end=\"1188\">S\u00e9curit\u00e9 accrue pour les personnes et les \u00e9quipements.<\/p>\n<\/li>\n<li data-start=\"1189\" data-end=\"1260\">\n<p data-start=\"1191\" data-end=\"1260\">Convient aux applications domestiques, tertiaires et industrielles.<\/p>\n<\/li>\n<li data-start=\"1261\" data-end=\"1342\">\n<p data-start=\"1263\" data-end=\"1342\">Con\u00e7u pour combiner <strong data-start=\"1283\" data-end=\"1297\">durabilit\u00e9<\/strong>, <strong data-start=\"1299\" data-end=\"1312\">fiabilit\u00e9<\/strong> et <strong data-start=\"1316\" data-end=\"1339\">s\u00e9curit\u00e9 \u00e9lectrique<\/strong>.<\/p>\n<\/li>\n<\/ul>\n","protected":false},"excerpt":{"rendered":"<p>Disjoncteur NB1 \u2013 20A, 2P Le disjoncteur NB1 assure une protection fiable des circuits \u00e9lectriques contre les surcharges et les courts-circuits, tout en remplissant les fonctions d\u2019interrupteur et d\u2019isolement. Gr\u00e2ce<\/p>\n","protected":false},"featured_media":8822,"comment_status":"open","ping_status":"closed","template":"","meta":{"_acf_changed":false,"content-type":""},"product_brand":[],"product_cat":[367],"product_tag":[],"class_list":{"0":"post-8771","1":"product","2":"type-product","3":"status-publish","4":"has-post-thumbnail","6":"product_cat-disjoncteurs","8":"first","9":"instock","10":"shipping-taxable","11":"purchasable","12":"product-type-simple"},"acf":[],"yoast_head":"<!-- This site is optimized with the Yoast SEO plugin v27.3 - https:\/\/yoast.com\/product\/yoast-seo-wordpress\/ -->\n<title>DISJONCTEUR MODULAIRE 2P C20 6KA CHINT - BTMT ELECTRIC \u2013 Solutions \u00c9lectriques Fiables et Innovantes<\/title>\n<meta name=\"robots\" content=\"index, follow, max-snippet:-1, max-image-preview:large, max-video-preview:-1\" \/>\n<link rel=\"canonical\" href=\"https:\/\/btmtelectric.com\/index.php\/product\/disjoncteur-modulaire-2p-c20-6ka-chint\/\" \/>\n<meta property=\"og:locale\" content=\"fr_FR\" \/>\n<meta property=\"og:type\" content=\"article\" \/>\n<meta property=\"og:title\" content=\"DISJONCTEUR MODULAIRE 2P C20 6KA CHINT - BTMT ELECTRIC \u2013 Solutions \u00c9lectriques Fiables et Innovantes\" \/>\n<meta property=\"og:description\" content=\"Disjoncteur NB1 \u2013 20A, 2P Le disjoncteur NB1 assure une protection fiable des circuits \u00e9lectriques contre les surcharges et les courts-circuits, tout en remplissant les fonctions d\u2019interrupteur et d\u2019isolement. Gr\u00e2ce\" \/>\n<meta property=\"og:url\" content=\"https:\/\/btmtelectric.com\/index.php\/product\/disjoncteur-modulaire-2p-c20-6ka-chint\/\" \/>\n<meta property=\"og:site_name\" content=\"BTMT ELECTRIC \u2013 Solutions \u00c9lectriques Fiables et Innovantes\" \/>\n<meta property=\"article:publisher\" content=\"https:\/\/www.facebook.com\/profile.php?id=61578000361796\" \/>\n<meta property=\"article:modified_time\" content=\"2025-08-28T11:12:19+00:00\" \/>\n<meta property=\"og:image\" content=\"https:\/\/btmtelectric.com\/wp-content\/uploads\/2025\/08\/disj-modulaire-c20.png\" \/>\n\t<meta property=\"og:image:width\" content=\"769\" \/>\n\t<meta property=\"og:image:height\" content=\"740\" \/>\n\t<meta property=\"og:image:type\" content=\"image\/png\" \/>\n<meta name=\"twitter:card\" content=\"summary_large_image\" \/>\n<meta name=\"twitter:label1\" content=\"Dur\u00e9e de lecture estim\u00e9e\" \/>\n\t<meta name=\"twitter:data1\" content=\"1 minute\" \/>\n<script type=\"application\/ld+json\" class=\"yoast-schema-graph\">{\"@context\":\"https:\\\/\\\/schema.org\",\"@graph\":[{\"@type\":\"WebPage\",\"@id\":\"https:\\\/\\\/btmtelectric.com\\\/index.php\\\/product\\\/disjoncteur-modulaire-2p-c20-6ka-chint\\\/\",\"url\":\"https:\\\/\\\/btmtelectric.com\\\/index.php\\\/product\\\/disjoncteur-modulaire-2p-c20-6ka-chint\\\/\",\"name\":\"DISJONCTEUR MODULAIRE 2P C20 6KA CHINT - BTMT ELECTRIC \u2013 Solutions \u00c9lectriques Fiables et Innovantes\",\"isPartOf\":{\"@id\":\"https:\\\/\\\/btmtelectric.com\\\/#website\"},\"primaryImageOfPage\":{\"@id\":\"https:\\\/\\\/btmtelectric.com\\\/index.php\\\/product\\\/disjoncteur-modulaire-2p-c20-6ka-chint\\\/#primaryimage\"},\"image\":{\"@id\":\"https:\\\/\\\/btmtelectric.com\\\/index.php\\\/product\\\/disjoncteur-modulaire-2p-c20-6ka-chint\\\/#primaryimage\"},\"thumbnailUrl\":\"https:\\\/\\\/btmtelectric.com\\\/wp-content\\\/uploads\\\/2025\\\/08\\\/disj-modulaire-c20.png\",\"datePublished\":\"2025-08-28T08:09:01+00:00\",\"dateModified\":\"2025-08-28T11:12:19+00:00\",\"breadcrumb\":{\"@id\":\"https:\\\/\\\/btmtelectric.com\\\/index.php\\\/product\\\/disjoncteur-modulaire-2p-c20-6ka-chint\\\/#breadcrumb\"},\"inLanguage\":\"fr-FR\",\"potentialAction\":[{\"@type\":\"ReadAction\",\"target\":[\"https:\\\/\\\/btmtelectric.com\\\/index.php\\\/product\\\/disjoncteur-modulaire-2p-c20-6ka-chint\\\/\"]}]},{\"@type\":\"ImageObject\",\"inLanguage\":\"fr-FR\",\"@id\":\"https:\\\/\\\/btmtelectric.com\\\/index.php\\\/product\\\/disjoncteur-modulaire-2p-c20-6ka-chint\\\/#primaryimage\",\"url\":\"https:\\\/\\\/btmtelectric.com\\\/wp-content\\\/uploads\\\/2025\\\/08\\\/disj-modulaire-c20.png\",\"contentUrl\":\"https:\\\/\\\/btmtelectric.com\\\/wp-content\\\/uploads\\\/2025\\\/08\\\/disj-modulaire-c20.png\",\"width\":769,\"height\":740},{\"@type\":\"BreadcrumbList\",\"@id\":\"https:\\\/\\\/btmtelectric.com\\\/index.php\\\/product\\\/disjoncteur-modulaire-2p-c20-6ka-chint\\\/#breadcrumb\",\"itemListElement\":[{\"@type\":\"ListItem\",\"position\":1,\"name\":\"Accueil\",\"item\":\"https:\\\/\\\/btmtelectric.com\\\/\"},{\"@type\":\"ListItem\",\"position\":2,\"name\":\"Boutique\",\"item\":\"https:\\\/\\\/btmtelectric.com\\\/index.php\\\/boutique\\\/\"},{\"@type\":\"ListItem\",\"position\":3,\"name\":\"DISJONCTEUR MODULAIRE 2P C20 6KA CHINT\"}]},{\"@type\":\"WebSite\",\"@id\":\"https:\\\/\\\/btmtelectric.com\\\/#website\",\"url\":\"https:\\\/\\\/btmtelectric.com\\\/\",\"name\":\"BTMT ELECTRIC \u2013 Solutions \u00c9lectriques Fiables et Innovantes\",\"description\":\"\",\"publisher\":{\"@id\":\"https:\\\/\\\/btmtelectric.com\\\/#organization\"},\"potentialAction\":[{\"@type\":\"SearchAction\",\"target\":{\"@type\":\"EntryPoint\",\"urlTemplate\":\"https:\\\/\\\/btmtelectric.com\\\/?s={search_term_string}\"},\"query-input\":{\"@type\":\"PropertyValueSpecification\",\"valueRequired\":true,\"valueName\":\"search_term_string\"}}],\"inLanguage\":\"fr-FR\"},{\"@type\":\"Organization\",\"@id\":\"https:\\\/\\\/btmtelectric.com\\\/#organization\",\"name\":\"BTMT ELECTRIC \u2013 Solutions \u00c9lectriques Fiables et Innovantes\",\"url\":\"https:\\\/\\\/btmtelectric.com\\\/\",\"logo\":{\"@type\":\"ImageObject\",\"inLanguage\":\"fr-FR\",\"@id\":\"https:\\\/\\\/btmtelectric.com\\\/#\\\/schema\\\/logo\\\/image\\\/\",\"url\":\"https:\\\/\\\/btmtelectric.com\\\/wp-content\\\/uploads\\\/2025\\\/07\\\/WhatsApp_Image_2025-07-09_at_11.45.18_AM-removebg-preview-1.png\",\"contentUrl\":\"https:\\\/\\\/btmtelectric.com\\\/wp-content\\\/uploads\\\/2025\\\/07\\\/WhatsApp_Image_2025-07-09_at_11.45.18_AM-removebg-preview-1.png\",\"width\":175,\"height\":42,\"caption\":\"BTMT ELECTRIC \u2013 Solutions \u00c9lectriques Fiables et Innovantes\"},\"image\":{\"@id\":\"https:\\\/\\\/btmtelectric.com\\\/#\\\/schema\\\/logo\\\/image\\\/\"},\"sameAs\":[\"https:\\\/\\\/www.facebook.com\\\/profile.php?id=61578000361796\",\"https:\\\/\\\/www.instagram.com\\\/btmtelectric\\\/\"]}]}<\/script>\n<!-- \/ Yoast SEO plugin. -->","yoast_head_json":{"title":"DISJONCTEUR MODULAIRE 2P C20 6KA CHINT - BTMT ELECTRIC \u2013 Solutions \u00c9lectriques Fiables et Innovantes","robots":{"index":"index","follow":"follow","max-snippet":"max-snippet:-1","max-image-preview":"max-image-preview:large","max-video-preview":"max-video-preview:-1"},"canonical":"https:\/\/btmtelectric.com\/index.php\/product\/disjoncteur-modulaire-2p-c20-6ka-chint\/","og_locale":"fr_FR","og_type":"article","og_title":"DISJONCTEUR MODULAIRE 2P C20 6KA CHINT - BTMT ELECTRIC \u2013 Solutions \u00c9lectriques Fiables et Innovantes","og_description":"Disjoncteur NB1 \u2013 20A, 2P Le disjoncteur NB1 assure une protection fiable des circuits \u00e9lectriques contre les surcharges et les courts-circuits, tout en remplissant les fonctions d\u2019interrupteur et d\u2019isolement. Gr\u00e2ce","og_url":"https:\/\/btmtelectric.com\/index.php\/product\/disjoncteur-modulaire-2p-c20-6ka-chint\/","og_site_name":"BTMT ELECTRIC \u2013 Solutions \u00c9lectriques Fiables et Innovantes","article_publisher":"https:\/\/www.facebook.com\/profile.php?id=61578000361796","article_modified_time":"2025-08-28T11:12:19+00:00","og_image":[{"width":769,"height":740,"url":"https:\/\/btmtelectric.com\/wp-content\/uploads\/2025\/08\/disj-modulaire-c20.png","type":"image\/png"}],"twitter_card":"summary_large_image","twitter_misc":{"Dur\u00e9e de lecture estim\u00e9e":"1 minute"},"schema":{"@context":"https:\/\/schema.org","@graph":[{"@type":"WebPage","@id":"https:\/\/btmtelectric.com\/index.php\/product\/disjoncteur-modulaire-2p-c20-6ka-chint\/","url":"https:\/\/btmtelectric.com\/index.php\/product\/disjoncteur-modulaire-2p-c20-6ka-chint\/","name":"DISJONCTEUR MODULAIRE 2P C20 6KA CHINT - BTMT ELECTRIC \u2013 Solutions \u00c9lectriques Fiables et Innovantes","isPartOf":{"@id":"https:\/\/btmtelectric.com\/#website"},"primaryImageOfPage":{"@id":"https:\/\/btmtelectric.com\/index.php\/product\/disjoncteur-modulaire-2p-c20-6ka-chint\/#primaryimage"},"image":{"@id":"https:\/\/btmtelectric.com\/index.php\/product\/disjoncteur-modulaire-2p-c20-6ka-chint\/#primaryimage"},"thumbnailUrl":"https:\/\/btmtelectric.com\/wp-content\/uploads\/2025\/08\/disj-modulaire-c20.png","datePublished":"2025-08-28T08:09:01+00:00","dateModified":"2025-08-28T11:12:19+00:00","breadcrumb":{"@id":"https:\/\/btmtelectric.com\/index.php\/product\/disjoncteur-modulaire-2p-c20-6ka-chint\/#breadcrumb"},"inLanguage":"fr-FR","potentialAction":[{"@type":"ReadAction","target":["https:\/\/btmtelectric.com\/index.php\/product\/disjoncteur-modulaire-2p-c20-6ka-chint\/"]}]},{"@type":"ImageObject","inLanguage":"fr-FR","@id":"https:\/\/btmtelectric.com\/index.php\/product\/disjoncteur-modulaire-2p-c20-6ka-chint\/#primaryimage","url":"https:\/\/btmtelectric.com\/wp-content\/uploads\/2025\/08\/disj-modulaire-c20.png","contentUrl":"https:\/\/btmtelectric.com\/wp-content\/uploads\/2025\/08\/disj-modulaire-c20.png","width":769,"height":740},{"@type":"BreadcrumbList","@id":"https:\/\/btmtelectric.com\/index.php\/product\/disjoncteur-modulaire-2p-c20-6ka-chint\/#breadcrumb","itemListElement":[{"@type":"ListItem","position":1,"name":"Accueil","item":"https:\/\/btmtelectric.com\/"},{"@type":"ListItem","position":2,"name":"Boutique","item":"https:\/\/btmtelectric.com\/index.php\/boutique\/"},{"@type":"ListItem","position":3,"name":"DISJONCTEUR MODULAIRE 2P C20 6KA CHINT"}]},{"@type":"WebSite","@id":"https:\/\/btmtelectric.com\/#website","url":"https:\/\/btmtelectric.com\/","name":"BTMT ELECTRIC \u2013 Solutions \u00c9lectriques Fiables et Innovantes","description":"","publisher":{"@id":"https:\/\/btmtelectric.com\/#organization"},"potentialAction":[{"@type":"SearchAction","target":{"@type":"EntryPoint","urlTemplate":"https:\/\/btmtelectric.com\/?s={search_term_string}"},"query-input":{"@type":"PropertyValueSpecification","valueRequired":true,"valueName":"search_term_string"}}],"inLanguage":"fr-FR"},{"@type":"Organization","@id":"https:\/\/btmtelectric.com\/#organization","name":"BTMT ELECTRIC \u2013 Solutions \u00c9lectriques Fiables et Innovantes","url":"https:\/\/btmtelectric.com\/","logo":{"@type":"ImageObject","inLanguage":"fr-FR","@id":"https:\/\/btmtelectric.com\/#\/schema\/logo\/image\/","url":"https:\/\/btmtelectric.com\/wp-content\/uploads\/2025\/07\/WhatsApp_Image_2025-07-09_at_11.45.18_AM-removebg-preview-1.png","contentUrl":"https:\/\/btmtelectric.com\/wp-content\/uploads\/2025\/07\/WhatsApp_Image_2025-07-09_at_11.45.18_AM-removebg-preview-1.png","width":175,"height":42,"caption":"BTMT ELECTRIC \u2013 Solutions \u00c9lectriques Fiables et Innovantes"},"image":{"@id":"https:\/\/btmtelectric.com\/#\/schema\/logo\/image\/"},"sameAs":["https:\/\/www.facebook.com\/profile.php?id=61578000361796","https:\/\/www.instagram.com\/btmtelectric\/"]}]}},"_links":{"self":[{"href":"https:\/\/btmtelectric.com\/index.php\/wp-json\/wp\/v2\/product\/8771","targetHints":{"allow":["GET"]}}],"collection":[{"href":"https:\/\/btmtelectric.com\/index.php\/wp-json\/wp\/v2\/product"}],"about":[{"href":"https:\/\/btmtelectric.com\/index.php\/wp-json\/wp\/v2\/types\/product"}],"replies":[{"embeddable":true,"href":"https:\/\/btmtelectric.com\/index.php\/wp-json\/wp\/v2\/comments?post=8771"}],"wp:featuredmedia":[{"embeddable":true,"href":"https:\/\/btmtelectric.com\/index.php\/wp-json\/wp\/v2\/media\/8822"}],"wp:attachment":[{"href":"https:\/\/btmtelectric.com\/index.php\/wp-json\/wp\/v2\/media?parent=8771"}],"wp:term":[{"taxonomy":"product_brand","embeddable":true,"href":"https:\/\/btmtelectric.com\/index.php\/wp-json\/wp\/v2\/product_brand?post=8771"},{"taxonomy":"product_cat","embeddable":true,"href":"https:\/\/btmtelectric.com\/index.php\/wp-json\/wp\/v2\/product_cat?post=8771"},{"taxonomy":"product_tag","embeddable":true,"href":"https:\/\/btmtelectric.com\/index.php\/wp-json\/wp\/v2\/product_tag?post=8771"}],"curies":[{"name":"wp","href":"https:\/\/api.w.org\/{rel}","templated":true}]}}