{"id":8768,"date":"2025-08-28T07:58:12","date_gmt":"2025-08-28T07:58:12","guid":{"rendered":"https:\/\/btmtelectric.com\/?post_type=product&#038;p=8768"},"modified":"2025-08-28T11:15:19","modified_gmt":"2025-08-28T11:15:19","slug":"disjoncteur-modulaire-2p-c25-6ka-chint","status":"publish","type":"product","link":"https:\/\/btmtelectric.com\/index.php\/product\/disjoncteur-modulaire-2p-c25-6ka-chint\/","title":{"rendered":"DISJONCTEUR MODULAIRE 2P C25 6KA CHINT"},"content":{"rendered":"<p>Le disjoncteur <strong data-start=\"158\" data-end=\"165\">NB1<\/strong> assure une protection efficace et fiable des circuits \u00e9lectriques contre les <strong data-start=\"243\" data-end=\"257\">surcharges<\/strong> et les <strong data-start=\"265\" data-end=\"284\">courts-circuits<\/strong>, tout en jouant le r\u00f4le d\u2019<strong data-start=\"311\" data-end=\"351\">interrupteur et d\u2019organe d\u2019isolation<\/strong>. Sa conception robuste et polyvalente en fait un choix id\u00e9al aussi bien pour les <strong data-start=\"433\" data-end=\"462\">installations domestiques<\/strong> que pour les <strong data-start=\"476\" data-end=\"542\">r\u00e9seaux de distribution \u00e9lectriques commerciaux et industriels<\/strong>.<\/p>\n<p>Gr\u00e2ce \u00e0 sa capacit\u00e9 de coupure \u00e9lev\u00e9e et \u00e0 sa long\u00e9vit\u00e9 m\u00e9canique et \u00e9lectrique, il garantit une s\u00e9curit\u00e9 optimale des \u00e9quipements et des personnes, m\u00eame dans des environnements exigeants.<\/p>\n<h3 data-start=\"744\" data-end=\"777\">Caract\u00e9ristiques techniques<\/h3>\n<ul data-start=\"779\" data-end=\"1309\">\n<li data-start=\"779\" data-end=\"814\">\n<p data-start=\"781\" data-end=\"814\"><strong data-start=\"781\" data-end=\"805\">Courant assign\u00e9 (In)<\/strong> : 25 A<\/p>\n<\/li>\n<li data-start=\"815\" data-end=\"842\">\n<p data-start=\"817\" data-end=\"842\"><strong data-start=\"817\" data-end=\"836\">Nombre de p\u00f4les<\/strong> : 2<\/p>\n<\/li>\n<li data-start=\"843\" data-end=\"884\">\n<p data-start=\"845\" data-end=\"884\"><strong data-start=\"845\" data-end=\"870\">Tension assign\u00e9e (Ue)<\/strong> : 230\/400 V<\/p>\n<\/li>\n<li data-start=\"885\" data-end=\"922\">\n<p data-start=\"887\" data-end=\"922\"><strong data-start=\"887\" data-end=\"909\">Fr\u00e9quence nominale<\/strong> : 50\/60 Hz<\/p>\n<\/li>\n<li data-start=\"923\" data-end=\"1021\">\n<p data-start=\"925\" data-end=\"1021\"><strong data-start=\"925\" data-end=\"955\">Pouvoir de coupure assign\u00e9<\/strong> : 6 000 A, pour une protection fiable en cas de courts-circuits<\/p>\n<\/li>\n<li data-start=\"1022\" data-end=\"1079\">\n<p data-start=\"1024\" data-end=\"1079\"><strong data-start=\"1024\" data-end=\"1051\">Dur\u00e9e de vie \u00e9lectrique<\/strong> : environ 4 000 man\u0153uvres<\/p>\n<\/li>\n<li data-start=\"1080\" data-end=\"1190\">\n<p data-start=\"1082\" data-end=\"1190\"><strong data-start=\"1082\" data-end=\"1108\">Dur\u00e9e de vie m\u00e9canique<\/strong> : jusqu\u2019\u00e0 20 000 man\u0153uvres, garantissant une grande fiabilit\u00e9 sur le long terme<\/p>\n<\/li>\n<li data-start=\"1191\" data-end=\"1309\">\n<p data-start=\"1193\" data-end=\"1309\"><strong data-start=\"1193\" data-end=\"1235\">Plage de temp\u00e9rature de fonctionnement<\/strong> : de -25 \u00b0C \u00e0 +60 \u00b0C, adapt\u00e9 \u00e0 diff\u00e9rents environnements d\u2019installation<\/p>\n<h3 data-start=\"1316\" data-end=\"1339\">Atouts principaux<\/h3>\n<ul data-start=\"1340\" data-end=\"1744\">\n<li data-start=\"1340\" data-end=\"1393\">\n<p data-start=\"1342\" data-end=\"1393\">Double protection : <strong data-start=\"1362\" data-end=\"1391\">surcharge + court-circuit<\/strong><\/p>\n<\/li>\n<li data-start=\"1394\" data-end=\"1481\">\n<p data-start=\"1396\" data-end=\"1481\">Fonction <strong data-start=\"1405\" data-end=\"1434\">interrupteur et isolation<\/strong>, pratique pour les op\u00e9rations de maintenance<\/p>\n<\/li>\n<li data-start=\"1482\" data-end=\"1544\">\n<p data-start=\"1484\" data-end=\"1544\"><strong data-start=\"1484\" data-end=\"1511\">Robustesse et long\u00e9vit\u00e9<\/strong> gr\u00e2ce \u00e0 une conception durable<\/p>\n<\/li>\n<li data-start=\"1545\" data-end=\"1644\">\n<p data-start=\"1547\" data-end=\"1644\"><strong data-start=\"1547\" data-end=\"1576\">Compatibilit\u00e9 universelle<\/strong> avec tableaux \u00e9lectriques r\u00e9sidentiels, tertiaires et industriels<\/p>\n<\/li>\n<\/ul>\n<\/li>\n<\/ul>\n","protected":false},"excerpt":{"rendered":"<p>Le disjoncteur NB1 assure une protection efficace et fiable des circuits \u00e9lectriques contre les surcharges et les courts-circuits, tout en jouant le r\u00f4le d\u2019interrupteur et d\u2019organe d\u2019isolation. Sa conception robuste<\/p>\n","protected":false},"featured_media":8823,"comment_status":"open","ping_status":"closed","template":"","meta":{"_acf_changed":false,"content-type":""},"product_brand":[],"product_cat":[367],"product_tag":[],"class_list":{"0":"post-8768","1":"product","2":"type-product","3":"status-publish","4":"has-post-thumbnail","6":"product_cat-disjoncteurs","8":"first","9":"instock","10":"shipping-taxable","11":"purchasable","12":"product-type-simple"},"acf":[],"yoast_head":"<!-- This site is optimized with the Yoast SEO plugin v27.3 - https:\/\/yoast.com\/product\/yoast-seo-wordpress\/ -->\n<title>DISJONCTEUR MODULAIRE 2P C25 6KA CHINT - BTMT ELECTRIC \u2013 Solutions \u00c9lectriques Fiables et Innovantes<\/title>\n<meta name=\"robots\" content=\"index, follow, max-snippet:-1, max-image-preview:large, max-video-preview:-1\" \/>\n<link rel=\"canonical\" href=\"https:\/\/btmtelectric.com\/index.php\/product\/disjoncteur-modulaire-2p-c25-6ka-chint\/\" \/>\n<meta property=\"og:locale\" content=\"fr_FR\" \/>\n<meta property=\"og:type\" content=\"article\" \/>\n<meta property=\"og:title\" content=\"DISJONCTEUR MODULAIRE 2P C25 6KA CHINT - BTMT ELECTRIC \u2013 Solutions \u00c9lectriques Fiables et Innovantes\" \/>\n<meta property=\"og:description\" content=\"Le disjoncteur NB1 assure une protection efficace et fiable des circuits \u00e9lectriques contre les surcharges et les courts-circuits, tout en jouant le r\u00f4le d\u2019interrupteur et d\u2019organe d\u2019isolation. Sa conception robuste\" \/>\n<meta property=\"og:url\" content=\"https:\/\/btmtelectric.com\/index.php\/product\/disjoncteur-modulaire-2p-c25-6ka-chint\/\" \/>\n<meta property=\"og:site_name\" content=\"BTMT ELECTRIC \u2013 Solutions \u00c9lectriques Fiables et Innovantes\" \/>\n<meta property=\"article:publisher\" content=\"https:\/\/www.facebook.com\/profile.php?id=61578000361796\" \/>\n<meta property=\"article:modified_time\" content=\"2025-08-28T11:15:19+00:00\" \/>\n<meta property=\"og:image\" content=\"https:\/\/btmtelectric.com\/wp-content\/uploads\/2025\/08\/disj-modulaire-c25.jpg\" \/>\n\t<meta property=\"og:image:width\" content=\"435\" \/>\n\t<meta property=\"og:image:height\" content=\"495\" \/>\n\t<meta property=\"og:image:type\" content=\"image\/jpeg\" \/>\n<meta name=\"twitter:card\" content=\"summary_large_image\" \/>\n<meta name=\"twitter:label1\" content=\"Dur\u00e9e de lecture estim\u00e9e\" \/>\n\t<meta name=\"twitter:data1\" content=\"1 minute\" \/>\n<script type=\"application\/ld+json\" class=\"yoast-schema-graph\">{\"@context\":\"https:\\\/\\\/schema.org\",\"@graph\":[{\"@type\":\"WebPage\",\"@id\":\"https:\\\/\\\/btmtelectric.com\\\/index.php\\\/product\\\/disjoncteur-modulaire-2p-c25-6ka-chint\\\/\",\"url\":\"https:\\\/\\\/btmtelectric.com\\\/index.php\\\/product\\\/disjoncteur-modulaire-2p-c25-6ka-chint\\\/\",\"name\":\"DISJONCTEUR MODULAIRE 2P C25 6KA CHINT - BTMT ELECTRIC \u2013 Solutions \u00c9lectriques Fiables et Innovantes\",\"isPartOf\":{\"@id\":\"https:\\\/\\\/btmtelectric.com\\\/#website\"},\"primaryImageOfPage\":{\"@id\":\"https:\\\/\\\/btmtelectric.com\\\/index.php\\\/product\\\/disjoncteur-modulaire-2p-c25-6ka-chint\\\/#primaryimage\"},\"image\":{\"@id\":\"https:\\\/\\\/btmtelectric.com\\\/index.php\\\/product\\\/disjoncteur-modulaire-2p-c25-6ka-chint\\\/#primaryimage\"},\"thumbnailUrl\":\"https:\\\/\\\/btmtelectric.com\\\/wp-content\\\/uploads\\\/2025\\\/08\\\/disj-modulaire-c25.jpg\",\"datePublished\":\"2025-08-28T07:58:12+00:00\",\"dateModified\":\"2025-08-28T11:15:19+00:00\",\"breadcrumb\":{\"@id\":\"https:\\\/\\\/btmtelectric.com\\\/index.php\\\/product\\\/disjoncteur-modulaire-2p-c25-6ka-chint\\\/#breadcrumb\"},\"inLanguage\":\"fr-FR\",\"potentialAction\":[{\"@type\":\"ReadAction\",\"target\":[\"https:\\\/\\\/btmtelectric.com\\\/index.php\\\/product\\\/disjoncteur-modulaire-2p-c25-6ka-chint\\\/\"]}]},{\"@type\":\"ImageObject\",\"inLanguage\":\"fr-FR\",\"@id\":\"https:\\\/\\\/btmtelectric.com\\\/index.php\\\/product\\\/disjoncteur-modulaire-2p-c25-6ka-chint\\\/#primaryimage\",\"url\":\"https:\\\/\\\/btmtelectric.com\\\/wp-content\\\/uploads\\\/2025\\\/08\\\/disj-modulaire-c25.jpg\",\"contentUrl\":\"https:\\\/\\\/btmtelectric.com\\\/wp-content\\\/uploads\\\/2025\\\/08\\\/disj-modulaire-c25.jpg\",\"width\":435,\"height\":495},{\"@type\":\"BreadcrumbList\",\"@id\":\"https:\\\/\\\/btmtelectric.com\\\/index.php\\\/product\\\/disjoncteur-modulaire-2p-c25-6ka-chint\\\/#breadcrumb\",\"itemListElement\":[{\"@type\":\"ListItem\",\"position\":1,\"name\":\"Accueil\",\"item\":\"https:\\\/\\\/btmtelectric.com\\\/\"},{\"@type\":\"ListItem\",\"position\":2,\"name\":\"Boutique\",\"item\":\"https:\\\/\\\/btmtelectric.com\\\/index.php\\\/boutique\\\/\"},{\"@type\":\"ListItem\",\"position\":3,\"name\":\"DISJONCTEUR MODULAIRE 2P C25 6KA CHINT\"}]},{\"@type\":\"WebSite\",\"@id\":\"https:\\\/\\\/btmtelectric.com\\\/#website\",\"url\":\"https:\\\/\\\/btmtelectric.com\\\/\",\"name\":\"BTMT ELECTRIC \u2013 Solutions \u00c9lectriques Fiables et Innovantes\",\"description\":\"\",\"publisher\":{\"@id\":\"https:\\\/\\\/btmtelectric.com\\\/#organization\"},\"potentialAction\":[{\"@type\":\"SearchAction\",\"target\":{\"@type\":\"EntryPoint\",\"urlTemplate\":\"https:\\\/\\\/btmtelectric.com\\\/?s={search_term_string}\"},\"query-input\":{\"@type\":\"PropertyValueSpecification\",\"valueRequired\":true,\"valueName\":\"search_term_string\"}}],\"inLanguage\":\"fr-FR\"},{\"@type\":\"Organization\",\"@id\":\"https:\\\/\\\/btmtelectric.com\\\/#organization\",\"name\":\"BTMT ELECTRIC \u2013 Solutions \u00c9lectriques Fiables et Innovantes\",\"url\":\"https:\\\/\\\/btmtelectric.com\\\/\",\"logo\":{\"@type\":\"ImageObject\",\"inLanguage\":\"fr-FR\",\"@id\":\"https:\\\/\\\/btmtelectric.com\\\/#\\\/schema\\\/logo\\\/image\\\/\",\"url\":\"https:\\\/\\\/btmtelectric.com\\\/wp-content\\\/uploads\\\/2025\\\/07\\\/WhatsApp_Image_2025-07-09_at_11.45.18_AM-removebg-preview-1.png\",\"contentUrl\":\"https:\\\/\\\/btmtelectric.com\\\/wp-content\\\/uploads\\\/2025\\\/07\\\/WhatsApp_Image_2025-07-09_at_11.45.18_AM-removebg-preview-1.png\",\"width\":175,\"height\":42,\"caption\":\"BTMT ELECTRIC \u2013 Solutions \u00c9lectriques Fiables et Innovantes\"},\"image\":{\"@id\":\"https:\\\/\\\/btmtelectric.com\\\/#\\\/schema\\\/logo\\\/image\\\/\"},\"sameAs\":[\"https:\\\/\\\/www.facebook.com\\\/profile.php?id=61578000361796\",\"https:\\\/\\\/www.instagram.com\\\/btmtelectric\\\/\"]}]}<\/script>\n<!-- \/ Yoast SEO plugin. -->","yoast_head_json":{"title":"DISJONCTEUR MODULAIRE 2P C25 6KA CHINT - BTMT ELECTRIC \u2013 Solutions \u00c9lectriques Fiables et Innovantes","robots":{"index":"index","follow":"follow","max-snippet":"max-snippet:-1","max-image-preview":"max-image-preview:large","max-video-preview":"max-video-preview:-1"},"canonical":"https:\/\/btmtelectric.com\/index.php\/product\/disjoncteur-modulaire-2p-c25-6ka-chint\/","og_locale":"fr_FR","og_type":"article","og_title":"DISJONCTEUR MODULAIRE 2P C25 6KA CHINT - BTMT ELECTRIC \u2013 Solutions \u00c9lectriques Fiables et Innovantes","og_description":"Le disjoncteur NB1 assure une protection efficace et fiable des circuits \u00e9lectriques contre les surcharges et les courts-circuits, tout en jouant le r\u00f4le d\u2019interrupteur et d\u2019organe d\u2019isolation. Sa conception robuste","og_url":"https:\/\/btmtelectric.com\/index.php\/product\/disjoncteur-modulaire-2p-c25-6ka-chint\/","og_site_name":"BTMT ELECTRIC \u2013 Solutions \u00c9lectriques Fiables et Innovantes","article_publisher":"https:\/\/www.facebook.com\/profile.php?id=61578000361796","article_modified_time":"2025-08-28T11:15:19+00:00","og_image":[{"width":435,"height":495,"url":"https:\/\/btmtelectric.com\/wp-content\/uploads\/2025\/08\/disj-modulaire-c25.jpg","type":"image\/jpeg"}],"twitter_card":"summary_large_image","twitter_misc":{"Dur\u00e9e de lecture estim\u00e9e":"1 minute"},"schema":{"@context":"https:\/\/schema.org","@graph":[{"@type":"WebPage","@id":"https:\/\/btmtelectric.com\/index.php\/product\/disjoncteur-modulaire-2p-c25-6ka-chint\/","url":"https:\/\/btmtelectric.com\/index.php\/product\/disjoncteur-modulaire-2p-c25-6ka-chint\/","name":"DISJONCTEUR MODULAIRE 2P C25 6KA CHINT - BTMT ELECTRIC \u2013 Solutions \u00c9lectriques Fiables et Innovantes","isPartOf":{"@id":"https:\/\/btmtelectric.com\/#website"},"primaryImageOfPage":{"@id":"https:\/\/btmtelectric.com\/index.php\/product\/disjoncteur-modulaire-2p-c25-6ka-chint\/#primaryimage"},"image":{"@id":"https:\/\/btmtelectric.com\/index.php\/product\/disjoncteur-modulaire-2p-c25-6ka-chint\/#primaryimage"},"thumbnailUrl":"https:\/\/btmtelectric.com\/wp-content\/uploads\/2025\/08\/disj-modulaire-c25.jpg","datePublished":"2025-08-28T07:58:12+00:00","dateModified":"2025-08-28T11:15:19+00:00","breadcrumb":{"@id":"https:\/\/btmtelectric.com\/index.php\/product\/disjoncteur-modulaire-2p-c25-6ka-chint\/#breadcrumb"},"inLanguage":"fr-FR","potentialAction":[{"@type":"ReadAction","target":["https:\/\/btmtelectric.com\/index.php\/product\/disjoncteur-modulaire-2p-c25-6ka-chint\/"]}]},{"@type":"ImageObject","inLanguage":"fr-FR","@id":"https:\/\/btmtelectric.com\/index.php\/product\/disjoncteur-modulaire-2p-c25-6ka-chint\/#primaryimage","url":"https:\/\/btmtelectric.com\/wp-content\/uploads\/2025\/08\/disj-modulaire-c25.jpg","contentUrl":"https:\/\/btmtelectric.com\/wp-content\/uploads\/2025\/08\/disj-modulaire-c25.jpg","width":435,"height":495},{"@type":"BreadcrumbList","@id":"https:\/\/btmtelectric.com\/index.php\/product\/disjoncteur-modulaire-2p-c25-6ka-chint\/#breadcrumb","itemListElement":[{"@type":"ListItem","position":1,"name":"Accueil","item":"https:\/\/btmtelectric.com\/"},{"@type":"ListItem","position":2,"name":"Boutique","item":"https:\/\/btmtelectric.com\/index.php\/boutique\/"},{"@type":"ListItem","position":3,"name":"DISJONCTEUR MODULAIRE 2P C25 6KA CHINT"}]},{"@type":"WebSite","@id":"https:\/\/btmtelectric.com\/#website","url":"https:\/\/btmtelectric.com\/","name":"BTMT ELECTRIC \u2013 Solutions \u00c9lectriques Fiables et Innovantes","description":"","publisher":{"@id":"https:\/\/btmtelectric.com\/#organization"},"potentialAction":[{"@type":"SearchAction","target":{"@type":"EntryPoint","urlTemplate":"https:\/\/btmtelectric.com\/?s={search_term_string}"},"query-input":{"@type":"PropertyValueSpecification","valueRequired":true,"valueName":"search_term_string"}}],"inLanguage":"fr-FR"},{"@type":"Organization","@id":"https:\/\/btmtelectric.com\/#organization","name":"BTMT ELECTRIC \u2013 Solutions \u00c9lectriques Fiables et Innovantes","url":"https:\/\/btmtelectric.com\/","logo":{"@type":"ImageObject","inLanguage":"fr-FR","@id":"https:\/\/btmtelectric.com\/#\/schema\/logo\/image\/","url":"https:\/\/btmtelectric.com\/wp-content\/uploads\/2025\/07\/WhatsApp_Image_2025-07-09_at_11.45.18_AM-removebg-preview-1.png","contentUrl":"https:\/\/btmtelectric.com\/wp-content\/uploads\/2025\/07\/WhatsApp_Image_2025-07-09_at_11.45.18_AM-removebg-preview-1.png","width":175,"height":42,"caption":"BTMT ELECTRIC \u2013 Solutions \u00c9lectriques Fiables et Innovantes"},"image":{"@id":"https:\/\/btmtelectric.com\/#\/schema\/logo\/image\/"},"sameAs":["https:\/\/www.facebook.com\/profile.php?id=61578000361796","https:\/\/www.instagram.com\/btmtelectric\/"]}]}},"_links":{"self":[{"href":"https:\/\/btmtelectric.com\/index.php\/wp-json\/wp\/v2\/product\/8768","targetHints":{"allow":["GET"]}}],"collection":[{"href":"https:\/\/btmtelectric.com\/index.php\/wp-json\/wp\/v2\/product"}],"about":[{"href":"https:\/\/btmtelectric.com\/index.php\/wp-json\/wp\/v2\/types\/product"}],"replies":[{"embeddable":true,"href":"https:\/\/btmtelectric.com\/index.php\/wp-json\/wp\/v2\/comments?post=8768"}],"wp:featuredmedia":[{"embeddable":true,"href":"https:\/\/btmtelectric.com\/index.php\/wp-json\/wp\/v2\/media\/8823"}],"wp:attachment":[{"href":"https:\/\/btmtelectric.com\/index.php\/wp-json\/wp\/v2\/media?parent=8768"}],"wp:term":[{"taxonomy":"product_brand","embeddable":true,"href":"https:\/\/btmtelectric.com\/index.php\/wp-json\/wp\/v2\/product_brand?post=8768"},{"taxonomy":"product_cat","embeddable":true,"href":"https:\/\/btmtelectric.com\/index.php\/wp-json\/wp\/v2\/product_cat?post=8768"},{"taxonomy":"product_tag","embeddable":true,"href":"https:\/\/btmtelectric.com\/index.php\/wp-json\/wp\/v2\/product_tag?post=8768"}],"curies":[{"name":"wp","href":"https:\/\/api.w.org\/{rel}","templated":true}]}}