{"id":8765,"date":"2025-08-28T07:53:57","date_gmt":"2025-08-28T07:53:57","guid":{"rendered":"https:\/\/btmtelectric.com\/?post_type=product&#038;p=8765"},"modified":"2025-09-03T14:22:37","modified_gmt":"2025-09-03T14:22:37","slug":"disjoncteur-modulaire-2p-c32-6ka-chint","status":"publish","type":"product","link":"https:\/\/btmtelectric.com\/index.php\/product\/disjoncteur-modulaire-2p-c32-6ka-chint\/","title":{"rendered":"DISJONCTEUR MODULAIRE 2P C32 6KA CHINT"},"content":{"rendered":"<p data-start=\"144\" data-end=\"460\">Le disjoncteur <strong data-start=\"159\" data-end=\"166\">NB1<\/strong> est con\u00e7u pour assurer une protection fiable des circuits \u00e9lectriques contre les <strong data-start=\"248\" data-end=\"277\">courants de court-circuit<\/strong> et les <strong data-start=\"285\" data-end=\"299\">surcharges<\/strong>. Polyvalent, il combine les fonctions d\u2019interrupteur, de protection et d\u2019isolation, garantissant la s\u00e9curit\u00e9 des personnes et la durabilit\u00e9 des installations.<\/p>\n<p data-start=\"462\" data-end=\"686\">Il est particuli\u00e8rement adapt\u00e9 aussi bien aux <strong data-start=\"508\" data-end=\"537\">installations domestiques<\/strong> qu\u2019aux <strong data-start=\"545\" data-end=\"610\">r\u00e9seaux de distribution \u00e9lectrique commerciaux et industriels.<\/strong><\/p>\n<h3 data-start=\"693\" data-end=\"726\">Caract\u00e9ristiques techniques<\/h3>\n<ul data-start=\"728\" data-end=\"1265\">\n<li data-start=\"728\" data-end=\"763\">\n<p data-start=\"730\" data-end=\"763\"><strong data-start=\"730\" data-end=\"754\">Courant assign\u00e9 (In)<\/strong> : 32 A<\/p>\n<\/li>\n<li data-start=\"764\" data-end=\"791\">\n<p data-start=\"766\" data-end=\"791\"><strong data-start=\"766\" data-end=\"785\">Nombre de p\u00f4les<\/strong> : 2<\/p>\n<\/li>\n<li data-start=\"792\" data-end=\"833\">\n<p data-start=\"794\" data-end=\"833\"><strong data-start=\"794\" data-end=\"819\">Tension assign\u00e9e (Ue)<\/strong> : 230\/400 V<\/p>\n<\/li>\n<li data-start=\"834\" data-end=\"871\">\n<p data-start=\"836\" data-end=\"871\"><strong data-start=\"836\" data-end=\"858\">Fr\u00e9quence nominale<\/strong> : 50\/60 Hz<\/p>\n<\/li>\n<li data-start=\"872\" data-end=\"992\">\n<p data-start=\"874\" data-end=\"992\"><strong data-start=\"874\" data-end=\"904\">Pouvoir de coupure assign\u00e9<\/strong> : 6 000 A, assurant une protection efficace m\u00eame en cas de courts-circuits importants<\/p>\n<\/li>\n<li data-start=\"993\" data-end=\"1050\">\n<p data-start=\"995\" data-end=\"1050\"><strong data-start=\"995\" data-end=\"1022\">Dur\u00e9e de vie \u00e9lectrique<\/strong> : environ 4 000 man\u0153uvres<\/p>\n<\/li>\n<li data-start=\"1051\" data-end=\"1156\">\n<p data-start=\"1053\" data-end=\"1156\"><strong data-start=\"1053\" data-end=\"1079\">Dur\u00e9e de vie m\u00e9canique<\/strong> : jusqu\u2019\u00e0 20 000 man\u0153uvres, garantissant une grande fiabilit\u00e9 \u00e0 long terme<\/p>\n<\/li>\n<li data-start=\"1157\" data-end=\"1265\">\n<p data-start=\"1159\" data-end=\"1265\"><strong data-start=\"1159\" data-end=\"1192\">Temp\u00e9rature de fonctionnement<\/strong> : de -25 \u00b0C \u00e0 +60 \u00b0C, convenant \u00e0 divers environnements d\u2019installation<\/p>\n<h3 data-start=\"1272\" data-end=\"1290\">Points forts<\/h3>\n<ul data-start=\"1291\" data-end=\"1575\">\n<li data-start=\"1291\" data-end=\"1341\">\n<p data-start=\"1293\" data-end=\"1341\">Protection double : surcharge et court-circuit<\/p>\n<\/li>\n<li data-start=\"1342\" data-end=\"1398\">\n<p data-start=\"1344\" data-end=\"1398\">Facilit\u00e9 d\u2019int\u00e9gration dans les tableaux \u00e9lectriques<\/p>\n<\/li>\n<li data-start=\"1399\" data-end=\"1457\">\n<p data-start=\"1401\" data-end=\"1457\">Robustesse et long\u00e9vit\u00e9 gr\u00e2ce \u00e0 une conception durable<\/p>\n<\/li>\n<li data-start=\"1458\" data-end=\"1575\">\n<p data-start=\"1460\" data-end=\"1575\">Conformit\u00e9 aux normes de s\u00e9curit\u00e9 et de performance pour une utilisation r\u00e9sidentielle, tertiaire et industrielle<\/p>\n<\/li>\n<\/ul>\n<\/li>\n<\/ul>\n","protected":false},"excerpt":{"rendered":"<p>Le disjoncteur NB1 est con\u00e7u pour assurer une protection fiable des circuits \u00e9lectriques contre les courants de court-circuit et les surcharges. Polyvalent, il combine les fonctions d\u2019interrupteur, de protection et<\/p>\n","protected":false},"featured_media":9090,"comment_status":"open","ping_status":"closed","template":"","meta":{"_acf_changed":false,"content-type":""},"product_brand":[],"product_cat":[367],"product_tag":[],"class_list":{"0":"post-8765","1":"product","2":"type-product","3":"status-publish","4":"has-post-thumbnail","6":"product_cat-disjoncteurs","8":"first","9":"instock","10":"shipping-taxable","11":"purchasable","12":"product-type-simple"},"acf":[],"yoast_head":"<!-- This site is optimized with the Yoast SEO plugin v27.3 - https:\/\/yoast.com\/product\/yoast-seo-wordpress\/ -->\n<title>DISJONCTEUR MODULAIRE 2P C32 6KA CHINT - BTMT ELECTRIC \u2013 Solutions \u00c9lectriques Fiables et Innovantes<\/title>\n<meta name=\"robots\" content=\"index, follow, max-snippet:-1, max-image-preview:large, max-video-preview:-1\" \/>\n<link rel=\"canonical\" href=\"https:\/\/btmtelectric.com\/index.php\/product\/disjoncteur-modulaire-2p-c32-6ka-chint\/\" \/>\n<meta property=\"og:locale\" content=\"fr_FR\" \/>\n<meta property=\"og:type\" content=\"article\" \/>\n<meta property=\"og:title\" content=\"DISJONCTEUR MODULAIRE 2P C32 6KA CHINT - BTMT ELECTRIC \u2013 Solutions \u00c9lectriques Fiables et Innovantes\" \/>\n<meta property=\"og:description\" content=\"Le disjoncteur NB1 est con\u00e7u pour assurer une protection fiable des circuits \u00e9lectriques contre les courants de court-circuit et les surcharges. Polyvalent, il combine les fonctions d\u2019interrupteur, de protection et\" \/>\n<meta property=\"og:url\" content=\"https:\/\/btmtelectric.com\/index.php\/product\/disjoncteur-modulaire-2p-c32-6ka-chint\/\" \/>\n<meta property=\"og:site_name\" content=\"BTMT ELECTRIC \u2013 Solutions \u00c9lectriques Fiables et Innovantes\" \/>\n<meta property=\"article:publisher\" content=\"https:\/\/www.facebook.com\/profile.php?id=61578000361796\" \/>\n<meta property=\"article:modified_time\" content=\"2025-09-03T14:22:37+00:00\" \/>\n<meta property=\"og:image\" content=\"https:\/\/btmtelectric.com\/wp-content\/uploads\/2025\/08\/DISJONCTEUR-MODULAIRE-2P-C32-6KA-CHINT.png\" \/>\n\t<meta property=\"og:image:width\" content=\"300\" \/>\n\t<meta property=\"og:image:height\" content=\"300\" \/>\n\t<meta property=\"og:image:type\" content=\"image\/png\" \/>\n<meta name=\"twitter:card\" content=\"summary_large_image\" \/>\n<meta name=\"twitter:label1\" content=\"Dur\u00e9e de lecture estim\u00e9e\" \/>\n\t<meta name=\"twitter:data1\" content=\"1 minute\" \/>\n<script type=\"application\/ld+json\" class=\"yoast-schema-graph\">{\"@context\":\"https:\\\/\\\/schema.org\",\"@graph\":[{\"@type\":\"WebPage\",\"@id\":\"https:\\\/\\\/btmtelectric.com\\\/index.php\\\/product\\\/disjoncteur-modulaire-2p-c32-6ka-chint\\\/\",\"url\":\"https:\\\/\\\/btmtelectric.com\\\/index.php\\\/product\\\/disjoncteur-modulaire-2p-c32-6ka-chint\\\/\",\"name\":\"DISJONCTEUR MODULAIRE 2P C32 6KA CHINT - BTMT ELECTRIC \u2013 Solutions \u00c9lectriques Fiables et Innovantes\",\"isPartOf\":{\"@id\":\"https:\\\/\\\/btmtelectric.com\\\/#website\"},\"primaryImageOfPage\":{\"@id\":\"https:\\\/\\\/btmtelectric.com\\\/index.php\\\/product\\\/disjoncteur-modulaire-2p-c32-6ka-chint\\\/#primaryimage\"},\"image\":{\"@id\":\"https:\\\/\\\/btmtelectric.com\\\/index.php\\\/product\\\/disjoncteur-modulaire-2p-c32-6ka-chint\\\/#primaryimage\"},\"thumbnailUrl\":\"https:\\\/\\\/btmtelectric.com\\\/wp-content\\\/uploads\\\/2025\\\/08\\\/DISJONCTEUR-MODULAIRE-2P-C32-6KA-CHINT.png\",\"datePublished\":\"2025-08-28T07:53:57+00:00\",\"dateModified\":\"2025-09-03T14:22:37+00:00\",\"breadcrumb\":{\"@id\":\"https:\\\/\\\/btmtelectric.com\\\/index.php\\\/product\\\/disjoncteur-modulaire-2p-c32-6ka-chint\\\/#breadcrumb\"},\"inLanguage\":\"fr-FR\",\"potentialAction\":[{\"@type\":\"ReadAction\",\"target\":[\"https:\\\/\\\/btmtelectric.com\\\/index.php\\\/product\\\/disjoncteur-modulaire-2p-c32-6ka-chint\\\/\"]}]},{\"@type\":\"ImageObject\",\"inLanguage\":\"fr-FR\",\"@id\":\"https:\\\/\\\/btmtelectric.com\\\/index.php\\\/product\\\/disjoncteur-modulaire-2p-c32-6ka-chint\\\/#primaryimage\",\"url\":\"https:\\\/\\\/btmtelectric.com\\\/wp-content\\\/uploads\\\/2025\\\/08\\\/DISJONCTEUR-MODULAIRE-2P-C32-6KA-CHINT.png\",\"contentUrl\":\"https:\\\/\\\/btmtelectric.com\\\/wp-content\\\/uploads\\\/2025\\\/08\\\/DISJONCTEUR-MODULAIRE-2P-C32-6KA-CHINT.png\",\"width\":300,\"height\":300},{\"@type\":\"BreadcrumbList\",\"@id\":\"https:\\\/\\\/btmtelectric.com\\\/index.php\\\/product\\\/disjoncteur-modulaire-2p-c32-6ka-chint\\\/#breadcrumb\",\"itemListElement\":[{\"@type\":\"ListItem\",\"position\":1,\"name\":\"Accueil\",\"item\":\"https:\\\/\\\/btmtelectric.com\\\/\"},{\"@type\":\"ListItem\",\"position\":2,\"name\":\"Boutique\",\"item\":\"https:\\\/\\\/btmtelectric.com\\\/index.php\\\/boutique\\\/\"},{\"@type\":\"ListItem\",\"position\":3,\"name\":\"DISJONCTEUR MODULAIRE 2P C32 6KA CHINT\"}]},{\"@type\":\"WebSite\",\"@id\":\"https:\\\/\\\/btmtelectric.com\\\/#website\",\"url\":\"https:\\\/\\\/btmtelectric.com\\\/\",\"name\":\"BTMT ELECTRIC \u2013 Solutions \u00c9lectriques Fiables et Innovantes\",\"description\":\"\",\"publisher\":{\"@id\":\"https:\\\/\\\/btmtelectric.com\\\/#organization\"},\"potentialAction\":[{\"@type\":\"SearchAction\",\"target\":{\"@type\":\"EntryPoint\",\"urlTemplate\":\"https:\\\/\\\/btmtelectric.com\\\/?s={search_term_string}\"},\"query-input\":{\"@type\":\"PropertyValueSpecification\",\"valueRequired\":true,\"valueName\":\"search_term_string\"}}],\"inLanguage\":\"fr-FR\"},{\"@type\":\"Organization\",\"@id\":\"https:\\\/\\\/btmtelectric.com\\\/#organization\",\"name\":\"BTMT ELECTRIC \u2013 Solutions \u00c9lectriques Fiables et Innovantes\",\"url\":\"https:\\\/\\\/btmtelectric.com\\\/\",\"logo\":{\"@type\":\"ImageObject\",\"inLanguage\":\"fr-FR\",\"@id\":\"https:\\\/\\\/btmtelectric.com\\\/#\\\/schema\\\/logo\\\/image\\\/\",\"url\":\"https:\\\/\\\/btmtelectric.com\\\/wp-content\\\/uploads\\\/2025\\\/07\\\/WhatsApp_Image_2025-07-09_at_11.45.18_AM-removebg-preview-1.png\",\"contentUrl\":\"https:\\\/\\\/btmtelectric.com\\\/wp-content\\\/uploads\\\/2025\\\/07\\\/WhatsApp_Image_2025-07-09_at_11.45.18_AM-removebg-preview-1.png\",\"width\":175,\"height\":42,\"caption\":\"BTMT ELECTRIC \u2013 Solutions \u00c9lectriques Fiables et Innovantes\"},\"image\":{\"@id\":\"https:\\\/\\\/btmtelectric.com\\\/#\\\/schema\\\/logo\\\/image\\\/\"},\"sameAs\":[\"https:\\\/\\\/www.facebook.com\\\/profile.php?id=61578000361796\",\"https:\\\/\\\/www.instagram.com\\\/btmtelectric\\\/\"]}]}<\/script>\n<!-- \/ Yoast SEO plugin. -->","yoast_head_json":{"title":"DISJONCTEUR MODULAIRE 2P C32 6KA CHINT - BTMT ELECTRIC \u2013 Solutions \u00c9lectriques Fiables et Innovantes","robots":{"index":"index","follow":"follow","max-snippet":"max-snippet:-1","max-image-preview":"max-image-preview:large","max-video-preview":"max-video-preview:-1"},"canonical":"https:\/\/btmtelectric.com\/index.php\/product\/disjoncteur-modulaire-2p-c32-6ka-chint\/","og_locale":"fr_FR","og_type":"article","og_title":"DISJONCTEUR MODULAIRE 2P C32 6KA CHINT - BTMT ELECTRIC \u2013 Solutions \u00c9lectriques Fiables et Innovantes","og_description":"Le disjoncteur NB1 est con\u00e7u pour assurer une protection fiable des circuits \u00e9lectriques contre les courants de court-circuit et les surcharges. Polyvalent, il combine les fonctions d\u2019interrupteur, de protection et","og_url":"https:\/\/btmtelectric.com\/index.php\/product\/disjoncteur-modulaire-2p-c32-6ka-chint\/","og_site_name":"BTMT ELECTRIC \u2013 Solutions \u00c9lectriques Fiables et Innovantes","article_publisher":"https:\/\/www.facebook.com\/profile.php?id=61578000361796","article_modified_time":"2025-09-03T14:22:37+00:00","og_image":[{"width":300,"height":300,"url":"https:\/\/btmtelectric.com\/wp-content\/uploads\/2025\/08\/DISJONCTEUR-MODULAIRE-2P-C32-6KA-CHINT.png","type":"image\/png"}],"twitter_card":"summary_large_image","twitter_misc":{"Dur\u00e9e de lecture estim\u00e9e":"1 minute"},"schema":{"@context":"https:\/\/schema.org","@graph":[{"@type":"WebPage","@id":"https:\/\/btmtelectric.com\/index.php\/product\/disjoncteur-modulaire-2p-c32-6ka-chint\/","url":"https:\/\/btmtelectric.com\/index.php\/product\/disjoncteur-modulaire-2p-c32-6ka-chint\/","name":"DISJONCTEUR MODULAIRE 2P C32 6KA CHINT - BTMT ELECTRIC \u2013 Solutions \u00c9lectriques Fiables et Innovantes","isPartOf":{"@id":"https:\/\/btmtelectric.com\/#website"},"primaryImageOfPage":{"@id":"https:\/\/btmtelectric.com\/index.php\/product\/disjoncteur-modulaire-2p-c32-6ka-chint\/#primaryimage"},"image":{"@id":"https:\/\/btmtelectric.com\/index.php\/product\/disjoncteur-modulaire-2p-c32-6ka-chint\/#primaryimage"},"thumbnailUrl":"https:\/\/btmtelectric.com\/wp-content\/uploads\/2025\/08\/DISJONCTEUR-MODULAIRE-2P-C32-6KA-CHINT.png","datePublished":"2025-08-28T07:53:57+00:00","dateModified":"2025-09-03T14:22:37+00:00","breadcrumb":{"@id":"https:\/\/btmtelectric.com\/index.php\/product\/disjoncteur-modulaire-2p-c32-6ka-chint\/#breadcrumb"},"inLanguage":"fr-FR","potentialAction":[{"@type":"ReadAction","target":["https:\/\/btmtelectric.com\/index.php\/product\/disjoncteur-modulaire-2p-c32-6ka-chint\/"]}]},{"@type":"ImageObject","inLanguage":"fr-FR","@id":"https:\/\/btmtelectric.com\/index.php\/product\/disjoncteur-modulaire-2p-c32-6ka-chint\/#primaryimage","url":"https:\/\/btmtelectric.com\/wp-content\/uploads\/2025\/08\/DISJONCTEUR-MODULAIRE-2P-C32-6KA-CHINT.png","contentUrl":"https:\/\/btmtelectric.com\/wp-content\/uploads\/2025\/08\/DISJONCTEUR-MODULAIRE-2P-C32-6KA-CHINT.png","width":300,"height":300},{"@type":"BreadcrumbList","@id":"https:\/\/btmtelectric.com\/index.php\/product\/disjoncteur-modulaire-2p-c32-6ka-chint\/#breadcrumb","itemListElement":[{"@type":"ListItem","position":1,"name":"Accueil","item":"https:\/\/btmtelectric.com\/"},{"@type":"ListItem","position":2,"name":"Boutique","item":"https:\/\/btmtelectric.com\/index.php\/boutique\/"},{"@type":"ListItem","position":3,"name":"DISJONCTEUR MODULAIRE 2P C32 6KA CHINT"}]},{"@type":"WebSite","@id":"https:\/\/btmtelectric.com\/#website","url":"https:\/\/btmtelectric.com\/","name":"BTMT ELECTRIC \u2013 Solutions \u00c9lectriques Fiables et Innovantes","description":"","publisher":{"@id":"https:\/\/btmtelectric.com\/#organization"},"potentialAction":[{"@type":"SearchAction","target":{"@type":"EntryPoint","urlTemplate":"https:\/\/btmtelectric.com\/?s={search_term_string}"},"query-input":{"@type":"PropertyValueSpecification","valueRequired":true,"valueName":"search_term_string"}}],"inLanguage":"fr-FR"},{"@type":"Organization","@id":"https:\/\/btmtelectric.com\/#organization","name":"BTMT ELECTRIC \u2013 Solutions \u00c9lectriques Fiables et Innovantes","url":"https:\/\/btmtelectric.com\/","logo":{"@type":"ImageObject","inLanguage":"fr-FR","@id":"https:\/\/btmtelectric.com\/#\/schema\/logo\/image\/","url":"https:\/\/btmtelectric.com\/wp-content\/uploads\/2025\/07\/WhatsApp_Image_2025-07-09_at_11.45.18_AM-removebg-preview-1.png","contentUrl":"https:\/\/btmtelectric.com\/wp-content\/uploads\/2025\/07\/WhatsApp_Image_2025-07-09_at_11.45.18_AM-removebg-preview-1.png","width":175,"height":42,"caption":"BTMT ELECTRIC \u2013 Solutions \u00c9lectriques Fiables et Innovantes"},"image":{"@id":"https:\/\/btmtelectric.com\/#\/schema\/logo\/image\/"},"sameAs":["https:\/\/www.facebook.com\/profile.php?id=61578000361796","https:\/\/www.instagram.com\/btmtelectric\/"]}]}},"_links":{"self":[{"href":"https:\/\/btmtelectric.com\/index.php\/wp-json\/wp\/v2\/product\/8765","targetHints":{"allow":["GET"]}}],"collection":[{"href":"https:\/\/btmtelectric.com\/index.php\/wp-json\/wp\/v2\/product"}],"about":[{"href":"https:\/\/btmtelectric.com\/index.php\/wp-json\/wp\/v2\/types\/product"}],"replies":[{"embeddable":true,"href":"https:\/\/btmtelectric.com\/index.php\/wp-json\/wp\/v2\/comments?post=8765"}],"wp:featuredmedia":[{"embeddable":true,"href":"https:\/\/btmtelectric.com\/index.php\/wp-json\/wp\/v2\/media\/9090"}],"wp:attachment":[{"href":"https:\/\/btmtelectric.com\/index.php\/wp-json\/wp\/v2\/media?parent=8765"}],"wp:term":[{"taxonomy":"product_brand","embeddable":true,"href":"https:\/\/btmtelectric.com\/index.php\/wp-json\/wp\/v2\/product_brand?post=8765"},{"taxonomy":"product_cat","embeddable":true,"href":"https:\/\/btmtelectric.com\/index.php\/wp-json\/wp\/v2\/product_cat?post=8765"},{"taxonomy":"product_tag","embeddable":true,"href":"https:\/\/btmtelectric.com\/index.php\/wp-json\/wp\/v2\/product_tag?post=8765"}],"curies":[{"name":"wp","href":"https:\/\/api.w.org\/{rel}","templated":true}]}}