{"id":8763,"date":"2025-08-27T12:09:48","date_gmt":"2025-08-27T12:09:48","guid":{"rendered":"https:\/\/btmtelectric.com\/?post_type=product&#038;p=8763"},"modified":"2025-08-28T12:25:51","modified_gmt":"2025-08-28T12:25:51","slug":"disjoncteur-modulaire-4p-c10-6ka-chint","status":"publish","type":"product","link":"https:\/\/btmtelectric.com\/index.php\/product\/disjoncteur-modulaire-4p-c10-6ka-chint\/","title":{"rendered":"DISJONCTEUR MODULAIRE 4P C10 6KA CHINT"},"content":{"rendered":"<p data-start=\"136\" data-end=\"617\">Le <strong data-start=\"139\" data-end=\"168\">disjoncteur modulaire NB1<\/strong> assure une <strong data-start=\"180\" data-end=\"213\">protection compl\u00e8te et fiable<\/strong> des circuits \u00e9lectriques contre les <strong data-start=\"250\" data-end=\"264\">surcharges<\/strong> et les <strong data-start=\"272\" data-end=\"291\">courts-circuits<\/strong>, tout en remplissant les fonctions d\u2019<strong data-start=\"329\" data-end=\"345\">interrupteur<\/strong> et d\u2019<strong data-start=\"351\" data-end=\"364\">isolement<\/strong>. Gr\u00e2ce \u00e0 sa conception robuste et performante, il est utilis\u00e9 aussi bien dans les <strong data-start=\"447\" data-end=\"476\">installations domestiques<\/strong> que dans les <strong data-start=\"490\" data-end=\"554\">r\u00e9seaux de distribution \u00e9lectrique tertiaires et industriels<\/strong>, garantissant s\u00e9curit\u00e9, durabilit\u00e9 et continuit\u00e9 de service.<\/p>\n<h3 data-start=\"619\" data-end=\"654\">Caract\u00e9ristiques techniques :<\/h3>\n<ul data-start=\"655\" data-end=\"1415\">\n<li data-start=\"655\" data-end=\"740\">\n<p data-start=\"657\" data-end=\"740\"><strong data-start=\"657\" data-end=\"681\">Courant nominal (In)<\/strong> : <strong data-start=\"684\" data-end=\"692\">10 A<\/strong>, id\u00e9al pour les circuits de faible puissance.<\/p>\n<\/li>\n<li data-start=\"741\" data-end=\"841\">\n<p data-start=\"743\" data-end=\"841\"><strong data-start=\"743\" data-end=\"762\">Nombre de p\u00f4les<\/strong> : <strong data-start=\"765\" data-end=\"771\">4P<\/strong>, offrant une protection compl\u00e8te des r\u00e9seaux triphas\u00e9s avec neutre.<\/p>\n<\/li>\n<li data-start=\"842\" data-end=\"945\">\n<p data-start=\"844\" data-end=\"945\"><strong data-start=\"844\" data-end=\"869\">Tension assign\u00e9e (Ue)<\/strong> : <strong data-start=\"872\" data-end=\"888\">230\/400 V AC<\/strong>, compatible avec les syst\u00e8mes monophas\u00e9s et triphas\u00e9s.<\/p>\n<\/li>\n<li data-start=\"946\" data-end=\"997\">\n<p data-start=\"948\" data-end=\"997\"><strong data-start=\"948\" data-end=\"979\">Fr\u00e9quence de fonctionnement<\/strong> : <strong data-start=\"982\" data-end=\"994\">50\/60 Hz<\/strong>.<\/p>\n<\/li>\n<li data-start=\"998\" data-end=\"1110\">\n<p data-start=\"1000\" data-end=\"1110\"><strong data-start=\"1000\" data-end=\"1028\">Pouvoir de coupure (Icn)<\/strong> : <strong data-start=\"1031\" data-end=\"1042\">6 000 A<\/strong>, garantissant une protection efficace contre les courts-circuits.<\/p>\n<\/li>\n<li data-start=\"1111\" data-end=\"1207\">\n<p data-start=\"1113\" data-end=\"1207\"><strong data-start=\"1113\" data-end=\"1140\">Dur\u00e9e de vie \u00e9lectrique<\/strong> : jusqu\u2019\u00e0 <strong data-start=\"1151\" data-end=\"1170\">4 000 man\u0153uvres<\/strong>, assurant fiabilit\u00e9 d\u2019utilisation.<\/p>\n<\/li>\n<li data-start=\"1208\" data-end=\"1305\">\n<p data-start=\"1210\" data-end=\"1305\"><strong data-start=\"1210\" data-end=\"1236\">Dur\u00e9e de vie m\u00e9canique<\/strong> : jusqu\u2019\u00e0 <strong data-start=\"1247\" data-end=\"1267\">20 000 man\u0153uvres<\/strong>, preuve de robustesse et long\u00e9vit\u00e9.<\/p>\n<\/li>\n<li data-start=\"1306\" data-end=\"1415\">\n<p data-start=\"1308\" data-end=\"1415\"><strong data-start=\"1308\" data-end=\"1350\">Plage de temp\u00e9rature de fonctionnement<\/strong> : de <strong data-start=\"1356\" data-end=\"1375\">\u201325 \u00b0C \u00e0 +60 \u00b0C<\/strong>, convenant aux environnements vari\u00e9s.<\/p>\n<\/li>\n<\/ul>\n<h3 data-start=\"1417\" data-end=\"1437\">Points forts :<\/h3>\n<ul data-start=\"1438\" data-end=\"1791\">\n<li data-start=\"1438\" data-end=\"1523\">\n<p data-start=\"1440\" data-end=\"1523\"><strong data-start=\"1440\" data-end=\"1462\">S\u00e9curit\u00e9 renforc\u00e9e<\/strong> : protection fiable pour les personnes et les \u00e9quipements.<\/p>\n<\/li>\n<li data-start=\"1524\" data-end=\"1613\">\n<p data-start=\"1526\" data-end=\"1613\"><strong data-start=\"1526\" data-end=\"1541\">Polyvalence<\/strong> : adapt\u00e9 aussi bien au r\u00e9sidentiel qu\u2019au tertiaire et \u00e0 l\u2019industriel.<\/p>\n<\/li>\n<li data-start=\"1614\" data-end=\"1688\">\n<p data-start=\"1616\" data-end=\"1688\"><strong data-start=\"1616\" data-end=\"1643\">Endurance et robustesse<\/strong> : forte long\u00e9vit\u00e9 m\u00e9canique et \u00e9lectrique.<\/p>\n<\/li>\n<li data-start=\"1689\" data-end=\"1791\">\n<p data-start=\"1691\" data-end=\"1791\"><strong data-start=\"1691\" data-end=\"1720\">Conformit\u00e9 internationale<\/strong> : respecte les normes en vigueur, gage de qualit\u00e9 et de performance.<\/p>\n<\/li>\n<\/ul>\n","protected":false},"excerpt":{"rendered":"<p>Le disjoncteur modulaire NB1 assure une protection compl\u00e8te et fiable des circuits \u00e9lectriques contre les surcharges et les courts-circuits, tout en remplissant les fonctions d\u2019interrupteur et d\u2019isolement. Gr\u00e2ce \u00e0 sa<\/p>\n","protected":false},"featured_media":8828,"comment_status":"open","ping_status":"closed","template":"","meta":{"_acf_changed":false,"content-type":""},"product_brand":[],"product_cat":[367],"product_tag":[],"class_list":{"0":"post-8763","1":"product","2":"type-product","3":"status-publish","4":"has-post-thumbnail","6":"product_cat-disjoncteurs","8":"first","9":"instock","10":"shipping-taxable","11":"purchasable","12":"product-type-simple"},"acf":[],"yoast_head":"<!-- This site is optimized with the Yoast SEO plugin v27.3 - https:\/\/yoast.com\/product\/yoast-seo-wordpress\/ -->\n<title>DISJONCTEUR MODULAIRE 4P C10 6KA CHINT - BTMT ELECTRIC \u2013 Solutions \u00c9lectriques Fiables et Innovantes<\/title>\n<meta name=\"robots\" content=\"index, follow, max-snippet:-1, max-image-preview:large, max-video-preview:-1\" \/>\n<link rel=\"canonical\" href=\"https:\/\/btmtelectric.com\/index.php\/product\/disjoncteur-modulaire-4p-c10-6ka-chint\/\" \/>\n<meta property=\"og:locale\" content=\"fr_FR\" \/>\n<meta property=\"og:type\" content=\"article\" \/>\n<meta property=\"og:title\" content=\"DISJONCTEUR MODULAIRE 4P C10 6KA CHINT - BTMT ELECTRIC \u2013 Solutions \u00c9lectriques Fiables et Innovantes\" \/>\n<meta property=\"og:description\" content=\"Le disjoncteur modulaire NB1 assure une protection compl\u00e8te et fiable des circuits \u00e9lectriques contre les surcharges et les courts-circuits, tout en remplissant les fonctions d\u2019interrupteur et d\u2019isolement. Gr\u00e2ce \u00e0 sa\" \/>\n<meta property=\"og:url\" content=\"https:\/\/btmtelectric.com\/index.php\/product\/disjoncteur-modulaire-4p-c10-6ka-chint\/\" \/>\n<meta property=\"og:site_name\" content=\"BTMT ELECTRIC \u2013 Solutions \u00c9lectriques Fiables et Innovantes\" \/>\n<meta property=\"article:publisher\" content=\"https:\/\/www.facebook.com\/profile.php?id=61578000361796\" \/>\n<meta property=\"article:modified_time\" content=\"2025-08-28T12:25:51+00:00\" \/>\n<meta property=\"og:image\" content=\"https:\/\/btmtelectric.com\/wp-content\/uploads\/2025\/08\/disj-modulaire-c10.png\" \/>\n\t<meta property=\"og:image:width\" content=\"500\" \/>\n\t<meta property=\"og:image:height\" content=\"500\" \/>\n\t<meta property=\"og:image:type\" content=\"image\/png\" \/>\n<meta name=\"twitter:card\" content=\"summary_large_image\" \/>\n<meta name=\"twitter:label1\" content=\"Dur\u00e9e de lecture estim\u00e9e\" \/>\n\t<meta name=\"twitter:data1\" content=\"1 minute\" \/>\n<script type=\"application\/ld+json\" class=\"yoast-schema-graph\">{\"@context\":\"https:\\\/\\\/schema.org\",\"@graph\":[{\"@type\":\"WebPage\",\"@id\":\"https:\\\/\\\/btmtelectric.com\\\/index.php\\\/product\\\/disjoncteur-modulaire-4p-c10-6ka-chint\\\/\",\"url\":\"https:\\\/\\\/btmtelectric.com\\\/index.php\\\/product\\\/disjoncteur-modulaire-4p-c10-6ka-chint\\\/\",\"name\":\"DISJONCTEUR MODULAIRE 4P C10 6KA CHINT - BTMT ELECTRIC \u2013 Solutions \u00c9lectriques Fiables et Innovantes\",\"isPartOf\":{\"@id\":\"https:\\\/\\\/btmtelectric.com\\\/#website\"},\"primaryImageOfPage\":{\"@id\":\"https:\\\/\\\/btmtelectric.com\\\/index.php\\\/product\\\/disjoncteur-modulaire-4p-c10-6ka-chint\\\/#primaryimage\"},\"image\":{\"@id\":\"https:\\\/\\\/btmtelectric.com\\\/index.php\\\/product\\\/disjoncteur-modulaire-4p-c10-6ka-chint\\\/#primaryimage\"},\"thumbnailUrl\":\"https:\\\/\\\/btmtelectric.com\\\/wp-content\\\/uploads\\\/2025\\\/08\\\/disj-modulaire-c10.png\",\"datePublished\":\"2025-08-27T12:09:48+00:00\",\"dateModified\":\"2025-08-28T12:25:51+00:00\",\"breadcrumb\":{\"@id\":\"https:\\\/\\\/btmtelectric.com\\\/index.php\\\/product\\\/disjoncteur-modulaire-4p-c10-6ka-chint\\\/#breadcrumb\"},\"inLanguage\":\"fr-FR\",\"potentialAction\":[{\"@type\":\"ReadAction\",\"target\":[\"https:\\\/\\\/btmtelectric.com\\\/index.php\\\/product\\\/disjoncteur-modulaire-4p-c10-6ka-chint\\\/\"]}]},{\"@type\":\"ImageObject\",\"inLanguage\":\"fr-FR\",\"@id\":\"https:\\\/\\\/btmtelectric.com\\\/index.php\\\/product\\\/disjoncteur-modulaire-4p-c10-6ka-chint\\\/#primaryimage\",\"url\":\"https:\\\/\\\/btmtelectric.com\\\/wp-content\\\/uploads\\\/2025\\\/08\\\/disj-modulaire-c10.png\",\"contentUrl\":\"https:\\\/\\\/btmtelectric.com\\\/wp-content\\\/uploads\\\/2025\\\/08\\\/disj-modulaire-c10.png\",\"width\":500,\"height\":500},{\"@type\":\"BreadcrumbList\",\"@id\":\"https:\\\/\\\/btmtelectric.com\\\/index.php\\\/product\\\/disjoncteur-modulaire-4p-c10-6ka-chint\\\/#breadcrumb\",\"itemListElement\":[{\"@type\":\"ListItem\",\"position\":1,\"name\":\"Accueil\",\"item\":\"https:\\\/\\\/btmtelectric.com\\\/\"},{\"@type\":\"ListItem\",\"position\":2,\"name\":\"Boutique\",\"item\":\"https:\\\/\\\/btmtelectric.com\\\/index.php\\\/boutique\\\/\"},{\"@type\":\"ListItem\",\"position\":3,\"name\":\"DISJONCTEUR MODULAIRE 4P C10 6KA CHINT\"}]},{\"@type\":\"WebSite\",\"@id\":\"https:\\\/\\\/btmtelectric.com\\\/#website\",\"url\":\"https:\\\/\\\/btmtelectric.com\\\/\",\"name\":\"BTMT ELECTRIC \u2013 Solutions \u00c9lectriques Fiables et Innovantes\",\"description\":\"\",\"publisher\":{\"@id\":\"https:\\\/\\\/btmtelectric.com\\\/#organization\"},\"potentialAction\":[{\"@type\":\"SearchAction\",\"target\":{\"@type\":\"EntryPoint\",\"urlTemplate\":\"https:\\\/\\\/btmtelectric.com\\\/?s={search_term_string}\"},\"query-input\":{\"@type\":\"PropertyValueSpecification\",\"valueRequired\":true,\"valueName\":\"search_term_string\"}}],\"inLanguage\":\"fr-FR\"},{\"@type\":\"Organization\",\"@id\":\"https:\\\/\\\/btmtelectric.com\\\/#organization\",\"name\":\"BTMT ELECTRIC \u2013 Solutions \u00c9lectriques Fiables et Innovantes\",\"url\":\"https:\\\/\\\/btmtelectric.com\\\/\",\"logo\":{\"@type\":\"ImageObject\",\"inLanguage\":\"fr-FR\",\"@id\":\"https:\\\/\\\/btmtelectric.com\\\/#\\\/schema\\\/logo\\\/image\\\/\",\"url\":\"https:\\\/\\\/btmtelectric.com\\\/wp-content\\\/uploads\\\/2025\\\/07\\\/WhatsApp_Image_2025-07-09_at_11.45.18_AM-removebg-preview-1.png\",\"contentUrl\":\"https:\\\/\\\/btmtelectric.com\\\/wp-content\\\/uploads\\\/2025\\\/07\\\/WhatsApp_Image_2025-07-09_at_11.45.18_AM-removebg-preview-1.png\",\"width\":175,\"height\":42,\"caption\":\"BTMT ELECTRIC \u2013 Solutions \u00c9lectriques Fiables et Innovantes\"},\"image\":{\"@id\":\"https:\\\/\\\/btmtelectric.com\\\/#\\\/schema\\\/logo\\\/image\\\/\"},\"sameAs\":[\"https:\\\/\\\/www.facebook.com\\\/profile.php?id=61578000361796\",\"https:\\\/\\\/www.instagram.com\\\/btmtelectric\\\/\"]}]}<\/script>\n<!-- \/ Yoast SEO plugin. -->","yoast_head_json":{"title":"DISJONCTEUR MODULAIRE 4P C10 6KA CHINT - BTMT ELECTRIC \u2013 Solutions \u00c9lectriques Fiables et Innovantes","robots":{"index":"index","follow":"follow","max-snippet":"max-snippet:-1","max-image-preview":"max-image-preview:large","max-video-preview":"max-video-preview:-1"},"canonical":"https:\/\/btmtelectric.com\/index.php\/product\/disjoncteur-modulaire-4p-c10-6ka-chint\/","og_locale":"fr_FR","og_type":"article","og_title":"DISJONCTEUR MODULAIRE 4P C10 6KA CHINT - BTMT ELECTRIC \u2013 Solutions \u00c9lectriques Fiables et Innovantes","og_description":"Le disjoncteur modulaire NB1 assure une protection compl\u00e8te et fiable des circuits \u00e9lectriques contre les surcharges et les courts-circuits, tout en remplissant les fonctions d\u2019interrupteur et d\u2019isolement. Gr\u00e2ce \u00e0 sa","og_url":"https:\/\/btmtelectric.com\/index.php\/product\/disjoncteur-modulaire-4p-c10-6ka-chint\/","og_site_name":"BTMT ELECTRIC \u2013 Solutions \u00c9lectriques Fiables et Innovantes","article_publisher":"https:\/\/www.facebook.com\/profile.php?id=61578000361796","article_modified_time":"2025-08-28T12:25:51+00:00","og_image":[{"width":500,"height":500,"url":"https:\/\/btmtelectric.com\/wp-content\/uploads\/2025\/08\/disj-modulaire-c10.png","type":"image\/png"}],"twitter_card":"summary_large_image","twitter_misc":{"Dur\u00e9e de lecture estim\u00e9e":"1 minute"},"schema":{"@context":"https:\/\/schema.org","@graph":[{"@type":"WebPage","@id":"https:\/\/btmtelectric.com\/index.php\/product\/disjoncteur-modulaire-4p-c10-6ka-chint\/","url":"https:\/\/btmtelectric.com\/index.php\/product\/disjoncteur-modulaire-4p-c10-6ka-chint\/","name":"DISJONCTEUR MODULAIRE 4P C10 6KA CHINT - BTMT ELECTRIC \u2013 Solutions \u00c9lectriques Fiables et Innovantes","isPartOf":{"@id":"https:\/\/btmtelectric.com\/#website"},"primaryImageOfPage":{"@id":"https:\/\/btmtelectric.com\/index.php\/product\/disjoncteur-modulaire-4p-c10-6ka-chint\/#primaryimage"},"image":{"@id":"https:\/\/btmtelectric.com\/index.php\/product\/disjoncteur-modulaire-4p-c10-6ka-chint\/#primaryimage"},"thumbnailUrl":"https:\/\/btmtelectric.com\/wp-content\/uploads\/2025\/08\/disj-modulaire-c10.png","datePublished":"2025-08-27T12:09:48+00:00","dateModified":"2025-08-28T12:25:51+00:00","breadcrumb":{"@id":"https:\/\/btmtelectric.com\/index.php\/product\/disjoncteur-modulaire-4p-c10-6ka-chint\/#breadcrumb"},"inLanguage":"fr-FR","potentialAction":[{"@type":"ReadAction","target":["https:\/\/btmtelectric.com\/index.php\/product\/disjoncteur-modulaire-4p-c10-6ka-chint\/"]}]},{"@type":"ImageObject","inLanguage":"fr-FR","@id":"https:\/\/btmtelectric.com\/index.php\/product\/disjoncteur-modulaire-4p-c10-6ka-chint\/#primaryimage","url":"https:\/\/btmtelectric.com\/wp-content\/uploads\/2025\/08\/disj-modulaire-c10.png","contentUrl":"https:\/\/btmtelectric.com\/wp-content\/uploads\/2025\/08\/disj-modulaire-c10.png","width":500,"height":500},{"@type":"BreadcrumbList","@id":"https:\/\/btmtelectric.com\/index.php\/product\/disjoncteur-modulaire-4p-c10-6ka-chint\/#breadcrumb","itemListElement":[{"@type":"ListItem","position":1,"name":"Accueil","item":"https:\/\/btmtelectric.com\/"},{"@type":"ListItem","position":2,"name":"Boutique","item":"https:\/\/btmtelectric.com\/index.php\/boutique\/"},{"@type":"ListItem","position":3,"name":"DISJONCTEUR MODULAIRE 4P C10 6KA CHINT"}]},{"@type":"WebSite","@id":"https:\/\/btmtelectric.com\/#website","url":"https:\/\/btmtelectric.com\/","name":"BTMT ELECTRIC \u2013 Solutions \u00c9lectriques Fiables et Innovantes","description":"","publisher":{"@id":"https:\/\/btmtelectric.com\/#organization"},"potentialAction":[{"@type":"SearchAction","target":{"@type":"EntryPoint","urlTemplate":"https:\/\/btmtelectric.com\/?s={search_term_string}"},"query-input":{"@type":"PropertyValueSpecification","valueRequired":true,"valueName":"search_term_string"}}],"inLanguage":"fr-FR"},{"@type":"Organization","@id":"https:\/\/btmtelectric.com\/#organization","name":"BTMT ELECTRIC \u2013 Solutions \u00c9lectriques Fiables et Innovantes","url":"https:\/\/btmtelectric.com\/","logo":{"@type":"ImageObject","inLanguage":"fr-FR","@id":"https:\/\/btmtelectric.com\/#\/schema\/logo\/image\/","url":"https:\/\/btmtelectric.com\/wp-content\/uploads\/2025\/07\/WhatsApp_Image_2025-07-09_at_11.45.18_AM-removebg-preview-1.png","contentUrl":"https:\/\/btmtelectric.com\/wp-content\/uploads\/2025\/07\/WhatsApp_Image_2025-07-09_at_11.45.18_AM-removebg-preview-1.png","width":175,"height":42,"caption":"BTMT ELECTRIC \u2013 Solutions \u00c9lectriques Fiables et Innovantes"},"image":{"@id":"https:\/\/btmtelectric.com\/#\/schema\/logo\/image\/"},"sameAs":["https:\/\/www.facebook.com\/profile.php?id=61578000361796","https:\/\/www.instagram.com\/btmtelectric\/"]}]}},"_links":{"self":[{"href":"https:\/\/btmtelectric.com\/index.php\/wp-json\/wp\/v2\/product\/8763","targetHints":{"allow":["GET"]}}],"collection":[{"href":"https:\/\/btmtelectric.com\/index.php\/wp-json\/wp\/v2\/product"}],"about":[{"href":"https:\/\/btmtelectric.com\/index.php\/wp-json\/wp\/v2\/types\/product"}],"replies":[{"embeddable":true,"href":"https:\/\/btmtelectric.com\/index.php\/wp-json\/wp\/v2\/comments?post=8763"}],"wp:featuredmedia":[{"embeddable":true,"href":"https:\/\/btmtelectric.com\/index.php\/wp-json\/wp\/v2\/media\/8828"}],"wp:attachment":[{"href":"https:\/\/btmtelectric.com\/index.php\/wp-json\/wp\/v2\/media?parent=8763"}],"wp:term":[{"taxonomy":"product_brand","embeddable":true,"href":"https:\/\/btmtelectric.com\/index.php\/wp-json\/wp\/v2\/product_brand?post=8763"},{"taxonomy":"product_cat","embeddable":true,"href":"https:\/\/btmtelectric.com\/index.php\/wp-json\/wp\/v2\/product_cat?post=8763"},{"taxonomy":"product_tag","embeddable":true,"href":"https:\/\/btmtelectric.com\/index.php\/wp-json\/wp\/v2\/product_tag?post=8763"}],"curies":[{"name":"wp","href":"https:\/\/api.w.org\/{rel}","templated":true}]}}