{"id":8760,"date":"2025-08-27T12:05:17","date_gmt":"2025-08-27T12:05:17","guid":{"rendered":"https:\/\/btmtelectric.com\/?post_type=product&#038;p=8760"},"modified":"2025-08-28T12:18:54","modified_gmt":"2025-08-28T12:18:54","slug":"disjoncteur-nb1-63-4p-c16-6ka-chint","status":"publish","type":"product","link":"https:\/\/btmtelectric.com\/index.php\/product\/disjoncteur-nb1-63-4p-c16-6ka-chint\/","title":{"rendered":"DISJONCTEUR NB1-63 4P C16 6KA CHINT"},"content":{"rendered":"<h3 data-start=\"622\" data-end=\"657\">Caract\u00e9ristiques techniques :<\/h3>\n<ul data-start=\"658\" data-end=\"1387\">\n<li data-start=\"658\" data-end=\"743\">\n<p data-start=\"660\" data-end=\"743\"><strong data-start=\"660\" data-end=\"684\">Courant nominal (In)<\/strong> : <strong data-start=\"687\" data-end=\"695\">16 A<\/strong>, id\u00e9al pour les circuits de faible puissance.<\/p>\n<\/li>\n<li data-start=\"744\" data-end=\"844\">\n<p data-start=\"746\" data-end=\"844\"><strong data-start=\"746\" data-end=\"765\">Nombre de p\u00f4les<\/strong> : <strong data-start=\"768\" data-end=\"774\">4P<\/strong>, offrant une protection compl\u00e8te des r\u00e9seaux triphas\u00e9s avec neutre.<\/p>\n<\/li>\n<li data-start=\"845\" data-end=\"934\">\n<p data-start=\"847\" data-end=\"934\"><strong data-start=\"847\" data-end=\"872\">Tension assign\u00e9e (Ue)<\/strong> : <strong data-start=\"875\" data-end=\"891\">230\/400 V AC<\/strong>, utilisable en monophas\u00e9 et en triphas\u00e9.<\/p>\n<\/li>\n<li data-start=\"935\" data-end=\"986\">\n<p data-start=\"937\" data-end=\"986\"><strong data-start=\"937\" data-end=\"968\">Fr\u00e9quence de fonctionnement<\/strong> : <strong data-start=\"971\" data-end=\"983\">50\/60 Hz<\/strong>.<\/p>\n<\/li>\n<li data-start=\"987\" data-end=\"1096\">\n<p data-start=\"989\" data-end=\"1096\"><strong data-start=\"989\" data-end=\"1017\">Pouvoir de coupure (Icn)<\/strong> : <strong data-start=\"1020\" data-end=\"1031\">6 000 A<\/strong>, garantissant une interruption fiable en cas de court-circuit.<\/p>\n<\/li>\n<li data-start=\"1097\" data-end=\"1192\">\n<p data-start=\"1099\" data-end=\"1192\"><strong data-start=\"1099\" data-end=\"1126\">Dur\u00e9e de vie \u00e9lectrique<\/strong> : jusqu\u2019\u00e0 <strong data-start=\"1137\" data-end=\"1156\">4 000 man\u0153uvres<\/strong>, assurant fiabilit\u00e9 \u00e0 long terme.<\/p>\n<\/li>\n<li data-start=\"1193\" data-end=\"1280\">\n<p data-start=\"1195\" data-end=\"1280\"><strong data-start=\"1195\" data-end=\"1221\">Dur\u00e9e de vie m\u00e9canique<\/strong> : jusqu\u2019\u00e0 <strong data-start=\"1232\" data-end=\"1252\">20 000 man\u0153uvres<\/strong>, preuve de sa robustesse.<\/p>\n<\/li>\n<li data-start=\"1281\" data-end=\"1387\">\n<p data-start=\"1283\" data-end=\"1387\"><strong data-start=\"1283\" data-end=\"1316\">Temp\u00e9rature de fonctionnement<\/strong> : de <strong data-start=\"1322\" data-end=\"1341\">\u201325 \u00b0C \u00e0 +60 \u00b0C<\/strong>, utilisable dans des environnements vari\u00e9s.<\/p>\n<\/li>\n<\/ul>\n<h3 data-start=\"1389\" data-end=\"1409\">Points forts :<\/h3>\n<ul data-start=\"1410\" data-end=\"1753\">\n<li data-start=\"1410\" data-end=\"1479\">\n<p data-start=\"1412\" data-end=\"1479\"><strong data-start=\"1412\" data-end=\"1427\">Polyvalence<\/strong> : adapt\u00e9 au r\u00e9sidentiel, tertiaire et industriel.<\/p>\n<\/li>\n<li data-start=\"1480\" data-end=\"1559\">\n<p data-start=\"1482\" data-end=\"1559\"><strong data-start=\"1482\" data-end=\"1509\">Robustesse et long\u00e9vit\u00e9<\/strong> : excellente endurance m\u00e9canique et \u00e9lectrique.<\/p>\n<\/li>\n<li data-start=\"1560\" data-end=\"1645\">\n<p data-start=\"1562\" data-end=\"1645\"><strong data-start=\"1562\" data-end=\"1584\">S\u00e9curit\u00e9 renforc\u00e9e<\/strong> : prot\u00e8ge efficacement les personnes et les installations.<\/p>\n<\/li>\n<li data-start=\"1646\" data-end=\"1753\">\n<p data-start=\"1648\" data-end=\"1753\"><strong data-start=\"1648\" data-end=\"1661\">Fiabilit\u00e9<\/strong> : conforme aux normes internationales, garantissant performance et tranquillit\u00e9 d\u2019esprit.<\/p>\n<\/li>\n<\/ul>\n","protected":false},"excerpt":{"rendered":"<p>Caract\u00e9ristiques techniques : Courant nominal (In) : 16 A, id\u00e9al pour les circuits de faible puissance. Nombre de p\u00f4les : 4P, offrant une protection compl\u00e8te des r\u00e9seaux triphas\u00e9s avec neutre.<\/p>\n","protected":false},"featured_media":8827,"comment_status":"open","ping_status":"closed","template":"","meta":{"_acf_changed":false,"content-type":""},"product_brand":[],"product_cat":[367],"product_tag":[],"class_list":{"0":"post-8760","1":"product","2":"type-product","3":"status-publish","4":"has-post-thumbnail","6":"product_cat-disjoncteurs","8":"first","9":"instock","10":"shipping-taxable","11":"purchasable","12":"product-type-simple"},"acf":[],"yoast_head":"<!-- This site is optimized with the Yoast SEO plugin v27.3 - https:\/\/yoast.com\/product\/yoast-seo-wordpress\/ -->\n<title>DISJONCTEUR NB1-63 4P C16 6KA CHINT - BTMT ELECTRIC \u2013 Solutions \u00c9lectriques Fiables et Innovantes<\/title>\n<meta name=\"robots\" content=\"index, follow, max-snippet:-1, max-image-preview:large, max-video-preview:-1\" \/>\n<link rel=\"canonical\" href=\"https:\/\/btmtelectric.com\/index.php\/product\/disjoncteur-nb1-63-4p-c16-6ka-chint\/\" \/>\n<meta property=\"og:locale\" content=\"fr_FR\" \/>\n<meta property=\"og:type\" content=\"article\" \/>\n<meta property=\"og:title\" content=\"DISJONCTEUR NB1-63 4P C16 6KA CHINT - BTMT ELECTRIC \u2013 Solutions \u00c9lectriques Fiables et Innovantes\" \/>\n<meta property=\"og:description\" content=\"Caract\u00e9ristiques techniques : Courant nominal (In) : 16 A, id\u00e9al pour les circuits de faible puissance. Nombre de p\u00f4les : 4P, offrant une protection compl\u00e8te des r\u00e9seaux triphas\u00e9s avec neutre.\" \/>\n<meta property=\"og:url\" content=\"https:\/\/btmtelectric.com\/index.php\/product\/disjoncteur-nb1-63-4p-c16-6ka-chint\/\" \/>\n<meta property=\"og:site_name\" content=\"BTMT ELECTRIC \u2013 Solutions \u00c9lectriques Fiables et Innovantes\" \/>\n<meta property=\"article:publisher\" content=\"https:\/\/www.facebook.com\/profile.php?id=61578000361796\" \/>\n<meta property=\"article:modified_time\" content=\"2025-08-28T12:18:54+00:00\" \/>\n<meta property=\"og:image\" content=\"https:\/\/btmtelectric.com\/wp-content\/uploads\/2025\/08\/disj-modulaire-c16.jpg\" \/>\n\t<meta property=\"og:image:width\" content=\"700\" \/>\n\t<meta property=\"og:image:height\" content=\"700\" \/>\n\t<meta property=\"og:image:type\" content=\"image\/jpeg\" \/>\n<meta name=\"twitter:card\" content=\"summary_large_image\" \/>\n<meta name=\"twitter:label1\" content=\"Dur\u00e9e de lecture estim\u00e9e\" \/>\n\t<meta name=\"twitter:data1\" content=\"1 minute\" \/>\n<script type=\"application\/ld+json\" class=\"yoast-schema-graph\">{\"@context\":\"https:\\\/\\\/schema.org\",\"@graph\":[{\"@type\":\"WebPage\",\"@id\":\"https:\\\/\\\/btmtelectric.com\\\/index.php\\\/product\\\/disjoncteur-nb1-63-4p-c16-6ka-chint\\\/\",\"url\":\"https:\\\/\\\/btmtelectric.com\\\/index.php\\\/product\\\/disjoncteur-nb1-63-4p-c16-6ka-chint\\\/\",\"name\":\"DISJONCTEUR NB1-63 4P C16 6KA CHINT - BTMT ELECTRIC \u2013 Solutions \u00c9lectriques Fiables et Innovantes\",\"isPartOf\":{\"@id\":\"https:\\\/\\\/btmtelectric.com\\\/#website\"},\"primaryImageOfPage\":{\"@id\":\"https:\\\/\\\/btmtelectric.com\\\/index.php\\\/product\\\/disjoncteur-nb1-63-4p-c16-6ka-chint\\\/#primaryimage\"},\"image\":{\"@id\":\"https:\\\/\\\/btmtelectric.com\\\/index.php\\\/product\\\/disjoncteur-nb1-63-4p-c16-6ka-chint\\\/#primaryimage\"},\"thumbnailUrl\":\"https:\\\/\\\/btmtelectric.com\\\/wp-content\\\/uploads\\\/2025\\\/08\\\/disj-modulaire-c16.jpg\",\"datePublished\":\"2025-08-27T12:05:17+00:00\",\"dateModified\":\"2025-08-28T12:18:54+00:00\",\"breadcrumb\":{\"@id\":\"https:\\\/\\\/btmtelectric.com\\\/index.php\\\/product\\\/disjoncteur-nb1-63-4p-c16-6ka-chint\\\/#breadcrumb\"},\"inLanguage\":\"fr-FR\",\"potentialAction\":[{\"@type\":\"ReadAction\",\"target\":[\"https:\\\/\\\/btmtelectric.com\\\/index.php\\\/product\\\/disjoncteur-nb1-63-4p-c16-6ka-chint\\\/\"]}]},{\"@type\":\"ImageObject\",\"inLanguage\":\"fr-FR\",\"@id\":\"https:\\\/\\\/btmtelectric.com\\\/index.php\\\/product\\\/disjoncteur-nb1-63-4p-c16-6ka-chint\\\/#primaryimage\",\"url\":\"https:\\\/\\\/btmtelectric.com\\\/wp-content\\\/uploads\\\/2025\\\/08\\\/disj-modulaire-c16.jpg\",\"contentUrl\":\"https:\\\/\\\/btmtelectric.com\\\/wp-content\\\/uploads\\\/2025\\\/08\\\/disj-modulaire-c16.jpg\",\"width\":700,\"height\":700},{\"@type\":\"BreadcrumbList\",\"@id\":\"https:\\\/\\\/btmtelectric.com\\\/index.php\\\/product\\\/disjoncteur-nb1-63-4p-c16-6ka-chint\\\/#breadcrumb\",\"itemListElement\":[{\"@type\":\"ListItem\",\"position\":1,\"name\":\"Accueil\",\"item\":\"https:\\\/\\\/btmtelectric.com\\\/\"},{\"@type\":\"ListItem\",\"position\":2,\"name\":\"Boutique\",\"item\":\"https:\\\/\\\/btmtelectric.com\\\/index.php\\\/boutique\\\/\"},{\"@type\":\"ListItem\",\"position\":3,\"name\":\"DISJONCTEUR NB1-63 4P C16 6KA CHINT\"}]},{\"@type\":\"WebSite\",\"@id\":\"https:\\\/\\\/btmtelectric.com\\\/#website\",\"url\":\"https:\\\/\\\/btmtelectric.com\\\/\",\"name\":\"BTMT ELECTRIC \u2013 Solutions \u00c9lectriques Fiables et Innovantes\",\"description\":\"\",\"publisher\":{\"@id\":\"https:\\\/\\\/btmtelectric.com\\\/#organization\"},\"potentialAction\":[{\"@type\":\"SearchAction\",\"target\":{\"@type\":\"EntryPoint\",\"urlTemplate\":\"https:\\\/\\\/btmtelectric.com\\\/?s={search_term_string}\"},\"query-input\":{\"@type\":\"PropertyValueSpecification\",\"valueRequired\":true,\"valueName\":\"search_term_string\"}}],\"inLanguage\":\"fr-FR\"},{\"@type\":\"Organization\",\"@id\":\"https:\\\/\\\/btmtelectric.com\\\/#organization\",\"name\":\"BTMT ELECTRIC \u2013 Solutions \u00c9lectriques Fiables et Innovantes\",\"url\":\"https:\\\/\\\/btmtelectric.com\\\/\",\"logo\":{\"@type\":\"ImageObject\",\"inLanguage\":\"fr-FR\",\"@id\":\"https:\\\/\\\/btmtelectric.com\\\/#\\\/schema\\\/logo\\\/image\\\/\",\"url\":\"https:\\\/\\\/btmtelectric.com\\\/wp-content\\\/uploads\\\/2025\\\/07\\\/WhatsApp_Image_2025-07-09_at_11.45.18_AM-removebg-preview-1.png\",\"contentUrl\":\"https:\\\/\\\/btmtelectric.com\\\/wp-content\\\/uploads\\\/2025\\\/07\\\/WhatsApp_Image_2025-07-09_at_11.45.18_AM-removebg-preview-1.png\",\"width\":175,\"height\":42,\"caption\":\"BTMT ELECTRIC \u2013 Solutions \u00c9lectriques Fiables et Innovantes\"},\"image\":{\"@id\":\"https:\\\/\\\/btmtelectric.com\\\/#\\\/schema\\\/logo\\\/image\\\/\"},\"sameAs\":[\"https:\\\/\\\/www.facebook.com\\\/profile.php?id=61578000361796\",\"https:\\\/\\\/www.instagram.com\\\/btmtelectric\\\/\"]}]}<\/script>\n<!-- \/ Yoast SEO plugin. -->","yoast_head_json":{"title":"DISJONCTEUR NB1-63 4P C16 6KA CHINT - BTMT ELECTRIC \u2013 Solutions \u00c9lectriques Fiables et Innovantes","robots":{"index":"index","follow":"follow","max-snippet":"max-snippet:-1","max-image-preview":"max-image-preview:large","max-video-preview":"max-video-preview:-1"},"canonical":"https:\/\/btmtelectric.com\/index.php\/product\/disjoncteur-nb1-63-4p-c16-6ka-chint\/","og_locale":"fr_FR","og_type":"article","og_title":"DISJONCTEUR NB1-63 4P C16 6KA CHINT - BTMT ELECTRIC \u2013 Solutions \u00c9lectriques Fiables et Innovantes","og_description":"Caract\u00e9ristiques techniques : Courant nominal (In) : 16 A, id\u00e9al pour les circuits de faible puissance. Nombre de p\u00f4les : 4P, offrant une protection compl\u00e8te des r\u00e9seaux triphas\u00e9s avec neutre.","og_url":"https:\/\/btmtelectric.com\/index.php\/product\/disjoncteur-nb1-63-4p-c16-6ka-chint\/","og_site_name":"BTMT ELECTRIC \u2013 Solutions \u00c9lectriques Fiables et Innovantes","article_publisher":"https:\/\/www.facebook.com\/profile.php?id=61578000361796","article_modified_time":"2025-08-28T12:18:54+00:00","og_image":[{"width":700,"height":700,"url":"https:\/\/btmtelectric.com\/wp-content\/uploads\/2025\/08\/disj-modulaire-c16.jpg","type":"image\/jpeg"}],"twitter_card":"summary_large_image","twitter_misc":{"Dur\u00e9e de lecture estim\u00e9e":"1 minute"},"schema":{"@context":"https:\/\/schema.org","@graph":[{"@type":"WebPage","@id":"https:\/\/btmtelectric.com\/index.php\/product\/disjoncteur-nb1-63-4p-c16-6ka-chint\/","url":"https:\/\/btmtelectric.com\/index.php\/product\/disjoncteur-nb1-63-4p-c16-6ka-chint\/","name":"DISJONCTEUR NB1-63 4P C16 6KA CHINT - BTMT ELECTRIC \u2013 Solutions \u00c9lectriques Fiables et Innovantes","isPartOf":{"@id":"https:\/\/btmtelectric.com\/#website"},"primaryImageOfPage":{"@id":"https:\/\/btmtelectric.com\/index.php\/product\/disjoncteur-nb1-63-4p-c16-6ka-chint\/#primaryimage"},"image":{"@id":"https:\/\/btmtelectric.com\/index.php\/product\/disjoncteur-nb1-63-4p-c16-6ka-chint\/#primaryimage"},"thumbnailUrl":"https:\/\/btmtelectric.com\/wp-content\/uploads\/2025\/08\/disj-modulaire-c16.jpg","datePublished":"2025-08-27T12:05:17+00:00","dateModified":"2025-08-28T12:18:54+00:00","breadcrumb":{"@id":"https:\/\/btmtelectric.com\/index.php\/product\/disjoncteur-nb1-63-4p-c16-6ka-chint\/#breadcrumb"},"inLanguage":"fr-FR","potentialAction":[{"@type":"ReadAction","target":["https:\/\/btmtelectric.com\/index.php\/product\/disjoncteur-nb1-63-4p-c16-6ka-chint\/"]}]},{"@type":"ImageObject","inLanguage":"fr-FR","@id":"https:\/\/btmtelectric.com\/index.php\/product\/disjoncteur-nb1-63-4p-c16-6ka-chint\/#primaryimage","url":"https:\/\/btmtelectric.com\/wp-content\/uploads\/2025\/08\/disj-modulaire-c16.jpg","contentUrl":"https:\/\/btmtelectric.com\/wp-content\/uploads\/2025\/08\/disj-modulaire-c16.jpg","width":700,"height":700},{"@type":"BreadcrumbList","@id":"https:\/\/btmtelectric.com\/index.php\/product\/disjoncteur-nb1-63-4p-c16-6ka-chint\/#breadcrumb","itemListElement":[{"@type":"ListItem","position":1,"name":"Accueil","item":"https:\/\/btmtelectric.com\/"},{"@type":"ListItem","position":2,"name":"Boutique","item":"https:\/\/btmtelectric.com\/index.php\/boutique\/"},{"@type":"ListItem","position":3,"name":"DISJONCTEUR NB1-63 4P C16 6KA CHINT"}]},{"@type":"WebSite","@id":"https:\/\/btmtelectric.com\/#website","url":"https:\/\/btmtelectric.com\/","name":"BTMT ELECTRIC \u2013 Solutions \u00c9lectriques Fiables et Innovantes","description":"","publisher":{"@id":"https:\/\/btmtelectric.com\/#organization"},"potentialAction":[{"@type":"SearchAction","target":{"@type":"EntryPoint","urlTemplate":"https:\/\/btmtelectric.com\/?s={search_term_string}"},"query-input":{"@type":"PropertyValueSpecification","valueRequired":true,"valueName":"search_term_string"}}],"inLanguage":"fr-FR"},{"@type":"Organization","@id":"https:\/\/btmtelectric.com\/#organization","name":"BTMT ELECTRIC \u2013 Solutions \u00c9lectriques Fiables et Innovantes","url":"https:\/\/btmtelectric.com\/","logo":{"@type":"ImageObject","inLanguage":"fr-FR","@id":"https:\/\/btmtelectric.com\/#\/schema\/logo\/image\/","url":"https:\/\/btmtelectric.com\/wp-content\/uploads\/2025\/07\/WhatsApp_Image_2025-07-09_at_11.45.18_AM-removebg-preview-1.png","contentUrl":"https:\/\/btmtelectric.com\/wp-content\/uploads\/2025\/07\/WhatsApp_Image_2025-07-09_at_11.45.18_AM-removebg-preview-1.png","width":175,"height":42,"caption":"BTMT ELECTRIC \u2013 Solutions \u00c9lectriques Fiables et Innovantes"},"image":{"@id":"https:\/\/btmtelectric.com\/#\/schema\/logo\/image\/"},"sameAs":["https:\/\/www.facebook.com\/profile.php?id=61578000361796","https:\/\/www.instagram.com\/btmtelectric\/"]}]}},"_links":{"self":[{"href":"https:\/\/btmtelectric.com\/index.php\/wp-json\/wp\/v2\/product\/8760","targetHints":{"allow":["GET"]}}],"collection":[{"href":"https:\/\/btmtelectric.com\/index.php\/wp-json\/wp\/v2\/product"}],"about":[{"href":"https:\/\/btmtelectric.com\/index.php\/wp-json\/wp\/v2\/types\/product"}],"replies":[{"embeddable":true,"href":"https:\/\/btmtelectric.com\/index.php\/wp-json\/wp\/v2\/comments?post=8760"}],"wp:featuredmedia":[{"embeddable":true,"href":"https:\/\/btmtelectric.com\/index.php\/wp-json\/wp\/v2\/media\/8827"}],"wp:attachment":[{"href":"https:\/\/btmtelectric.com\/index.php\/wp-json\/wp\/v2\/media?parent=8760"}],"wp:term":[{"taxonomy":"product_brand","embeddable":true,"href":"https:\/\/btmtelectric.com\/index.php\/wp-json\/wp\/v2\/product_brand?post=8760"},{"taxonomy":"product_cat","embeddable":true,"href":"https:\/\/btmtelectric.com\/index.php\/wp-json\/wp\/v2\/product_cat?post=8760"},{"taxonomy":"product_tag","embeddable":true,"href":"https:\/\/btmtelectric.com\/index.php\/wp-json\/wp\/v2\/product_tag?post=8760"}],"curies":[{"name":"wp","href":"https:\/\/api.w.org\/{rel}","templated":true}]}}